{"id":17916,"date":"2026-03-01T13:06:29","date_gmt":"2026-03-01T11:06:29","guid":{"rendered":"https:\/\/idakorea.ee\/?post_type=product&#038;p=17916"},"modified":"2026-03-07T12:31:24","modified_gmt":"2026-03-07T10:31:24","slug":"carenel-apricot-lip-night-mask-5-g","status":"publish","type":"product","link":"https:\/\/idakorea.ee\/en\/product\/carenel-apricot-lip-night-mask-5-g\/","title":{"rendered":"Care:Nel Apricot Lip Night Mask, 5 g"},"content":{"rendered":"<p><strong>Care:Nel Apricot Lip Night Mask \u2013<\/strong> An intensely hydrating lip mask that restores, nourishes and softens dry and chapped lips while you sleep. The mask contains apricot kernel oil, which is rich in vitamin C, helping to improve the elasticity of the lips and protect them from environmental aggressors. The product gently removes dead skin cells, smoothes the texture of the lips and creates a protective barrier that locks in moisture throughout the night. In the morning, lips are noticeably softer, smoother and fuller-looking. In addition, the mask contains nourishing oils such as macadamia and olive oil and various plant extracts that help strengthen the natural protective barrier of the lips and improve their overall condition.<\/p>\n<p data-start=\"960\" data-end=\"979\"><strong>Main benefits<\/strong><\/p>\n<ul data-start=\"981\" data-end=\"1195\">\n<li data-start=\"981\" data-end=\"1025\">\n<p data-start=\"983\" data-end=\"1025\">intensive hydration and restoration overnight<\/p>\n<\/li>\n<li data-start=\"1026\" data-end=\"1062\">\n<p data-start=\"1028\" data-end=\"1062\">gently removes dead skin cells<\/p>\n<\/li>\n<li data-start=\"1063\" data-end=\"1100\">\n<p data-start=\"1065\" data-end=\"1100\">makes lips soft and smooth<\/p>\n<\/li>\n<li data-start=\"1101\" data-end=\"1130\">\n<p data-start=\"1103\" data-end=\"1130\">improves lip elasticity<\/p>\n<\/li>\n<li data-start=\"1131\" data-end=\"1161\">\n<p data-start=\"1133\" data-end=\"1161\">protects lips from dryness<\/p>\n<\/li>\n<li data-start=\"1162\" data-end=\"1195\">\n<p data-start=\"1164\" data-end=\"1195\">suitable for all skin types<\/p>\n<\/li>\n<\/ul>\n<p>Suitable for all skin types.<\/p>\n<p><strong>Usage: <\/strong>Apply the required amount of product to lips.<\/p>","protected":false},"excerpt":{"rendered":"<p>Care:Nel Apricot Lip Night Mask \u2013 an intensely hydrating lip mask that restores, nourishes and softens dry and chapped lips while you sleep. The mask contains apricot kernel oil, which is rich in vitamin C, helping to improve the elasticity of the lips and protect them from environmental aggressors. The product gently removes dead skin cells, smoothes the texture of the lips and creates a protective barrier that locks in moisture all night. In the morning\u2026<\/p>","protected":false},"featured_media":17917,"comment_status":"open","ping_status":"closed","template":"","meta":{"_uf_show_specific_survey":0,"_uf_disable_surveys":false,"_bst_post_transparent":"default","_bst_post_title":"","_bst_post_layout":"default","_bst_post_sidebar_id":"","_bst_post_content_style":"default","_bst_post_vertical_padding":"default","_bst_post_feature":"","_bst_post_feature_position":"","_bst_post_header":false,"_bst_post_footer":false},"pwb-brand":[675],"product_brand":[],"product_cat":[368,92,99],"product_tag":[867],"class_list":{"0":"post-17916","1":"product","2":"type-product","3":"status-publish","4":"has-post-thumbnail","6":"pwb-brand-carenel","7":"product_cat-huulepalsamid-ja-hooldus","8":"product_cat-nagu","9":"product_cat-silmad-ja-huuled-2","10":"product_tag-huulemask","12":"first","13":"instock","14":"sale","15":"shipping-taxable","16":"purchasable","17":"product-type-simple","18":"entry","19":"content-bg","20":"loop-entry"},"supplier_id":null,"supplier_sku":"","barcode":null,"atum_controlled":true,"out_stock_date":null,"out_stock_threshold":null,"inheritable":false,"inbound_stock":null,"stock_on_hold":0,"sold_today":0,"sales_last_days":0,"out_stock_days":0,"lost_sales":0,"has_location":false,"update_date":"2026-04-15T00:05:15","atum_locations":[],"atum_stock_status":"instock","restock_status":false,"low_stock_amount":"","sales_update_date":"2026-04-15T00:05:15","calc_backorders":null,"yoast_head":"<!-- This site is optimized with the Yoast SEO plugin v27.2 - https:\/\/yoast.com\/product\/yoast-seo-wordpress\/ -->\n<title>Care:Nel Apricot Lip Night Mask, 5 g - IDA.KOREA<\/title>\n<meta name=\"description\" content=\"Care:Nel Apricot Lip Night Mask intensiivselt toidab ja niisutab \u00f5rna nahka une ajal. Seda toodet saab kasutada nii p\u00e4eval, kui ka \u00f6\u00f6sel maskina.\" \/>\n<meta name=\"robots\" content=\"index, follow, max-snippet:-1, max-image-preview:large, max-video-preview:-1\" \/>\n<link rel=\"canonical\" href=\"https:\/\/idakorea.ee\/en\/product\/carenel-apricot-lip-night-mask-5-g\/\" \/>\n<meta property=\"og:locale\" content=\"en_US\" \/>\n<meta property=\"og:type\" content=\"article\" \/>\n<meta property=\"og:title\" content=\"Care:Nel Apricot Lip Night Mask, 5 g - IDA.KOREA\" \/>\n<meta property=\"og:description\" content=\"Care:Nel Apricot Lip Night Mask intensiivselt toidab ja niisutab \u00f5rna nahka une ajal. Seda toodet saab kasutada nii p\u00e4eval, kui ka \u00f6\u00f6sel maskina.\" \/>\n<meta property=\"og:url\" content=\"https:\/\/idakorea.ee\/en\/product\/carenel-apricot-lip-night-mask-5-g\/\" \/>\n<meta property=\"og:site_name\" content=\"IDA.KOREA\" \/>\n<meta property=\"article:modified_time\" content=\"2026-03-07T10:31:24+00:00\" \/>\n<meta property=\"og:image\" content=\"https:\/\/idakorea.ee\/wp-content\/uploads\/2026\/03\/carenel-lip-night-mask-apricot_idakorea.webp\" \/>\n\t<meta property=\"og:image:width\" content=\"588\" \/>\n\t<meta property=\"og:image:height\" content=\"588\" \/>\n\t<meta property=\"og:image:type\" content=\"image\/webp\" \/>\n<meta name=\"twitter:card\" content=\"summary_large_image\" \/>\n<meta name=\"twitter:label1\" content=\"Est. reading time\" \/>\n\t<meta name=\"twitter:data1\" content=\"1 minute\" \/>\n<script type=\"application\/ld+json\" class=\"yoast-schema-graph\">{\"@context\":\"https:\/\/schema.org\",\"@graph\":[{\"@type\":\"WebPage\",\"@id\":\"https:\/\/idakorea.ee\/product\/carenel-apricot-lip-night-mask-5-g\/\",\"url\":\"https:\/\/idakorea.ee\/product\/carenel-apricot-lip-night-mask-5-g\/\",\"name\":\"Care:Nel Apricot Lip Night Mask, 5 g - IDA.KOREA\",\"isPartOf\":{\"@id\":\"https:\/\/idakorea.ee\/#website\"},\"primaryImageOfPage\":{\"@id\":\"https:\/\/idakorea.ee\/product\/carenel-apricot-lip-night-mask-5-g\/#primaryimage\"},\"image\":{\"@id\":\"https:\/\/idakorea.ee\/product\/carenel-apricot-lip-night-mask-5-g\/#primaryimage\"},\"thumbnailUrl\":\"https:\/\/idakorea.ee\/wp-content\/uploads\/2026\/03\/carenel-lip-night-mask-apricot_idakorea.webp\",\"datePublished\":\"2026-03-01T11:06:29+00:00\",\"dateModified\":\"2026-03-07T10:31:24+00:00\",\"description\":\"Care:Nel Apricot Lip Night Mask intensiivselt toidab ja niisutab \u00f5rna nahka une ajal. Seda toodet saab kasutada nii p\u00e4eval, kui ka \u00f6\u00f6sel maskina.\",\"breadcrumb\":{\"@id\":\"https:\/\/idakorea.ee\/product\/carenel-apricot-lip-night-mask-5-g\/#breadcrumb\"},\"inLanguage\":\"en-US\",\"potentialAction\":[{\"@type\":\"ReadAction\",\"target\":[\"https:\/\/idakorea.ee\/product\/carenel-apricot-lip-night-mask-5-g\/\"]}]},{\"@type\":\"ImageObject\",\"inLanguage\":\"en-US\",\"@id\":\"https:\/\/idakorea.ee\/product\/carenel-apricot-lip-night-mask-5-g\/#primaryimage\",\"url\":\"https:\/\/idakorea.ee\/wp-content\/uploads\/2026\/03\/carenel-lip-night-mask-apricot_idakorea.webp\",\"contentUrl\":\"https:\/\/idakorea.ee\/wp-content\/uploads\/2026\/03\/carenel-lip-night-mask-apricot_idakorea.webp\",\"width\":588,\"height\":588},{\"@type\":\"BreadcrumbList\",\"@id\":\"https:\/\/idakorea.ee\/product\/carenel-apricot-lip-night-mask-5-g\/#breadcrumb\",\"itemListElement\":[{\"@type\":\"ListItem\",\"position\":1,\"name\":\"\u0413\u043b\u0430\u0432\u043d\u0430\u044f \u0441\u0442\u0440\u0430\u043d\u0438\u0446\u0430\",\"item\":\"https:\/\/idakorea.ee\/\"},{\"@type\":\"ListItem\",\"position\":2,\"name\":\"Shop\",\"item\":\"https:\/\/idakorea.ee\/shop-2\/\"},{\"@type\":\"ListItem\",\"position\":3,\"name\":\"Aprikoosiga huulemask Care:Nel Apricot Lip Night Mask, 5 g\"}]},{\"@type\":\"WebSite\",\"@id\":\"https:\/\/idakorea.ee\/#website\",\"url\":\"https:\/\/idakorea.ee\/\",\"name\":\"IDA.KOREA\",\"description\":\"Korea kosmeetika e-pood\",\"publisher\":{\"@id\":\"https:\/\/idakorea.ee\/#organization\"},\"alternateName\":\"Beauty Shop\",\"potentialAction\":[{\"@type\":\"SearchAction\",\"target\":{\"@type\":\"EntryPoint\",\"urlTemplate\":\"https:\/\/idakorea.ee\/?s={search_term_string}\"},\"query-input\":{\"@type\":\"PropertyValueSpecification\",\"valueRequired\":true,\"valueName\":\"search_term_string\"}}],\"inLanguage\":\"en-US\"},{\"@type\":\"Organization\",\"@id\":\"https:\/\/idakorea.ee\/#organization\",\"name\":\"IDA.KOREA\",\"url\":\"https:\/\/idakorea.ee\/\",\"logo\":{\"@type\":\"ImageObject\",\"inLanguage\":\"en-US\",\"@id\":\"https:\/\/idakorea.ee\/#\/schema\/logo\/image\/\",\"url\":\"https:\/\/idakorea.ee\/wp-content\/uploads\/2024\/05\/cropped-korea3.png\",\"contentUrl\":\"https:\/\/idakorea.ee\/wp-content\/uploads\/2024\/05\/cropped-korea3.png\",\"width\":688,\"height\":126,\"caption\":\"IDA.KOREA\"},\"image\":{\"@id\":\"https:\/\/idakorea.ee\/#\/schema\/logo\/image\/\"},\"sameAs\":[\"https:\/\/www.instagram.com\/ida.korea\/\"]}]}<\/script>\n<!-- \/ Yoast SEO plugin. -->","yoast_head_json":{"title":"Care:Nel Apricot Lip Night Mask, 5 g - IDA.KOREA","description":"Care:Nel Apricot Lip Night Mask intensely nourishes and moisturizes delicate skin while you sleep. This product can be used both day and night as a mask.","robots":{"index":"index","follow":"follow","max-snippet":"max-snippet:-1","max-image-preview":"max-image-preview:large","max-video-preview":"max-video-preview:-1"},"canonical":"https:\/\/idakorea.ee\/en\/product\/carenel-apricot-lip-night-mask-5-g\/","og_locale":"en_US","og_type":"article","og_title":"Care:Nel Apricot Lip Night Mask, 5 g - IDA.KOREA","og_description":"Care:Nel Apricot Lip Night Mask intensiivselt toidab ja niisutab \u00f5rna nahka une ajal. Seda toodet saab kasutada nii p\u00e4eval, kui ka \u00f6\u00f6sel maskina.","og_url":"https:\/\/idakorea.ee\/en\/product\/carenel-apricot-lip-night-mask-5-g\/","og_site_name":"IDA.KOREA","article_modified_time":"2026-03-07T10:31:24+00:00","og_image":[{"width":588,"height":588,"url":"https:\/\/idakorea.ee\/wp-content\/uploads\/2026\/03\/carenel-lip-night-mask-apricot_idakorea.webp","type":"image\/webp"}],"twitter_card":"summary_large_image","twitter_misc":{"Est. reading time":"1 minute"},"schema":{"@context":"https:\/\/schema.org","@graph":[{"@type":"WebPage","@id":"https:\/\/idakorea.ee\/product\/carenel-apricot-lip-night-mask-5-g\/","url":"https:\/\/idakorea.ee\/product\/carenel-apricot-lip-night-mask-5-g\/","name":"Care:Nel Apricot Lip Night Mask, 5 g - IDA.KOREA","isPartOf":{"@id":"https:\/\/idakorea.ee\/#website"},"primaryImageOfPage":{"@id":"https:\/\/idakorea.ee\/product\/carenel-apricot-lip-night-mask-5-g\/#primaryimage"},"image":{"@id":"https:\/\/idakorea.ee\/product\/carenel-apricot-lip-night-mask-5-g\/#primaryimage"},"thumbnailUrl":"https:\/\/idakorea.ee\/wp-content\/uploads\/2026\/03\/carenel-lip-night-mask-apricot_idakorea.webp","datePublished":"2026-03-01T11:06:29+00:00","dateModified":"2026-03-07T10:31:24+00:00","description":"Care:Nel Apricot Lip Night Mask intensely nourishes and moisturizes delicate skin while you sleep. This product can be used both day and night as a mask.","breadcrumb":{"@id":"https:\/\/idakorea.ee\/product\/carenel-apricot-lip-night-mask-5-g\/#breadcrumb"},"inLanguage":"en-US","potentialAction":[{"@type":"ReadAction","target":["https:\/\/idakorea.ee\/product\/carenel-apricot-lip-night-mask-5-g\/"]}]},{"@type":"ImageObject","inLanguage":"en-US","@id":"https:\/\/idakorea.ee\/product\/carenel-apricot-lip-night-mask-5-g\/#primaryimage","url":"https:\/\/idakorea.ee\/wp-content\/uploads\/2026\/03\/carenel-lip-night-mask-apricot_idakorea.webp","contentUrl":"https:\/\/idakorea.ee\/wp-content\/uploads\/2026\/03\/carenel-lip-night-mask-apricot_idakorea.webp","width":588,"height":588},{"@type":"BreadcrumbList","@id":"https:\/\/idakorea.ee\/product\/carenel-apricot-lip-night-mask-5-g\/#breadcrumb","itemListElement":[{"@type":"ListItem","position":1,"name":"\u0413\u043b\u0430\u0432\u043d\u0430\u044f \u0441\u0442\u0440\u0430\u043d\u0438\u0446\u0430","item":"https:\/\/idakorea.ee\/"},{"@type":"ListItem","position":2,"name":"Shop","item":"https:\/\/idakorea.ee\/shop-2\/"},{"@type":"ListItem","position":3,"name":"Aprikoosiga huulemask Care:Nel Apricot Lip Night Mask, 5 g"}]},{"@type":"WebSite","@id":"https:\/\/idakorea.ee\/#website","url":"https:\/\/idakorea.ee\/","name":"IDA.KOREA","description":"Korean cosmetics e-shop","publisher":{"@id":"https:\/\/idakorea.ee\/#organization"},"alternateName":"Beauty Shop","potentialAction":[{"@type":"SearchAction","target":{"@type":"EntryPoint","urlTemplate":"https:\/\/idakorea.ee\/?s={search_term_string}"},"query-input":{"@type":"PropertyValueSpecification","valueRequired":true,"valueName":"search_term_string"}}],"inLanguage":"en-US"},{"@type":"Organization","@id":"https:\/\/idakorea.ee\/#organization","name":"IDA.KOREA","url":"https:\/\/idakorea.ee\/","logo":{"@type":"ImageObject","inLanguage":"en-US","@id":"https:\/\/idakorea.ee\/#\/schema\/logo\/image\/","url":"https:\/\/idakorea.ee\/wp-content\/uploads\/2024\/05\/cropped-korea3.png","contentUrl":"https:\/\/idakorea.ee\/wp-content\/uploads\/2024\/05\/cropped-korea3.png","width":688,"height":126,"caption":"IDA.KOREA"},"image":{"@id":"https:\/\/idakorea.ee\/#\/schema\/logo\/image\/"},"sameAs":["https:\/\/www.instagram.com\/ida.korea\/"]}]}},"jetpack_sharing_enabled":true,"brands":[{"id":675,"name":"CARE:NEL","slug":"carenel"}],"_links":{"self":[{"href":"https:\/\/idakorea.ee\/en\/wp-json\/wp\/v2\/product\/17916","targetHints":{"allow":["GET"]}}],"collection":[{"href":"https:\/\/idakorea.ee\/en\/wp-json\/wp\/v2\/product"}],"about":[{"href":"https:\/\/idakorea.ee\/en\/wp-json\/wp\/v2\/types\/product"}],"replies":[{"embeddable":true,"href":"https:\/\/idakorea.ee\/en\/wp-json\/wp\/v2\/comments?post=17916"}],"version-history":[{"count":1,"href":"https:\/\/idakorea.ee\/en\/wp-json\/wp\/v2\/product\/17916\/revisions"}],"predecessor-version":[{"id":17920,"href":"https:\/\/idakorea.ee\/en\/wp-json\/wp\/v2\/product\/17916\/revisions\/17920"}],"wp:featuredmedia":[{"embeddable":true,"href":"https:\/\/idakorea.ee\/en\/wp-json\/wp\/v2\/media\/17917"}],"wp:attachment":[{"href":"https:\/\/idakorea.ee\/en\/wp-json\/wp\/v2\/media?parent=17916"}],"wp:term":[{"taxonomy":"pwb-brand","embeddable":true,"href":"https:\/\/idakorea.ee\/en\/wp-json\/wp\/v2\/pwb-brand?post=17916"},{"taxonomy":"product_brand","embeddable":true,"href":"https:\/\/idakorea.ee\/en\/wp-json\/wp\/v2\/product_brand?post=17916"},{"taxonomy":"product_cat","embeddable":true,"href":"https:\/\/idakorea.ee\/en\/wp-json\/wp\/v2\/product_cat?post=17916"},{"taxonomy":"product_tag","embeddable":true,"href":"https:\/\/idakorea.ee\/en\/wp-json\/wp\/v2\/product_tag?post=17916"}],"curies":[{"name":"wp","href":"https:\/\/api.w.org\/{rel}","templated":true}]}}