{"id":17941,"date":"2026-03-04T12:46:05","date_gmt":"2026-03-04T10:46:05","guid":{"rendered":"https:\/\/idakorea.ee\/?post_type=product&#038;p=17941"},"modified":"2026-04-01T11:16:21","modified_gmt":"2026-04-01T09:16:21","slug":"centellian24-madeca-mela-capture-ampoule-capsule-cream-55ml","status":"publish","type":"product","link":"https:\/\/idakorea.ee\/en\/product\/centellian24-madeca-mela-capture-ampoule-capsule-cream-55ml\/","title":{"rendered":"Centellian24 Madeca Mela Capture Ampoule Capsule Cream, 55ml"},"content":{"rendered":"<p data-start=\"228\" data-end=\"549\"><strong data-start=\"228\" data-end=\"286\">Centellian24 Madeca Mela Capture Ampoule Capsule Cream<\/strong> is an innovative face cream with capsule technology that helps to even out skin tone, reduce pigmentation spots and give the skin a radiant and healthy appearance. The cream combines concentrated active ingredients from an ampoule and a moisturizing gel cream to provide intensive care for the skin.<\/p>\n<p data-start=\"551\" data-end=\"772\">The capsules in the formula melt on the skin and release active ingredients that help improve skin texture, restore moisture levels, and make the skin more elastic and even.<\/p>\n<p data-start=\"774\" data-end=\"795\"><strong>Main features<\/strong><\/p>\n<ul data-start=\"796\" data-end=\"1037\">\n<li data-start=\"796\" data-end=\"851\">\n<p data-start=\"798\" data-end=\"851\">helps reduce dark spots and pigmentation<\/p>\n<\/li>\n<li data-start=\"852\" data-end=\"909\">\n<p data-start=\"854\" data-end=\"909\">deeply moisturizes and strengthens the skin&#039;s protective barrier<\/p>\n<\/li>\n<li data-start=\"910\" data-end=\"954\">\n<p data-start=\"912\" data-end=\"954\">improves skin elasticity and texture<\/p>\n<\/li>\n<li data-start=\"955\" data-end=\"1002\">\n<p data-start=\"957\" data-end=\"1002\">gives the skin a brighter and more even complexion<\/p>\n<\/li>\n<li data-start=\"1003\" data-end=\"1037\">\n<p data-start=\"1005\" data-end=\"1037\">also suitable for sensitive skin<\/p>\n<\/li>\n<\/ul>\n<p data-start=\"1039\" data-end=\"1063\"><strong>Main ingredients<\/strong><\/p>\n<ul data-start=\"1064\" data-end=\"1479\">\n<li data-start=\"1064\" data-end=\"1138\">\n<p data-start=\"1066\" data-end=\"1138\"><strong data-start=\"1066\" data-end=\"1083\">Niacinamide<\/strong> \u2013 helps to even out skin tone and brighten the skin<\/p>\n<\/li>\n<li data-start=\"1139\" data-end=\"1220\">\n<p data-start=\"1141\" data-end=\"1220\"><strong data-start=\"1141\" data-end=\"1186\">Centella Asiatica and Madecassoside (CICA)<\/strong> \u2013 soothe and restore the skin<\/p>\n<\/li>\n<li data-start=\"1221\" data-end=\"1282\">\n<p data-start=\"1223\" data-end=\"1282\"><strong data-start=\"1223\" data-end=\"1241\">Tranexamic acid<\/strong> \u2013 helps reduce hyperpigmentation<\/p>\n<\/li>\n<li data-start=\"1283\" data-end=\"1339\">\n<p data-start=\"1285\" data-end=\"1339\"><strong data-start=\"1285\" data-end=\"1311\">Peptides and collagen<\/strong> \u2013 support skin elasticity<\/p>\n<\/li>\n<li data-start=\"1340\" data-end=\"1479\">\n<p data-start=\"1342\" data-end=\"1479\"><strong data-start=\"1342\" data-end=\"1369\">10 types of hyaluronic acid<\/strong> \u2013 provide deep hydration and help maintain the skin&#039;s moisture balance<\/p>\n<\/li>\n<\/ul>\n<p data-start=\"1481\" data-end=\"1498\"><strong>Who is suitable for?<\/strong><\/p>\n<ul data-start=\"1499\" data-end=\"1642\">\n<li data-start=\"1499\" data-end=\"1531\">\n<p data-start=\"1501\" data-end=\"1531\">dull or uneven skin tone<\/p>\n<\/li>\n<li data-start=\"1532\" data-end=\"1572\">\n<p data-start=\"1534\" data-end=\"1572\">age spots and acne scars<\/p>\n<\/li>\n<li data-start=\"1573\" data-end=\"1604\">\n<p data-start=\"1575\" data-end=\"1604\">dry or dehydrated skin<\/p>\n<\/li>\n<li data-start=\"1605\" data-end=\"1642\">\n<p data-start=\"1607\" data-end=\"1642\">skin that needs radiance and hydration<\/p>\n<\/li>\n<\/ul>\n<p data-start=\"1644\" data-end=\"1658\"><strong>Use of<\/strong><\/p>\n<p data-start=\"1659\" data-end=\"1846\">Apply an appropriate amount of cream to the face and neck at the last step of your skincare routine. Massage gently until the capsules melt and the cream is fully absorbed. Suitable for use both morning and evening.<\/p>","protected":false},"excerpt":{"rendered":"<p>Centellian24 Madeca Mela Capture Ampoule Capsule Cream is an innovative face cream with capsule technology that helps to even out skin tone, reduce pigmentation spots and give the skin a radiant and healthy appearance. The cream combines concentrated active ingredients from an ampoule and a moisturizing gel cream to provide intensive care for the skin. The capsules contained in the formula melt on the skin and release active ingredients that help improve skin texture, restore moisture levels and change\u2026<\/p>","protected":false},"featured_media":17943,"comment_status":"open","ping_status":"closed","template":"","meta":{"_uf_show_specific_survey":0,"_uf_disable_surveys":false,"_bst_post_transparent":"default","_bst_post_title":"","_bst_post_layout":"default","_bst_post_sidebar_id":"","_bst_post_content_style":"default","_bst_post_vertical_padding":"default","_bst_post_feature":"","_bst_post_feature_position":"","_bst_post_header":false,"_bst_post_footer":false},"pwb-brand":[1033],"product_brand":[],"product_cat":[92,96],"product_tag":[1132,734,568,230],"class_list":{"0":"post-17941","1":"product","2":"type-product","3":"status-publish","4":"has-post-thumbnail","6":"pwb-brand-centellian24","7":"product_cat-nagu","8":"product_cat-naokreemid","9":"product_tag-capsule","10":"product_tag-cream","11":"product_tag-korea","12":"product_tag-pigment","14":"first","15":"instock","16":"shipping-taxable","17":"purchasable","18":"product-type-simple","19":"entry","20":"content-bg","21":"loop-entry"},"supplier_id":null,"supplier_sku":"","barcode":null,"atum_controlled":true,"out_stock_date":null,"out_stock_threshold":null,"inheritable":false,"inbound_stock":null,"stock_on_hold":0,"sold_today":0,"sales_last_days":1,"out_stock_days":0,"lost_sales":0,"has_location":false,"update_date":"2026-04-24T00:09:10","atum_locations":[],"atum_stock_status":"instock","restock_status":false,"low_stock_amount":"","sales_update_date":"2026-04-24T00:09:10","calc_backorders":null,"yoast_head":"<!-- This site is optimized with the Yoast SEO plugin v27.2 - https:\/\/yoast.com\/product\/yoast-seo-wordpress\/ -->\n<title>Centellian24 Madeca Mela Capture Ampoule Capsule Cream, 55ml - IDA.KOREA<\/title>\n<meta name=\"description\" content=\"Innovatiivne kapslitehnoloogiaga n\u00e4okreem, mis aitab \u00fchtlustada nahatooni, v\u00e4hendada pigmendilaike ja anda nahale s\u00e4rava ning terve v\u00e4limuse.\" \/>\n<meta name=\"robots\" content=\"index, follow, max-snippet:-1, max-image-preview:large, max-video-preview:-1\" \/>\n<link rel=\"canonical\" href=\"https:\/\/idakorea.ee\/en\/product\/centellian24-madeca-mela-capture-ampoule-capsule-cream-55ml\/\" \/>\n<meta property=\"og:locale\" content=\"en_US\" \/>\n<meta property=\"og:type\" content=\"article\" \/>\n<meta property=\"og:title\" content=\"Centellian24 Madeca Mela Capture Ampoule Capsule Cream, 55ml - IDA.KOREA\" \/>\n<meta property=\"og:description\" content=\"Innovatiivne kapslitehnoloogiaga n\u00e4okreem, mis aitab \u00fchtlustada nahatooni, v\u00e4hendada pigmendilaike ja anda nahale s\u00e4rava ning terve v\u00e4limuse.\" \/>\n<meta property=\"og:url\" content=\"https:\/\/idakorea.ee\/en\/product\/centellian24-madeca-mela-capture-ampoule-capsule-cream-55ml\/\" \/>\n<meta property=\"og:site_name\" content=\"IDA.KOREA\" \/>\n<meta property=\"article:modified_time\" content=\"2026-04-01T09:16:21+00:00\" \/>\n<meta property=\"og:image\" content=\"https:\/\/idakorea.ee\/wp-content\/uploads\/2026\/03\/Centellian24MadecaMelaCaptureAmpouleCapsuleCream55ml-1-idakorea.webp\" \/>\n\t<meta property=\"og:image:width\" content=\"1200\" \/>\n\t<meta property=\"og:image:height\" content=\"1200\" \/>\n\t<meta property=\"og:image:type\" content=\"image\/webp\" \/>\n<meta name=\"twitter:card\" content=\"summary_large_image\" \/>\n<meta name=\"twitter:label1\" content=\"Est. reading time\" \/>\n\t<meta name=\"twitter:data1\" content=\"2 minutes\" \/>\n<script type=\"application\/ld+json\" class=\"yoast-schema-graph\">{\"@context\":\"https:\/\/schema.org\",\"@graph\":[{\"@type\":\"WebPage\",\"@id\":\"https:\/\/idakorea.ee\/product\/centellian24-madeca-mela-capture-ampoule-capsule-cream-55ml\/\",\"url\":\"https:\/\/idakorea.ee\/product\/centellian24-madeca-mela-capture-ampoule-capsule-cream-55ml\/\",\"name\":\"Centellian24 Madeca Mela Capture Ampoule Capsule Cream, 55ml - IDA.KOREA\",\"isPartOf\":{\"@id\":\"https:\/\/idakorea.ee\/#website\"},\"primaryImageOfPage\":{\"@id\":\"https:\/\/idakorea.ee\/product\/centellian24-madeca-mela-capture-ampoule-capsule-cream-55ml\/#primaryimage\"},\"image\":{\"@id\":\"https:\/\/idakorea.ee\/product\/centellian24-madeca-mela-capture-ampoule-capsule-cream-55ml\/#primaryimage\"},\"thumbnailUrl\":\"https:\/\/idakorea.ee\/wp-content\/uploads\/2026\/03\/Centellian24MadecaMelaCaptureAmpouleCapsuleCream55ml-1-idakorea.webp\",\"datePublished\":\"2026-03-04T10:46:05+00:00\",\"dateModified\":\"2026-04-01T09:16:21+00:00\",\"description\":\"Innovatiivne kapslitehnoloogiaga n\u00e4okreem, mis aitab \u00fchtlustada nahatooni, v\u00e4hendada pigmendilaike ja anda nahale s\u00e4rava ning terve v\u00e4limuse.\",\"breadcrumb\":{\"@id\":\"https:\/\/idakorea.ee\/product\/centellian24-madeca-mela-capture-ampoule-capsule-cream-55ml\/#breadcrumb\"},\"inLanguage\":\"en-US\",\"potentialAction\":[{\"@type\":\"ReadAction\",\"target\":[\"https:\/\/idakorea.ee\/product\/centellian24-madeca-mela-capture-ampoule-capsule-cream-55ml\/\"]}]},{\"@type\":\"ImageObject\",\"inLanguage\":\"en-US\",\"@id\":\"https:\/\/idakorea.ee\/product\/centellian24-madeca-mela-capture-ampoule-capsule-cream-55ml\/#primaryimage\",\"url\":\"https:\/\/idakorea.ee\/wp-content\/uploads\/2026\/03\/Centellian24MadecaMelaCaptureAmpouleCapsuleCream55ml-1-idakorea.webp\",\"contentUrl\":\"https:\/\/idakorea.ee\/wp-content\/uploads\/2026\/03\/Centellian24MadecaMelaCaptureAmpouleCapsuleCream55ml-1-idakorea.webp\",\"width\":1200,\"height\":1200},{\"@type\":\"BreadcrumbList\",\"@id\":\"https:\/\/idakorea.ee\/product\/centellian24-madeca-mela-capture-ampoule-capsule-cream-55ml\/#breadcrumb\",\"itemListElement\":[{\"@type\":\"ListItem\",\"position\":1,\"name\":\"\u0413\u043b\u0430\u0432\u043d\u0430\u044f \u0441\u0442\u0440\u0430\u043d\u0438\u0446\u0430\",\"item\":\"https:\/\/idakorea.ee\/\"},{\"@type\":\"ListItem\",\"position\":2,\"name\":\"Shop\",\"item\":\"https:\/\/idakorea.ee\/shop-2\/\"},{\"@type\":\"ListItem\",\"position\":3,\"name\":\"Kapslitehnoloogiaga n\u00e4okreem Centellian24 Madeca Mela Capture Ampoule Capsule Cream, 55ml\"}]},{\"@type\":\"WebSite\",\"@id\":\"https:\/\/idakorea.ee\/#website\",\"url\":\"https:\/\/idakorea.ee\/\",\"name\":\"IDA.KOREA\",\"description\":\"Korea kosmeetika e-pood\",\"publisher\":{\"@id\":\"https:\/\/idakorea.ee\/#organization\"},\"alternateName\":\"Beauty Shop\",\"potentialAction\":[{\"@type\":\"SearchAction\",\"target\":{\"@type\":\"EntryPoint\",\"urlTemplate\":\"https:\/\/idakorea.ee\/?s={search_term_string}\"},\"query-input\":{\"@type\":\"PropertyValueSpecification\",\"valueRequired\":true,\"valueName\":\"search_term_string\"}}],\"inLanguage\":\"en-US\"},{\"@type\":\"Organization\",\"@id\":\"https:\/\/idakorea.ee\/#organization\",\"name\":\"IDA.KOREA\",\"url\":\"https:\/\/idakorea.ee\/\",\"logo\":{\"@type\":\"ImageObject\",\"inLanguage\":\"en-US\",\"@id\":\"https:\/\/idakorea.ee\/#\/schema\/logo\/image\/\",\"url\":\"https:\/\/idakorea.ee\/wp-content\/uploads\/2024\/05\/cropped-korea3.png\",\"contentUrl\":\"https:\/\/idakorea.ee\/wp-content\/uploads\/2024\/05\/cropped-korea3.png\",\"width\":688,\"height\":126,\"caption\":\"IDA.KOREA\"},\"image\":{\"@id\":\"https:\/\/idakorea.ee\/#\/schema\/logo\/image\/\"},\"sameAs\":[\"https:\/\/www.instagram.com\/ida.korea\/\"]}]}<\/script>\n<!-- \/ Yoast SEO plugin. -->","yoast_head_json":{"title":"Centellian24 Madeca Mela Capture Ampoule Capsule Cream, 55ml - IDA.KOREA","description":"Innovatiivne kapslitehnoloogiaga n\u00e4okreem, mis aitab \u00fchtlustada nahatooni, v\u00e4hendada pigmendilaike ja anda nahale s\u00e4rava ning terve v\u00e4limuse.","robots":{"index":"index","follow":"follow","max-snippet":"max-snippet:-1","max-image-preview":"max-image-preview:large","max-video-preview":"max-video-preview:-1"},"canonical":"https:\/\/idakorea.ee\/en\/product\/centellian24-madeca-mela-capture-ampoule-capsule-cream-55ml\/","og_locale":"en_US","og_type":"article","og_title":"Centellian24 Madeca Mela Capture Ampoule Capsule Cream, 55ml - IDA.KOREA","og_description":"Innovatiivne kapslitehnoloogiaga n\u00e4okreem, mis aitab \u00fchtlustada nahatooni, v\u00e4hendada pigmendilaike ja anda nahale s\u00e4rava ning terve v\u00e4limuse.","og_url":"https:\/\/idakorea.ee\/en\/product\/centellian24-madeca-mela-capture-ampoule-capsule-cream-55ml\/","og_site_name":"IDA.KOREA","article_modified_time":"2026-04-01T09:16:21+00:00","og_image":[{"width":1200,"height":1200,"url":"https:\/\/idakorea.ee\/wp-content\/uploads\/2026\/03\/Centellian24MadecaMelaCaptureAmpouleCapsuleCream55ml-1-idakorea.webp","type":"image\/webp"}],"twitter_card":"summary_large_image","twitter_misc":{"Est. reading time":"2 minutes"},"schema":{"@context":"https:\/\/schema.org","@graph":[{"@type":"WebPage","@id":"https:\/\/idakorea.ee\/product\/centellian24-madeca-mela-capture-ampoule-capsule-cream-55ml\/","url":"https:\/\/idakorea.ee\/product\/centellian24-madeca-mela-capture-ampoule-capsule-cream-55ml\/","name":"Centellian24 Madeca Mela Capture Ampoule Capsule Cream, 55ml - IDA.KOREA","isPartOf":{"@id":"https:\/\/idakorea.ee\/#website"},"primaryImageOfPage":{"@id":"https:\/\/idakorea.ee\/product\/centellian24-madeca-mela-capture-ampoule-capsule-cream-55ml\/#primaryimage"},"image":{"@id":"https:\/\/idakorea.ee\/product\/centellian24-madeca-mela-capture-ampoule-capsule-cream-55ml\/#primaryimage"},"thumbnailUrl":"https:\/\/idakorea.ee\/wp-content\/uploads\/2026\/03\/Centellian24MadecaMelaCaptureAmpouleCapsuleCream55ml-1-idakorea.webp","datePublished":"2026-03-04T10:46:05+00:00","dateModified":"2026-04-01T09:16:21+00:00","description":"Innovatiivne kapslitehnoloogiaga n\u00e4okreem, mis aitab \u00fchtlustada nahatooni, v\u00e4hendada pigmendilaike ja anda nahale s\u00e4rava ning terve v\u00e4limuse.","breadcrumb":{"@id":"https:\/\/idakorea.ee\/product\/centellian24-madeca-mela-capture-ampoule-capsule-cream-55ml\/#breadcrumb"},"inLanguage":"en-US","potentialAction":[{"@type":"ReadAction","target":["https:\/\/idakorea.ee\/product\/centellian24-madeca-mela-capture-ampoule-capsule-cream-55ml\/"]}]},{"@type":"ImageObject","inLanguage":"en-US","@id":"https:\/\/idakorea.ee\/product\/centellian24-madeca-mela-capture-ampoule-capsule-cream-55ml\/#primaryimage","url":"https:\/\/idakorea.ee\/wp-content\/uploads\/2026\/03\/Centellian24MadecaMelaCaptureAmpouleCapsuleCream55ml-1-idakorea.webp","contentUrl":"https:\/\/idakorea.ee\/wp-content\/uploads\/2026\/03\/Centellian24MadecaMelaCaptureAmpouleCapsuleCream55ml-1-idakorea.webp","width":1200,"height":1200},{"@type":"BreadcrumbList","@id":"https:\/\/idakorea.ee\/product\/centellian24-madeca-mela-capture-ampoule-capsule-cream-55ml\/#breadcrumb","itemListElement":[{"@type":"ListItem","position":1,"name":"\u0413\u043b\u0430\u0432\u043d\u0430\u044f \u0441\u0442\u0440\u0430\u043d\u0438\u0446\u0430","item":"https:\/\/idakorea.ee\/"},{"@type":"ListItem","position":2,"name":"Shop","item":"https:\/\/idakorea.ee\/shop-2\/"},{"@type":"ListItem","position":3,"name":"Kapslitehnoloogiaga n\u00e4okreem Centellian24 Madeca Mela Capture Ampoule Capsule Cream, 55ml"}]},{"@type":"WebSite","@id":"https:\/\/idakorea.ee\/#website","url":"https:\/\/idakorea.ee\/","name":"IDA.KOREA","description":"Korean cosmetics e-shop","publisher":{"@id":"https:\/\/idakorea.ee\/#organization"},"alternateName":"Beauty Shop","potentialAction":[{"@type":"SearchAction","target":{"@type":"EntryPoint","urlTemplate":"https:\/\/idakorea.ee\/?s={search_term_string}"},"query-input":{"@type":"PropertyValueSpecification","valueRequired":true,"valueName":"search_term_string"}}],"inLanguage":"en-US"},{"@type":"Organization","@id":"https:\/\/idakorea.ee\/#organization","name":"IDA.KOREA","url":"https:\/\/idakorea.ee\/","logo":{"@type":"ImageObject","inLanguage":"en-US","@id":"https:\/\/idakorea.ee\/#\/schema\/logo\/image\/","url":"https:\/\/idakorea.ee\/wp-content\/uploads\/2024\/05\/cropped-korea3.png","contentUrl":"https:\/\/idakorea.ee\/wp-content\/uploads\/2024\/05\/cropped-korea3.png","width":688,"height":126,"caption":"IDA.KOREA"},"image":{"@id":"https:\/\/idakorea.ee\/#\/schema\/logo\/image\/"},"sameAs":["https:\/\/www.instagram.com\/ida.korea\/"]}]}},"jetpack_sharing_enabled":true,"brands":[{"id":1033,"name":"CENTELLIAN24","slug":"centellian24"}],"_links":{"self":[{"href":"https:\/\/idakorea.ee\/en\/wp-json\/wp\/v2\/product\/17941","targetHints":{"allow":["GET"]}}],"collection":[{"href":"https:\/\/idakorea.ee\/en\/wp-json\/wp\/v2\/product"}],"about":[{"href":"https:\/\/idakorea.ee\/en\/wp-json\/wp\/v2\/types\/product"}],"replies":[{"embeddable":true,"href":"https:\/\/idakorea.ee\/en\/wp-json\/wp\/v2\/comments?post=17941"}],"version-history":[{"count":1,"href":"https:\/\/idakorea.ee\/en\/wp-json\/wp\/v2\/product\/17941\/revisions"}],"predecessor-version":[{"id":17945,"href":"https:\/\/idakorea.ee\/en\/wp-json\/wp\/v2\/product\/17941\/revisions\/17945"}],"wp:featuredmedia":[{"embeddable":true,"href":"https:\/\/idakorea.ee\/en\/wp-json\/wp\/v2\/media\/17943"}],"wp:attachment":[{"href":"https:\/\/idakorea.ee\/en\/wp-json\/wp\/v2\/media?parent=17941"}],"wp:term":[{"taxonomy":"pwb-brand","embeddable":true,"href":"https:\/\/idakorea.ee\/en\/wp-json\/wp\/v2\/pwb-brand?post=17941"},{"taxonomy":"product_brand","embeddable":true,"href":"https:\/\/idakorea.ee\/en\/wp-json\/wp\/v2\/product_brand?post=17941"},{"taxonomy":"product_cat","embeddable":true,"href":"https:\/\/idakorea.ee\/en\/wp-json\/wp\/v2\/product_cat?post=17941"},{"taxonomy":"product_tag","embeddable":true,"href":"https:\/\/idakorea.ee\/en\/wp-json\/wp\/v2\/product_tag?post=17941"}],"curies":[{"name":"wp","href":"https:\/\/api.w.org\/{rel}","templated":true}]}}