{"id":17958,"date":"2026-03-05T10:58:51","date_gmt":"2026-03-05T08:58:51","guid":{"rendered":"https:\/\/idakorea.ee\/?post_type=product&#038;p=17958"},"modified":"2026-03-11T13:33:40","modified_gmt":"2026-03-11T11:33:40","slug":"dalba-professional-repairing-hair-perfume-serum-100ml","status":"publish","type":"product","link":"https:\/\/idakorea.ee\/en\/product\/dalba-professional-repairing-hair-perfume-serum-100ml\/","title":{"rendered":"D&#039;Alba Professional Repairing Hair Perfume Serum, 100ml"},"content":{"rendered":"<p data-start=\"0\" data-end=\"321\"><strong data-start=\"0\" data-end=\"52\">D&#039;Alba Professional Repairing Hair Perfume Serum<\/strong> is a restorative hair serum designed to deeply condition and protect hair. This versatile product combines intensive hair care with a delicate perfumed aroma, making it ideal for those who want their hair to look well-groomed, healthy and shiny.<\/p>\n<p data-start=\"323\" data-end=\"721\">The formula is based on valuable ingredients that nourish the hair from the inside, including a complex of white truffle and plant extracts. White truffle is known for its restorative and moisturizing properties, helping to make hair soft, smooth and shiny. The serum penetrates deep into the hair fiber, strengthens the hair, improves its elasticity and helps reduce breakage and split ends.<\/p>\n<p data-start=\"723\" data-end=\"1003\">The product also acts as a heat protectant, helping to protect hair from heat damage from blow dryers, straighteners, or curling irons. The light and non-greasy texture absorbs quickly, does not leave hair heavy or sticky, and is suitable for use on both damp and dry hair.<\/p>\n<p data-start=\"1005\" data-end=\"1199\"><strong data-start=\"1005\" data-end=\"1057\">D&#039;Alba Professional Repairing Hair Perfume Serum<\/strong> is not only a care product, but also a perfume for the hair. Its elegant and pleasant scent lasts in the hair all day, leaving a fresh and clean feeling.<\/p>\n<p data-start=\"1201\" data-end=\"1406\" data-is-last-node=\"\" data-is-only-node=\"\"><strong data-start=\"1201\" data-end=\"1219\">User manual:<\/strong><br data-start=\"1219\" data-end=\"1222\" \/>\u00a0Distribute evenly through clean, damp or dry hair, paying special attention to ends. Do not rinse. Style as desired.<\/p>","protected":false},"excerpt":{"rendered":"<p>D&#039;Alba Professional Repairing Hair Perfume Serum is a restorative hair serum designed to deeply condition and protect hair. This versatile product combines intensive hair care with a delicate perfume aroma, making it ideal for those who want their hair to look well-groomed, healthy and shiny. The formula is based on valuable ingredients that nourish the hair from the inside, including white truffle and plant extracts\u2026<\/p>","protected":false},"featured_media":17961,"comment_status":"open","ping_status":"closed","template":"","meta":{"_uf_show_specific_survey":0,"_uf_disable_surveys":false,"_bst_post_transparent":"default","_bst_post_title":"","_bst_post_layout":"default","_bst_post_sidebar_id":"","_bst_post_content_style":"default","_bst_post_vertical_padding":"default","_bst_post_feature":"","_bst_post_feature_position":"","_bst_post_header":false,"_bst_post_footer":false},"pwb-brand":[105],"product_brand":[],"product_cat":[923],"product_tag":[127,1133,1124,568,928],"class_list":{"0":"post-17958","1":"product","2":"type-product","3":"status-publish","4":"has-post-thumbnail","6":"pwb-brand-dalba","7":"product_cat-juuksed","8":"product_tag-dalba","9":"product_tag-hair","10":"product_tag-juuksed","11":"product_tag-korea","12":"product_tag-mist","14":"first","15":"instock","16":"sale","17":"shipping-taxable","18":"purchasable","19":"product-type-simple","20":"entry","21":"content-bg","22":"loop-entry"},"supplier_id":null,"supplier_sku":"","barcode":null,"atum_controlled":true,"out_stock_date":null,"out_stock_threshold":null,"inheritable":false,"inbound_stock":null,"stock_on_hold":0,"sold_today":0,"sales_last_days":0,"out_stock_days":0,"lost_sales":0,"has_location":false,"update_date":"2026-04-14T00:05:09","atum_locations":[],"atum_stock_status":"instock","restock_status":false,"low_stock_amount":"","sales_update_date":"2026-04-14T00:05:09","calc_backorders":null,"yoast_head":"<!-- This site is optimized with the Yoast SEO plugin v27.2 - https:\/\/yoast.com\/product\/yoast-seo-wordpress\/ -->\n<title>D&#039;Alba Professional Repairing Hair Perfume Serum, 100ml - IDA.KOREA<\/title>\n<meta name=\"description\" content=\"Taastav juukseseerum, mis on loodud juuste s\u00fcgavaks hoolduseks ja kaitseks, toode \u00fchendab intensiivse juuksehoolduse ning \u00f5rna parf\u00fc\u00fcmse aroomi.\" \/>\n<meta name=\"robots\" content=\"index, follow, max-snippet:-1, max-image-preview:large, max-video-preview:-1\" \/>\n<link rel=\"canonical\" href=\"https:\/\/idakorea.ee\/en\/product\/dalba-professional-repairing-hair-perfume-serum-100ml\/\" \/>\n<meta property=\"og:locale\" content=\"en_US\" \/>\n<meta property=\"og:type\" content=\"article\" \/>\n<meta property=\"og:title\" content=\"D&#039;Alba Professional Repairing Hair Perfume Serum, 100ml - IDA.KOREA\" \/>\n<meta property=\"og:description\" content=\"Taastav juukseseerum, mis on loodud juuste s\u00fcgavaks hoolduseks ja kaitseks, toode \u00fchendab intensiivse juuksehoolduse ning \u00f5rna parf\u00fc\u00fcmse aroomi.\" \/>\n<meta property=\"og:url\" content=\"https:\/\/idakorea.ee\/en\/product\/dalba-professional-repairing-hair-perfume-serum-100ml\/\" \/>\n<meta property=\"og:site_name\" content=\"IDA.KOREA\" \/>\n<meta property=\"article:modified_time\" content=\"2026-03-11T11:33:40+00:00\" \/>\n<meta property=\"og:image\" content=\"https:\/\/idakorea.ee\/wp-content\/uploads\/2026\/03\/dalba-hair-serum-idakorea.webp\" \/>\n\t<meta property=\"og:image:width\" content=\"800\" \/>\n\t<meta property=\"og:image:height\" content=\"800\" \/>\n\t<meta property=\"og:image:type\" content=\"image\/webp\" \/>\n<meta name=\"twitter:card\" content=\"summary_large_image\" \/>\n<meta name=\"twitter:label1\" content=\"Est. reading time\" \/>\n\t<meta name=\"twitter:data1\" content=\"2 minutes\" \/>\n<script type=\"application\/ld+json\" class=\"yoast-schema-graph\">{\"@context\":\"https:\/\/schema.org\",\"@graph\":[{\"@type\":\"WebPage\",\"@id\":\"https:\/\/idakorea.ee\/product\/dalba-professional-repairing-hair-perfume-serum-100ml\/\",\"url\":\"https:\/\/idakorea.ee\/product\/dalba-professional-repairing-hair-perfume-serum-100ml\/\",\"name\":\"D'Alba Professional Repairing Hair Perfume Serum, 100ml - IDA.KOREA\",\"isPartOf\":{\"@id\":\"https:\/\/idakorea.ee\/#website\"},\"primaryImageOfPage\":{\"@id\":\"https:\/\/idakorea.ee\/product\/dalba-professional-repairing-hair-perfume-serum-100ml\/#primaryimage\"},\"image\":{\"@id\":\"https:\/\/idakorea.ee\/product\/dalba-professional-repairing-hair-perfume-serum-100ml\/#primaryimage\"},\"thumbnailUrl\":\"https:\/\/idakorea.ee\/wp-content\/uploads\/2026\/03\/dalba-hair-serum-idakorea.webp\",\"datePublished\":\"2026-03-05T08:58:51+00:00\",\"dateModified\":\"2026-03-11T11:33:40+00:00\",\"description\":\"Taastav juukseseerum, mis on loodud juuste s\u00fcgavaks hoolduseks ja kaitseks, toode \u00fchendab intensiivse juuksehoolduse ning \u00f5rna parf\u00fc\u00fcmse aroomi.\",\"breadcrumb\":{\"@id\":\"https:\/\/idakorea.ee\/product\/dalba-professional-repairing-hair-perfume-serum-100ml\/#breadcrumb\"},\"inLanguage\":\"en-US\",\"potentialAction\":[{\"@type\":\"ReadAction\",\"target\":[\"https:\/\/idakorea.ee\/product\/dalba-professional-repairing-hair-perfume-serum-100ml\/\"]}]},{\"@type\":\"ImageObject\",\"inLanguage\":\"en-US\",\"@id\":\"https:\/\/idakorea.ee\/product\/dalba-professional-repairing-hair-perfume-serum-100ml\/#primaryimage\",\"url\":\"https:\/\/idakorea.ee\/wp-content\/uploads\/2026\/03\/dalba-hair-serum-idakorea.webp\",\"contentUrl\":\"https:\/\/idakorea.ee\/wp-content\/uploads\/2026\/03\/dalba-hair-serum-idakorea.webp\",\"width\":800,\"height\":800},{\"@type\":\"BreadcrumbList\",\"@id\":\"https:\/\/idakorea.ee\/product\/dalba-professional-repairing-hair-perfume-serum-100ml\/#breadcrumb\",\"itemListElement\":[{\"@type\":\"ListItem\",\"position\":1,\"name\":\"\u0413\u043b\u0430\u0432\u043d\u0430\u044f \u0441\u0442\u0440\u0430\u043d\u0438\u0446\u0430\",\"item\":\"https:\/\/idakorea.ee\/\"},{\"@type\":\"ListItem\",\"position\":2,\"name\":\"Shop\",\"item\":\"https:\/\/idakorea.ee\/shop-2\/\"},{\"@type\":\"ListItem\",\"position\":3,\"name\":\"Taastav juukseseerum D&#8217;Alba Professional Repairing Hair Perfume Serum, 100ml\"}]},{\"@type\":\"WebSite\",\"@id\":\"https:\/\/idakorea.ee\/#website\",\"url\":\"https:\/\/idakorea.ee\/\",\"name\":\"IDA.KOREA\",\"description\":\"Korea kosmeetika e-pood\",\"publisher\":{\"@id\":\"https:\/\/idakorea.ee\/#organization\"},\"alternateName\":\"Beauty Shop\",\"potentialAction\":[{\"@type\":\"SearchAction\",\"target\":{\"@type\":\"EntryPoint\",\"urlTemplate\":\"https:\/\/idakorea.ee\/?s={search_term_string}\"},\"query-input\":{\"@type\":\"PropertyValueSpecification\",\"valueRequired\":true,\"valueName\":\"search_term_string\"}}],\"inLanguage\":\"en-US\"},{\"@type\":\"Organization\",\"@id\":\"https:\/\/idakorea.ee\/#organization\",\"name\":\"IDA.KOREA\",\"url\":\"https:\/\/idakorea.ee\/\",\"logo\":{\"@type\":\"ImageObject\",\"inLanguage\":\"en-US\",\"@id\":\"https:\/\/idakorea.ee\/#\/schema\/logo\/image\/\",\"url\":\"https:\/\/idakorea.ee\/wp-content\/uploads\/2024\/05\/cropped-korea3.png\",\"contentUrl\":\"https:\/\/idakorea.ee\/wp-content\/uploads\/2024\/05\/cropped-korea3.png\",\"width\":688,\"height\":126,\"caption\":\"IDA.KOREA\"},\"image\":{\"@id\":\"https:\/\/idakorea.ee\/#\/schema\/logo\/image\/\"},\"sameAs\":[\"https:\/\/www.instagram.com\/ida.korea\/\"]}]}<\/script>\n<!-- \/ Yoast SEO plugin. -->","yoast_head_json":{"title":"D'Alba Professional Repairing Hair Perfume Serum, 100ml - IDA.KOREA","description":"Taastav juukseseerum, mis on loodud juuste s\u00fcgavaks hoolduseks ja kaitseks, toode \u00fchendab intensiivse juuksehoolduse ning \u00f5rna parf\u00fc\u00fcmse aroomi.","robots":{"index":"index","follow":"follow","max-snippet":"max-snippet:-1","max-image-preview":"max-image-preview:large","max-video-preview":"max-video-preview:-1"},"canonical":"https:\/\/idakorea.ee\/en\/product\/dalba-professional-repairing-hair-perfume-serum-100ml\/","og_locale":"en_US","og_type":"article","og_title":"D'Alba Professional Repairing Hair Perfume Serum, 100ml - IDA.KOREA","og_description":"Taastav juukseseerum, mis on loodud juuste s\u00fcgavaks hoolduseks ja kaitseks, toode \u00fchendab intensiivse juuksehoolduse ning \u00f5rna parf\u00fc\u00fcmse aroomi.","og_url":"https:\/\/idakorea.ee\/en\/product\/dalba-professional-repairing-hair-perfume-serum-100ml\/","og_site_name":"IDA.KOREA","article_modified_time":"2026-03-11T11:33:40+00:00","og_image":[{"width":800,"height":800,"url":"https:\/\/idakorea.ee\/wp-content\/uploads\/2026\/03\/dalba-hair-serum-idakorea.webp","type":"image\/webp"}],"twitter_card":"summary_large_image","twitter_misc":{"Est. reading time":"2 minutes"},"schema":{"@context":"https:\/\/schema.org","@graph":[{"@type":"WebPage","@id":"https:\/\/idakorea.ee\/product\/dalba-professional-repairing-hair-perfume-serum-100ml\/","url":"https:\/\/idakorea.ee\/product\/dalba-professional-repairing-hair-perfume-serum-100ml\/","name":"D'Alba Professional Repairing Hair Perfume Serum, 100ml - IDA.KOREA","isPartOf":{"@id":"https:\/\/idakorea.ee\/#website"},"primaryImageOfPage":{"@id":"https:\/\/idakorea.ee\/product\/dalba-professional-repairing-hair-perfume-serum-100ml\/#primaryimage"},"image":{"@id":"https:\/\/idakorea.ee\/product\/dalba-professional-repairing-hair-perfume-serum-100ml\/#primaryimage"},"thumbnailUrl":"https:\/\/idakorea.ee\/wp-content\/uploads\/2026\/03\/dalba-hair-serum-idakorea.webp","datePublished":"2026-03-05T08:58:51+00:00","dateModified":"2026-03-11T11:33:40+00:00","description":"Taastav juukseseerum, mis on loodud juuste s\u00fcgavaks hoolduseks ja kaitseks, toode \u00fchendab intensiivse juuksehoolduse ning \u00f5rna parf\u00fc\u00fcmse aroomi.","breadcrumb":{"@id":"https:\/\/idakorea.ee\/product\/dalba-professional-repairing-hair-perfume-serum-100ml\/#breadcrumb"},"inLanguage":"en-US","potentialAction":[{"@type":"ReadAction","target":["https:\/\/idakorea.ee\/product\/dalba-professional-repairing-hair-perfume-serum-100ml\/"]}]},{"@type":"ImageObject","inLanguage":"en-US","@id":"https:\/\/idakorea.ee\/product\/dalba-professional-repairing-hair-perfume-serum-100ml\/#primaryimage","url":"https:\/\/idakorea.ee\/wp-content\/uploads\/2026\/03\/dalba-hair-serum-idakorea.webp","contentUrl":"https:\/\/idakorea.ee\/wp-content\/uploads\/2026\/03\/dalba-hair-serum-idakorea.webp","width":800,"height":800},{"@type":"BreadcrumbList","@id":"https:\/\/idakorea.ee\/product\/dalba-professional-repairing-hair-perfume-serum-100ml\/#breadcrumb","itemListElement":[{"@type":"ListItem","position":1,"name":"\u0413\u043b\u0430\u0432\u043d\u0430\u044f \u0441\u0442\u0440\u0430\u043d\u0438\u0446\u0430","item":"https:\/\/idakorea.ee\/"},{"@type":"ListItem","position":2,"name":"Shop","item":"https:\/\/idakorea.ee\/shop-2\/"},{"@type":"ListItem","position":3,"name":"Taastav juukseseerum D&#8217;Alba Professional Repairing Hair Perfume Serum, 100ml"}]},{"@type":"WebSite","@id":"https:\/\/idakorea.ee\/#website","url":"https:\/\/idakorea.ee\/","name":"IDA.KOREA","description":"Korean cosmetics e-shop","publisher":{"@id":"https:\/\/idakorea.ee\/#organization"},"alternateName":"Beauty Shop","potentialAction":[{"@type":"SearchAction","target":{"@type":"EntryPoint","urlTemplate":"https:\/\/idakorea.ee\/?s={search_term_string}"},"query-input":{"@type":"PropertyValueSpecification","valueRequired":true,"valueName":"search_term_string"}}],"inLanguage":"en-US"},{"@type":"Organization","@id":"https:\/\/idakorea.ee\/#organization","name":"IDA.KOREA","url":"https:\/\/idakorea.ee\/","logo":{"@type":"ImageObject","inLanguage":"en-US","@id":"https:\/\/idakorea.ee\/#\/schema\/logo\/image\/","url":"https:\/\/idakorea.ee\/wp-content\/uploads\/2024\/05\/cropped-korea3.png","contentUrl":"https:\/\/idakorea.ee\/wp-content\/uploads\/2024\/05\/cropped-korea3.png","width":688,"height":126,"caption":"IDA.KOREA"},"image":{"@id":"https:\/\/idakorea.ee\/#\/schema\/logo\/image\/"},"sameAs":["https:\/\/www.instagram.com\/ida.korea\/"]}]}},"jetpack_sharing_enabled":true,"brands":[{"id":105,"name":"d'ALBA","slug":"dalba"}],"_links":{"self":[{"href":"https:\/\/idakorea.ee\/en\/wp-json\/wp\/v2\/product\/17958","targetHints":{"allow":["GET"]}}],"collection":[{"href":"https:\/\/idakorea.ee\/en\/wp-json\/wp\/v2\/product"}],"about":[{"href":"https:\/\/idakorea.ee\/en\/wp-json\/wp\/v2\/types\/product"}],"replies":[{"embeddable":true,"href":"https:\/\/idakorea.ee\/en\/wp-json\/wp\/v2\/comments?post=17958"}],"version-history":[{"count":2,"href":"https:\/\/idakorea.ee\/en\/wp-json\/wp\/v2\/product\/17958\/revisions"}],"predecessor-version":[{"id":17964,"href":"https:\/\/idakorea.ee\/en\/wp-json\/wp\/v2\/product\/17958\/revisions\/17964"}],"wp:featuredmedia":[{"embeddable":true,"href":"https:\/\/idakorea.ee\/en\/wp-json\/wp\/v2\/media\/17961"}],"wp:attachment":[{"href":"https:\/\/idakorea.ee\/en\/wp-json\/wp\/v2\/media?parent=17958"}],"wp:term":[{"taxonomy":"pwb-brand","embeddable":true,"href":"https:\/\/idakorea.ee\/en\/wp-json\/wp\/v2\/pwb-brand?post=17958"},{"taxonomy":"product_brand","embeddable":true,"href":"https:\/\/idakorea.ee\/en\/wp-json\/wp\/v2\/product_brand?post=17958"},{"taxonomy":"product_cat","embeddable":true,"href":"https:\/\/idakorea.ee\/en\/wp-json\/wp\/v2\/product_cat?post=17958"},{"taxonomy":"product_tag","embeddable":true,"href":"https:\/\/idakorea.ee\/en\/wp-json\/wp\/v2\/product_tag?post=17958"}],"curies":[{"name":"wp","href":"https:\/\/api.w.org\/{rel}","templated":true}]}}