{"id":1803,"date":"2024-06-03T08:44:28","date_gmt":"2024-06-03T08:44:28","guid":{"rendered":"https:\/\/idakorea.ee\/?post_type=product&#038;p=1803"},"modified":"2026-04-13T20:27:22","modified_gmt":"2026-04-13T18:27:22","slug":"naomask-biodance-bio-collagen-real-deep-mask-34-g","status":"publish","type":"product","link":"https:\/\/idakorea.ee\/en\/product\/naomask-biodance-bio-collagen-real-deep-mask-34-g\/","title":{"rendered":"Face Mask Biodance Bio-Collagen Real Deep Mask, 34 g"},"content":{"rendered":"<p><strong>Biodance Bio-Collagen Real Deep Mask<\/strong>\u00a0 the hydrogel mask contains concentrated collagen essence, which is absorbed within 3-4 hours, transforming the skin: it intensely moisturizes, nourishes and softens, tightens enlarged pores, evens skin texture and gives a healthy glow. Smoothes wrinkles, eliminates dullness, improves its collagen and hyaluronic acid production, strengthens the natural protective barrier. Prevents dryness, flaking and irritation, increases skin density and elasticity.<\/p>\n<p>Ideal for make-up preparation: softens rough and weather-beaten areas, smoothes and softens the skin's surface. Reduces the width and depth of pores, making them less visible.<\/p>\n<p>The mask can be used at night: thanks to its unique design, it leaves no traces on the pad, does not spread and adheres tightly to the skin. It does not contain parabens or phenoxyethanol and is non-irritating.<\/p>\n<p><strong>Main active ingredients:<\/strong><\/p>\n<ul>\n<li>Collagen strengthens the skin's barrier function, helps maintain skin elasticity and prevents the appearance of age-related changes.<\/li>\n<li>Galactomisis has an antioxidant effect and helps to even skin tone, strengthen the skin's immune defences, reduce inflammation, prevent rashes and post-acne.<\/li>\n<li>The Lactobacillus enzyme actively nourishes the skin, helps to even skin tone, maintains smoothness and prevents dryness, as well as supporting a healthy skin microbiome by preventing the development of a pathogenic bacterial environment.<\/li>\n<li>Niacinamide helps to even skin tone, has a gentle astringent effect and prevents hyperpigmentation, has a soothing and anti-inflammatory effect, prevents skin rashes and redness.<\/li>\n<li>Irish moss extract has a deep moisturising effect, prevents moisture loss and helps maintain the skin's barrier function.<\/li>\n<li>Hyaluronic acid deeply moisturizes the skin, retaining moisture, prevents dryness and dehydration and helps keep skin smooth and supple.<\/li>\n<li>Rose extract deeply moisturizes, has a strong anti-ageing effect, helps restore skin elasticity and smoothes the contours.<\/li>\n<\/ul>\n<p><strong>Usage:\u00a0<\/strong>Apply your basic treatment, then take the mask out of the packaging and apply the hydrogel base all over the face, securing it tightly. Leave on for 3-4 hours or overnight.<\/p>","protected":false},"excerpt":{"rendered":"<p>Biodance Bio-Collagen Real Deep Mask hydrogel mask contains concentrated collagen essence that absorbs within 3-4 hours, transforming the skin: it intensely moisturizes, nourishes and softens, tightens enlarged pores, evens skin texture and gives a healthy glow. Smoothes wrinkles, eliminates dullness, improves its collagen and hyaluronic acid production, strengthens the natural protective barrier. Prevents dryness, scaling and irritation, increases skin density...<\/p>","protected":false},"featured_media":1819,"comment_status":"open","ping_status":"closed","template":"","meta":{"_uf_show_specific_survey":0,"_uf_disable_surveys":false,"_bst_post_transparent":"default","_bst_post_title":"","_bst_post_layout":"default","_bst_post_sidebar_id":"","_bst_post_content_style":"default","_bst_post_vertical_padding":"default","_bst_post_feature":"","_bst_post_feature_position":"","_bst_post_header":false,"_bst_post_footer":false},"pwb-brand":[113],"product_brand":[],"product_cat":[92,98],"product_tag":[445,614],"class_list":{"0":"post-1803","1":"product","2":"type-product","3":"status-publish","4":"has-post-thumbnail","6":"pwb-brand-biodance","7":"product_cat-nagu","8":"product_cat-naomaskid","9":"product_tag-biodance","10":"product_tag-mask","12":"first","13":"instock","14":"sale","15":"shipping-taxable","16":"purchasable","17":"product-type-simple","18":"entry","19":"content-bg","20":"loop-entry"},"supplier_id":null,"supplier_sku":"","barcode":null,"atum_controlled":true,"out_stock_date":null,"out_stock_threshold":null,"inheritable":false,"inbound_stock":0,"stock_on_hold":0,"sold_today":0,"sales_last_days":4,"out_stock_days":0,"lost_sales":0,"has_location":false,"update_date":"2026-04-14T09:50:03","atum_locations":[],"atum_stock_status":"instock","restock_status":false,"low_stock_amount":"","sales_update_date":"2026-04-14T09:50:03","calc_backorders":null,"yoast_head":"<!-- This site is optimized with the Yoast SEO plugin v27.2 - https:\/\/yoast.com\/product\/yoast-seo-wordpress\/ -->\n<title>N\u00e4omask Biodance Bio-Collagen Real Deep Mask, 34 g - IDA.KOREA IDA.KOREA<\/title>\n<meta name=\"description\" content=\"Kollageeni ja ens\u00fc\u00fcmidega s\u00fcgavniisutav Biodance Bio-Collagen Real Deep Mask h\u00fcdrogeel-mask, mille eesm\u00e4rk on aktiivselt taastada nahka. Kiire tarne!\" \/>\n<meta name=\"robots\" content=\"index, follow, max-snippet:-1, max-image-preview:large, max-video-preview:-1\" \/>\n<link rel=\"canonical\" href=\"https:\/\/idakorea.ee\/en\/product\/naomask-biodance-bio-collagen-real-deep-mask-34-g\/\" \/>\n<meta property=\"og:locale\" content=\"en_US\" \/>\n<meta property=\"og:type\" content=\"article\" \/>\n<meta property=\"og:title\" content=\"N\u00e4omask Biodance Bio-Collagen Real Deep Mask, 34 g - IDA.KOREA IDA.KOREA\" \/>\n<meta property=\"og:description\" content=\"Kollageeni ja ens\u00fc\u00fcmidega s\u00fcgavniisutav Biodance Bio-Collagen Real Deep Mask h\u00fcdrogeel-mask, mille eesm\u00e4rk on aktiivselt taastada nahka. Kiire tarne!\" \/>\n<meta property=\"og:url\" content=\"https:\/\/idakorea.ee\/en\/product\/naomask-biodance-bio-collagen-real-deep-mask-34-g\/\" \/>\n<meta property=\"og:site_name\" content=\"IDA.KOREA\" \/>\n<meta property=\"article:modified_time\" content=\"2026-04-13T18:27:22+00:00\" \/>\n<meta property=\"og:image\" content=\"https:\/\/idakorea.ee\/wp-content\/uploads\/2024\/06\/Biodance-Bio_Collagen-Real-Deep-Mask-1.jpg\" \/>\n\t<meta property=\"og:image:width\" content=\"1000\" \/>\n\t<meta property=\"og:image:height\" content=\"1000\" \/>\n\t<meta property=\"og:image:type\" content=\"image\/jpeg\" \/>\n<meta name=\"twitter:card\" content=\"summary_large_image\" \/>\n<meta name=\"twitter:label1\" content=\"Est. reading time\" \/>\n\t<meta name=\"twitter:data1\" content=\"2 minutes\" \/>\n<script type=\"application\/ld+json\" class=\"yoast-schema-graph\">{\"@context\":\"https:\/\/schema.org\",\"@graph\":[{\"@type\":\"WebPage\",\"@id\":\"https:\/\/idakorea.ee\/product\/naomask-biodance-bio-collagen-real-deep-mask-34-g\/\",\"url\":\"https:\/\/idakorea.ee\/product\/naomask-biodance-bio-collagen-real-deep-mask-34-g\/\",\"name\":\"N\u00e4omask Biodance Bio-Collagen Real Deep Mask, 34 g - IDA.KOREA IDA.KOREA\",\"isPartOf\":{\"@id\":\"https:\/\/idakorea.ee\/#website\"},\"primaryImageOfPage\":{\"@id\":\"https:\/\/idakorea.ee\/product\/naomask-biodance-bio-collagen-real-deep-mask-34-g\/#primaryimage\"},\"image\":{\"@id\":\"https:\/\/idakorea.ee\/product\/naomask-biodance-bio-collagen-real-deep-mask-34-g\/#primaryimage\"},\"thumbnailUrl\":\"https:\/\/idakorea.ee\/wp-content\/uploads\/2024\/06\/Biodance-Bio_Collagen-Real-Deep-Mask-1.jpg\",\"datePublished\":\"2024-06-03T08:44:28+00:00\",\"dateModified\":\"2026-04-13T18:27:22+00:00\",\"description\":\"Kollageeni ja ens\u00fc\u00fcmidega s\u00fcgavniisutav Biodance Bio-Collagen Real Deep Mask h\u00fcdrogeel-mask, mille eesm\u00e4rk on aktiivselt taastada nahka. Kiire tarne!\",\"breadcrumb\":{\"@id\":\"https:\/\/idakorea.ee\/product\/naomask-biodance-bio-collagen-real-deep-mask-34-g\/#breadcrumb\"},\"inLanguage\":\"en-US\",\"potentialAction\":[{\"@type\":\"ReadAction\",\"target\":[\"https:\/\/idakorea.ee\/product\/naomask-biodance-bio-collagen-real-deep-mask-34-g\/\"]}]},{\"@type\":\"ImageObject\",\"inLanguage\":\"en-US\",\"@id\":\"https:\/\/idakorea.ee\/product\/naomask-biodance-bio-collagen-real-deep-mask-34-g\/#primaryimage\",\"url\":\"https:\/\/idakorea.ee\/wp-content\/uploads\/2024\/06\/Biodance-Bio_Collagen-Real-Deep-Mask-1.jpg\",\"contentUrl\":\"https:\/\/idakorea.ee\/wp-content\/uploads\/2024\/06\/Biodance-Bio_Collagen-Real-Deep-Mask-1.jpg\",\"width\":1000,\"height\":1000,\"caption\":\"Biodance mask collagen\"},{\"@type\":\"BreadcrumbList\",\"@id\":\"https:\/\/idakorea.ee\/product\/naomask-biodance-bio-collagen-real-deep-mask-34-g\/#breadcrumb\",\"itemListElement\":[{\"@type\":\"ListItem\",\"position\":1,\"name\":\"\u0413\u043b\u0430\u0432\u043d\u0430\u044f \u0441\u0442\u0440\u0430\u043d\u0438\u0446\u0430\",\"item\":\"https:\/\/idakorea.ee\/\"},{\"@type\":\"ListItem\",\"position\":2,\"name\":\"Shop\",\"item\":\"https:\/\/idakorea.ee\/shop-2\/\"},{\"@type\":\"ListItem\",\"position\":3,\"name\":\"N\u00e4omask Biodance Bio-Collagen Real Deep Mask, 34 g\"}]},{\"@type\":\"WebSite\",\"@id\":\"https:\/\/idakorea.ee\/#website\",\"url\":\"https:\/\/idakorea.ee\/\",\"name\":\"IDA.KOREA\",\"description\":\"Korea kosmeetika e-pood\",\"publisher\":{\"@id\":\"https:\/\/idakorea.ee\/#organization\"},\"alternateName\":\"Beauty Shop\",\"potentialAction\":[{\"@type\":\"SearchAction\",\"target\":{\"@type\":\"EntryPoint\",\"urlTemplate\":\"https:\/\/idakorea.ee\/?s={search_term_string}\"},\"query-input\":{\"@type\":\"PropertyValueSpecification\",\"valueRequired\":true,\"valueName\":\"search_term_string\"}}],\"inLanguage\":\"en-US\"},{\"@type\":\"Organization\",\"@id\":\"https:\/\/idakorea.ee\/#organization\",\"name\":\"IDA.KOREA\",\"url\":\"https:\/\/idakorea.ee\/\",\"logo\":{\"@type\":\"ImageObject\",\"inLanguage\":\"en-US\",\"@id\":\"https:\/\/idakorea.ee\/#\/schema\/logo\/image\/\",\"url\":\"https:\/\/idakorea.ee\/wp-content\/uploads\/2024\/05\/cropped-korea3.png\",\"contentUrl\":\"https:\/\/idakorea.ee\/wp-content\/uploads\/2024\/05\/cropped-korea3.png\",\"width\":688,\"height\":126,\"caption\":\"IDA.KOREA\"},\"image\":{\"@id\":\"https:\/\/idakorea.ee\/#\/schema\/logo\/image\/\"},\"sameAs\":[\"https:\/\/www.instagram.com\/ida.korea\/\"]}]}<\/script>\n<!-- \/ Yoast SEO plugin. -->","yoast_head_json":{"title":"Face Mask Biodance Bio-Collagen Real Deep Mask, 34 g - IDA.KOREA IDA.KOREA","description":"Deep nourishing with collagen and enzymes, Biodance Bio-Collagen Real Deep Mask is a hydro-gel mask designed to actively restore the skin. Fast delivery!","robots":{"index":"index","follow":"follow","max-snippet":"max-snippet:-1","max-image-preview":"max-image-preview:large","max-video-preview":"max-video-preview:-1"},"canonical":"https:\/\/idakorea.ee\/en\/product\/naomask-biodance-bio-collagen-real-deep-mask-34-g\/","og_locale":"en_US","og_type":"article","og_title":"N\u00e4omask Biodance Bio-Collagen Real Deep Mask, 34 g - IDA.KOREA IDA.KOREA","og_description":"Kollageeni ja ens\u00fc\u00fcmidega s\u00fcgavniisutav Biodance Bio-Collagen Real Deep Mask h\u00fcdrogeel-mask, mille eesm\u00e4rk on aktiivselt taastada nahka. Kiire tarne!","og_url":"https:\/\/idakorea.ee\/en\/product\/naomask-biodance-bio-collagen-real-deep-mask-34-g\/","og_site_name":"IDA.KOREA","article_modified_time":"2026-04-13T18:27:22+00:00","og_image":[{"width":1000,"height":1000,"url":"https:\/\/idakorea.ee\/wp-content\/uploads\/2024\/06\/Biodance-Bio_Collagen-Real-Deep-Mask-1.jpg","type":"image\/jpeg"}],"twitter_card":"summary_large_image","twitter_misc":{"Est. reading time":"2 minutes"},"schema":{"@context":"https:\/\/schema.org","@graph":[{"@type":"WebPage","@id":"https:\/\/idakorea.ee\/product\/naomask-biodance-bio-collagen-real-deep-mask-34-g\/","url":"https:\/\/idakorea.ee\/product\/naomask-biodance-bio-collagen-real-deep-mask-34-g\/","name":"Face Mask Biodance Bio-Collagen Real Deep Mask, 34 g - IDA.KOREA IDA.KOREA","isPartOf":{"@id":"https:\/\/idakorea.ee\/#website"},"primaryImageOfPage":{"@id":"https:\/\/idakorea.ee\/product\/naomask-biodance-bio-collagen-real-deep-mask-34-g\/#primaryimage"},"image":{"@id":"https:\/\/idakorea.ee\/product\/naomask-biodance-bio-collagen-real-deep-mask-34-g\/#primaryimage"},"thumbnailUrl":"https:\/\/idakorea.ee\/wp-content\/uploads\/2024\/06\/Biodance-Bio_Collagen-Real-Deep-Mask-1.jpg","datePublished":"2024-06-03T08:44:28+00:00","dateModified":"2026-04-13T18:27:22+00:00","description":"Deep nourishing with collagen and enzymes, Biodance Bio-Collagen Real Deep Mask is a hydro-gel mask designed to actively restore the skin. Fast delivery!","breadcrumb":{"@id":"https:\/\/idakorea.ee\/product\/naomask-biodance-bio-collagen-real-deep-mask-34-g\/#breadcrumb"},"inLanguage":"en-US","potentialAction":[{"@type":"ReadAction","target":["https:\/\/idakorea.ee\/product\/naomask-biodance-bio-collagen-real-deep-mask-34-g\/"]}]},{"@type":"ImageObject","inLanguage":"en-US","@id":"https:\/\/idakorea.ee\/product\/naomask-biodance-bio-collagen-real-deep-mask-34-g\/#primaryimage","url":"https:\/\/idakorea.ee\/wp-content\/uploads\/2024\/06\/Biodance-Bio_Collagen-Real-Deep-Mask-1.jpg","contentUrl":"https:\/\/idakorea.ee\/wp-content\/uploads\/2024\/06\/Biodance-Bio_Collagen-Real-Deep-Mask-1.jpg","width":1000,"height":1000,"caption":"Biodance mask collagen"},{"@type":"BreadcrumbList","@id":"https:\/\/idakorea.ee\/product\/naomask-biodance-bio-collagen-real-deep-mask-34-g\/#breadcrumb","itemListElement":[{"@type":"ListItem","position":1,"name":"\u0413\u043b\u0430\u0432\u043d\u0430\u044f \u0441\u0442\u0440\u0430\u043d\u0438\u0446\u0430","item":"https:\/\/idakorea.ee\/"},{"@type":"ListItem","position":2,"name":"Shop","item":"https:\/\/idakorea.ee\/shop-2\/"},{"@type":"ListItem","position":3,"name":"N\u00e4omask Biodance Bio-Collagen Real Deep Mask, 34 g"}]},{"@type":"WebSite","@id":"https:\/\/idakorea.ee\/#website","url":"https:\/\/idakorea.ee\/","name":"IDA.KOREA","description":"Korean cosmetics e-shop","publisher":{"@id":"https:\/\/idakorea.ee\/#organization"},"alternateName":"Beauty Shop","potentialAction":[{"@type":"SearchAction","target":{"@type":"EntryPoint","urlTemplate":"https:\/\/idakorea.ee\/?s={search_term_string}"},"query-input":{"@type":"PropertyValueSpecification","valueRequired":true,"valueName":"search_term_string"}}],"inLanguage":"en-US"},{"@type":"Organization","@id":"https:\/\/idakorea.ee\/#organization","name":"IDA.KOREA","url":"https:\/\/idakorea.ee\/","logo":{"@type":"ImageObject","inLanguage":"en-US","@id":"https:\/\/idakorea.ee\/#\/schema\/logo\/image\/","url":"https:\/\/idakorea.ee\/wp-content\/uploads\/2024\/05\/cropped-korea3.png","contentUrl":"https:\/\/idakorea.ee\/wp-content\/uploads\/2024\/05\/cropped-korea3.png","width":688,"height":126,"caption":"IDA.KOREA"},"image":{"@id":"https:\/\/idakorea.ee\/#\/schema\/logo\/image\/"},"sameAs":["https:\/\/www.instagram.com\/ida.korea\/"]}]}},"jetpack_sharing_enabled":true,"brands":[{"id":113,"name":"BIODANCE","slug":"biodance"}],"_links":{"self":[{"href":"https:\/\/idakorea.ee\/en\/wp-json\/wp\/v2\/product\/1803","targetHints":{"allow":["GET"]}}],"collection":[{"href":"https:\/\/idakorea.ee\/en\/wp-json\/wp\/v2\/product"}],"about":[{"href":"https:\/\/idakorea.ee\/en\/wp-json\/wp\/v2\/types\/product"}],"replies":[{"embeddable":true,"href":"https:\/\/idakorea.ee\/en\/wp-json\/wp\/v2\/comments?post=1803"}],"version-history":[{"count":2,"href":"https:\/\/idakorea.ee\/en\/wp-json\/wp\/v2\/product\/1803\/revisions"}],"predecessor-version":[{"id":10305,"href":"https:\/\/idakorea.ee\/en\/wp-json\/wp\/v2\/product\/1803\/revisions\/10305"}],"wp:featuredmedia":[{"embeddable":true,"href":"https:\/\/idakorea.ee\/en\/wp-json\/wp\/v2\/media\/1819"}],"wp:attachment":[{"href":"https:\/\/idakorea.ee\/en\/wp-json\/wp\/v2\/media?parent=1803"}],"wp:term":[{"taxonomy":"pwb-brand","embeddable":true,"href":"https:\/\/idakorea.ee\/en\/wp-json\/wp\/v2\/pwb-brand?post=1803"},{"taxonomy":"product_brand","embeddable":true,"href":"https:\/\/idakorea.ee\/en\/wp-json\/wp\/v2\/product_brand?post=1803"},{"taxonomy":"product_cat","embeddable":true,"href":"https:\/\/idakorea.ee\/en\/wp-json\/wp\/v2\/product_cat?post=1803"},{"taxonomy":"product_tag","embeddable":true,"href":"https:\/\/idakorea.ee\/en\/wp-json\/wp\/v2\/product_tag?post=1803"}],"curies":[{"name":"wp","href":"https:\/\/api.w.org\/{rel}","templated":true}]}}