{"id":18039,"date":"2026-03-11T15:59:16","date_gmt":"2026-03-11T13:59:16","guid":{"rendered":"https:\/\/idakorea.ee\/?post_type=product&#038;p=18039"},"modified":"2026-03-27T09:13:16","modified_gmt":"2026-03-27T07:13:16","slug":"medipeel-phyto-ex-pdrn-micro-shot-powder-cleanser-70g","status":"publish","type":"product","link":"https:\/\/idakorea.ee\/en\/product\/medipeel-phyto-ex-pdrn-micro-shot-powder-cleanser-70g\/","title":{"rendered":"Medipeel Phyto Ex PDRN Micro Shot Powder Cleanser, 70g"},"content":{"rendered":"<div class=\"flex flex-col text-sm pb-25\">\n<article class=\"text-token-text-primary w-full focus:outline-none [--shadow-height:45px] has-data-writing-block:pointer-events-none has-data-writing-block:-mt-(--shadow-height) has-data-writing-block:pt-(--shadow-height) [&amp;:has([data-writing-block])&gt;*]:pointer-events-auto scroll-mt-[calc(var(--header-height)+min(200px,max(70px,20svh)))]\" dir=\"auto\" tabindex=\"-1\" data-turn-id=\"request-69aef89b-1b90-838e-a630-92f4d1f3ce24-21\" data-testid=\"conversation-turn-26\" data-scroll-anchor=\"true\" data-turn=\"assistant\">\n<div class=\"text-base my-auto mx-auto pb-10 [--thread-content-margin:var(--thread-content-margin-xs,calc(var(--spacing)*4))] @w-sm\/main:[--thread-content-margin:var(--thread-content-margin-sm,calc(var(--spacing)*6))] @w-lg\/main:[--thread-content-margin:var(--thread-content-margin-lg,calc(var(--spacing)*16))] px-(--thread-content-margin)\">\n<div class=\"[--thread-content-max-width:40rem] @w-lg\/main:[--thread-content-max-width:48rem] mx-auto max-w-(--thread-content-max-width) flex-1 group\/turn-messages focus-visible:outline-hidden relative flex w-full min-w-0 flex-col agent-turn\" tabindex=\"-1\">\n<div class=\"flex max-w-full flex-col gap-4 grow\">\n<div class=\"min-h-8 text-message relative flex w-full flex-col items-end gap-2 text-start break-words whitespace-normal [.text-message+&amp;]:mt-1\" dir=\"auto\" data-message-author-role=\"assistant\" data-message-id=\"da8fa918-d2d0-4768-9915-4a6a0f17bbd7\" data-message-model-slug=\"gpt-5-3\">\n<div class=\"flex w-full flex-col gap-1 empty:hidden\">\n<div class=\"markdown prose dark:prose-invert w-full wrap-break-word light markdown-new-styling\">\n<p data-start=\"0\" data-end=\"156\">Ens\u00fc\u00fcmipulber-puhastusvahend<strong data-start=\"0\" data-end=\"82\"> MEDIPEEL Phyto Ex PDRN Micro Shot Powder Cleanser<\/strong> puhastab poore, silub naha reljeefi ning muudab naha pehmeks ja siledaks.<\/p>\n<p data-start=\"158\" data-end=\"343\">See aitab ennetada mustade komedoonide ja p\u00f5letike teket ning normaliseerib rasueritust. Toode omab ka t\u00e4iendavat vananemisvastast ja taastavat toimet, andes nahale tervisliku s\u00e4ra. Pulber moodustab veega segamisel veniva tekstuuri, mist\u00f5ttu sobib seda kasutada ka n\u00e4omaskina.<\/p>\n<p data-section-id=\"11q6ed5\" data-start=\"449\" data-end=\"472\"><strong>Peamised toimeained<\/strong><\/p>\n<ul>\n<li data-start=\"474\" data-end=\"764\"><strong data-start=\"474\" data-end=\"491\">PDRN Lotus-EV<\/strong> \u2013 pol\u00fcnukleotiid (Sodium DNA), mis on saadud lootoselehe ekstraktist ja \u00f5una t\u00fcvirakkudest. Stimuleerib uute kollageeni- ja elastiinikiudude s\u00fcnteesi ning aitab taastada nahakahjustusi, mis on tekkinud enneaegse vananemise, liigse p\u00e4ikesekiirguse ja keskkonnam\u00f5jude t\u00f5ttu.<\/li>\n<li data-start=\"766\" data-end=\"903\"><strong data-start=\"766\" data-end=\"810\">Taimsed ens\u00fc\u00fcmid (papaiin ja bromelaiin)<\/strong> l\u00f5hustavad rakkudevahelisi valgu\u00fchendusi, eemaldades surnud naharakud ja siludes naha pinda.<\/li>\n<li data-start=\"905\" data-end=\"1026\"><strong data-start=\"905\" data-end=\"931\">Mikron\u00f5elad (spikulid)<\/strong> tungivad s\u00fcgavamale nahka ja tekitavad mikrostimulatsiooni, mis aktiveerib sarvkihi uuenemise.<\/li>\n<li data-start=\"1028\" data-end=\"1081\"><strong data-start=\"1028\" data-end=\"1042\">5 peptiidi<\/strong> toetavad naha elastsust ja taastumist.<\/li>\n<li data-start=\"1083\" data-end=\"1182\"><strong data-start=\"1083\" data-end=\"1097\">Riisikliid<\/strong> \u00fchtlustavad nahatooni, v\u00e4hendavad punetust ning aitavad hoida naha puhta ja elastse.<\/li>\n<li data-start=\"1184\" data-end=\"1342\"><strong data-start=\"1184\" data-end=\"1205\">BHA ja PHA happed<\/strong> eemaldavad keratiniseerunud rakud, stimuleerivad epidermise uuenemist, siluvad mikroreljeefi ja aitavad heledamaks muuta postakne j\u00e4lgi.<\/li>\n<\/ul>\n<p data-start=\"1344\" data-end=\"1376\">Sobib k\u00f5igile nahat\u00fc\u00fcpidele.<\/p>\n<p data-section-id=\"16rwqds\" data-start=\"1378\" data-end=\"1392\"><strong>Kasutamine<\/strong><\/p>\n<p data-start=\"1393\" data-end=\"1506\">Sega peopesas v\u00e4ike kogus pulbrit veega, kuni tekib vaht. Kanna nahale masseerivate liigutustega ja loputa veega. V\u00f5ib kasutada ka mahaloputatava maskina: sega pulber veega vahekorras 1:1, kuni tekib veniv tekstuur. Kanna nahale, j\u00e4ta 3\u20135 minutiks ning loputa seej\u00e4rel veega.<\/p>\n<\/div>\n<\/div>\n<\/div>\n<\/div>\n<div class=\"z-0 flex min-h-[46px] justify-start\"><\/div>\n<div class=\"mt-3 w-full empty:hidden\">\n<div class=\"text-center\"><\/div>\n<\/div>\n<\/div>\n<\/div>\n<\/article>\n<\/div>\n<div class=\"pointer-events-none h-px w-px absolute bottom-0\" aria-hidden=\"true\" data-edge=\"true\"><\/div>\n","protected":false},"excerpt":{"rendered":"<p>The enzyme powder cleanser MEDIPEEL Phyto Ex PDRN Micro Shot Powder Cleanser cleanses pores, smoothes skin texture, and makes the skin soft and smooth. It helps prevent the formation of blackheads and inflammation, and normalizes sebum secretion. The product also has additional anti-aging and regenerating effects, giving the skin a healthy glow. The powder forms a stretchy texture when mixed with water, which is why it is also suitable for use as a face mask\u2026.<\/p>","protected":false},"featured_media":18040,"comment_status":"open","ping_status":"closed","template":"","meta":{"_uf_show_specific_survey":0,"_uf_disable_surveys":false,"_bst_post_transparent":"default","_bst_post_title":"","_bst_post_layout":"default","_bst_post_sidebar_id":"","_bst_post_content_style":"default","_bst_post_vertical_padding":"default","_bst_post_feature":"","_bst_post_feature_position":"","_bst_post_header":false,"_bst_post_footer":false},"pwb-brand":[107],"product_brand":[],"product_cat":[92,452,100],"product_tag":[1136,568,381,969],"class_list":{"0":"post-18039","1":"product","2":"type-product","3":"status-publish","4":"has-post-thumbnail","6":"pwb-brand-medipeel","7":"product_cat-nagu","8":"product_cat-naopuhastusgeelid","9":"product_cat-puhastusvahendid","10":"product_tag-enzyme-peptide","11":"product_tag-korea","12":"product_tag-medipeel","13":"product_tag-wash","15":"first","16":"instock","17":"sale","18":"shipping-taxable","19":"purchasable","20":"product-type-simple","21":"entry","22":"content-bg","23":"loop-entry"},"supplier_id":null,"supplier_sku":"","barcode":null,"atum_controlled":true,"out_stock_date":null,"out_stock_threshold":null,"inheritable":false,"inbound_stock":null,"stock_on_hold":0,"sold_today":0,"sales_last_days":1,"out_stock_days":0,"lost_sales":0,"has_location":false,"update_date":"2026-04-14T00:05:11","atum_locations":[],"atum_stock_status":"instock","restock_status":false,"low_stock_amount":"","sales_update_date":"2026-04-14T00:05:11","calc_backorders":null,"yoast_head":"<!-- This site is optimized with the Yoast SEO plugin v27.2 - https:\/\/yoast.com\/product\/yoast-seo-wordpress\/ -->\n<title>Medipeel Phyto Ex PDRN Micro Shot Powder Cleanser, 70g - IDA.KOREA<\/title>\n<meta name=\"description\" content=\"Ens\u00fc\u00fcmipulber-puhastusvahend MEDIPEEL Phyto Ex PDRN Micro Shot Powder Cleanser puhastab poore, silub naha reljeefi ning muudab naha pehmeks ja siledaks.\" \/>\n<meta name=\"robots\" content=\"index, follow, max-snippet:-1, max-image-preview:large, max-video-preview:-1\" \/>\n<link rel=\"canonical\" href=\"https:\/\/idakorea.ee\/en\/product\/medipeel-phyto-ex-pdrn-micro-shot-powder-cleanser-70g\/\" \/>\n<meta property=\"og:locale\" content=\"en_US\" \/>\n<meta property=\"og:type\" content=\"article\" \/>\n<meta property=\"og:title\" content=\"Medipeel Phyto Ex PDRN Micro Shot Powder Cleanser, 70g - IDA.KOREA\" \/>\n<meta property=\"og:description\" content=\"Ens\u00fc\u00fcmipulber-puhastusvahend MEDIPEEL Phyto Ex PDRN Micro Shot Powder Cleanser puhastab poore, silub naha reljeefi ning muudab naha pehmeks ja siledaks.\" \/>\n<meta property=\"og:url\" content=\"https:\/\/idakorea.ee\/en\/product\/medipeel-phyto-ex-pdrn-micro-shot-powder-cleanser-70g\/\" \/>\n<meta property=\"og:site_name\" content=\"IDA.KOREA\" \/>\n<meta property=\"article:modified_time\" content=\"2026-03-27T07:13:16+00:00\" \/>\n<meta property=\"og:image\" content=\"https:\/\/idakorea.ee\/wp-content\/uploads\/2026\/03\/medipeel-phyto-ex-pdrn-micro-shot-powder-cleanser-idakorea.webp\" \/>\n\t<meta property=\"og:image:width\" content=\"640\" \/>\n\t<meta property=\"og:image:height\" content=\"640\" \/>\n\t<meta property=\"og:image:type\" content=\"image\/webp\" \/>\n<meta name=\"twitter:card\" content=\"summary_large_image\" \/>\n<meta name=\"twitter:label1\" content=\"Est. reading time\" \/>\n\t<meta name=\"twitter:data1\" content=\"2 minutes\" \/>\n<script type=\"application\/ld+json\" class=\"yoast-schema-graph\">{\"@context\":\"https:\/\/schema.org\",\"@graph\":[{\"@type\":\"WebPage\",\"@id\":\"https:\/\/idakorea.ee\/product\/medipeel-phyto-ex-pdrn-micro-shot-powder-cleanser-70g\/\",\"url\":\"https:\/\/idakorea.ee\/product\/medipeel-phyto-ex-pdrn-micro-shot-powder-cleanser-70g\/\",\"name\":\"Medipeel Phyto Ex PDRN Micro Shot Powder Cleanser, 70g - IDA.KOREA\",\"isPartOf\":{\"@id\":\"https:\/\/idakorea.ee\/#website\"},\"primaryImageOfPage\":{\"@id\":\"https:\/\/idakorea.ee\/product\/medipeel-phyto-ex-pdrn-micro-shot-powder-cleanser-70g\/#primaryimage\"},\"image\":{\"@id\":\"https:\/\/idakorea.ee\/product\/medipeel-phyto-ex-pdrn-micro-shot-powder-cleanser-70g\/#primaryimage\"},\"thumbnailUrl\":\"https:\/\/idakorea.ee\/wp-content\/uploads\/2026\/03\/medipeel-phyto-ex-pdrn-micro-shot-powder-cleanser-idakorea.webp\",\"datePublished\":\"2026-03-11T13:59:16+00:00\",\"dateModified\":\"2026-03-27T07:13:16+00:00\",\"description\":\"Ens\u00fc\u00fcmipulber-puhastusvahend MEDIPEEL Phyto Ex PDRN Micro Shot Powder Cleanser puhastab poore, silub naha reljeefi ning muudab naha pehmeks ja siledaks.\",\"breadcrumb\":{\"@id\":\"https:\/\/idakorea.ee\/product\/medipeel-phyto-ex-pdrn-micro-shot-powder-cleanser-70g\/#breadcrumb\"},\"inLanguage\":\"en-US\",\"potentialAction\":[{\"@type\":\"ReadAction\",\"target\":[\"https:\/\/idakorea.ee\/product\/medipeel-phyto-ex-pdrn-micro-shot-powder-cleanser-70g\/\"]}]},{\"@type\":\"ImageObject\",\"inLanguage\":\"en-US\",\"@id\":\"https:\/\/idakorea.ee\/product\/medipeel-phyto-ex-pdrn-micro-shot-powder-cleanser-70g\/#primaryimage\",\"url\":\"https:\/\/idakorea.ee\/wp-content\/uploads\/2026\/03\/medipeel-phyto-ex-pdrn-micro-shot-powder-cleanser-idakorea.webp\",\"contentUrl\":\"https:\/\/idakorea.ee\/wp-content\/uploads\/2026\/03\/medipeel-phyto-ex-pdrn-micro-shot-powder-cleanser-idakorea.webp\",\"width\":640,\"height\":640},{\"@type\":\"BreadcrumbList\",\"@id\":\"https:\/\/idakorea.ee\/product\/medipeel-phyto-ex-pdrn-micro-shot-powder-cleanser-70g\/#breadcrumb\",\"itemListElement\":[{\"@type\":\"ListItem\",\"position\":1,\"name\":\"\u0413\u043b\u0430\u0432\u043d\u0430\u044f \u0441\u0442\u0440\u0430\u043d\u0438\u0446\u0430\",\"item\":\"https:\/\/idakorea.ee\/\"},{\"@type\":\"ListItem\",\"position\":2,\"name\":\"Shop\",\"item\":\"https:\/\/idakorea.ee\/shop-2\/\"},{\"@type\":\"ListItem\",\"position\":3,\"name\":\"Ens\u00fc\u00fcmipulber Medipeel Phyto Ex PDRN Micro Shot Powder Cleanser, 70g\"}]},{\"@type\":\"WebSite\",\"@id\":\"https:\/\/idakorea.ee\/#website\",\"url\":\"https:\/\/idakorea.ee\/\",\"name\":\"IDA.KOREA\",\"description\":\"Korea kosmeetika e-pood\",\"publisher\":{\"@id\":\"https:\/\/idakorea.ee\/#organization\"},\"alternateName\":\"Beauty Shop\",\"potentialAction\":[{\"@type\":\"SearchAction\",\"target\":{\"@type\":\"EntryPoint\",\"urlTemplate\":\"https:\/\/idakorea.ee\/?s={search_term_string}\"},\"query-input\":{\"@type\":\"PropertyValueSpecification\",\"valueRequired\":true,\"valueName\":\"search_term_string\"}}],\"inLanguage\":\"en-US\"},{\"@type\":\"Organization\",\"@id\":\"https:\/\/idakorea.ee\/#organization\",\"name\":\"IDA.KOREA\",\"url\":\"https:\/\/idakorea.ee\/\",\"logo\":{\"@type\":\"ImageObject\",\"inLanguage\":\"en-US\",\"@id\":\"https:\/\/idakorea.ee\/#\/schema\/logo\/image\/\",\"url\":\"https:\/\/idakorea.ee\/wp-content\/uploads\/2024\/05\/cropped-korea3.png\",\"contentUrl\":\"https:\/\/idakorea.ee\/wp-content\/uploads\/2024\/05\/cropped-korea3.png\",\"width\":688,\"height\":126,\"caption\":\"IDA.KOREA\"},\"image\":{\"@id\":\"https:\/\/idakorea.ee\/#\/schema\/logo\/image\/\"},\"sameAs\":[\"https:\/\/www.instagram.com\/ida.korea\/\"]}]}<\/script>\n<!-- \/ Yoast SEO plugin. -->","yoast_head_json":{"title":"Medipeel Phyto Ex PDRN Micro Shot Powder Cleanser, 70g - IDA.KOREA","description":"Ens\u00fc\u00fcmipulber-puhastusvahend MEDIPEEL Phyto Ex PDRN Micro Shot Powder Cleanser puhastab poore, silub naha reljeefi ning muudab naha pehmeks ja siledaks.","robots":{"index":"index","follow":"follow","max-snippet":"max-snippet:-1","max-image-preview":"max-image-preview:large","max-video-preview":"max-video-preview:-1"},"canonical":"https:\/\/idakorea.ee\/en\/product\/medipeel-phyto-ex-pdrn-micro-shot-powder-cleanser-70g\/","og_locale":"en_US","og_type":"article","og_title":"Medipeel Phyto Ex PDRN Micro Shot Powder Cleanser, 70g - IDA.KOREA","og_description":"Ens\u00fc\u00fcmipulber-puhastusvahend MEDIPEEL Phyto Ex PDRN Micro Shot Powder Cleanser puhastab poore, silub naha reljeefi ning muudab naha pehmeks ja siledaks.","og_url":"https:\/\/idakorea.ee\/en\/product\/medipeel-phyto-ex-pdrn-micro-shot-powder-cleanser-70g\/","og_site_name":"IDA.KOREA","article_modified_time":"2026-03-27T07:13:16+00:00","og_image":[{"width":640,"height":640,"url":"https:\/\/idakorea.ee\/wp-content\/uploads\/2026\/03\/medipeel-phyto-ex-pdrn-micro-shot-powder-cleanser-idakorea.webp","type":"image\/webp"}],"twitter_card":"summary_large_image","twitter_misc":{"Est. reading time":"2 minutes"},"schema":{"@context":"https:\/\/schema.org","@graph":[{"@type":"WebPage","@id":"https:\/\/idakorea.ee\/product\/medipeel-phyto-ex-pdrn-micro-shot-powder-cleanser-70g\/","url":"https:\/\/idakorea.ee\/product\/medipeel-phyto-ex-pdrn-micro-shot-powder-cleanser-70g\/","name":"Medipeel Phyto Ex PDRN Micro Shot Powder Cleanser, 70g - IDA.KOREA","isPartOf":{"@id":"https:\/\/idakorea.ee\/#website"},"primaryImageOfPage":{"@id":"https:\/\/idakorea.ee\/product\/medipeel-phyto-ex-pdrn-micro-shot-powder-cleanser-70g\/#primaryimage"},"image":{"@id":"https:\/\/idakorea.ee\/product\/medipeel-phyto-ex-pdrn-micro-shot-powder-cleanser-70g\/#primaryimage"},"thumbnailUrl":"https:\/\/idakorea.ee\/wp-content\/uploads\/2026\/03\/medipeel-phyto-ex-pdrn-micro-shot-powder-cleanser-idakorea.webp","datePublished":"2026-03-11T13:59:16+00:00","dateModified":"2026-03-27T07:13:16+00:00","description":"Ens\u00fc\u00fcmipulber-puhastusvahend MEDIPEEL Phyto Ex PDRN Micro Shot Powder Cleanser puhastab poore, silub naha reljeefi ning muudab naha pehmeks ja siledaks.","breadcrumb":{"@id":"https:\/\/idakorea.ee\/product\/medipeel-phyto-ex-pdrn-micro-shot-powder-cleanser-70g\/#breadcrumb"},"inLanguage":"en-US","potentialAction":[{"@type":"ReadAction","target":["https:\/\/idakorea.ee\/product\/medipeel-phyto-ex-pdrn-micro-shot-powder-cleanser-70g\/"]}]},{"@type":"ImageObject","inLanguage":"en-US","@id":"https:\/\/idakorea.ee\/product\/medipeel-phyto-ex-pdrn-micro-shot-powder-cleanser-70g\/#primaryimage","url":"https:\/\/idakorea.ee\/wp-content\/uploads\/2026\/03\/medipeel-phyto-ex-pdrn-micro-shot-powder-cleanser-idakorea.webp","contentUrl":"https:\/\/idakorea.ee\/wp-content\/uploads\/2026\/03\/medipeel-phyto-ex-pdrn-micro-shot-powder-cleanser-idakorea.webp","width":640,"height":640},{"@type":"BreadcrumbList","@id":"https:\/\/idakorea.ee\/product\/medipeel-phyto-ex-pdrn-micro-shot-powder-cleanser-70g\/#breadcrumb","itemListElement":[{"@type":"ListItem","position":1,"name":"\u0413\u043b\u0430\u0432\u043d\u0430\u044f \u0441\u0442\u0440\u0430\u043d\u0438\u0446\u0430","item":"https:\/\/idakorea.ee\/"},{"@type":"ListItem","position":2,"name":"Shop","item":"https:\/\/idakorea.ee\/shop-2\/"},{"@type":"ListItem","position":3,"name":"Ens\u00fc\u00fcmipulber Medipeel Phyto Ex PDRN Micro Shot Powder Cleanser, 70g"}]},{"@type":"WebSite","@id":"https:\/\/idakorea.ee\/#website","url":"https:\/\/idakorea.ee\/","name":"IDA.KOREA","description":"Korean cosmetics e-shop","publisher":{"@id":"https:\/\/idakorea.ee\/#organization"},"alternateName":"Beauty Shop","potentialAction":[{"@type":"SearchAction","target":{"@type":"EntryPoint","urlTemplate":"https:\/\/idakorea.ee\/?s={search_term_string}"},"query-input":{"@type":"PropertyValueSpecification","valueRequired":true,"valueName":"search_term_string"}}],"inLanguage":"en-US"},{"@type":"Organization","@id":"https:\/\/idakorea.ee\/#organization","name":"IDA.KOREA","url":"https:\/\/idakorea.ee\/","logo":{"@type":"ImageObject","inLanguage":"en-US","@id":"https:\/\/idakorea.ee\/#\/schema\/logo\/image\/","url":"https:\/\/idakorea.ee\/wp-content\/uploads\/2024\/05\/cropped-korea3.png","contentUrl":"https:\/\/idakorea.ee\/wp-content\/uploads\/2024\/05\/cropped-korea3.png","width":688,"height":126,"caption":"IDA.KOREA"},"image":{"@id":"https:\/\/idakorea.ee\/#\/schema\/logo\/image\/"},"sameAs":["https:\/\/www.instagram.com\/ida.korea\/"]}]}},"jetpack_sharing_enabled":true,"brands":[{"id":107,"name":"MEDIPEEL+","slug":"medipeel"}],"_links":{"self":[{"href":"https:\/\/idakorea.ee\/en\/wp-json\/wp\/v2\/product\/18039","targetHints":{"allow":["GET"]}}],"collection":[{"href":"https:\/\/idakorea.ee\/en\/wp-json\/wp\/v2\/product"}],"about":[{"href":"https:\/\/idakorea.ee\/en\/wp-json\/wp\/v2\/types\/product"}],"replies":[{"embeddable":true,"href":"https:\/\/idakorea.ee\/en\/wp-json\/wp\/v2\/comments?post=18039"}],"version-history":[{"count":1,"href":"https:\/\/idakorea.ee\/en\/wp-json\/wp\/v2\/product\/18039\/revisions"}],"predecessor-version":[{"id":18043,"href":"https:\/\/idakorea.ee\/en\/wp-json\/wp\/v2\/product\/18039\/revisions\/18043"}],"wp:featuredmedia":[{"embeddable":true,"href":"https:\/\/idakorea.ee\/en\/wp-json\/wp\/v2\/media\/18040"}],"wp:attachment":[{"href":"https:\/\/idakorea.ee\/en\/wp-json\/wp\/v2\/media?parent=18039"}],"wp:term":[{"taxonomy":"pwb-brand","embeddable":true,"href":"https:\/\/idakorea.ee\/en\/wp-json\/wp\/v2\/pwb-brand?post=18039"},{"taxonomy":"product_brand","embeddable":true,"href":"https:\/\/idakorea.ee\/en\/wp-json\/wp\/v2\/product_brand?post=18039"},{"taxonomy":"product_cat","embeddable":true,"href":"https:\/\/idakorea.ee\/en\/wp-json\/wp\/v2\/product_cat?post=18039"},{"taxonomy":"product_tag","embeddable":true,"href":"https:\/\/idakorea.ee\/en\/wp-json\/wp\/v2\/product_tag?post=18039"}],"curies":[{"name":"wp","href":"https:\/\/api.w.org\/{rel}","templated":true}]}}