{"id":18081,"date":"2026-03-15T17:27:52","date_gmt":"2026-03-15T15:27:52","guid":{"rendered":"https:\/\/idakorea.ee\/?post_type=product&#038;p=18081"},"modified":"2026-04-30T19:45:54","modified_gmt":"2026-04-30T17:45:54","slug":"eunyul-purity-pomegranate-sheet-mask","status":"publish","type":"product","link":"https:\/\/idakorea.ee\/en\/product\/eunyul-purity-pomegranate-sheet-mask\/","title":{"rendered":"Eunyul Purity Pomegranate Sheet Mask"},"content":{"rendered":"<p data-start=\"0\" data-end=\"151\" class=\"translation-block\"><strong>Eunyul Purity Pomegranate Sheet Mask,<\/strong> <span class=\"BZ_Pyq_fadeIn\">a<\/span> <span class=\"BZ_Pyq_fadeIn\">sheet mask<\/span> <span class=\"BZ_Pyq_fadeIn\">for<\/span> <span class=\"BZ_Pyq_fadeIn\">the face<\/span> <span class=\"BZ_Pyq_fadeIn\">with pomegranate extract,<\/span> <span class=\"BZ_Pyq_fadeIn\">helps eliminate dullness<\/span> <span class=\"BZ_Pyq_fadeIn\">and<\/span> <span class=\"BZ_Pyq_fadeIn\">fatigue<\/span> <span class=\"BZ_Pyq_fadeIn\">,<\/span> <span class=\"BZ_Pyq_fadeIn\">evens<\/span> <span class=\"BZ_Pyq_fadeIn\">out<\/span> <span class=\"BZ_Pyq_fadeIn\">skin<\/span> <span class=\"BZ_Pyq_fadeIn\">tone<\/span> <span class=\"BZ_Pyq_fadeIn\">, and<\/span> <span class=\"BZ_Pyq_fadeIn\">restores<\/span> <span class=\"BZ_Pyq_fadeIn\">the skin&#039;s<\/span> <span class=\"BZ_Pyq_fadeIn\">natural<\/span> <span class=\"BZ_Pyq_fadeIn\">glow.<\/span><\/p>\n<p data-start=\"153\" data-end=\"403\" class=\"translation-block\"><span class=\"BZ_Pyq_fadeIn\">Pomegranate extract<\/span> <span class=\"BZ_Pyq_fadeIn\">,<\/span> <span class=\"BZ_Pyq_fadeIn\">thanks to<\/span> its <span class=\"BZ_Pyq_fadeIn\">ellagic acid<\/span> <span class=\"BZ_Pyq_fadeIn\">content,<\/span> <span class=\"BZ_Pyq_fadeIn\">moisturizes<\/span> <span class=\"BZ_Pyq_fadeIn\">and<\/span> <span class=\"BZ_Pyq_fadeIn\">enriches<\/span> <span class=\"BZ_Pyq_fadeIn\">the skin<\/span> <span class=\"BZ_Pyq_fadeIn\">with vitamins,<\/span> <span class=\"BZ_Pyq_fadeIn\">increases<\/span> <span class=\"BZ_Pyq_fadeIn\">elasticity<\/span> <span class=\"BZ_Pyq_fadeIn\">and<\/span> <span class=\"BZ_Pyq_fadeIn\">improves<\/span> <span class=\"BZ_Pyq_fadeIn\">skin<\/span> <span class=\"BZ_Pyq_fadeIn\">tone,<\/span> <span class=\"BZ_Pyq_fadeIn\">helps<\/span> <span class=\"BZ_Pyq_fadeIn\">prevent<\/span> <span class=\"BZ_Pyq_fadeIn\">the formation<\/span> <span class=\"BZ_Pyq_fadeIn\">of wrinkles<\/span> <span class=\"BZ_Pyq_fadeIn\">, and<\/span> <span class=\"BZ_Pyq_fadeIn\">protects<\/span> <span class=\"BZ_Pyq_fadeIn\">the skin<\/span> from <span class=\"BZ_Pyq_fadeIn\">the harmful<\/span> <span class=\"BZ_Pyq_fadeIn\">effects<\/span> <span class=\"BZ_Pyq_fadeIn\">of the environment<\/span> <span class=\"BZ_Pyq_fadeIn\">and<\/span> <span class=\"BZ_Pyq_fadeIn\">ultraviolet radiation<\/span> <span class=\"BZ_Pyq_fadeIn\">.<\/span><\/p>\n<p data-start=\"405\" data-end=\"528\" class=\"translation-block\"><span class=\"BZ_Pyq_fadeIn\">Additionally,<\/span> <span class=\"BZ_Pyq_fadeIn\">the<\/span> <span class=\"BZ_Pyq_fadeIn\">polyphenols<\/span> <span class=\"BZ_Pyq_fadeIn\">in pomegranate<\/span> <span class=\"BZ_Pyq_fadeIn\">bind<\/span> <span class=\"BZ_Pyq_fadeIn\">free<\/span> <span class=\"BZ_Pyq_fadeIn\">radicals,<\/span> <span class=\"BZ_Pyq_fadeIn\">thereby<\/span> <span class=\"BZ_Pyq_fadeIn\">helping<\/span> <span class=\"BZ_Pyq_fadeIn\">to prevent<\/span> <span class=\"BZ_Pyq_fadeIn\">premature<\/span> <span class=\"BZ_Pyq_fadeIn\">skin<\/span> <span class=\"BZ_Pyq_fadeIn\">aging.<\/span><\/p>\n<p data-start=\"530\" data-end=\"750\" class=\"translation-block\"><span class=\"BZ_Pyq_fadeIn\">The active<\/span> <span class=\"BZ_Pyq_fadeIn\">ingredients<\/span> <span class=\"BZ_Pyq_fadeIn\">in<\/span> <span class=\"BZ_Pyq_fadeIn\">the fruit<\/span> <span class=\"BZ_Pyq_fadeIn\">moisturize<\/span> <span class=\"BZ_Pyq_fadeIn\">dry<\/span> <span class=\"BZ_Pyq_fadeIn\">skin,<\/span> <span class=\"BZ_Pyq_fadeIn\">soften<\/span> <span class=\"BZ_Pyq_fadeIn\">it<\/span> <span class=\"BZ_Pyq_fadeIn\">and<\/span> <span class=\"BZ_Pyq_fadeIn\">make it<\/span> <span class=\"BZ_Pyq_fadeIn\">more elastic.<\/span> <span class=\"BZ_Pyq_fadeIn\">They<\/span> <span class=\"BZ_Pyq_fadeIn\">also<\/span> <span class=\"BZ_Pyq_fadeIn\">help<\/span> <span class=\"BZ_Pyq_fadeIn\">reduce<\/span> <span class=\"BZ_Pyq_fadeIn\">inflammation,<\/span> <span class=\"BZ_Pyq_fadeIn\">provide<\/span> <span class=\"BZ_Pyq_fadeIn\">a mild<\/span> <span class=\"BZ_Pyq_fadeIn\">exfoliating<\/span> <span class=\"BZ_Pyq_fadeIn\">effect<\/span> <span class=\"BZ_Pyq_fadeIn\">and<\/span> <span class=\"BZ_Pyq_fadeIn\">give<\/span> <span class=\"BZ_Pyq_fadeIn\">the skin<\/span> <span class=\"BZ_Pyq_fadeIn\">a healthy<\/span> <span class=\"BZ_Pyq_fadeIn\">and<\/span> <span class=\"BZ_Pyq_fadeIn\">fresh<\/span> <span class=\"BZ_Pyq_fadeIn\">appearance.<\/span><\/p>\n<p data-section-id=\"16rwqds\" data-start=\"752\" data-end=\"766\"><strong><span class=\"BZ_Pyq_fadeIn\">Use of<\/span><\/strong><\/p>\n<p data-start=\"767\" data-end=\"952\" class=\"translation-block\"><span class=\"BZ_Pyq_fadeIn\">Remove<\/span> <span class=\"BZ_Pyq_fadeIn\">the mask<\/span> <span class=\"BZ_Pyq_fadeIn\">from the packaging<\/span> <span class=\"BZ_Pyq_fadeIn\">and<\/span> <span class=\"BZ_Pyq_fadeIn\">place<\/span> <span class=\"BZ_Pyq_fadeIn\">it<\/span> <span class=\"BZ_Pyq_fadeIn\">on<\/span> <span class=\"BZ_Pyq_fadeIn\">cleansed<\/span> <span class=\"BZ_Pyq_fadeIn\">and<\/span> <span class=\"BZ_Pyq_fadeIn\">toned<\/span> <span class=\"BZ_Pyq_fadeIn\">skin.<\/span> <span class=\"BZ_Pyq_fadeIn\">Smooth<\/span> <span class=\"BZ_Pyq_fadeIn\">the mask<\/span> <span class=\"BZ_Pyq_fadeIn\">carefully<\/span> <span class=\"BZ_Pyq_fadeIn\">onto the face,<\/span> <span class=\"BZ_Pyq_fadeIn\">removing<\/span> <span class=\"BZ_Pyq_fadeIn\">all<\/span> <span class=\"BZ_Pyq_fadeIn\">folds<\/span> <span class=\"BZ_Pyq_fadeIn\">and<\/span> <span class=\"BZ_Pyq_fadeIn\">air bubbles,<\/span> <span class=\"BZ_Pyq_fadeIn\">and<\/span> <span class=\"BZ_Pyq_fadeIn\">leave<\/span> <span class=\"BZ_Pyq_fadeIn\">on<\/span> <span class=\"BZ_Pyq_fadeIn\">for<\/span> <span class=\"BZ_Pyq_fadeIn\">15-20<\/span> <span class=\"BZ_Pyq_fadeIn\">minutes<\/span> <span class=\"BZ_Pyq_fadeIn\">.<\/span> <span class=\"BZ_Pyq_fadeIn\">Then<\/span> <span class=\"BZ_Pyq_fadeIn\">remove<\/span> <span class=\"BZ_Pyq_fadeIn\">the mask<\/span> <span class=\"BZ_Pyq_fadeIn\">and<\/span> <span class=\"BZ_Pyq_fadeIn\">massage<\/span> <span class=\"BZ_Pyq_fadeIn\">the remaining<\/span> <span class=\"BZ_Pyq_fadeIn\">essence<\/span> <span class=\"BZ_Pyq_fadeIn\">from<\/span> <span class=\"BZ_Pyq_fadeIn\">the packaging<\/span> <span class=\"BZ_Pyq_fadeIn\">into the skin<\/span> <span class=\"BZ_Pyq_fadeIn\">.<\/span><\/p>","protected":false},"excerpt":{"rendered":"<p>Eunyul Purity Pomegranate Sheet Mask helps eliminate dullness and fatigue, evens out skin tone and restores the skin&#039;s natural glow. Pomegranate extract, thanks to its ellagic acid content, moisturizes and enriches the skin with vitamins, increases elasticity and improves skin tone, helps prevent wrinkles and protects the skin from the harmful effects of the environment and ultraviolet radiation. In addition, the antioxidants contained in pomegranate\u2026<\/p>","protected":false},"featured_media":18083,"comment_status":"open","ping_status":"closed","template":"","meta":{"_uf_show_specific_survey":0,"_uf_disable_surveys":false,"_bst_post_transparent":"default","_bst_post_title":"","_bst_post_layout":"default","_bst_post_sidebar_id":"","_bst_post_content_style":"default","_bst_post_vertical_padding":"default","_bst_post_feature":"","_bst_post_feature_position":"","_bst_post_header":false,"_bst_post_footer":false},"pwb-brand":[1137],"product_brand":[],"product_cat":[92,98],"product_tag":[568,614],"class_list":{"0":"post-18081","1":"product","2":"type-product","3":"status-publish","4":"has-post-thumbnail","6":"pwb-brand-eunyul","7":"product_cat-nagu","8":"product_cat-naomaskid","9":"product_tag-korea","10":"product_tag-mask","12":"first","13":"instock","14":"sale","15":"shipping-taxable","16":"purchasable","17":"product-type-simple","18":"entry","19":"content-bg","20":"loop-entry"},"supplier_id":null,"supplier_sku":"","barcode":null,"atum_controlled":true,"out_stock_date":null,"out_stock_threshold":null,"inheritable":false,"inbound_stock":null,"stock_on_hold":0,"sold_today":0,"sales_last_days":1,"out_stock_days":0,"lost_sales":0,"has_location":false,"update_date":"2026-05-01T00:11:49","atum_locations":[],"atum_stock_status":"instock","restock_status":false,"low_stock_amount":"","sales_update_date":"2026-05-01T00:11:49","calc_backorders":null,"yoast_head":"<!-- This site is optimized with the Yoast SEO plugin v27.2 - https:\/\/yoast.com\/product\/yoast-seo-wordpress\/ -->\n<title>Eunyul Purity Pomegranate Sheet Mask - IDA.KOREA<\/title>\n<meta name=\"description\" content=\"N\u00e4ole m\u00f5eldud kangasmask granaat\u00f5unaekstraktiga aitab k\u00f5rvaldada naha tuhmi ilme ja v\u00e4simuse, \u00fchtlustab nahatooni ning taastab naha loomuliku s\u00e4ra.\" \/>\n<meta name=\"robots\" content=\"index, follow, max-snippet:-1, max-image-preview:large, max-video-preview:-1\" \/>\n<link rel=\"canonical\" href=\"https:\/\/idakorea.ee\/en\/product\/eunyul-purity-pomegranate-sheet-mask\/\" \/>\n<meta property=\"og:locale\" content=\"en_US\" \/>\n<meta property=\"og:type\" content=\"article\" \/>\n<meta property=\"og:title\" content=\"Eunyul Purity Pomegranate Sheet Mask - IDA.KOREA\" \/>\n<meta property=\"og:description\" content=\"N\u00e4ole m\u00f5eldud kangasmask granaat\u00f5unaekstraktiga aitab k\u00f5rvaldada naha tuhmi ilme ja v\u00e4simuse, \u00fchtlustab nahatooni ning taastab naha loomuliku s\u00e4ra.\" \/>\n<meta property=\"og:url\" content=\"https:\/\/idakorea.ee\/en\/product\/eunyul-purity-pomegranate-sheet-mask\/\" \/>\n<meta property=\"og:site_name\" content=\"IDA.KOREA\" \/>\n<meta property=\"article:modified_time\" content=\"2026-04-30T17:45:54+00:00\" \/>\n<meta property=\"og:image\" content=\"https:\/\/idakorea.ee\/wp-content\/uploads\/2026\/03\/eunyul-natural-moisture-mask-pack-pomegranate-idakorea.jpg\" \/>\n\t<meta property=\"og:image:width\" content=\"400\" \/>\n\t<meta property=\"og:image:height\" content=\"400\" \/>\n\t<meta property=\"og:image:type\" content=\"image\/jpeg\" \/>\n<meta name=\"twitter:card\" content=\"summary_large_image\" \/>\n<meta name=\"twitter:label1\" content=\"Est. reading time\" \/>\n\t<meta name=\"twitter:data1\" content=\"1 minute\" \/>\n<script type=\"application\/ld+json\" class=\"yoast-schema-graph\">{\"@context\":\"https:\/\/schema.org\",\"@graph\":[{\"@type\":\"WebPage\",\"@id\":\"https:\/\/idakorea.ee\/product\/eunyul-purity-pomegranate-sheet-mask\/\",\"url\":\"https:\/\/idakorea.ee\/product\/eunyul-purity-pomegranate-sheet-mask\/\",\"name\":\"Eunyul Purity Pomegranate Sheet Mask - IDA.KOREA\",\"isPartOf\":{\"@id\":\"https:\/\/idakorea.ee\/#website\"},\"primaryImageOfPage\":{\"@id\":\"https:\/\/idakorea.ee\/product\/eunyul-purity-pomegranate-sheet-mask\/#primaryimage\"},\"image\":{\"@id\":\"https:\/\/idakorea.ee\/product\/eunyul-purity-pomegranate-sheet-mask\/#primaryimage\"},\"thumbnailUrl\":\"https:\/\/idakorea.ee\/wp-content\/uploads\/2026\/03\/eunyul-natural-moisture-mask-pack-pomegranate-idakorea.jpg\",\"datePublished\":\"2026-03-15T15:27:52+00:00\",\"dateModified\":\"2026-04-30T17:45:54+00:00\",\"description\":\"N\u00e4ole m\u00f5eldud kangasmask granaat\u00f5unaekstraktiga aitab k\u00f5rvaldada naha tuhmi ilme ja v\u00e4simuse, \u00fchtlustab nahatooni ning taastab naha loomuliku s\u00e4ra.\",\"breadcrumb\":{\"@id\":\"https:\/\/idakorea.ee\/product\/eunyul-purity-pomegranate-sheet-mask\/#breadcrumb\"},\"inLanguage\":\"en-US\",\"potentialAction\":[{\"@type\":\"ReadAction\",\"target\":[\"https:\/\/idakorea.ee\/product\/eunyul-purity-pomegranate-sheet-mask\/\"]}]},{\"@type\":\"ImageObject\",\"inLanguage\":\"en-US\",\"@id\":\"https:\/\/idakorea.ee\/product\/eunyul-purity-pomegranate-sheet-mask\/#primaryimage\",\"url\":\"https:\/\/idakorea.ee\/wp-content\/uploads\/2026\/03\/eunyul-natural-moisture-mask-pack-pomegranate-idakorea.jpg\",\"contentUrl\":\"https:\/\/idakorea.ee\/wp-content\/uploads\/2026\/03\/eunyul-natural-moisture-mask-pack-pomegranate-idakorea.jpg\",\"width\":400,\"height\":400},{\"@type\":\"BreadcrumbList\",\"@id\":\"https:\/\/idakorea.ee\/product\/eunyul-purity-pomegranate-sheet-mask\/#breadcrumb\",\"itemListElement\":[{\"@type\":\"ListItem\",\"position\":1,\"name\":\"\u0413\u043b\u0430\u0432\u043d\u0430\u044f \u0441\u0442\u0440\u0430\u043d\u0438\u0446\u0430\",\"item\":\"https:\/\/idakorea.ee\/\"},{\"@type\":\"ListItem\",\"position\":2,\"name\":\"Shop\",\"item\":\"https:\/\/idakorea.ee\/shop-2\/\"},{\"@type\":\"ListItem\",\"position\":3,\"name\":\"N\u00e4omask Eunyul Purity Pomegranate Sheet Mask\"}]},{\"@type\":\"WebSite\",\"@id\":\"https:\/\/idakorea.ee\/#website\",\"url\":\"https:\/\/idakorea.ee\/\",\"name\":\"IDA.KOREA\",\"description\":\"Korea kosmeetika e-pood\",\"publisher\":{\"@id\":\"https:\/\/idakorea.ee\/#organization\"},\"alternateName\":\"Beauty Shop\",\"potentialAction\":[{\"@type\":\"SearchAction\",\"target\":{\"@type\":\"EntryPoint\",\"urlTemplate\":\"https:\/\/idakorea.ee\/?s={search_term_string}\"},\"query-input\":{\"@type\":\"PropertyValueSpecification\",\"valueRequired\":true,\"valueName\":\"search_term_string\"}}],\"inLanguage\":\"en-US\"},{\"@type\":\"Organization\",\"@id\":\"https:\/\/idakorea.ee\/#organization\",\"name\":\"IDA.KOREA\",\"url\":\"https:\/\/idakorea.ee\/\",\"logo\":{\"@type\":\"ImageObject\",\"inLanguage\":\"en-US\",\"@id\":\"https:\/\/idakorea.ee\/#\/schema\/logo\/image\/\",\"url\":\"https:\/\/idakorea.ee\/wp-content\/uploads\/2024\/05\/cropped-korea3.png\",\"contentUrl\":\"https:\/\/idakorea.ee\/wp-content\/uploads\/2024\/05\/cropped-korea3.png\",\"width\":688,\"height\":126,\"caption\":\"IDA.KOREA\"},\"image\":{\"@id\":\"https:\/\/idakorea.ee\/#\/schema\/logo\/image\/\"},\"sameAs\":[\"https:\/\/www.instagram.com\/ida.korea\/\"]}]}<\/script>\n<!-- \/ Yoast SEO plugin. -->","yoast_head_json":{"title":"Eunyul Purity Pomegranate Sheet Mask - IDA.KOREA","description":"N\u00e4ole m\u00f5eldud kangasmask granaat\u00f5unaekstraktiga aitab k\u00f5rvaldada naha tuhmi ilme ja v\u00e4simuse, \u00fchtlustab nahatooni ning taastab naha loomuliku s\u00e4ra.","robots":{"index":"index","follow":"follow","max-snippet":"max-snippet:-1","max-image-preview":"max-image-preview:large","max-video-preview":"max-video-preview:-1"},"canonical":"https:\/\/idakorea.ee\/en\/product\/eunyul-purity-pomegranate-sheet-mask\/","og_locale":"en_US","og_type":"article","og_title":"Eunyul Purity Pomegranate Sheet Mask - IDA.KOREA","og_description":"N\u00e4ole m\u00f5eldud kangasmask granaat\u00f5unaekstraktiga aitab k\u00f5rvaldada naha tuhmi ilme ja v\u00e4simuse, \u00fchtlustab nahatooni ning taastab naha loomuliku s\u00e4ra.","og_url":"https:\/\/idakorea.ee\/en\/product\/eunyul-purity-pomegranate-sheet-mask\/","og_site_name":"IDA.KOREA","article_modified_time":"2026-04-30T17:45:54+00:00","og_image":[{"width":400,"height":400,"url":"https:\/\/idakorea.ee\/wp-content\/uploads\/2026\/03\/eunyul-natural-moisture-mask-pack-pomegranate-idakorea.jpg","type":"image\/jpeg"}],"twitter_card":"summary_large_image","twitter_misc":{"Est. reading time":"1 minute"},"schema":{"@context":"https:\/\/schema.org","@graph":[{"@type":"WebPage","@id":"https:\/\/idakorea.ee\/product\/eunyul-purity-pomegranate-sheet-mask\/","url":"https:\/\/idakorea.ee\/product\/eunyul-purity-pomegranate-sheet-mask\/","name":"Eunyul Purity Pomegranate Sheet Mask - IDA.KOREA","isPartOf":{"@id":"https:\/\/idakorea.ee\/#website"},"primaryImageOfPage":{"@id":"https:\/\/idakorea.ee\/product\/eunyul-purity-pomegranate-sheet-mask\/#primaryimage"},"image":{"@id":"https:\/\/idakorea.ee\/product\/eunyul-purity-pomegranate-sheet-mask\/#primaryimage"},"thumbnailUrl":"https:\/\/idakorea.ee\/wp-content\/uploads\/2026\/03\/eunyul-natural-moisture-mask-pack-pomegranate-idakorea.jpg","datePublished":"2026-03-15T15:27:52+00:00","dateModified":"2026-04-30T17:45:54+00:00","description":"N\u00e4ole m\u00f5eldud kangasmask granaat\u00f5unaekstraktiga aitab k\u00f5rvaldada naha tuhmi ilme ja v\u00e4simuse, \u00fchtlustab nahatooni ning taastab naha loomuliku s\u00e4ra.","breadcrumb":{"@id":"https:\/\/idakorea.ee\/product\/eunyul-purity-pomegranate-sheet-mask\/#breadcrumb"},"inLanguage":"en-US","potentialAction":[{"@type":"ReadAction","target":["https:\/\/idakorea.ee\/product\/eunyul-purity-pomegranate-sheet-mask\/"]}]},{"@type":"ImageObject","inLanguage":"en-US","@id":"https:\/\/idakorea.ee\/product\/eunyul-purity-pomegranate-sheet-mask\/#primaryimage","url":"https:\/\/idakorea.ee\/wp-content\/uploads\/2026\/03\/eunyul-natural-moisture-mask-pack-pomegranate-idakorea.jpg","contentUrl":"https:\/\/idakorea.ee\/wp-content\/uploads\/2026\/03\/eunyul-natural-moisture-mask-pack-pomegranate-idakorea.jpg","width":400,"height":400},{"@type":"BreadcrumbList","@id":"https:\/\/idakorea.ee\/product\/eunyul-purity-pomegranate-sheet-mask\/#breadcrumb","itemListElement":[{"@type":"ListItem","position":1,"name":"\u0413\u043b\u0430\u0432\u043d\u0430\u044f \u0441\u0442\u0440\u0430\u043d\u0438\u0446\u0430","item":"https:\/\/idakorea.ee\/"},{"@type":"ListItem","position":2,"name":"Shop","item":"https:\/\/idakorea.ee\/shop-2\/"},{"@type":"ListItem","position":3,"name":"N\u00e4omask Eunyul Purity Pomegranate Sheet Mask"}]},{"@type":"WebSite","@id":"https:\/\/idakorea.ee\/#website","url":"https:\/\/idakorea.ee\/","name":"IDA.KOREA","description":"Korean cosmetics e-shop","publisher":{"@id":"https:\/\/idakorea.ee\/#organization"},"alternateName":"Beauty Shop","potentialAction":[{"@type":"SearchAction","target":{"@type":"EntryPoint","urlTemplate":"https:\/\/idakorea.ee\/?s={search_term_string}"},"query-input":{"@type":"PropertyValueSpecification","valueRequired":true,"valueName":"search_term_string"}}],"inLanguage":"en-US"},{"@type":"Organization","@id":"https:\/\/idakorea.ee\/#organization","name":"IDA.KOREA","url":"https:\/\/idakorea.ee\/","logo":{"@type":"ImageObject","inLanguage":"en-US","@id":"https:\/\/idakorea.ee\/#\/schema\/logo\/image\/","url":"https:\/\/idakorea.ee\/wp-content\/uploads\/2024\/05\/cropped-korea3.png","contentUrl":"https:\/\/idakorea.ee\/wp-content\/uploads\/2024\/05\/cropped-korea3.png","width":688,"height":126,"caption":"IDA.KOREA"},"image":{"@id":"https:\/\/idakorea.ee\/#\/schema\/logo\/image\/"},"sameAs":["https:\/\/www.instagram.com\/ida.korea\/"]}]}},"jetpack_sharing_enabled":true,"brands":[{"id":1137,"name":"EUNYUL","slug":"eunyul"}],"_links":{"self":[{"href":"https:\/\/idakorea.ee\/en\/wp-json\/wp\/v2\/product\/18081","targetHints":{"allow":["GET"]}}],"collection":[{"href":"https:\/\/idakorea.ee\/en\/wp-json\/wp\/v2\/product"}],"about":[{"href":"https:\/\/idakorea.ee\/en\/wp-json\/wp\/v2\/types\/product"}],"replies":[{"embeddable":true,"href":"https:\/\/idakorea.ee\/en\/wp-json\/wp\/v2\/comments?post=18081"}],"version-history":[{"count":2,"href":"https:\/\/idakorea.ee\/en\/wp-json\/wp\/v2\/product\/18081\/revisions"}],"predecessor-version":[{"id":18085,"href":"https:\/\/idakorea.ee\/en\/wp-json\/wp\/v2\/product\/18081\/revisions\/18085"}],"wp:featuredmedia":[{"embeddable":true,"href":"https:\/\/idakorea.ee\/en\/wp-json\/wp\/v2\/media\/18083"}],"wp:attachment":[{"href":"https:\/\/idakorea.ee\/en\/wp-json\/wp\/v2\/media?parent=18081"}],"wp:term":[{"taxonomy":"pwb-brand","embeddable":true,"href":"https:\/\/idakorea.ee\/en\/wp-json\/wp\/v2\/pwb-brand?post=18081"},{"taxonomy":"product_brand","embeddable":true,"href":"https:\/\/idakorea.ee\/en\/wp-json\/wp\/v2\/product_brand?post=18081"},{"taxonomy":"product_cat","embeddable":true,"href":"https:\/\/idakorea.ee\/en\/wp-json\/wp\/v2\/product_cat?post=18081"},{"taxonomy":"product_tag","embeddable":true,"href":"https:\/\/idakorea.ee\/en\/wp-json\/wp\/v2\/product_tag?post=18081"}],"curies":[{"name":"wp","href":"https:\/\/api.w.org\/{rel}","templated":true}]}}