{"id":18088,"date":"2026-03-15T18:07:54","date_gmt":"2026-03-15T16:07:54","guid":{"rendered":"https:\/\/idakorea.ee\/?post_type=product&#038;p=18088"},"modified":"2026-03-15T18:07:54","modified_gmt":"2026-03-15T16:07:54","slug":"wellderma-face-lifting-dark-silver-roller","status":"publish","type":"product","link":"https:\/\/idakorea.ee\/en\/product\/wellderma-face-lifting-dark-silver-roller\/","title":{"rendered":"Facial roller massager WellDerma Face Lifting Dark Silver Roller"},"content":{"rendered":"<div class=\"flex flex-col text-sm pb-25\">\n<article class=\"text-token-text-primary w-full focus:outline-none [--shadow-height:45px] has-data-writing-block:pointer-events-none has-data-writing-block:-mt-(--shadow-height) has-data-writing-block:pt-(--shadow-height) [&amp;:has([data-writing-block])&gt;*]:pointer-events-auto scroll-mt-[calc(var(--header-height)+min(200px,max(70px,20svh)))]\" dir=\"auto\" tabindex=\"-1\" data-turn-id=\"request-69aef89b-1b90-838e-a630-92f4d1f3ce24-2\" data-testid=\"conversation-turn-46\" data-scroll-anchor=\"true\" data-turn=\"assistant\">\n<div class=\"text-base my-auto mx-auto pb-10 [--thread-content-margin:var(--thread-content-margin-xs,calc(var(--spacing)*4))] @w-sm\/main:[--thread-content-margin:var(--thread-content-margin-sm,calc(var(--spacing)*6))] @w-lg\/main:[--thread-content-margin:var(--thread-content-margin-lg,calc(var(--spacing)*16))] px-(--thread-content-margin)\">\n<div class=\"[--thread-content-max-width:40rem] @w-lg\/main:[--thread-content-max-width:48rem] mx-auto max-w-(--thread-content-max-width) flex-1 group\/turn-messages focus-visible:outline-hidden relative flex w-full min-w-0 flex-col agent-turn\" tabindex=\"-1\">\n<div class=\"flex max-w-full flex-col gap-4 grow\">\n<div class=\"min-h-8 text-message relative flex w-full flex-col items-end gap-2 text-start break-words whitespace-normal [.text-message+&amp;]:mt-1\" dir=\"auto\" data-message-author-role=\"assistant\" data-message-id=\"01053183-abd7-4d64-854d-940569636120\" data-message-model-slug=\"gpt-5-3\">\n<div class=\"flex w-full flex-col gap-1 empty:hidden\">\n<div class=\"markdown prose dark:prose-invert w-full wrap-break-word light markdown-new-styling\">\n<p data-start=\"0\" data-end=\"147\"><span class=\"BZ_Pyq_fadeIn\">N\u00e4orull-<\/span><span class=\"BZ_Pyq_fadeIn\">massaa\u017eer <\/span><strong data-start=\"0\" data-end=\"63\"><span class=\"BZ_Pyq_fadeIn\">WellDerma <\/span><span class=\"BZ_Pyq_fadeIn\">Face <\/span><span class=\"BZ_Pyq_fadeIn\">Lifting <\/span><span class=\"BZ_Pyq_fadeIn\">Dark <\/span><span class=\"BZ_Pyq_fadeIn\">Silver <\/span><span class=\"BZ_Pyq_fadeIn\">Roller<\/span><\/strong> <span class=\"BZ_Pyq_fadeIn\">plaatinakattega <\/span><span class=\"BZ_Pyq_fadeIn\">on <\/span><span class=\"BZ_Pyq_fadeIn\">loodud <\/span><span class=\"BZ_Pyq_fadeIn\">spetsiaalselt <\/span><span class=\"BZ_Pyq_fadeIn\">n\u00e4o <\/span><span class=\"BZ_Pyq_fadeIn\">ja <\/span><span class=\"BZ_Pyq_fadeIn\">dekolteepiirkonna <\/span><span class=\"BZ_Pyq_fadeIn\">kontuurmassaa\u017eiks.<\/span><\/p>\n<p data-start=\"149\" data-end=\"359\"><span class=\"BZ_Pyq_fadeIn\">Mehaaniline <\/span><span class=\"BZ_Pyq_fadeIn\">massaa\u017eer <\/span><span class=\"BZ_Pyq_fadeIn\">t\u00f6\u00f6tab <\/span><span class=\"BZ_Pyq_fadeIn\">l\u00e4bi <\/span><span class=\"BZ_Pyq_fadeIn\">k\u00f5ik <\/span><span class=\"BZ_Pyq_fadeIn\">n\u00e4olihased, <\/span><span class=\"BZ_Pyq_fadeIn\">aitab <\/span><span class=\"BZ_Pyq_fadeIn\">t\u00f5sta <\/span><span class=\"BZ_Pyq_fadeIn\">n\u00e4okontuuri, <\/span><span class=\"BZ_Pyq_fadeIn\">silub <\/span><span class=\"BZ_Pyq_fadeIn\">kortse <\/span><span class=\"BZ_Pyq_fadeIn\">ning <\/span><span class=\"BZ_Pyq_fadeIn\">annab <\/span><span class=\"BZ_Pyq_fadeIn\">nahale <\/span><span class=\"BZ_Pyq_fadeIn\">n\u00e4htava <\/span><span class=\"BZ_Pyq_fadeIn\">lifting-<\/span><span class=\"BZ_Pyq_fadeIn\">efekti. <\/span><span class=\"BZ_Pyq_fadeIn\">Samuti <\/span><span class=\"BZ_Pyq_fadeIn\">v\u00e4hendab <\/span><span class=\"BZ_Pyq_fadeIn\">turseid <\/span><span class=\"BZ_Pyq_fadeIn\">ja <\/span><span class=\"BZ_Pyq_fadeIn\">parandab <\/span><span class=\"BZ_Pyq_fadeIn\">vereringet, <\/span><span class=\"BZ_Pyq_fadeIn\">mis <\/span><span class=\"BZ_Pyq_fadeIn\">aitab <\/span><span class=\"BZ_Pyq_fadeIn\">\u00fchtlustada <\/span><span class=\"BZ_Pyq_fadeIn\">nahatooni.<\/span><\/p>\n<p data-start=\"361\" data-end=\"614\"><span class=\"BZ_Pyq_fadeIn\">Massaa\u017eer <\/span><span class=\"BZ_Pyq_fadeIn\">annab <\/span><span class=\"BZ_Pyq_fadeIn\">m\u00e4rgatava <\/span><span class=\"BZ_Pyq_fadeIn\">lifting-<\/span><span class=\"BZ_Pyq_fadeIn\">efekti, <\/span><span class=\"BZ_Pyq_fadeIn\">suurendab <\/span><span class=\"BZ_Pyq_fadeIn\">naha <\/span><span class=\"BZ_Pyq_fadeIn\">elastsust <\/span><span class=\"BZ_Pyq_fadeIn\">ja <\/span><span class=\"BZ_Pyq_fadeIn\">tugevust <\/span><span class=\"BZ_Pyq_fadeIn\">ning <\/span><span class=\"BZ_Pyq_fadeIn\">on <\/span><span class=\"BZ_Pyq_fadeIn\">suurep\u00e4rane <\/span><span class=\"BZ_Pyq_fadeIn\">vahend <\/span><span class=\"BZ_Pyq_fadeIn\">naha <\/span><span class=\"BZ_Pyq_fadeIn\">enneaegse <\/span><span class=\"BZ_Pyq_fadeIn\">vananemise <\/span><span class=\"BZ_Pyq_fadeIn\">ennetamiseks. <\/span><span class=\"BZ_Pyq_fadeIn\">See <\/span><span class=\"BZ_Pyq_fadeIn\">muudab <\/span><span class=\"BZ_Pyq_fadeIn\">n\u00e4okontuurid <\/span><span class=\"BZ_Pyq_fadeIn\">selgemaks, <\/span><span class=\"BZ_Pyq_fadeIn\">aitab <\/span><span class=\"BZ_Pyq_fadeIn\">kujundada <\/span><span class=\"BZ_Pyq_fadeIn\">V-<\/span><span class=\"BZ_Pyq_fadeIn\">joont<\/span><span class=\"BZ_Pyq_fadeIn\">, <\/span><span class=\"BZ_Pyq_fadeIn\">ennetab <\/span><span class=\"BZ_Pyq_fadeIn\">teise <\/span><span class=\"BZ_Pyq_fadeIn\">l\u00f5ua <\/span><span class=\"BZ_Pyq_fadeIn\">teket <\/span><span class=\"BZ_Pyq_fadeIn\">ja <\/span><span class=\"BZ_Pyq_fadeIn\">naha <\/span><span class=\"BZ_Pyq_fadeIn\">l\u00f5tvumist.<\/span><\/p>\n<p data-start=\"616\" data-end=\"885\"><span class=\"BZ_Pyq_fadeIn\">Toode <\/span><span class=\"BZ_Pyq_fadeIn\">on <\/span><span class=\"BZ_Pyq_fadeIn\">innovaatiline <\/span><span class=\"BZ_Pyq_fadeIn\">rullik, <\/span><span class=\"BZ_Pyq_fadeIn\">mis <\/span><span class=\"BZ_Pyq_fadeIn\">on <\/span><span class=\"BZ_Pyq_fadeIn\">loodud <\/span><span class=\"BZ_Pyq_fadeIn\">kaasaegsete <\/span><span class=\"BZ_Pyq_fadeIn\">teaduslike <\/span><span class=\"BZ_Pyq_fadeIn\">arenduste <\/span><span class=\"BZ_Pyq_fadeIn\">p\u00f5hjal <\/span><span class=\"BZ_Pyq_fadeIn\">ning <\/span><span class=\"BZ_Pyq_fadeIn\">suudab <\/span><span class=\"BZ_Pyq_fadeIn\">m\u00f5jutada <\/span><span class=\"BZ_Pyq_fadeIn\">isegi <\/span><span class=\"BZ_Pyq_fadeIn\">k\u00f5ige <\/span><span class=\"BZ_Pyq_fadeIn\">v\u00e4iksemaid <\/span><span class=\"BZ_Pyq_fadeIn\">miimilisi <\/span><span class=\"BZ_Pyq_fadeIn\">lihaseid. <\/span><span class=\"BZ_Pyq_fadeIn\">Massaa\u017eeril <\/span><span class=\"BZ_Pyq_fadeIn\">on <\/span><span class=\"BZ_Pyq_fadeIn\">ergonoomiline <\/span><span class=\"BZ_Pyq_fadeIn\">kuju <\/span><span class=\"BZ_Pyq_fadeIn\">ja <\/span><span class=\"BZ_Pyq_fadeIn\">elegantne, <\/span><span class=\"BZ_Pyq_fadeIn\">kaasaegne <\/span><span class=\"BZ_Pyq_fadeIn\">disain. <\/span><span class=\"BZ_Pyq_fadeIn\">Plaatinakattega <\/span><span class=\"BZ_Pyq_fadeIn\">rullikud <\/span><span class=\"BZ_Pyq_fadeIn\">sobivad <\/span><span class=\"BZ_Pyq_fadeIn\">ka <\/span><span class=\"BZ_Pyq_fadeIn\">tundlikule <\/span><span class=\"BZ_Pyq_fadeIn\">nahale.<\/span><\/p>\n<p data-start=\"887\" data-end=\"1154\"><span class=\"BZ_Pyq_fadeIn\">Massaa\u017eerit <\/span><span class=\"BZ_Pyq_fadeIn\">on <\/span><span class=\"BZ_Pyq_fadeIn\">mugav <\/span><span class=\"BZ_Pyq_fadeIn\">k\u00e4es <\/span><span class=\"BZ_Pyq_fadeIn\">hoida <\/span><span class=\"BZ_Pyq_fadeIn\">ning <\/span><span class=\"BZ_Pyq_fadeIn\">seda <\/span><span class=\"BZ_Pyq_fadeIn\">on <\/span><span class=\"BZ_Pyq_fadeIn\">meeldiv <\/span><span class=\"BZ_Pyq_fadeIn\">kasutada <\/span><span class=\"BZ_Pyq_fadeIn\">iga <\/span><span class=\"BZ_Pyq_fadeIn\">p\u00e4ev, <\/span><span class=\"BZ_Pyq_fadeIn\">kuna <\/span><span class=\"BZ_Pyq_fadeIn\">see <\/span><span class=\"BZ_Pyq_fadeIn\">j\u00e4tab <\/span><span class=\"BZ_Pyq_fadeIn\">nahale <\/span><span class=\"BZ_Pyq_fadeIn\">m\u00f5nusa <\/span><span class=\"BZ_Pyq_fadeIn\">tunde <\/span><span class=\"BZ_Pyq_fadeIn\">ja <\/span><span class=\"BZ_Pyq_fadeIn\">annab <\/span><span class=\"BZ_Pyq_fadeIn\">n\u00e4htava <\/span><span class=\"BZ_Pyq_fadeIn\">lifting-<\/span><span class=\"BZ_Pyq_fadeIn\">efekti. <\/span><span class=\"BZ_Pyq_fadeIn\">K\u00e4epide <\/span><span class=\"BZ_Pyq_fadeIn\">on <\/span><span class=\"BZ_Pyq_fadeIn\">valmistatud <\/span><span class=\"BZ_Pyq_fadeIn\">meditsiinilisest <\/span><span class=\"BZ_Pyq_fadeIn\">terasest <\/span><span class=\"BZ_Pyq_fadeIn\">plaatinakattega <\/span><span class=\"BZ_Pyq_fadeIn\">ning <\/span><span class=\"BZ_Pyq_fadeIn\">rullikud <\/span><span class=\"BZ_Pyq_fadeIn\">on <\/span><span class=\"BZ_Pyq_fadeIn\">valmistatud <\/span><span class=\"BZ_Pyq_fadeIn\">vastupidavast <\/span><span class=\"BZ_Pyq_fadeIn\">ABS-<\/span><span class=\"BZ_Pyq_fadeIn\">plastikust<\/span><span class=\"BZ_Pyq_fadeIn\">.<\/span><\/p>\n<p data-start=\"1156\" data-end=\"1213\"><span class=\"BZ_Pyq_fadeIn\">Sobib <\/span><span class=\"BZ_Pyq_fadeIn\">ka <\/span><span class=\"BZ_Pyq_fadeIn\">tundlikule <\/span><span class=\"BZ_Pyq_fadeIn\">nahale <\/span><span class=\"BZ_Pyq_fadeIn\">ega <\/span><span class=\"BZ_Pyq_fadeIn\">venita <\/span><span class=\"BZ_Pyq_fadeIn\">ega <\/span><span class=\"BZ_Pyq_fadeIn\">kahjusta <\/span><span class=\"BZ_Pyq_fadeIn\">nahka.<\/span><\/p>\n<p data-start=\"1215\" data-end=\"1243\"><strong data-start=\"1215\" data-end=\"1226\"><span class=\"BZ_Pyq_fadeIn\">M\u00f5\u00f5dud:<\/span><\/strong> <span class=\"BZ_Pyq_fadeIn\">48 \u00d7 <\/span><span class=\"BZ_Pyq_fadeIn\">145 \u00d7 <\/span><span class=\"BZ_Pyq_fadeIn\">32 <\/span><span class=\"BZ_Pyq_fadeIn\">mm<\/span><\/p>\n<p data-section-id=\"16rwqds\" data-start=\"1245\" data-end=\"1259\"><strong><span class=\"BZ_Pyq_fadeIn\">Kasutamine<\/span><\/strong><\/p>\n<p data-start=\"1260\" data-end=\"1431\" data-is-last-node=\"\" data-is-only-node=\"\"><span class=\"BZ_Pyq_fadeIn\">Liigutage <\/span><span class=\"BZ_Pyq_fadeIn\">rullikut <\/span><span class=\"BZ_Pyq_fadeIn\">m\u00f6\u00f6da <\/span><span class=\"BZ_Pyq_fadeIn\">n\u00e4o <\/span><span class=\"BZ_Pyq_fadeIn\">massaa\u017eijooni <\/span><span class=\"BZ_Pyq_fadeIn\">alt <\/span><span class=\"BZ_Pyq_fadeIn\">\u00fcles<\/span> <span class=\"BZ_Pyq_fadeIn\">v\u00f5i <\/span><span class=\"BZ_Pyq_fadeIn\">n\u00e4o <\/span><span class=\"BZ_Pyq_fadeIn\">keskosast <\/span><span class=\"BZ_Pyq_fadeIn\">kontuuri <\/span><span class=\"BZ_Pyq_fadeIn\">suunas<\/span><span class=\"BZ_Pyq_fadeIn\">. <\/span><span class=\"BZ_Pyq_fadeIn\">Parima <\/span><span class=\"BZ_Pyq_fadeIn\">tulemuse <\/span><span class=\"BZ_Pyq_fadeIn\">saavutamiseks <\/span><span class=\"BZ_Pyq_fadeIn\">soovitatakse <\/span><span class=\"BZ_Pyq_fadeIn\">kasutada <\/span><span class=\"BZ_Pyq_fadeIn\">koos <\/span><span class=\"BZ_Pyq_fadeIn\">n\u00e4oseerumiga<\/span><span class=\"BZ_Pyq_fadeIn\">.<\/span><\/p>\n<\/div>\n<\/div>\n<\/div>\n<\/div>\n<div class=\"z-0 flex min-h-[46px] justify-start\"><\/div>\n<div class=\"mt-3 w-full empty:hidden\">\n<div class=\"text-center\"><\/div>\n<\/div>\n<\/div>\n<\/div>\n<\/article>\n<\/div>\n<div class=\"pointer-events-none h-px w-px absolute bottom-0\" aria-hidden=\"true\" data-edge=\"true\"><\/div>\n","protected":false},"excerpt":{"rendered":"<p>The WellDerma Face Lifting Dark Silver Roller with platinum coating is specially designed for contouring the face and d\u00e9collet\u00e9 area. The mechanical massager works through all facial muscles, helps to lift the facial contour, smoothes wrinkles and gives the skin a visible lifting effect. It also reduces swelling and improves blood circulation, which helps to even out skin tone. The massager gives a noticeable lifting effect, increases skin elasticity and firmness and is an excellent tool for skin\u2026<\/p>","protected":false},"featured_media":18091,"comment_status":"open","ping_status":"closed","template":"","meta":{"_uf_show_specific_survey":0,"_uf_disable_surveys":false,"_bst_post_transparent":"default","_bst_post_title":"","_bst_post_layout":"default","_bst_post_sidebar_id":"","_bst_post_content_style":"default","_bst_post_vertical_padding":"default","_bst_post_feature":"","_bst_post_feature_position":"","_bst_post_header":false,"_bst_post_footer":false},"pwb-brand":[575],"product_brand":[],"product_cat":[463],"product_tag":[568,576],"class_list":{"0":"post-18088","1":"product","2":"type-product","3":"status-publish","4":"has-post-thumbnail","6":"pwb-brand-wellderma","7":"product_cat-tarvikud","8":"product_tag-korea","9":"product_tag-wellderma","11":"first","12":"instock","13":"sale","14":"shipping-taxable","15":"purchasable","16":"product-type-simple","17":"entry","18":"content-bg","19":"loop-entry"},"supplier_id":null,"supplier_sku":"","barcode":null,"atum_controlled":true,"out_stock_date":null,"out_stock_threshold":null,"inheritable":false,"inbound_stock":null,"stock_on_hold":0,"sold_today":0,"sales_last_days":0,"out_stock_days":0,"lost_sales":0,"has_location":false,"update_date":"2026-04-14T00:05:09","atum_locations":[],"atum_stock_status":"instock","restock_status":false,"low_stock_amount":"","sales_update_date":"2026-04-14T00:05:09","calc_backorders":null,"yoast_head":"<!-- This site is optimized with the Yoast SEO plugin v27.2 - https:\/\/yoast.com\/product\/yoast-seo-wordpress\/ -->\n<title>WellDerma Face Lifting Dark Silver Roller - IDA.KOREA<\/title>\n<meta name=\"description\" content=\"Mehaaniline massaa\u017eer t\u00f6\u00f6tab l\u00e4bi k\u00f5ik n\u00e4olihased, aitab t\u00f5sta n\u00e4okontuuri, silub kortse ning annab nahale n\u00e4htava lifting-efekti.\" \/>\n<meta name=\"robots\" content=\"index, follow, max-snippet:-1, max-image-preview:large, max-video-preview:-1\" \/>\n<link rel=\"canonical\" href=\"https:\/\/idakorea.ee\/en\/product\/wellderma-face-lifting-dark-silver-roller\/\" \/>\n<meta property=\"og:locale\" content=\"en_US\" \/>\n<meta property=\"og:type\" content=\"article\" \/>\n<meta property=\"og:title\" content=\"WellDerma Face Lifting Dark Silver Roller - IDA.KOREA\" \/>\n<meta property=\"og:description\" content=\"Mehaaniline massaa\u017eer t\u00f6\u00f6tab l\u00e4bi k\u00f5ik n\u00e4olihased, aitab t\u00f5sta n\u00e4okontuuri, silub kortse ning annab nahale n\u00e4htava lifting-efekti.\" \/>\n<meta property=\"og:url\" content=\"https:\/\/idakorea.ee\/en\/product\/wellderma-face-lifting-dark-silver-roller\/\" \/>\n<meta property=\"og:site_name\" content=\"IDA.KOREA\" \/>\n<meta property=\"og:image\" content=\"https:\/\/idakorea.ee\/wp-content\/uploads\/2026\/03\/wellderma-face-lifting-dark-silver-roller-idakorea.webp\" \/>\n\t<meta property=\"og:image:width\" content=\"1000\" \/>\n\t<meta property=\"og:image:height\" content=\"1000\" \/>\n\t<meta property=\"og:image:type\" content=\"image\/webp\" \/>\n<meta name=\"twitter:card\" content=\"summary_large_image\" \/>\n<meta name=\"twitter:label1\" content=\"Est. reading time\" \/>\n\t<meta name=\"twitter:data1\" content=\"2 minutes\" \/>\n<script type=\"application\/ld+json\" class=\"yoast-schema-graph\">{\"@context\":\"https:\/\/schema.org\",\"@graph\":[{\"@type\":\"WebPage\",\"@id\":\"https:\/\/idakorea.ee\/product\/wellderma-face-lifting-dark-silver-roller\/\",\"url\":\"https:\/\/idakorea.ee\/product\/wellderma-face-lifting-dark-silver-roller\/\",\"name\":\"WellDerma Face Lifting Dark Silver Roller - IDA.KOREA\",\"isPartOf\":{\"@id\":\"https:\/\/idakorea.ee\/#website\"},\"primaryImageOfPage\":{\"@id\":\"https:\/\/idakorea.ee\/product\/wellderma-face-lifting-dark-silver-roller\/#primaryimage\"},\"image\":{\"@id\":\"https:\/\/idakorea.ee\/product\/wellderma-face-lifting-dark-silver-roller\/#primaryimage\"},\"thumbnailUrl\":\"https:\/\/idakorea.ee\/wp-content\/uploads\/2026\/03\/wellderma-face-lifting-dark-silver-roller-idakorea.webp\",\"datePublished\":\"2026-03-15T16:07:54+00:00\",\"description\":\"Mehaaniline massaa\u017eer t\u00f6\u00f6tab l\u00e4bi k\u00f5ik n\u00e4olihased, aitab t\u00f5sta n\u00e4okontuuri, silub kortse ning annab nahale n\u00e4htava lifting-efekti.\",\"breadcrumb\":{\"@id\":\"https:\/\/idakorea.ee\/product\/wellderma-face-lifting-dark-silver-roller\/#breadcrumb\"},\"inLanguage\":\"en-US\",\"potentialAction\":[{\"@type\":\"ReadAction\",\"target\":[\"https:\/\/idakorea.ee\/product\/wellderma-face-lifting-dark-silver-roller\/\"]}]},{\"@type\":\"ImageObject\",\"inLanguage\":\"en-US\",\"@id\":\"https:\/\/idakorea.ee\/product\/wellderma-face-lifting-dark-silver-roller\/#primaryimage\",\"url\":\"https:\/\/idakorea.ee\/wp-content\/uploads\/2026\/03\/wellderma-face-lifting-dark-silver-roller-idakorea.webp\",\"contentUrl\":\"https:\/\/idakorea.ee\/wp-content\/uploads\/2026\/03\/wellderma-face-lifting-dark-silver-roller-idakorea.webp\",\"width\":1000,\"height\":1000},{\"@type\":\"BreadcrumbList\",\"@id\":\"https:\/\/idakorea.ee\/product\/wellderma-face-lifting-dark-silver-roller\/#breadcrumb\",\"itemListElement\":[{\"@type\":\"ListItem\",\"position\":1,\"name\":\"\u0413\u043b\u0430\u0432\u043d\u0430\u044f \u0441\u0442\u0440\u0430\u043d\u0438\u0446\u0430\",\"item\":\"https:\/\/idakorea.ee\/\"},{\"@type\":\"ListItem\",\"position\":2,\"name\":\"Shop\",\"item\":\"https:\/\/idakorea.ee\/shop-2\/\"},{\"@type\":\"ListItem\",\"position\":3,\"name\":\"N\u00e4orull-massaa\u017eer WellDerma Face Lifting Dark Silver Roller\"}]},{\"@type\":\"WebSite\",\"@id\":\"https:\/\/idakorea.ee\/#website\",\"url\":\"https:\/\/idakorea.ee\/\",\"name\":\"IDA.KOREA\",\"description\":\"Korea kosmeetika e-pood\",\"publisher\":{\"@id\":\"https:\/\/idakorea.ee\/#organization\"},\"alternateName\":\"Beauty Shop\",\"potentialAction\":[{\"@type\":\"SearchAction\",\"target\":{\"@type\":\"EntryPoint\",\"urlTemplate\":\"https:\/\/idakorea.ee\/?s={search_term_string}\"},\"query-input\":{\"@type\":\"PropertyValueSpecification\",\"valueRequired\":true,\"valueName\":\"search_term_string\"}}],\"inLanguage\":\"en-US\"},{\"@type\":\"Organization\",\"@id\":\"https:\/\/idakorea.ee\/#organization\",\"name\":\"IDA.KOREA\",\"url\":\"https:\/\/idakorea.ee\/\",\"logo\":{\"@type\":\"ImageObject\",\"inLanguage\":\"en-US\",\"@id\":\"https:\/\/idakorea.ee\/#\/schema\/logo\/image\/\",\"url\":\"https:\/\/idakorea.ee\/wp-content\/uploads\/2024\/05\/cropped-korea3.png\",\"contentUrl\":\"https:\/\/idakorea.ee\/wp-content\/uploads\/2024\/05\/cropped-korea3.png\",\"width\":688,\"height\":126,\"caption\":\"IDA.KOREA\"},\"image\":{\"@id\":\"https:\/\/idakorea.ee\/#\/schema\/logo\/image\/\"},\"sameAs\":[\"https:\/\/www.instagram.com\/ida.korea\/\"]}]}<\/script>\n<!-- \/ Yoast SEO plugin. -->","yoast_head_json":{"title":"WellDerma Face Lifting Dark Silver Roller - IDA.KOREA","description":"The mechanical massager works all facial muscles, helps lift the facial contour, smoothes wrinkles, and gives the skin a visible lifting effect.","robots":{"index":"index","follow":"follow","max-snippet":"max-snippet:-1","max-image-preview":"max-image-preview:large","max-video-preview":"max-video-preview:-1"},"canonical":"https:\/\/idakorea.ee\/en\/product\/wellderma-face-lifting-dark-silver-roller\/","og_locale":"en_US","og_type":"article","og_title":"WellDerma Face Lifting Dark Silver Roller - IDA.KOREA","og_description":"Mehaaniline massaa\u017eer t\u00f6\u00f6tab l\u00e4bi k\u00f5ik n\u00e4olihased, aitab t\u00f5sta n\u00e4okontuuri, silub kortse ning annab nahale n\u00e4htava lifting-efekti.","og_url":"https:\/\/idakorea.ee\/en\/product\/wellderma-face-lifting-dark-silver-roller\/","og_site_name":"IDA.KOREA","og_image":[{"width":1000,"height":1000,"url":"https:\/\/idakorea.ee\/wp-content\/uploads\/2026\/03\/wellderma-face-lifting-dark-silver-roller-idakorea.webp","type":"image\/webp"}],"twitter_card":"summary_large_image","twitter_misc":{"Est. reading time":"2 minutes"},"schema":{"@context":"https:\/\/schema.org","@graph":[{"@type":"WebPage","@id":"https:\/\/idakorea.ee\/product\/wellderma-face-lifting-dark-silver-roller\/","url":"https:\/\/idakorea.ee\/product\/wellderma-face-lifting-dark-silver-roller\/","name":"WellDerma Face Lifting Dark Silver Roller - IDA.KOREA","isPartOf":{"@id":"https:\/\/idakorea.ee\/#website"},"primaryImageOfPage":{"@id":"https:\/\/idakorea.ee\/product\/wellderma-face-lifting-dark-silver-roller\/#primaryimage"},"image":{"@id":"https:\/\/idakorea.ee\/product\/wellderma-face-lifting-dark-silver-roller\/#primaryimage"},"thumbnailUrl":"https:\/\/idakorea.ee\/wp-content\/uploads\/2026\/03\/wellderma-face-lifting-dark-silver-roller-idakorea.webp","datePublished":"2026-03-15T16:07:54+00:00","description":"The mechanical massager works all facial muscles, helps lift the facial contour, smoothes wrinkles, and gives the skin a visible lifting effect.","breadcrumb":{"@id":"https:\/\/idakorea.ee\/product\/wellderma-face-lifting-dark-silver-roller\/#breadcrumb"},"inLanguage":"en-US","potentialAction":[{"@type":"ReadAction","target":["https:\/\/idakorea.ee\/product\/wellderma-face-lifting-dark-silver-roller\/"]}]},{"@type":"ImageObject","inLanguage":"en-US","@id":"https:\/\/idakorea.ee\/product\/wellderma-face-lifting-dark-silver-roller\/#primaryimage","url":"https:\/\/idakorea.ee\/wp-content\/uploads\/2026\/03\/wellderma-face-lifting-dark-silver-roller-idakorea.webp","contentUrl":"https:\/\/idakorea.ee\/wp-content\/uploads\/2026\/03\/wellderma-face-lifting-dark-silver-roller-idakorea.webp","width":1000,"height":1000},{"@type":"BreadcrumbList","@id":"https:\/\/idakorea.ee\/product\/wellderma-face-lifting-dark-silver-roller\/#breadcrumb","itemListElement":[{"@type":"ListItem","position":1,"name":"\u0413\u043b\u0430\u0432\u043d\u0430\u044f \u0441\u0442\u0440\u0430\u043d\u0438\u0446\u0430","item":"https:\/\/idakorea.ee\/"},{"@type":"ListItem","position":2,"name":"Shop","item":"https:\/\/idakorea.ee\/shop-2\/"},{"@type":"ListItem","position":3,"name":"N\u00e4orull-massaa\u017eer WellDerma Face Lifting Dark Silver Roller"}]},{"@type":"WebSite","@id":"https:\/\/idakorea.ee\/#website","url":"https:\/\/idakorea.ee\/","name":"IDA.KOREA","description":"Korean cosmetics e-shop","publisher":{"@id":"https:\/\/idakorea.ee\/#organization"},"alternateName":"Beauty Shop","potentialAction":[{"@type":"SearchAction","target":{"@type":"EntryPoint","urlTemplate":"https:\/\/idakorea.ee\/?s={search_term_string}"},"query-input":{"@type":"PropertyValueSpecification","valueRequired":true,"valueName":"search_term_string"}}],"inLanguage":"en-US"},{"@type":"Organization","@id":"https:\/\/idakorea.ee\/#organization","name":"IDA.KOREA","url":"https:\/\/idakorea.ee\/","logo":{"@type":"ImageObject","inLanguage":"en-US","@id":"https:\/\/idakorea.ee\/#\/schema\/logo\/image\/","url":"https:\/\/idakorea.ee\/wp-content\/uploads\/2024\/05\/cropped-korea3.png","contentUrl":"https:\/\/idakorea.ee\/wp-content\/uploads\/2024\/05\/cropped-korea3.png","width":688,"height":126,"caption":"IDA.KOREA"},"image":{"@id":"https:\/\/idakorea.ee\/#\/schema\/logo\/image\/"},"sameAs":["https:\/\/www.instagram.com\/ida.korea\/"]}]}},"jetpack_sharing_enabled":true,"brands":[{"id":575,"name":"WELLDERMA","slug":"wellderma"}],"_links":{"self":[{"href":"https:\/\/idakorea.ee\/en\/wp-json\/wp\/v2\/product\/18088","targetHints":{"allow":["GET"]}}],"collection":[{"href":"https:\/\/idakorea.ee\/en\/wp-json\/wp\/v2\/product"}],"about":[{"href":"https:\/\/idakorea.ee\/en\/wp-json\/wp\/v2\/types\/product"}],"replies":[{"embeddable":true,"href":"https:\/\/idakorea.ee\/en\/wp-json\/wp\/v2\/comments?post=18088"}],"version-history":[{"count":2,"href":"https:\/\/idakorea.ee\/en\/wp-json\/wp\/v2\/product\/18088\/revisions"}],"predecessor-version":[{"id":18095,"href":"https:\/\/idakorea.ee\/en\/wp-json\/wp\/v2\/product\/18088\/revisions\/18095"}],"wp:featuredmedia":[{"embeddable":true,"href":"https:\/\/idakorea.ee\/en\/wp-json\/wp\/v2\/media\/18091"}],"wp:attachment":[{"href":"https:\/\/idakorea.ee\/en\/wp-json\/wp\/v2\/media?parent=18088"}],"wp:term":[{"taxonomy":"pwb-brand","embeddable":true,"href":"https:\/\/idakorea.ee\/en\/wp-json\/wp\/v2\/pwb-brand?post=18088"},{"taxonomy":"product_brand","embeddable":true,"href":"https:\/\/idakorea.ee\/en\/wp-json\/wp\/v2\/product_brand?post=18088"},{"taxonomy":"product_cat","embeddable":true,"href":"https:\/\/idakorea.ee\/en\/wp-json\/wp\/v2\/product_cat?post=18088"},{"taxonomy":"product_tag","embeddable":true,"href":"https:\/\/idakorea.ee\/en\/wp-json\/wp\/v2\/product_tag?post=18088"}],"curies":[{"name":"wp","href":"https:\/\/api.w.org\/{rel}","templated":true}]}}