{"id":18096,"date":"2026-03-16T09:32:17","date_gmt":"2026-03-16T07:32:17","guid":{"rendered":"https:\/\/idakorea.ee\/?post_type=product&#038;p=18096"},"modified":"2026-03-16T12:10:26","modified_gmt":"2026-03-16T10:10:26","slug":"shiseido-fino-premium-touch-hair-oil","status":"publish","type":"product","link":"https:\/\/idakorea.ee\/en\/product\/shiseido-fino-premium-touch-hair-oil\/","title":{"rendered":"Restorative hair oil-serum Shiseido Fino Premium Touch Hair Oil, 70ml"},"content":{"rendered":"<p><strong>SHISEIDO FINO Premium Touch Hair Oil<\/strong> is a hair oil that helps intensively restore damaged hair, making it smooth and shiny and protecting it from heat when blow-drying and styling.<\/p>\n<p><strong>Features<\/strong><\/p>\n<ul>\n<li class=\"translation-block\"><span class=\"BZ_Pyq_fadeIn\">restores<\/span> the structure <span class=\"BZ_Pyq_fadeIn\">of hair fibers<\/span> <span class=\"BZ_Pyq_fadeIn\">;<\/span><\/li>\n<li class=\"translation-block\"><span class=\"BZ_Pyq_fadeIn\">provides<\/span> <span class=\"BZ_Pyq_fadeIn\">deep<\/span> <span class=\"BZ_Pyq_fadeIn\">hydration<\/span> <span class=\"BZ_Pyq_fadeIn\">without<\/span> making <span class=\"BZ_Pyq_fadeIn\">hair<\/span> <span class=\"BZ_Pyq_fadeIn\">heavy<\/span> <span class=\"BZ_Pyq_fadeIn\">and<\/span> <span class=\"BZ_Pyq_fadeIn\">greasy<\/span> <span class=\"BZ_Pyq_fadeIn\">;<\/span><\/li>\n<li class=\"translation-block\"><span class=\"BZ_Pyq_fadeIn\">helps<\/span> <span class=\"BZ_Pyq_fadeIn\">prevent<\/span> <span class=\"BZ_Pyq_fadeIn\">damage<\/span> <span class=\"BZ_Pyq_fadeIn\">and<\/span> <span class=\"BZ_Pyq_fadeIn\">hair<\/span> <span class=\"BZ_Pyq_fadeIn\">breakage;<\/span><\/li>\n<li class=\"translation-block\"><span class=\"BZ_Pyq_fadeIn\">protects<\/span> <span class=\"BZ_Pyq_fadeIn\">hair<\/span> from <span class=\"BZ_Pyq_fadeIn\">the harmful<\/span> <span class=\"BZ_Pyq_fadeIn\">effects<\/span> <span class=\"BZ_Pyq_fadeIn\">of the environment<\/span> <span class=\"BZ_Pyq_fadeIn\">;<\/span><\/li>\n<li class=\"translation-block\"><span class=\"BZ_Pyq_fadeIn\">provides<\/span> <span class=\"BZ_Pyq_fadeIn\">effective<\/span> <span class=\"BZ_Pyq_fadeIn\">heat protection;<\/span><\/li>\n<li>gives hair a beautiful shine and a delicate aroma;<\/li>\n<li class=\"translation-block\"><span class=\"BZ_Pyq_fadeIn\">does not<\/span> <span class=\"BZ_Pyq_fadeIn\">weigh down<\/span> <span class=\"BZ_Pyq_fadeIn\">or<\/span> <span class=\"BZ_Pyq_fadeIn\">stick<\/span> <span class=\"BZ_Pyq_fadeIn\">hair<\/span> <span class=\"BZ_Pyq_fadeIn\">together.<\/span><\/li>\n<\/ul>\n<p><strong>Active ingredients<\/strong><\/p>\n<ul>\n<li><strong>Phytosteryl Macadamiate (based on macadamia nuts)<\/strong><br \/>\nHelps restore each hair strand from the inside, moisturizes and helps retain moisture in the hair.<\/li>\n<li><strong>Dimethicone<\/strong><br \/>\nProtects hair from external damage, does not weigh it down, increases shine and makes hair easier to comb. It also helps protect hair from heat and friction in various situations.<\/li>\n<li><strong>Skvala<\/strong><br \/>\nA stable and moisturizing component that helps prevent moisture loss. Increases heat protection, adds shine to hair and reduces breakage.<\/li>\n<li><strong>Tocopherol (vitamin E)<\/strong><br \/>\nRestores hair elasticity, helps prevent hair breakage and split ends.<\/li>\n<\/ul>\n<p>&nbsp;<\/p>\n<p><strong>Use of<\/strong><\/p>\n<p class=\"translation-block\"><span class=\"BZ_Pyq_fadeIn\">Can<\/span> <span class=\"BZ_Pyq_fadeIn\">be used<\/span> <span class=\"BZ_Pyq_fadeIn\">on semi-dry<\/span> <span class=\"BZ_Pyq_fadeIn\">or<\/span> <span class=\"BZ_Pyq_fadeIn\">completely<\/span> <span class=\"BZ_Pyq_fadeIn\">dry<\/span> <span class=\"BZ_Pyq_fadeIn\">hair.<\/span> <span class=\"BZ_Pyq_fadeIn\">Take<\/span> <span class=\"BZ_Pyq_fadeIn\">the required<\/span> <span class=\"BZ_Pyq_fadeIn\">amount<\/span> <span class=\"BZ_Pyq_fadeIn\">of oil<\/span> <span class=\"BZ_Pyq_fadeIn\">in the palm of your hand,<\/span> <span class=\"BZ_Pyq_fadeIn\">distribute<\/span> <span class=\"BZ_Pyq_fadeIn\">it<\/span> <span class=\"BZ_Pyq_fadeIn\">between<\/span> <span class=\"BZ_Pyq_fadeIn\">both<\/span> <span class=\"BZ_Pyq_fadeIn\">hands<\/span> <span class=\"BZ_Pyq_fadeIn\">and<\/span> <span class=\"BZ_Pyq_fadeIn\">apply<\/span> <span class=\"BZ_Pyq_fadeIn\">to hair,<\/span> <span class=\"BZ_Pyq_fadeIn\">paying<\/span> <span class=\"BZ_Pyq_fadeIn\">special<\/span> <span class=\"BZ_Pyq_fadeIn\">attention<\/span> <span class=\"BZ_Pyq_fadeIn\">to the ends.<\/span> <span class=\"BZ_Pyq_fadeIn\">Adjust<\/span> <span class=\"BZ_Pyq_fadeIn\">the amount<\/span> <span class=\"BZ_Pyq_fadeIn\">according to<\/span> <span class=\"BZ_Pyq_fadeIn\">the length<\/span> <span class=\"BZ_Pyq_fadeIn\">of the hair<\/span> <span class=\"BZ_Pyq_fadeIn\">and<\/span> the degree <span class=\"BZ_Pyq_fadeIn\">of damage<\/span> <span class=\"BZ_Pyq_fadeIn\">.<\/span><\/p>\n<p><strong>Recommended quantity:<\/strong><\/p>\n<p>short and medium length hair \u2013 1\u20132 pumps<\/p>\n<p>long hair \u2013 from 2 pumps<\/p>","protected":false},"excerpt":{"rendered":"<p>SHISEIDO FINO Premium Touch Hair Oil is a hair oil that helps intensively restore damaged hair, making it smooth and shiny and protecting it from heat when blow-drying and styling. Properties restores the structure of hair fibers; provides deep hydration without making hair heavy and greasy; helps prevent damage and hair breakage; protects hair from the harmful effects of the environment; provides effective heat protection;\u2026<\/p>","protected":false},"featured_media":18099,"comment_status":"open","ping_status":"closed","template":"","meta":{"_uf_show_specific_survey":0,"_uf_disable_surveys":false,"_bst_post_transparent":"default","_bst_post_title":"","_bst_post_layout":"default","_bst_post_sidebar_id":"","_bst_post_content_style":"default","_bst_post_vertical_padding":"default","_bst_post_feature":"","_bst_post_feature_position":"","_bst_post_header":false,"_bst_post_footer":false},"pwb-brand":[995],"product_brand":[],"product_cat":[923],"product_tag":[1138,996,671],"class_list":{"0":"post-18096","1":"product","2":"type-product","3":"status-publish","4":"has-post-thumbnail","6":"pwb-brand-shiseido","7":"product_cat-juuksed","8":"product_tag-fino","9":"product_tag-japan","10":"product_tag-oil","12":"first","13":"instock","14":"sale","15":"shipping-taxable","16":"purchasable","17":"product-type-simple","18":"entry","19":"content-bg","20":"loop-entry"},"supplier_id":null,"supplier_sku":"","barcode":null,"atum_controlled":true,"out_stock_date":null,"out_stock_threshold":null,"inheritable":false,"inbound_stock":null,"stock_on_hold":0,"sold_today":0,"sales_last_days":0,"out_stock_days":0,"lost_sales":0,"has_location":false,"update_date":"2026-04-14T00:05:09","atum_locations":[],"atum_stock_status":"instock","restock_status":false,"low_stock_amount":"","sales_update_date":"2026-04-14T00:05:09","calc_backorders":null,"yoast_head":"<!-- This site is optimized with the Yoast SEO plugin v27.2 - https:\/\/yoast.com\/product\/yoast-seo-wordpress\/ -->\n<title>Shiseido Fino Premium Touch Hair Oil, 70ml - IDA.KOREA<\/title>\n<meta name=\"description\" content=\"Juukse\u00f5li, mis aitab intensiivselt taastada kahjustatud juukseid, muutes need siledaks ja l\u00e4ikivaks ning kaitstes kuumuse eest f\u00f6\u00f6nitamisel. Kiire tarne!\" \/>\n<meta name=\"robots\" content=\"index, follow, max-snippet:-1, max-image-preview:large, max-video-preview:-1\" \/>\n<link rel=\"canonical\" href=\"https:\/\/idakorea.ee\/en\/product\/shiseido-fino-premium-touch-hair-oil\/\" \/>\n<meta property=\"og:locale\" content=\"en_US\" \/>\n<meta property=\"og:type\" content=\"article\" \/>\n<meta property=\"og:title\" content=\"Shiseido Fino Premium Touch Hair Oil, 70ml - IDA.KOREA\" \/>\n<meta property=\"og:description\" content=\"Juukse\u00f5li, mis aitab intensiivselt taastada kahjustatud juukseid, muutes need siledaks ja l\u00e4ikivaks ning kaitstes kuumuse eest f\u00f6\u00f6nitamisel. Kiire tarne!\" \/>\n<meta property=\"og:url\" content=\"https:\/\/idakorea.ee\/en\/product\/shiseido-fino-premium-touch-hair-oil\/\" \/>\n<meta property=\"og:site_name\" content=\"IDA.KOREA\" \/>\n<meta property=\"article:modified_time\" content=\"2026-03-16T10:10:26+00:00\" \/>\n<meta property=\"og:image\" content=\"https:\/\/idakorea.ee\/wp-content\/uploads\/2026\/03\/fino-premium-touch-hair-oil-idakorea.jpg\" \/>\n\t<meta property=\"og:image:width\" content=\"1500\" \/>\n\t<meta property=\"og:image:height\" content=\"1500\" \/>\n\t<meta property=\"og:image:type\" content=\"image\/jpeg\" \/>\n<meta name=\"twitter:card\" content=\"summary_large_image\" \/>\n<meta name=\"twitter:label1\" content=\"Est. reading time\" \/>\n\t<meta name=\"twitter:data1\" content=\"2 minutes\" \/>\n<script type=\"application\/ld+json\" class=\"yoast-schema-graph\">{\"@context\":\"https:\/\/schema.org\",\"@graph\":[{\"@type\":\"WebPage\",\"@id\":\"https:\/\/idakorea.ee\/product\/shiseido-fino-premium-touch-hair-oil\/\",\"url\":\"https:\/\/idakorea.ee\/product\/shiseido-fino-premium-touch-hair-oil\/\",\"name\":\"Shiseido Fino Premium Touch Hair Oil, 70ml - IDA.KOREA\",\"isPartOf\":{\"@id\":\"https:\/\/idakorea.ee\/#website\"},\"primaryImageOfPage\":{\"@id\":\"https:\/\/idakorea.ee\/product\/shiseido-fino-premium-touch-hair-oil\/#primaryimage\"},\"image\":{\"@id\":\"https:\/\/idakorea.ee\/product\/shiseido-fino-premium-touch-hair-oil\/#primaryimage\"},\"thumbnailUrl\":\"https:\/\/idakorea.ee\/wp-content\/uploads\/2026\/03\/fino-premium-touch-hair-oil-idakorea.jpg\",\"datePublished\":\"2026-03-16T07:32:17+00:00\",\"dateModified\":\"2026-03-16T10:10:26+00:00\",\"description\":\"Juukse\u00f5li, mis aitab intensiivselt taastada kahjustatud juukseid, muutes need siledaks ja l\u00e4ikivaks ning kaitstes kuumuse eest f\u00f6\u00f6nitamisel. Kiire tarne!\",\"breadcrumb\":{\"@id\":\"https:\/\/idakorea.ee\/product\/shiseido-fino-premium-touch-hair-oil\/#breadcrumb\"},\"inLanguage\":\"en-US\",\"potentialAction\":[{\"@type\":\"ReadAction\",\"target\":[\"https:\/\/idakorea.ee\/product\/shiseido-fino-premium-touch-hair-oil\/\"]}]},{\"@type\":\"ImageObject\",\"inLanguage\":\"en-US\",\"@id\":\"https:\/\/idakorea.ee\/product\/shiseido-fino-premium-touch-hair-oil\/#primaryimage\",\"url\":\"https:\/\/idakorea.ee\/wp-content\/uploads\/2026\/03\/fino-premium-touch-hair-oil-idakorea.jpg\",\"contentUrl\":\"https:\/\/idakorea.ee\/wp-content\/uploads\/2026\/03\/fino-premium-touch-hair-oil-idakorea.jpg\",\"width\":1500,\"height\":1500},{\"@type\":\"BreadcrumbList\",\"@id\":\"https:\/\/idakorea.ee\/product\/shiseido-fino-premium-touch-hair-oil\/#breadcrumb\",\"itemListElement\":[{\"@type\":\"ListItem\",\"position\":1,\"name\":\"\u0413\u043b\u0430\u0432\u043d\u0430\u044f \u0441\u0442\u0440\u0430\u043d\u0438\u0446\u0430\",\"item\":\"https:\/\/idakorea.ee\/\"},{\"@type\":\"ListItem\",\"position\":2,\"name\":\"Shop\",\"item\":\"https:\/\/idakorea.ee\/shop-2\/\"},{\"@type\":\"ListItem\",\"position\":3,\"name\":\"Taastav juukse\u00f5li-seerum Shiseido Fino Premium Touch Hair Oil, 70ml\"}]},{\"@type\":\"WebSite\",\"@id\":\"https:\/\/idakorea.ee\/#website\",\"url\":\"https:\/\/idakorea.ee\/\",\"name\":\"IDA.KOREA\",\"description\":\"Korea kosmeetika e-pood\",\"publisher\":{\"@id\":\"https:\/\/idakorea.ee\/#organization\"},\"alternateName\":\"Beauty Shop\",\"potentialAction\":[{\"@type\":\"SearchAction\",\"target\":{\"@type\":\"EntryPoint\",\"urlTemplate\":\"https:\/\/idakorea.ee\/?s={search_term_string}\"},\"query-input\":{\"@type\":\"PropertyValueSpecification\",\"valueRequired\":true,\"valueName\":\"search_term_string\"}}],\"inLanguage\":\"en-US\"},{\"@type\":\"Organization\",\"@id\":\"https:\/\/idakorea.ee\/#organization\",\"name\":\"IDA.KOREA\",\"url\":\"https:\/\/idakorea.ee\/\",\"logo\":{\"@type\":\"ImageObject\",\"inLanguage\":\"en-US\",\"@id\":\"https:\/\/idakorea.ee\/#\/schema\/logo\/image\/\",\"url\":\"https:\/\/idakorea.ee\/wp-content\/uploads\/2024\/05\/cropped-korea3.png\",\"contentUrl\":\"https:\/\/idakorea.ee\/wp-content\/uploads\/2024\/05\/cropped-korea3.png\",\"width\":688,\"height\":126,\"caption\":\"IDA.KOREA\"},\"image\":{\"@id\":\"https:\/\/idakorea.ee\/#\/schema\/logo\/image\/\"},\"sameAs\":[\"https:\/\/www.instagram.com\/ida.korea\/\"]}]}<\/script>\n<!-- \/ Yoast SEO plugin. -->","yoast_head_json":{"title":"Shiseido Fino Premium Touch Hair Oil, 70ml - IDA.KOREA","description":"Juukse\u00f5li, mis aitab intensiivselt taastada kahjustatud juukseid, muutes need siledaks ja l\u00e4ikivaks ning kaitstes kuumuse eest f\u00f6\u00f6nitamisel. Kiire tarne!","robots":{"index":"index","follow":"follow","max-snippet":"max-snippet:-1","max-image-preview":"max-image-preview:large","max-video-preview":"max-video-preview:-1"},"canonical":"https:\/\/idakorea.ee\/en\/product\/shiseido-fino-premium-touch-hair-oil\/","og_locale":"en_US","og_type":"article","og_title":"Shiseido Fino Premium Touch Hair Oil, 70ml - IDA.KOREA","og_description":"Juukse\u00f5li, mis aitab intensiivselt taastada kahjustatud juukseid, muutes need siledaks ja l\u00e4ikivaks ning kaitstes kuumuse eest f\u00f6\u00f6nitamisel. Kiire tarne!","og_url":"https:\/\/idakorea.ee\/en\/product\/shiseido-fino-premium-touch-hair-oil\/","og_site_name":"IDA.KOREA","article_modified_time":"2026-03-16T10:10:26+00:00","og_image":[{"width":1500,"height":1500,"url":"https:\/\/idakorea.ee\/wp-content\/uploads\/2026\/03\/fino-premium-touch-hair-oil-idakorea.jpg","type":"image\/jpeg"}],"twitter_card":"summary_large_image","twitter_misc":{"Est. reading time":"2 minutes"},"schema":{"@context":"https:\/\/schema.org","@graph":[{"@type":"WebPage","@id":"https:\/\/idakorea.ee\/product\/shiseido-fino-premium-touch-hair-oil\/","url":"https:\/\/idakorea.ee\/product\/shiseido-fino-premium-touch-hair-oil\/","name":"Shiseido Fino Premium Touch Hair Oil, 70ml - IDA.KOREA","isPartOf":{"@id":"https:\/\/idakorea.ee\/#website"},"primaryImageOfPage":{"@id":"https:\/\/idakorea.ee\/product\/shiseido-fino-premium-touch-hair-oil\/#primaryimage"},"image":{"@id":"https:\/\/idakorea.ee\/product\/shiseido-fino-premium-touch-hair-oil\/#primaryimage"},"thumbnailUrl":"https:\/\/idakorea.ee\/wp-content\/uploads\/2026\/03\/fino-premium-touch-hair-oil-idakorea.jpg","datePublished":"2026-03-16T07:32:17+00:00","dateModified":"2026-03-16T10:10:26+00:00","description":"Juukse\u00f5li, mis aitab intensiivselt taastada kahjustatud juukseid, muutes need siledaks ja l\u00e4ikivaks ning kaitstes kuumuse eest f\u00f6\u00f6nitamisel. Kiire tarne!","breadcrumb":{"@id":"https:\/\/idakorea.ee\/product\/shiseido-fino-premium-touch-hair-oil\/#breadcrumb"},"inLanguage":"en-US","potentialAction":[{"@type":"ReadAction","target":["https:\/\/idakorea.ee\/product\/shiseido-fino-premium-touch-hair-oil\/"]}]},{"@type":"ImageObject","inLanguage":"en-US","@id":"https:\/\/idakorea.ee\/product\/shiseido-fino-premium-touch-hair-oil\/#primaryimage","url":"https:\/\/idakorea.ee\/wp-content\/uploads\/2026\/03\/fino-premium-touch-hair-oil-idakorea.jpg","contentUrl":"https:\/\/idakorea.ee\/wp-content\/uploads\/2026\/03\/fino-premium-touch-hair-oil-idakorea.jpg","width":1500,"height":1500},{"@type":"BreadcrumbList","@id":"https:\/\/idakorea.ee\/product\/shiseido-fino-premium-touch-hair-oil\/#breadcrumb","itemListElement":[{"@type":"ListItem","position":1,"name":"\u0413\u043b\u0430\u0432\u043d\u0430\u044f \u0441\u0442\u0440\u0430\u043d\u0438\u0446\u0430","item":"https:\/\/idakorea.ee\/"},{"@type":"ListItem","position":2,"name":"Shop","item":"https:\/\/idakorea.ee\/shop-2\/"},{"@type":"ListItem","position":3,"name":"Taastav juukse\u00f5li-seerum Shiseido Fino Premium Touch Hair Oil, 70ml"}]},{"@type":"WebSite","@id":"https:\/\/idakorea.ee\/#website","url":"https:\/\/idakorea.ee\/","name":"IDA.KOREA","description":"Korean cosmetics e-shop","publisher":{"@id":"https:\/\/idakorea.ee\/#organization"},"alternateName":"Beauty Shop","potentialAction":[{"@type":"SearchAction","target":{"@type":"EntryPoint","urlTemplate":"https:\/\/idakorea.ee\/?s={search_term_string}"},"query-input":{"@type":"PropertyValueSpecification","valueRequired":true,"valueName":"search_term_string"}}],"inLanguage":"en-US"},{"@type":"Organization","@id":"https:\/\/idakorea.ee\/#organization","name":"IDA.KOREA","url":"https:\/\/idakorea.ee\/","logo":{"@type":"ImageObject","inLanguage":"en-US","@id":"https:\/\/idakorea.ee\/#\/schema\/logo\/image\/","url":"https:\/\/idakorea.ee\/wp-content\/uploads\/2024\/05\/cropped-korea3.png","contentUrl":"https:\/\/idakorea.ee\/wp-content\/uploads\/2024\/05\/cropped-korea3.png","width":688,"height":126,"caption":"IDA.KOREA"},"image":{"@id":"https:\/\/idakorea.ee\/#\/schema\/logo\/image\/"},"sameAs":["https:\/\/www.instagram.com\/ida.korea\/"]}]}},"jetpack_sharing_enabled":true,"brands":[{"id":995,"name":"SHISEIDO","slug":"shiseido"}],"_links":{"self":[{"href":"https:\/\/idakorea.ee\/en\/wp-json\/wp\/v2\/product\/18096","targetHints":{"allow":["GET"]}}],"collection":[{"href":"https:\/\/idakorea.ee\/en\/wp-json\/wp\/v2\/product"}],"about":[{"href":"https:\/\/idakorea.ee\/en\/wp-json\/wp\/v2\/types\/product"}],"replies":[{"embeddable":true,"href":"https:\/\/idakorea.ee\/en\/wp-json\/wp\/v2\/comments?post=18096"}],"version-history":[{"count":4,"href":"https:\/\/idakorea.ee\/en\/wp-json\/wp\/v2\/product\/18096\/revisions"}],"predecessor-version":[{"id":18104,"href":"https:\/\/idakorea.ee\/en\/wp-json\/wp\/v2\/product\/18096\/revisions\/18104"}],"wp:featuredmedia":[{"embeddable":true,"href":"https:\/\/idakorea.ee\/en\/wp-json\/wp\/v2\/media\/18099"}],"wp:attachment":[{"href":"https:\/\/idakorea.ee\/en\/wp-json\/wp\/v2\/media?parent=18096"}],"wp:term":[{"taxonomy":"pwb-brand","embeddable":true,"href":"https:\/\/idakorea.ee\/en\/wp-json\/wp\/v2\/pwb-brand?post=18096"},{"taxonomy":"product_brand","embeddable":true,"href":"https:\/\/idakorea.ee\/en\/wp-json\/wp\/v2\/product_brand?post=18096"},{"taxonomy":"product_cat","embeddable":true,"href":"https:\/\/idakorea.ee\/en\/wp-json\/wp\/v2\/product_cat?post=18096"},{"taxonomy":"product_tag","embeddable":true,"href":"https:\/\/idakorea.ee\/en\/wp-json\/wp\/v2\/product_tag?post=18096"}],"curies":[{"name":"wp","href":"https:\/\/api.w.org\/{rel}","templated":true}]}}