{"id":18106,"date":"2026-03-16T12:29:25","date_gmt":"2026-03-16T10:29:25","guid":{"rendered":"https:\/\/idakorea.ee\/?post_type=product&#038;p=18106"},"modified":"2026-04-11T16:26:23","modified_gmt":"2026-04-11T14:26:23","slug":"purito-seoul-wonder-releaf-centella-eye-cream-unscented-30ml","status":"publish","type":"product","link":"https:\/\/idakorea.ee\/en\/product\/purito-seoul-wonder-releaf-centella-eye-cream-unscented-30ml\/","title":{"rendered":"Purito Seoul Wonder Releaf Centella Eye Cream Unscented, 30ml"},"content":{"rendered":"<p>Eye cream with peptides and centella <strong>Purito Seoul Wonder Releaf Centella Eye Cream Unscented<\/strong> helps restore and soothe the skin, improves elasticity and reduces the depth of expression lines.<\/p>\n<p>The cream deeply moisturizes, helps prevent dryness and flaking of the skin and relieves irritation around the eye area. This vegan eye cream is made without fragrances and dyes and has a pH level of approximately 6.1. The product does not contain essential oils and is also suitable for atopic and sensitive skin. The light texture spreads evenly on the skin, absorbs quickly and does not cause discomfort.<\/p>\n<p><strong>Main active ingredients:<\/strong><\/p>\n<ul>\n<li><strong>Asian water-lily extract (Centella asiatica)<\/strong><br \/>\nHas anti-inflammatory and wound healing effects, helps restore the skin&#039;s protective barrier and retain moisture, reduces sensitivity and swelling.<\/li>\n<li><strong>4 peptides <\/strong><strong>(Palmitoyl Dipeptide-10, Palmitoyl Tetrapeptide-7, Palmitoyl Tripeptide-1, Palmitoyl Hexapeptide-12)<\/strong><br \/>\nThey have an anti-aging effect: they stimulate skin renewal, reduce the depth of wrinkles, and make the skin smoother and firmer.<\/li>\n<li><strong>Panthenol (vitamin B5)<\/strong><br \/>\nRelieves redness and itching, strengthens the skin&#039;s hydrolipid barrier, reduces moisture loss and accelerates the recovery of damaged skin.<\/li>\n<li><strong>Ceramides<\/strong><br \/>\nStrengthens skin cells and protects them from damage, helps retain moisture and ensures long-lasting hydration, supporting the skin&#039;s optimal hydrolipidic balance.<\/li>\n<li><strong>Shea and macadamia nut oil<\/strong><br \/>\nThey nourish, moisturize and restore the skin, reduce dryness and flaking, and provide antioxidant protection.<\/li>\n<\/ul>\n<p>&nbsp;<\/p>\n<p><strong>Usage:<\/strong><\/p>\n<p>Apply a small amount of cream with gentle patting movements to the eye area and nasolabial folds.<\/p>","protected":false},"excerpt":{"rendered":"<p>Purito Seoul Wonder Releaf Centella Eye Cream Unscented with peptides and centella helps restore and soothe the skin, improves elasticity and reduces the depth of expression lines. The cream deeply moisturizes, helps prevent dryness and flaking of the skin and relieves irritation around the eye area. This vegan eye cream is made without fragrances and dyes and has a pH level of approximately 6.1. The product does not contain\u2026<\/p>","protected":false},"featured_media":18108,"comment_status":"open","ping_status":"closed","template":"","meta":{"_uf_show_specific_survey":0,"_uf_disable_surveys":false,"_bst_post_transparent":"default","_bst_post_title":"","_bst_post_layout":"default","_bst_post_sidebar_id":"","_bst_post_content_style":"default","_bst_post_vertical_padding":"default","_bst_post_feature":"","_bst_post_feature_position":"","_bst_post_header":false,"_bst_post_footer":false},"pwb-brand":[491],"product_brand":[],"product_cat":[92,99,201],"product_tag":[678,568,677],"class_list":{"0":"post-18106","1":"product","2":"type-product","3":"status-publish","4":"has-post-thumbnail","6":"pwb-brand-purito","7":"product_cat-nagu","8":"product_cat-silmad-ja-huuled-2","9":"product_cat-silmakreem","10":"product_tag-eye-cream","11":"product_tag-korea","12":"product_tag-purito","14":"first","15":"instock","16":"sale","17":"shipping-taxable","18":"purchasable","19":"product-type-simple","20":"entry","21":"content-bg","22":"loop-entry"},"supplier_id":null,"supplier_sku":"","barcode":null,"atum_controlled":true,"out_stock_date":null,"out_stock_threshold":null,"inheritable":false,"inbound_stock":null,"stock_on_hold":0,"sold_today":0,"sales_last_days":0,"out_stock_days":0,"lost_sales":0,"has_location":false,"update_date":"2026-04-14T00:05:12","atum_locations":[],"atum_stock_status":"instock","restock_status":false,"low_stock_amount":"","sales_update_date":"2026-04-14T00:05:12","calc_backorders":null,"yoast_head":"<!-- This site is optimized with the Yoast SEO plugin v27.2 - https:\/\/yoast.com\/product\/yoast-seo-wordpress\/ -->\n<title>Purito Seoul Wonder Releaf Centella Eye Cream Unscented, 30ml - IDA.KOREA<\/title>\n<meta name=\"description\" content=\"Peptiidide ja tsentellaga silma\u00fcmbruskreem aitab nahka taastada ja rahustada, parandab elastsust ning v\u00e4hendab miimikakortsude s\u00fcgavust.\" \/>\n<meta name=\"robots\" content=\"index, follow, max-snippet:-1, max-image-preview:large, max-video-preview:-1\" \/>\n<link rel=\"canonical\" href=\"https:\/\/idakorea.ee\/en\/product\/purito-seoul-wonder-releaf-centella-eye-cream-unscented-30ml\/\" \/>\n<meta property=\"og:locale\" content=\"en_US\" \/>\n<meta property=\"og:type\" content=\"article\" \/>\n<meta property=\"og:title\" content=\"Purito Seoul Wonder Releaf Centella Eye Cream Unscented, 30ml - IDA.KOREA\" \/>\n<meta property=\"og:description\" content=\"Peptiidide ja tsentellaga silma\u00fcmbruskreem aitab nahka taastada ja rahustada, parandab elastsust ning v\u00e4hendab miimikakortsude s\u00fcgavust.\" \/>\n<meta property=\"og:url\" content=\"https:\/\/idakorea.ee\/en\/product\/purito-seoul-wonder-releaf-centella-eye-cream-unscented-30ml\/\" \/>\n<meta property=\"og:site_name\" content=\"IDA.KOREA\" \/>\n<meta property=\"article:modified_time\" content=\"2026-04-11T14:26:23+00:00\" \/>\n<meta property=\"og:image\" content=\"https:\/\/idakorea.ee\/wp-content\/uploads\/2026\/03\/Purito_Centella_Unscented_Eye_Cream3-idakorea.webp\" \/>\n\t<meta property=\"og:image:width\" content=\"950\" \/>\n\t<meta property=\"og:image:height\" content=\"950\" \/>\n\t<meta property=\"og:image:type\" content=\"image\/webp\" \/>\n<meta name=\"twitter:card\" content=\"summary_large_image\" \/>\n<meta name=\"twitter:label1\" content=\"Est. reading time\" \/>\n\t<meta name=\"twitter:data1\" content=\"2 minutes\" \/>\n<script type=\"application\/ld+json\" class=\"yoast-schema-graph\">{\"@context\":\"https:\/\/schema.org\",\"@graph\":[{\"@type\":\"WebPage\",\"@id\":\"https:\/\/idakorea.ee\/product\/purito-seoul-wonder-releaf-centella-eye-cream-unscented-30ml\/\",\"url\":\"https:\/\/idakorea.ee\/product\/purito-seoul-wonder-releaf-centella-eye-cream-unscented-30ml\/\",\"name\":\"Purito Seoul Wonder Releaf Centella Eye Cream Unscented, 30ml - IDA.KOREA\",\"isPartOf\":{\"@id\":\"https:\/\/idakorea.ee\/#website\"},\"primaryImageOfPage\":{\"@id\":\"https:\/\/idakorea.ee\/product\/purito-seoul-wonder-releaf-centella-eye-cream-unscented-30ml\/#primaryimage\"},\"image\":{\"@id\":\"https:\/\/idakorea.ee\/product\/purito-seoul-wonder-releaf-centella-eye-cream-unscented-30ml\/#primaryimage\"},\"thumbnailUrl\":\"https:\/\/idakorea.ee\/wp-content\/uploads\/2026\/03\/Purito_Centella_Unscented_Eye_Cream3-idakorea.webp\",\"datePublished\":\"2026-03-16T10:29:25+00:00\",\"dateModified\":\"2026-04-11T14:26:23+00:00\",\"description\":\"Peptiidide ja tsentellaga silma\u00fcmbruskreem aitab nahka taastada ja rahustada, parandab elastsust ning v\u00e4hendab miimikakortsude s\u00fcgavust.\",\"breadcrumb\":{\"@id\":\"https:\/\/idakorea.ee\/product\/purito-seoul-wonder-releaf-centella-eye-cream-unscented-30ml\/#breadcrumb\"},\"inLanguage\":\"en-US\",\"potentialAction\":[{\"@type\":\"ReadAction\",\"target\":[\"https:\/\/idakorea.ee\/product\/purito-seoul-wonder-releaf-centella-eye-cream-unscented-30ml\/\"]}]},{\"@type\":\"ImageObject\",\"inLanguage\":\"en-US\",\"@id\":\"https:\/\/idakorea.ee\/product\/purito-seoul-wonder-releaf-centella-eye-cream-unscented-30ml\/#primaryimage\",\"url\":\"https:\/\/idakorea.ee\/wp-content\/uploads\/2026\/03\/Purito_Centella_Unscented_Eye_Cream3-idakorea.webp\",\"contentUrl\":\"https:\/\/idakorea.ee\/wp-content\/uploads\/2026\/03\/Purito_Centella_Unscented_Eye_Cream3-idakorea.webp\",\"width\":950,\"height\":950},{\"@type\":\"BreadcrumbList\",\"@id\":\"https:\/\/idakorea.ee\/product\/purito-seoul-wonder-releaf-centella-eye-cream-unscented-30ml\/#breadcrumb\",\"itemListElement\":[{\"@type\":\"ListItem\",\"position\":1,\"name\":\"\u0413\u043b\u0430\u0432\u043d\u0430\u044f \u0441\u0442\u0440\u0430\u043d\u0438\u0446\u0430\",\"item\":\"https:\/\/idakorea.ee\/\"},{\"@type\":\"ListItem\",\"position\":2,\"name\":\"Shop\",\"item\":\"https:\/\/idakorea.ee\/shop-2\/\"},{\"@type\":\"ListItem\",\"position\":3,\"name\":\"Taastav silma\u00fcmbruskreem peptiidide ja tsentellaga Purito Seoul Wonder Releaf Centella Eye Cream Unscented, 30ml\"}]},{\"@type\":\"WebSite\",\"@id\":\"https:\/\/idakorea.ee\/#website\",\"url\":\"https:\/\/idakorea.ee\/\",\"name\":\"IDA.KOREA\",\"description\":\"Korea kosmeetika e-pood\",\"publisher\":{\"@id\":\"https:\/\/idakorea.ee\/#organization\"},\"alternateName\":\"Beauty Shop\",\"potentialAction\":[{\"@type\":\"SearchAction\",\"target\":{\"@type\":\"EntryPoint\",\"urlTemplate\":\"https:\/\/idakorea.ee\/?s={search_term_string}\"},\"query-input\":{\"@type\":\"PropertyValueSpecification\",\"valueRequired\":true,\"valueName\":\"search_term_string\"}}],\"inLanguage\":\"en-US\"},{\"@type\":\"Organization\",\"@id\":\"https:\/\/idakorea.ee\/#organization\",\"name\":\"IDA.KOREA\",\"url\":\"https:\/\/idakorea.ee\/\",\"logo\":{\"@type\":\"ImageObject\",\"inLanguage\":\"en-US\",\"@id\":\"https:\/\/idakorea.ee\/#\/schema\/logo\/image\/\",\"url\":\"https:\/\/idakorea.ee\/wp-content\/uploads\/2024\/05\/cropped-korea3.png\",\"contentUrl\":\"https:\/\/idakorea.ee\/wp-content\/uploads\/2024\/05\/cropped-korea3.png\",\"width\":688,\"height\":126,\"caption\":\"IDA.KOREA\"},\"image\":{\"@id\":\"https:\/\/idakorea.ee\/#\/schema\/logo\/image\/\"},\"sameAs\":[\"https:\/\/www.instagram.com\/ida.korea\/\"]}]}<\/script>\n<!-- \/ Yoast SEO plugin. -->","yoast_head_json":{"title":"Purito Seoul Wonder Releaf Centella Eye Cream Unscented, 30ml - IDA.KOREA","description":"Peptiidide ja tsentellaga silma\u00fcmbruskreem aitab nahka taastada ja rahustada, parandab elastsust ning v\u00e4hendab miimikakortsude s\u00fcgavust.","robots":{"index":"index","follow":"follow","max-snippet":"max-snippet:-1","max-image-preview":"max-image-preview:large","max-video-preview":"max-video-preview:-1"},"canonical":"https:\/\/idakorea.ee\/en\/product\/purito-seoul-wonder-releaf-centella-eye-cream-unscented-30ml\/","og_locale":"en_US","og_type":"article","og_title":"Purito Seoul Wonder Releaf Centella Eye Cream Unscented, 30ml - IDA.KOREA","og_description":"Peptiidide ja tsentellaga silma\u00fcmbruskreem aitab nahka taastada ja rahustada, parandab elastsust ning v\u00e4hendab miimikakortsude s\u00fcgavust.","og_url":"https:\/\/idakorea.ee\/en\/product\/purito-seoul-wonder-releaf-centella-eye-cream-unscented-30ml\/","og_site_name":"IDA.KOREA","article_modified_time":"2026-04-11T14:26:23+00:00","og_image":[{"width":950,"height":950,"url":"https:\/\/idakorea.ee\/wp-content\/uploads\/2026\/03\/Purito_Centella_Unscented_Eye_Cream3-idakorea.webp","type":"image\/webp"}],"twitter_card":"summary_large_image","twitter_misc":{"Est. reading time":"2 minutes"},"schema":{"@context":"https:\/\/schema.org","@graph":[{"@type":"WebPage","@id":"https:\/\/idakorea.ee\/product\/purito-seoul-wonder-releaf-centella-eye-cream-unscented-30ml\/","url":"https:\/\/idakorea.ee\/product\/purito-seoul-wonder-releaf-centella-eye-cream-unscented-30ml\/","name":"Purito Seoul Wonder Releaf Centella Eye Cream Unscented, 30ml - IDA.KOREA","isPartOf":{"@id":"https:\/\/idakorea.ee\/#website"},"primaryImageOfPage":{"@id":"https:\/\/idakorea.ee\/product\/purito-seoul-wonder-releaf-centella-eye-cream-unscented-30ml\/#primaryimage"},"image":{"@id":"https:\/\/idakorea.ee\/product\/purito-seoul-wonder-releaf-centella-eye-cream-unscented-30ml\/#primaryimage"},"thumbnailUrl":"https:\/\/idakorea.ee\/wp-content\/uploads\/2026\/03\/Purito_Centella_Unscented_Eye_Cream3-idakorea.webp","datePublished":"2026-03-16T10:29:25+00:00","dateModified":"2026-04-11T14:26:23+00:00","description":"Peptiidide ja tsentellaga silma\u00fcmbruskreem aitab nahka taastada ja rahustada, parandab elastsust ning v\u00e4hendab miimikakortsude s\u00fcgavust.","breadcrumb":{"@id":"https:\/\/idakorea.ee\/product\/purito-seoul-wonder-releaf-centella-eye-cream-unscented-30ml\/#breadcrumb"},"inLanguage":"en-US","potentialAction":[{"@type":"ReadAction","target":["https:\/\/idakorea.ee\/product\/purito-seoul-wonder-releaf-centella-eye-cream-unscented-30ml\/"]}]},{"@type":"ImageObject","inLanguage":"en-US","@id":"https:\/\/idakorea.ee\/product\/purito-seoul-wonder-releaf-centella-eye-cream-unscented-30ml\/#primaryimage","url":"https:\/\/idakorea.ee\/wp-content\/uploads\/2026\/03\/Purito_Centella_Unscented_Eye_Cream3-idakorea.webp","contentUrl":"https:\/\/idakorea.ee\/wp-content\/uploads\/2026\/03\/Purito_Centella_Unscented_Eye_Cream3-idakorea.webp","width":950,"height":950},{"@type":"BreadcrumbList","@id":"https:\/\/idakorea.ee\/product\/purito-seoul-wonder-releaf-centella-eye-cream-unscented-30ml\/#breadcrumb","itemListElement":[{"@type":"ListItem","position":1,"name":"\u0413\u043b\u0430\u0432\u043d\u0430\u044f \u0441\u0442\u0440\u0430\u043d\u0438\u0446\u0430","item":"https:\/\/idakorea.ee\/"},{"@type":"ListItem","position":2,"name":"Shop","item":"https:\/\/idakorea.ee\/shop-2\/"},{"@type":"ListItem","position":3,"name":"Taastav silma\u00fcmbruskreem peptiidide ja tsentellaga Purito Seoul Wonder Releaf Centella Eye Cream Unscented, 30ml"}]},{"@type":"WebSite","@id":"https:\/\/idakorea.ee\/#website","url":"https:\/\/idakorea.ee\/","name":"IDA.KOREA","description":"Korean cosmetics e-shop","publisher":{"@id":"https:\/\/idakorea.ee\/#organization"},"alternateName":"Beauty Shop","potentialAction":[{"@type":"SearchAction","target":{"@type":"EntryPoint","urlTemplate":"https:\/\/idakorea.ee\/?s={search_term_string}"},"query-input":{"@type":"PropertyValueSpecification","valueRequired":true,"valueName":"search_term_string"}}],"inLanguage":"en-US"},{"@type":"Organization","@id":"https:\/\/idakorea.ee\/#organization","name":"IDA.KOREA","url":"https:\/\/idakorea.ee\/","logo":{"@type":"ImageObject","inLanguage":"en-US","@id":"https:\/\/idakorea.ee\/#\/schema\/logo\/image\/","url":"https:\/\/idakorea.ee\/wp-content\/uploads\/2024\/05\/cropped-korea3.png","contentUrl":"https:\/\/idakorea.ee\/wp-content\/uploads\/2024\/05\/cropped-korea3.png","width":688,"height":126,"caption":"IDA.KOREA"},"image":{"@id":"https:\/\/idakorea.ee\/#\/schema\/logo\/image\/"},"sameAs":["https:\/\/www.instagram.com\/ida.korea\/"]}]}},"jetpack_sharing_enabled":true,"brands":[{"id":491,"name":"PURITO","slug":"purito"}],"_links":{"self":[{"href":"https:\/\/idakorea.ee\/en\/wp-json\/wp\/v2\/product\/18106","targetHints":{"allow":["GET"]}}],"collection":[{"href":"https:\/\/idakorea.ee\/en\/wp-json\/wp\/v2\/product"}],"about":[{"href":"https:\/\/idakorea.ee\/en\/wp-json\/wp\/v2\/types\/product"}],"replies":[{"embeddable":true,"href":"https:\/\/idakorea.ee\/en\/wp-json\/wp\/v2\/comments?post=18106"}],"version-history":[{"count":1,"href":"https:\/\/idakorea.ee\/en\/wp-json\/wp\/v2\/product\/18106\/revisions"}],"predecessor-version":[{"id":18110,"href":"https:\/\/idakorea.ee\/en\/wp-json\/wp\/v2\/product\/18106\/revisions\/18110"}],"wp:featuredmedia":[{"embeddable":true,"href":"https:\/\/idakorea.ee\/en\/wp-json\/wp\/v2\/media\/18108"}],"wp:attachment":[{"href":"https:\/\/idakorea.ee\/en\/wp-json\/wp\/v2\/media?parent=18106"}],"wp:term":[{"taxonomy":"pwb-brand","embeddable":true,"href":"https:\/\/idakorea.ee\/en\/wp-json\/wp\/v2\/pwb-brand?post=18106"},{"taxonomy":"product_brand","embeddable":true,"href":"https:\/\/idakorea.ee\/en\/wp-json\/wp\/v2\/product_brand?post=18106"},{"taxonomy":"product_cat","embeddable":true,"href":"https:\/\/idakorea.ee\/en\/wp-json\/wp\/v2\/product_cat?post=18106"},{"taxonomy":"product_tag","embeddable":true,"href":"https:\/\/idakorea.ee\/en\/wp-json\/wp\/v2\/product_tag?post=18106"}],"curies":[{"name":"wp","href":"https:\/\/api.w.org\/{rel}","templated":true}]}}