{"id":18195,"date":"2026-03-22T18:34:01","date_gmt":"2026-03-22T16:34:01","guid":{"rendered":"https:\/\/idakorea.ee\/?post_type=product&#038;p=18195"},"modified":"2026-03-22T18:34:01","modified_gmt":"2026-03-22T16:34:01","slug":"celimax-oil-control-moisturizing-cream-80ml","status":"publish","type":"product","link":"https:\/\/idakorea.ee\/en\/product\/celimax-oil-control-moisturizing-cream-80ml\/","title":{"rendered":"Celimax Oil Control Moisturizing Cream, 80ml"},"content":{"rendered":"<p>Moisturizing cream <strong>Celimax Oil Control Moisturizing Cream<\/strong> Helps normalize the function of the sebaceous glands, reduces oiliness of the skin during the day and provides a matte finish. Maintains optimal hydrolipidic balance without causing dryness or flaking.<\/p>\n<p>The cream softens rough skin areas and smoothes the skin&#039;s microrelief, evens out the complexion. Helps reduce enlarged pores and makes sebaceous glands less noticeable.<\/p>\n<p>The product has a light gel texture that absorbs quickly and does not leave the skin sticky. It does not contain artificial colors or fragrances.<\/p>\n<p><strong>Main active ingredients<\/strong><\/p>\n<ul>\n<li><strong>Anti-Sebum P\u2122<\/strong><br \/>\nA herbal complex (pine, elm, evening primrose and pueraria extracts) that helps reduce excess sebum production and removes oily shine.<\/li>\n<li><strong>Anti-Pore S<\/strong><br \/>\n(Kummerowia Striata Extract, Cornus Officinalis Bark Extract, Leptospermum Scoparium Leaf Extract)<br \/>\nSoothes irritation and redness, helps reduce pore size, protects against oxidative stress and has a photoprotective effect.<\/li>\n<li><strong>Zinc<\/strong><br \/>\nRegulates the activity of the sebaceous glands and mattifies the skin. Supports the skin&#039;s regeneration and renewal processes.<\/li>\n<li><strong>4-Terpineol<\/strong><br \/>\nA tea tree derivative with antioxidant properties, it soothes the skin and helps prevent post-inflammatory pigmentation.<\/li>\n<li><strong>Panthenol (vitamin B5)<\/strong><br \/>\nRelieves redness and itching, strengthens the skin&#039;s protective barrier, reduces moisture loss and promotes the regeneration of damaged skin.<\/li>\n<li><strong>Beta-glucan (0.5%)<\/strong><br \/>\nIt has anti-inflammatory and anti-aging effects, intensely moisturizes and protects against free radicals.<\/li>\n<\/ul>\n<p>&nbsp;<\/p>\n<p>Suitable for normal, combination and oily skin.<\/p>\n<p><strong>Use of<\/strong><\/p>\n<p>After cleansing, toning and serum, apply the cream to your face and spread evenly over your skin.<\/p>\n<p>&nbsp;<\/p>","protected":false},"excerpt":{"rendered":"<p>Celimax Oil Control Moisturizing Cream helps normalize the work of the sebaceous glands, reduces skin oiliness during the day and gives a matte result. Maintains optimal hydrolipidic balance, without causing dryness or flaking. The cream softens rough skin areas and smoothes the skin&#039;s microrelief, evens out the complexion. Helps reduce enlarged pores and makes sebaceous threads less noticeable. The product has a light gel texture that is quickly absorbed\u2026<\/p>","protected":false},"featured_media":18197,"comment_status":"open","ping_status":"closed","template":"","meta":{"_uf_show_specific_survey":0,"_uf_disable_surveys":false,"_bst_post_transparent":"default","_bst_post_title":"","_bst_post_layout":"default","_bst_post_sidebar_id":"","_bst_post_content_style":"default","_bst_post_vertical_padding":"default","_bst_post_feature":"","_bst_post_feature_position":"","_bst_post_header":false,"_bst_post_footer":false},"pwb-brand":[885],"product_brand":[],"product_cat":[92,96],"product_tag":[886,568,976,1142,214],"class_list":{"0":"post-18195","1":"product","2":"type-product","3":"status-publish","4":"has-post-thumbnail","6":"pwb-brand-celimax","7":"product_cat-nagu","8":"product_cat-naokreemid","9":"product_tag-celimax","10":"product_tag-korea","11":"product_tag-kreem","12":"product_tag-olily-skin","13":"product_tag-rasune-nahk","15":"first","16":"instock","17":"sale","18":"shipping-taxable","19":"purchasable","20":"product-type-simple","21":"entry","22":"content-bg","23":"loop-entry"},"supplier_id":null,"supplier_sku":"","barcode":null,"atum_controlled":true,"out_stock_date":null,"out_stock_threshold":null,"inheritable":false,"inbound_stock":null,"stock_on_hold":0,"sold_today":0,"sales_last_days":0,"out_stock_days":0,"lost_sales":0,"has_location":false,"update_date":"2026-04-16T00:05:57","atum_locations":[],"atum_stock_status":"instock","restock_status":false,"low_stock_amount":"","sales_update_date":"2026-04-16T00:05:57","calc_backorders":null,"yoast_head":"<!-- This site is optimized with the Yoast SEO plugin v27.2 - https:\/\/yoast.com\/product\/yoast-seo-wordpress\/ -->\n<title>Celimax Oil Control Moisturizing Cream, 80ml - IDA.KOREA<\/title>\n<meta name=\"description\" content=\"Niisutav kreem aitab normaliseerida rasun\u00e4\u00e4rmete t\u00f6\u00f6d, v\u00e4hendab naha rasusust p\u00e4eva jooksul ja annab mati tulemuse. Kiire tarne!\" \/>\n<meta name=\"robots\" content=\"index, follow, max-snippet:-1, max-image-preview:large, max-video-preview:-1\" \/>\n<link rel=\"canonical\" href=\"https:\/\/idakorea.ee\/en\/product\/celimax-oil-control-moisturizing-cream-80ml\/\" \/>\n<meta property=\"og:locale\" content=\"en_US\" \/>\n<meta property=\"og:type\" content=\"article\" \/>\n<meta property=\"og:title\" content=\"Celimax Oil Control Moisturizing Cream, 80ml - IDA.KOREA\" \/>\n<meta property=\"og:description\" content=\"Niisutav kreem aitab normaliseerida rasun\u00e4\u00e4rmete t\u00f6\u00f6d, v\u00e4hendab naha rasusust p\u00e4eva jooksul ja annab mati tulemuse. Kiire tarne!\" \/>\n<meta property=\"og:url\" content=\"https:\/\/idakorea.ee\/en\/product\/celimax-oil-control-moisturizing-cream-80ml\/\" \/>\n<meta property=\"og:site_name\" content=\"IDA.KOREA\" \/>\n<meta property=\"og:image\" content=\"https:\/\/idakorea.ee\/wp-content\/uploads\/2026\/03\/Celimax-Oil-Control-Moisturizing-Cream-idakorea.jpg\" \/>\n\t<meta property=\"og:image:width\" content=\"1000\" \/>\n\t<meta property=\"og:image:height\" content=\"1000\" \/>\n\t<meta property=\"og:image:type\" content=\"image\/jpeg\" \/>\n<meta name=\"twitter:card\" content=\"summary_large_image\" \/>\n<meta name=\"twitter:label1\" content=\"Est. reading time\" \/>\n\t<meta name=\"twitter:data1\" content=\"2 minutes\" \/>\n<script type=\"application\/ld+json\" class=\"yoast-schema-graph\">{\"@context\":\"https:\/\/schema.org\",\"@graph\":[{\"@type\":\"WebPage\",\"@id\":\"https:\/\/idakorea.ee\/product\/celimax-oil-control-moisturizing-cream-80ml\/\",\"url\":\"https:\/\/idakorea.ee\/product\/celimax-oil-control-moisturizing-cream-80ml\/\",\"name\":\"Celimax Oil Control Moisturizing Cream, 80ml - IDA.KOREA\",\"isPartOf\":{\"@id\":\"https:\/\/idakorea.ee\/#website\"},\"primaryImageOfPage\":{\"@id\":\"https:\/\/idakorea.ee\/product\/celimax-oil-control-moisturizing-cream-80ml\/#primaryimage\"},\"image\":{\"@id\":\"https:\/\/idakorea.ee\/product\/celimax-oil-control-moisturizing-cream-80ml\/#primaryimage\"},\"thumbnailUrl\":\"https:\/\/idakorea.ee\/wp-content\/uploads\/2026\/03\/Celimax-Oil-Control-Moisturizing-Cream-idakorea.jpg\",\"datePublished\":\"2026-03-22T16:34:01+00:00\",\"description\":\"Niisutav kreem aitab normaliseerida rasun\u00e4\u00e4rmete t\u00f6\u00f6d, v\u00e4hendab naha rasusust p\u00e4eva jooksul ja annab mati tulemuse. Kiire tarne!\",\"breadcrumb\":{\"@id\":\"https:\/\/idakorea.ee\/product\/celimax-oil-control-moisturizing-cream-80ml\/#breadcrumb\"},\"inLanguage\":\"en-US\",\"potentialAction\":[{\"@type\":\"ReadAction\",\"target\":[\"https:\/\/idakorea.ee\/product\/celimax-oil-control-moisturizing-cream-80ml\/\"]}]},{\"@type\":\"ImageObject\",\"inLanguage\":\"en-US\",\"@id\":\"https:\/\/idakorea.ee\/product\/celimax-oil-control-moisturizing-cream-80ml\/#primaryimage\",\"url\":\"https:\/\/idakorea.ee\/wp-content\/uploads\/2026\/03\/Celimax-Oil-Control-Moisturizing-Cream-idakorea.jpg\",\"contentUrl\":\"https:\/\/idakorea.ee\/wp-content\/uploads\/2026\/03\/Celimax-Oil-Control-Moisturizing-Cream-idakorea.jpg\",\"width\":1000,\"height\":1000},{\"@type\":\"BreadcrumbList\",\"@id\":\"https:\/\/idakorea.ee\/product\/celimax-oil-control-moisturizing-cream-80ml\/#breadcrumb\",\"itemListElement\":[{\"@type\":\"ListItem\",\"position\":1,\"name\":\"\u0413\u043b\u0430\u0432\u043d\u0430\u044f \u0441\u0442\u0440\u0430\u043d\u0438\u0446\u0430\",\"item\":\"https:\/\/idakorea.ee\/\"},{\"@type\":\"ListItem\",\"position\":2,\"name\":\"Shop\",\"item\":\"https:\/\/idakorea.ee\/shop-2\/\"},{\"@type\":\"ListItem\",\"position\":3,\"name\":\"Niisutav kreem rasuerituse kontrolliga Celimax Oil Control Moisturizing Cream, 80ml\"}]},{\"@type\":\"WebSite\",\"@id\":\"https:\/\/idakorea.ee\/#website\",\"url\":\"https:\/\/idakorea.ee\/\",\"name\":\"IDA.KOREA\",\"description\":\"Korea kosmeetika e-pood\",\"publisher\":{\"@id\":\"https:\/\/idakorea.ee\/#organization\"},\"alternateName\":\"Beauty Shop\",\"potentialAction\":[{\"@type\":\"SearchAction\",\"target\":{\"@type\":\"EntryPoint\",\"urlTemplate\":\"https:\/\/idakorea.ee\/?s={search_term_string}\"},\"query-input\":{\"@type\":\"PropertyValueSpecification\",\"valueRequired\":true,\"valueName\":\"search_term_string\"}}],\"inLanguage\":\"en-US\"},{\"@type\":\"Organization\",\"@id\":\"https:\/\/idakorea.ee\/#organization\",\"name\":\"IDA.KOREA\",\"url\":\"https:\/\/idakorea.ee\/\",\"logo\":{\"@type\":\"ImageObject\",\"inLanguage\":\"en-US\",\"@id\":\"https:\/\/idakorea.ee\/#\/schema\/logo\/image\/\",\"url\":\"https:\/\/idakorea.ee\/wp-content\/uploads\/2024\/05\/cropped-korea3.png\",\"contentUrl\":\"https:\/\/idakorea.ee\/wp-content\/uploads\/2024\/05\/cropped-korea3.png\",\"width\":688,\"height\":126,\"caption\":\"IDA.KOREA\"},\"image\":{\"@id\":\"https:\/\/idakorea.ee\/#\/schema\/logo\/image\/\"},\"sameAs\":[\"https:\/\/www.instagram.com\/ida.korea\/\"]}]}<\/script>\n<!-- \/ Yoast SEO plugin. -->","yoast_head_json":{"title":"Celimax Oil Control Moisturizing Cream, 80ml - IDA.KOREA","description":"Niisutav kreem aitab normaliseerida rasun\u00e4\u00e4rmete t\u00f6\u00f6d, v\u00e4hendab naha rasusust p\u00e4eva jooksul ja annab mati tulemuse. Kiire tarne!","robots":{"index":"index","follow":"follow","max-snippet":"max-snippet:-1","max-image-preview":"max-image-preview:large","max-video-preview":"max-video-preview:-1"},"canonical":"https:\/\/idakorea.ee\/en\/product\/celimax-oil-control-moisturizing-cream-80ml\/","og_locale":"en_US","og_type":"article","og_title":"Celimax Oil Control Moisturizing Cream, 80ml - IDA.KOREA","og_description":"Niisutav kreem aitab normaliseerida rasun\u00e4\u00e4rmete t\u00f6\u00f6d, v\u00e4hendab naha rasusust p\u00e4eva jooksul ja annab mati tulemuse. Kiire tarne!","og_url":"https:\/\/idakorea.ee\/en\/product\/celimax-oil-control-moisturizing-cream-80ml\/","og_site_name":"IDA.KOREA","og_image":[{"width":1000,"height":1000,"url":"https:\/\/idakorea.ee\/wp-content\/uploads\/2026\/03\/Celimax-Oil-Control-Moisturizing-Cream-idakorea.jpg","type":"image\/jpeg"}],"twitter_card":"summary_large_image","twitter_misc":{"Est. reading time":"2 minutes"},"schema":{"@context":"https:\/\/schema.org","@graph":[{"@type":"WebPage","@id":"https:\/\/idakorea.ee\/product\/celimax-oil-control-moisturizing-cream-80ml\/","url":"https:\/\/idakorea.ee\/product\/celimax-oil-control-moisturizing-cream-80ml\/","name":"Celimax Oil Control Moisturizing Cream, 80ml - IDA.KOREA","isPartOf":{"@id":"https:\/\/idakorea.ee\/#website"},"primaryImageOfPage":{"@id":"https:\/\/idakorea.ee\/product\/celimax-oil-control-moisturizing-cream-80ml\/#primaryimage"},"image":{"@id":"https:\/\/idakorea.ee\/product\/celimax-oil-control-moisturizing-cream-80ml\/#primaryimage"},"thumbnailUrl":"https:\/\/idakorea.ee\/wp-content\/uploads\/2026\/03\/Celimax-Oil-Control-Moisturizing-Cream-idakorea.jpg","datePublished":"2026-03-22T16:34:01+00:00","description":"Niisutav kreem aitab normaliseerida rasun\u00e4\u00e4rmete t\u00f6\u00f6d, v\u00e4hendab naha rasusust p\u00e4eva jooksul ja annab mati tulemuse. Kiire tarne!","breadcrumb":{"@id":"https:\/\/idakorea.ee\/product\/celimax-oil-control-moisturizing-cream-80ml\/#breadcrumb"},"inLanguage":"en-US","potentialAction":[{"@type":"ReadAction","target":["https:\/\/idakorea.ee\/product\/celimax-oil-control-moisturizing-cream-80ml\/"]}]},{"@type":"ImageObject","inLanguage":"en-US","@id":"https:\/\/idakorea.ee\/product\/celimax-oil-control-moisturizing-cream-80ml\/#primaryimage","url":"https:\/\/idakorea.ee\/wp-content\/uploads\/2026\/03\/Celimax-Oil-Control-Moisturizing-Cream-idakorea.jpg","contentUrl":"https:\/\/idakorea.ee\/wp-content\/uploads\/2026\/03\/Celimax-Oil-Control-Moisturizing-Cream-idakorea.jpg","width":1000,"height":1000},{"@type":"BreadcrumbList","@id":"https:\/\/idakorea.ee\/product\/celimax-oil-control-moisturizing-cream-80ml\/#breadcrumb","itemListElement":[{"@type":"ListItem","position":1,"name":"\u0413\u043b\u0430\u0432\u043d\u0430\u044f \u0441\u0442\u0440\u0430\u043d\u0438\u0446\u0430","item":"https:\/\/idakorea.ee\/"},{"@type":"ListItem","position":2,"name":"Shop","item":"https:\/\/idakorea.ee\/shop-2\/"},{"@type":"ListItem","position":3,"name":"Niisutav kreem rasuerituse kontrolliga Celimax Oil Control Moisturizing Cream, 80ml"}]},{"@type":"WebSite","@id":"https:\/\/idakorea.ee\/#website","url":"https:\/\/idakorea.ee\/","name":"IDA.KOREA","description":"Korean cosmetics e-shop","publisher":{"@id":"https:\/\/idakorea.ee\/#organization"},"alternateName":"Beauty Shop","potentialAction":[{"@type":"SearchAction","target":{"@type":"EntryPoint","urlTemplate":"https:\/\/idakorea.ee\/?s={search_term_string}"},"query-input":{"@type":"PropertyValueSpecification","valueRequired":true,"valueName":"search_term_string"}}],"inLanguage":"en-US"},{"@type":"Organization","@id":"https:\/\/idakorea.ee\/#organization","name":"IDA.KOREA","url":"https:\/\/idakorea.ee\/","logo":{"@type":"ImageObject","inLanguage":"en-US","@id":"https:\/\/idakorea.ee\/#\/schema\/logo\/image\/","url":"https:\/\/idakorea.ee\/wp-content\/uploads\/2024\/05\/cropped-korea3.png","contentUrl":"https:\/\/idakorea.ee\/wp-content\/uploads\/2024\/05\/cropped-korea3.png","width":688,"height":126,"caption":"IDA.KOREA"},"image":{"@id":"https:\/\/idakorea.ee\/#\/schema\/logo\/image\/"},"sameAs":["https:\/\/www.instagram.com\/ida.korea\/"]}]}},"jetpack_sharing_enabled":true,"brands":[{"id":885,"name":"CELIMAX","slug":"celimax"}],"_links":{"self":[{"href":"https:\/\/idakorea.ee\/en\/wp-json\/wp\/v2\/product\/18195","targetHints":{"allow":["GET"]}}],"collection":[{"href":"https:\/\/idakorea.ee\/en\/wp-json\/wp\/v2\/product"}],"about":[{"href":"https:\/\/idakorea.ee\/en\/wp-json\/wp\/v2\/types\/product"}],"replies":[{"embeddable":true,"href":"https:\/\/idakorea.ee\/en\/wp-json\/wp\/v2\/comments?post=18195"}],"version-history":[{"count":1,"href":"https:\/\/idakorea.ee\/en\/wp-json\/wp\/v2\/product\/18195\/revisions"}],"predecessor-version":[{"id":18199,"href":"https:\/\/idakorea.ee\/en\/wp-json\/wp\/v2\/product\/18195\/revisions\/18199"}],"wp:featuredmedia":[{"embeddable":true,"href":"https:\/\/idakorea.ee\/en\/wp-json\/wp\/v2\/media\/18197"}],"wp:attachment":[{"href":"https:\/\/idakorea.ee\/en\/wp-json\/wp\/v2\/media?parent=18195"}],"wp:term":[{"taxonomy":"pwb-brand","embeddable":true,"href":"https:\/\/idakorea.ee\/en\/wp-json\/wp\/v2\/pwb-brand?post=18195"},{"taxonomy":"product_brand","embeddable":true,"href":"https:\/\/idakorea.ee\/en\/wp-json\/wp\/v2\/product_brand?post=18195"},{"taxonomy":"product_cat","embeddable":true,"href":"https:\/\/idakorea.ee\/en\/wp-json\/wp\/v2\/product_cat?post=18195"},{"taxonomy":"product_tag","embeddable":true,"href":"https:\/\/idakorea.ee\/en\/wp-json\/wp\/v2\/product_tag?post=18195"}],"curies":[{"name":"wp","href":"https:\/\/api.w.org\/{rel}","templated":true}]}}