{"id":18200,"date":"2026-03-22T18:49:14","date_gmt":"2026-03-22T16:49:14","guid":{"rendered":"https:\/\/idakorea.ee\/?post_type=product&#038;p=18200"},"modified":"2026-03-27T16:36:15","modified_gmt":"2026-03-27T14:36:15","slug":"round-lab-vita-niacinamide-glow-capsule-cream-50ml","status":"publish","type":"product","link":"https:\/\/idakorea.ee\/en\/product\/round-lab-vita-niacinamide-glow-capsule-cream-50ml\/","title":{"rendered":"Round Lab Vita Niacinamide Glow Capsule Cream, 50ml"},"content":{"rendered":"<p>Cream <strong>Round Lab Vita Niacinamide Glow Capsule Cream<\/strong> helps reduce dull complexion, lighten pigmentation, smooth skin texture and make skin smooth and radiant. Strengthens the skin&#039;s natural protective barrier, prevents dryness, softens rough areas and flaking. Supports gentle renewal of the top layer of the skin. Has an antioxidant effect, helps maintain skin elasticity and firmness. Absorbs quickly and does not leave a sticky feeling.<\/p>\n<p><strong>Main active ingredients<\/strong><\/p>\n<ul>\n<li><strong>5% Niacinamide (Vitamin B3)<\/strong><br \/>\nMultifunctional ingredient: regulates sebum secretion and reduces oily shine, helps reduce pigmentation, evens out skin tone and stimulates collagen production, improving skin elasticity.<\/li>\n<li><strong>Triple Vita Activer <\/strong>(Sodium Ascorbyl Phosphate, 3-O-Ethyl Ascorbic Acid, Hippophae Rhamnoides Water)<br \/>\nA brightening complex that evens out skin tone, reduces the appearance of age spots, freckles and acne scars, and gives the skin a natural glow. Does not irritate the skin.<\/li>\n<li><strong>Vitamin B complex <\/strong>(B1, B3, B6, B7, B9, B12)<br \/>\nHelps reduce inflammation and redness, soothes the skin and has antioxidant effects. Strengthens the skin&#039;s protective barrier and supports the maintenance of a smooth texture.<\/li>\n<li><strong>LHA and PHA <\/strong>(Gluconolactone and capryloylsalicylic acid)<br \/>\nGently removes dead skin cells, smoothes skin texture and helps reduce pigmentation.<\/li>\n<li><strong>11 types of hyaluronic acid<\/strong><br \/>\nThey bind moisture and create a moisture-retaining barrier on the skin, reducing dryness and the feeling of tightness.<\/li>\n<\/ul>\n<p>&nbsp;<\/p>\n<p>Suitable for all skin types.<\/p>\n<p><strong>Use of<\/strong><\/p>\n<p>After cleansing, toning and serum, apply the cream to your face and spread evenly. Mix the capsule and transparent gel as needed: for a lighter texture, add more gel, for a creamier result, use more capsules<\/p>\n<p><strong>Attention!<\/strong> During transportation, the capsules may mix with the gel texture - this does not affect the quality of the product and is not a defect.<\/p>","protected":false},"excerpt":{"rendered":"<p>Kreem Round Lab Vita Niacinamide Glow Capsule Cream aitab v\u00e4hendada tuhmi jumet, heledamaks muuta pigmentatsiooni, siluda naha reljeefi ning muuta naha siledaks ja s\u00e4ravaks. Tugevdab naha loomulikku kaitsebarj\u00e4\u00e4ri, ennetab kuivust, pehmendab karedaid piirkondi ja ketendust. Toetab naha pealmise kihi \u00f5rna uuenemist. Omab antioks\u00fcdantset toimet, aitab s\u00e4ilitada naha elastsust ja pingulolekut. Imendub kiiresti ega j\u00e4ta kleepuvat&#8230;<\/p>","protected":false},"featured_media":18203,"comment_status":"open","ping_status":"closed","template":"","meta":{"_uf_show_specific_survey":0,"_uf_disable_surveys":false,"_bst_post_transparent":"default","_bst_post_title":"","_bst_post_layout":"default","_bst_post_sidebar_id":"","_bst_post_content_style":"default","_bst_post_vertical_padding":"default","_bst_post_feature":"","_bst_post_feature_position":"","_bst_post_header":false,"_bst_post_footer":false},"pwb-brand":[645],"product_brand":[],"product_cat":[92,96],"product_tag":[1143,568,818,1144],"class_list":{"0":"post-18200","1":"product","2":"type-product","3":"status-publish","4":"has-post-thumbnail","6":"pwb-brand-round-lab","7":"product_cat-nagu","8":"product_cat-naokreemid","9":"product_tag-kapsel-kreem","10":"product_tag-korea","11":"product_tag-niisutav","12":"product_tag-pigment-nahk","14":"first","15":"instock","16":"sale","17":"shipping-taxable","18":"purchasable","19":"product-type-simple","20":"entry","21":"content-bg","22":"loop-entry"},"supplier_id":null,"supplier_sku":"","barcode":null,"atum_controlled":true,"out_stock_date":null,"out_stock_threshold":null,"inheritable":false,"inbound_stock":null,"stock_on_hold":0,"sold_today":0,"sales_last_days":0,"out_stock_days":0,"lost_sales":0,"has_location":false,"update_date":"2026-04-15T00:05:15","atum_locations":[],"atum_stock_status":"instock","restock_status":false,"low_stock_amount":"","sales_update_date":"2026-04-15T00:05:15","calc_backorders":null,"yoast_head":"<!-- This site is optimized with the Yoast SEO plugin v27.2 - https:\/\/yoast.com\/product\/yoast-seo-wordpress\/ -->\n<title>Round Lab Vita Niacinamide Glow Capsule Cream, 50ml - IDA.KOREA<\/title>\n<meta name=\"description\" content=\"Kreem aitab v\u00e4hendada tuhmi jumet, heledamaks muuta pigmentatsiooni, siluda naha reljeefi ning muuta naha siledaks ja s\u00e4ravaks. Kiire tarne!\" \/>\n<meta name=\"robots\" content=\"index, follow, max-snippet:-1, max-image-preview:large, max-video-preview:-1\" \/>\n<link rel=\"canonical\" href=\"https:\/\/idakorea.ee\/en\/product\/round-lab-vita-niacinamide-glow-capsule-cream-50ml\/\" \/>\n<meta property=\"og:locale\" content=\"en_US\" \/>\n<meta property=\"og:type\" content=\"article\" \/>\n<meta property=\"og:title\" content=\"Round Lab Vita Niacinamide Glow Capsule Cream, 50ml - IDA.KOREA\" \/>\n<meta property=\"og:description\" content=\"Kreem aitab v\u00e4hendada tuhmi jumet, heledamaks muuta pigmentatsiooni, siluda naha reljeefi ning muuta naha siledaks ja s\u00e4ravaks. Kiire tarne!\" \/>\n<meta property=\"og:url\" content=\"https:\/\/idakorea.ee\/en\/product\/round-lab-vita-niacinamide-glow-capsule-cream-50ml\/\" \/>\n<meta property=\"og:site_name\" content=\"IDA.KOREA\" \/>\n<meta property=\"article:modified_time\" content=\"2026-03-27T14:36:15+00:00\" \/>\n<meta property=\"og:image\" content=\"https:\/\/idakorea.ee\/wp-content\/uploads\/2026\/03\/Round-Lab_-Vita-Niacinamide-Glow-Capsule-Cream-idakorea.jpg\" \/>\n\t<meta property=\"og:image:width\" content=\"1000\" \/>\n\t<meta property=\"og:image:height\" content=\"1000\" \/>\n\t<meta property=\"og:image:type\" content=\"image\/jpeg\" \/>\n<meta name=\"twitter:card\" content=\"summary_large_image\" \/>\n<meta name=\"twitter:label1\" content=\"Est. reading time\" \/>\n\t<meta name=\"twitter:data1\" content=\"2 minutes\" \/>\n<script type=\"application\/ld+json\" class=\"yoast-schema-graph\">{\"@context\":\"https:\/\/schema.org\",\"@graph\":[{\"@type\":\"WebPage\",\"@id\":\"https:\/\/idakorea.ee\/product\/round-lab-vita-niacinamide-glow-capsule-cream-50ml\/\",\"url\":\"https:\/\/idakorea.ee\/product\/round-lab-vita-niacinamide-glow-capsule-cream-50ml\/\",\"name\":\"Round Lab Vita Niacinamide Glow Capsule Cream, 50ml - IDA.KOREA\",\"isPartOf\":{\"@id\":\"https:\/\/idakorea.ee\/#website\"},\"primaryImageOfPage\":{\"@id\":\"https:\/\/idakorea.ee\/product\/round-lab-vita-niacinamide-glow-capsule-cream-50ml\/#primaryimage\"},\"image\":{\"@id\":\"https:\/\/idakorea.ee\/product\/round-lab-vita-niacinamide-glow-capsule-cream-50ml\/#primaryimage\"},\"thumbnailUrl\":\"https:\/\/idakorea.ee\/wp-content\/uploads\/2026\/03\/Round-Lab_-Vita-Niacinamide-Glow-Capsule-Cream-idakorea.jpg\",\"datePublished\":\"2026-03-22T16:49:14+00:00\",\"dateModified\":\"2026-03-27T14:36:15+00:00\",\"description\":\"Kreem aitab v\u00e4hendada tuhmi jumet, heledamaks muuta pigmentatsiooni, siluda naha reljeefi ning muuta naha siledaks ja s\u00e4ravaks. Kiire tarne!\",\"breadcrumb\":{\"@id\":\"https:\/\/idakorea.ee\/product\/round-lab-vita-niacinamide-glow-capsule-cream-50ml\/#breadcrumb\"},\"inLanguage\":\"en-US\",\"potentialAction\":[{\"@type\":\"ReadAction\",\"target\":[\"https:\/\/idakorea.ee\/product\/round-lab-vita-niacinamide-glow-capsule-cream-50ml\/\"]}]},{\"@type\":\"ImageObject\",\"inLanguage\":\"en-US\",\"@id\":\"https:\/\/idakorea.ee\/product\/round-lab-vita-niacinamide-glow-capsule-cream-50ml\/#primaryimage\",\"url\":\"https:\/\/idakorea.ee\/wp-content\/uploads\/2026\/03\/Round-Lab_-Vita-Niacinamide-Glow-Capsule-Cream-idakorea.jpg\",\"contentUrl\":\"https:\/\/idakorea.ee\/wp-content\/uploads\/2026\/03\/Round-Lab_-Vita-Niacinamide-Glow-Capsule-Cream-idakorea.jpg\",\"width\":1000,\"height\":1000},{\"@type\":\"BreadcrumbList\",\"@id\":\"https:\/\/idakorea.ee\/product\/round-lab-vita-niacinamide-glow-capsule-cream-50ml\/#breadcrumb\",\"itemListElement\":[{\"@type\":\"ListItem\",\"position\":1,\"name\":\"\u0413\u043b\u0430\u0432\u043d\u0430\u044f \u0441\u0442\u0440\u0430\u043d\u0438\u0446\u0430\",\"item\":\"https:\/\/idakorea.ee\/\"},{\"@type\":\"ListItem\",\"position\":2,\"name\":\"Shop\",\"item\":\"https:\/\/idakorea.ee\/shop-2\/\"},{\"@type\":\"ListItem\",\"position\":3,\"name\":\"Niatsiinamiidiga helendav kapselkreem Round Lab Vita Niacinamide Glow Capsule Cream, 50ml\"}]},{\"@type\":\"WebSite\",\"@id\":\"https:\/\/idakorea.ee\/#website\",\"url\":\"https:\/\/idakorea.ee\/\",\"name\":\"IDA.KOREA\",\"description\":\"Korea kosmeetika e-pood\",\"publisher\":{\"@id\":\"https:\/\/idakorea.ee\/#organization\"},\"alternateName\":\"Beauty Shop\",\"potentialAction\":[{\"@type\":\"SearchAction\",\"target\":{\"@type\":\"EntryPoint\",\"urlTemplate\":\"https:\/\/idakorea.ee\/?s={search_term_string}\"},\"query-input\":{\"@type\":\"PropertyValueSpecification\",\"valueRequired\":true,\"valueName\":\"search_term_string\"}}],\"inLanguage\":\"en-US\"},{\"@type\":\"Organization\",\"@id\":\"https:\/\/idakorea.ee\/#organization\",\"name\":\"IDA.KOREA\",\"url\":\"https:\/\/idakorea.ee\/\",\"logo\":{\"@type\":\"ImageObject\",\"inLanguage\":\"en-US\",\"@id\":\"https:\/\/idakorea.ee\/#\/schema\/logo\/image\/\",\"url\":\"https:\/\/idakorea.ee\/wp-content\/uploads\/2024\/05\/cropped-korea3.png\",\"contentUrl\":\"https:\/\/idakorea.ee\/wp-content\/uploads\/2024\/05\/cropped-korea3.png\",\"width\":688,\"height\":126,\"caption\":\"IDA.KOREA\"},\"image\":{\"@id\":\"https:\/\/idakorea.ee\/#\/schema\/logo\/image\/\"},\"sameAs\":[\"https:\/\/www.instagram.com\/ida.korea\/\"]}]}<\/script>\n<!-- \/ Yoast SEO plugin. -->","yoast_head_json":{"title":"Round Lab Vita Niacinamide Glow Capsule Cream, 50ml - IDA.KOREA","description":"Kreem aitab v\u00e4hendada tuhmi jumet, heledamaks muuta pigmentatsiooni, siluda naha reljeefi ning muuta naha siledaks ja s\u00e4ravaks. Kiire tarne!","robots":{"index":"index","follow":"follow","max-snippet":"max-snippet:-1","max-image-preview":"max-image-preview:large","max-video-preview":"max-video-preview:-1"},"canonical":"https:\/\/idakorea.ee\/en\/product\/round-lab-vita-niacinamide-glow-capsule-cream-50ml\/","og_locale":"en_US","og_type":"article","og_title":"Round Lab Vita Niacinamide Glow Capsule Cream, 50ml - IDA.KOREA","og_description":"Kreem aitab v\u00e4hendada tuhmi jumet, heledamaks muuta pigmentatsiooni, siluda naha reljeefi ning muuta naha siledaks ja s\u00e4ravaks. Kiire tarne!","og_url":"https:\/\/idakorea.ee\/en\/product\/round-lab-vita-niacinamide-glow-capsule-cream-50ml\/","og_site_name":"IDA.KOREA","article_modified_time":"2026-03-27T14:36:15+00:00","og_image":[{"width":1000,"height":1000,"url":"https:\/\/idakorea.ee\/wp-content\/uploads\/2026\/03\/Round-Lab_-Vita-Niacinamide-Glow-Capsule-Cream-idakorea.jpg","type":"image\/jpeg"}],"twitter_card":"summary_large_image","twitter_misc":{"Est. reading time":"2 minutes"},"schema":{"@context":"https:\/\/schema.org","@graph":[{"@type":"WebPage","@id":"https:\/\/idakorea.ee\/product\/round-lab-vita-niacinamide-glow-capsule-cream-50ml\/","url":"https:\/\/idakorea.ee\/product\/round-lab-vita-niacinamide-glow-capsule-cream-50ml\/","name":"Round Lab Vita Niacinamide Glow Capsule Cream, 50ml - IDA.KOREA","isPartOf":{"@id":"https:\/\/idakorea.ee\/#website"},"primaryImageOfPage":{"@id":"https:\/\/idakorea.ee\/product\/round-lab-vita-niacinamide-glow-capsule-cream-50ml\/#primaryimage"},"image":{"@id":"https:\/\/idakorea.ee\/product\/round-lab-vita-niacinamide-glow-capsule-cream-50ml\/#primaryimage"},"thumbnailUrl":"https:\/\/idakorea.ee\/wp-content\/uploads\/2026\/03\/Round-Lab_-Vita-Niacinamide-Glow-Capsule-Cream-idakorea.jpg","datePublished":"2026-03-22T16:49:14+00:00","dateModified":"2026-03-27T14:36:15+00:00","description":"Kreem aitab v\u00e4hendada tuhmi jumet, heledamaks muuta pigmentatsiooni, siluda naha reljeefi ning muuta naha siledaks ja s\u00e4ravaks. Kiire tarne!","breadcrumb":{"@id":"https:\/\/idakorea.ee\/product\/round-lab-vita-niacinamide-glow-capsule-cream-50ml\/#breadcrumb"},"inLanguage":"en-US","potentialAction":[{"@type":"ReadAction","target":["https:\/\/idakorea.ee\/product\/round-lab-vita-niacinamide-glow-capsule-cream-50ml\/"]}]},{"@type":"ImageObject","inLanguage":"en-US","@id":"https:\/\/idakorea.ee\/product\/round-lab-vita-niacinamide-glow-capsule-cream-50ml\/#primaryimage","url":"https:\/\/idakorea.ee\/wp-content\/uploads\/2026\/03\/Round-Lab_-Vita-Niacinamide-Glow-Capsule-Cream-idakorea.jpg","contentUrl":"https:\/\/idakorea.ee\/wp-content\/uploads\/2026\/03\/Round-Lab_-Vita-Niacinamide-Glow-Capsule-Cream-idakorea.jpg","width":1000,"height":1000},{"@type":"BreadcrumbList","@id":"https:\/\/idakorea.ee\/product\/round-lab-vita-niacinamide-glow-capsule-cream-50ml\/#breadcrumb","itemListElement":[{"@type":"ListItem","position":1,"name":"\u0413\u043b\u0430\u0432\u043d\u0430\u044f \u0441\u0442\u0440\u0430\u043d\u0438\u0446\u0430","item":"https:\/\/idakorea.ee\/"},{"@type":"ListItem","position":2,"name":"Shop","item":"https:\/\/idakorea.ee\/shop-2\/"},{"@type":"ListItem","position":3,"name":"Niatsiinamiidiga helendav kapselkreem Round Lab Vita Niacinamide Glow Capsule Cream, 50ml"}]},{"@type":"WebSite","@id":"https:\/\/idakorea.ee\/#website","url":"https:\/\/idakorea.ee\/","name":"IDA.KOREA","description":"Korean cosmetics e-shop","publisher":{"@id":"https:\/\/idakorea.ee\/#organization"},"alternateName":"Beauty Shop","potentialAction":[{"@type":"SearchAction","target":{"@type":"EntryPoint","urlTemplate":"https:\/\/idakorea.ee\/?s={search_term_string}"},"query-input":{"@type":"PropertyValueSpecification","valueRequired":true,"valueName":"search_term_string"}}],"inLanguage":"en-US"},{"@type":"Organization","@id":"https:\/\/idakorea.ee\/#organization","name":"IDA.KOREA","url":"https:\/\/idakorea.ee\/","logo":{"@type":"ImageObject","inLanguage":"en-US","@id":"https:\/\/idakorea.ee\/#\/schema\/logo\/image\/","url":"https:\/\/idakorea.ee\/wp-content\/uploads\/2024\/05\/cropped-korea3.png","contentUrl":"https:\/\/idakorea.ee\/wp-content\/uploads\/2024\/05\/cropped-korea3.png","width":688,"height":126,"caption":"IDA.KOREA"},"image":{"@id":"https:\/\/idakorea.ee\/#\/schema\/logo\/image\/"},"sameAs":["https:\/\/www.instagram.com\/ida.korea\/"]}]}},"jetpack_sharing_enabled":true,"brands":[{"id":645,"name":"ROUND LAB","slug":"round-lab"}],"_links":{"self":[{"href":"https:\/\/idakorea.ee\/en\/wp-json\/wp\/v2\/product\/18200","targetHints":{"allow":["GET"]}}],"collection":[{"href":"https:\/\/idakorea.ee\/en\/wp-json\/wp\/v2\/product"}],"about":[{"href":"https:\/\/idakorea.ee\/en\/wp-json\/wp\/v2\/types\/product"}],"replies":[{"embeddable":true,"href":"https:\/\/idakorea.ee\/en\/wp-json\/wp\/v2\/comments?post=18200"}],"version-history":[{"count":1,"href":"https:\/\/idakorea.ee\/en\/wp-json\/wp\/v2\/product\/18200\/revisions"}],"predecessor-version":[{"id":18204,"href":"https:\/\/idakorea.ee\/en\/wp-json\/wp\/v2\/product\/18200\/revisions\/18204"}],"wp:featuredmedia":[{"embeddable":true,"href":"https:\/\/idakorea.ee\/en\/wp-json\/wp\/v2\/media\/18203"}],"wp:attachment":[{"href":"https:\/\/idakorea.ee\/en\/wp-json\/wp\/v2\/media?parent=18200"}],"wp:term":[{"taxonomy":"pwb-brand","embeddable":true,"href":"https:\/\/idakorea.ee\/en\/wp-json\/wp\/v2\/pwb-brand?post=18200"},{"taxonomy":"product_brand","embeddable":true,"href":"https:\/\/idakorea.ee\/en\/wp-json\/wp\/v2\/product_brand?post=18200"},{"taxonomy":"product_cat","embeddable":true,"href":"https:\/\/idakorea.ee\/en\/wp-json\/wp\/v2\/product_cat?post=18200"},{"taxonomy":"product_tag","embeddable":true,"href":"https:\/\/idakorea.ee\/en\/wp-json\/wp\/v2\/product_tag?post=18200"}],"curies":[{"name":"wp","href":"https:\/\/api.w.org\/{rel}","templated":true}]}}