{"id":18214,"date":"2026-03-23T13:20:51","date_gmt":"2026-03-23T11:20:51","guid":{"rendered":"https:\/\/idakorea.ee\/?post_type=product&#038;p=18214"},"modified":"2026-04-04T13:39:32","modified_gmt":"2026-04-04T11:39:32","slug":"vt-cosmetics-reedle-shot-300-30ml","status":"publish","type":"product","link":"https:\/\/idakorea.ee\/en\/product\/vt-cosmetics-reedle-shot-300-30ml\/","title":{"rendered":"VT Cosmetics Reedle Shot 300, 30ml"},"content":{"rendered":"<p>Intensive booster serum <strong>VT Cosmetics Reedle Shot 300<\/strong> triggers skin regeneration and renewal processes thanks to gentle exfoliation and regenerating action. The product improves skin texture and complexion: with regular use, it smoothes microrelief, reduces the size and depth of pores and helps reduce the appearance of hyperkeratosis. The serum helps to gradually lighten pigmentation of various origins: freckles, post-acne and age spots (brown and yellowish tones). It also restores the skin&#039;s moisture balance, improves elasticity and gives the skin a glow.<\/p>\n<p><strong>Cicahyalon\u2122 complex<\/strong> (hyaluronic acid, centella derivatives, green propolis) intensely moisturizes, has an anti-inflammatory effect, reduces skin reactivity and strengthens the natural protective barrier. <strong>CicaReedle\u2122<\/strong> Microneedle technology (237,000 ppm) ensures deep absorption of active ingredients into the epidermis and stimulates cell renewal. Microneedles are 14 times smaller than pores, and their mineral shell contains 14 minerals that help reduce inflammation and accelerate healing by improving oxygen exchange.<\/p>\n<p><strong>Main active ingredients<\/strong><\/p>\n<ul>\n<li><strong>A complex of 17 amino acids<\/strong><br \/>\nActs as an antioxidant, strengthens the skin&#039;s protective barrier and reduces skin hypersensitivity. Restores cell structure, supports keratin, collagen and elastin levels and helps lighten pigmentation.<\/li>\n<li><strong>Centella asiatica complex <\/strong>(asiaticoside, asiatic acid, madecassic acid, madecassoside)<br \/>\nHas anti-inflammatory and wound-healing effects, helps restore the skin barrier, retains moisture, reduces swelling and sensitivity, and strengthens blood vessels, helping to prevent couperose.<\/li>\n<li><strong>Green horseradish extract<\/strong><br \/>\nHelps prevent acne, restores hydrolipidic balance, strengthens the skin&#039;s protective barrier and reduces the harmful effects of external factors. Relieves dryness and flaking, nourishes and softens.<\/li>\n<li><strong>Hyaluronic acid<\/strong><br \/>\nForms an invisible moisture-retaining layer, reduces moisture loss, accelerates cell regeneration and smoothes wrinkles.<\/li>\n<li><strong>Niacinamide (vitamin B3)<\/strong><br \/>\nSlows down the movement of melanin into the epidermis, helps prevent pigmentation, reduces skin sensitivity, evens out complexion, and stimulates collagen production.<\/li>\n<\/ul>\n<p>&nbsp;<\/p>\n<p>Suitable for normal, oily, combination and problem skin.<\/p>\n<p><strong>Use of<\/strong><\/p>\n<p>Use during evening care: apply the required amount to previously cleansed skin, distribute with fingers and allow to fully absorb. Then follow with toner and moisturizer.<br \/>\nRecommended use 2-3 times a week. Use SPF50 PA++++ sunscreen during the day.<\/p>\n<p><strong>Attention!\u00a0<\/strong>The serum may cause a slight tingling sensation after application.<\/p>\n<p>Do not use simultaneously with exfoliating products (peelings, scrubs) or products containing retinol, AHA, BHA acids or high concentrations of vitamin C.<br \/>\nIt is not recommended to use after procedures that damage the stratum corneum of the skin (e.g. chemical peels, apparatus cosmetology, injections).<\/p>","protected":false},"excerpt":{"rendered":"<p>The intensive booster serum VT Cosmetics Reedle Shot 300 triggers the skin&#039;s regeneration and renewal processes thanks to its gentle exfoliation and regenerating effect. The product improves the skin&#039;s texture and complexion: with regular use, it smoothes micro-relief, reduces the size and depth of pores, and helps reduce the appearance of hyperkeratosis. The serum helps to gradually lighten pigmentation of various origins: freckles, post-acne and age spots (brown and yellowish tones)\u2026.<\/p>","protected":false},"featured_media":18216,"comment_status":"open","ping_status":"closed","template":"","meta":{"_uf_show_specific_survey":0,"_uf_disable_surveys":false,"_bst_post_transparent":"default","_bst_post_title":"","_bst_post_layout":"default","_bst_post_sidebar_id":"","_bst_post_content_style":"default","_bst_post_vertical_padding":"default","_bst_post_feature":"","_bst_post_feature_position":"","_bst_post_header":false,"_bst_post_footer":false},"pwb-brand":[493],"product_brand":[],"product_cat":[92,97],"product_tag":[568,1146,1145,462],"class_list":{"0":"post-18214","1":"product","2":"type-product","3":"status-publish","4":"has-post-thumbnail","6":"pwb-brand-vt","7":"product_cat-nagu","8":"product_cat-naoseerumid-ja-olid","9":"product_tag-korea","10":"product_tag-reedle-shot-300","11":"product_tag-seerum","12":"product_tag-vt","14":"first","15":"instock","16":"sale","17":"shipping-taxable","18":"purchasable","19":"product-type-simple","20":"entry","21":"content-bg","22":"loop-entry"},"supplier_id":null,"supplier_sku":"","barcode":null,"atum_controlled":true,"out_stock_date":null,"out_stock_threshold":null,"inheritable":false,"inbound_stock":null,"stock_on_hold":0,"sold_today":0,"sales_last_days":1,"out_stock_days":0,"lost_sales":0,"has_location":false,"update_date":"2026-04-15T00:05:18","atum_locations":[],"atum_stock_status":"instock","restock_status":false,"low_stock_amount":"","sales_update_date":"2026-04-15T00:05:18","calc_backorders":null,"yoast_head":"<!-- This site is optimized with the Yoast SEO plugin v27.2 - https:\/\/yoast.com\/product\/yoast-seo-wordpress\/ -->\n<title>VT Cosmetics Reedle Shot 300, 30ml - IDA.KOREA<\/title>\n<meta name=\"description\" content=\"Parandab naha tekstuuri: regulaarse kasutamise korral silub mikroreljeefi, v\u00e4hendab pooride suurust ja s\u00fcgavust, aitab v\u00e4hendada h\u00fcperkeratoosi ilminguid.\" \/>\n<meta name=\"robots\" content=\"index, follow, max-snippet:-1, max-image-preview:large, max-video-preview:-1\" \/>\n<link rel=\"canonical\" href=\"https:\/\/idakorea.ee\/en\/product\/vt-cosmetics-reedle-shot-300-30ml\/\" \/>\n<meta property=\"og:locale\" content=\"en_US\" \/>\n<meta property=\"og:type\" content=\"article\" \/>\n<meta property=\"og:title\" content=\"VT Cosmetics Reedle Shot 300, 30ml - IDA.KOREA\" \/>\n<meta property=\"og:description\" content=\"Parandab naha tekstuuri: regulaarse kasutamise korral silub mikroreljeefi, v\u00e4hendab pooride suurust ja s\u00fcgavust, aitab v\u00e4hendada h\u00fcperkeratoosi ilminguid.\" \/>\n<meta property=\"og:url\" content=\"https:\/\/idakorea.ee\/en\/product\/vt-cosmetics-reedle-shot-300-30ml\/\" \/>\n<meta property=\"og:site_name\" content=\"IDA.KOREA\" \/>\n<meta property=\"article:modified_time\" content=\"2026-04-04T11:39:32+00:00\" \/>\n<meta property=\"og:image\" content=\"https:\/\/idakorea.ee\/wp-content\/uploads\/2026\/03\/VT-Cosmetics-Reedle-Shot-300-30ml-idakorea.jpg\" \/>\n\t<meta property=\"og:image:width\" content=\"1000\" \/>\n\t<meta property=\"og:image:height\" content=\"1000\" \/>\n\t<meta property=\"og:image:type\" content=\"image\/jpeg\" \/>\n<meta name=\"twitter:card\" content=\"summary_large_image\" \/>\n<meta name=\"twitter:label1\" content=\"Est. reading time\" \/>\n\t<meta name=\"twitter:data1\" content=\"2 minutes\" \/>\n<script type=\"application\/ld+json\" class=\"yoast-schema-graph\">{\"@context\":\"https:\/\/schema.org\",\"@graph\":[{\"@type\":\"WebPage\",\"@id\":\"https:\/\/idakorea.ee\/product\/vt-cosmetics-reedle-shot-300-30ml\/\",\"url\":\"https:\/\/idakorea.ee\/product\/vt-cosmetics-reedle-shot-300-30ml\/\",\"name\":\"VT Cosmetics Reedle Shot 300, 30ml - IDA.KOREA\",\"isPartOf\":{\"@id\":\"https:\/\/idakorea.ee\/#website\"},\"primaryImageOfPage\":{\"@id\":\"https:\/\/idakorea.ee\/product\/vt-cosmetics-reedle-shot-300-30ml\/#primaryimage\"},\"image\":{\"@id\":\"https:\/\/idakorea.ee\/product\/vt-cosmetics-reedle-shot-300-30ml\/#primaryimage\"},\"thumbnailUrl\":\"https:\/\/idakorea.ee\/wp-content\/uploads\/2026\/03\/VT-Cosmetics-Reedle-Shot-300-30ml-idakorea.jpg\",\"datePublished\":\"2026-03-23T11:20:51+00:00\",\"dateModified\":\"2026-04-04T11:39:32+00:00\",\"description\":\"Parandab naha tekstuuri: regulaarse kasutamise korral silub mikroreljeefi, v\u00e4hendab pooride suurust ja s\u00fcgavust, aitab v\u00e4hendada h\u00fcperkeratoosi ilminguid.\",\"breadcrumb\":{\"@id\":\"https:\/\/idakorea.ee\/product\/vt-cosmetics-reedle-shot-300-30ml\/#breadcrumb\"},\"inLanguage\":\"en-US\",\"potentialAction\":[{\"@type\":\"ReadAction\",\"target\":[\"https:\/\/idakorea.ee\/product\/vt-cosmetics-reedle-shot-300-30ml\/\"]}]},{\"@type\":\"ImageObject\",\"inLanguage\":\"en-US\",\"@id\":\"https:\/\/idakorea.ee\/product\/vt-cosmetics-reedle-shot-300-30ml\/#primaryimage\",\"url\":\"https:\/\/idakorea.ee\/wp-content\/uploads\/2026\/03\/VT-Cosmetics-Reedle-Shot-300-30ml-idakorea.jpg\",\"contentUrl\":\"https:\/\/idakorea.ee\/wp-content\/uploads\/2026\/03\/VT-Cosmetics-Reedle-Shot-300-30ml-idakorea.jpg\",\"width\":1000,\"height\":1000},{\"@type\":\"BreadcrumbList\",\"@id\":\"https:\/\/idakorea.ee\/product\/vt-cosmetics-reedle-shot-300-30ml\/#breadcrumb\",\"itemListElement\":[{\"@type\":\"ListItem\",\"position\":1,\"name\":\"\u0413\u043b\u0430\u0432\u043d\u0430\u044f \u0441\u0442\u0440\u0430\u043d\u0438\u0446\u0430\",\"item\":\"https:\/\/idakorea.ee\/\"},{\"@type\":\"ListItem\",\"position\":2,\"name\":\"Shop\",\"item\":\"https:\/\/idakorea.ee\/shop-2\/\"},{\"@type\":\"ListItem\",\"position\":3,\"name\":\"Intensiivne booster-seerum VT Cosmetics Reedle Shot 300, 30ml\"}]},{\"@type\":\"WebSite\",\"@id\":\"https:\/\/idakorea.ee\/#website\",\"url\":\"https:\/\/idakorea.ee\/\",\"name\":\"IDA.KOREA\",\"description\":\"Korea kosmeetika e-pood\",\"publisher\":{\"@id\":\"https:\/\/idakorea.ee\/#organization\"},\"alternateName\":\"Beauty Shop\",\"potentialAction\":[{\"@type\":\"SearchAction\",\"target\":{\"@type\":\"EntryPoint\",\"urlTemplate\":\"https:\/\/idakorea.ee\/?s={search_term_string}\"},\"query-input\":{\"@type\":\"PropertyValueSpecification\",\"valueRequired\":true,\"valueName\":\"search_term_string\"}}],\"inLanguage\":\"en-US\"},{\"@type\":\"Organization\",\"@id\":\"https:\/\/idakorea.ee\/#organization\",\"name\":\"IDA.KOREA\",\"url\":\"https:\/\/idakorea.ee\/\",\"logo\":{\"@type\":\"ImageObject\",\"inLanguage\":\"en-US\",\"@id\":\"https:\/\/idakorea.ee\/#\/schema\/logo\/image\/\",\"url\":\"https:\/\/idakorea.ee\/wp-content\/uploads\/2024\/05\/cropped-korea3.png\",\"contentUrl\":\"https:\/\/idakorea.ee\/wp-content\/uploads\/2024\/05\/cropped-korea3.png\",\"width\":688,\"height\":126,\"caption\":\"IDA.KOREA\"},\"image\":{\"@id\":\"https:\/\/idakorea.ee\/#\/schema\/logo\/image\/\"},\"sameAs\":[\"https:\/\/www.instagram.com\/ida.korea\/\"]}]}<\/script>\n<!-- \/ Yoast SEO plugin. -->","yoast_head_json":{"title":"VT Cosmetics Reedle Shot 300, 30ml - IDA.KOREA","description":"Parandab naha tekstuuri: regulaarse kasutamise korral silub mikroreljeefi, v\u00e4hendab pooride suurust ja s\u00fcgavust, aitab v\u00e4hendada h\u00fcperkeratoosi ilminguid.","robots":{"index":"index","follow":"follow","max-snippet":"max-snippet:-1","max-image-preview":"max-image-preview:large","max-video-preview":"max-video-preview:-1"},"canonical":"https:\/\/idakorea.ee\/en\/product\/vt-cosmetics-reedle-shot-300-30ml\/","og_locale":"en_US","og_type":"article","og_title":"VT Cosmetics Reedle Shot 300, 30ml - IDA.KOREA","og_description":"Parandab naha tekstuuri: regulaarse kasutamise korral silub mikroreljeefi, v\u00e4hendab pooride suurust ja s\u00fcgavust, aitab v\u00e4hendada h\u00fcperkeratoosi ilminguid.","og_url":"https:\/\/idakorea.ee\/en\/product\/vt-cosmetics-reedle-shot-300-30ml\/","og_site_name":"IDA.KOREA","article_modified_time":"2026-04-04T11:39:32+00:00","og_image":[{"width":1000,"height":1000,"url":"https:\/\/idakorea.ee\/wp-content\/uploads\/2026\/03\/VT-Cosmetics-Reedle-Shot-300-30ml-idakorea.jpg","type":"image\/jpeg"}],"twitter_card":"summary_large_image","twitter_misc":{"Est. reading time":"2 minutes"},"schema":{"@context":"https:\/\/schema.org","@graph":[{"@type":"WebPage","@id":"https:\/\/idakorea.ee\/product\/vt-cosmetics-reedle-shot-300-30ml\/","url":"https:\/\/idakorea.ee\/product\/vt-cosmetics-reedle-shot-300-30ml\/","name":"VT Cosmetics Reedle Shot 300, 30ml - IDA.KOREA","isPartOf":{"@id":"https:\/\/idakorea.ee\/#website"},"primaryImageOfPage":{"@id":"https:\/\/idakorea.ee\/product\/vt-cosmetics-reedle-shot-300-30ml\/#primaryimage"},"image":{"@id":"https:\/\/idakorea.ee\/product\/vt-cosmetics-reedle-shot-300-30ml\/#primaryimage"},"thumbnailUrl":"https:\/\/idakorea.ee\/wp-content\/uploads\/2026\/03\/VT-Cosmetics-Reedle-Shot-300-30ml-idakorea.jpg","datePublished":"2026-03-23T11:20:51+00:00","dateModified":"2026-04-04T11:39:32+00:00","description":"Parandab naha tekstuuri: regulaarse kasutamise korral silub mikroreljeefi, v\u00e4hendab pooride suurust ja s\u00fcgavust, aitab v\u00e4hendada h\u00fcperkeratoosi ilminguid.","breadcrumb":{"@id":"https:\/\/idakorea.ee\/product\/vt-cosmetics-reedle-shot-300-30ml\/#breadcrumb"},"inLanguage":"en-US","potentialAction":[{"@type":"ReadAction","target":["https:\/\/idakorea.ee\/product\/vt-cosmetics-reedle-shot-300-30ml\/"]}]},{"@type":"ImageObject","inLanguage":"en-US","@id":"https:\/\/idakorea.ee\/product\/vt-cosmetics-reedle-shot-300-30ml\/#primaryimage","url":"https:\/\/idakorea.ee\/wp-content\/uploads\/2026\/03\/VT-Cosmetics-Reedle-Shot-300-30ml-idakorea.jpg","contentUrl":"https:\/\/idakorea.ee\/wp-content\/uploads\/2026\/03\/VT-Cosmetics-Reedle-Shot-300-30ml-idakorea.jpg","width":1000,"height":1000},{"@type":"BreadcrumbList","@id":"https:\/\/idakorea.ee\/product\/vt-cosmetics-reedle-shot-300-30ml\/#breadcrumb","itemListElement":[{"@type":"ListItem","position":1,"name":"\u0413\u043b\u0430\u0432\u043d\u0430\u044f \u0441\u0442\u0440\u0430\u043d\u0438\u0446\u0430","item":"https:\/\/idakorea.ee\/"},{"@type":"ListItem","position":2,"name":"Shop","item":"https:\/\/idakorea.ee\/shop-2\/"},{"@type":"ListItem","position":3,"name":"Intensiivne booster-seerum VT Cosmetics Reedle Shot 300, 30ml"}]},{"@type":"WebSite","@id":"https:\/\/idakorea.ee\/#website","url":"https:\/\/idakorea.ee\/","name":"IDA.KOREA","description":"Korean cosmetics e-shop","publisher":{"@id":"https:\/\/idakorea.ee\/#organization"},"alternateName":"Beauty Shop","potentialAction":[{"@type":"SearchAction","target":{"@type":"EntryPoint","urlTemplate":"https:\/\/idakorea.ee\/?s={search_term_string}"},"query-input":{"@type":"PropertyValueSpecification","valueRequired":true,"valueName":"search_term_string"}}],"inLanguage":"en-US"},{"@type":"Organization","@id":"https:\/\/idakorea.ee\/#organization","name":"IDA.KOREA","url":"https:\/\/idakorea.ee\/","logo":{"@type":"ImageObject","inLanguage":"en-US","@id":"https:\/\/idakorea.ee\/#\/schema\/logo\/image\/","url":"https:\/\/idakorea.ee\/wp-content\/uploads\/2024\/05\/cropped-korea3.png","contentUrl":"https:\/\/idakorea.ee\/wp-content\/uploads\/2024\/05\/cropped-korea3.png","width":688,"height":126,"caption":"IDA.KOREA"},"image":{"@id":"https:\/\/idakorea.ee\/#\/schema\/logo\/image\/"},"sameAs":["https:\/\/www.instagram.com\/ida.korea\/"]}]}},"jetpack_sharing_enabled":true,"brands":[{"id":493,"name":"VT COSMETICS","slug":"vt"}],"_links":{"self":[{"href":"https:\/\/idakorea.ee\/en\/wp-json\/wp\/v2\/product\/18214","targetHints":{"allow":["GET"]}}],"collection":[{"href":"https:\/\/idakorea.ee\/en\/wp-json\/wp\/v2\/product"}],"about":[{"href":"https:\/\/idakorea.ee\/en\/wp-json\/wp\/v2\/types\/product"}],"replies":[{"embeddable":true,"href":"https:\/\/idakorea.ee\/en\/wp-json\/wp\/v2\/comments?post=18214"}],"version-history":[{"count":1,"href":"https:\/\/idakorea.ee\/en\/wp-json\/wp\/v2\/product\/18214\/revisions"}],"predecessor-version":[{"id":18218,"href":"https:\/\/idakorea.ee\/en\/wp-json\/wp\/v2\/product\/18214\/revisions\/18218"}],"wp:featuredmedia":[{"embeddable":true,"href":"https:\/\/idakorea.ee\/en\/wp-json\/wp\/v2\/media\/18216"}],"wp:attachment":[{"href":"https:\/\/idakorea.ee\/en\/wp-json\/wp\/v2\/media?parent=18214"}],"wp:term":[{"taxonomy":"pwb-brand","embeddable":true,"href":"https:\/\/idakorea.ee\/en\/wp-json\/wp\/v2\/pwb-brand?post=18214"},{"taxonomy":"product_brand","embeddable":true,"href":"https:\/\/idakorea.ee\/en\/wp-json\/wp\/v2\/product_brand?post=18214"},{"taxonomy":"product_cat","embeddable":true,"href":"https:\/\/idakorea.ee\/en\/wp-json\/wp\/v2\/product_cat?post=18214"},{"taxonomy":"product_tag","embeddable":true,"href":"https:\/\/idakorea.ee\/en\/wp-json\/wp\/v2\/product_tag?post=18214"}],"curies":[{"name":"wp","href":"https:\/\/api.w.org\/{rel}","templated":true}]}}