{"id":18289,"date":"2026-03-29T18:11:31","date_gmt":"2026-03-29T16:11:31","guid":{"rendered":"https:\/\/idakorea.ee\/?post_type=product&#038;p=18289"},"modified":"2026-04-09T09:58:07","modified_gmt":"2026-04-09T07:58:07","slug":"rejuran-moisture-treatment-mask","status":"publish","type":"product","link":"https:\/\/idakorea.ee\/en\/product\/rejuran-moisture-treatment-mask\/","title":{"rendered":"Moisturizing and soothing mask Rejuran Moisture Treatment Mask"},"content":{"rendered":"<p>Rejuran Moisture Treatment Mask provides deep hydration and soothes sensitive and dry skin thanks to the PDRx complex and hyaluronic acid. Instantly relieves irritation and maintains skin hydration for up to 48 hours. The formula contains 50,000 ppm of PDRx, actively soothing redness and inflammation and contributing to skin regeneration. Helps restore the skin&#039;s natural defenses and reduces its sensitivity over time. The mask is enriched with hyaluronic acid, which strengthens the skin&#039;s barrier, retains moisture and protects against environmental aggressors. This restoration helps prevent moisture loss, making the skin smoother and healthier.<\/p>\n<p>The super-absorbent fabric mask adapts perfectly to the skin&#039;s surface, ensuring optimal absorption of active ingredients. The cooling effect provides immediate relief to overheated or stressed skin, leaving it feeling refreshed.<\/p>\n<p>Suitable for all skin types, including dry, sensitive and prone to irritation. Especially recommended for skin that needs intensive hydration and recovery after exposure to external factors such as ultraviolet radiation, wind or temperature fluctuations.<\/p>\n<p><strong>Usage:<\/strong><br \/>\nCleanse your face with a gentle cleanser. Place the mask on your face, avoiding the eye area. Leave for 20-30 minutes to allow the active ingredients to penetrate the deeper layers of the skin. After use, remove the mask and distribute the remaining product with gentle massaging movements. Use the mask 1-2 times a week for optimal results.<\/p>\n<p>&nbsp;<\/p>","protected":false},"excerpt":{"rendered":"<p>Rejuran Moisture Treatment Mask provides deep hydration and soothes sensitive and dry skin thanks to the PDRx complex and hyaluronic acid. Instantly relieves irritation and maintains skin hydration for up to 48 hours. The formula contains 50,000 ppm PDRx, actively soothing redness and inflammation and contributing to skin regeneration. Helps restore the skin&#039;s natural defenses and reduces its sensitivity over time\u2026.<\/p>","protected":false},"featured_media":18291,"comment_status":"open","ping_status":"closed","template":"","meta":{"_uf_show_specific_survey":0,"_uf_disable_surveys":false,"_bst_post_transparent":"default","_bst_post_title":"","_bst_post_layout":"default","_bst_post_sidebar_id":"","_bst_post_content_style":"default","_bst_post_vertical_padding":"default","_bst_post_feature":"","_bst_post_feature_position":"","_bst_post_header":false,"_bst_post_footer":false},"pwb-brand":[108],"product_brand":[],"product_cat":[92,98],"product_tag":[1148,614,789,1149],"class_list":{"0":"post-18289","1":"product","2":"type-product","3":"status-publish","4":"has-post-thumbnail","6":"pwb-brand-rejuran","7":"product_cat-nagu","8":"product_cat-naomaskid","9":"product_tag-kore","10":"product_tag-mask","11":"product_tag-pdrn","12":"product_tag-rejuran","14":"first","15":"instock","16":"shipping-taxable","17":"purchasable","18":"product-type-simple","19":"entry","20":"content-bg","21":"loop-entry"},"supplier_id":null,"supplier_sku":"","barcode":null,"atum_controlled":true,"out_stock_date":null,"out_stock_threshold":null,"inheritable":false,"inbound_stock":null,"stock_on_hold":0,"sold_today":0,"sales_last_days":1,"out_stock_days":0,"lost_sales":0,"has_location":false,"update_date":"2026-04-24T00:09:12","atum_locations":[],"atum_stock_status":"instock","restock_status":false,"low_stock_amount":"","sales_update_date":"2026-04-24T00:09:12","calc_backorders":null,"yoast_head":"<!-- This site is optimized with the Yoast SEO plugin v27.2 - https:\/\/yoast.com\/product\/yoast-seo-wordpress\/ -->\n<title>Rejuran Moisture Treatment Mask - IDA.KOREA<\/title>\n<meta name=\"description\" content=\"Mask tagab s\u00fcgava niisutuse ja rahustab tundlikku ning kuiva nahka t\u00e4nu PDRx kompleksile ja h\u00fcaluroonhappele. Leevendab koheselt \u00e4rritust. Kiire tarne!\" \/>\n<meta name=\"robots\" content=\"index, follow, max-snippet:-1, max-image-preview:large, max-video-preview:-1\" \/>\n<link rel=\"canonical\" href=\"https:\/\/idakorea.ee\/en\/product\/rejuran-moisture-treatment-mask\/\" \/>\n<meta property=\"og:locale\" content=\"en_US\" \/>\n<meta property=\"og:type\" content=\"article\" \/>\n<meta property=\"og:title\" content=\"Rejuran Moisture Treatment Mask - IDA.KOREA\" \/>\n<meta property=\"og:description\" content=\"Mask tagab s\u00fcgava niisutuse ja rahustab tundlikku ning kuiva nahka t\u00e4nu PDRx kompleksile ja h\u00fcaluroonhappele. Leevendab koheselt \u00e4rritust. Kiire tarne!\" \/>\n<meta property=\"og:url\" content=\"https:\/\/idakorea.ee\/en\/product\/rejuran-moisture-treatment-mask\/\" \/>\n<meta property=\"og:site_name\" content=\"IDA.KOREA\" \/>\n<meta property=\"article:modified_time\" content=\"2026-04-09T07:58:07+00:00\" \/>\n<meta property=\"og:image\" content=\"https:\/\/idakorea.ee\/wp-content\/uploads\/2026\/03\/rejuran-moisture-treatment-mask-idakorea.webp\" \/>\n\t<meta property=\"og:image:width\" content=\"1680\" \/>\n\t<meta property=\"og:image:height\" content=\"1680\" \/>\n\t<meta property=\"og:image:type\" content=\"image\/webp\" \/>\n<meta name=\"twitter:card\" content=\"summary_large_image\" \/>\n<meta name=\"twitter:label1\" content=\"Est. reading time\" \/>\n\t<meta name=\"twitter:data1\" content=\"2 minutes\" \/>\n<script type=\"application\/ld+json\" class=\"yoast-schema-graph\">{\"@context\":\"https:\/\/schema.org\",\"@graph\":[{\"@type\":\"WebPage\",\"@id\":\"https:\/\/idakorea.ee\/product\/rejuran-moisture-treatment-mask\/\",\"url\":\"https:\/\/idakorea.ee\/product\/rejuran-moisture-treatment-mask\/\",\"name\":\"Rejuran Moisture Treatment Mask - IDA.KOREA\",\"isPartOf\":{\"@id\":\"https:\/\/idakorea.ee\/#website\"},\"primaryImageOfPage\":{\"@id\":\"https:\/\/idakorea.ee\/product\/rejuran-moisture-treatment-mask\/#primaryimage\"},\"image\":{\"@id\":\"https:\/\/idakorea.ee\/product\/rejuran-moisture-treatment-mask\/#primaryimage\"},\"thumbnailUrl\":\"https:\/\/idakorea.ee\/wp-content\/uploads\/2026\/03\/rejuran-moisture-treatment-mask-idakorea.webp\",\"datePublished\":\"2026-03-29T16:11:31+00:00\",\"dateModified\":\"2026-04-09T07:58:07+00:00\",\"description\":\"Mask tagab s\u00fcgava niisutuse ja rahustab tundlikku ning kuiva nahka t\u00e4nu PDRx kompleksile ja h\u00fcaluroonhappele. Leevendab koheselt \u00e4rritust. Kiire tarne!\",\"breadcrumb\":{\"@id\":\"https:\/\/idakorea.ee\/product\/rejuran-moisture-treatment-mask\/#breadcrumb\"},\"inLanguage\":\"en-US\",\"potentialAction\":[{\"@type\":\"ReadAction\",\"target\":[\"https:\/\/idakorea.ee\/product\/rejuran-moisture-treatment-mask\/\"]}]},{\"@type\":\"ImageObject\",\"inLanguage\":\"en-US\",\"@id\":\"https:\/\/idakorea.ee\/product\/rejuran-moisture-treatment-mask\/#primaryimage\",\"url\":\"https:\/\/idakorea.ee\/wp-content\/uploads\/2026\/03\/rejuran-moisture-treatment-mask-idakorea.webp\",\"contentUrl\":\"https:\/\/idakorea.ee\/wp-content\/uploads\/2026\/03\/rejuran-moisture-treatment-mask-idakorea.webp\",\"width\":1680,\"height\":1680},{\"@type\":\"BreadcrumbList\",\"@id\":\"https:\/\/idakorea.ee\/product\/rejuran-moisture-treatment-mask\/#breadcrumb\",\"itemListElement\":[{\"@type\":\"ListItem\",\"position\":1,\"name\":\"\u0413\u043b\u0430\u0432\u043d\u0430\u044f \u0441\u0442\u0440\u0430\u043d\u0438\u0446\u0430\",\"item\":\"https:\/\/idakorea.ee\/\"},{\"@type\":\"ListItem\",\"position\":2,\"name\":\"Shop\",\"item\":\"https:\/\/idakorea.ee\/shop-2\/\"},{\"@type\":\"ListItem\",\"position\":3,\"name\":\"Niisutav ja rahustav mask Rejuran Moisture Treatment Mask\"}]},{\"@type\":\"WebSite\",\"@id\":\"https:\/\/idakorea.ee\/#website\",\"url\":\"https:\/\/idakorea.ee\/\",\"name\":\"IDA.KOREA\",\"description\":\"Korea kosmeetika e-pood\",\"publisher\":{\"@id\":\"https:\/\/idakorea.ee\/#organization\"},\"alternateName\":\"Beauty Shop\",\"potentialAction\":[{\"@type\":\"SearchAction\",\"target\":{\"@type\":\"EntryPoint\",\"urlTemplate\":\"https:\/\/idakorea.ee\/?s={search_term_string}\"},\"query-input\":{\"@type\":\"PropertyValueSpecification\",\"valueRequired\":true,\"valueName\":\"search_term_string\"}}],\"inLanguage\":\"en-US\"},{\"@type\":\"Organization\",\"@id\":\"https:\/\/idakorea.ee\/#organization\",\"name\":\"IDA.KOREA\",\"url\":\"https:\/\/idakorea.ee\/\",\"logo\":{\"@type\":\"ImageObject\",\"inLanguage\":\"en-US\",\"@id\":\"https:\/\/idakorea.ee\/#\/schema\/logo\/image\/\",\"url\":\"https:\/\/idakorea.ee\/wp-content\/uploads\/2024\/05\/cropped-korea3.png\",\"contentUrl\":\"https:\/\/idakorea.ee\/wp-content\/uploads\/2024\/05\/cropped-korea3.png\",\"width\":688,\"height\":126,\"caption\":\"IDA.KOREA\"},\"image\":{\"@id\":\"https:\/\/idakorea.ee\/#\/schema\/logo\/image\/\"},\"sameAs\":[\"https:\/\/www.instagram.com\/ida.korea\/\"]}]}<\/script>\n<!-- \/ Yoast SEO plugin. -->","yoast_head_json":{"title":"Rejuran Moisture Treatment Mask - IDA.KOREA","description":"Mask tagab s\u00fcgava niisutuse ja rahustab tundlikku ning kuiva nahka t\u00e4nu PDRx kompleksile ja h\u00fcaluroonhappele. Leevendab koheselt \u00e4rritust. Kiire tarne!","robots":{"index":"index","follow":"follow","max-snippet":"max-snippet:-1","max-image-preview":"max-image-preview:large","max-video-preview":"max-video-preview:-1"},"canonical":"https:\/\/idakorea.ee\/en\/product\/rejuran-moisture-treatment-mask\/","og_locale":"en_US","og_type":"article","og_title":"Rejuran Moisture Treatment Mask - IDA.KOREA","og_description":"Mask tagab s\u00fcgava niisutuse ja rahustab tundlikku ning kuiva nahka t\u00e4nu PDRx kompleksile ja h\u00fcaluroonhappele. Leevendab koheselt \u00e4rritust. Kiire tarne!","og_url":"https:\/\/idakorea.ee\/en\/product\/rejuran-moisture-treatment-mask\/","og_site_name":"IDA.KOREA","article_modified_time":"2026-04-09T07:58:07+00:00","og_image":[{"width":1680,"height":1680,"url":"https:\/\/idakorea.ee\/wp-content\/uploads\/2026\/03\/rejuran-moisture-treatment-mask-idakorea.webp","type":"image\/webp"}],"twitter_card":"summary_large_image","twitter_misc":{"Est. reading time":"2 minutes"},"schema":{"@context":"https:\/\/schema.org","@graph":[{"@type":"WebPage","@id":"https:\/\/idakorea.ee\/product\/rejuran-moisture-treatment-mask\/","url":"https:\/\/idakorea.ee\/product\/rejuran-moisture-treatment-mask\/","name":"Rejuran Moisture Treatment Mask - IDA.KOREA","isPartOf":{"@id":"https:\/\/idakorea.ee\/#website"},"primaryImageOfPage":{"@id":"https:\/\/idakorea.ee\/product\/rejuran-moisture-treatment-mask\/#primaryimage"},"image":{"@id":"https:\/\/idakorea.ee\/product\/rejuran-moisture-treatment-mask\/#primaryimage"},"thumbnailUrl":"https:\/\/idakorea.ee\/wp-content\/uploads\/2026\/03\/rejuran-moisture-treatment-mask-idakorea.webp","datePublished":"2026-03-29T16:11:31+00:00","dateModified":"2026-04-09T07:58:07+00:00","description":"Mask tagab s\u00fcgava niisutuse ja rahustab tundlikku ning kuiva nahka t\u00e4nu PDRx kompleksile ja h\u00fcaluroonhappele. Leevendab koheselt \u00e4rritust. Kiire tarne!","breadcrumb":{"@id":"https:\/\/idakorea.ee\/product\/rejuran-moisture-treatment-mask\/#breadcrumb"},"inLanguage":"en-US","potentialAction":[{"@type":"ReadAction","target":["https:\/\/idakorea.ee\/product\/rejuran-moisture-treatment-mask\/"]}]},{"@type":"ImageObject","inLanguage":"en-US","@id":"https:\/\/idakorea.ee\/product\/rejuran-moisture-treatment-mask\/#primaryimage","url":"https:\/\/idakorea.ee\/wp-content\/uploads\/2026\/03\/rejuran-moisture-treatment-mask-idakorea.webp","contentUrl":"https:\/\/idakorea.ee\/wp-content\/uploads\/2026\/03\/rejuran-moisture-treatment-mask-idakorea.webp","width":1680,"height":1680},{"@type":"BreadcrumbList","@id":"https:\/\/idakorea.ee\/product\/rejuran-moisture-treatment-mask\/#breadcrumb","itemListElement":[{"@type":"ListItem","position":1,"name":"\u0413\u043b\u0430\u0432\u043d\u0430\u044f \u0441\u0442\u0440\u0430\u043d\u0438\u0446\u0430","item":"https:\/\/idakorea.ee\/"},{"@type":"ListItem","position":2,"name":"Shop","item":"https:\/\/idakorea.ee\/shop-2\/"},{"@type":"ListItem","position":3,"name":"Niisutav ja rahustav mask Rejuran Moisture Treatment Mask"}]},{"@type":"WebSite","@id":"https:\/\/idakorea.ee\/#website","url":"https:\/\/idakorea.ee\/","name":"IDA.KOREA","description":"Korean cosmetics e-shop","publisher":{"@id":"https:\/\/idakorea.ee\/#organization"},"alternateName":"Beauty Shop","potentialAction":[{"@type":"SearchAction","target":{"@type":"EntryPoint","urlTemplate":"https:\/\/idakorea.ee\/?s={search_term_string}"},"query-input":{"@type":"PropertyValueSpecification","valueRequired":true,"valueName":"search_term_string"}}],"inLanguage":"en-US"},{"@type":"Organization","@id":"https:\/\/idakorea.ee\/#organization","name":"IDA.KOREA","url":"https:\/\/idakorea.ee\/","logo":{"@type":"ImageObject","inLanguage":"en-US","@id":"https:\/\/idakorea.ee\/#\/schema\/logo\/image\/","url":"https:\/\/idakorea.ee\/wp-content\/uploads\/2024\/05\/cropped-korea3.png","contentUrl":"https:\/\/idakorea.ee\/wp-content\/uploads\/2024\/05\/cropped-korea3.png","width":688,"height":126,"caption":"IDA.KOREA"},"image":{"@id":"https:\/\/idakorea.ee\/#\/schema\/logo\/image\/"},"sameAs":["https:\/\/www.instagram.com\/ida.korea\/"]}]}},"jetpack_sharing_enabled":true,"brands":[{"id":108,"name":"REJURAN","slug":"rejuran"}],"_links":{"self":[{"href":"https:\/\/idakorea.ee\/en\/wp-json\/wp\/v2\/product\/18289","targetHints":{"allow":["GET"]}}],"collection":[{"href":"https:\/\/idakorea.ee\/en\/wp-json\/wp\/v2\/product"}],"about":[{"href":"https:\/\/idakorea.ee\/en\/wp-json\/wp\/v2\/types\/product"}],"replies":[{"embeddable":true,"href":"https:\/\/idakorea.ee\/en\/wp-json\/wp\/v2\/comments?post=18289"}],"version-history":[{"count":1,"href":"https:\/\/idakorea.ee\/en\/wp-json\/wp\/v2\/product\/18289\/revisions"}],"predecessor-version":[{"id":18292,"href":"https:\/\/idakorea.ee\/en\/wp-json\/wp\/v2\/product\/18289\/revisions\/18292"}],"wp:featuredmedia":[{"embeddable":true,"href":"https:\/\/idakorea.ee\/en\/wp-json\/wp\/v2\/media\/18291"}],"wp:attachment":[{"href":"https:\/\/idakorea.ee\/en\/wp-json\/wp\/v2\/media?parent=18289"}],"wp:term":[{"taxonomy":"pwb-brand","embeddable":true,"href":"https:\/\/idakorea.ee\/en\/wp-json\/wp\/v2\/pwb-brand?post=18289"},{"taxonomy":"product_brand","embeddable":true,"href":"https:\/\/idakorea.ee\/en\/wp-json\/wp\/v2\/product_brand?post=18289"},{"taxonomy":"product_cat","embeddable":true,"href":"https:\/\/idakorea.ee\/en\/wp-json\/wp\/v2\/product_cat?post=18289"},{"taxonomy":"product_tag","embeddable":true,"href":"https:\/\/idakorea.ee\/en\/wp-json\/wp\/v2\/product_tag?post=18289"}],"curies":[{"name":"wp","href":"https:\/\/api.w.org\/{rel}","templated":true}]}}