{"id":18318,"date":"2026-04-01T12:04:37","date_gmt":"2026-04-01T10:04:37","guid":{"rendered":"https:\/\/idakorea.ee\/?post_type=product&#038;p=18318"},"modified":"2026-04-16T13:15:41","modified_gmt":"2026-04-16T11:15:41","slug":"vt-cosmetics-reedle-shot-lifting-eye-cream-15ml","status":"publish","type":"product","link":"https:\/\/idakorea.ee\/en\/product\/vt-cosmetics-reedle-shot-lifting-eye-cream-15ml\/","title":{"rendered":"Lifting cream with microneedles VT Cosmetics Reedle Shot Lifting Eye Cream, 15ml"},"content":{"rendered":"<p>Lifting eye cream with massage effect and microneedles <strong>VT Cosmetics Reedle Shot Lifting Eye Cream<\/strong> helps fight pronounced signs of aging, smoothes expression lines and reduces the depth of skin folds.<\/p>\n<p>The product has a special metal applicator that vibrates when it comes into contact with the skin \u2013 such a massage improves the absorption of active ingredients and increases their effectiveness, and helps smooth out expression lines. The mild cooling effect reduces swelling and puffiness and refreshes the eyes. The product contains a patented complex <strong>CicaReedle\u2122<\/strong>, based on Asian water lily extract and microneedles (spicules). This allows active ingredients to penetrate deeper into the skin, improves oxygen exchange and reduces the risk of irritation.<\/p>\n<p>The special VDS technology is the main feature of the series: the active ingredients break down into microparticles to penetrate deeper into the epidermis. This process is repeated three times, and the size of the molecules decreases each time. They are then transformed into liposomes, the core of which contains such strengthening components as elastin, collagen and hyaluronic acid.<\/p>\n<p>The product has a woody-musky aroma: top notes are apple, peach, grapefruit and bergamot; heart notes are jasmine, rose, lily-of-the-valley and magnolia; base notes are musk, amber, sandalwood and cedar.<\/p>\n<p><strong>Additional active substances:<\/strong><\/p>\n<ul>\n<li><strong>Cicahyalon\u2122<\/strong> \u2013 a patented complex containing Asian water navel derivatives, green propolis and hyaluronic acid; moisturizes, has anti-inflammatory and antibacterial properties, reduces the depth of wrinkles and gently brightens the skin.<\/li>\n<li><strong>Sofoliance<\/strong> reduces the depth of skin folds, has an anti-edema and skin-brightening effect.<\/li>\n<li><strong>Bakuchiol<\/strong> is a plant-based retinol analogue that is also suitable for sensitive skin. It has a complex anti-aging effect, tightens and evens out the skin&#039;s microrelief.<\/li>\n<li><strong>Hydrolysed collagen and elastin<\/strong> restore the integrity of epidermal tissues and bind to damaged areas, strengthening the skin structure from the inside. They compact cell walls and activate protein metabolism, supporting the skin matrix.<\/li>\n<li><strong>Hyaluronic acid<\/strong> Penetrates into the deeper layers of the epidermis, moisturizes cells and helps retain moisture. Forms a protective layer that prevents skin from drying out.<\/li>\n<\/ul>\n<p>Suitable for all skin types.<\/p>\n<p><strong>Usage:<\/strong><\/p>\n<p>Apply a small amount of cream to the eye area and nasolabial folds and massage in gentle circular motions using the applicator.<\/p>\n<p><strong>Attention!<\/strong> It is not recommended to use after dermatological procedures that damage the stratum corneum of the epidermis (e.g. peels, cosmetic procedures, injections).<\/p>","protected":false},"excerpt":{"rendered":"<p>VT Cosmetics Reedle Shot Lifting Eye Cream with a massage effect helps fight the signs of aging, smoothes expression lines and reduces the depth of skin folds. The product has a special metal applicator that vibrates when it comes into contact with the skin - such a massage improves the absorption of active ingredients and increases their effectiveness, and helps smooth expression lines. A slight cooling effect reduces swelling and puffiness and refreshes\u2026<\/p>","protected":false},"featured_media":18320,"comment_status":"open","ping_status":"closed","template":"","meta":{"_uf_show_specific_survey":0,"_uf_disable_surveys":false,"_bst_post_transparent":"default","_bst_post_title":"","_bst_post_layout":"default","_bst_post_sidebar_id":"","_bst_post_content_style":"default","_bst_post_vertical_padding":"default","_bst_post_feature":"","_bst_post_feature_position":"","_bst_post_header":false,"_bst_post_footer":false},"pwb-brand":[493],"product_brand":[],"product_cat":[92,99,201],"product_tag":[568,773,624,1152,462],"class_list":{"0":"post-18318","1":"product","2":"type-product","3":"status-publish","4":"has-post-thumbnail","6":"pwb-brand-vt","7":"product_cat-nagu","8":"product_cat-silmad-ja-huuled-2","9":"product_cat-silmakreem","10":"product_tag-korea","11":"product_tag-lifting","12":"product_tag-reedle","13":"product_tag-silmakreem","14":"product_tag-vt","16":"first","17":"outofstock","18":"shipping-taxable","19":"purchasable","20":"product-type-simple","21":"entry","22":"content-bg","23":"loop-entry"},"supplier_id":null,"supplier_sku":"","barcode":null,"atum_controlled":true,"out_stock_date":"2026-04-16 13:15:41","out_stock_threshold":null,"inheritable":false,"inbound_stock":null,"stock_on_hold":0,"sold_today":0,"sales_last_days":4,"out_stock_days":7,"lost_sales":91,"has_location":false,"update_date":"2026-04-24T00:09:14","atum_locations":[],"atum_stock_status":"outofstock","restock_status":false,"low_stock_amount":"","sales_update_date":"2026-04-24T00:09:14","calc_backorders":null,"yoast_head":"<!-- This site is optimized with the Yoast SEO plugin v27.2 - https:\/\/yoast.com\/product\/yoast-seo-wordpress\/ -->\n<title>VT Cosmetics Reedle Shot Lifting Eye Cream, 15ml - IDA.KOREA<\/title>\n<meta name=\"description\" content=\"Massaa\u017ei silma\u00fcmbruse lifting-kreem mikro\u00adn\u00f5eltega aitab v\u00f5idelda v\u00e4ljendunud vananemisilmingutega, silub miimikakortse ja v\u00e4hendab naha voltide s\u00fcgavust.\" \/>\n<meta name=\"robots\" content=\"index, follow, max-snippet:-1, max-image-preview:large, max-video-preview:-1\" \/>\n<link rel=\"canonical\" href=\"https:\/\/idakorea.ee\/en\/product\/vt-cosmetics-reedle-shot-lifting-eye-cream-15ml\/\" \/>\n<meta property=\"og:locale\" content=\"en_US\" \/>\n<meta property=\"og:type\" content=\"article\" \/>\n<meta property=\"og:title\" content=\"VT Cosmetics Reedle Shot Lifting Eye Cream, 15ml - IDA.KOREA\" \/>\n<meta property=\"og:description\" content=\"Massaa\u017ei silma\u00fcmbruse lifting-kreem mikro\u00adn\u00f5eltega aitab v\u00f5idelda v\u00e4ljendunud vananemisilmingutega, silub miimikakortse ja v\u00e4hendab naha voltide s\u00fcgavust.\" \/>\n<meta property=\"og:url\" content=\"https:\/\/idakorea.ee\/en\/product\/vt-cosmetics-reedle-shot-lifting-eye-cream-15ml\/\" \/>\n<meta property=\"og:site_name\" content=\"IDA.KOREA\" \/>\n<meta property=\"article:modified_time\" content=\"2026-04-16T11:15:41+00:00\" \/>\n<meta property=\"og:image\" content=\"https:\/\/idakorea.ee\/wp-content\/uploads\/2026\/04\/VT-Cosmetics-Reedle-Shot-Lifting-Eye-Cream-idakorea.jpg\" \/>\n\t<meta property=\"og:image:width\" content=\"1000\" \/>\n\t<meta property=\"og:image:height\" content=\"1000\" \/>\n\t<meta property=\"og:image:type\" content=\"image\/jpeg\" \/>\n<meta name=\"twitter:card\" content=\"summary_large_image\" \/>\n<meta name=\"twitter:label1\" content=\"Est. reading time\" \/>\n\t<meta name=\"twitter:data1\" content=\"2 minutes\" \/>\n<script type=\"application\/ld+json\" class=\"yoast-schema-graph\">{\"@context\":\"https:\/\/schema.org\",\"@graph\":[{\"@type\":\"WebPage\",\"@id\":\"https:\/\/idakorea.ee\/product\/vt-cosmetics-reedle-shot-lifting-eye-cream-15ml\/\",\"url\":\"https:\/\/idakorea.ee\/product\/vt-cosmetics-reedle-shot-lifting-eye-cream-15ml\/\",\"name\":\"VT Cosmetics Reedle Shot Lifting Eye Cream, 15ml - IDA.KOREA\",\"isPartOf\":{\"@id\":\"https:\/\/idakorea.ee\/#website\"},\"primaryImageOfPage\":{\"@id\":\"https:\/\/idakorea.ee\/product\/vt-cosmetics-reedle-shot-lifting-eye-cream-15ml\/#primaryimage\"},\"image\":{\"@id\":\"https:\/\/idakorea.ee\/product\/vt-cosmetics-reedle-shot-lifting-eye-cream-15ml\/#primaryimage\"},\"thumbnailUrl\":\"https:\/\/idakorea.ee\/wp-content\/uploads\/2026\/04\/VT-Cosmetics-Reedle-Shot-Lifting-Eye-Cream-idakorea.jpg\",\"datePublished\":\"2026-04-01T10:04:37+00:00\",\"dateModified\":\"2026-04-16T11:15:41+00:00\",\"description\":\"Massaa\u017ei silma\u00fcmbruse lifting-kreem mikro\u00adn\u00f5eltega aitab v\u00f5idelda v\u00e4ljendunud vananemisilmingutega, silub miimikakortse ja v\u00e4hendab naha voltide s\u00fcgavust.\",\"breadcrumb\":{\"@id\":\"https:\/\/idakorea.ee\/product\/vt-cosmetics-reedle-shot-lifting-eye-cream-15ml\/#breadcrumb\"},\"inLanguage\":\"en-US\",\"potentialAction\":[{\"@type\":\"ReadAction\",\"target\":[\"https:\/\/idakorea.ee\/product\/vt-cosmetics-reedle-shot-lifting-eye-cream-15ml\/\"]}]},{\"@type\":\"ImageObject\",\"inLanguage\":\"en-US\",\"@id\":\"https:\/\/idakorea.ee\/product\/vt-cosmetics-reedle-shot-lifting-eye-cream-15ml\/#primaryimage\",\"url\":\"https:\/\/idakorea.ee\/wp-content\/uploads\/2026\/04\/VT-Cosmetics-Reedle-Shot-Lifting-Eye-Cream-idakorea.jpg\",\"contentUrl\":\"https:\/\/idakorea.ee\/wp-content\/uploads\/2026\/04\/VT-Cosmetics-Reedle-Shot-Lifting-Eye-Cream-idakorea.jpg\",\"width\":1000,\"height\":1000},{\"@type\":\"BreadcrumbList\",\"@id\":\"https:\/\/idakorea.ee\/product\/vt-cosmetics-reedle-shot-lifting-eye-cream-15ml\/#breadcrumb\",\"itemListElement\":[{\"@type\":\"ListItem\",\"position\":1,\"name\":\"\u0413\u043b\u0430\u0432\u043d\u0430\u044f \u0441\u0442\u0440\u0430\u043d\u0438\u0446\u0430\",\"item\":\"https:\/\/idakorea.ee\/\"},{\"@type\":\"ListItem\",\"position\":2,\"name\":\"Shop\",\"item\":\"https:\/\/idakorea.ee\/shop-2\/\"},{\"@type\":\"ListItem\",\"position\":3,\"name\":\"Lifting-kreem mikro\u00adn\u00f5eltega VT Cosmetics Reedle Shot Lifting Eye Cream, 15ml\"}]},{\"@type\":\"WebSite\",\"@id\":\"https:\/\/idakorea.ee\/#website\",\"url\":\"https:\/\/idakorea.ee\/\",\"name\":\"IDA.KOREA\",\"description\":\"Korea kosmeetika e-pood\",\"publisher\":{\"@id\":\"https:\/\/idakorea.ee\/#organization\"},\"alternateName\":\"Beauty Shop\",\"potentialAction\":[{\"@type\":\"SearchAction\",\"target\":{\"@type\":\"EntryPoint\",\"urlTemplate\":\"https:\/\/idakorea.ee\/?s={search_term_string}\"},\"query-input\":{\"@type\":\"PropertyValueSpecification\",\"valueRequired\":true,\"valueName\":\"search_term_string\"}}],\"inLanguage\":\"en-US\"},{\"@type\":\"Organization\",\"@id\":\"https:\/\/idakorea.ee\/#organization\",\"name\":\"IDA.KOREA\",\"url\":\"https:\/\/idakorea.ee\/\",\"logo\":{\"@type\":\"ImageObject\",\"inLanguage\":\"en-US\",\"@id\":\"https:\/\/idakorea.ee\/#\/schema\/logo\/image\/\",\"url\":\"https:\/\/idakorea.ee\/wp-content\/uploads\/2024\/05\/cropped-korea3.png\",\"contentUrl\":\"https:\/\/idakorea.ee\/wp-content\/uploads\/2024\/05\/cropped-korea3.png\",\"width\":688,\"height\":126,\"caption\":\"IDA.KOREA\"},\"image\":{\"@id\":\"https:\/\/idakorea.ee\/#\/schema\/logo\/image\/\"},\"sameAs\":[\"https:\/\/www.instagram.com\/ida.korea\/\"]}]}<\/script>\n<!-- \/ Yoast SEO plugin. -->","yoast_head_json":{"title":"VT Cosmetics Reedle Shot Lifting Eye Cream, 15ml - IDA.KOREA","description":"Massaa\u017ei silma\u00fcmbruse lifting-kreem mikro\u00adn\u00f5eltega aitab v\u00f5idelda v\u00e4ljendunud vananemisilmingutega, silub miimikakortse ja v\u00e4hendab naha voltide s\u00fcgavust.","robots":{"index":"index","follow":"follow","max-snippet":"max-snippet:-1","max-image-preview":"max-image-preview:large","max-video-preview":"max-video-preview:-1"},"canonical":"https:\/\/idakorea.ee\/en\/product\/vt-cosmetics-reedle-shot-lifting-eye-cream-15ml\/","og_locale":"en_US","og_type":"article","og_title":"VT Cosmetics Reedle Shot Lifting Eye Cream, 15ml - IDA.KOREA","og_description":"Massaa\u017ei silma\u00fcmbruse lifting-kreem mikro\u00adn\u00f5eltega aitab v\u00f5idelda v\u00e4ljendunud vananemisilmingutega, silub miimikakortse ja v\u00e4hendab naha voltide s\u00fcgavust.","og_url":"https:\/\/idakorea.ee\/en\/product\/vt-cosmetics-reedle-shot-lifting-eye-cream-15ml\/","og_site_name":"IDA.KOREA","article_modified_time":"2026-04-16T11:15:41+00:00","og_image":[{"width":1000,"height":1000,"url":"https:\/\/idakorea.ee\/wp-content\/uploads\/2026\/04\/VT-Cosmetics-Reedle-Shot-Lifting-Eye-Cream-idakorea.jpg","type":"image\/jpeg"}],"twitter_card":"summary_large_image","twitter_misc":{"Est. reading time":"2 minutes"},"schema":{"@context":"https:\/\/schema.org","@graph":[{"@type":"WebPage","@id":"https:\/\/idakorea.ee\/product\/vt-cosmetics-reedle-shot-lifting-eye-cream-15ml\/","url":"https:\/\/idakorea.ee\/product\/vt-cosmetics-reedle-shot-lifting-eye-cream-15ml\/","name":"VT Cosmetics Reedle Shot Lifting Eye Cream, 15ml - IDA.KOREA","isPartOf":{"@id":"https:\/\/idakorea.ee\/#website"},"primaryImageOfPage":{"@id":"https:\/\/idakorea.ee\/product\/vt-cosmetics-reedle-shot-lifting-eye-cream-15ml\/#primaryimage"},"image":{"@id":"https:\/\/idakorea.ee\/product\/vt-cosmetics-reedle-shot-lifting-eye-cream-15ml\/#primaryimage"},"thumbnailUrl":"https:\/\/idakorea.ee\/wp-content\/uploads\/2026\/04\/VT-Cosmetics-Reedle-Shot-Lifting-Eye-Cream-idakorea.jpg","datePublished":"2026-04-01T10:04:37+00:00","dateModified":"2026-04-16T11:15:41+00:00","description":"Massaa\u017ei silma\u00fcmbruse lifting-kreem mikro\u00adn\u00f5eltega aitab v\u00f5idelda v\u00e4ljendunud vananemisilmingutega, silub miimikakortse ja v\u00e4hendab naha voltide s\u00fcgavust.","breadcrumb":{"@id":"https:\/\/idakorea.ee\/product\/vt-cosmetics-reedle-shot-lifting-eye-cream-15ml\/#breadcrumb"},"inLanguage":"en-US","potentialAction":[{"@type":"ReadAction","target":["https:\/\/idakorea.ee\/product\/vt-cosmetics-reedle-shot-lifting-eye-cream-15ml\/"]}]},{"@type":"ImageObject","inLanguage":"en-US","@id":"https:\/\/idakorea.ee\/product\/vt-cosmetics-reedle-shot-lifting-eye-cream-15ml\/#primaryimage","url":"https:\/\/idakorea.ee\/wp-content\/uploads\/2026\/04\/VT-Cosmetics-Reedle-Shot-Lifting-Eye-Cream-idakorea.jpg","contentUrl":"https:\/\/idakorea.ee\/wp-content\/uploads\/2026\/04\/VT-Cosmetics-Reedle-Shot-Lifting-Eye-Cream-idakorea.jpg","width":1000,"height":1000},{"@type":"BreadcrumbList","@id":"https:\/\/idakorea.ee\/product\/vt-cosmetics-reedle-shot-lifting-eye-cream-15ml\/#breadcrumb","itemListElement":[{"@type":"ListItem","position":1,"name":"\u0413\u043b\u0430\u0432\u043d\u0430\u044f \u0441\u0442\u0440\u0430\u043d\u0438\u0446\u0430","item":"https:\/\/idakorea.ee\/"},{"@type":"ListItem","position":2,"name":"Shop","item":"https:\/\/idakorea.ee\/shop-2\/"},{"@type":"ListItem","position":3,"name":"Lifting-kreem mikro\u00adn\u00f5eltega VT Cosmetics Reedle Shot Lifting Eye Cream, 15ml"}]},{"@type":"WebSite","@id":"https:\/\/idakorea.ee\/#website","url":"https:\/\/idakorea.ee\/","name":"IDA.KOREA","description":"Korean cosmetics e-shop","publisher":{"@id":"https:\/\/idakorea.ee\/#organization"},"alternateName":"Beauty Shop","potentialAction":[{"@type":"SearchAction","target":{"@type":"EntryPoint","urlTemplate":"https:\/\/idakorea.ee\/?s={search_term_string}"},"query-input":{"@type":"PropertyValueSpecification","valueRequired":true,"valueName":"search_term_string"}}],"inLanguage":"en-US"},{"@type":"Organization","@id":"https:\/\/idakorea.ee\/#organization","name":"IDA.KOREA","url":"https:\/\/idakorea.ee\/","logo":{"@type":"ImageObject","inLanguage":"en-US","@id":"https:\/\/idakorea.ee\/#\/schema\/logo\/image\/","url":"https:\/\/idakorea.ee\/wp-content\/uploads\/2024\/05\/cropped-korea3.png","contentUrl":"https:\/\/idakorea.ee\/wp-content\/uploads\/2024\/05\/cropped-korea3.png","width":688,"height":126,"caption":"IDA.KOREA"},"image":{"@id":"https:\/\/idakorea.ee\/#\/schema\/logo\/image\/"},"sameAs":["https:\/\/www.instagram.com\/ida.korea\/"]}]}},"jetpack_sharing_enabled":true,"brands":[{"id":493,"name":"VT COSMETICS","slug":"vt"}],"_links":{"self":[{"href":"https:\/\/idakorea.ee\/en\/wp-json\/wp\/v2\/product\/18318","targetHints":{"allow":["GET"]}}],"collection":[{"href":"https:\/\/idakorea.ee\/en\/wp-json\/wp\/v2\/product"}],"about":[{"href":"https:\/\/idakorea.ee\/en\/wp-json\/wp\/v2\/types\/product"}],"replies":[{"embeddable":true,"href":"https:\/\/idakorea.ee\/en\/wp-json\/wp\/v2\/comments?post=18318"}],"version-history":[{"count":3,"href":"https:\/\/idakorea.ee\/en\/wp-json\/wp\/v2\/product\/18318\/revisions"}],"predecessor-version":[{"id":18324,"href":"https:\/\/idakorea.ee\/en\/wp-json\/wp\/v2\/product\/18318\/revisions\/18324"}],"wp:featuredmedia":[{"embeddable":true,"href":"https:\/\/idakorea.ee\/en\/wp-json\/wp\/v2\/media\/18320"}],"wp:attachment":[{"href":"https:\/\/idakorea.ee\/en\/wp-json\/wp\/v2\/media?parent=18318"}],"wp:term":[{"taxonomy":"pwb-brand","embeddable":true,"href":"https:\/\/idakorea.ee\/en\/wp-json\/wp\/v2\/pwb-brand?post=18318"},{"taxonomy":"product_brand","embeddable":true,"href":"https:\/\/idakorea.ee\/en\/wp-json\/wp\/v2\/product_brand?post=18318"},{"taxonomy":"product_cat","embeddable":true,"href":"https:\/\/idakorea.ee\/en\/wp-json\/wp\/v2\/product_cat?post=18318"},{"taxonomy":"product_tag","embeddable":true,"href":"https:\/\/idakorea.ee\/en\/wp-json\/wp\/v2\/product_tag?post=18318"}],"curies":[{"name":"wp","href":"https:\/\/api.w.org\/{rel}","templated":true}]}}