{"id":18326,"date":"2026-04-01T14:09:23","date_gmt":"2026-04-01T12:09:23","guid":{"rendered":"https:\/\/idakorea.ee\/?post_type=product&#038;p=18326"},"modified":"2026-05-10T20:35:13","modified_gmt":"2026-05-10T18:35:13","slug":"mixsoon-centella-sun-cream-spf50-pa-50ml","status":"publish","type":"product","link":"https:\/\/idakorea.ee\/en\/product\/mixsoon-centella-sun-cream-spf50-pa-50ml\/","title":{"rendered":"Light sunscreen with centella Mixsoon Centella Sun Cream SPF50+ PA++++, 50ml"},"content":{"rendered":"<p>Light sunscreen with centella <strong>Mixsoon Centella Sun Cream SPF50+ PA++++<\/strong> is a combination of chemical UV filters (both older and newer generations) and provides reliable protection against ultraviolet radiation. It helps to inhibit the activity of melanin-producing cells, which can cause hyperpigmentation. In addition to its main function, the cream effectively moisturizes and soothes sun-irritated skin, reduces itching and redness.<\/p>\n<p>The product contains photostable new generation chemical UV filters that do not need to be renewed for up to 8 hours in urban conditions:<\/p>\n<ul>\n<li><strong>Mexoryl SX (Terephthalylidene dicamphor sulfonic acid)<\/strong> protects against UVA rays.<\/li>\n<li><strong>Tinosorb S (Bis-Ethylhexyloxyphenol Methoxyphenyl Triazine)<\/strong>\u00a0is a broad-spectrum filter that protects against both UVA and UVB radiation.<\/li>\n<\/ul>\n<p>The cream has a light and airy, serum-like texture. It does not leave a sticky feeling or a white film on the skin. The gentle formula is suitable for use by the whole family, regardless of age and skin type. Also ideal as a makeup base.<\/p>\n<p><strong>Main active ingredients:<\/strong><\/p>\n<ul>\n<li><strong>Lavender oil<\/strong> has antiseptic and wound-healing properties, soothes the skin and helps reduce inflammation and scaling.<\/li>\n<li><strong>Asian centella extract (Centella asiatica, 970 ppm)<\/strong> has a multifaceted effect on the epidermis: stimulates collagen and elastin synthesis, improves skin elasticity and tone; is effective in acne and supports the condition of couperose skin by strengthening capillaries and reducing the visibility of blood vessels.<\/li>\n<\/ul>\n<p>&nbsp;<\/p>\n<p>Suitable for all skin types.<\/p>\n<p><strong>Usage:<\/strong><br \/>\nAfter all daily skin care steps, apply approximately 1.2 ml of the product to the face and other exposed skin areas (ears, neck). When exposed to direct sunlight (e.g. at the beach), renew the protective layer every 2 hours.<\/p>\n<p>&nbsp;<\/p>","protected":false},"excerpt":{"rendered":"<p>Light sunscreen with centella Mixsoon Centella Sun Cream SPF50+ PA++++ is a combination of chemical UV filters (both older and newer generations) and provides reliable protection against ultraviolet radiation. It helps inhibit the activity of melanin-producing cells, which can cause hyperpigmentation. In addition to its main function, the cream effectively moisturizes and soothes skin irritated by the sun, reduces itching and redness. The product contains photostable\u2026<\/p>","protected":false},"featured_media":18327,"comment_status":"open","ping_status":"closed","template":"","meta":{"_uf_show_specific_survey":0,"_uf_disable_surveys":false,"_bst_post_transparent":"default","_bst_post_title":"","_bst_post_layout":"default","_bst_post_sidebar_id":"","_bst_post_content_style":"default","_bst_post_vertical_padding":"default","_bst_post_feature":"","_bst_post_feature_position":"","_bst_post_header":false,"_bst_post_footer":false},"pwb-brand":[1000],"product_brand":[],"product_cat":[92,101],"product_tag":[568,375,864,900],"class_list":{"0":"post-18326","1":"product","2":"type-product","3":"status-publish","4":"has-post-thumbnail","6":"pwb-brand-mixsoon","7":"product_cat-nagu","8":"product_cat-paikesekaitse","9":"product_tag-korea","10":"product_tag-paikesekaitse","11":"product_tag-spf","12":"product_tag-sun-cream","14":"first","15":"instock","16":"shipping-taxable","17":"purchasable","18":"product-type-simple","19":"entry","20":"content-bg","21":"loop-entry"},"supplier_id":null,"supplier_sku":"","barcode":null,"atum_controlled":true,"out_stock_date":null,"out_stock_threshold":null,"inheritable":false,"inbound_stock":null,"stock_on_hold":0,"sold_today":0,"sales_last_days":3,"out_stock_days":0,"lost_sales":0,"has_location":false,"update_date":"2026-05-17T00:04:10","atum_locations":[],"atum_stock_status":"instock","restock_status":false,"low_stock_amount":"","sales_update_date":"2026-05-17T00:04:10","calc_backorders":null,"yoast_head":"<!-- This site is optimized with the Yoast SEO plugin v27.2 - https:\/\/yoast.com\/product\/yoast-seo-wordpress\/ -->\n<title>Mixsoon Centella Sun Cream SPF50+ PA++++, 50ml - IDA.KOREA<\/title>\n<meta name=\"description\" content=\"Kerge p\u00e4ikesekaitsekreem tsentellaga on keemiliste UV filtrite kombinatsiooniga ning tagab usaldusv\u00e4\u00e4rse kaitse ultraviolettkiirguse eest. Kiire tarne!\" \/>\n<meta name=\"robots\" content=\"index, follow, max-snippet:-1, max-image-preview:large, max-video-preview:-1\" \/>\n<link rel=\"canonical\" href=\"https:\/\/idakorea.ee\/en\/product\/mixsoon-centella-sun-cream-spf50-pa-50ml\/\" \/>\n<meta property=\"og:locale\" content=\"en_US\" \/>\n<meta property=\"og:type\" content=\"article\" \/>\n<meta property=\"og:title\" content=\"Mixsoon Centella Sun Cream SPF50+ PA++++, 50ml - IDA.KOREA\" \/>\n<meta property=\"og:description\" content=\"Kerge p\u00e4ikesekaitsekreem tsentellaga on keemiliste UV filtrite kombinatsiooniga ning tagab usaldusv\u00e4\u00e4rse kaitse ultraviolettkiirguse eest. Kiire tarne!\" \/>\n<meta property=\"og:url\" content=\"https:\/\/idakorea.ee\/en\/product\/mixsoon-centella-sun-cream-spf50-pa-50ml\/\" \/>\n<meta property=\"og:site_name\" content=\"IDA.KOREA\" \/>\n<meta property=\"article:modified_time\" content=\"2026-05-10T18:35:13+00:00\" \/>\n<meta property=\"og:image\" content=\"https:\/\/idakorea.ee\/wp-content\/uploads\/2026\/04\/Mixsoon-Centella-Sun-Cream-SPF50-idakorea.webp\" \/>\n\t<meta property=\"og:image:width\" content=\"800\" \/>\n\t<meta property=\"og:image:height\" content=\"800\" \/>\n\t<meta property=\"og:image:type\" content=\"image\/webp\" \/>\n<meta name=\"twitter:card\" content=\"summary_large_image\" \/>\n<meta name=\"twitter:label1\" content=\"Est. reading time\" \/>\n\t<meta name=\"twitter:data1\" content=\"2 minutes\" \/>\n<script type=\"application\/ld+json\" class=\"yoast-schema-graph\">{\"@context\":\"https:\/\/schema.org\",\"@graph\":[{\"@type\":\"WebPage\",\"@id\":\"https:\/\/idakorea.ee\/product\/mixsoon-centella-sun-cream-spf50-pa-50ml\/\",\"url\":\"https:\/\/idakorea.ee\/product\/mixsoon-centella-sun-cream-spf50-pa-50ml\/\",\"name\":\"Mixsoon Centella Sun Cream SPF50+ PA++++, 50ml - IDA.KOREA\",\"isPartOf\":{\"@id\":\"https:\/\/idakorea.ee\/#website\"},\"primaryImageOfPage\":{\"@id\":\"https:\/\/idakorea.ee\/product\/mixsoon-centella-sun-cream-spf50-pa-50ml\/#primaryimage\"},\"image\":{\"@id\":\"https:\/\/idakorea.ee\/product\/mixsoon-centella-sun-cream-spf50-pa-50ml\/#primaryimage\"},\"thumbnailUrl\":\"https:\/\/idakorea.ee\/wp-content\/uploads\/2026\/04\/Mixsoon-Centella-Sun-Cream-SPF50-idakorea.webp\",\"datePublished\":\"2026-04-01T12:09:23+00:00\",\"dateModified\":\"2026-05-10T18:35:13+00:00\",\"description\":\"Kerge p\u00e4ikesekaitsekreem tsentellaga on keemiliste UV filtrite kombinatsiooniga ning tagab usaldusv\u00e4\u00e4rse kaitse ultraviolettkiirguse eest. Kiire tarne!\",\"breadcrumb\":{\"@id\":\"https:\/\/idakorea.ee\/product\/mixsoon-centella-sun-cream-spf50-pa-50ml\/#breadcrumb\"},\"inLanguage\":\"en-US\",\"potentialAction\":[{\"@type\":\"ReadAction\",\"target\":[\"https:\/\/idakorea.ee\/product\/mixsoon-centella-sun-cream-spf50-pa-50ml\/\"]}]},{\"@type\":\"ImageObject\",\"inLanguage\":\"en-US\",\"@id\":\"https:\/\/idakorea.ee\/product\/mixsoon-centella-sun-cream-spf50-pa-50ml\/#primaryimage\",\"url\":\"https:\/\/idakorea.ee\/wp-content\/uploads\/2026\/04\/Mixsoon-Centella-Sun-Cream-SPF50-idakorea.webp\",\"contentUrl\":\"https:\/\/idakorea.ee\/wp-content\/uploads\/2026\/04\/Mixsoon-Centella-Sun-Cream-SPF50-idakorea.webp\",\"width\":800,\"height\":800},{\"@type\":\"BreadcrumbList\",\"@id\":\"https:\/\/idakorea.ee\/product\/mixsoon-centella-sun-cream-spf50-pa-50ml\/#breadcrumb\",\"itemListElement\":[{\"@type\":\"ListItem\",\"position\":1,\"name\":\"\u0413\u043b\u0430\u0432\u043d\u0430\u044f \u0441\u0442\u0440\u0430\u043d\u0438\u0446\u0430\",\"item\":\"https:\/\/idakorea.ee\/\"},{\"@type\":\"ListItem\",\"position\":2,\"name\":\"Shop\",\"item\":\"https:\/\/idakorea.ee\/shop-2\/\"},{\"@type\":\"ListItem\",\"position\":3,\"name\":\"Kerge p\u00e4ikesekaitsekreem tsentellaga Mixsoon Centella Sun Cream SPF50+ PA++++, 50ml\"}]},{\"@type\":\"WebSite\",\"@id\":\"https:\/\/idakorea.ee\/#website\",\"url\":\"https:\/\/idakorea.ee\/\",\"name\":\"IDA.KOREA\",\"description\":\"Korea kosmeetika e-pood\",\"publisher\":{\"@id\":\"https:\/\/idakorea.ee\/#organization\"},\"alternateName\":\"Beauty Shop\",\"potentialAction\":[{\"@type\":\"SearchAction\",\"target\":{\"@type\":\"EntryPoint\",\"urlTemplate\":\"https:\/\/idakorea.ee\/?s={search_term_string}\"},\"query-input\":{\"@type\":\"PropertyValueSpecification\",\"valueRequired\":true,\"valueName\":\"search_term_string\"}}],\"inLanguage\":\"en-US\"},{\"@type\":\"Organization\",\"@id\":\"https:\/\/idakorea.ee\/#organization\",\"name\":\"IDA.KOREA\",\"url\":\"https:\/\/idakorea.ee\/\",\"logo\":{\"@type\":\"ImageObject\",\"inLanguage\":\"en-US\",\"@id\":\"https:\/\/idakorea.ee\/#\/schema\/logo\/image\/\",\"url\":\"https:\/\/idakorea.ee\/wp-content\/uploads\/2024\/05\/cropped-korea3.png\",\"contentUrl\":\"https:\/\/idakorea.ee\/wp-content\/uploads\/2024\/05\/cropped-korea3.png\",\"width\":688,\"height\":126,\"caption\":\"IDA.KOREA\"},\"image\":{\"@id\":\"https:\/\/idakorea.ee\/#\/schema\/logo\/image\/\"},\"sameAs\":[\"https:\/\/www.instagram.com\/ida.korea\/\"]}]}<\/script>\n<!-- \/ Yoast SEO plugin. -->","yoast_head_json":{"title":"Mixsoon Centella Sun Cream SPF50+ PA++++, 50ml - IDA.KOREA","description":"Kerge p\u00e4ikesekaitsekreem tsentellaga on keemiliste UV filtrite kombinatsiooniga ning tagab usaldusv\u00e4\u00e4rse kaitse ultraviolettkiirguse eest. Kiire tarne!","robots":{"index":"index","follow":"follow","max-snippet":"max-snippet:-1","max-image-preview":"max-image-preview:large","max-video-preview":"max-video-preview:-1"},"canonical":"https:\/\/idakorea.ee\/en\/product\/mixsoon-centella-sun-cream-spf50-pa-50ml\/","og_locale":"en_US","og_type":"article","og_title":"Mixsoon Centella Sun Cream SPF50+ PA++++, 50ml - IDA.KOREA","og_description":"Kerge p\u00e4ikesekaitsekreem tsentellaga on keemiliste UV filtrite kombinatsiooniga ning tagab usaldusv\u00e4\u00e4rse kaitse ultraviolettkiirguse eest. Kiire tarne!","og_url":"https:\/\/idakorea.ee\/en\/product\/mixsoon-centella-sun-cream-spf50-pa-50ml\/","og_site_name":"IDA.KOREA","article_modified_time":"2026-05-10T18:35:13+00:00","og_image":[{"width":800,"height":800,"url":"https:\/\/idakorea.ee\/wp-content\/uploads\/2026\/04\/Mixsoon-Centella-Sun-Cream-SPF50-idakorea.webp","type":"image\/webp"}],"twitter_card":"summary_large_image","twitter_misc":{"Est. reading time":"2 minutes"},"schema":{"@context":"https:\/\/schema.org","@graph":[{"@type":"WebPage","@id":"https:\/\/idakorea.ee\/product\/mixsoon-centella-sun-cream-spf50-pa-50ml\/","url":"https:\/\/idakorea.ee\/product\/mixsoon-centella-sun-cream-spf50-pa-50ml\/","name":"Mixsoon Centella Sun Cream SPF50+ PA++++, 50ml - IDA.KOREA","isPartOf":{"@id":"https:\/\/idakorea.ee\/#website"},"primaryImageOfPage":{"@id":"https:\/\/idakorea.ee\/product\/mixsoon-centella-sun-cream-spf50-pa-50ml\/#primaryimage"},"image":{"@id":"https:\/\/idakorea.ee\/product\/mixsoon-centella-sun-cream-spf50-pa-50ml\/#primaryimage"},"thumbnailUrl":"https:\/\/idakorea.ee\/wp-content\/uploads\/2026\/04\/Mixsoon-Centella-Sun-Cream-SPF50-idakorea.webp","datePublished":"2026-04-01T12:09:23+00:00","dateModified":"2026-05-10T18:35:13+00:00","description":"Kerge p\u00e4ikesekaitsekreem tsentellaga on keemiliste UV filtrite kombinatsiooniga ning tagab usaldusv\u00e4\u00e4rse kaitse ultraviolettkiirguse eest. Kiire tarne!","breadcrumb":{"@id":"https:\/\/idakorea.ee\/product\/mixsoon-centella-sun-cream-spf50-pa-50ml\/#breadcrumb"},"inLanguage":"en-US","potentialAction":[{"@type":"ReadAction","target":["https:\/\/idakorea.ee\/product\/mixsoon-centella-sun-cream-spf50-pa-50ml\/"]}]},{"@type":"ImageObject","inLanguage":"en-US","@id":"https:\/\/idakorea.ee\/product\/mixsoon-centella-sun-cream-spf50-pa-50ml\/#primaryimage","url":"https:\/\/idakorea.ee\/wp-content\/uploads\/2026\/04\/Mixsoon-Centella-Sun-Cream-SPF50-idakorea.webp","contentUrl":"https:\/\/idakorea.ee\/wp-content\/uploads\/2026\/04\/Mixsoon-Centella-Sun-Cream-SPF50-idakorea.webp","width":800,"height":800},{"@type":"BreadcrumbList","@id":"https:\/\/idakorea.ee\/product\/mixsoon-centella-sun-cream-spf50-pa-50ml\/#breadcrumb","itemListElement":[{"@type":"ListItem","position":1,"name":"\u0413\u043b\u0430\u0432\u043d\u0430\u044f \u0441\u0442\u0440\u0430\u043d\u0438\u0446\u0430","item":"https:\/\/idakorea.ee\/"},{"@type":"ListItem","position":2,"name":"Shop","item":"https:\/\/idakorea.ee\/shop-2\/"},{"@type":"ListItem","position":3,"name":"Kerge p\u00e4ikesekaitsekreem tsentellaga Mixsoon Centella Sun Cream SPF50+ PA++++, 50ml"}]},{"@type":"WebSite","@id":"https:\/\/idakorea.ee\/#website","url":"https:\/\/idakorea.ee\/","name":"IDA.KOREA","description":"Korean cosmetics e-shop","publisher":{"@id":"https:\/\/idakorea.ee\/#organization"},"alternateName":"Beauty Shop","potentialAction":[{"@type":"SearchAction","target":{"@type":"EntryPoint","urlTemplate":"https:\/\/idakorea.ee\/?s={search_term_string}"},"query-input":{"@type":"PropertyValueSpecification","valueRequired":true,"valueName":"search_term_string"}}],"inLanguage":"en-US"},{"@type":"Organization","@id":"https:\/\/idakorea.ee\/#organization","name":"IDA.KOREA","url":"https:\/\/idakorea.ee\/","logo":{"@type":"ImageObject","inLanguage":"en-US","@id":"https:\/\/idakorea.ee\/#\/schema\/logo\/image\/","url":"https:\/\/idakorea.ee\/wp-content\/uploads\/2024\/05\/cropped-korea3.png","contentUrl":"https:\/\/idakorea.ee\/wp-content\/uploads\/2024\/05\/cropped-korea3.png","width":688,"height":126,"caption":"IDA.KOREA"},"image":{"@id":"https:\/\/idakorea.ee\/#\/schema\/logo\/image\/"},"sameAs":["https:\/\/www.instagram.com\/ida.korea\/"]}]}},"jetpack_sharing_enabled":true,"brands":[{"id":1000,"name":"MIXSOON","slug":"mixsoon"}],"_links":{"self":[{"href":"https:\/\/idakorea.ee\/en\/wp-json\/wp\/v2\/product\/18326","targetHints":{"allow":["GET"]}}],"collection":[{"href":"https:\/\/idakorea.ee\/en\/wp-json\/wp\/v2\/product"}],"about":[{"href":"https:\/\/idakorea.ee\/en\/wp-json\/wp\/v2\/types\/product"}],"replies":[{"embeddable":true,"href":"https:\/\/idakorea.ee\/en\/wp-json\/wp\/v2\/comments?post=18326"}],"version-history":[{"count":1,"href":"https:\/\/idakorea.ee\/en\/wp-json\/wp\/v2\/product\/18326\/revisions"}],"predecessor-version":[{"id":18330,"href":"https:\/\/idakorea.ee\/en\/wp-json\/wp\/v2\/product\/18326\/revisions\/18330"}],"wp:featuredmedia":[{"embeddable":true,"href":"https:\/\/idakorea.ee\/en\/wp-json\/wp\/v2\/media\/18327"}],"wp:attachment":[{"href":"https:\/\/idakorea.ee\/en\/wp-json\/wp\/v2\/media?parent=18326"}],"wp:term":[{"taxonomy":"pwb-brand","embeddable":true,"href":"https:\/\/idakorea.ee\/en\/wp-json\/wp\/v2\/pwb-brand?post=18326"},{"taxonomy":"product_brand","embeddable":true,"href":"https:\/\/idakorea.ee\/en\/wp-json\/wp\/v2\/product_brand?post=18326"},{"taxonomy":"product_cat","embeddable":true,"href":"https:\/\/idakorea.ee\/en\/wp-json\/wp\/v2\/product_cat?post=18326"},{"taxonomy":"product_tag","embeddable":true,"href":"https:\/\/idakorea.ee\/en\/wp-json\/wp\/v2\/product_tag?post=18326"}],"curies":[{"name":"wp","href":"https:\/\/api.w.org\/{rel}","templated":true}]}}