{"id":18374,"date":"2026-04-07T14:39:03","date_gmt":"2026-04-07T12:39:03","guid":{"rendered":"https:\/\/idakorea.ee\/?post_type=product&#038;p=18374"},"modified":"2026-04-09T14:11:15","modified_gmt":"2026-04-09T12:11:15","slug":"vt-cosmetics-reedle-shot-lifting-cream-50ml","status":"publish","type":"product","link":"https:\/\/idakorea.ee\/en\/product\/vt-cosmetics-reedle-shot-lifting-cream-50ml\/","title":{"rendered":"Lifting cream with microneedles VT Cosmetics Reedle Shot Lifting Cream, 50ml"},"content":{"rendered":"<p>Intensive microneedle lifting cream <strong>VT Cosmetics Reedle Shot Lifting Cream<\/strong> With a botox-like effect, it reduces the depth of wrinkles and helps prevent the formation of new ones. It promotes skin tightening and tone improvement, and restores skin firmness and elasticity.<\/p>\n<p>Patented complex <strong>CicaReedle\u2122<\/strong> \u2013 A combination of Asian centella extract and microneedles (spicules) \u2013 helps reduce the likelihood of irritation, restores and moisturizes the skin. Microneedles are 15 times smaller than pores, thanks to which these active ingredients are delivered more effectively into the skin. Their shell contains up to 14 different minerals that support skin health, help reduce inflammation and improve oxygen exchange.<\/p>\n<p>The special VDS technology is the main feature of the series: the active ingredients are broken down into microparticles to penetrate deeper into the epidermis. The process is repeated three times, and the size of the molecules decreases each time, then they are transformed into liposomes, the core of which contains such enhancing components as elastin, collagen and hyaluronic acid.<\/p>\n<p>The cream has a woody-musky aroma: top notes are apple, peach, grapefruit and bergamot; heart notes are jasmine, rose, lily-of-the-valley and magnolia; base notes are musk, amber, sandalwood and cedar.<\/p>\n<p><strong>Main active ingredients:<\/strong><\/p>\n<ul>\n<li><strong>Cicahyalon\u2122<\/strong> is a patented complex containing Asian water navel derivatives, green propolis and hyaluronic acid; it moisturizes, has anti-inflammatory and antibacterial effects, reduces the depth of wrinkles and gently brightens.<\/li>\n<li><strong>9 peptides<\/strong> have an anti-aging effect: stimulate regeneration, reduce the depth of wrinkles, smooth and tighten the skin. The Botox-like peptide argireline helps relax facial muscles and slows down the formation of mimic wrinkles.<\/li>\n<li><strong>Hydrolysed collagen and elastin<\/strong> restore the integrity of epidermal tissues and attach to damaged areas, strengthening the structure from the inside. They compact the cell structure and activate protein metabolism, supporting the skin matrix.<\/li>\n<li><strong>Hyaluronic acid<\/strong> Penetrates into the deeper layers of the epidermis, saturates cells with moisture and helps retain it. It forms a protective layer that helps prevent moisture loss.<\/li>\n<\/ul>\n<p>Suitable for dry, normal and combination skin.<\/p>\n<p><strong>Usage:<\/strong> Apply the required amount of cream to the skin as the last step of your skincare routine. Spread it with massaging movements, pressing lightly to allow the microneedles to penetrate the skin better. A slight tingling sensation may occur - this is normal for products containing spicules.<\/p>\n<p><strong>Attention!<\/strong> The product may cause a tingling sensation after application. It is not recommended for use after dermatological procedures that damage the stratum corneum of the epidermis, such as peels, cosmetic procedures and injections.<\/p>","protected":false},"excerpt":{"rendered":"<p>Intensiivne mikro\u00adn\u00f5eltega lifting-kreem VT Cosmetics Reedle Shot Lifting Cream botoxilaadse toimega, v\u00e4hendab kortsude s\u00fcgavust ja aitab ennetada uute teket. See soodustab naha tihenemist ja toonuse paranemist ning taastab naha prinkuse ja elastsuse. Patenteeritud kompleks CicaReedle\u2122 \u2013 Aasia tsentella ekstrakti ja mikron\u00f5elte (spikulite) kombinatsioon \u2013 aitab v\u00e4hendada \u00e4rrituse tekkimise t\u00f5en\u00e4osust, taastab ja niisutab nahka. Mikron\u00f5elad on&#8230;<\/p>","protected":false},"featured_media":18377,"comment_status":"open","ping_status":"closed","template":"","meta":{"_uf_show_specific_survey":0,"_uf_disable_surveys":false,"_bst_post_transparent":"default","_bst_post_title":"","_bst_post_layout":"default","_bst_post_sidebar_id":"","_bst_post_content_style":"default","_bst_post_vertical_padding":"default","_bst_post_feature":"","_bst_post_feature_position":"","_bst_post_header":false,"_bst_post_footer":false},"pwb-brand":[493],"product_brand":[],"product_cat":[92,96],"product_tag":[568,976,773,624],"class_list":{"0":"post-18374","1":"product","2":"type-product","3":"status-publish","4":"has-post-thumbnail","6":"pwb-brand-vt","7":"product_cat-nagu","8":"product_cat-naokreemid","9":"product_tag-korea","10":"product_tag-kreem","11":"product_tag-lifting","12":"product_tag-reedle","14":"first","15":"instock","16":"sale","17":"shipping-taxable","18":"purchasable","19":"product-type-simple","20":"entry","21":"content-bg","22":"loop-entry"},"supplier_id":null,"supplier_sku":"","barcode":null,"atum_controlled":true,"out_stock_date":null,"out_stock_threshold":null,"inheritable":false,"inbound_stock":null,"stock_on_hold":0,"sold_today":0,"sales_last_days":1,"out_stock_days":0,"lost_sales":0,"has_location":false,"update_date":"2026-04-14T00:05:12","atum_locations":[],"atum_stock_status":"instock","restock_status":false,"low_stock_amount":"","sales_update_date":"2026-04-14T00:05:12","calc_backorders":null,"yoast_head":"<!-- This site is optimized with the Yoast SEO plugin v27.2 - https:\/\/yoast.com\/product\/yoast-seo-wordpress\/ -->\n<title>VT Cosmetics Reedle Shot Lifting Cream, 50ml - IDA.KOREA<\/title>\n<meta name=\"description\" content=\"Intensiivne mikro\u00adn\u00f5eltega lifting-kreem botoxilaadse toimega, v\u00e4hendab kortsude s\u00fcgavust ja aitab ennetada uute teket. Kreemil on puidune-muskuseline aroom\" \/>\n<meta name=\"robots\" content=\"index, follow, max-snippet:-1, max-image-preview:large, max-video-preview:-1\" \/>\n<link rel=\"canonical\" href=\"https:\/\/idakorea.ee\/en\/product\/vt-cosmetics-reedle-shot-lifting-cream-50ml\/\" \/>\n<meta property=\"og:locale\" content=\"en_US\" \/>\n<meta property=\"og:type\" content=\"article\" \/>\n<meta property=\"og:title\" content=\"VT Cosmetics Reedle Shot Lifting Cream, 50ml - IDA.KOREA\" \/>\n<meta property=\"og:description\" content=\"Intensiivne mikro\u00adn\u00f5eltega lifting-kreem botoxilaadse toimega, v\u00e4hendab kortsude s\u00fcgavust ja aitab ennetada uute teket. Kreemil on puidune-muskuseline aroom\" \/>\n<meta property=\"og:url\" content=\"https:\/\/idakorea.ee\/en\/product\/vt-cosmetics-reedle-shot-lifting-cream-50ml\/\" \/>\n<meta property=\"og:site_name\" content=\"IDA.KOREA\" \/>\n<meta property=\"article:modified_time\" content=\"2026-04-09T12:11:15+00:00\" \/>\n<meta property=\"og:image\" content=\"https:\/\/idakorea.ee\/wp-content\/uploads\/2026\/04\/VT-Cosmetics-Reedle-Shot-Lifting-Cream-idakorea.jpg\" \/>\n\t<meta property=\"og:image:width\" content=\"1000\" \/>\n\t<meta property=\"og:image:height\" content=\"1000\" \/>\n\t<meta property=\"og:image:type\" content=\"image\/jpeg\" \/>\n<meta name=\"twitter:card\" content=\"summary_large_image\" \/>\n<meta name=\"twitter:label1\" content=\"Est. reading time\" \/>\n\t<meta name=\"twitter:data1\" content=\"2 minutes\" \/>\n<script type=\"application\/ld+json\" class=\"yoast-schema-graph\">{\"@context\":\"https:\/\/schema.org\",\"@graph\":[{\"@type\":\"WebPage\",\"@id\":\"https:\/\/idakorea.ee\/product\/vt-cosmetics-reedle-shot-lifting-cream-50ml\/\",\"url\":\"https:\/\/idakorea.ee\/product\/vt-cosmetics-reedle-shot-lifting-cream-50ml\/\",\"name\":\"VT Cosmetics Reedle Shot Lifting Cream, 50ml - IDA.KOREA\",\"isPartOf\":{\"@id\":\"https:\/\/idakorea.ee\/#website\"},\"primaryImageOfPage\":{\"@id\":\"https:\/\/idakorea.ee\/product\/vt-cosmetics-reedle-shot-lifting-cream-50ml\/#primaryimage\"},\"image\":{\"@id\":\"https:\/\/idakorea.ee\/product\/vt-cosmetics-reedle-shot-lifting-cream-50ml\/#primaryimage\"},\"thumbnailUrl\":\"https:\/\/idakorea.ee\/wp-content\/uploads\/2026\/04\/VT-Cosmetics-Reedle-Shot-Lifting-Cream-idakorea.jpg\",\"datePublished\":\"2026-04-07T12:39:03+00:00\",\"dateModified\":\"2026-04-09T12:11:15+00:00\",\"description\":\"Intensiivne mikro\u00adn\u00f5eltega lifting-kreem botoxilaadse toimega, v\u00e4hendab kortsude s\u00fcgavust ja aitab ennetada uute teket. Kreemil on puidune-muskuseline aroom\",\"breadcrumb\":{\"@id\":\"https:\/\/idakorea.ee\/product\/vt-cosmetics-reedle-shot-lifting-cream-50ml\/#breadcrumb\"},\"inLanguage\":\"en-US\",\"potentialAction\":[{\"@type\":\"ReadAction\",\"target\":[\"https:\/\/idakorea.ee\/product\/vt-cosmetics-reedle-shot-lifting-cream-50ml\/\"]}]},{\"@type\":\"ImageObject\",\"inLanguage\":\"en-US\",\"@id\":\"https:\/\/idakorea.ee\/product\/vt-cosmetics-reedle-shot-lifting-cream-50ml\/#primaryimage\",\"url\":\"https:\/\/idakorea.ee\/wp-content\/uploads\/2026\/04\/VT-Cosmetics-Reedle-Shot-Lifting-Cream-idakorea.jpg\",\"contentUrl\":\"https:\/\/idakorea.ee\/wp-content\/uploads\/2026\/04\/VT-Cosmetics-Reedle-Shot-Lifting-Cream-idakorea.jpg\",\"width\":1000,\"height\":1000},{\"@type\":\"BreadcrumbList\",\"@id\":\"https:\/\/idakorea.ee\/product\/vt-cosmetics-reedle-shot-lifting-cream-50ml\/#breadcrumb\",\"itemListElement\":[{\"@type\":\"ListItem\",\"position\":1,\"name\":\"\u0413\u043b\u0430\u0432\u043d\u0430\u044f \u0441\u0442\u0440\u0430\u043d\u0438\u0446\u0430\",\"item\":\"https:\/\/idakorea.ee\/\"},{\"@type\":\"ListItem\",\"position\":2,\"name\":\"Shop\",\"item\":\"https:\/\/idakorea.ee\/shop-2\/\"},{\"@type\":\"ListItem\",\"position\":3,\"name\":\"Lifting-kreem mikro\u00adn\u00f5eltega VT Cosmetics Reedle Shot Lifting Cream, 50ml\"}]},{\"@type\":\"WebSite\",\"@id\":\"https:\/\/idakorea.ee\/#website\",\"url\":\"https:\/\/idakorea.ee\/\",\"name\":\"IDA.KOREA\",\"description\":\"Korea kosmeetika e-pood\",\"publisher\":{\"@id\":\"https:\/\/idakorea.ee\/#organization\"},\"alternateName\":\"Beauty Shop\",\"potentialAction\":[{\"@type\":\"SearchAction\",\"target\":{\"@type\":\"EntryPoint\",\"urlTemplate\":\"https:\/\/idakorea.ee\/?s={search_term_string}\"},\"query-input\":{\"@type\":\"PropertyValueSpecification\",\"valueRequired\":true,\"valueName\":\"search_term_string\"}}],\"inLanguage\":\"en-US\"},{\"@type\":\"Organization\",\"@id\":\"https:\/\/idakorea.ee\/#organization\",\"name\":\"IDA.KOREA\",\"url\":\"https:\/\/idakorea.ee\/\",\"logo\":{\"@type\":\"ImageObject\",\"inLanguage\":\"en-US\",\"@id\":\"https:\/\/idakorea.ee\/#\/schema\/logo\/image\/\",\"url\":\"https:\/\/idakorea.ee\/wp-content\/uploads\/2024\/05\/cropped-korea3.png\",\"contentUrl\":\"https:\/\/idakorea.ee\/wp-content\/uploads\/2024\/05\/cropped-korea3.png\",\"width\":688,\"height\":126,\"caption\":\"IDA.KOREA\"},\"image\":{\"@id\":\"https:\/\/idakorea.ee\/#\/schema\/logo\/image\/\"},\"sameAs\":[\"https:\/\/www.instagram.com\/ida.korea\/\"]}]}<\/script>\n<!-- \/ Yoast SEO plugin. -->","yoast_head_json":{"title":"VT Cosmetics Reedle Shot Lifting Cream, 50ml - IDA.KOREA","description":"Intensiivne mikro\u00adn\u00f5eltega lifting-kreem botoxilaadse toimega, v\u00e4hendab kortsude s\u00fcgavust ja aitab ennetada uute teket. Kreemil on puidune-muskuseline aroom","robots":{"index":"index","follow":"follow","max-snippet":"max-snippet:-1","max-image-preview":"max-image-preview:large","max-video-preview":"max-video-preview:-1"},"canonical":"https:\/\/idakorea.ee\/en\/product\/vt-cosmetics-reedle-shot-lifting-cream-50ml\/","og_locale":"en_US","og_type":"article","og_title":"VT Cosmetics Reedle Shot Lifting Cream, 50ml - IDA.KOREA","og_description":"Intensiivne mikro\u00adn\u00f5eltega lifting-kreem botoxilaadse toimega, v\u00e4hendab kortsude s\u00fcgavust ja aitab ennetada uute teket. Kreemil on puidune-muskuseline aroom","og_url":"https:\/\/idakorea.ee\/en\/product\/vt-cosmetics-reedle-shot-lifting-cream-50ml\/","og_site_name":"IDA.KOREA","article_modified_time":"2026-04-09T12:11:15+00:00","og_image":[{"width":1000,"height":1000,"url":"https:\/\/idakorea.ee\/wp-content\/uploads\/2026\/04\/VT-Cosmetics-Reedle-Shot-Lifting-Cream-idakorea.jpg","type":"image\/jpeg"}],"twitter_card":"summary_large_image","twitter_misc":{"Est. reading time":"2 minutes"},"schema":{"@context":"https:\/\/schema.org","@graph":[{"@type":"WebPage","@id":"https:\/\/idakorea.ee\/product\/vt-cosmetics-reedle-shot-lifting-cream-50ml\/","url":"https:\/\/idakorea.ee\/product\/vt-cosmetics-reedle-shot-lifting-cream-50ml\/","name":"VT Cosmetics Reedle Shot Lifting Cream, 50ml - IDA.KOREA","isPartOf":{"@id":"https:\/\/idakorea.ee\/#website"},"primaryImageOfPage":{"@id":"https:\/\/idakorea.ee\/product\/vt-cosmetics-reedle-shot-lifting-cream-50ml\/#primaryimage"},"image":{"@id":"https:\/\/idakorea.ee\/product\/vt-cosmetics-reedle-shot-lifting-cream-50ml\/#primaryimage"},"thumbnailUrl":"https:\/\/idakorea.ee\/wp-content\/uploads\/2026\/04\/VT-Cosmetics-Reedle-Shot-Lifting-Cream-idakorea.jpg","datePublished":"2026-04-07T12:39:03+00:00","dateModified":"2026-04-09T12:11:15+00:00","description":"Intensiivne mikro\u00adn\u00f5eltega lifting-kreem botoxilaadse toimega, v\u00e4hendab kortsude s\u00fcgavust ja aitab ennetada uute teket. Kreemil on puidune-muskuseline aroom","breadcrumb":{"@id":"https:\/\/idakorea.ee\/product\/vt-cosmetics-reedle-shot-lifting-cream-50ml\/#breadcrumb"},"inLanguage":"en-US","potentialAction":[{"@type":"ReadAction","target":["https:\/\/idakorea.ee\/product\/vt-cosmetics-reedle-shot-lifting-cream-50ml\/"]}]},{"@type":"ImageObject","inLanguage":"en-US","@id":"https:\/\/idakorea.ee\/product\/vt-cosmetics-reedle-shot-lifting-cream-50ml\/#primaryimage","url":"https:\/\/idakorea.ee\/wp-content\/uploads\/2026\/04\/VT-Cosmetics-Reedle-Shot-Lifting-Cream-idakorea.jpg","contentUrl":"https:\/\/idakorea.ee\/wp-content\/uploads\/2026\/04\/VT-Cosmetics-Reedle-Shot-Lifting-Cream-idakorea.jpg","width":1000,"height":1000},{"@type":"BreadcrumbList","@id":"https:\/\/idakorea.ee\/product\/vt-cosmetics-reedle-shot-lifting-cream-50ml\/#breadcrumb","itemListElement":[{"@type":"ListItem","position":1,"name":"\u0413\u043b\u0430\u0432\u043d\u0430\u044f \u0441\u0442\u0440\u0430\u043d\u0438\u0446\u0430","item":"https:\/\/idakorea.ee\/"},{"@type":"ListItem","position":2,"name":"Shop","item":"https:\/\/idakorea.ee\/shop-2\/"},{"@type":"ListItem","position":3,"name":"Lifting-kreem mikro\u00adn\u00f5eltega VT Cosmetics Reedle Shot Lifting Cream, 50ml"}]},{"@type":"WebSite","@id":"https:\/\/idakorea.ee\/#website","url":"https:\/\/idakorea.ee\/","name":"IDA.KOREA","description":"Korean cosmetics e-shop","publisher":{"@id":"https:\/\/idakorea.ee\/#organization"},"alternateName":"Beauty Shop","potentialAction":[{"@type":"SearchAction","target":{"@type":"EntryPoint","urlTemplate":"https:\/\/idakorea.ee\/?s={search_term_string}"},"query-input":{"@type":"PropertyValueSpecification","valueRequired":true,"valueName":"search_term_string"}}],"inLanguage":"en-US"},{"@type":"Organization","@id":"https:\/\/idakorea.ee\/#organization","name":"IDA.KOREA","url":"https:\/\/idakorea.ee\/","logo":{"@type":"ImageObject","inLanguage":"en-US","@id":"https:\/\/idakorea.ee\/#\/schema\/logo\/image\/","url":"https:\/\/idakorea.ee\/wp-content\/uploads\/2024\/05\/cropped-korea3.png","contentUrl":"https:\/\/idakorea.ee\/wp-content\/uploads\/2024\/05\/cropped-korea3.png","width":688,"height":126,"caption":"IDA.KOREA"},"image":{"@id":"https:\/\/idakorea.ee\/#\/schema\/logo\/image\/"},"sameAs":["https:\/\/www.instagram.com\/ida.korea\/"]}]}},"jetpack_sharing_enabled":true,"brands":[{"id":493,"name":"VT COSMETICS","slug":"vt"}],"_links":{"self":[{"href":"https:\/\/idakorea.ee\/en\/wp-json\/wp\/v2\/product\/18374","targetHints":{"allow":["GET"]}}],"collection":[{"href":"https:\/\/idakorea.ee\/en\/wp-json\/wp\/v2\/product"}],"about":[{"href":"https:\/\/idakorea.ee\/en\/wp-json\/wp\/v2\/types\/product"}],"replies":[{"embeddable":true,"href":"https:\/\/idakorea.ee\/en\/wp-json\/wp\/v2\/comments?post=18374"}],"version-history":[{"count":3,"href":"https:\/\/idakorea.ee\/en\/wp-json\/wp\/v2\/product\/18374\/revisions"}],"predecessor-version":[{"id":18380,"href":"https:\/\/idakorea.ee\/en\/wp-json\/wp\/v2\/product\/18374\/revisions\/18380"}],"wp:featuredmedia":[{"embeddable":true,"href":"https:\/\/idakorea.ee\/en\/wp-json\/wp\/v2\/media\/18377"}],"wp:attachment":[{"href":"https:\/\/idakorea.ee\/en\/wp-json\/wp\/v2\/media?parent=18374"}],"wp:term":[{"taxonomy":"pwb-brand","embeddable":true,"href":"https:\/\/idakorea.ee\/en\/wp-json\/wp\/v2\/pwb-brand?post=18374"},{"taxonomy":"product_brand","embeddable":true,"href":"https:\/\/idakorea.ee\/en\/wp-json\/wp\/v2\/product_brand?post=18374"},{"taxonomy":"product_cat","embeddable":true,"href":"https:\/\/idakorea.ee\/en\/wp-json\/wp\/v2\/product_cat?post=18374"},{"taxonomy":"product_tag","embeddable":true,"href":"https:\/\/idakorea.ee\/en\/wp-json\/wp\/v2\/product_tag?post=18374"}],"curies":[{"name":"wp","href":"https:\/\/api.w.org\/{rel}","templated":true}]}}