{"id":18381,"date":"2026-04-07T15:28:12","date_gmt":"2026-04-07T13:28:12","guid":{"rendered":"https:\/\/idakorea.ee\/?post_type=product&#038;p=18381"},"modified":"2026-04-13T20:27:23","modified_gmt":"2026-04-13T18:27:23","slug":"skin1004-madagascar-centella-tone-brightening-capsule-cream-75ml","status":"publish","type":"product","link":"https:\/\/idakorea.ee\/en\/product\/skin1004-madagascar-centella-tone-brightening-capsule-cream-75ml\/","title":{"rendered":"SKIN1004 Madagascar Centella Tone Brightening Capsule Cream, 75ml"},"content":{"rendered":"<p>Brightening cream with capsules <strong>SKIN1004 Madagascar Centella Tone Brightening Capsule Cream<\/strong> evens out skin tone, combats dullness and improves complexion. It has a soothing effect and promotes skin healing.<\/p>\n<p>Contains a patented brightening complex<strong> MadeWhite\u2122<\/strong> helps to gently brighten the skin and is suitable for use in both morning and evening care. It works as gently as possible and does not cause irritation. Thanks to capsule technology, the active ingredients penetrate deep and are better absorbed by the cells.<\/p>\n<p>The cream moisturizes and restores the skin. The synergy of three effective active ingredients helps fight unwanted pigmentation and post-acne spots, inhibits melanin synthesis and helps prevent the development of hyperpigmentation. Nutrients strengthen the lipid layer and improve the functioning of the skin&#039;s protective barrier.<\/p>\n<p><strong>Main active ingredients:<\/strong><\/p>\n<ul>\n<li><strong>Alpha-bisabolol<\/strong>, obtained from chamomile, immediately soothes, relieves redness and irritation, accelerates healing and increases the effectiveness of other active ingredients.<\/li>\n<li><strong>Tranexamic acid<\/strong> reduces melanin synthesis, helps prevent unwanted pigmentation, brightens and evens out skin tone.<\/li>\n<li><strong>Centella Asiatica extract<\/strong> has skin-healing properties, helps restore the protective barrier, reduces sensitivity and helps prevent couperose. The water navel used in SKIN1004 products comes from ecologically clean areas of Madagascar.<\/li>\n<li><strong>Niacinamide (vitamin B3)<\/strong> increases ceramide synthesis, relieves dryness, tightness and flaking. It slows down the movement of melanin into the epidermis and helps prevent the formation of age spots.<\/li>\n<li><strong>Urea<\/strong> helps maintain the skin&#039;s natural moisture balance and softens flaking. It has antibacterial properties. It also improves the absorption of other ingredients.<\/li>\n<li><strong>\u00a0Mannitol<\/strong> has an antioxidant and moisturizing effect.<\/li>\n<\/ul>\n<p>Suitable for normal and combination skin.<\/p>\n<p><strong>Usage:<\/strong> p\u00e4rast puhastamist, tooniku ja seerumi kasutamist kandke kreem n\u00e4ole ning jaotage \u00fchtlaselt nahale.<\/p>","protected":false},"excerpt":{"rendered":"<p>Kirgastav kreem kapslitega SKIN1004 Madagascar Centella Tone Brightening Capsule Cream \u00fchtlustab nahatooni, v\u00f5itleb tuhmi jume vastu ja parandab jumet. Sellel on rahustav toime ning see soodustab naha paranemist. Koostises olev patenteeritud kirgastav kompleks MadeWhite\u2122 aitab nahka \u00f5rnalt heledamaks muuta ning sobib kasutamiseks nii hommikuses kui ka \u00f5htuses hoolduses. See toimib v\u00f5imalikult \u00f5rnalt ega p\u00f5hjusta \u00e4rritust&#8230;.<\/p>","protected":false},"featured_media":18384,"comment_status":"open","ping_status":"closed","template":"","meta":{"_uf_show_specific_survey":0,"_uf_disable_surveys":false,"_bst_post_transparent":"default","_bst_post_title":"","_bst_post_layout":"default","_bst_post_sidebar_id":"","_bst_post_content_style":"default","_bst_post_vertical_padding":"default","_bst_post_feature":"","_bst_post_feature_position":"","_bst_post_header":false,"_bst_post_footer":false},"pwb-brand":[186],"product_brand":[],"product_cat":[92,96],"product_tag":[568,976,230,441],"class_list":{"0":"post-18381","1":"product","2":"type-product","3":"status-publish","4":"has-post-thumbnail","6":"pwb-brand-skin1004","7":"product_cat-nagu","8":"product_cat-naokreemid","9":"product_tag-korea","10":"product_tag-kreem","11":"product_tag-pigment","12":"product_tag-skin1004","14":"first","15":"instock","16":"sale","17":"shipping-taxable","18":"purchasable","19":"product-type-simple","20":"entry","21":"content-bg","22":"loop-entry"},"supplier_id":null,"supplier_sku":"","barcode":null,"atum_controlled":true,"out_stock_date":null,"out_stock_threshold":null,"inheritable":false,"inbound_stock":null,"stock_on_hold":0,"sold_today":0,"sales_last_days":1,"out_stock_days":0,"lost_sales":0,"has_location":false,"update_date":"2026-04-14T12:37:28","atum_locations":[],"atum_stock_status":"instock","restock_status":false,"low_stock_amount":"","sales_update_date":"2026-04-14T12:37:28","calc_backorders":null,"yoast_head":"<!-- This site is optimized with the Yoast SEO plugin v27.2 - https:\/\/yoast.com\/product\/yoast-seo-wordpress\/ -->\n<title>SKIN1004 Madagascar Centella Tone Brightening Capsule Cream, 75ml - IDA.KOREA<\/title>\n<meta name=\"description\" content=\"Kirgastav kreem kapslitega \u00fchtlustab nahatooni, v\u00f5itleb tuhmi jume vastu ja parandab jumet. Sellel on rahustav toime ning see soodustab naha paranemist.\" \/>\n<meta name=\"robots\" content=\"index, follow, max-snippet:-1, max-image-preview:large, max-video-preview:-1\" \/>\n<link rel=\"canonical\" href=\"https:\/\/idakorea.ee\/en\/product\/skin1004-madagascar-centella-tone-brightening-capsule-cream-75ml\/\" \/>\n<meta property=\"og:locale\" content=\"en_US\" \/>\n<meta property=\"og:type\" content=\"article\" \/>\n<meta property=\"og:title\" content=\"SKIN1004 Madagascar Centella Tone Brightening Capsule Cream, 75ml - IDA.KOREA\" \/>\n<meta property=\"og:description\" content=\"Kirgastav kreem kapslitega \u00fchtlustab nahatooni, v\u00f5itleb tuhmi jume vastu ja parandab jumet. Sellel on rahustav toime ning see soodustab naha paranemist.\" \/>\n<meta property=\"og:url\" content=\"https:\/\/idakorea.ee\/en\/product\/skin1004-madagascar-centella-tone-brightening-capsule-cream-75ml\/\" \/>\n<meta property=\"og:site_name\" content=\"IDA.KOREA\" \/>\n<meta property=\"article:modified_time\" content=\"2026-04-13T18:27:23+00:00\" \/>\n<meta property=\"og:image\" content=\"https:\/\/idakorea.ee\/wp-content\/uploads\/2026\/04\/SKIN1004-Madagascar-Centella-Tone-Brightening-Capsule-Cream-idakorea.jpg\" \/>\n\t<meta property=\"og:image:width\" content=\"1000\" \/>\n\t<meta property=\"og:image:height\" content=\"1000\" \/>\n\t<meta property=\"og:image:type\" content=\"image\/jpeg\" \/>\n<meta name=\"twitter:card\" content=\"summary_large_image\" \/>\n<meta name=\"twitter:label1\" content=\"Est. reading time\" \/>\n\t<meta name=\"twitter:data1\" content=\"2 minutes\" \/>\n<script type=\"application\/ld+json\" class=\"yoast-schema-graph\">{\"@context\":\"https:\/\/schema.org\",\"@graph\":[{\"@type\":\"WebPage\",\"@id\":\"https:\/\/idakorea.ee\/product\/skin1004-madagascar-centella-tone-brightening-capsule-cream-75ml\/\",\"url\":\"https:\/\/idakorea.ee\/product\/skin1004-madagascar-centella-tone-brightening-capsule-cream-75ml\/\",\"name\":\"SKIN1004 Madagascar Centella Tone Brightening Capsule Cream, 75ml - IDA.KOREA\",\"isPartOf\":{\"@id\":\"https:\/\/idakorea.ee\/#website\"},\"primaryImageOfPage\":{\"@id\":\"https:\/\/idakorea.ee\/product\/skin1004-madagascar-centella-tone-brightening-capsule-cream-75ml\/#primaryimage\"},\"image\":{\"@id\":\"https:\/\/idakorea.ee\/product\/skin1004-madagascar-centella-tone-brightening-capsule-cream-75ml\/#primaryimage\"},\"thumbnailUrl\":\"https:\/\/idakorea.ee\/wp-content\/uploads\/2026\/04\/SKIN1004-Madagascar-Centella-Tone-Brightening-Capsule-Cream-idakorea.jpg\",\"datePublished\":\"2026-04-07T13:28:12+00:00\",\"dateModified\":\"2026-04-13T18:27:23+00:00\",\"description\":\"Kirgastav kreem kapslitega \u00fchtlustab nahatooni, v\u00f5itleb tuhmi jume vastu ja parandab jumet. Sellel on rahustav toime ning see soodustab naha paranemist.\",\"breadcrumb\":{\"@id\":\"https:\/\/idakorea.ee\/product\/skin1004-madagascar-centella-tone-brightening-capsule-cream-75ml\/#breadcrumb\"},\"inLanguage\":\"en-US\",\"potentialAction\":[{\"@type\":\"ReadAction\",\"target\":[\"https:\/\/idakorea.ee\/product\/skin1004-madagascar-centella-tone-brightening-capsule-cream-75ml\/\"]}]},{\"@type\":\"ImageObject\",\"inLanguage\":\"en-US\",\"@id\":\"https:\/\/idakorea.ee\/product\/skin1004-madagascar-centella-tone-brightening-capsule-cream-75ml\/#primaryimage\",\"url\":\"https:\/\/idakorea.ee\/wp-content\/uploads\/2026\/04\/SKIN1004-Madagascar-Centella-Tone-Brightening-Capsule-Cream-idakorea.jpg\",\"contentUrl\":\"https:\/\/idakorea.ee\/wp-content\/uploads\/2026\/04\/SKIN1004-Madagascar-Centella-Tone-Brightening-Capsule-Cream-idakorea.jpg\",\"width\":1000,\"height\":1000},{\"@type\":\"BreadcrumbList\",\"@id\":\"https:\/\/idakorea.ee\/product\/skin1004-madagascar-centella-tone-brightening-capsule-cream-75ml\/#breadcrumb\",\"itemListElement\":[{\"@type\":\"ListItem\",\"position\":1,\"name\":\"\u0413\u043b\u0430\u0432\u043d\u0430\u044f \u0441\u0442\u0440\u0430\u043d\u0438\u0446\u0430\",\"item\":\"https:\/\/idakorea.ee\/\"},{\"@type\":\"ListItem\",\"position\":2,\"name\":\"Shop\",\"item\":\"https:\/\/idakorea.ee\/shop-2\/\"},{\"@type\":\"ListItem\",\"position\":3,\"name\":\"Kirgastav kreem kapslitega SKIN1004 Madagascar Centella Tone Brightening Capsule Cream, 75ml\"}]},{\"@type\":\"WebSite\",\"@id\":\"https:\/\/idakorea.ee\/#website\",\"url\":\"https:\/\/idakorea.ee\/\",\"name\":\"IDA.KOREA\",\"description\":\"Korea kosmeetika e-pood\",\"publisher\":{\"@id\":\"https:\/\/idakorea.ee\/#organization\"},\"alternateName\":\"Beauty Shop\",\"potentialAction\":[{\"@type\":\"SearchAction\",\"target\":{\"@type\":\"EntryPoint\",\"urlTemplate\":\"https:\/\/idakorea.ee\/?s={search_term_string}\"},\"query-input\":{\"@type\":\"PropertyValueSpecification\",\"valueRequired\":true,\"valueName\":\"search_term_string\"}}],\"inLanguage\":\"en-US\"},{\"@type\":\"Organization\",\"@id\":\"https:\/\/idakorea.ee\/#organization\",\"name\":\"IDA.KOREA\",\"url\":\"https:\/\/idakorea.ee\/\",\"logo\":{\"@type\":\"ImageObject\",\"inLanguage\":\"en-US\",\"@id\":\"https:\/\/idakorea.ee\/#\/schema\/logo\/image\/\",\"url\":\"https:\/\/idakorea.ee\/wp-content\/uploads\/2024\/05\/cropped-korea3.png\",\"contentUrl\":\"https:\/\/idakorea.ee\/wp-content\/uploads\/2024\/05\/cropped-korea3.png\",\"width\":688,\"height\":126,\"caption\":\"IDA.KOREA\"},\"image\":{\"@id\":\"https:\/\/idakorea.ee\/#\/schema\/logo\/image\/\"},\"sameAs\":[\"https:\/\/www.instagram.com\/ida.korea\/\"]}]}<\/script>\n<!-- \/ Yoast SEO plugin. -->","yoast_head_json":{"title":"SKIN1004 Madagascar Centella Tone Brightening Capsule Cream, 75ml - IDA.KOREA","description":"Kirgastav kreem kapslitega \u00fchtlustab nahatooni, v\u00f5itleb tuhmi jume vastu ja parandab jumet. Sellel on rahustav toime ning see soodustab naha paranemist.","robots":{"index":"index","follow":"follow","max-snippet":"max-snippet:-1","max-image-preview":"max-image-preview:large","max-video-preview":"max-video-preview:-1"},"canonical":"https:\/\/idakorea.ee\/en\/product\/skin1004-madagascar-centella-tone-brightening-capsule-cream-75ml\/","og_locale":"en_US","og_type":"article","og_title":"SKIN1004 Madagascar Centella Tone Brightening Capsule Cream, 75ml - IDA.KOREA","og_description":"Kirgastav kreem kapslitega \u00fchtlustab nahatooni, v\u00f5itleb tuhmi jume vastu ja parandab jumet. Sellel on rahustav toime ning see soodustab naha paranemist.","og_url":"https:\/\/idakorea.ee\/en\/product\/skin1004-madagascar-centella-tone-brightening-capsule-cream-75ml\/","og_site_name":"IDA.KOREA","article_modified_time":"2026-04-13T18:27:23+00:00","og_image":[{"width":1000,"height":1000,"url":"https:\/\/idakorea.ee\/wp-content\/uploads\/2026\/04\/SKIN1004-Madagascar-Centella-Tone-Brightening-Capsule-Cream-idakorea.jpg","type":"image\/jpeg"}],"twitter_card":"summary_large_image","twitter_misc":{"Est. reading time":"2 minutes"},"schema":{"@context":"https:\/\/schema.org","@graph":[{"@type":"WebPage","@id":"https:\/\/idakorea.ee\/product\/skin1004-madagascar-centella-tone-brightening-capsule-cream-75ml\/","url":"https:\/\/idakorea.ee\/product\/skin1004-madagascar-centella-tone-brightening-capsule-cream-75ml\/","name":"SKIN1004 Madagascar Centella Tone Brightening Capsule Cream, 75ml - IDA.KOREA","isPartOf":{"@id":"https:\/\/idakorea.ee\/#website"},"primaryImageOfPage":{"@id":"https:\/\/idakorea.ee\/product\/skin1004-madagascar-centella-tone-brightening-capsule-cream-75ml\/#primaryimage"},"image":{"@id":"https:\/\/idakorea.ee\/product\/skin1004-madagascar-centella-tone-brightening-capsule-cream-75ml\/#primaryimage"},"thumbnailUrl":"https:\/\/idakorea.ee\/wp-content\/uploads\/2026\/04\/SKIN1004-Madagascar-Centella-Tone-Brightening-Capsule-Cream-idakorea.jpg","datePublished":"2026-04-07T13:28:12+00:00","dateModified":"2026-04-13T18:27:23+00:00","description":"Kirgastav kreem kapslitega \u00fchtlustab nahatooni, v\u00f5itleb tuhmi jume vastu ja parandab jumet. Sellel on rahustav toime ning see soodustab naha paranemist.","breadcrumb":{"@id":"https:\/\/idakorea.ee\/product\/skin1004-madagascar-centella-tone-brightening-capsule-cream-75ml\/#breadcrumb"},"inLanguage":"en-US","potentialAction":[{"@type":"ReadAction","target":["https:\/\/idakorea.ee\/product\/skin1004-madagascar-centella-tone-brightening-capsule-cream-75ml\/"]}]},{"@type":"ImageObject","inLanguage":"en-US","@id":"https:\/\/idakorea.ee\/product\/skin1004-madagascar-centella-tone-brightening-capsule-cream-75ml\/#primaryimage","url":"https:\/\/idakorea.ee\/wp-content\/uploads\/2026\/04\/SKIN1004-Madagascar-Centella-Tone-Brightening-Capsule-Cream-idakorea.jpg","contentUrl":"https:\/\/idakorea.ee\/wp-content\/uploads\/2026\/04\/SKIN1004-Madagascar-Centella-Tone-Brightening-Capsule-Cream-idakorea.jpg","width":1000,"height":1000},{"@type":"BreadcrumbList","@id":"https:\/\/idakorea.ee\/product\/skin1004-madagascar-centella-tone-brightening-capsule-cream-75ml\/#breadcrumb","itemListElement":[{"@type":"ListItem","position":1,"name":"\u0413\u043b\u0430\u0432\u043d\u0430\u044f \u0441\u0442\u0440\u0430\u043d\u0438\u0446\u0430","item":"https:\/\/idakorea.ee\/"},{"@type":"ListItem","position":2,"name":"Shop","item":"https:\/\/idakorea.ee\/shop-2\/"},{"@type":"ListItem","position":3,"name":"Kirgastav kreem kapslitega SKIN1004 Madagascar Centella Tone Brightening Capsule Cream, 75ml"}]},{"@type":"WebSite","@id":"https:\/\/idakorea.ee\/#website","url":"https:\/\/idakorea.ee\/","name":"IDA.KOREA","description":"Korean cosmetics e-shop","publisher":{"@id":"https:\/\/idakorea.ee\/#organization"},"alternateName":"Beauty Shop","potentialAction":[{"@type":"SearchAction","target":{"@type":"EntryPoint","urlTemplate":"https:\/\/idakorea.ee\/?s={search_term_string}"},"query-input":{"@type":"PropertyValueSpecification","valueRequired":true,"valueName":"search_term_string"}}],"inLanguage":"en-US"},{"@type":"Organization","@id":"https:\/\/idakorea.ee\/#organization","name":"IDA.KOREA","url":"https:\/\/idakorea.ee\/","logo":{"@type":"ImageObject","inLanguage":"en-US","@id":"https:\/\/idakorea.ee\/#\/schema\/logo\/image\/","url":"https:\/\/idakorea.ee\/wp-content\/uploads\/2024\/05\/cropped-korea3.png","contentUrl":"https:\/\/idakorea.ee\/wp-content\/uploads\/2024\/05\/cropped-korea3.png","width":688,"height":126,"caption":"IDA.KOREA"},"image":{"@id":"https:\/\/idakorea.ee\/#\/schema\/logo\/image\/"},"sameAs":["https:\/\/www.instagram.com\/ida.korea\/"]}]}},"jetpack_sharing_enabled":true,"brands":[{"id":186,"name":"SKIN1004","slug":"skin1004"}],"_links":{"self":[{"href":"https:\/\/idakorea.ee\/en\/wp-json\/wp\/v2\/product\/18381","targetHints":{"allow":["GET"]}}],"collection":[{"href":"https:\/\/idakorea.ee\/en\/wp-json\/wp\/v2\/product"}],"about":[{"href":"https:\/\/idakorea.ee\/en\/wp-json\/wp\/v2\/types\/product"}],"replies":[{"embeddable":true,"href":"https:\/\/idakorea.ee\/en\/wp-json\/wp\/v2\/comments?post=18381"}],"version-history":[{"count":3,"href":"https:\/\/idakorea.ee\/en\/wp-json\/wp\/v2\/product\/18381\/revisions"}],"predecessor-version":[{"id":18391,"href":"https:\/\/idakorea.ee\/en\/wp-json\/wp\/v2\/product\/18381\/revisions\/18391"}],"wp:featuredmedia":[{"embeddable":true,"href":"https:\/\/idakorea.ee\/en\/wp-json\/wp\/v2\/media\/18384"}],"wp:attachment":[{"href":"https:\/\/idakorea.ee\/en\/wp-json\/wp\/v2\/media?parent=18381"}],"wp:term":[{"taxonomy":"pwb-brand","embeddable":true,"href":"https:\/\/idakorea.ee\/en\/wp-json\/wp\/v2\/pwb-brand?post=18381"},{"taxonomy":"product_brand","embeddable":true,"href":"https:\/\/idakorea.ee\/en\/wp-json\/wp\/v2\/product_brand?post=18381"},{"taxonomy":"product_cat","embeddable":true,"href":"https:\/\/idakorea.ee\/en\/wp-json\/wp\/v2\/product_cat?post=18381"},{"taxonomy":"product_tag","embeddable":true,"href":"https:\/\/idakorea.ee\/en\/wp-json\/wp\/v2\/product_tag?post=18381"}],"curies":[{"name":"wp","href":"https:\/\/api.w.org\/{rel}","templated":true}]}}