{"id":18407,"date":"2026-04-09T11:01:01","date_gmt":"2026-04-09T09:01:01","guid":{"rendered":"https:\/\/idakorea.ee\/?post_type=product&#038;p=18407"},"modified":"2026-04-09T11:01:01","modified_gmt":"2026-04-09T09:01:01","slug":"house-of-hur-tropical-dew-sun-cream-spf50-pa-50ml","status":"publish","type":"product","link":"https:\/\/idakorea.ee\/en\/product\/house-of-hur-tropical-dew-sun-cream-spf50-pa-50ml\/","title":{"rendered":"House of Hur Tropical Dew Sun Cream SPF50+ PA++++, 50ml"},"content":{"rendered":"<p>Light sunscreen<strong> House of Hur Tropical Dew Sun Cream SPF50+ PA++++<\/strong> Deeply moisturizes and evens out the complexion. The light, creamy texture does not leave the skin sticky or greasy and gives the face a healthy glow.<\/p>\n<p>Contains a new generation of photostable chemical UV filters that do not need to be renewed for up to 8 hours in urban conditions:<\/p>\n<ul>\n<li><strong>Uvinul A Plus (Diethylamino Hydroxybenzoyl Hexyl Benzoate)<\/strong> \u2013 a fat-soluble filter that absorbs UVA rays up to 354 nanometers long.<\/li>\n<li><strong>Uvinul T 150 (Ethylhexyl Triazone)<\/strong> \u2013 a fat-soluble colorless powder with a very powerful protection factor against UVB rays. Used in concentrations up to 5%.<\/li>\n<li><strong>Tinosorb M (Methylene Bis-benzotriazolyl Tetramethylbutylphenol)<\/strong> \u2013 a broad-spectrum filter that protects against UVA and UVB rays.<\/li>\n<li><strong>Iscotrizinol \/ Uvasorb HEB (Diethylhexyl Butamido Triazone)<\/strong> \u2013 a highly photostable broad-spectrum filter that protects against UVA and UVB rays and loses approximately 101% of its properties within 25 hours.<\/li>\n<\/ul>\n<p><strong>Main active ingredients:<\/strong><\/p>\n<ul>\n<li><strong>Mango fruit extract<\/strong> contains plenty of vitamins C and B, as well as calcium. It has antioxidant effects, nourishes and softens rough skin.<\/li>\n<li><strong>Guava extract<\/strong> provides a photoprotective effect and strengthens the skin&#039;s local immunity.<\/li>\n<li><strong>Sea buckthorn oil<\/strong> soothes irritation and reduces the risk of acne.<\/li>\n<li><strong>Niacinamide (vitamin B3)<\/strong> Slows down the delivery of melanin to the epidermis, helping to prevent the formation of age spots. Regulates sebum secretion, reduces skin shine and tightens pores.<\/li>\n<li><strong>Tocopherol (vitamin E)<\/strong> Neutralizes the effects of free radicals and harmful environmental influences and strengthens the skin&#039;s protective functions.<\/li>\n<\/ul>\n<p>Suitable for all skin types.<\/p>\n<p><strong>Usage:<\/strong> Apply to face and neck and spread evenly. Reapply every 2-3 hours when exposed to direct sunlight (e.g. at the beach).<\/p>","protected":false},"excerpt":{"rendered":"<p>House of Hur Tropical Dew Sun Cream SPF50+ PA++++ is a lightweight sunscreen that deeply moisturizes and evens out the complexion. The light, creamy texture does not leave the skin sticky or greasy and gives the face a healthy glow. Contains a new generation of photostable chemical UV filters that do not need to be renewed for up to 8 hours in urban conditions: Uvinul A Plus (Diethylamino Hydroxybenzoyl Hexyl Benzoate) \u2013 fat-soluble\u2026<\/p>","protected":false},"featured_media":18408,"comment_status":"open","ping_status":"closed","template":"","meta":{"_uf_show_specific_survey":0,"_uf_disable_surveys":false,"_bst_post_transparent":"default","_bst_post_title":"","_bst_post_layout":"default","_bst_post_sidebar_id":"","_bst_post_content_style":"default","_bst_post_vertical_padding":"default","_bst_post_feature":"","_bst_post_feature_position":"","_bst_post_header":false,"_bst_post_footer":false},"pwb-brand":[1153],"product_brand":[],"product_cat":[92,101],"product_tag":[568,1154,864],"class_list":{"0":"post-18407","1":"product","2":"type-product","3":"status-publish","4":"has-post-thumbnail","6":"pwb-brand-house-of-hur","7":"product_cat-nagu","8":"product_cat-paikesekaitse","9":"product_tag-korea","10":"product_tag-paikesekreem","11":"product_tag-spf","13":"first","14":"instock","15":"sale","16":"shipping-taxable","17":"purchasable","18":"product-type-simple","19":"entry","20":"content-bg","21":"loop-entry"},"supplier_id":null,"supplier_sku":"","barcode":null,"atum_controlled":true,"out_stock_date":null,"out_stock_threshold":null,"inheritable":false,"inbound_stock":null,"stock_on_hold":0,"sold_today":0,"sales_last_days":0,"out_stock_days":0,"lost_sales":0,"has_location":false,"update_date":"2026-04-14T00:05:12","atum_locations":[],"atum_stock_status":"instock","restock_status":false,"low_stock_amount":"","sales_update_date":"2026-04-14T00:05:12","calc_backorders":null,"yoast_head":"<!-- This site is optimized with the Yoast SEO plugin v27.2 - https:\/\/yoast.com\/product\/yoast-seo-wordpress\/ -->\n<title>House of Hur Tropical Dew Sun Cream SPF50+ PA++++, 50ml - IDA.KOREA<\/title>\n<meta name=\"description\" content=\"Kerge p\u00e4ikesekreem niisutab s\u00fcgavuti ja \u00fchtlustab jumet. Kerge kreemjas tekstuur ei j\u00e4ta nahka kleepuvaks ega rasvaseks ning annab n\u00e4ole terve s\u00e4ra.\" \/>\n<meta name=\"robots\" content=\"index, follow, max-snippet:-1, max-image-preview:large, max-video-preview:-1\" \/>\n<link rel=\"canonical\" href=\"https:\/\/idakorea.ee\/en\/product\/house-of-hur-tropical-dew-sun-cream-spf50-pa-50ml\/\" \/>\n<meta property=\"og:locale\" content=\"en_US\" \/>\n<meta property=\"og:type\" content=\"article\" \/>\n<meta property=\"og:title\" content=\"House of Hur Tropical Dew Sun Cream SPF50+ PA++++, 50ml - IDA.KOREA\" \/>\n<meta property=\"og:description\" content=\"Kerge p\u00e4ikesekreem niisutab s\u00fcgavuti ja \u00fchtlustab jumet. Kerge kreemjas tekstuur ei j\u00e4ta nahka kleepuvaks ega rasvaseks ning annab n\u00e4ole terve s\u00e4ra.\" \/>\n<meta property=\"og:url\" content=\"https:\/\/idakorea.ee\/en\/product\/house-of-hur-tropical-dew-sun-cream-spf50-pa-50ml\/\" \/>\n<meta property=\"og:site_name\" content=\"IDA.KOREA\" \/>\n<meta property=\"og:image\" content=\"https:\/\/idakorea.ee\/wp-content\/uploads\/2026\/04\/House-of-Hur-Tropical-Dew-Sun-Cream-SPF50-PAidakorea.jpg\" \/>\n\t<meta property=\"og:image:width\" content=\"1000\" \/>\n\t<meta property=\"og:image:height\" content=\"1000\" \/>\n\t<meta property=\"og:image:type\" content=\"image\/jpeg\" \/>\n<meta name=\"twitter:card\" content=\"summary_large_image\" \/>\n<meta name=\"twitter:label1\" content=\"Est. reading time\" \/>\n\t<meta name=\"twitter:data1\" content=\"2 minutes\" \/>\n<script type=\"application\/ld+json\" class=\"yoast-schema-graph\">{\"@context\":\"https:\/\/schema.org\",\"@graph\":[{\"@type\":\"WebPage\",\"@id\":\"https:\/\/idakorea.ee\/product\/house-of-hur-tropical-dew-sun-cream-spf50-pa-50ml\/\",\"url\":\"https:\/\/idakorea.ee\/product\/house-of-hur-tropical-dew-sun-cream-spf50-pa-50ml\/\",\"name\":\"House of Hur Tropical Dew Sun Cream SPF50+ PA++++, 50ml - IDA.KOREA\",\"isPartOf\":{\"@id\":\"https:\/\/idakorea.ee\/#website\"},\"primaryImageOfPage\":{\"@id\":\"https:\/\/idakorea.ee\/product\/house-of-hur-tropical-dew-sun-cream-spf50-pa-50ml\/#primaryimage\"},\"image\":{\"@id\":\"https:\/\/idakorea.ee\/product\/house-of-hur-tropical-dew-sun-cream-spf50-pa-50ml\/#primaryimage\"},\"thumbnailUrl\":\"https:\/\/idakorea.ee\/wp-content\/uploads\/2026\/04\/House-of-Hur-Tropical-Dew-Sun-Cream-SPF50-PAidakorea.jpg\",\"datePublished\":\"2026-04-09T09:01:01+00:00\",\"description\":\"Kerge p\u00e4ikesekreem niisutab s\u00fcgavuti ja \u00fchtlustab jumet. Kerge kreemjas tekstuur ei j\u00e4ta nahka kleepuvaks ega rasvaseks ning annab n\u00e4ole terve s\u00e4ra.\",\"breadcrumb\":{\"@id\":\"https:\/\/idakorea.ee\/product\/house-of-hur-tropical-dew-sun-cream-spf50-pa-50ml\/#breadcrumb\"},\"inLanguage\":\"en-US\",\"potentialAction\":[{\"@type\":\"ReadAction\",\"target\":[\"https:\/\/idakorea.ee\/product\/house-of-hur-tropical-dew-sun-cream-spf50-pa-50ml\/\"]}]},{\"@type\":\"ImageObject\",\"inLanguage\":\"en-US\",\"@id\":\"https:\/\/idakorea.ee\/product\/house-of-hur-tropical-dew-sun-cream-spf50-pa-50ml\/#primaryimage\",\"url\":\"https:\/\/idakorea.ee\/wp-content\/uploads\/2026\/04\/House-of-Hur-Tropical-Dew-Sun-Cream-SPF50-PAidakorea.jpg\",\"contentUrl\":\"https:\/\/idakorea.ee\/wp-content\/uploads\/2026\/04\/House-of-Hur-Tropical-Dew-Sun-Cream-SPF50-PAidakorea.jpg\",\"width\":1000,\"height\":1000},{\"@type\":\"BreadcrumbList\",\"@id\":\"https:\/\/idakorea.ee\/product\/house-of-hur-tropical-dew-sun-cream-spf50-pa-50ml\/#breadcrumb\",\"itemListElement\":[{\"@type\":\"ListItem\",\"position\":1,\"name\":\"\u0413\u043b\u0430\u0432\u043d\u0430\u044f \u0441\u0442\u0440\u0430\u043d\u0438\u0446\u0430\",\"item\":\"https:\/\/idakorea.ee\/\"},{\"@type\":\"ListItem\",\"position\":2,\"name\":\"Shop\",\"item\":\"https:\/\/idakorea.ee\/shop-2\/\"},{\"@type\":\"ListItem\",\"position\":3,\"name\":\"Kerge p\u00e4ikesekreem House of Hur Tropical Dew Sun Cream SPF50+ PA++++, 50ml\"}]},{\"@type\":\"WebSite\",\"@id\":\"https:\/\/idakorea.ee\/#website\",\"url\":\"https:\/\/idakorea.ee\/\",\"name\":\"IDA.KOREA\",\"description\":\"Korea kosmeetika e-pood\",\"publisher\":{\"@id\":\"https:\/\/idakorea.ee\/#organization\"},\"alternateName\":\"Beauty Shop\",\"potentialAction\":[{\"@type\":\"SearchAction\",\"target\":{\"@type\":\"EntryPoint\",\"urlTemplate\":\"https:\/\/idakorea.ee\/?s={search_term_string}\"},\"query-input\":{\"@type\":\"PropertyValueSpecification\",\"valueRequired\":true,\"valueName\":\"search_term_string\"}}],\"inLanguage\":\"en-US\"},{\"@type\":\"Organization\",\"@id\":\"https:\/\/idakorea.ee\/#organization\",\"name\":\"IDA.KOREA\",\"url\":\"https:\/\/idakorea.ee\/\",\"logo\":{\"@type\":\"ImageObject\",\"inLanguage\":\"en-US\",\"@id\":\"https:\/\/idakorea.ee\/#\/schema\/logo\/image\/\",\"url\":\"https:\/\/idakorea.ee\/wp-content\/uploads\/2024\/05\/cropped-korea3.png\",\"contentUrl\":\"https:\/\/idakorea.ee\/wp-content\/uploads\/2024\/05\/cropped-korea3.png\",\"width\":688,\"height\":126,\"caption\":\"IDA.KOREA\"},\"image\":{\"@id\":\"https:\/\/idakorea.ee\/#\/schema\/logo\/image\/\"},\"sameAs\":[\"https:\/\/www.instagram.com\/ida.korea\/\"]}]}<\/script>\n<!-- \/ Yoast SEO plugin. -->","yoast_head_json":{"title":"House of Hur Tropical Dew Sun Cream SPF50+ PA++++, 50ml - IDA.KOREA","description":"Kerge p\u00e4ikesekreem niisutab s\u00fcgavuti ja \u00fchtlustab jumet. Kerge kreemjas tekstuur ei j\u00e4ta nahka kleepuvaks ega rasvaseks ning annab n\u00e4ole terve s\u00e4ra.","robots":{"index":"index","follow":"follow","max-snippet":"max-snippet:-1","max-image-preview":"max-image-preview:large","max-video-preview":"max-video-preview:-1"},"canonical":"https:\/\/idakorea.ee\/en\/product\/house-of-hur-tropical-dew-sun-cream-spf50-pa-50ml\/","og_locale":"en_US","og_type":"article","og_title":"House of Hur Tropical Dew Sun Cream SPF50+ PA++++, 50ml - IDA.KOREA","og_description":"Kerge p\u00e4ikesekreem niisutab s\u00fcgavuti ja \u00fchtlustab jumet. Kerge kreemjas tekstuur ei j\u00e4ta nahka kleepuvaks ega rasvaseks ning annab n\u00e4ole terve s\u00e4ra.","og_url":"https:\/\/idakorea.ee\/en\/product\/house-of-hur-tropical-dew-sun-cream-spf50-pa-50ml\/","og_site_name":"IDA.KOREA","og_image":[{"width":1000,"height":1000,"url":"https:\/\/idakorea.ee\/wp-content\/uploads\/2026\/04\/House-of-Hur-Tropical-Dew-Sun-Cream-SPF50-PAidakorea.jpg","type":"image\/jpeg"}],"twitter_card":"summary_large_image","twitter_misc":{"Est. reading time":"2 minutes"},"schema":{"@context":"https:\/\/schema.org","@graph":[{"@type":"WebPage","@id":"https:\/\/idakorea.ee\/product\/house-of-hur-tropical-dew-sun-cream-spf50-pa-50ml\/","url":"https:\/\/idakorea.ee\/product\/house-of-hur-tropical-dew-sun-cream-spf50-pa-50ml\/","name":"House of Hur Tropical Dew Sun Cream SPF50+ PA++++, 50ml - IDA.KOREA","isPartOf":{"@id":"https:\/\/idakorea.ee\/#website"},"primaryImageOfPage":{"@id":"https:\/\/idakorea.ee\/product\/house-of-hur-tropical-dew-sun-cream-spf50-pa-50ml\/#primaryimage"},"image":{"@id":"https:\/\/idakorea.ee\/product\/house-of-hur-tropical-dew-sun-cream-spf50-pa-50ml\/#primaryimage"},"thumbnailUrl":"https:\/\/idakorea.ee\/wp-content\/uploads\/2026\/04\/House-of-Hur-Tropical-Dew-Sun-Cream-SPF50-PAidakorea.jpg","datePublished":"2026-04-09T09:01:01+00:00","description":"Kerge p\u00e4ikesekreem niisutab s\u00fcgavuti ja \u00fchtlustab jumet. Kerge kreemjas tekstuur ei j\u00e4ta nahka kleepuvaks ega rasvaseks ning annab n\u00e4ole terve s\u00e4ra.","breadcrumb":{"@id":"https:\/\/idakorea.ee\/product\/house-of-hur-tropical-dew-sun-cream-spf50-pa-50ml\/#breadcrumb"},"inLanguage":"en-US","potentialAction":[{"@type":"ReadAction","target":["https:\/\/idakorea.ee\/product\/house-of-hur-tropical-dew-sun-cream-spf50-pa-50ml\/"]}]},{"@type":"ImageObject","inLanguage":"en-US","@id":"https:\/\/idakorea.ee\/product\/house-of-hur-tropical-dew-sun-cream-spf50-pa-50ml\/#primaryimage","url":"https:\/\/idakorea.ee\/wp-content\/uploads\/2026\/04\/House-of-Hur-Tropical-Dew-Sun-Cream-SPF50-PAidakorea.jpg","contentUrl":"https:\/\/idakorea.ee\/wp-content\/uploads\/2026\/04\/House-of-Hur-Tropical-Dew-Sun-Cream-SPF50-PAidakorea.jpg","width":1000,"height":1000},{"@type":"BreadcrumbList","@id":"https:\/\/idakorea.ee\/product\/house-of-hur-tropical-dew-sun-cream-spf50-pa-50ml\/#breadcrumb","itemListElement":[{"@type":"ListItem","position":1,"name":"\u0413\u043b\u0430\u0432\u043d\u0430\u044f \u0441\u0442\u0440\u0430\u043d\u0438\u0446\u0430","item":"https:\/\/idakorea.ee\/"},{"@type":"ListItem","position":2,"name":"Shop","item":"https:\/\/idakorea.ee\/shop-2\/"},{"@type":"ListItem","position":3,"name":"Kerge p\u00e4ikesekreem House of Hur Tropical Dew Sun Cream SPF50+ PA++++, 50ml"}]},{"@type":"WebSite","@id":"https:\/\/idakorea.ee\/#website","url":"https:\/\/idakorea.ee\/","name":"IDA.KOREA","description":"Korean cosmetics e-shop","publisher":{"@id":"https:\/\/idakorea.ee\/#organization"},"alternateName":"Beauty Shop","potentialAction":[{"@type":"SearchAction","target":{"@type":"EntryPoint","urlTemplate":"https:\/\/idakorea.ee\/?s={search_term_string}"},"query-input":{"@type":"PropertyValueSpecification","valueRequired":true,"valueName":"search_term_string"}}],"inLanguage":"en-US"},{"@type":"Organization","@id":"https:\/\/idakorea.ee\/#organization","name":"IDA.KOREA","url":"https:\/\/idakorea.ee\/","logo":{"@type":"ImageObject","inLanguage":"en-US","@id":"https:\/\/idakorea.ee\/#\/schema\/logo\/image\/","url":"https:\/\/idakorea.ee\/wp-content\/uploads\/2024\/05\/cropped-korea3.png","contentUrl":"https:\/\/idakorea.ee\/wp-content\/uploads\/2024\/05\/cropped-korea3.png","width":688,"height":126,"caption":"IDA.KOREA"},"image":{"@id":"https:\/\/idakorea.ee\/#\/schema\/logo\/image\/"},"sameAs":["https:\/\/www.instagram.com\/ida.korea\/"]}]}},"jetpack_sharing_enabled":true,"brands":[{"id":1153,"name":"HOUSE OF HUR","slug":"house-of-hur"}],"_links":{"self":[{"href":"https:\/\/idakorea.ee\/en\/wp-json\/wp\/v2\/product\/18407","targetHints":{"allow":["GET"]}}],"collection":[{"href":"https:\/\/idakorea.ee\/en\/wp-json\/wp\/v2\/product"}],"about":[{"href":"https:\/\/idakorea.ee\/en\/wp-json\/wp\/v2\/types\/product"}],"replies":[{"embeddable":true,"href":"https:\/\/idakorea.ee\/en\/wp-json\/wp\/v2\/comments?post=18407"}],"version-history":[{"count":1,"href":"https:\/\/idakorea.ee\/en\/wp-json\/wp\/v2\/product\/18407\/revisions"}],"predecessor-version":[{"id":18412,"href":"https:\/\/idakorea.ee\/en\/wp-json\/wp\/v2\/product\/18407\/revisions\/18412"}],"wp:featuredmedia":[{"embeddable":true,"href":"https:\/\/idakorea.ee\/en\/wp-json\/wp\/v2\/media\/18408"}],"wp:attachment":[{"href":"https:\/\/idakorea.ee\/en\/wp-json\/wp\/v2\/media?parent=18407"}],"wp:term":[{"taxonomy":"pwb-brand","embeddable":true,"href":"https:\/\/idakorea.ee\/en\/wp-json\/wp\/v2\/pwb-brand?post=18407"},{"taxonomy":"product_brand","embeddable":true,"href":"https:\/\/idakorea.ee\/en\/wp-json\/wp\/v2\/product_brand?post=18407"},{"taxonomy":"product_cat","embeddable":true,"href":"https:\/\/idakorea.ee\/en\/wp-json\/wp\/v2\/product_cat?post=18407"},{"taxonomy":"product_tag","embeddable":true,"href":"https:\/\/idakorea.ee\/en\/wp-json\/wp\/v2\/product_tag?post=18407"}],"curies":[{"name":"wp","href":"https:\/\/api.w.org\/{rel}","templated":true}]}}