{"id":18435,"date":"2026-04-11T18:29:24","date_gmt":"2026-04-11T16:29:24","guid":{"rendered":"https:\/\/idakorea.ee\/?post_type=product&#038;p=18435"},"modified":"2026-04-11T18:36:37","modified_gmt":"2026-04-11T16:36:37","slug":"pyunkang-yul-kids-baby-cream-400ml","status":"publish","type":"product","link":"https:\/\/idakorea.ee\/en\/product\/pyunkang-yul-kids-baby-cream-400ml\/","title":{"rendered":"Pyunkang Yul Kids &amp; Baby Cream, 400ml"},"content":{"rendered":"<p><strong>Pyunkang Yul Kids &amp; Baby Cream<\/strong> Children&#039;s cream fights dryness and flaking, soothes the skin and reduces irritation. Strengthens the lipid barrier of the epidermis and protects delicate and sensitive baby skin. Deeply moisturizes, makes the skin soft and silky. Prevents moisture evaporation and dehydration and helps maintain the skin&#039;s natural hydrolipidic balance. Has a citrus scent.<\/p>\n<p><strong>Main active ingredients:<\/strong><\/p>\n<ul>\n<li><strong>Jeeriko rose extract<\/strong> nourishes, moisturizes and regenerates the skin. It has antioxidant properties that help prevent cell damage.<\/li>\n<li><strong>Ceramides<\/strong> protect the skin, prevent moisture evaporation, promote long-lasting hydration and support hydrolipidic balance.<\/li>\n<li><strong>Retrieved from<\/strong> supports the skin&#039;s protective barrier and reduces the harmful effects of free radicals, ultraviolet radiation and other environmental factors.<\/li>\n<li><strong>Three types of hyaluronic acid<\/strong> Penetrate into the deeper layers of the epidermis, moisturize the skin and help retain moisture. Form a protective layer that prevents moisture evaporation.<\/li>\n<li><strong>Asian water-lily extract<\/strong> soothes redness and irritation, moisturizes and softens the skin.<\/li>\n<li><strong>Wormwood extract<\/strong> has soothing, anti-inflammatory, antioxidant and moisturizing properties.<\/li>\n<li><strong>Vegetable oil complex<\/strong> softens the skin, promotes rapid recovery and has an anti-inflammatory effect.<\/li>\n<\/ul>\n<p>Suitable for sensitive skin.<\/p>\n<p><strong>Usage:<\/strong> Apply the required amount of cream to clean, dry skin and massage in gently.<\/p>","protected":false},"excerpt":{"rendered":"<p>Pyunkang Yul Kids &amp; Baby Cream lastekreem v\u00f5itleb kuivuse ja ketendusega, rahustab nahka ja v\u00e4hendab \u00e4rritust. Tugevdab epidermise lipiidbarj\u00e4\u00e4ri ning kaitseb \u00f5rna ja tundlikku lapse nahka.Niisutab s\u00fcgavuti, muudab naha pehmeks ja siidiseks. Takistab niiskuse aurustumist ja deh\u00fcdratsiooni teket ning aitab s\u00e4ilitada naha loomulikku h\u00fcdrolipiidset tasakaalu. On tsitruselise l\u00f5hnaga. Peamised toimeained: Jeeriko roosi ekstrakt toidab, niisutab&#8230;<\/p>","protected":false},"featured_media":18437,"comment_status":"open","ping_status":"closed","template":"","meta":{"_uf_show_specific_survey":0,"_uf_disable_surveys":false,"_bst_post_transparent":"default","_bst_post_title":"","_bst_post_layout":"default","_bst_post_sidebar_id":"","_bst_post_content_style":"default","_bst_post_vertical_padding":"default","_bst_post_feature":"","_bst_post_feature_position":"","_bst_post_header":false,"_bst_post_footer":false},"pwb-brand":[474],"product_brand":[],"product_cat":[852],"product_tag":[568,1155,1156,221],"class_list":{"0":"post-18435","1":"product","2":"type-product","3":"status-publish","4":"has-post-thumbnail","6":"pwb-brand-pyunkang-yul","7":"product_cat-kehahooldus","8":"product_tag-korea","9":"product_tag-kreem-lastele","10":"product_tag-lastekreem","11":"product_tag-tundlik-nahk","13":"first","14":"instock","15":"sale","16":"shipping-taxable","17":"purchasable","18":"product-type-simple","19":"entry","20":"content-bg","21":"loop-entry"},"supplier_id":null,"supplier_sku":"","barcode":null,"atum_controlled":true,"out_stock_date":null,"out_stock_threshold":null,"inheritable":false,"inbound_stock":null,"stock_on_hold":0,"sold_today":0,"sales_last_days":0,"out_stock_days":0,"lost_sales":0,"has_location":false,"update_date":"2026-04-14T00:05:12","atum_locations":[],"atum_stock_status":"instock","restock_status":false,"low_stock_amount":"","sales_update_date":"2026-04-14T00:05:12","calc_backorders":null,"yoast_head":"<!-- This site is optimized with the Yoast SEO plugin v27.2 - https:\/\/yoast.com\/product\/yoast-seo-wordpress\/ -->\n<title>Pyunkang Yul Kids &amp; Baby Cream, 400ml - IDA.KOREA<\/title>\n<meta name=\"description\" content=\"Kreem v\u00f5itleb kuivuse ja ketendusega, rahustab nahka ja v\u00e4hendab \u00e4rritust. Tugevdab epidermise lipiidbarj\u00e4\u00e4ri ning kaitseb \u00f5rna ja tundlikku lapse nahka.\" \/>\n<meta name=\"robots\" content=\"index, follow, max-snippet:-1, max-image-preview:large, max-video-preview:-1\" \/>\n<link rel=\"canonical\" href=\"https:\/\/idakorea.ee\/en\/product\/pyunkang-yul-kids-baby-cream-400ml\/\" \/>\n<meta property=\"og:locale\" content=\"en_US\" \/>\n<meta property=\"og:type\" content=\"article\" \/>\n<meta property=\"og:title\" content=\"Pyunkang Yul Kids &amp; Baby Cream, 400ml - IDA.KOREA\" \/>\n<meta property=\"og:description\" content=\"Kreem v\u00f5itleb kuivuse ja ketendusega, rahustab nahka ja v\u00e4hendab \u00e4rritust. Tugevdab epidermise lipiidbarj\u00e4\u00e4ri ning kaitseb \u00f5rna ja tundlikku lapse nahka.\" \/>\n<meta property=\"og:url\" content=\"https:\/\/idakorea.ee\/en\/product\/pyunkang-yul-kids-baby-cream-400ml\/\" \/>\n<meta property=\"og:site_name\" content=\"IDA.KOREA\" \/>\n<meta property=\"article:modified_time\" content=\"2026-04-11T16:36:37+00:00\" \/>\n<meta property=\"og:image\" content=\"https:\/\/idakorea.ee\/wp-content\/uploads\/2026\/04\/Pyunkang-Yul-Kids-_-Baby-Cream-idakorea.jpg\" \/>\n\t<meta property=\"og:image:width\" content=\"1000\" \/>\n\t<meta property=\"og:image:height\" content=\"1000\" \/>\n\t<meta property=\"og:image:type\" content=\"image\/jpeg\" \/>\n<meta name=\"twitter:card\" content=\"summary_large_image\" \/>\n<meta name=\"twitter:label1\" content=\"Est. reading time\" \/>\n\t<meta name=\"twitter:data1\" content=\"2 minutes\" \/>\n<script type=\"application\/ld+json\" class=\"yoast-schema-graph\">{\"@context\":\"https:\/\/schema.org\",\"@graph\":[{\"@type\":\"WebPage\",\"@id\":\"https:\/\/idakorea.ee\/product\/pyunkang-yul-kids-baby-cream-400ml\/\",\"url\":\"https:\/\/idakorea.ee\/product\/pyunkang-yul-kids-baby-cream-400ml\/\",\"name\":\"Pyunkang Yul Kids & Baby Cream, 400ml - IDA.KOREA\",\"isPartOf\":{\"@id\":\"https:\/\/idakorea.ee\/#website\"},\"primaryImageOfPage\":{\"@id\":\"https:\/\/idakorea.ee\/product\/pyunkang-yul-kids-baby-cream-400ml\/#primaryimage\"},\"image\":{\"@id\":\"https:\/\/idakorea.ee\/product\/pyunkang-yul-kids-baby-cream-400ml\/#primaryimage\"},\"thumbnailUrl\":\"https:\/\/idakorea.ee\/wp-content\/uploads\/2026\/04\/Pyunkang-Yul-Kids-_-Baby-Cream-idakorea.jpg\",\"datePublished\":\"2026-04-11T16:29:24+00:00\",\"dateModified\":\"2026-04-11T16:36:37+00:00\",\"description\":\"Kreem v\u00f5itleb kuivuse ja ketendusega, rahustab nahka ja v\u00e4hendab \u00e4rritust. Tugevdab epidermise lipiidbarj\u00e4\u00e4ri ning kaitseb \u00f5rna ja tundlikku lapse nahka.\",\"breadcrumb\":{\"@id\":\"https:\/\/idakorea.ee\/product\/pyunkang-yul-kids-baby-cream-400ml\/#breadcrumb\"},\"inLanguage\":\"en-US\",\"potentialAction\":[{\"@type\":\"ReadAction\",\"target\":[\"https:\/\/idakorea.ee\/product\/pyunkang-yul-kids-baby-cream-400ml\/\"]}]},{\"@type\":\"ImageObject\",\"inLanguage\":\"en-US\",\"@id\":\"https:\/\/idakorea.ee\/product\/pyunkang-yul-kids-baby-cream-400ml\/#primaryimage\",\"url\":\"https:\/\/idakorea.ee\/wp-content\/uploads\/2026\/04\/Pyunkang-Yul-Kids-_-Baby-Cream-idakorea.jpg\",\"contentUrl\":\"https:\/\/idakorea.ee\/wp-content\/uploads\/2026\/04\/Pyunkang-Yul-Kids-_-Baby-Cream-idakorea.jpg\",\"width\":1000,\"height\":1000},{\"@type\":\"BreadcrumbList\",\"@id\":\"https:\/\/idakorea.ee\/product\/pyunkang-yul-kids-baby-cream-400ml\/#breadcrumb\",\"itemListElement\":[{\"@type\":\"ListItem\",\"position\":1,\"name\":\"\u0413\u043b\u0430\u0432\u043d\u0430\u044f \u0441\u0442\u0440\u0430\u043d\u0438\u0446\u0430\",\"item\":\"https:\/\/idakorea.ee\/\"},{\"@type\":\"ListItem\",\"position\":2,\"name\":\"Shop\",\"item\":\"https:\/\/idakorea.ee\/shop-2\/\"},{\"@type\":\"ListItem\",\"position\":3,\"name\":\"Niisutav lastekreem Pyunkang Yul Kids &#038; Baby Cream, 400ml\"}]},{\"@type\":\"WebSite\",\"@id\":\"https:\/\/idakorea.ee\/#website\",\"url\":\"https:\/\/idakorea.ee\/\",\"name\":\"IDA.KOREA\",\"description\":\"Korea kosmeetika e-pood\",\"publisher\":{\"@id\":\"https:\/\/idakorea.ee\/#organization\"},\"alternateName\":\"Beauty Shop\",\"potentialAction\":[{\"@type\":\"SearchAction\",\"target\":{\"@type\":\"EntryPoint\",\"urlTemplate\":\"https:\/\/idakorea.ee\/?s={search_term_string}\"},\"query-input\":{\"@type\":\"PropertyValueSpecification\",\"valueRequired\":true,\"valueName\":\"search_term_string\"}}],\"inLanguage\":\"en-US\"},{\"@type\":\"Organization\",\"@id\":\"https:\/\/idakorea.ee\/#organization\",\"name\":\"IDA.KOREA\",\"url\":\"https:\/\/idakorea.ee\/\",\"logo\":{\"@type\":\"ImageObject\",\"inLanguage\":\"en-US\",\"@id\":\"https:\/\/idakorea.ee\/#\/schema\/logo\/image\/\",\"url\":\"https:\/\/idakorea.ee\/wp-content\/uploads\/2024\/05\/cropped-korea3.png\",\"contentUrl\":\"https:\/\/idakorea.ee\/wp-content\/uploads\/2024\/05\/cropped-korea3.png\",\"width\":688,\"height\":126,\"caption\":\"IDA.KOREA\"},\"image\":{\"@id\":\"https:\/\/idakorea.ee\/#\/schema\/logo\/image\/\"},\"sameAs\":[\"https:\/\/www.instagram.com\/ida.korea\/\"]}]}<\/script>\n<!-- \/ Yoast SEO plugin. -->","yoast_head_json":{"title":"Pyunkang Yul Kids & Baby Cream, 400ml - IDA.KOREA","description":"Kreem v\u00f5itleb kuivuse ja ketendusega, rahustab nahka ja v\u00e4hendab \u00e4rritust. Tugevdab epidermise lipiidbarj\u00e4\u00e4ri ning kaitseb \u00f5rna ja tundlikku lapse nahka.","robots":{"index":"index","follow":"follow","max-snippet":"max-snippet:-1","max-image-preview":"max-image-preview:large","max-video-preview":"max-video-preview:-1"},"canonical":"https:\/\/idakorea.ee\/en\/product\/pyunkang-yul-kids-baby-cream-400ml\/","og_locale":"en_US","og_type":"article","og_title":"Pyunkang Yul Kids & Baby Cream, 400ml - IDA.KOREA","og_description":"Kreem v\u00f5itleb kuivuse ja ketendusega, rahustab nahka ja v\u00e4hendab \u00e4rritust. Tugevdab epidermise lipiidbarj\u00e4\u00e4ri ning kaitseb \u00f5rna ja tundlikku lapse nahka.","og_url":"https:\/\/idakorea.ee\/en\/product\/pyunkang-yul-kids-baby-cream-400ml\/","og_site_name":"IDA.KOREA","article_modified_time":"2026-04-11T16:36:37+00:00","og_image":[{"width":1000,"height":1000,"url":"https:\/\/idakorea.ee\/wp-content\/uploads\/2026\/04\/Pyunkang-Yul-Kids-_-Baby-Cream-idakorea.jpg","type":"image\/jpeg"}],"twitter_card":"summary_large_image","twitter_misc":{"Est. reading time":"2 minutes"},"schema":{"@context":"https:\/\/schema.org","@graph":[{"@type":"WebPage","@id":"https:\/\/idakorea.ee\/product\/pyunkang-yul-kids-baby-cream-400ml\/","url":"https:\/\/idakorea.ee\/product\/pyunkang-yul-kids-baby-cream-400ml\/","name":"Pyunkang Yul Kids & Baby Cream, 400ml - IDA.KOREA","isPartOf":{"@id":"https:\/\/idakorea.ee\/#website"},"primaryImageOfPage":{"@id":"https:\/\/idakorea.ee\/product\/pyunkang-yul-kids-baby-cream-400ml\/#primaryimage"},"image":{"@id":"https:\/\/idakorea.ee\/product\/pyunkang-yul-kids-baby-cream-400ml\/#primaryimage"},"thumbnailUrl":"https:\/\/idakorea.ee\/wp-content\/uploads\/2026\/04\/Pyunkang-Yul-Kids-_-Baby-Cream-idakorea.jpg","datePublished":"2026-04-11T16:29:24+00:00","dateModified":"2026-04-11T16:36:37+00:00","description":"Kreem v\u00f5itleb kuivuse ja ketendusega, rahustab nahka ja v\u00e4hendab \u00e4rritust. Tugevdab epidermise lipiidbarj\u00e4\u00e4ri ning kaitseb \u00f5rna ja tundlikku lapse nahka.","breadcrumb":{"@id":"https:\/\/idakorea.ee\/product\/pyunkang-yul-kids-baby-cream-400ml\/#breadcrumb"},"inLanguage":"en-US","potentialAction":[{"@type":"ReadAction","target":["https:\/\/idakorea.ee\/product\/pyunkang-yul-kids-baby-cream-400ml\/"]}]},{"@type":"ImageObject","inLanguage":"en-US","@id":"https:\/\/idakorea.ee\/product\/pyunkang-yul-kids-baby-cream-400ml\/#primaryimage","url":"https:\/\/idakorea.ee\/wp-content\/uploads\/2026\/04\/Pyunkang-Yul-Kids-_-Baby-Cream-idakorea.jpg","contentUrl":"https:\/\/idakorea.ee\/wp-content\/uploads\/2026\/04\/Pyunkang-Yul-Kids-_-Baby-Cream-idakorea.jpg","width":1000,"height":1000},{"@type":"BreadcrumbList","@id":"https:\/\/idakorea.ee\/product\/pyunkang-yul-kids-baby-cream-400ml\/#breadcrumb","itemListElement":[{"@type":"ListItem","position":1,"name":"\u0413\u043b\u0430\u0432\u043d\u0430\u044f \u0441\u0442\u0440\u0430\u043d\u0438\u0446\u0430","item":"https:\/\/idakorea.ee\/"},{"@type":"ListItem","position":2,"name":"Shop","item":"https:\/\/idakorea.ee\/shop-2\/"},{"@type":"ListItem","position":3,"name":"Niisutav lastekreem Pyunkang Yul Kids &#038; Baby Cream, 400ml"}]},{"@type":"WebSite","@id":"https:\/\/idakorea.ee\/#website","url":"https:\/\/idakorea.ee\/","name":"IDA.KOREA","description":"Korean cosmetics e-shop","publisher":{"@id":"https:\/\/idakorea.ee\/#organization"},"alternateName":"Beauty Shop","potentialAction":[{"@type":"SearchAction","target":{"@type":"EntryPoint","urlTemplate":"https:\/\/idakorea.ee\/?s={search_term_string}"},"query-input":{"@type":"PropertyValueSpecification","valueRequired":true,"valueName":"search_term_string"}}],"inLanguage":"en-US"},{"@type":"Organization","@id":"https:\/\/idakorea.ee\/#organization","name":"IDA.KOREA","url":"https:\/\/idakorea.ee\/","logo":{"@type":"ImageObject","inLanguage":"en-US","@id":"https:\/\/idakorea.ee\/#\/schema\/logo\/image\/","url":"https:\/\/idakorea.ee\/wp-content\/uploads\/2024\/05\/cropped-korea3.png","contentUrl":"https:\/\/idakorea.ee\/wp-content\/uploads\/2024\/05\/cropped-korea3.png","width":688,"height":126,"caption":"IDA.KOREA"},"image":{"@id":"https:\/\/idakorea.ee\/#\/schema\/logo\/image\/"},"sameAs":["https:\/\/www.instagram.com\/ida.korea\/"]}]}},"jetpack_sharing_enabled":true,"brands":[{"id":474,"name":"PYUNKANG YUL","slug":"pyunkang-yul"}],"_links":{"self":[{"href":"https:\/\/idakorea.ee\/en\/wp-json\/wp\/v2\/product\/18435","targetHints":{"allow":["GET"]}}],"collection":[{"href":"https:\/\/idakorea.ee\/en\/wp-json\/wp\/v2\/product"}],"about":[{"href":"https:\/\/idakorea.ee\/en\/wp-json\/wp\/v2\/types\/product"}],"replies":[{"embeddable":true,"href":"https:\/\/idakorea.ee\/en\/wp-json\/wp\/v2\/comments?post=18435"}],"version-history":[{"count":2,"href":"https:\/\/idakorea.ee\/en\/wp-json\/wp\/v2\/product\/18435\/revisions"}],"predecessor-version":[{"id":18439,"href":"https:\/\/idakorea.ee\/en\/wp-json\/wp\/v2\/product\/18435\/revisions\/18439"}],"wp:featuredmedia":[{"embeddable":true,"href":"https:\/\/idakorea.ee\/en\/wp-json\/wp\/v2\/media\/18437"}],"wp:attachment":[{"href":"https:\/\/idakorea.ee\/en\/wp-json\/wp\/v2\/media?parent=18435"}],"wp:term":[{"taxonomy":"pwb-brand","embeddable":true,"href":"https:\/\/idakorea.ee\/en\/wp-json\/wp\/v2\/pwb-brand?post=18435"},{"taxonomy":"product_brand","embeddable":true,"href":"https:\/\/idakorea.ee\/en\/wp-json\/wp\/v2\/product_brand?post=18435"},{"taxonomy":"product_cat","embeddable":true,"href":"https:\/\/idakorea.ee\/en\/wp-json\/wp\/v2\/product_cat?post=18435"},{"taxonomy":"product_tag","embeddable":true,"href":"https:\/\/idakorea.ee\/en\/wp-json\/wp\/v2\/product_tag?post=18435"}],"curies":[{"name":"wp","href":"https:\/\/api.w.org\/{rel}","templated":true}]}}