{"id":18502,"date":"2026-04-21T10:13:58","date_gmt":"2026-04-21T08:13:58","guid":{"rendered":"https:\/\/idakorea.ee\/?post_type=product&#038;p=18502"},"modified":"2026-04-21T10:14:47","modified_gmt":"2026-04-21T08:14:47","slug":"celimax-pore-dark-spot-brightening-pad-40tk","status":"publish","type":"product","link":"https:\/\/idakorea.ee\/en\/product\/celimax-pore-dark-spot-brightening-pad-40tk\/","title":{"rendered":"Celimax Pore+ Dark Spot Brightening Pad, 40 pcs"},"content":{"rendered":"<p>Toner pads <strong>Celimax Pore+ Dark Spot Brightening Pad<\/strong> Gently exfoliate, smooth texture and reduce the appearance of post-acne. Soften rough areas, remove dullness and give the skin a healthy glow. Brighten sebaceous glands and help tighten pores. Prevent pigmentation: block melanin production and prevent it from moving to the upper layers of the skin.<\/p>\n<p>The fabric of the pads consists of three layers: viscose, cellulose and viscose fiber. The elastic fabric is impregnated with essence, stretches well and fits tightly to the face. Thanks to the crescent shape, the pads can be used on different areas of the face.<\/p>\n<p>Does not cause dryness or tightness. pH level 4.3\u20136.3.<\/p>\n<p><strong>Main active ingredients:<\/strong><\/p>\n<ul>\n<li><strong>Niacinamide (vitamin B3)<\/strong>) slows down the movement of melanin into the epidermis, thereby helping to prevent the formation of age spots. Regulates sebum secretion and tightens pores.<\/li>\n<li><strong>Tranexamic acid<\/strong> is a brightening agent that inhibits the activity of tyrosinase, an enzyme that triggers melanin production. Does not cause photosensitivity and is suitable for use during the day.<\/li>\n<li><strong>Arbutiin<\/strong> helps prevent pigmentation and has antibacterial and soothing effects.<\/li>\n<li><strong>Melazero\u00ae<\/strong> is a patented herbal brightening complex containing Japanese quince and peppermint extracts; it inhibits melanin synthesis and evens out skin tone.<\/li>\n<li><strong>SingGreen<\/strong> is a complex of papaya, apple, grape and plum extracts. Gently exfoliates, evens out skin tone and smoothes the skin.<\/li>\n<li><strong>HyalOcta Papaya<\/strong> is a patented complex containing eight hyaluronic acids of different molecular weights and papaya extract. Hyaluronic acid molecules moisturize the skin and help retain moisture, improve texture and keep the skin smooth. Papaya extract promotes gentle exfoliation and skin renewal, evens out microrelief and gives the skin a healthy glow.<\/li>\n<\/ul>\n<p>Suitable for all skin types.<\/p>\n<p><strong>Usage:<\/strong> After cleansing, gently wipe your face with the pad. Can also be used as a topical mask: place the pad on the skin for 3-5 minutes, then remove and allow the remaining essence to be absorbed.<\/p>","protected":false},"excerpt":{"rendered":"<p>Celimax Pore+ Dark Spot Brightening Pad gently exfoliates, smooths texture and reduces the appearance of post-acne blemishes. Softens rough areas, removes dullness and gives the skin a healthy glow. Brightens sebaceous glands and helps tighten pores. Prevents pigmentation: blocks melanin production and prevents its movement into the upper layers of the skin. The fabric of the pads consists of three layers: viscose, cellulose and viscose fiber. Elastic fabric\u2026<\/p>","protected":false},"featured_media":18503,"comment_status":"open","ping_status":"closed","template":"","meta":{"_uf_show_specific_survey":0,"_uf_disable_surveys":false,"_bst_post_transparent":"default","_bst_post_title":"","_bst_post_layout":"default","_bst_post_sidebar_id":"","_bst_post_content_style":"default","_bst_post_vertical_padding":"default","_bst_post_feature":"","_bst_post_feature_position":"","_bst_post_header":false,"_bst_post_footer":false},"pwb-brand":[885],"product_brand":[],"product_cat":[92,158],"product_tag":[886,568,230,449],"class_list":{"0":"post-18502","1":"product","2":"type-product","3":"status-publish","4":"has-post-thumbnail","6":"pwb-brand-celimax","7":"product_cat-nagu","8":"product_cat-toonik","9":"product_tag-celimax","10":"product_tag-korea","11":"product_tag-pigment","12":"product_tag-pore","14":"first","15":"instock","16":"sale","17":"shipping-taxable","18":"purchasable","19":"product-type-simple","20":"entry","21":"content-bg","22":"loop-entry"},"supplier_id":null,"supplier_sku":"","barcode":null,"atum_controlled":true,"out_stock_date":null,"out_stock_threshold":null,"inheritable":false,"inbound_stock":null,"stock_on_hold":0,"sold_today":0,"sales_last_days":0,"out_stock_days":0,"lost_sales":0,"has_location":false,"update_date":"2026-04-24T00:09:12","atum_locations":[],"atum_stock_status":"instock","restock_status":false,"low_stock_amount":"","sales_update_date":"2026-04-24T00:09:12","calc_backorders":null,"yoast_head":"<!-- This site is optimized with the Yoast SEO plugin v27.2 - https:\/\/yoast.com\/product\/yoast-seo-wordpress\/ -->\n<title>Celimax Pore+ Dark Spot Brightening Pad, 40tk - IDA.KOREA<\/title>\n<meta name=\"description\" content=\"Toonerpadjad koorivad \u00f5rnalt, siluvad tekstuuri ja v\u00e4hendavad postakne n\u00e4htavust. Pehmendavad karedaid piirkondi, eemaldavad tuhmuse ja annavad nahale s\u00e4ra.\" \/>\n<meta name=\"robots\" content=\"index, follow, max-snippet:-1, max-image-preview:large, max-video-preview:-1\" \/>\n<link rel=\"canonical\" href=\"https:\/\/idakorea.ee\/en\/product\/celimax-pore-dark-spot-brightening-pad-40tk\/\" \/>\n<meta property=\"og:locale\" content=\"en_US\" \/>\n<meta property=\"og:type\" content=\"article\" \/>\n<meta property=\"og:title\" content=\"Celimax Pore+ Dark Spot Brightening Pad, 40tk - IDA.KOREA\" \/>\n<meta property=\"og:description\" content=\"Toonerpadjad koorivad \u00f5rnalt, siluvad tekstuuri ja v\u00e4hendavad postakne n\u00e4htavust. Pehmendavad karedaid piirkondi, eemaldavad tuhmuse ja annavad nahale s\u00e4ra.\" \/>\n<meta property=\"og:url\" content=\"https:\/\/idakorea.ee\/en\/product\/celimax-pore-dark-spot-brightening-pad-40tk\/\" \/>\n<meta property=\"og:site_name\" content=\"IDA.KOREA\" \/>\n<meta property=\"article:modified_time\" content=\"2026-04-21T08:14:47+00:00\" \/>\n<meta property=\"og:image\" content=\"https:\/\/idakorea.ee\/wp-content\/uploads\/2026\/04\/celimax-pads-idakorea.jpg\" \/>\n\t<meta property=\"og:image:width\" content=\"1000\" \/>\n\t<meta property=\"og:image:height\" content=\"1000\" \/>\n\t<meta property=\"og:image:type\" content=\"image\/jpeg\" \/>\n<meta name=\"twitter:card\" content=\"summary_large_image\" \/>\n<meta name=\"twitter:label1\" content=\"Est. reading time\" \/>\n\t<meta name=\"twitter:data1\" content=\"2 minutes\" \/>\n<script type=\"application\/ld+json\" class=\"yoast-schema-graph\">{\"@context\":\"https:\/\/schema.org\",\"@graph\":[{\"@type\":\"WebPage\",\"@id\":\"https:\/\/idakorea.ee\/product\/celimax-pore-dark-spot-brightening-pad-40tk\/\",\"url\":\"https:\/\/idakorea.ee\/product\/celimax-pore-dark-spot-brightening-pad-40tk\/\",\"name\":\"Celimax Pore+ Dark Spot Brightening Pad, 40tk - IDA.KOREA\",\"isPartOf\":{\"@id\":\"https:\/\/idakorea.ee\/#website\"},\"primaryImageOfPage\":{\"@id\":\"https:\/\/idakorea.ee\/product\/celimax-pore-dark-spot-brightening-pad-40tk\/#primaryimage\"},\"image\":{\"@id\":\"https:\/\/idakorea.ee\/product\/celimax-pore-dark-spot-brightening-pad-40tk\/#primaryimage\"},\"thumbnailUrl\":\"https:\/\/idakorea.ee\/wp-content\/uploads\/2026\/04\/celimax-pads-idakorea.jpg\",\"datePublished\":\"2026-04-21T08:13:58+00:00\",\"dateModified\":\"2026-04-21T08:14:47+00:00\",\"description\":\"Toonerpadjad koorivad \u00f5rnalt, siluvad tekstuuri ja v\u00e4hendavad postakne n\u00e4htavust. Pehmendavad karedaid piirkondi, eemaldavad tuhmuse ja annavad nahale s\u00e4ra.\",\"breadcrumb\":{\"@id\":\"https:\/\/idakorea.ee\/product\/celimax-pore-dark-spot-brightening-pad-40tk\/#breadcrumb\"},\"inLanguage\":\"en-US\",\"potentialAction\":[{\"@type\":\"ReadAction\",\"target\":[\"https:\/\/idakorea.ee\/product\/celimax-pore-dark-spot-brightening-pad-40tk\/\"]}]},{\"@type\":\"ImageObject\",\"inLanguage\":\"en-US\",\"@id\":\"https:\/\/idakorea.ee\/product\/celimax-pore-dark-spot-brightening-pad-40tk\/#primaryimage\",\"url\":\"https:\/\/idakorea.ee\/wp-content\/uploads\/2026\/04\/celimax-pads-idakorea.jpg\",\"contentUrl\":\"https:\/\/idakorea.ee\/wp-content\/uploads\/2026\/04\/celimax-pads-idakorea.jpg\",\"width\":1000,\"height\":1000},{\"@type\":\"BreadcrumbList\",\"@id\":\"https:\/\/idakorea.ee\/product\/celimax-pore-dark-spot-brightening-pad-40tk\/#breadcrumb\",\"itemListElement\":[{\"@type\":\"ListItem\",\"position\":1,\"name\":\"\u0413\u043b\u0430\u0432\u043d\u0430\u044f \u0441\u0442\u0440\u0430\u043d\u0438\u0446\u0430\",\"item\":\"https:\/\/idakorea.ee\/\"},{\"@type\":\"ListItem\",\"position\":2,\"name\":\"Shop\",\"item\":\"https:\/\/idakorea.ee\/shop-2\/\"},{\"@type\":\"ListItem\",\"position\":3,\"name\":\"Toonerpadjad Celimax Pore+ Dark Spot Brightening Pad, 40tk\"}]},{\"@type\":\"WebSite\",\"@id\":\"https:\/\/idakorea.ee\/#website\",\"url\":\"https:\/\/idakorea.ee\/\",\"name\":\"IDA.KOREA\",\"description\":\"Korea kosmeetika e-pood\",\"publisher\":{\"@id\":\"https:\/\/idakorea.ee\/#organization\"},\"alternateName\":\"Beauty Shop\",\"potentialAction\":[{\"@type\":\"SearchAction\",\"target\":{\"@type\":\"EntryPoint\",\"urlTemplate\":\"https:\/\/idakorea.ee\/?s={search_term_string}\"},\"query-input\":{\"@type\":\"PropertyValueSpecification\",\"valueRequired\":true,\"valueName\":\"search_term_string\"}}],\"inLanguage\":\"en-US\"},{\"@type\":\"Organization\",\"@id\":\"https:\/\/idakorea.ee\/#organization\",\"name\":\"IDA.KOREA\",\"url\":\"https:\/\/idakorea.ee\/\",\"logo\":{\"@type\":\"ImageObject\",\"inLanguage\":\"en-US\",\"@id\":\"https:\/\/idakorea.ee\/#\/schema\/logo\/image\/\",\"url\":\"https:\/\/idakorea.ee\/wp-content\/uploads\/2024\/05\/cropped-korea3.png\",\"contentUrl\":\"https:\/\/idakorea.ee\/wp-content\/uploads\/2024\/05\/cropped-korea3.png\",\"width\":688,\"height\":126,\"caption\":\"IDA.KOREA\"},\"image\":{\"@id\":\"https:\/\/idakorea.ee\/#\/schema\/logo\/image\/\"},\"sameAs\":[\"https:\/\/www.instagram.com\/ida.korea\/\"]}]}<\/script>\n<!-- \/ Yoast SEO plugin. -->","yoast_head_json":{"title":"Celimax Pore+ Dark Spot Brightening Pad, 40tk - IDA.KOREA","description":"Toonerpadjad koorivad \u00f5rnalt, siluvad tekstuuri ja v\u00e4hendavad postakne n\u00e4htavust. Pehmendavad karedaid piirkondi, eemaldavad tuhmuse ja annavad nahale s\u00e4ra.","robots":{"index":"index","follow":"follow","max-snippet":"max-snippet:-1","max-image-preview":"max-image-preview:large","max-video-preview":"max-video-preview:-1"},"canonical":"https:\/\/idakorea.ee\/en\/product\/celimax-pore-dark-spot-brightening-pad-40tk\/","og_locale":"en_US","og_type":"article","og_title":"Celimax Pore+ Dark Spot Brightening Pad, 40tk - IDA.KOREA","og_description":"Toonerpadjad koorivad \u00f5rnalt, siluvad tekstuuri ja v\u00e4hendavad postakne n\u00e4htavust. Pehmendavad karedaid piirkondi, eemaldavad tuhmuse ja annavad nahale s\u00e4ra.","og_url":"https:\/\/idakorea.ee\/en\/product\/celimax-pore-dark-spot-brightening-pad-40tk\/","og_site_name":"IDA.KOREA","article_modified_time":"2026-04-21T08:14:47+00:00","og_image":[{"width":1000,"height":1000,"url":"https:\/\/idakorea.ee\/wp-content\/uploads\/2026\/04\/celimax-pads-idakorea.jpg","type":"image\/jpeg"}],"twitter_card":"summary_large_image","twitter_misc":{"Est. reading time":"2 minutes"},"schema":{"@context":"https:\/\/schema.org","@graph":[{"@type":"WebPage","@id":"https:\/\/idakorea.ee\/product\/celimax-pore-dark-spot-brightening-pad-40tk\/","url":"https:\/\/idakorea.ee\/product\/celimax-pore-dark-spot-brightening-pad-40tk\/","name":"Celimax Pore+ Dark Spot Brightening Pad, 40tk - IDA.KOREA","isPartOf":{"@id":"https:\/\/idakorea.ee\/#website"},"primaryImageOfPage":{"@id":"https:\/\/idakorea.ee\/product\/celimax-pore-dark-spot-brightening-pad-40tk\/#primaryimage"},"image":{"@id":"https:\/\/idakorea.ee\/product\/celimax-pore-dark-spot-brightening-pad-40tk\/#primaryimage"},"thumbnailUrl":"https:\/\/idakorea.ee\/wp-content\/uploads\/2026\/04\/celimax-pads-idakorea.jpg","datePublished":"2026-04-21T08:13:58+00:00","dateModified":"2026-04-21T08:14:47+00:00","description":"Toonerpadjad koorivad \u00f5rnalt, siluvad tekstuuri ja v\u00e4hendavad postakne n\u00e4htavust. Pehmendavad karedaid piirkondi, eemaldavad tuhmuse ja annavad nahale s\u00e4ra.","breadcrumb":{"@id":"https:\/\/idakorea.ee\/product\/celimax-pore-dark-spot-brightening-pad-40tk\/#breadcrumb"},"inLanguage":"en-US","potentialAction":[{"@type":"ReadAction","target":["https:\/\/idakorea.ee\/product\/celimax-pore-dark-spot-brightening-pad-40tk\/"]}]},{"@type":"ImageObject","inLanguage":"en-US","@id":"https:\/\/idakorea.ee\/product\/celimax-pore-dark-spot-brightening-pad-40tk\/#primaryimage","url":"https:\/\/idakorea.ee\/wp-content\/uploads\/2026\/04\/celimax-pads-idakorea.jpg","contentUrl":"https:\/\/idakorea.ee\/wp-content\/uploads\/2026\/04\/celimax-pads-idakorea.jpg","width":1000,"height":1000},{"@type":"BreadcrumbList","@id":"https:\/\/idakorea.ee\/product\/celimax-pore-dark-spot-brightening-pad-40tk\/#breadcrumb","itemListElement":[{"@type":"ListItem","position":1,"name":"\u0413\u043b\u0430\u0432\u043d\u0430\u044f \u0441\u0442\u0440\u0430\u043d\u0438\u0446\u0430","item":"https:\/\/idakorea.ee\/"},{"@type":"ListItem","position":2,"name":"Shop","item":"https:\/\/idakorea.ee\/shop-2\/"},{"@type":"ListItem","position":3,"name":"Toonerpadjad Celimax Pore+ Dark Spot Brightening Pad, 40tk"}]},{"@type":"WebSite","@id":"https:\/\/idakorea.ee\/#website","url":"https:\/\/idakorea.ee\/","name":"IDA.KOREA","description":"Korean cosmetics e-shop","publisher":{"@id":"https:\/\/idakorea.ee\/#organization"},"alternateName":"Beauty Shop","potentialAction":[{"@type":"SearchAction","target":{"@type":"EntryPoint","urlTemplate":"https:\/\/idakorea.ee\/?s={search_term_string}"},"query-input":{"@type":"PropertyValueSpecification","valueRequired":true,"valueName":"search_term_string"}}],"inLanguage":"en-US"},{"@type":"Organization","@id":"https:\/\/idakorea.ee\/#organization","name":"IDA.KOREA","url":"https:\/\/idakorea.ee\/","logo":{"@type":"ImageObject","inLanguage":"en-US","@id":"https:\/\/idakorea.ee\/#\/schema\/logo\/image\/","url":"https:\/\/idakorea.ee\/wp-content\/uploads\/2024\/05\/cropped-korea3.png","contentUrl":"https:\/\/idakorea.ee\/wp-content\/uploads\/2024\/05\/cropped-korea3.png","width":688,"height":126,"caption":"IDA.KOREA"},"image":{"@id":"https:\/\/idakorea.ee\/#\/schema\/logo\/image\/"},"sameAs":["https:\/\/www.instagram.com\/ida.korea\/"]}]}},"jetpack_sharing_enabled":true,"brands":[{"id":885,"name":"CELIMAX","slug":"celimax"}],"_links":{"self":[{"href":"https:\/\/idakorea.ee\/en\/wp-json\/wp\/v2\/product\/18502","targetHints":{"allow":["GET"]}}],"collection":[{"href":"https:\/\/idakorea.ee\/en\/wp-json\/wp\/v2\/product"}],"about":[{"href":"https:\/\/idakorea.ee\/en\/wp-json\/wp\/v2\/types\/product"}],"replies":[{"embeddable":true,"href":"https:\/\/idakorea.ee\/en\/wp-json\/wp\/v2\/comments?post=18502"}],"version-history":[{"count":1,"href":"https:\/\/idakorea.ee\/en\/wp-json\/wp\/v2\/product\/18502\/revisions"}],"predecessor-version":[{"id":18506,"href":"https:\/\/idakorea.ee\/en\/wp-json\/wp\/v2\/product\/18502\/revisions\/18506"}],"wp:featuredmedia":[{"embeddable":true,"href":"https:\/\/idakorea.ee\/en\/wp-json\/wp\/v2\/media\/18503"}],"wp:attachment":[{"href":"https:\/\/idakorea.ee\/en\/wp-json\/wp\/v2\/media?parent=18502"}],"wp:term":[{"taxonomy":"pwb-brand","embeddable":true,"href":"https:\/\/idakorea.ee\/en\/wp-json\/wp\/v2\/pwb-brand?post=18502"},{"taxonomy":"product_brand","embeddable":true,"href":"https:\/\/idakorea.ee\/en\/wp-json\/wp\/v2\/product_brand?post=18502"},{"taxonomy":"product_cat","embeddable":true,"href":"https:\/\/idakorea.ee\/en\/wp-json\/wp\/v2\/product_cat?post=18502"},{"taxonomy":"product_tag","embeddable":true,"href":"https:\/\/idakorea.ee\/en\/wp-json\/wp\/v2\/product_tag?post=18502"}],"curies":[{"name":"wp","href":"https:\/\/api.w.org\/{rel}","templated":true}]}}