{"id":18569,"date":"2026-04-29T11:08:01","date_gmt":"2026-04-29T09:08:01","guid":{"rendered":"https:\/\/idakorea.ee\/?post_type=product&#038;p=18569"},"modified":"2026-04-29T11:08:01","modified_gmt":"2026-04-29T09:08:01","slug":"vt-cosmetics-reedle-shot-vita-light-eye-cream-15ml","status":"publish","type":"product","link":"https:\/\/idakorea.ee\/en\/product\/vt-cosmetics-reedle-shot-vita-light-eye-cream-15ml\/","title":{"rendered":"Eye cream VT Cosmetics Reedle Shot Vita-light Eye Cream, 15ml"},"content":{"rendered":"<p><strong>VT Cosmetics Reedle Shot Vita-light Eye Cream<\/strong> The eye cream tones and tightens the eye area, reduces the appearance of age spots and uneven skin tone, and reduces dark circles under the eyes. Helps smooth wrinkles around the eyes.<\/p>\n<p>A special applicator with up to 12,000 vibrations per minute allows you to massage the under-eye area, which helps reduce swelling, improves microcirculation and promotes deeper absorption of the cream&#039;s active ingredients into the skin. The cream has a light gel texture, it is absorbed without leaving a sticky feeling. It is also suitable for local use on the forehead and nasolabial folds.<\/p>\n<p><strong>Key active ingredients:<\/strong><\/p>\n<ul>\n<li><strong>Cica Reedle\u2122<\/strong> \u2013 microneedles that ensure that active ingredients reach deep into the skin. Consist of silicon and Asian water lily extract. Penetrate pores and stimulate cell renewal, thereby helping to smooth skin texture, exfoliate the skin and make it firmer and smoother. Deliver vitamin C and other active ingredients deep into the skin.<\/li>\n<li><strong>Cicahyalon\u2122<\/strong> \u2013 an ingredient consisting of green propolis extract, Asian water lily complex (madecassoside, madecassic acid, asiaticoside and asiatic acid) and hyaluronic acid. Soothes irritation and redness, moisturizes and helps maintain skin elasticity.<\/li>\n<li><strong>10% Niacinamide (Vitamin B3)<\/strong> \u2013 a highly concentrated active ingredient with proven efficacy. Slows down the movement of melanin into the epidermis, thereby helping to prevent the formation of age spots.<br \/>\nVitamin C (Ascorbic Acid, Sodium Ascorbyl Phosphate) in stable and unstable forms provides strong brightening and anti-aging effects. Reduces pigmentation, stimulates collagen synthesis and acts as an antioxidant.<\/li>\n<li><strong>Melazero\u00ae<\/strong> \u2013 a brightening herbal complex based on loquat, mint and decyl glucoside. Helps prevent the formation of age spots and melasma.<\/li>\n<li><strong>B vitamins (B1 \u2013 thiamine, B2, B3 \u2013 niacinamide, B5 \u2013 calcium pantothenate, B6, B9 and B12 \u2013 cyanocobalamin)<\/strong> reduce inflammation, soothe irritation and redness, and act as antioxidants. Strengthen the skin&#039;s protective barrier and help maintain skin smoothness.<\/li>\n<li><strong>Vitamin E (tocopherol)<\/strong> Helps fight cell damage caused by free radicals, prevents wrinkles and helps maintain skin firmness and smoothness. Stabilizes vitamin C and enhances its effects.<\/li>\n<li><strong>Glutathione<\/strong> It has a rejuvenating effect, improves skin tone, smoothes wrinkles and reduces signs of fatigue. It evens out the complexion, affecting age-related pigmentation and post-acne spots.<\/li>\n<\/ul>\n<p>&nbsp;<\/p>\n<p><strong>Usage:<\/strong> Apply a small amount of cream to the eye area and nasolabial folds and massage in gentle circular motions using the applicator.<\/p>\n<p><strong>Precautions<\/strong>: do not use simultaneously with exfoliants or scrubs, nor with products containing AHA or BHA acids, retinol or high concentrations of vitamin C. Do not use after cosmetic procedures. Store the cream in a cool place and avoid direct sunlight.<\/p>","protected":false},"excerpt":{"rendered":"<p>VT Cosmetics Reedle Shot Vita-light Eye Cream silma\u00fcmbruskreem toniseerib ja pinguldab silma\u00fcmbruspiirkonda, v\u00e4hendab pigmendilaikude ja eba\u00fchtlase nahatooni n\u00e4htavust ning leevendab tumedaid silmaaluseid. Aitab siluda kortse silma\u00fcmbruspiirkonnas. Spetsiaalne kuni 12 000 vibratsiooniga minutis aplikaator v\u00f5imaldab masseerida silmaalust piirkonda, mis aitab v\u00e4hendada turseid, parandab mikrotsirkulatsiooni ja soodustab kreemi toimeainete s\u00fcgavamat imendumist nahka. Kreemil on kerge geeljas tekstuur,&#8230;<\/p>","protected":false},"featured_media":18570,"comment_status":"open","ping_status":"closed","template":"","meta":{"_uf_show_specific_survey":0,"_uf_disable_surveys":false,"_bst_post_transparent":"default","_bst_post_title":"","_bst_post_layout":"default","_bst_post_sidebar_id":"","_bst_post_content_style":"default","_bst_post_vertical_padding":"default","_bst_post_feature":"","_bst_post_feature_position":"","_bst_post_header":false,"_bst_post_footer":false},"pwb-brand":[493],"product_brand":[],"product_cat":[92,99,201],"product_tag":[568,230,1152,462],"class_list":{"0":"post-18569","1":"product","2":"type-product","3":"status-publish","4":"has-post-thumbnail","6":"pwb-brand-vt","7":"product_cat-nagu","8":"product_cat-silmad-ja-huuled-2","9":"product_cat-silmakreem","10":"product_tag-korea","11":"product_tag-pigment","12":"product_tag-silmakreem","13":"product_tag-vt","15":"first","16":"instock","17":"shipping-taxable","18":"purchasable","19":"product-type-simple","20":"entry","21":"content-bg","22":"loop-entry"},"supplier_id":null,"supplier_sku":"","barcode":null,"atum_controlled":true,"out_stock_date":null,"out_stock_threshold":null,"inheritable":false,"inbound_stock":null,"stock_on_hold":null,"sold_today":null,"sales_last_days":null,"out_stock_days":null,"lost_sales":null,"has_location":false,"update_date":"2026-04-29T09:08:04","atum_locations":[],"atum_stock_status":"instock","restock_status":false,"low_stock_amount":"","sales_update_date":null,"calc_backorders":null,"yoast_head":"<!-- This site is optimized with the Yoast SEO plugin v27.2 - https:\/\/yoast.com\/product\/yoast-seo-wordpress\/ -->\n<title>VT Cosmetics Reedle Shot Vita-light Eye Cream, 15ml - IDA.KOREA<\/title>\n<meta name=\"description\" content=\"Silma\u00fcmbruskreem toniseerib ja pinguldab, v\u00e4hendab pigmendilaikude ja eba\u00fchtlase nahatooni n\u00e4htavust ning leevendab tumedaid silmaaluseid. Kiire tarne!\" \/>\n<meta name=\"robots\" content=\"index, follow, max-snippet:-1, max-image-preview:large, max-video-preview:-1\" \/>\n<link rel=\"canonical\" href=\"https:\/\/idakorea.ee\/en\/product\/vt-cosmetics-reedle-shot-vita-light-eye-cream-15ml\/\" \/>\n<meta property=\"og:locale\" content=\"en_US\" \/>\n<meta property=\"og:type\" content=\"article\" \/>\n<meta property=\"og:title\" content=\"VT Cosmetics Reedle Shot Vita-light Eye Cream, 15ml - IDA.KOREA\" \/>\n<meta property=\"og:description\" content=\"Silma\u00fcmbruskreem toniseerib ja pinguldab, v\u00e4hendab pigmendilaikude ja eba\u00fchtlase nahatooni n\u00e4htavust ning leevendab tumedaid silmaaluseid. Kiire tarne!\" \/>\n<meta property=\"og:url\" content=\"https:\/\/idakorea.ee\/en\/product\/vt-cosmetics-reedle-shot-vita-light-eye-cream-15ml\/\" \/>\n<meta property=\"og:site_name\" content=\"IDA.KOREA\" \/>\n<meta property=\"og:image\" content=\"https:\/\/idakorea.ee\/wp-content\/uploads\/2026\/04\/VT-Cosmetics_-Reedle-Shot-Vita_light-Eye-Cream-idakorea.jpg\" \/>\n\t<meta property=\"og:image:width\" content=\"1000\" \/>\n\t<meta property=\"og:image:height\" content=\"1000\" \/>\n\t<meta property=\"og:image:type\" content=\"image\/jpeg\" \/>\n<meta name=\"twitter:card\" content=\"summary_large_image\" \/>\n<meta name=\"twitter:label1\" content=\"Est. reading time\" \/>\n\t<meta name=\"twitter:data1\" content=\"2 minutes\" \/>\n<script type=\"application\/ld+json\" class=\"yoast-schema-graph\">{\"@context\":\"https:\/\/schema.org\",\"@graph\":[{\"@type\":\"WebPage\",\"@id\":\"https:\/\/idakorea.ee\/product\/vt-cosmetics-reedle-shot-vita-light-eye-cream-15ml\/\",\"url\":\"https:\/\/idakorea.ee\/product\/vt-cosmetics-reedle-shot-vita-light-eye-cream-15ml\/\",\"name\":\"VT Cosmetics Reedle Shot Vita-light Eye Cream, 15ml - IDA.KOREA\",\"isPartOf\":{\"@id\":\"https:\/\/idakorea.ee\/#website\"},\"primaryImageOfPage\":{\"@id\":\"https:\/\/idakorea.ee\/product\/vt-cosmetics-reedle-shot-vita-light-eye-cream-15ml\/#primaryimage\"},\"image\":{\"@id\":\"https:\/\/idakorea.ee\/product\/vt-cosmetics-reedle-shot-vita-light-eye-cream-15ml\/#primaryimage\"},\"thumbnailUrl\":\"https:\/\/idakorea.ee\/wp-content\/uploads\/2026\/04\/VT-Cosmetics_-Reedle-Shot-Vita_light-Eye-Cream-idakorea.jpg\",\"datePublished\":\"2026-04-29T09:08:01+00:00\",\"description\":\"Silma\u00fcmbruskreem toniseerib ja pinguldab, v\u00e4hendab pigmendilaikude ja eba\u00fchtlase nahatooni n\u00e4htavust ning leevendab tumedaid silmaaluseid. Kiire tarne!\",\"breadcrumb\":{\"@id\":\"https:\/\/idakorea.ee\/product\/vt-cosmetics-reedle-shot-vita-light-eye-cream-15ml\/#breadcrumb\"},\"inLanguage\":\"en-US\",\"potentialAction\":[{\"@type\":\"ReadAction\",\"target\":[\"https:\/\/idakorea.ee\/product\/vt-cosmetics-reedle-shot-vita-light-eye-cream-15ml\/\"]}]},{\"@type\":\"ImageObject\",\"inLanguage\":\"en-US\",\"@id\":\"https:\/\/idakorea.ee\/product\/vt-cosmetics-reedle-shot-vita-light-eye-cream-15ml\/#primaryimage\",\"url\":\"https:\/\/idakorea.ee\/wp-content\/uploads\/2026\/04\/VT-Cosmetics_-Reedle-Shot-Vita_light-Eye-Cream-idakorea.jpg\",\"contentUrl\":\"https:\/\/idakorea.ee\/wp-content\/uploads\/2026\/04\/VT-Cosmetics_-Reedle-Shot-Vita_light-Eye-Cream-idakorea.jpg\",\"width\":1000,\"height\":1000},{\"@type\":\"BreadcrumbList\",\"@id\":\"https:\/\/idakorea.ee\/product\/vt-cosmetics-reedle-shot-vita-light-eye-cream-15ml\/#breadcrumb\",\"itemListElement\":[{\"@type\":\"ListItem\",\"position\":1,\"name\":\"\u0413\u043b\u0430\u0432\u043d\u0430\u044f \u0441\u0442\u0440\u0430\u043d\u0438\u0446\u0430\",\"item\":\"https:\/\/idakorea.ee\/\"},{\"@type\":\"ListItem\",\"position\":2,\"name\":\"Shop\",\"item\":\"https:\/\/idakorea.ee\/shop-2\/\"},{\"@type\":\"ListItem\",\"position\":3,\"name\":\"Silma\u00fcmbruskreem VT Cosmetics Reedle Shot Vita-light Eye Cream, 15ml\"}]},{\"@type\":\"WebSite\",\"@id\":\"https:\/\/idakorea.ee\/#website\",\"url\":\"https:\/\/idakorea.ee\/\",\"name\":\"IDA.KOREA\",\"description\":\"Korea kosmeetika e-pood\",\"publisher\":{\"@id\":\"https:\/\/idakorea.ee\/#organization\"},\"alternateName\":\"Beauty Shop\",\"potentialAction\":[{\"@type\":\"SearchAction\",\"target\":{\"@type\":\"EntryPoint\",\"urlTemplate\":\"https:\/\/idakorea.ee\/?s={search_term_string}\"},\"query-input\":{\"@type\":\"PropertyValueSpecification\",\"valueRequired\":true,\"valueName\":\"search_term_string\"}}],\"inLanguage\":\"en-US\"},{\"@type\":\"Organization\",\"@id\":\"https:\/\/idakorea.ee\/#organization\",\"name\":\"IDA.KOREA\",\"url\":\"https:\/\/idakorea.ee\/\",\"logo\":{\"@type\":\"ImageObject\",\"inLanguage\":\"en-US\",\"@id\":\"https:\/\/idakorea.ee\/#\/schema\/logo\/image\/\",\"url\":\"https:\/\/idakorea.ee\/wp-content\/uploads\/2024\/05\/cropped-korea3.png\",\"contentUrl\":\"https:\/\/idakorea.ee\/wp-content\/uploads\/2024\/05\/cropped-korea3.png\",\"width\":688,\"height\":126,\"caption\":\"IDA.KOREA\"},\"image\":{\"@id\":\"https:\/\/idakorea.ee\/#\/schema\/logo\/image\/\"},\"sameAs\":[\"https:\/\/www.instagram.com\/ida.korea\/\"]}]}<\/script>\n<!-- \/ Yoast SEO plugin. -->","yoast_head_json":{"title":"VT Cosmetics Reedle Shot Vita-light Eye Cream, 15ml - IDA.KOREA","description":"Silma\u00fcmbruskreem toniseerib ja pinguldab, v\u00e4hendab pigmendilaikude ja eba\u00fchtlase nahatooni n\u00e4htavust ning leevendab tumedaid silmaaluseid. Kiire tarne!","robots":{"index":"index","follow":"follow","max-snippet":"max-snippet:-1","max-image-preview":"max-image-preview:large","max-video-preview":"max-video-preview:-1"},"canonical":"https:\/\/idakorea.ee\/en\/product\/vt-cosmetics-reedle-shot-vita-light-eye-cream-15ml\/","og_locale":"en_US","og_type":"article","og_title":"VT Cosmetics Reedle Shot Vita-light Eye Cream, 15ml - IDA.KOREA","og_description":"Silma\u00fcmbruskreem toniseerib ja pinguldab, v\u00e4hendab pigmendilaikude ja eba\u00fchtlase nahatooni n\u00e4htavust ning leevendab tumedaid silmaaluseid. Kiire tarne!","og_url":"https:\/\/idakorea.ee\/en\/product\/vt-cosmetics-reedle-shot-vita-light-eye-cream-15ml\/","og_site_name":"IDA.KOREA","og_image":[{"width":1000,"height":1000,"url":"https:\/\/idakorea.ee\/wp-content\/uploads\/2026\/04\/VT-Cosmetics_-Reedle-Shot-Vita_light-Eye-Cream-idakorea.jpg","type":"image\/jpeg"}],"twitter_card":"summary_large_image","twitter_misc":{"Est. reading time":"2 minutes"},"schema":{"@context":"https:\/\/schema.org","@graph":[{"@type":"WebPage","@id":"https:\/\/idakorea.ee\/product\/vt-cosmetics-reedle-shot-vita-light-eye-cream-15ml\/","url":"https:\/\/idakorea.ee\/product\/vt-cosmetics-reedle-shot-vita-light-eye-cream-15ml\/","name":"VT Cosmetics Reedle Shot Vita-light Eye Cream, 15ml - IDA.KOREA","isPartOf":{"@id":"https:\/\/idakorea.ee\/#website"},"primaryImageOfPage":{"@id":"https:\/\/idakorea.ee\/product\/vt-cosmetics-reedle-shot-vita-light-eye-cream-15ml\/#primaryimage"},"image":{"@id":"https:\/\/idakorea.ee\/product\/vt-cosmetics-reedle-shot-vita-light-eye-cream-15ml\/#primaryimage"},"thumbnailUrl":"https:\/\/idakorea.ee\/wp-content\/uploads\/2026\/04\/VT-Cosmetics_-Reedle-Shot-Vita_light-Eye-Cream-idakorea.jpg","datePublished":"2026-04-29T09:08:01+00:00","description":"Silma\u00fcmbruskreem toniseerib ja pinguldab, v\u00e4hendab pigmendilaikude ja eba\u00fchtlase nahatooni n\u00e4htavust ning leevendab tumedaid silmaaluseid. Kiire tarne!","breadcrumb":{"@id":"https:\/\/idakorea.ee\/product\/vt-cosmetics-reedle-shot-vita-light-eye-cream-15ml\/#breadcrumb"},"inLanguage":"en-US","potentialAction":[{"@type":"ReadAction","target":["https:\/\/idakorea.ee\/product\/vt-cosmetics-reedle-shot-vita-light-eye-cream-15ml\/"]}]},{"@type":"ImageObject","inLanguage":"en-US","@id":"https:\/\/idakorea.ee\/product\/vt-cosmetics-reedle-shot-vita-light-eye-cream-15ml\/#primaryimage","url":"https:\/\/idakorea.ee\/wp-content\/uploads\/2026\/04\/VT-Cosmetics_-Reedle-Shot-Vita_light-Eye-Cream-idakorea.jpg","contentUrl":"https:\/\/idakorea.ee\/wp-content\/uploads\/2026\/04\/VT-Cosmetics_-Reedle-Shot-Vita_light-Eye-Cream-idakorea.jpg","width":1000,"height":1000},{"@type":"BreadcrumbList","@id":"https:\/\/idakorea.ee\/product\/vt-cosmetics-reedle-shot-vita-light-eye-cream-15ml\/#breadcrumb","itemListElement":[{"@type":"ListItem","position":1,"name":"\u0413\u043b\u0430\u0432\u043d\u0430\u044f \u0441\u0442\u0440\u0430\u043d\u0438\u0446\u0430","item":"https:\/\/idakorea.ee\/"},{"@type":"ListItem","position":2,"name":"Shop","item":"https:\/\/idakorea.ee\/shop-2\/"},{"@type":"ListItem","position":3,"name":"Silma\u00fcmbruskreem VT Cosmetics Reedle Shot Vita-light Eye Cream, 15ml"}]},{"@type":"WebSite","@id":"https:\/\/idakorea.ee\/#website","url":"https:\/\/idakorea.ee\/","name":"IDA.KOREA","description":"Korean cosmetics e-shop","publisher":{"@id":"https:\/\/idakorea.ee\/#organization"},"alternateName":"Beauty Shop","potentialAction":[{"@type":"SearchAction","target":{"@type":"EntryPoint","urlTemplate":"https:\/\/idakorea.ee\/?s={search_term_string}"},"query-input":{"@type":"PropertyValueSpecification","valueRequired":true,"valueName":"search_term_string"}}],"inLanguage":"en-US"},{"@type":"Organization","@id":"https:\/\/idakorea.ee\/#organization","name":"IDA.KOREA","url":"https:\/\/idakorea.ee\/","logo":{"@type":"ImageObject","inLanguage":"en-US","@id":"https:\/\/idakorea.ee\/#\/schema\/logo\/image\/","url":"https:\/\/idakorea.ee\/wp-content\/uploads\/2024\/05\/cropped-korea3.png","contentUrl":"https:\/\/idakorea.ee\/wp-content\/uploads\/2024\/05\/cropped-korea3.png","width":688,"height":126,"caption":"IDA.KOREA"},"image":{"@id":"https:\/\/idakorea.ee\/#\/schema\/logo\/image\/"},"sameAs":["https:\/\/www.instagram.com\/ida.korea\/"]}]}},"jetpack_sharing_enabled":true,"brands":[{"id":493,"name":"VT COSMETICS","slug":"vt"}],"_links":{"self":[{"href":"https:\/\/idakorea.ee\/en\/wp-json\/wp\/v2\/product\/18569","targetHints":{"allow":["GET"]}}],"collection":[{"href":"https:\/\/idakorea.ee\/en\/wp-json\/wp\/v2\/product"}],"about":[{"href":"https:\/\/idakorea.ee\/en\/wp-json\/wp\/v2\/types\/product"}],"replies":[{"embeddable":true,"href":"https:\/\/idakorea.ee\/en\/wp-json\/wp\/v2\/comments?post=18569"}],"version-history":[{"count":1,"href":"https:\/\/idakorea.ee\/en\/wp-json\/wp\/v2\/product\/18569\/revisions"}],"predecessor-version":[{"id":18573,"href":"https:\/\/idakorea.ee\/en\/wp-json\/wp\/v2\/product\/18569\/revisions\/18573"}],"wp:featuredmedia":[{"embeddable":true,"href":"https:\/\/idakorea.ee\/en\/wp-json\/wp\/v2\/media\/18570"}],"wp:attachment":[{"href":"https:\/\/idakorea.ee\/en\/wp-json\/wp\/v2\/media?parent=18569"}],"wp:term":[{"taxonomy":"pwb-brand","embeddable":true,"href":"https:\/\/idakorea.ee\/en\/wp-json\/wp\/v2\/pwb-brand?post=18569"},{"taxonomy":"product_brand","embeddable":true,"href":"https:\/\/idakorea.ee\/en\/wp-json\/wp\/v2\/product_brand?post=18569"},{"taxonomy":"product_cat","embeddable":true,"href":"https:\/\/idakorea.ee\/en\/wp-json\/wp\/v2\/product_cat?post=18569"},{"taxonomy":"product_tag","embeddable":true,"href":"https:\/\/idakorea.ee\/en\/wp-json\/wp\/v2\/product_tag?post=18569"}],"curies":[{"name":"wp","href":"https:\/\/api.w.org\/{rel}","templated":true}]}}