{"id":18603,"date":"2026-05-04T12:25:10","date_gmt":"2026-05-04T10:25:10","guid":{"rendered":"https:\/\/idakorea.ee\/?post_type=product&#038;p=18603"},"modified":"2026-05-09T20:55:42","modified_gmt":"2026-05-09T18:55:42","slug":"bb-lab-low-molecular-collagen-s-30-tk","status":"publish","type":"product","link":"https:\/\/idakorea.ee\/en\/product\/bb-lab-low-molecular-collagen-s-30-tk\/","title":{"rendered":"BB LAB Low Molecular Collagen S, 30 pcs"},"content":{"rendered":"<p><strong>BB LAB<\/strong> <strong>Low Molecular Collagen S<\/strong> is a convenient collagen powder supplement designed to support inner beauty and overall connective tissue health. Each stick contains 1200 mg of low molecular weight fish-sourced collagen, which is highly absorbable and helps support the strength and elasticity of skin, ligaments and bones. It is an easy daily choice for those looking to maintain a firmer, smoother complexion while supporting the body&#039;s structural well-being from within.<\/p>\n<p>What makes this formula special is BB LAB&#039;s exclusive <strong>SF3X-7 mixture<\/strong> \u2013 a nutrient-rich complex containing seven carefully selected ingredients: L-arginine, L-glutamic acid, red grape concentrate powder, haematococcus extract powder, star anise powder, ginger powder and aloe vera. These ingredients complement collagen intake, supporting overall vitality and beauty-oriented nutrition. The supplement is also enriched with 30 mg of vitamin C (from the UK), which provides antioxidant protection, helps maintain the normal function of the immune system and plays an important role in collagen formation.<\/p>\n<p>BB LAB Low Molecular Collagen S comes in a silky, melt-in-your-mouth powder that is easy to take without water, making it perfect for busy days or when traveling. The product has a pleasant sweet and sour \u201eseven berries\u201d flavor that makes daily use enjoyable. Each box contains 30 sticks (2g each). Take one stick per day to support moisturized, resilient-looking skin and a healthier connective tissue foundation.<\/p>\n<p><strong>Composition:<\/strong> low molecular weight fish collagen, isomalt, anhydrous dextrose, glycine, seven berry concentrate {blueberry concentrate (Germany), blackcurrant concentrate (Germany)}, DL-malic acid, beetroot red, blend 1 (blueberry flavor powder \/ sugar powder, flavor), L-ascorbic acid, mixed fruit and vegetable concentrate powder {mixed tropical fruit concentrate (Israel)}, L-proline, anhydrous citric acid, blend 2 (strawberry flavor cotton \/ dextrin, lactose, flavor, pectin, propylene glycol), enzymatically processed stevia, silica, elastin hydrolysate powder (USA), BB LAB complex (SF3X-7), nicotinamide, hyaluronic acid blend (dextrin, hyaluronic acid), honeysuckle fruit extract powder, <em>Dendropanax morbiferus<\/em>\u2019&#039;e concentrate powder, sucralose (sweetener), vitamin A blend (glucose syrup powder, corn starch, gum arabic, dry-formulated vitamin A, dl-\u03b1-tocopherol), other processed agricultural products (DracoBelle\u2122 Nu), 17 types of mixed lactic acid bacteria, dried yeast.<br \/>\nContains milk and soy.<\/p>\n<p><strong>Usage:<\/strong> Take one stick once a day separately or mix into a drink.<\/p>\n<p>2g \u00d7 30 sticks<\/p>","protected":false},"excerpt":{"rendered":"<p>BB LAB Low Molecular Collagen S is a convenient collagen powder supplement designed to support inner beauty and overall connective tissue health. Each stick contains 1200 mg of low molecular weight fish-sourced collagen, which is highly absorbable and helps support the strength and elasticity of skin, ligaments and bones. It is an easy daily choice for those looking to maintain a firmer, smoother\u2026<\/p>","protected":false},"featured_media":18606,"comment_status":"open","ping_status":"closed","template":"","meta":{"_uf_show_specific_survey":0,"_uf_disable_surveys":false,"_bst_post_transparent":"default","_bst_post_title":"","_bst_post_layout":"default","_bst_post_sidebar_id":"","_bst_post_content_style":"default","_bst_post_vertical_padding":"default","_bst_post_feature":"","_bst_post_feature_position":"","_bst_post_header":false,"_bst_post_footer":false},"pwb-brand":[1159],"product_brand":[],"product_cat":[370],"product_tag":[517,568,1160],"class_list":{"0":"post-18603","1":"product","2":"type-product","3":"status-publish","4":"has-post-thumbnail","6":"pwb-brand-bb-lab","7":"product_cat-toidulisandid","8":"product_tag-collagen","9":"product_tag-korea","10":"product_tag-premum","12":"first","13":"instock","14":"sale","15":"shipping-taxable","16":"purchasable","17":"product-type-simple","18":"entry","19":"content-bg","20":"loop-entry"},"supplier_id":null,"supplier_sku":"","barcode":null,"atum_controlled":true,"out_stock_date":null,"out_stock_threshold":null,"inheritable":false,"inbound_stock":null,"stock_on_hold":1,"sold_today":0,"sales_last_days":1,"out_stock_days":0,"lost_sales":0,"has_location":false,"update_date":"2026-05-10T00:17:57","atum_locations":[],"atum_stock_status":"instock","restock_status":false,"low_stock_amount":"","sales_update_date":"2026-05-10T00:17:57","calc_backorders":null,"yoast_head":"<!-- This site is optimized with the Yoast SEO plugin v27.2 - https:\/\/yoast.com\/product\/yoast-seo-wordpress\/ -->\n<title>BB LAB Low Molecular Collagen S, 30 tk - IDA.KOREA<\/title>\n<meta name=\"description\" content=\"Toidulisand, mis on loodud toetama sisemist ilu ja sidekoe \u00fcldist tervist. Iga pulk sisaldab 1200 mg v\u00e4ikese molekulmassiga kalaallikatest p\u00e4rit kollageeni.\" \/>\n<meta name=\"robots\" content=\"index, follow, max-snippet:-1, max-image-preview:large, max-video-preview:-1\" \/>\n<link rel=\"canonical\" href=\"https:\/\/idakorea.ee\/en\/product\/bb-lab-low-molecular-collagen-s-30-tk\/\" \/>\n<meta property=\"og:locale\" content=\"en_US\" \/>\n<meta property=\"og:type\" content=\"article\" \/>\n<meta property=\"og:title\" content=\"BB LAB Low Molecular Collagen S, 30 tk - IDA.KOREA\" \/>\n<meta property=\"og:description\" content=\"Toidulisand, mis on loodud toetama sisemist ilu ja sidekoe \u00fcldist tervist. Iga pulk sisaldab 1200 mg v\u00e4ikese molekulmassiga kalaallikatest p\u00e4rit kollageeni.\" \/>\n<meta property=\"og:url\" content=\"https:\/\/idakorea.ee\/en\/product\/bb-lab-low-molecular-collagen-s-30-tk\/\" \/>\n<meta property=\"og:site_name\" content=\"IDA.KOREA\" \/>\n<meta property=\"article:modified_time\" content=\"2026-05-09T18:55:42+00:00\" \/>\n<meta property=\"og:image\" content=\"https:\/\/idakorea.ee\/wp-content\/uploads\/2026\/05\/bb-lab-intensive-low-molecular-collagen-idakorea.png\" \/>\n\t<meta property=\"og:image:width\" content=\"1000\" \/>\n\t<meta property=\"og:image:height\" content=\"1000\" \/>\n\t<meta property=\"og:image:type\" content=\"image\/png\" \/>\n<meta name=\"twitter:card\" content=\"summary_large_image\" \/>\n<meta name=\"twitter:label1\" content=\"Est. reading time\" \/>\n\t<meta name=\"twitter:data1\" content=\"2 minutes\" \/>\n<script type=\"application\/ld+json\" class=\"yoast-schema-graph\">{\"@context\":\"https:\/\/schema.org\",\"@graph\":[{\"@type\":\"WebPage\",\"@id\":\"https:\/\/idakorea.ee\/product\/bb-lab-low-molecular-collagen-s-30-tk\/\",\"url\":\"https:\/\/idakorea.ee\/product\/bb-lab-low-molecular-collagen-s-30-tk\/\",\"name\":\"BB LAB Low Molecular Collagen S, 30 tk - IDA.KOREA\",\"isPartOf\":{\"@id\":\"https:\/\/idakorea.ee\/#website\"},\"primaryImageOfPage\":{\"@id\":\"https:\/\/idakorea.ee\/product\/bb-lab-low-molecular-collagen-s-30-tk\/#primaryimage\"},\"image\":{\"@id\":\"https:\/\/idakorea.ee\/product\/bb-lab-low-molecular-collagen-s-30-tk\/#primaryimage\"},\"thumbnailUrl\":\"https:\/\/idakorea.ee\/wp-content\/uploads\/2026\/05\/bb-lab-intensive-low-molecular-collagen-idakorea.png\",\"datePublished\":\"2026-05-04T10:25:10+00:00\",\"dateModified\":\"2026-05-09T18:55:42+00:00\",\"description\":\"Toidulisand, mis on loodud toetama sisemist ilu ja sidekoe \u00fcldist tervist. Iga pulk sisaldab 1200 mg v\u00e4ikese molekulmassiga kalaallikatest p\u00e4rit kollageeni.\",\"breadcrumb\":{\"@id\":\"https:\/\/idakorea.ee\/product\/bb-lab-low-molecular-collagen-s-30-tk\/#breadcrumb\"},\"inLanguage\":\"en-US\",\"potentialAction\":[{\"@type\":\"ReadAction\",\"target\":[\"https:\/\/idakorea.ee\/product\/bb-lab-low-molecular-collagen-s-30-tk\/\"]}]},{\"@type\":\"ImageObject\",\"inLanguage\":\"en-US\",\"@id\":\"https:\/\/idakorea.ee\/product\/bb-lab-low-molecular-collagen-s-30-tk\/#primaryimage\",\"url\":\"https:\/\/idakorea.ee\/wp-content\/uploads\/2026\/05\/bb-lab-intensive-low-molecular-collagen-idakorea.png\",\"contentUrl\":\"https:\/\/idakorea.ee\/wp-content\/uploads\/2026\/05\/bb-lab-intensive-low-molecular-collagen-idakorea.png\",\"width\":1000,\"height\":1000},{\"@type\":\"BreadcrumbList\",\"@id\":\"https:\/\/idakorea.ee\/product\/bb-lab-low-molecular-collagen-s-30-tk\/#breadcrumb\",\"itemListElement\":[{\"@type\":\"ListItem\",\"position\":1,\"name\":\"\u0413\u043b\u0430\u0432\u043d\u0430\u044f \u0441\u0442\u0440\u0430\u043d\u0438\u0446\u0430\",\"item\":\"https:\/\/idakorea.ee\/\"},{\"@type\":\"ListItem\",\"position\":2,\"name\":\"Shop\",\"item\":\"https:\/\/idakorea.ee\/shop-2\/\"},{\"@type\":\"ListItem\",\"position\":3,\"name\":\"BB LAB Low Molecular Collagen S, 30 tk\"}]},{\"@type\":\"WebSite\",\"@id\":\"https:\/\/idakorea.ee\/#website\",\"url\":\"https:\/\/idakorea.ee\/\",\"name\":\"IDA.KOREA\",\"description\":\"Korea kosmeetika e-pood\",\"publisher\":{\"@id\":\"https:\/\/idakorea.ee\/#organization\"},\"alternateName\":\"Beauty Shop\",\"potentialAction\":[{\"@type\":\"SearchAction\",\"target\":{\"@type\":\"EntryPoint\",\"urlTemplate\":\"https:\/\/idakorea.ee\/?s={search_term_string}\"},\"query-input\":{\"@type\":\"PropertyValueSpecification\",\"valueRequired\":true,\"valueName\":\"search_term_string\"}}],\"inLanguage\":\"en-US\"},{\"@type\":\"Organization\",\"@id\":\"https:\/\/idakorea.ee\/#organization\",\"name\":\"IDA.KOREA\",\"url\":\"https:\/\/idakorea.ee\/\",\"logo\":{\"@type\":\"ImageObject\",\"inLanguage\":\"en-US\",\"@id\":\"https:\/\/idakorea.ee\/#\/schema\/logo\/image\/\",\"url\":\"https:\/\/idakorea.ee\/wp-content\/uploads\/2024\/05\/cropped-korea3.png\",\"contentUrl\":\"https:\/\/idakorea.ee\/wp-content\/uploads\/2024\/05\/cropped-korea3.png\",\"width\":688,\"height\":126,\"caption\":\"IDA.KOREA\"},\"image\":{\"@id\":\"https:\/\/idakorea.ee\/#\/schema\/logo\/image\/\"},\"sameAs\":[\"https:\/\/www.instagram.com\/ida.korea\/\"]}]}<\/script>\n<!-- \/ Yoast SEO plugin. -->","yoast_head_json":{"title":"BB LAB Low Molecular Collagen S, 30 pcs - IDA.KOREA","description":"A dietary supplement designed to support inner beauty and overall connective tissue health. Each stick contains 1200 mg of low molecular weight fish-sourced collagen.","robots":{"index":"index","follow":"follow","max-snippet":"max-snippet:-1","max-image-preview":"max-image-preview:large","max-video-preview":"max-video-preview:-1"},"canonical":"https:\/\/idakorea.ee\/en\/product\/bb-lab-low-molecular-collagen-s-30-tk\/","og_locale":"en_US","og_type":"article","og_title":"BB LAB Low Molecular Collagen S, 30 tk - IDA.KOREA","og_description":"Toidulisand, mis on loodud toetama sisemist ilu ja sidekoe \u00fcldist tervist. Iga pulk sisaldab 1200 mg v\u00e4ikese molekulmassiga kalaallikatest p\u00e4rit kollageeni.","og_url":"https:\/\/idakorea.ee\/en\/product\/bb-lab-low-molecular-collagen-s-30-tk\/","og_site_name":"IDA.KOREA","article_modified_time":"2026-05-09T18:55:42+00:00","og_image":[{"width":1000,"height":1000,"url":"https:\/\/idakorea.ee\/wp-content\/uploads\/2026\/05\/bb-lab-intensive-low-molecular-collagen-idakorea.png","type":"image\/png"}],"twitter_card":"summary_large_image","twitter_misc":{"Est. reading time":"2 minutes"},"schema":{"@context":"https:\/\/schema.org","@graph":[{"@type":"WebPage","@id":"https:\/\/idakorea.ee\/product\/bb-lab-low-molecular-collagen-s-30-tk\/","url":"https:\/\/idakorea.ee\/product\/bb-lab-low-molecular-collagen-s-30-tk\/","name":"BB LAB Low Molecular Collagen S, 30 pcs - IDA.KOREA","isPartOf":{"@id":"https:\/\/idakorea.ee\/#website"},"primaryImageOfPage":{"@id":"https:\/\/idakorea.ee\/product\/bb-lab-low-molecular-collagen-s-30-tk\/#primaryimage"},"image":{"@id":"https:\/\/idakorea.ee\/product\/bb-lab-low-molecular-collagen-s-30-tk\/#primaryimage"},"thumbnailUrl":"https:\/\/idakorea.ee\/wp-content\/uploads\/2026\/05\/bb-lab-intensive-low-molecular-collagen-idakorea.png","datePublished":"2026-05-04T10:25:10+00:00","dateModified":"2026-05-09T18:55:42+00:00","description":"A dietary supplement designed to support inner beauty and overall connective tissue health. Each stick contains 1200 mg of low molecular weight fish-sourced collagen.","breadcrumb":{"@id":"https:\/\/idakorea.ee\/product\/bb-lab-low-molecular-collagen-s-30-tk\/#breadcrumb"},"inLanguage":"en-US","potentialAction":[{"@type":"ReadAction","target":["https:\/\/idakorea.ee\/product\/bb-lab-low-molecular-collagen-s-30-tk\/"]}]},{"@type":"ImageObject","inLanguage":"en-US","@id":"https:\/\/idakorea.ee\/product\/bb-lab-low-molecular-collagen-s-30-tk\/#primaryimage","url":"https:\/\/idakorea.ee\/wp-content\/uploads\/2026\/05\/bb-lab-intensive-low-molecular-collagen-idakorea.png","contentUrl":"https:\/\/idakorea.ee\/wp-content\/uploads\/2026\/05\/bb-lab-intensive-low-molecular-collagen-idakorea.png","width":1000,"height":1000},{"@type":"BreadcrumbList","@id":"https:\/\/idakorea.ee\/product\/bb-lab-low-molecular-collagen-s-30-tk\/#breadcrumb","itemListElement":[{"@type":"ListItem","position":1,"name":"\u0413\u043b\u0430\u0432\u043d\u0430\u044f \u0441\u0442\u0440\u0430\u043d\u0438\u0446\u0430","item":"https:\/\/idakorea.ee\/"},{"@type":"ListItem","position":2,"name":"Shop","item":"https:\/\/idakorea.ee\/shop-2\/"},{"@type":"ListItem","position":3,"name":"BB LAB Low Molecular Collagen S, 30 tk"}]},{"@type":"WebSite","@id":"https:\/\/idakorea.ee\/#website","url":"https:\/\/idakorea.ee\/","name":"IDA.KOREA","description":"Korean cosmetics e-shop","publisher":{"@id":"https:\/\/idakorea.ee\/#organization"},"alternateName":"Beauty Shop","potentialAction":[{"@type":"SearchAction","target":{"@type":"EntryPoint","urlTemplate":"https:\/\/idakorea.ee\/?s={search_term_string}"},"query-input":{"@type":"PropertyValueSpecification","valueRequired":true,"valueName":"search_term_string"}}],"inLanguage":"en-US"},{"@type":"Organization","@id":"https:\/\/idakorea.ee\/#organization","name":"IDA.KOREA","url":"https:\/\/idakorea.ee\/","logo":{"@type":"ImageObject","inLanguage":"en-US","@id":"https:\/\/idakorea.ee\/#\/schema\/logo\/image\/","url":"https:\/\/idakorea.ee\/wp-content\/uploads\/2024\/05\/cropped-korea3.png","contentUrl":"https:\/\/idakorea.ee\/wp-content\/uploads\/2024\/05\/cropped-korea3.png","width":688,"height":126,"caption":"IDA.KOREA"},"image":{"@id":"https:\/\/idakorea.ee\/#\/schema\/logo\/image\/"},"sameAs":["https:\/\/www.instagram.com\/ida.korea\/"]}]}},"jetpack_sharing_enabled":true,"brands":[{"id":1159,"name":"BB LAB","slug":"bb-lab"}],"_links":{"self":[{"href":"https:\/\/idakorea.ee\/en\/wp-json\/wp\/v2\/product\/18603","targetHints":{"allow":["GET"]}}],"collection":[{"href":"https:\/\/idakorea.ee\/en\/wp-json\/wp\/v2\/product"}],"about":[{"href":"https:\/\/idakorea.ee\/en\/wp-json\/wp\/v2\/types\/product"}],"replies":[{"embeddable":true,"href":"https:\/\/idakorea.ee\/en\/wp-json\/wp\/v2\/comments?post=18603"}],"version-history":[{"count":1,"href":"https:\/\/idakorea.ee\/en\/wp-json\/wp\/v2\/product\/18603\/revisions"}],"predecessor-version":[{"id":18608,"href":"https:\/\/idakorea.ee\/en\/wp-json\/wp\/v2\/product\/18603\/revisions\/18608"}],"wp:featuredmedia":[{"embeddable":true,"href":"https:\/\/idakorea.ee\/en\/wp-json\/wp\/v2\/media\/18606"}],"wp:attachment":[{"href":"https:\/\/idakorea.ee\/en\/wp-json\/wp\/v2\/media?parent=18603"}],"wp:term":[{"taxonomy":"pwb-brand","embeddable":true,"href":"https:\/\/idakorea.ee\/en\/wp-json\/wp\/v2\/pwb-brand?post=18603"},{"taxonomy":"product_brand","embeddable":true,"href":"https:\/\/idakorea.ee\/en\/wp-json\/wp\/v2\/product_brand?post=18603"},{"taxonomy":"product_cat","embeddable":true,"href":"https:\/\/idakorea.ee\/en\/wp-json\/wp\/v2\/product_cat?post=18603"},{"taxonomy":"product_tag","embeddable":true,"href":"https:\/\/idakorea.ee\/en\/wp-json\/wp\/v2\/product_tag?post=18603"}],"curies":[{"name":"wp","href":"https:\/\/api.w.org\/{rel}","templated":true}]}}