{"id":18645,"date":"2026-05-08T14:16:51","date_gmt":"2026-05-08T12:16:51","guid":{"rendered":"https:\/\/idakorea.ee\/?post_type=product&#038;p=18645"},"modified":"2026-05-08T14:19:15","modified_gmt":"2026-05-08T12:19:15","slug":"bioheal-boh-panthecell-repair-cica-cream-mist-120ml","status":"publish","type":"product","link":"https:\/\/idakorea.ee\/en\/product\/bioheal-boh-panthecell-repair-cica-cream-mist-120ml\/","title":{"rendered":"Two-phase face spray with panthenol BIOHEAL BOH Panthecell Repair Cica Cream Mist, 120ml"},"content":{"rendered":"<p>Bi-phase facial spray with panthenol <strong>BIOHEAL BOH Panthecell Repair Cica Cream Mist<\/strong> strengthens the skin&#039;s natural protective barrier, reduces irritation and redness, and lowers sensitivity to external irritants. Nourishes the skin, relieves dryness and tightness, and softens rough areas.<\/p>\n<p>Liposomal transport technology Bio Oliosome Tech helps active ingredients penetrate deeper and be better absorbed, increasing the effectiveness of the product. A complex of 12 peptides stimulates epidermal cell renewal, evens out skin texture and increases its density, firmness and elasticity.<\/p>\n<p><strong>Main active ingredients:<\/strong><\/p>\n<ul>\n<li><strong>Asian water navel extract (10%)<\/strong> has anti-inflammatory and wound healing effects, it helps restore the protective barrier and reduces sensitivity.<\/li>\n<li><strong>Panthenol (vitamin B5, 1%)<\/strong> restores the integrity of the stratum corneum, optimizes barrier functions, accelerates the healing of microdamages, and relieves redness and irritation.<\/li>\n<li><strong>Copper tripeptide<\/strong> increases collagen and elastin synthesis, improves skin strength and has a strengthening, anti-inflammatory and antioxidant effect, accelerating the regeneration of epidermal cells.<\/li>\n<li><strong>Nonapeptide<\/strong>, which consists of 7 amino acids, inhibits the synthesis of tyrosinase, an enzyme that promotes the transport of melanin into cells, and helps prevent the formation of age spots.<\/li>\n<li><strong>Palmitoyl pentapeptide-4<\/strong> is a well-studied anti-aging peptide consisting of 5 amino acids that stimulates the renewal and regeneration processes of epidermal cells. It is not inferior in effectiveness to retinol, but does not cause irritation.<\/li>\n<li><strong>Tocopherol (vitamin E)<\/strong> Stimulates epidermal cell renewal, improves tissue tone, reduces the depth of wrinkles and fine lines caused by dehydration, helps maintain optimal moisture balance, evens out the complexion and gives radiance.<\/li>\n<li><strong>Sofolians (Candida Bombicola ferment)<\/strong> It has antibacterial properties and prevents the growth of specific bacteria that cause acne, significantly reducing sebum production.<\/li>\n<\/ul>\n<p>&nbsp;<\/p>\n<p>Suitable for normal, dry and sensitive skin.<\/p>\n<p><strong>Usage:<\/strong> Shake to mix the two textures and spray onto face from a distance of 20-30 cm. Can be used instead of toner during the toning stage and also for extra hydration during the day.<\/p>","protected":false},"excerpt":{"rendered":"<p>BIOHEAL BOH Panthecell Repair Cica Cream Mist, a two-phase panthenol facial spray, strengthens the skin&#039;s natural protective barrier, reduces irritation and redness, and lowers sensitivity to external irritants. Nourishes the skin, relieves dryness and tightness, and softens rough areas. Liposomal transport technology Bio Oliosome Tech helps active ingredients penetrate deeper and be better absorbed, increasing the effectiveness of the product. A complex of 12 peptides stimulates the epidermis\u2026<\/p>","protected":false},"featured_media":18648,"comment_status":"open","ping_status":"closed","template":"","meta":{"_uf_show_specific_survey":0,"_uf_disable_surveys":false,"_bst_post_transparent":"default","_bst_post_title":"","_bst_post_layout":"default","_bst_post_sidebar_id":"","_bst_post_content_style":"default","_bst_post_vertical_padding":"default","_bst_post_feature":"","_bst_post_feature_position":"","_bst_post_header":false,"_bst_post_footer":false},"pwb-brand":[479],"product_brand":[],"product_cat":[92,158],"product_tag":[734,568,928],"class_list":{"0":"post-18645","1":"product","2":"type-product","3":"status-publish","4":"has-post-thumbnail","6":"pwb-brand-bioheal-boh","7":"product_cat-nagu","8":"product_cat-toonik","9":"product_tag-cream","10":"product_tag-korea","11":"product_tag-mist","13":"first","14":"instock","15":"sale","16":"shipping-taxable","17":"purchasable","18":"product-type-simple","19":"entry","20":"content-bg","21":"loop-entry"},"supplier_id":null,"supplier_sku":"","barcode":null,"atum_controlled":true,"out_stock_date":null,"out_stock_threshold":null,"inheritable":false,"inbound_stock":null,"stock_on_hold":0,"sold_today":0,"sales_last_days":0,"out_stock_days":0,"lost_sales":0,"has_location":false,"update_date":"2026-05-10T00:17:55","atum_locations":[],"atum_stock_status":"instock","restock_status":false,"low_stock_amount":"","sales_update_date":"2026-05-10T00:17:55","calc_backorders":null,"yoast_head":"<!-- This site is optimized with the Yoast SEO plugin v27.2 - https:\/\/yoast.com\/product\/yoast-seo-wordpress\/ -->\n<title>BIOHEAL BOH Panthecell Repair Cica Cream Mist - IDA.KOREA<\/title>\n<meta name=\"description\" content=\"Kahefaasiline pantenooliga n\u00e4osprei tugevdab naha loomulikku kaitsebarj\u00e4\u00e4ri, v\u00e4hendab \u00e4rritust ja punetust, alandab tundlikkust v\u00e4liste \u00e4rritajate suhtes.\" \/>\n<meta name=\"robots\" content=\"index, follow, max-snippet:-1, max-image-preview:large, max-video-preview:-1\" \/>\n<link rel=\"canonical\" href=\"https:\/\/idakorea.ee\/en\/product\/bioheal-boh-panthecell-repair-cica-cream-mist-120ml\/\" \/>\n<meta property=\"og:locale\" content=\"en_US\" \/>\n<meta property=\"og:type\" content=\"article\" \/>\n<meta property=\"og:title\" content=\"BIOHEAL BOH Panthecell Repair Cica Cream Mist - IDA.KOREA\" \/>\n<meta property=\"og:description\" content=\"Kahefaasiline pantenooliga n\u00e4osprei tugevdab naha loomulikku kaitsebarj\u00e4\u00e4ri, v\u00e4hendab \u00e4rritust ja punetust, alandab tundlikkust v\u00e4liste \u00e4rritajate suhtes.\" \/>\n<meta property=\"og:url\" content=\"https:\/\/idakorea.ee\/en\/product\/bioheal-boh-panthecell-repair-cica-cream-mist-120ml\/\" \/>\n<meta property=\"og:site_name\" content=\"IDA.KOREA\" \/>\n<meta property=\"article:modified_time\" content=\"2026-05-08T12:19:15+00:00\" \/>\n<meta property=\"og:image\" content=\"https:\/\/idakorea.ee\/wp-content\/uploads\/2026\/05\/Bioheal-BOH-Panthecell-Repair-Cica-Cream-Mist-idakorea.jpg\" \/>\n\t<meta property=\"og:image:width\" content=\"1000\" \/>\n\t<meta property=\"og:image:height\" content=\"1000\" \/>\n\t<meta property=\"og:image:type\" content=\"image\/jpeg\" \/>\n<meta name=\"twitter:card\" content=\"summary_large_image\" \/>\n<meta name=\"twitter:label1\" content=\"Est. reading time\" \/>\n\t<meta name=\"twitter:data1\" content=\"2 minutes\" \/>\n<script type=\"application\/ld+json\" class=\"yoast-schema-graph\">{\"@context\":\"https:\/\/schema.org\",\"@graph\":[{\"@type\":\"WebPage\",\"@id\":\"https:\/\/idakorea.ee\/product\/bioheal-boh-panthecell-repair-cica-cream-mist-120ml\/\",\"url\":\"https:\/\/idakorea.ee\/product\/bioheal-boh-panthecell-repair-cica-cream-mist-120ml\/\",\"name\":\"BIOHEAL BOH Panthecell Repair Cica Cream Mist - IDA.KOREA\",\"isPartOf\":{\"@id\":\"https:\/\/idakorea.ee\/#website\"},\"primaryImageOfPage\":{\"@id\":\"https:\/\/idakorea.ee\/product\/bioheal-boh-panthecell-repair-cica-cream-mist-120ml\/#primaryimage\"},\"image\":{\"@id\":\"https:\/\/idakorea.ee\/product\/bioheal-boh-panthecell-repair-cica-cream-mist-120ml\/#primaryimage\"},\"thumbnailUrl\":\"https:\/\/idakorea.ee\/wp-content\/uploads\/2026\/05\/Bioheal-BOH-Panthecell-Repair-Cica-Cream-Mist-idakorea.jpg\",\"datePublished\":\"2026-05-08T12:16:51+00:00\",\"dateModified\":\"2026-05-08T12:19:15+00:00\",\"description\":\"Kahefaasiline pantenooliga n\u00e4osprei tugevdab naha loomulikku kaitsebarj\u00e4\u00e4ri, v\u00e4hendab \u00e4rritust ja punetust, alandab tundlikkust v\u00e4liste \u00e4rritajate suhtes.\",\"breadcrumb\":{\"@id\":\"https:\/\/idakorea.ee\/product\/bioheal-boh-panthecell-repair-cica-cream-mist-120ml\/#breadcrumb\"},\"inLanguage\":\"en-US\",\"potentialAction\":[{\"@type\":\"ReadAction\",\"target\":[\"https:\/\/idakorea.ee\/product\/bioheal-boh-panthecell-repair-cica-cream-mist-120ml\/\"]}]},{\"@type\":\"ImageObject\",\"inLanguage\":\"en-US\",\"@id\":\"https:\/\/idakorea.ee\/product\/bioheal-boh-panthecell-repair-cica-cream-mist-120ml\/#primaryimage\",\"url\":\"https:\/\/idakorea.ee\/wp-content\/uploads\/2026\/05\/Bioheal-BOH-Panthecell-Repair-Cica-Cream-Mist-idakorea.jpg\",\"contentUrl\":\"https:\/\/idakorea.ee\/wp-content\/uploads\/2026\/05\/Bioheal-BOH-Panthecell-Repair-Cica-Cream-Mist-idakorea.jpg\",\"width\":1000,\"height\":1000},{\"@type\":\"BreadcrumbList\",\"@id\":\"https:\/\/idakorea.ee\/product\/bioheal-boh-panthecell-repair-cica-cream-mist-120ml\/#breadcrumb\",\"itemListElement\":[{\"@type\":\"ListItem\",\"position\":1,\"name\":\"\u0413\u043b\u0430\u0432\u043d\u0430\u044f \u0441\u0442\u0440\u0430\u043d\u0438\u0446\u0430\",\"item\":\"https:\/\/idakorea.ee\/\"},{\"@type\":\"ListItem\",\"position\":2,\"name\":\"Shop\",\"item\":\"https:\/\/idakorea.ee\/shop-2\/\"},{\"@type\":\"ListItem\",\"position\":3,\"name\":\"Kahefaasiline pantenooliga n\u00e4osprei BIOHEAL BOH Panthecell Repair Cica Cream Mist, 120ml\"}]},{\"@type\":\"WebSite\",\"@id\":\"https:\/\/idakorea.ee\/#website\",\"url\":\"https:\/\/idakorea.ee\/\",\"name\":\"IDA.KOREA\",\"description\":\"Korea kosmeetika e-pood\",\"publisher\":{\"@id\":\"https:\/\/idakorea.ee\/#organization\"},\"alternateName\":\"Beauty Shop\",\"potentialAction\":[{\"@type\":\"SearchAction\",\"target\":{\"@type\":\"EntryPoint\",\"urlTemplate\":\"https:\/\/idakorea.ee\/?s={search_term_string}\"},\"query-input\":{\"@type\":\"PropertyValueSpecification\",\"valueRequired\":true,\"valueName\":\"search_term_string\"}}],\"inLanguage\":\"en-US\"},{\"@type\":\"Organization\",\"@id\":\"https:\/\/idakorea.ee\/#organization\",\"name\":\"IDA.KOREA\",\"url\":\"https:\/\/idakorea.ee\/\",\"logo\":{\"@type\":\"ImageObject\",\"inLanguage\":\"en-US\",\"@id\":\"https:\/\/idakorea.ee\/#\/schema\/logo\/image\/\",\"url\":\"https:\/\/idakorea.ee\/wp-content\/uploads\/2024\/05\/cropped-korea3.png\",\"contentUrl\":\"https:\/\/idakorea.ee\/wp-content\/uploads\/2024\/05\/cropped-korea3.png\",\"width\":688,\"height\":126,\"caption\":\"IDA.KOREA\"},\"image\":{\"@id\":\"https:\/\/idakorea.ee\/#\/schema\/logo\/image\/\"},\"sameAs\":[\"https:\/\/www.instagram.com\/ida.korea\/\"]}]}<\/script>\n<!-- \/ Yoast SEO plugin. -->","yoast_head_json":{"title":"BIOHEAL BOH Panthecell Repair Cica Cream Mist - IDA.KOREA","description":"Biphasic facial spray with panthenol strengthens the skin&#039;s natural protective barrier, reduces irritation and redness, and lowers sensitivity to external irritants.","robots":{"index":"index","follow":"follow","max-snippet":"max-snippet:-1","max-image-preview":"max-image-preview:large","max-video-preview":"max-video-preview:-1"},"canonical":"https:\/\/idakorea.ee\/en\/product\/bioheal-boh-panthecell-repair-cica-cream-mist-120ml\/","og_locale":"en_US","og_type":"article","og_title":"BIOHEAL BOH Panthecell Repair Cica Cream Mist - IDA.KOREA","og_description":"Kahefaasiline pantenooliga n\u00e4osprei tugevdab naha loomulikku kaitsebarj\u00e4\u00e4ri, v\u00e4hendab \u00e4rritust ja punetust, alandab tundlikkust v\u00e4liste \u00e4rritajate suhtes.","og_url":"https:\/\/idakorea.ee\/en\/product\/bioheal-boh-panthecell-repair-cica-cream-mist-120ml\/","og_site_name":"IDA.KOREA","article_modified_time":"2026-05-08T12:19:15+00:00","og_image":[{"width":1000,"height":1000,"url":"https:\/\/idakorea.ee\/wp-content\/uploads\/2026\/05\/Bioheal-BOH-Panthecell-Repair-Cica-Cream-Mist-idakorea.jpg","type":"image\/jpeg"}],"twitter_card":"summary_large_image","twitter_misc":{"Est. reading time":"2 minutes"},"schema":{"@context":"https:\/\/schema.org","@graph":[{"@type":"WebPage","@id":"https:\/\/idakorea.ee\/product\/bioheal-boh-panthecell-repair-cica-cream-mist-120ml\/","url":"https:\/\/idakorea.ee\/product\/bioheal-boh-panthecell-repair-cica-cream-mist-120ml\/","name":"BIOHEAL BOH Panthecell Repair Cica Cream Mist - IDA.KOREA","isPartOf":{"@id":"https:\/\/idakorea.ee\/#website"},"primaryImageOfPage":{"@id":"https:\/\/idakorea.ee\/product\/bioheal-boh-panthecell-repair-cica-cream-mist-120ml\/#primaryimage"},"image":{"@id":"https:\/\/idakorea.ee\/product\/bioheal-boh-panthecell-repair-cica-cream-mist-120ml\/#primaryimage"},"thumbnailUrl":"https:\/\/idakorea.ee\/wp-content\/uploads\/2026\/05\/Bioheal-BOH-Panthecell-Repair-Cica-Cream-Mist-idakorea.jpg","datePublished":"2026-05-08T12:16:51+00:00","dateModified":"2026-05-08T12:19:15+00:00","description":"Biphasic facial spray with panthenol strengthens the skin&#039;s natural protective barrier, reduces irritation and redness, and lowers sensitivity to external irritants.","breadcrumb":{"@id":"https:\/\/idakorea.ee\/product\/bioheal-boh-panthecell-repair-cica-cream-mist-120ml\/#breadcrumb"},"inLanguage":"en-US","potentialAction":[{"@type":"ReadAction","target":["https:\/\/idakorea.ee\/product\/bioheal-boh-panthecell-repair-cica-cream-mist-120ml\/"]}]},{"@type":"ImageObject","inLanguage":"en-US","@id":"https:\/\/idakorea.ee\/product\/bioheal-boh-panthecell-repair-cica-cream-mist-120ml\/#primaryimage","url":"https:\/\/idakorea.ee\/wp-content\/uploads\/2026\/05\/Bioheal-BOH-Panthecell-Repair-Cica-Cream-Mist-idakorea.jpg","contentUrl":"https:\/\/idakorea.ee\/wp-content\/uploads\/2026\/05\/Bioheal-BOH-Panthecell-Repair-Cica-Cream-Mist-idakorea.jpg","width":1000,"height":1000},{"@type":"BreadcrumbList","@id":"https:\/\/idakorea.ee\/product\/bioheal-boh-panthecell-repair-cica-cream-mist-120ml\/#breadcrumb","itemListElement":[{"@type":"ListItem","position":1,"name":"\u0413\u043b\u0430\u0432\u043d\u0430\u044f \u0441\u0442\u0440\u0430\u043d\u0438\u0446\u0430","item":"https:\/\/idakorea.ee\/"},{"@type":"ListItem","position":2,"name":"Shop","item":"https:\/\/idakorea.ee\/shop-2\/"},{"@type":"ListItem","position":3,"name":"Kahefaasiline pantenooliga n\u00e4osprei BIOHEAL BOH Panthecell Repair Cica Cream Mist, 120ml"}]},{"@type":"WebSite","@id":"https:\/\/idakorea.ee\/#website","url":"https:\/\/idakorea.ee\/","name":"IDA.KOREA","description":"Korean cosmetics e-shop","publisher":{"@id":"https:\/\/idakorea.ee\/#organization"},"alternateName":"Beauty Shop","potentialAction":[{"@type":"SearchAction","target":{"@type":"EntryPoint","urlTemplate":"https:\/\/idakorea.ee\/?s={search_term_string}"},"query-input":{"@type":"PropertyValueSpecification","valueRequired":true,"valueName":"search_term_string"}}],"inLanguage":"en-US"},{"@type":"Organization","@id":"https:\/\/idakorea.ee\/#organization","name":"IDA.KOREA","url":"https:\/\/idakorea.ee\/","logo":{"@type":"ImageObject","inLanguage":"en-US","@id":"https:\/\/idakorea.ee\/#\/schema\/logo\/image\/","url":"https:\/\/idakorea.ee\/wp-content\/uploads\/2024\/05\/cropped-korea3.png","contentUrl":"https:\/\/idakorea.ee\/wp-content\/uploads\/2024\/05\/cropped-korea3.png","width":688,"height":126,"caption":"IDA.KOREA"},"image":{"@id":"https:\/\/idakorea.ee\/#\/schema\/logo\/image\/"},"sameAs":["https:\/\/www.instagram.com\/ida.korea\/"]}]}},"jetpack_sharing_enabled":true,"brands":[{"id":479,"name":"BIOHEAL BOH","slug":"bioheal-boh"}],"_links":{"self":[{"href":"https:\/\/idakorea.ee\/en\/wp-json\/wp\/v2\/product\/18645","targetHints":{"allow":["GET"]}}],"collection":[{"href":"https:\/\/idakorea.ee\/en\/wp-json\/wp\/v2\/product"}],"about":[{"href":"https:\/\/idakorea.ee\/en\/wp-json\/wp\/v2\/types\/product"}],"replies":[{"embeddable":true,"href":"https:\/\/idakorea.ee\/en\/wp-json\/wp\/v2\/comments?post=18645"}],"version-history":[{"count":2,"href":"https:\/\/idakorea.ee\/en\/wp-json\/wp\/v2\/product\/18645\/revisions"}],"predecessor-version":[{"id":18651,"href":"https:\/\/idakorea.ee\/en\/wp-json\/wp\/v2\/product\/18645\/revisions\/18651"}],"wp:featuredmedia":[{"embeddable":true,"href":"https:\/\/idakorea.ee\/en\/wp-json\/wp\/v2\/media\/18648"}],"wp:attachment":[{"href":"https:\/\/idakorea.ee\/en\/wp-json\/wp\/v2\/media?parent=18645"}],"wp:term":[{"taxonomy":"pwb-brand","embeddable":true,"href":"https:\/\/idakorea.ee\/en\/wp-json\/wp\/v2\/pwb-brand?post=18645"},{"taxonomy":"product_brand","embeddable":true,"href":"https:\/\/idakorea.ee\/en\/wp-json\/wp\/v2\/product_brand?post=18645"},{"taxonomy":"product_cat","embeddable":true,"href":"https:\/\/idakorea.ee\/en\/wp-json\/wp\/v2\/product_cat?post=18645"},{"taxonomy":"product_tag","embeddable":true,"href":"https:\/\/idakorea.ee\/en\/wp-json\/wp\/v2\/product_tag?post=18645"}],"curies":[{"name":"wp","href":"https:\/\/api.w.org\/{rel}","templated":true}]}}