{"id":18713,"date":"2026-05-13T08:55:48","date_gmt":"2026-05-13T06:55:48","guid":{"rendered":"https:\/\/idakorea.ee\/?post_type=product&#038;p=18713"},"modified":"2026-05-13T08:55:48","modified_gmt":"2026-05-13T06:55:48","slug":"rahustav-seerumsprei-dalba-white-truffle-vital-spray-serum-100ml","status":"publish","type":"product","link":"https:\/\/idakorea.ee\/en\/product\/rahustav-seerumsprei-dalba-white-truffle-vital-spray-serum-100ml\/","title":{"rendered":"D\u2019Alba White Truffle Vital Spray Serum, 100ml"},"content":{"rendered":"<p>Soothing White Truffle Serum Spray <strong>D\u2019Alba White Truffle Vital Spray Serum<\/strong> suitable for sensitive skin care. It deeply moisturizes the skin, helps retain moisture in the skin and improves skin elasticity and tone. The serum strengthens the skin&#039;s lipid barrier and protects it from the harmful effects of external factors. It also helps maintain the skin&#039;s moisture balance, protects against drying out and prevents dehydration. The product makes the skin firmer and more elastic, gives it velvety softness and a healthy and even glow.<\/p>\n<p>Thanks to the oil complex, the product nourishes the skin and helps prevent the formation of premature fine wrinkles. The serum spray soothes irritated and sensitive skin, relieves redness and reduces skin reactivity. The serum spray is a two-phase product, so the bottle must be shaken before use. The product is evenly distributed on the skin and leaves a comfortable, pleasant feeling. The main active ingredient of the serum is white truffle extract, which strengthens the skin&#039;s protective ability, improves cell metabolism, helps regulate the work of the sebaceous glands and provides an anti-aging effect: smoothes and tightens the skin, makes wrinkles less noticeable and helps lighten pigment spots.<\/p>\n<p><strong>Additional active substances<\/strong><\/p>\n<ul>\n<li><strong>Flower extract complex<\/strong> \u2013 tones and soothes the skin. It has a strong antibacterial effect, saturates the skin with beneficial active ingredients, softens the skin, improves complexion, relieves irritation, reduces inflammation and evens out skin tone.<\/li>\n<li><strong>Green tea extract<\/strong> \u2013 effectively relieves irritation, has antibacterial properties, makes the skin firmer and more elastic, smoothes wrinkles and improves complexion.<\/li>\n<li><strong>Macadamia oil<\/strong> \u2013 with a regenerating and anti-aging effect, helps restore skin tone, elasticity and hydration. Acts as an antioxidant, helping to prevent the harmful effects of free radicals and slow down the skin aging process. Well suited for the care of dry, dehydrated and rough facial skin.<\/li>\n<li><strong>Avocado oil<\/strong> \u2013 deeply nourishes and restores the skin, relieves dryness and tightness. Absorbs quickly, leaves no residue on the skin and does not cause irritation.<\/li>\n<li><strong>Hyaluronic acid<\/strong> \u2013 provides deep hydration to the skin and helps maintain its natural pH balance at an optimal level. Forms an imperceptible protective layer on the skin&#039;s surface, preventing moisture evaporation and leaving the face feeling fresh and moisturized.<\/li>\n<\/ul>\n<p>&nbsp;<\/p>\n<p>Suitable for sensitive skin.<\/p>\n<p><strong>Usage:<\/strong> Shake the bottle thoroughly and spray the product onto the skin after cleansing the face.<\/p>\n<p>&nbsp;<\/p>","protected":false},"excerpt":{"rendered":"<p>Rahustav valge tr\u00fchvliga seerumsprei D\u2019Alba White Truffle Vital Spray Serum sobib tundliku naha hoolduseks. See niisutab nahka s\u00fcgavuti, aitab niiskust nahas s\u00e4ilitada ning parandab naha elastsust ja toonust. Seerum tugevdab naha lipiidbarj\u00e4\u00e4ri ja kaitseb seda v\u00e4listegurite kahjuliku m\u00f5ju eest. Samuti aitab see hoida naha niiskustasakaalu, kaitseb kuivamise eest ja ennetab deh\u00fcdratsiooni. Toode muudab naha pringimaks&#8230;<\/p>","protected":false},"featured_media":18715,"comment_status":"open","ping_status":"closed","template":"","meta":{"_uf_show_specific_survey":0,"_uf_disable_surveys":false,"_bst_post_transparent":"default","_bst_post_title":"","_bst_post_layout":"default","_bst_post_sidebar_id":"","_bst_post_content_style":"default","_bst_post_vertical_padding":"default","_bst_post_feature":"","_bst_post_feature_position":"","_bst_post_header":false,"_bst_post_footer":false},"pwb-brand":[105],"product_brand":[],"product_cat":[92,97],"product_tag":[127,568,928,1162,772],"class_list":{"0":"post-18713","1":"product","2":"type-product","3":"status-publish","4":"has-post-thumbnail","6":"pwb-brand-dalba","7":"product_cat-nagu","8":"product_cat-naoseerumid-ja-olid","9":"product_tag-dalba","10":"product_tag-korea","11":"product_tag-mist","12":"product_tag-spray","13":"product_tag-truffle","15":"first","16":"instock","17":"shipping-taxable","18":"purchasable","19":"product-type-simple","20":"entry","21":"content-bg","22":"loop-entry"},"supplier_id":null,"supplier_sku":"","barcode":null,"atum_controlled":true,"out_stock_date":null,"out_stock_threshold":null,"inheritable":false,"inbound_stock":null,"stock_on_hold":0,"sold_today":0,"sales_last_days":0,"out_stock_days":0,"lost_sales":0,"has_location":false,"update_date":"2026-05-17T00:04:10","atum_locations":[],"atum_stock_status":"instock","restock_status":false,"low_stock_amount":"","sales_update_date":"2026-05-17T00:04:10","calc_backorders":null,"yoast_head":"<!-- This site is optimized with the Yoast SEO plugin v27.2 - https:\/\/yoast.com\/product\/yoast-seo-wordpress\/ -->\n<title>d\u2019Alba White Truffle Vital Spray Serum, 100ml - IDA.KOREA<\/title>\n<meta name=\"description\" content=\"Rahustav valge tr\u00fchvliga seerumsprei sobib tundliku naha hoolduseks, tugevdab naha lipiidbarj\u00e4\u00e4ri ja kaitseb seda v\u00e4listegurite kahjuliku m\u00f5ju eest.\" \/>\n<meta name=\"robots\" content=\"index, follow, max-snippet:-1, max-image-preview:large, max-video-preview:-1\" \/>\n<link rel=\"canonical\" href=\"https:\/\/idakorea.ee\/en\/product\/rahustav-seerumsprei-dalba-white-truffle-vital-spray-serum-100ml\/\" \/>\n<meta property=\"og:locale\" content=\"en_US\" \/>\n<meta property=\"og:type\" content=\"article\" \/>\n<meta property=\"og:title\" content=\"d\u2019Alba White Truffle Vital Spray Serum, 100ml - IDA.KOREA\" \/>\n<meta property=\"og:description\" content=\"Rahustav valge tr\u00fchvliga seerumsprei sobib tundliku naha hoolduseks, tugevdab naha lipiidbarj\u00e4\u00e4ri ja kaitseb seda v\u00e4listegurite kahjuliku m\u00f5ju eest.\" \/>\n<meta property=\"og:url\" content=\"https:\/\/idakorea.ee\/en\/product\/rahustav-seerumsprei-dalba-white-truffle-vital-spray-serum-100ml\/\" \/>\n<meta property=\"og:site_name\" content=\"IDA.KOREA\" \/>\n<meta property=\"og:image\" content=\"https:\/\/idakorea.ee\/wp-content\/uploads\/2026\/05\/dalba-vital-spray-serum-idakorea.jpg\" \/>\n\t<meta property=\"og:image:width\" content=\"1500\" \/>\n\t<meta property=\"og:image:height\" content=\"1500\" \/>\n\t<meta property=\"og:image:type\" content=\"image\/jpeg\" \/>\n<meta name=\"twitter:card\" content=\"summary_large_image\" \/>\n<meta name=\"twitter:label1\" content=\"Est. reading time\" \/>\n\t<meta name=\"twitter:data1\" content=\"2 minutes\" \/>\n<script type=\"application\/ld+json\" class=\"yoast-schema-graph\">{\"@context\":\"https:\/\/schema.org\",\"@graph\":[{\"@type\":\"WebPage\",\"@id\":\"https:\/\/idakorea.ee\/product\/rahustav-seerumsprei-dalba-white-truffle-vital-spray-serum-100ml\/\",\"url\":\"https:\/\/idakorea.ee\/product\/rahustav-seerumsprei-dalba-white-truffle-vital-spray-serum-100ml\/\",\"name\":\"d\u2019Alba White Truffle Vital Spray Serum, 100ml - IDA.KOREA\",\"isPartOf\":{\"@id\":\"https:\/\/idakorea.ee\/#website\"},\"primaryImageOfPage\":{\"@id\":\"https:\/\/idakorea.ee\/product\/rahustav-seerumsprei-dalba-white-truffle-vital-spray-serum-100ml\/#primaryimage\"},\"image\":{\"@id\":\"https:\/\/idakorea.ee\/product\/rahustav-seerumsprei-dalba-white-truffle-vital-spray-serum-100ml\/#primaryimage\"},\"thumbnailUrl\":\"https:\/\/idakorea.ee\/wp-content\/uploads\/2026\/05\/dalba-vital-spray-serum-idakorea.jpg\",\"datePublished\":\"2026-05-13T06:55:48+00:00\",\"description\":\"Rahustav valge tr\u00fchvliga seerumsprei sobib tundliku naha hoolduseks, tugevdab naha lipiidbarj\u00e4\u00e4ri ja kaitseb seda v\u00e4listegurite kahjuliku m\u00f5ju eest.\",\"breadcrumb\":{\"@id\":\"https:\/\/idakorea.ee\/product\/rahustav-seerumsprei-dalba-white-truffle-vital-spray-serum-100ml\/#breadcrumb\"},\"inLanguage\":\"en-US\",\"potentialAction\":[{\"@type\":\"ReadAction\",\"target\":[\"https:\/\/idakorea.ee\/product\/rahustav-seerumsprei-dalba-white-truffle-vital-spray-serum-100ml\/\"]}]},{\"@type\":\"ImageObject\",\"inLanguage\":\"en-US\",\"@id\":\"https:\/\/idakorea.ee\/product\/rahustav-seerumsprei-dalba-white-truffle-vital-spray-serum-100ml\/#primaryimage\",\"url\":\"https:\/\/idakorea.ee\/wp-content\/uploads\/2026\/05\/dalba-vital-spray-serum-idakorea.jpg\",\"contentUrl\":\"https:\/\/idakorea.ee\/wp-content\/uploads\/2026\/05\/dalba-vital-spray-serum-idakorea.jpg\",\"width\":1500,\"height\":1500},{\"@type\":\"BreadcrumbList\",\"@id\":\"https:\/\/idakorea.ee\/product\/rahustav-seerumsprei-dalba-white-truffle-vital-spray-serum-100ml\/#breadcrumb\",\"itemListElement\":[{\"@type\":\"ListItem\",\"position\":1,\"name\":\"\u0413\u043b\u0430\u0432\u043d\u0430\u044f \u0441\u0442\u0440\u0430\u043d\u0438\u0446\u0430\",\"item\":\"https:\/\/idakorea.ee\/\"},{\"@type\":\"ListItem\",\"position\":2,\"name\":\"Shop\",\"item\":\"https:\/\/idakorea.ee\/shop-2\/\"},{\"@type\":\"ListItem\",\"position\":3,\"name\":\"Rahustav seerumsprei D\u2019Alba White Truffle Vital Spray Serum, 100ml\"}]},{\"@type\":\"WebSite\",\"@id\":\"https:\/\/idakorea.ee\/#website\",\"url\":\"https:\/\/idakorea.ee\/\",\"name\":\"IDA.KOREA\",\"description\":\"Korea kosmeetika e-pood\",\"publisher\":{\"@id\":\"https:\/\/idakorea.ee\/#organization\"},\"alternateName\":\"Beauty Shop\",\"potentialAction\":[{\"@type\":\"SearchAction\",\"target\":{\"@type\":\"EntryPoint\",\"urlTemplate\":\"https:\/\/idakorea.ee\/?s={search_term_string}\"},\"query-input\":{\"@type\":\"PropertyValueSpecification\",\"valueRequired\":true,\"valueName\":\"search_term_string\"}}],\"inLanguage\":\"en-US\"},{\"@type\":\"Organization\",\"@id\":\"https:\/\/idakorea.ee\/#organization\",\"name\":\"IDA.KOREA\",\"url\":\"https:\/\/idakorea.ee\/\",\"logo\":{\"@type\":\"ImageObject\",\"inLanguage\":\"en-US\",\"@id\":\"https:\/\/idakorea.ee\/#\/schema\/logo\/image\/\",\"url\":\"https:\/\/idakorea.ee\/wp-content\/uploads\/2024\/05\/cropped-korea3.png\",\"contentUrl\":\"https:\/\/idakorea.ee\/wp-content\/uploads\/2024\/05\/cropped-korea3.png\",\"width\":688,\"height\":126,\"caption\":\"IDA.KOREA\"},\"image\":{\"@id\":\"https:\/\/idakorea.ee\/#\/schema\/logo\/image\/\"},\"sameAs\":[\"https:\/\/www.instagram.com\/ida.korea\/\"]}]}<\/script>\n<!-- \/ Yoast SEO plugin. -->","yoast_head_json":{"title":"d\u2019Alba White Truffle Vital Spray Serum, 100ml - IDA.KOREA","description":"Rahustav valge tr\u00fchvliga seerumsprei sobib tundliku naha hoolduseks, tugevdab naha lipiidbarj\u00e4\u00e4ri ja kaitseb seda v\u00e4listegurite kahjuliku m\u00f5ju eest.","robots":{"index":"index","follow":"follow","max-snippet":"max-snippet:-1","max-image-preview":"max-image-preview:large","max-video-preview":"max-video-preview:-1"},"canonical":"https:\/\/idakorea.ee\/en\/product\/rahustav-seerumsprei-dalba-white-truffle-vital-spray-serum-100ml\/","og_locale":"en_US","og_type":"article","og_title":"d\u2019Alba White Truffle Vital Spray Serum, 100ml - IDA.KOREA","og_description":"Rahustav valge tr\u00fchvliga seerumsprei sobib tundliku naha hoolduseks, tugevdab naha lipiidbarj\u00e4\u00e4ri ja kaitseb seda v\u00e4listegurite kahjuliku m\u00f5ju eest.","og_url":"https:\/\/idakorea.ee\/en\/product\/rahustav-seerumsprei-dalba-white-truffle-vital-spray-serum-100ml\/","og_site_name":"IDA.KOREA","og_image":[{"width":1500,"height":1500,"url":"https:\/\/idakorea.ee\/wp-content\/uploads\/2026\/05\/dalba-vital-spray-serum-idakorea.jpg","type":"image\/jpeg"}],"twitter_card":"summary_large_image","twitter_misc":{"Est. reading time":"2 minutes"},"schema":{"@context":"https:\/\/schema.org","@graph":[{"@type":"WebPage","@id":"https:\/\/idakorea.ee\/product\/rahustav-seerumsprei-dalba-white-truffle-vital-spray-serum-100ml\/","url":"https:\/\/idakorea.ee\/product\/rahustav-seerumsprei-dalba-white-truffle-vital-spray-serum-100ml\/","name":"d\u2019Alba White Truffle Vital Spray Serum, 100ml - IDA.KOREA","isPartOf":{"@id":"https:\/\/idakorea.ee\/#website"},"primaryImageOfPage":{"@id":"https:\/\/idakorea.ee\/product\/rahustav-seerumsprei-dalba-white-truffle-vital-spray-serum-100ml\/#primaryimage"},"image":{"@id":"https:\/\/idakorea.ee\/product\/rahustav-seerumsprei-dalba-white-truffle-vital-spray-serum-100ml\/#primaryimage"},"thumbnailUrl":"https:\/\/idakorea.ee\/wp-content\/uploads\/2026\/05\/dalba-vital-spray-serum-idakorea.jpg","datePublished":"2026-05-13T06:55:48+00:00","description":"Rahustav valge tr\u00fchvliga seerumsprei sobib tundliku naha hoolduseks, tugevdab naha lipiidbarj\u00e4\u00e4ri ja kaitseb seda v\u00e4listegurite kahjuliku m\u00f5ju eest.","breadcrumb":{"@id":"https:\/\/idakorea.ee\/product\/rahustav-seerumsprei-dalba-white-truffle-vital-spray-serum-100ml\/#breadcrumb"},"inLanguage":"en-US","potentialAction":[{"@type":"ReadAction","target":["https:\/\/idakorea.ee\/product\/rahustav-seerumsprei-dalba-white-truffle-vital-spray-serum-100ml\/"]}]},{"@type":"ImageObject","inLanguage":"en-US","@id":"https:\/\/idakorea.ee\/product\/rahustav-seerumsprei-dalba-white-truffle-vital-spray-serum-100ml\/#primaryimage","url":"https:\/\/idakorea.ee\/wp-content\/uploads\/2026\/05\/dalba-vital-spray-serum-idakorea.jpg","contentUrl":"https:\/\/idakorea.ee\/wp-content\/uploads\/2026\/05\/dalba-vital-spray-serum-idakorea.jpg","width":1500,"height":1500},{"@type":"BreadcrumbList","@id":"https:\/\/idakorea.ee\/product\/rahustav-seerumsprei-dalba-white-truffle-vital-spray-serum-100ml\/#breadcrumb","itemListElement":[{"@type":"ListItem","position":1,"name":"\u0413\u043b\u0430\u0432\u043d\u0430\u044f \u0441\u0442\u0440\u0430\u043d\u0438\u0446\u0430","item":"https:\/\/idakorea.ee\/"},{"@type":"ListItem","position":2,"name":"Shop","item":"https:\/\/idakorea.ee\/shop-2\/"},{"@type":"ListItem","position":3,"name":"Rahustav seerumsprei D\u2019Alba White Truffle Vital Spray Serum, 100ml"}]},{"@type":"WebSite","@id":"https:\/\/idakorea.ee\/#website","url":"https:\/\/idakorea.ee\/","name":"IDA.KOREA","description":"Korean cosmetics e-shop","publisher":{"@id":"https:\/\/idakorea.ee\/#organization"},"alternateName":"Beauty Shop","potentialAction":[{"@type":"SearchAction","target":{"@type":"EntryPoint","urlTemplate":"https:\/\/idakorea.ee\/?s={search_term_string}"},"query-input":{"@type":"PropertyValueSpecification","valueRequired":true,"valueName":"search_term_string"}}],"inLanguage":"en-US"},{"@type":"Organization","@id":"https:\/\/idakorea.ee\/#organization","name":"IDA.KOREA","url":"https:\/\/idakorea.ee\/","logo":{"@type":"ImageObject","inLanguage":"en-US","@id":"https:\/\/idakorea.ee\/#\/schema\/logo\/image\/","url":"https:\/\/idakorea.ee\/wp-content\/uploads\/2024\/05\/cropped-korea3.png","contentUrl":"https:\/\/idakorea.ee\/wp-content\/uploads\/2024\/05\/cropped-korea3.png","width":688,"height":126,"caption":"IDA.KOREA"},"image":{"@id":"https:\/\/idakorea.ee\/#\/schema\/logo\/image\/"},"sameAs":["https:\/\/www.instagram.com\/ida.korea\/"]}]}},"jetpack_sharing_enabled":true,"brands":[{"id":105,"name":"d'ALBA","slug":"dalba"}],"_links":{"self":[{"href":"https:\/\/idakorea.ee\/en\/wp-json\/wp\/v2\/product\/18713","targetHints":{"allow":["GET"]}}],"collection":[{"href":"https:\/\/idakorea.ee\/en\/wp-json\/wp\/v2\/product"}],"about":[{"href":"https:\/\/idakorea.ee\/en\/wp-json\/wp\/v2\/types\/product"}],"replies":[{"embeddable":true,"href":"https:\/\/idakorea.ee\/en\/wp-json\/wp\/v2\/comments?post=18713"}],"version-history":[{"count":2,"href":"https:\/\/idakorea.ee\/en\/wp-json\/wp\/v2\/product\/18713\/revisions"}],"predecessor-version":[{"id":18718,"href":"https:\/\/idakorea.ee\/en\/wp-json\/wp\/v2\/product\/18713\/revisions\/18718"}],"wp:featuredmedia":[{"embeddable":true,"href":"https:\/\/idakorea.ee\/en\/wp-json\/wp\/v2\/media\/18715"}],"wp:attachment":[{"href":"https:\/\/idakorea.ee\/en\/wp-json\/wp\/v2\/media?parent=18713"}],"wp:term":[{"taxonomy":"pwb-brand","embeddable":true,"href":"https:\/\/idakorea.ee\/en\/wp-json\/wp\/v2\/pwb-brand?post=18713"},{"taxonomy":"product_brand","embeddable":true,"href":"https:\/\/idakorea.ee\/en\/wp-json\/wp\/v2\/product_brand?post=18713"},{"taxonomy":"product_cat","embeddable":true,"href":"https:\/\/idakorea.ee\/en\/wp-json\/wp\/v2\/product_cat?post=18713"},{"taxonomy":"product_tag","embeddable":true,"href":"https:\/\/idakorea.ee\/en\/wp-json\/wp\/v2\/product_tag?post=18713"}],"curies":[{"name":"wp","href":"https:\/\/api.w.org\/{rel}","templated":true}]}}