{"id":18719,"date":"2026-05-13T09:44:27","date_gmt":"2026-05-13T07:44:27","guid":{"rendered":"https:\/\/idakorea.ee\/?post_type=product&#038;p=18719"},"modified":"2026-05-13T09:44:27","modified_gmt":"2026-05-13T07:44:27","slug":"round-lab-travel-friendly-mini-skincare-kit-1025-dokdo","status":"publish","type":"product","link":"https:\/\/idakorea.ee\/en\/product\/round-lab-travel-friendly-mini-skincare-kit-1025-dokdo\/","title":{"rendered":"Round Lab Travel-Friendly Mini Skincare Kit 1025 Dokdo"},"content":{"rendered":"<p>Mini skincare set <strong>Round Lab Travel-Friendly Mini Skincare Kit 1025 Dokdo <\/strong>contains products that help restore the skin&#039;s moisture balance and enrich it with beneficial minerals and trace elements. The products strengthen the skin&#039;s protective functions and restore the hydrolipidic balance. Miniature products are convenient to take with you on a trip or to the gym, as they easily fit into any cosmetic bag.<\/p>\n<p><strong>The kit includes:<\/strong><\/p>\n<ul>\n<li><strong>Gentle cleansing foam 1025 Dokdo Cleanser (30 ml)<\/strong> suitable for gentle cleansing of dry and sensitive skin. It removes dirt, does not cause dryness or tightness, and leaves the skin moisturized even after washing.<\/li>\n<li><strong>Exfoliating Toner 1025 Dokdo Toner (20 ml)<\/strong> restores acid-base balance, supports optimal moisture levels and regulates the work of the sebaceous glands, reducing sebum production.<\/li>\n<li><strong>Ampoule 1025 Dokdo Ampoule (10 ml)<\/strong> helps fight dehydration, relieves dryness and tightness, and restores skin tone and natural glow.<\/li>\n<li><strong>Moisturizing cream 1025 Dokdo Cream (20 ml)<\/strong> helps restore moisture-depleted skin, relieves dryness, deeply moisturizes and provides a feeling of comfort to the skin, soothing and softening it.<\/li>\n<\/ul>\n<p><strong>Main active ingredients:<\/strong><\/p>\n<ul>\n<li><strong>Seawater<\/strong>, purified using nanomembrane filtration technology, retains all beneficial minerals, including calcium and magnesium. It improves microcirculation, strengthens skin immunity, and slows down aging processes.<\/li>\n<li><strong>5 ceramides<\/strong> restore the skin&#039;s natural protective barrier by blending into and strengthening the hydrolipidic mantle. They reduce sensitivity and help prevent dryness.<\/li>\n<li><strong>3 types of hyaluronic acid<\/strong> form a protective layer on the surface of the epidermis that retains moisture, helping to relieve tightness and maintain skin elasticity and firmness.<\/li>\n<li><strong>Panthenol (vitamin B5)<\/strong> promotes recovery, reduces redness and irritation, and supports skin healing.<\/li>\n<\/ul>\n<p>Suitable for all skin types.<\/p>\n<p><strong>Usage:<\/strong> Wash your face with a cleansing foam and wipe your skin with a toner. Apply the ampoule to your skin with massaging movements and finish the treatment with a cream.<\/p>","protected":false},"excerpt":{"rendered":"<p>Mini nahahoolduskomplekt Round Lab Travel-Friendly Mini Skincare Kit 1025 Dokdo sisaldab tooteid, mis aitavad taastada naha niiskustasakaalu ning rikastavad nahka kasulike mineraalide ja mikroelementidega. Tooted tugevdavad naha kaitsefunktsioone ja taastavad h\u00fcdrolipiidtasakaalu. Miniatuurseid tooteid on mugav kaasa v\u00f5tta reisile v\u00f5i j\u00f5usaali, sest need mahuvad h\u00f5lpsasti igasse kosmeetikakotti. Komplekti kuuluvad: \u00d5rn puhastusvaht 1025 Dokdo Cleanser (30 ml)&#8230;<\/p>","protected":false},"featured_media":18721,"comment_status":"open","ping_status":"closed","template":"","meta":{"_uf_show_specific_survey":0,"_uf_disable_surveys":false,"_bst_post_transparent":"default","_bst_post_title":"","_bst_post_layout":"default","_bst_post_sidebar_id":"","_bst_post_content_style":"default","_bst_post_vertical_padding":"default","_bst_post_feature":"","_bst_post_feature_position":"","_bst_post_header":false,"_bst_post_footer":false},"pwb-brand":[645],"product_brand":[],"product_cat":[95],"product_tag":[568,646,705],"class_list":{"0":"post-18719","1":"product","2":"type-product","3":"status-publish","4":"has-post-thumbnail","6":"pwb-brand-round-lab","7":"product_cat-komplektid","8":"product_tag-korea","9":"product_tag-round-lab","10":"product_tag-komplekt","12":"first","13":"instock","14":"shipping-taxable","15":"purchasable","16":"product-type-simple","17":"entry","18":"content-bg","19":"loop-entry"},"supplier_id":null,"supplier_sku":"","barcode":null,"atum_controlled":true,"out_stock_date":null,"out_stock_threshold":null,"inheritable":false,"inbound_stock":null,"stock_on_hold":0,"sold_today":0,"sales_last_days":0,"out_stock_days":0,"lost_sales":0,"has_location":false,"update_date":"2026-05-17T00:04:10","atum_locations":[],"atum_stock_status":"instock","restock_status":false,"low_stock_amount":"","sales_update_date":"2026-05-17T00:04:10","calc_backorders":null,"yoast_head":"<!-- This site is optimized with the Yoast SEO plugin v27.2 - https:\/\/yoast.com\/product\/yoast-seo-wordpress\/ -->\n<title>Round Lab Travel-Friendly Mini Skincare Kit 1025 Dokdo - IDA.KOREA<\/title>\n<meta name=\"description\" content=\"Mini nahahoolduskomplekt sisaldab tooteid, mis aitavad taastada naha niiskustasakaalu ning rikastavad nahka kasulike mineraalide ja mikroelementidega.\" \/>\n<meta name=\"robots\" content=\"index, follow, max-snippet:-1, max-image-preview:large, max-video-preview:-1\" \/>\n<link rel=\"canonical\" href=\"https:\/\/idakorea.ee\/en\/product\/round-lab-travel-friendly-mini-skincare-kit-1025-dokdo\/\" \/>\n<meta property=\"og:locale\" content=\"en_US\" \/>\n<meta property=\"og:type\" content=\"article\" \/>\n<meta property=\"og:title\" content=\"Round Lab Travel-Friendly Mini Skincare Kit 1025 Dokdo - IDA.KOREA\" \/>\n<meta property=\"og:description\" content=\"Mini nahahoolduskomplekt sisaldab tooteid, mis aitavad taastada naha niiskustasakaalu ning rikastavad nahka kasulike mineraalide ja mikroelementidega.\" \/>\n<meta property=\"og:url\" content=\"https:\/\/idakorea.ee\/en\/product\/round-lab-travel-friendly-mini-skincare-kit-1025-dokdo\/\" \/>\n<meta property=\"og:site_name\" content=\"IDA.KOREA\" \/>\n<meta property=\"og:image\" content=\"https:\/\/idakorea.ee\/wp-content\/uploads\/2026\/05\/Round-Lab-Travel_Friendly-Mini-Skincare-Kit-1025-Dokdo-idakorea.jpg\" \/>\n\t<meta property=\"og:image:width\" content=\"1000\" \/>\n\t<meta property=\"og:image:height\" content=\"1000\" \/>\n\t<meta property=\"og:image:type\" content=\"image\/jpeg\" \/>\n<meta name=\"twitter:card\" content=\"summary_large_image\" \/>\n<meta name=\"twitter:label1\" content=\"Est. reading time\" \/>\n\t<meta name=\"twitter:data1\" content=\"2 minutes\" \/>\n<script type=\"application\/ld+json\" class=\"yoast-schema-graph\">{\"@context\":\"https:\/\/schema.org\",\"@graph\":[{\"@type\":\"WebPage\",\"@id\":\"https:\/\/idakorea.ee\/product\/round-lab-travel-friendly-mini-skincare-kit-1025-dokdo\/\",\"url\":\"https:\/\/idakorea.ee\/product\/round-lab-travel-friendly-mini-skincare-kit-1025-dokdo\/\",\"name\":\"Round Lab Travel-Friendly Mini Skincare Kit 1025 Dokdo - IDA.KOREA\",\"isPartOf\":{\"@id\":\"https:\/\/idakorea.ee\/#website\"},\"primaryImageOfPage\":{\"@id\":\"https:\/\/idakorea.ee\/product\/round-lab-travel-friendly-mini-skincare-kit-1025-dokdo\/#primaryimage\"},\"image\":{\"@id\":\"https:\/\/idakorea.ee\/product\/round-lab-travel-friendly-mini-skincare-kit-1025-dokdo\/#primaryimage\"},\"thumbnailUrl\":\"https:\/\/idakorea.ee\/wp-content\/uploads\/2026\/05\/Round-Lab-Travel_Friendly-Mini-Skincare-Kit-1025-Dokdo-idakorea.jpg\",\"datePublished\":\"2026-05-13T07:44:27+00:00\",\"description\":\"Mini nahahoolduskomplekt sisaldab tooteid, mis aitavad taastada naha niiskustasakaalu ning rikastavad nahka kasulike mineraalide ja mikroelementidega.\",\"breadcrumb\":{\"@id\":\"https:\/\/idakorea.ee\/product\/round-lab-travel-friendly-mini-skincare-kit-1025-dokdo\/#breadcrumb\"},\"inLanguage\":\"en-US\",\"potentialAction\":[{\"@type\":\"ReadAction\",\"target\":[\"https:\/\/idakorea.ee\/product\/round-lab-travel-friendly-mini-skincare-kit-1025-dokdo\/\"]}]},{\"@type\":\"ImageObject\",\"inLanguage\":\"en-US\",\"@id\":\"https:\/\/idakorea.ee\/product\/round-lab-travel-friendly-mini-skincare-kit-1025-dokdo\/#primaryimage\",\"url\":\"https:\/\/idakorea.ee\/wp-content\/uploads\/2026\/05\/Round-Lab-Travel_Friendly-Mini-Skincare-Kit-1025-Dokdo-idakorea.jpg\",\"contentUrl\":\"https:\/\/idakorea.ee\/wp-content\/uploads\/2026\/05\/Round-Lab-Travel_Friendly-Mini-Skincare-Kit-1025-Dokdo-idakorea.jpg\",\"width\":1000,\"height\":1000},{\"@type\":\"BreadcrumbList\",\"@id\":\"https:\/\/idakorea.ee\/product\/round-lab-travel-friendly-mini-skincare-kit-1025-dokdo\/#breadcrumb\",\"itemListElement\":[{\"@type\":\"ListItem\",\"position\":1,\"name\":\"\u0413\u043b\u0430\u0432\u043d\u0430\u044f \u0441\u0442\u0440\u0430\u043d\u0438\u0446\u0430\",\"item\":\"https:\/\/idakorea.ee\/\"},{\"@type\":\"ListItem\",\"position\":2,\"name\":\"Shop\",\"item\":\"https:\/\/idakorea.ee\/shop-2\/\"},{\"@type\":\"ListItem\",\"position\":3,\"name\":\"Mini nahahoolduskomplekt Round Lab Travel-Friendly Mini Skincare Kit 1025 Dokdo\"}]},{\"@type\":\"WebSite\",\"@id\":\"https:\/\/idakorea.ee\/#website\",\"url\":\"https:\/\/idakorea.ee\/\",\"name\":\"IDA.KOREA\",\"description\":\"Korea kosmeetika e-pood\",\"publisher\":{\"@id\":\"https:\/\/idakorea.ee\/#organization\"},\"alternateName\":\"Beauty Shop\",\"potentialAction\":[{\"@type\":\"SearchAction\",\"target\":{\"@type\":\"EntryPoint\",\"urlTemplate\":\"https:\/\/idakorea.ee\/?s={search_term_string}\"},\"query-input\":{\"@type\":\"PropertyValueSpecification\",\"valueRequired\":true,\"valueName\":\"search_term_string\"}}],\"inLanguage\":\"en-US\"},{\"@type\":\"Organization\",\"@id\":\"https:\/\/idakorea.ee\/#organization\",\"name\":\"IDA.KOREA\",\"url\":\"https:\/\/idakorea.ee\/\",\"logo\":{\"@type\":\"ImageObject\",\"inLanguage\":\"en-US\",\"@id\":\"https:\/\/idakorea.ee\/#\/schema\/logo\/image\/\",\"url\":\"https:\/\/idakorea.ee\/wp-content\/uploads\/2024\/05\/cropped-korea3.png\",\"contentUrl\":\"https:\/\/idakorea.ee\/wp-content\/uploads\/2024\/05\/cropped-korea3.png\",\"width\":688,\"height\":126,\"caption\":\"IDA.KOREA\"},\"image\":{\"@id\":\"https:\/\/idakorea.ee\/#\/schema\/logo\/image\/\"},\"sameAs\":[\"https:\/\/www.instagram.com\/ida.korea\/\"]}]}<\/script>\n<!-- \/ Yoast SEO plugin. -->","yoast_head_json":{"title":"Round Lab Travel-Friendly Mini Skincare Kit 1025 Dokdo - IDA.KOREA","description":"Mini nahahoolduskomplekt sisaldab tooteid, mis aitavad taastada naha niiskustasakaalu ning rikastavad nahka kasulike mineraalide ja mikroelementidega.","robots":{"index":"index","follow":"follow","max-snippet":"max-snippet:-1","max-image-preview":"max-image-preview:large","max-video-preview":"max-video-preview:-1"},"canonical":"https:\/\/idakorea.ee\/en\/product\/round-lab-travel-friendly-mini-skincare-kit-1025-dokdo\/","og_locale":"en_US","og_type":"article","og_title":"Round Lab Travel-Friendly Mini Skincare Kit 1025 Dokdo - IDA.KOREA","og_description":"Mini nahahoolduskomplekt sisaldab tooteid, mis aitavad taastada naha niiskustasakaalu ning rikastavad nahka kasulike mineraalide ja mikroelementidega.","og_url":"https:\/\/idakorea.ee\/en\/product\/round-lab-travel-friendly-mini-skincare-kit-1025-dokdo\/","og_site_name":"IDA.KOREA","og_image":[{"width":1000,"height":1000,"url":"https:\/\/idakorea.ee\/wp-content\/uploads\/2026\/05\/Round-Lab-Travel_Friendly-Mini-Skincare-Kit-1025-Dokdo-idakorea.jpg","type":"image\/jpeg"}],"twitter_card":"summary_large_image","twitter_misc":{"Est. reading time":"2 minutes"},"schema":{"@context":"https:\/\/schema.org","@graph":[{"@type":"WebPage","@id":"https:\/\/idakorea.ee\/product\/round-lab-travel-friendly-mini-skincare-kit-1025-dokdo\/","url":"https:\/\/idakorea.ee\/product\/round-lab-travel-friendly-mini-skincare-kit-1025-dokdo\/","name":"Round Lab Travel-Friendly Mini Skincare Kit 1025 Dokdo - IDA.KOREA","isPartOf":{"@id":"https:\/\/idakorea.ee\/#website"},"primaryImageOfPage":{"@id":"https:\/\/idakorea.ee\/product\/round-lab-travel-friendly-mini-skincare-kit-1025-dokdo\/#primaryimage"},"image":{"@id":"https:\/\/idakorea.ee\/product\/round-lab-travel-friendly-mini-skincare-kit-1025-dokdo\/#primaryimage"},"thumbnailUrl":"https:\/\/idakorea.ee\/wp-content\/uploads\/2026\/05\/Round-Lab-Travel_Friendly-Mini-Skincare-Kit-1025-Dokdo-idakorea.jpg","datePublished":"2026-05-13T07:44:27+00:00","description":"Mini nahahoolduskomplekt sisaldab tooteid, mis aitavad taastada naha niiskustasakaalu ning rikastavad nahka kasulike mineraalide ja mikroelementidega.","breadcrumb":{"@id":"https:\/\/idakorea.ee\/product\/round-lab-travel-friendly-mini-skincare-kit-1025-dokdo\/#breadcrumb"},"inLanguage":"en-US","potentialAction":[{"@type":"ReadAction","target":["https:\/\/idakorea.ee\/product\/round-lab-travel-friendly-mini-skincare-kit-1025-dokdo\/"]}]},{"@type":"ImageObject","inLanguage":"en-US","@id":"https:\/\/idakorea.ee\/product\/round-lab-travel-friendly-mini-skincare-kit-1025-dokdo\/#primaryimage","url":"https:\/\/idakorea.ee\/wp-content\/uploads\/2026\/05\/Round-Lab-Travel_Friendly-Mini-Skincare-Kit-1025-Dokdo-idakorea.jpg","contentUrl":"https:\/\/idakorea.ee\/wp-content\/uploads\/2026\/05\/Round-Lab-Travel_Friendly-Mini-Skincare-Kit-1025-Dokdo-idakorea.jpg","width":1000,"height":1000},{"@type":"BreadcrumbList","@id":"https:\/\/idakorea.ee\/product\/round-lab-travel-friendly-mini-skincare-kit-1025-dokdo\/#breadcrumb","itemListElement":[{"@type":"ListItem","position":1,"name":"\u0413\u043b\u0430\u0432\u043d\u0430\u044f \u0441\u0442\u0440\u0430\u043d\u0438\u0446\u0430","item":"https:\/\/idakorea.ee\/"},{"@type":"ListItem","position":2,"name":"Shop","item":"https:\/\/idakorea.ee\/shop-2\/"},{"@type":"ListItem","position":3,"name":"Mini nahahoolduskomplekt Round Lab Travel-Friendly Mini Skincare Kit 1025 Dokdo"}]},{"@type":"WebSite","@id":"https:\/\/idakorea.ee\/#website","url":"https:\/\/idakorea.ee\/","name":"IDA.KOREA","description":"Korean cosmetics e-shop","publisher":{"@id":"https:\/\/idakorea.ee\/#organization"},"alternateName":"Beauty Shop","potentialAction":[{"@type":"SearchAction","target":{"@type":"EntryPoint","urlTemplate":"https:\/\/idakorea.ee\/?s={search_term_string}"},"query-input":{"@type":"PropertyValueSpecification","valueRequired":true,"valueName":"search_term_string"}}],"inLanguage":"en-US"},{"@type":"Organization","@id":"https:\/\/idakorea.ee\/#organization","name":"IDA.KOREA","url":"https:\/\/idakorea.ee\/","logo":{"@type":"ImageObject","inLanguage":"en-US","@id":"https:\/\/idakorea.ee\/#\/schema\/logo\/image\/","url":"https:\/\/idakorea.ee\/wp-content\/uploads\/2024\/05\/cropped-korea3.png","contentUrl":"https:\/\/idakorea.ee\/wp-content\/uploads\/2024\/05\/cropped-korea3.png","width":688,"height":126,"caption":"IDA.KOREA"},"image":{"@id":"https:\/\/idakorea.ee\/#\/schema\/logo\/image\/"},"sameAs":["https:\/\/www.instagram.com\/ida.korea\/"]}]}},"jetpack_sharing_enabled":true,"brands":[{"id":645,"name":"ROUND LAB","slug":"round-lab"}],"_links":{"self":[{"href":"https:\/\/idakorea.ee\/en\/wp-json\/wp\/v2\/product\/18719","targetHints":{"allow":["GET"]}}],"collection":[{"href":"https:\/\/idakorea.ee\/en\/wp-json\/wp\/v2\/product"}],"about":[{"href":"https:\/\/idakorea.ee\/en\/wp-json\/wp\/v2\/types\/product"}],"replies":[{"embeddable":true,"href":"https:\/\/idakorea.ee\/en\/wp-json\/wp\/v2\/comments?post=18719"}],"version-history":[{"count":1,"href":"https:\/\/idakorea.ee\/en\/wp-json\/wp\/v2\/product\/18719\/revisions"}],"predecessor-version":[{"id":18722,"href":"https:\/\/idakorea.ee\/en\/wp-json\/wp\/v2\/product\/18719\/revisions\/18722"}],"wp:featuredmedia":[{"embeddable":true,"href":"https:\/\/idakorea.ee\/en\/wp-json\/wp\/v2\/media\/18721"}],"wp:attachment":[{"href":"https:\/\/idakorea.ee\/en\/wp-json\/wp\/v2\/media?parent=18719"}],"wp:term":[{"taxonomy":"pwb-brand","embeddable":true,"href":"https:\/\/idakorea.ee\/en\/wp-json\/wp\/v2\/pwb-brand?post=18719"},{"taxonomy":"product_brand","embeddable":true,"href":"https:\/\/idakorea.ee\/en\/wp-json\/wp\/v2\/product_brand?post=18719"},{"taxonomy":"product_cat","embeddable":true,"href":"https:\/\/idakorea.ee\/en\/wp-json\/wp\/v2\/product_cat?post=18719"},{"taxonomy":"product_tag","embeddable":true,"href":"https:\/\/idakorea.ee\/en\/wp-json\/wp\/v2\/product_tag?post=18719"}],"curies":[{"name":"wp","href":"https:\/\/api.w.org\/{rel}","templated":true}]}}