{"id":1898,"date":"2024-06-04T09:50:59","date_gmt":"2024-06-04T09:50:59","guid":{"rendered":"https:\/\/idakorea.ee\/?post_type=product&#038;p=1898"},"modified":"2026-03-11T22:55:34","modified_gmt":"2026-03-11T20:55:34","slug":"naopuhastusoli-anua-heartleaf-pore-control-cleansing-oil-200-ml","status":"publish","type":"product","link":"https:\/\/idakorea.ee\/en\/product\/naopuhastusoli-anua-heartleaf-pore-control-cleansing-oil-200-ml\/","title":{"rendered":"Face cleansing oil Anua Heartleaf Pore Control Cleansing Oil, 200ml"},"content":{"rendered":"<p><strong>Anua Heartleaf Pore Control Cleansing Oil<\/strong> helps combat black spots, effectively dissolves fat deposits and reduces grease. Absorbs excess oil. removes all kinds of impurities, stubborn make-up, foundation, foundation and sunscreen.<\/p>\n<p>The product helps to normalise the sebaceous glands and restore the optimal hydrolipidic barrier. The formulation contains only natural, non-comedogenic oils (10 000 ppm), which do not provoke bacteria and do not clog pores. Provides a gentle but high quality cleansing without dryness and tightness. It has a soothing action and helps in the treatment of acne.<\/p>\n<p><strong>Main active ingredients:<\/strong><\/p>\n<ul>\n<li>Houttuynia extract accelerates the healing of wounds and micro-injuries, has anti-inflammatory properties, reduces sensitivity to external irritants.<\/li>\n<li>Grapeseed oil is a powerful natural antioxidant, free radical blocker. It has been clinically proven that the use of this ingredient helps to stabilize the production of collagen and elastin, which are responsible for the skin's youthfulness and elasticity.<\/li>\n<li>Jojoba oil moisturises and nourishes the skin. The high vitamin E content in the oil provides antioxidant properties.<\/li>\n<li>Macadamia oil softens and nourishes intensively, absorbs instantly, easily distributed on the skin. It promotes skin regeneration and is an antioxidant. Irreplaceable for dry, dehydrated and mature skin. Treats irritations, soothes inflammations.<\/li>\n<li>Olive oil prevents dehydration and dehydration, provides antioxidant protection, prolongs youth and protects against external irritants: cold, wind, dry air.<\/li>\n<li>Sunflower oil deeply nourishes, moisturises and softens, smoothes micro-elasticity and makes skin firmer and more supple. It has a healing effect, speeding up the process of cell renewal and regeneration.<\/li>\n<li>Butyl avocadinate - a substance derived from avocados. Inhibits the activity of 5 \u03b1-reductase enzymes, which activate the production of increased sebum, thereby reducing sebum production in the skin, and reduces possible irritation from salicylic acid.<\/li>\n<\/ul>\n<p><strong>Use of<\/strong>: apply a couple of pumps of oil to dry hands and apply to dry skin. Massage gently in circular motions to dissolve make-up. Take the hands and continue massaging, the oil will turn into a light milky emulsion. Wash off with lukewarm water.<\/p>","protected":false},"excerpt":{"rendered":"<p>Anua Heartleaf Pore Control Cleansing Oil helps to combat blackheads, effectively dissolves oil clogs and reduces grease. Absorbs excess oil. removes all kinds of impurities, stubborn makeup, foundation, foundation and sunscreen. The product helps to normalize the sebaceous glands and restore the optimal hydrolipidic barrier. The formula contains only natural non-comedogenic oils (10,000 ppm), which do not provoke bacteria or clog pores....<\/p>","protected":false},"featured_media":1899,"comment_status":"open","ping_status":"closed","template":"","meta":{"_uf_show_specific_survey":0,"_uf_disable_surveys":false,"_bst_post_transparent":"default","_bst_post_title":"","_bst_post_layout":"default","_bst_post_sidebar_id":"","_bst_post_content_style":"default","_bst_post_vertical_padding":"default","_bst_post_feature":"","_bst_post_feature_position":"","_bst_post_header":false,"_bst_post_footer":false},"pwb-brand":[104],"product_brand":[],"product_cat":[92,452,100],"product_tag":[102,568,671],"class_list":{"0":"post-1898","1":"product","2":"type-product","3":"status-publish","4":"has-post-thumbnail","6":"pwb-brand-anua","7":"product_cat-nagu","8":"product_cat-naopuhastusgeelid","9":"product_cat-puhastusvahendid","10":"product_tag-anua","11":"product_tag-korea","12":"product_tag-oil","14":"first","15":"instock","16":"sale","17":"shipping-taxable","18":"purchasable","19":"product-type-simple","20":"entry","21":"content-bg","22":"loop-entry"},"supplier_id":null,"supplier_sku":"","barcode":null,"atum_controlled":true,"out_stock_date":null,"out_stock_threshold":null,"inheritable":false,"inbound_stock":0,"stock_on_hold":0,"sold_today":0,"sales_last_days":0,"out_stock_days":0,"lost_sales":0,"has_location":false,"update_date":"2026-04-14T00:05:09","atum_locations":[],"atum_stock_status":"instock","restock_status":false,"low_stock_amount":"","sales_update_date":"2026-04-14T00:05:09","calc_backorders":null,"yoast_head":"<!-- This site is optimized with the Yoast SEO plugin v27.2 - https:\/\/yoast.com\/product\/yoast-seo-wordpress\/ -->\n<title>Anua Heartleaf Pore Control Cleansing Oil - IDA.KOREA<\/title>\n<meta name=\"description\" content=\"N\u00e4opuhastus\u00f5li Anua Heartleaf Pore Control Cleansing Oil aitab v\u00f5idelda mustade laikude vastu, lahustab t\u00f5husalt rasvak\u00fcbemeid ja v\u00e4hendab rasu.\" \/>\n<meta name=\"robots\" content=\"index, follow, max-snippet:-1, max-image-preview:large, max-video-preview:-1\" \/>\n<link rel=\"canonical\" href=\"https:\/\/idakorea.ee\/en\/product\/naopuhastusoli-anua-heartleaf-pore-control-cleansing-oil-200-ml\/\" \/>\n<meta property=\"og:locale\" content=\"en_US\" \/>\n<meta property=\"og:type\" content=\"article\" \/>\n<meta property=\"og:title\" content=\"Anua Heartleaf Pore Control Cleansing Oil - IDA.KOREA\" \/>\n<meta property=\"og:description\" content=\"N\u00e4opuhastus\u00f5li Anua Heartleaf Pore Control Cleansing Oil aitab v\u00f5idelda mustade laikude vastu, lahustab t\u00f5husalt rasvak\u00fcbemeid ja v\u00e4hendab rasu.\" \/>\n<meta property=\"og:url\" content=\"https:\/\/idakorea.ee\/en\/product\/naopuhastusoli-anua-heartleaf-pore-control-cleansing-oil-200-ml\/\" \/>\n<meta property=\"og:site_name\" content=\"IDA.KOREA\" \/>\n<meta property=\"article:modified_time\" content=\"2026-03-11T20:55:34+00:00\" \/>\n<meta property=\"og:image\" content=\"https:\/\/idakorea.ee\/wp-content\/uploads\/2024\/06\/hollyshop-_-2024_02_12T140829.774-_1_.jpg\" \/>\n\t<meta property=\"og:image:width\" content=\"1000\" \/>\n\t<meta property=\"og:image:height\" content=\"1000\" \/>\n\t<meta property=\"og:image:type\" content=\"image\/jpeg\" \/>\n<meta name=\"twitter:card\" content=\"summary_large_image\" \/>\n<meta name=\"twitter:label1\" content=\"Est. reading time\" \/>\n\t<meta name=\"twitter:data1\" content=\"2 minutes\" \/>\n<script type=\"application\/ld+json\" class=\"yoast-schema-graph\">{\"@context\":\"https:\/\/schema.org\",\"@graph\":[{\"@type\":\"WebPage\",\"@id\":\"https:\/\/idakorea.ee\/product\/naopuhastusoli-anua-heartleaf-pore-control-cleansing-oil-200-ml\/\",\"url\":\"https:\/\/idakorea.ee\/product\/naopuhastusoli-anua-heartleaf-pore-control-cleansing-oil-200-ml\/\",\"name\":\"Anua Heartleaf Pore Control Cleansing Oil - IDA.KOREA\",\"isPartOf\":{\"@id\":\"https:\/\/idakorea.ee\/#website\"},\"primaryImageOfPage\":{\"@id\":\"https:\/\/idakorea.ee\/product\/naopuhastusoli-anua-heartleaf-pore-control-cleansing-oil-200-ml\/#primaryimage\"},\"image\":{\"@id\":\"https:\/\/idakorea.ee\/product\/naopuhastusoli-anua-heartleaf-pore-control-cleansing-oil-200-ml\/#primaryimage\"},\"thumbnailUrl\":\"https:\/\/idakorea.ee\/wp-content\/uploads\/2024\/06\/hollyshop-_-2024_02_12T140829.774-_1_.jpg\",\"datePublished\":\"2024-06-04T09:50:59+00:00\",\"dateModified\":\"2026-03-11T20:55:34+00:00\",\"description\":\"N\u00e4opuhastus\u00f5li Anua Heartleaf Pore Control Cleansing Oil aitab v\u00f5idelda mustade laikude vastu, lahustab t\u00f5husalt rasvak\u00fcbemeid ja v\u00e4hendab rasu.\",\"breadcrumb\":{\"@id\":\"https:\/\/idakorea.ee\/product\/naopuhastusoli-anua-heartleaf-pore-control-cleansing-oil-200-ml\/#breadcrumb\"},\"inLanguage\":\"en-US\",\"potentialAction\":[{\"@type\":\"ReadAction\",\"target\":[\"https:\/\/idakorea.ee\/product\/naopuhastusoli-anua-heartleaf-pore-control-cleansing-oil-200-ml\/\"]}]},{\"@type\":\"ImageObject\",\"inLanguage\":\"en-US\",\"@id\":\"https:\/\/idakorea.ee\/product\/naopuhastusoli-anua-heartleaf-pore-control-cleansing-oil-200-ml\/#primaryimage\",\"url\":\"https:\/\/idakorea.ee\/wp-content\/uploads\/2024\/06\/hollyshop-_-2024_02_12T140829.774-_1_.jpg\",\"contentUrl\":\"https:\/\/idakorea.ee\/wp-content\/uploads\/2024\/06\/hollyshop-_-2024_02_12T140829.774-_1_.jpg\",\"width\":1000,\"height\":1000},{\"@type\":\"BreadcrumbList\",\"@id\":\"https:\/\/idakorea.ee\/product\/naopuhastusoli-anua-heartleaf-pore-control-cleansing-oil-200-ml\/#breadcrumb\",\"itemListElement\":[{\"@type\":\"ListItem\",\"position\":1,\"name\":\"\u0413\u043b\u0430\u0432\u043d\u0430\u044f \u0441\u0442\u0440\u0430\u043d\u0438\u0446\u0430\",\"item\":\"https:\/\/idakorea.ee\/\"},{\"@type\":\"ListItem\",\"position\":2,\"name\":\"Shop\",\"item\":\"https:\/\/idakorea.ee\/shop-2\/\"},{\"@type\":\"ListItem\",\"position\":3,\"name\":\"N\u00e4opuhastus\u00f5li Anua Heartleaf Pore Control Cleansing Oil, 200ml\"}]},{\"@type\":\"WebSite\",\"@id\":\"https:\/\/idakorea.ee\/#website\",\"url\":\"https:\/\/idakorea.ee\/\",\"name\":\"IDA.KOREA\",\"description\":\"Korea kosmeetika e-pood\",\"publisher\":{\"@id\":\"https:\/\/idakorea.ee\/#organization\"},\"alternateName\":\"Beauty Shop\",\"potentialAction\":[{\"@type\":\"SearchAction\",\"target\":{\"@type\":\"EntryPoint\",\"urlTemplate\":\"https:\/\/idakorea.ee\/?s={search_term_string}\"},\"query-input\":{\"@type\":\"PropertyValueSpecification\",\"valueRequired\":true,\"valueName\":\"search_term_string\"}}],\"inLanguage\":\"en-US\"},{\"@type\":\"Organization\",\"@id\":\"https:\/\/idakorea.ee\/#organization\",\"name\":\"IDA.KOREA\",\"url\":\"https:\/\/idakorea.ee\/\",\"logo\":{\"@type\":\"ImageObject\",\"inLanguage\":\"en-US\",\"@id\":\"https:\/\/idakorea.ee\/#\/schema\/logo\/image\/\",\"url\":\"https:\/\/idakorea.ee\/wp-content\/uploads\/2024\/05\/cropped-korea3.png\",\"contentUrl\":\"https:\/\/idakorea.ee\/wp-content\/uploads\/2024\/05\/cropped-korea3.png\",\"width\":688,\"height\":126,\"caption\":\"IDA.KOREA\"},\"image\":{\"@id\":\"https:\/\/idakorea.ee\/#\/schema\/logo\/image\/\"},\"sameAs\":[\"https:\/\/www.instagram.com\/ida.korea\/\"]}]}<\/script>\n<!-- \/ Yoast SEO plugin. -->","yoast_head_json":{"title":"Anua Heartleaf Pore Control Cleansing Oil - IDA.KOREA","description":"Anua Heartleaf Pore Control Cleansing Oil helps fight blackheads, effectively dissolves oil clogs and reduces grease.","robots":{"index":"index","follow":"follow","max-snippet":"max-snippet:-1","max-image-preview":"max-image-preview:large","max-video-preview":"max-video-preview:-1"},"canonical":"https:\/\/idakorea.ee\/en\/product\/naopuhastusoli-anua-heartleaf-pore-control-cleansing-oil-200-ml\/","og_locale":"en_US","og_type":"article","og_title":"Anua Heartleaf Pore Control Cleansing Oil - IDA.KOREA","og_description":"N\u00e4opuhastus\u00f5li Anua Heartleaf Pore Control Cleansing Oil aitab v\u00f5idelda mustade laikude vastu, lahustab t\u00f5husalt rasvak\u00fcbemeid ja v\u00e4hendab rasu.","og_url":"https:\/\/idakorea.ee\/en\/product\/naopuhastusoli-anua-heartleaf-pore-control-cleansing-oil-200-ml\/","og_site_name":"IDA.KOREA","article_modified_time":"2026-03-11T20:55:34+00:00","og_image":[{"width":1000,"height":1000,"url":"https:\/\/idakorea.ee\/wp-content\/uploads\/2024\/06\/hollyshop-_-2024_02_12T140829.774-_1_.jpg","type":"image\/jpeg"}],"twitter_card":"summary_large_image","twitter_misc":{"Est. reading time":"2 minutes"},"schema":{"@context":"https:\/\/schema.org","@graph":[{"@type":"WebPage","@id":"https:\/\/idakorea.ee\/product\/naopuhastusoli-anua-heartleaf-pore-control-cleansing-oil-200-ml\/","url":"https:\/\/idakorea.ee\/product\/naopuhastusoli-anua-heartleaf-pore-control-cleansing-oil-200-ml\/","name":"Anua Heartleaf Pore Control Cleansing Oil - IDA.KOREA","isPartOf":{"@id":"https:\/\/idakorea.ee\/#website"},"primaryImageOfPage":{"@id":"https:\/\/idakorea.ee\/product\/naopuhastusoli-anua-heartleaf-pore-control-cleansing-oil-200-ml\/#primaryimage"},"image":{"@id":"https:\/\/idakorea.ee\/product\/naopuhastusoli-anua-heartleaf-pore-control-cleansing-oil-200-ml\/#primaryimage"},"thumbnailUrl":"https:\/\/idakorea.ee\/wp-content\/uploads\/2024\/06\/hollyshop-_-2024_02_12T140829.774-_1_.jpg","datePublished":"2024-06-04T09:50:59+00:00","dateModified":"2026-03-11T20:55:34+00:00","description":"Anua Heartleaf Pore Control Cleansing Oil helps fight blackheads, effectively dissolves oil clogs and reduces grease.","breadcrumb":{"@id":"https:\/\/idakorea.ee\/product\/naopuhastusoli-anua-heartleaf-pore-control-cleansing-oil-200-ml\/#breadcrumb"},"inLanguage":"en-US","potentialAction":[{"@type":"ReadAction","target":["https:\/\/idakorea.ee\/product\/naopuhastusoli-anua-heartleaf-pore-control-cleansing-oil-200-ml\/"]}]},{"@type":"ImageObject","inLanguage":"en-US","@id":"https:\/\/idakorea.ee\/product\/naopuhastusoli-anua-heartleaf-pore-control-cleansing-oil-200-ml\/#primaryimage","url":"https:\/\/idakorea.ee\/wp-content\/uploads\/2024\/06\/hollyshop-_-2024_02_12T140829.774-_1_.jpg","contentUrl":"https:\/\/idakorea.ee\/wp-content\/uploads\/2024\/06\/hollyshop-_-2024_02_12T140829.774-_1_.jpg","width":1000,"height":1000},{"@type":"BreadcrumbList","@id":"https:\/\/idakorea.ee\/product\/naopuhastusoli-anua-heartleaf-pore-control-cleansing-oil-200-ml\/#breadcrumb","itemListElement":[{"@type":"ListItem","position":1,"name":"\u0413\u043b\u0430\u0432\u043d\u0430\u044f \u0441\u0442\u0440\u0430\u043d\u0438\u0446\u0430","item":"https:\/\/idakorea.ee\/"},{"@type":"ListItem","position":2,"name":"Shop","item":"https:\/\/idakorea.ee\/shop-2\/"},{"@type":"ListItem","position":3,"name":"N\u00e4opuhastus\u00f5li Anua Heartleaf Pore Control Cleansing Oil, 200ml"}]},{"@type":"WebSite","@id":"https:\/\/idakorea.ee\/#website","url":"https:\/\/idakorea.ee\/","name":"IDA.KOREA","description":"Korean cosmetics e-shop","publisher":{"@id":"https:\/\/idakorea.ee\/#organization"},"alternateName":"Beauty Shop","potentialAction":[{"@type":"SearchAction","target":{"@type":"EntryPoint","urlTemplate":"https:\/\/idakorea.ee\/?s={search_term_string}"},"query-input":{"@type":"PropertyValueSpecification","valueRequired":true,"valueName":"search_term_string"}}],"inLanguage":"en-US"},{"@type":"Organization","@id":"https:\/\/idakorea.ee\/#organization","name":"IDA.KOREA","url":"https:\/\/idakorea.ee\/","logo":{"@type":"ImageObject","inLanguage":"en-US","@id":"https:\/\/idakorea.ee\/#\/schema\/logo\/image\/","url":"https:\/\/idakorea.ee\/wp-content\/uploads\/2024\/05\/cropped-korea3.png","contentUrl":"https:\/\/idakorea.ee\/wp-content\/uploads\/2024\/05\/cropped-korea3.png","width":688,"height":126,"caption":"IDA.KOREA"},"image":{"@id":"https:\/\/idakorea.ee\/#\/schema\/logo\/image\/"},"sameAs":["https:\/\/www.instagram.com\/ida.korea\/"]}]}},"jetpack_sharing_enabled":true,"brands":[{"id":104,"name":"ANUA","slug":"anua"}],"_links":{"self":[{"href":"https:\/\/idakorea.ee\/en\/wp-json\/wp\/v2\/product\/1898","targetHints":{"allow":["GET"]}}],"collection":[{"href":"https:\/\/idakorea.ee\/en\/wp-json\/wp\/v2\/product"}],"about":[{"href":"https:\/\/idakorea.ee\/en\/wp-json\/wp\/v2\/types\/product"}],"replies":[{"embeddable":true,"href":"https:\/\/idakorea.ee\/en\/wp-json\/wp\/v2\/comments?post=1898"}],"version-history":[{"count":3,"href":"https:\/\/idakorea.ee\/en\/wp-json\/wp\/v2\/product\/1898\/revisions"}],"predecessor-version":[{"id":15696,"href":"https:\/\/idakorea.ee\/en\/wp-json\/wp\/v2\/product\/1898\/revisions\/15696"}],"wp:featuredmedia":[{"embeddable":true,"href":"https:\/\/idakorea.ee\/en\/wp-json\/wp\/v2\/media\/1899"}],"wp:attachment":[{"href":"https:\/\/idakorea.ee\/en\/wp-json\/wp\/v2\/media?parent=1898"}],"wp:term":[{"taxonomy":"pwb-brand","embeddable":true,"href":"https:\/\/idakorea.ee\/en\/wp-json\/wp\/v2\/pwb-brand?post=1898"},{"taxonomy":"product_brand","embeddable":true,"href":"https:\/\/idakorea.ee\/en\/wp-json\/wp\/v2\/product_brand?post=1898"},{"taxonomy":"product_cat","embeddable":true,"href":"https:\/\/idakorea.ee\/en\/wp-json\/wp\/v2\/product_cat?post=1898"},{"taxonomy":"product_tag","embeddable":true,"href":"https:\/\/idakorea.ee\/en\/wp-json\/wp\/v2\/product_tag?post=1898"}],"curies":[{"name":"wp","href":"https:\/\/api.w.org\/{rel}","templated":true}]}}