{"id":1958,"date":"2024-06-05T07:58:56","date_gmt":"2024-06-05T07:58:56","guid":{"rendered":"https:\/\/idakorea.ee\/?post_type=product&#038;p=1958"},"modified":"2026-04-10T19:21:01","modified_gmt":"2026-04-10T17:21:01","slug":"dalba-extra-intensive-eye-cream","status":"publish","type":"product","link":"https:\/\/idakorea.ee\/en\/product\/dalba-extra-intensive-eye-cream\/","title":{"rendered":"Firming peptide eye cream with white truffle d&#039;Alba Extra Intensive Eye Cream, 30ml"},"content":{"rendered":"<div class=\"flex-shrink-0 flex flex-col relative items-end\">\n<div>\n<div class=\"pt-0\">\n<div class=\"gizmo-bot-avatar flex h-8 w-8 items-center justify-center overflow-hidden rounded-full\">\n<div class=\"relative p-1 rounded-sm flex items-center justify-center bg-token-main-surface-primary text-token-text-primary h-8 w-8\"><\/div>\n<\/div>\n<\/div>\n<\/div>\n<\/div>\n<div class=\"group\/conversation-turn relative flex w-full min-w-0 flex-col agent-turn\">\n<div class=\"flex-col gap-1 md:gap-3\">\n<div class=\"flex max-w-full flex-col flex-grow\">\n<div class=\"min-h-8 text-message flex w-full flex-col items-end gap-2 whitespace-normal break-words [.text-message+&amp;]:mt-5\" dir=\"auto\" data-message-author-role=\"assistant\" data-message-id=\"3e739b4b-9ee2-4f47-a6ea-fa5260ce9f0a\">\n<div class=\"flex w-full flex-col gap-1 empty:hidden first:pt-[3px]\">\n<div class=\"markdown prose w-full break-words dark:prose-invert light\">\n<p>Tugevdav peptiidne silmakreem <strong>d&#8217;Alba Extra Intensive Eye Cream<\/strong> sulab \u00f5rnalt nahal, s\u00fcgavalt toites, niisutades ja pehmendades. See suurendab naha elastsust ja prinkust, toetab siledust ning aeglustab vananemisprotsessi.<\/p>\n<p>Kreem stimuleerib oma kollageeni tootmist, muutes naha pringimaks ja tihedamaks, andes sellele terve s\u00e4ra ning ennetades kuivust. See annab v\u00e4rske ja puhanud ilme, eemaldab tuhmuse ning parandab silma\u00fcmbruse naha tekstuuri.<\/p>\n<p>H\u00fcpoallergeenne koostis ei \u00e4rrita \u00f5rna ja \u00f5hukest silmalaugude nahka, sobib suurep\u00e4raselt igap\u00e4evaseks kasutamiseks. Kreem imendub h\u00e4sti, j\u00e4tmata rasvast kihti.<\/p>\n<p>Patenteeritud Trufferol\u2122 kompleks koosneb valgest tr\u00fchvlist (10,200 ppm) ja tokoferoolist (vitamiin E). Trufferol\u2122 v\u00f5itleb naha enneaegse vananemisega, teeb naha tihedaks, pringiks ja s\u00e4ravaks ning v\u00e4hendab kortsude n\u00e4htavust.<\/p>\n<p><strong>Sisaldab 8 peptiidi kompleksi: <\/strong><\/p>\n<ul>\n<li>Nonapeptiid-1 koosneb 7 aminohappest, takistab t\u00fcrosinaasi s\u00fcnteesi \u2013 ens\u00fc\u00fcmi, mis stimuleerib melaniini transporti rakkudesse, ennetades seel\u00e4bi pigmentatsiooni teket.<\/li>\n<li>Argireliin (Acetyl Hexapeptide-8) \u2013 botuliini-laadse toimega peptiid, mis l\u00f5dvestab n\u00e4olihaseid ja hoiab \u00e4ra mimikakortsude ja naha voldikute tekkimise.<\/li>\n<li>Vasktripeptiid, tripeptiid-1, palmito\u00fc\u00fcl tripeptiid-1, palmito\u00fc\u00fcl pentapeptiid-4 ja heksapeptiid-9 (Copper Tripeptide-1, Tripeptide-1, Palmitoyl Tripeptide-1, Palmitoyl Pentapeptide-4, Hexapeptide-9) suurendavad kollageeni ja elastiini s\u00fcnteesi, annavad prinkuse, pakuvad tugevdavat, p\u00f5letikuvastast ja antioks\u00fcdantset toimet, v\u00e4hendavad kortsude v\u00e4ljapaistvust ja kiirendavad naha uuenemist.<\/li>\n<li>Palmito\u00fc\u00fcl tetrapeptiid-7 kiirendab kudede taastumist, parandab naha toonust ja v\u00f5itleb UV-kiirguse kahjulike m\u00f5judega. Pidurdab kollageeni lagunemist ja p\u00f5letikulisi protsesse. Aeglustab vananemist ja ennetab p\u00f5letike teket.<\/li>\n<\/ul>\n<p><strong>Lisakomponendid:<\/strong><\/p>\n<ul>\n<li>Vegan kollageen t\u00f5stab niisutustaset, annab nahale prinkuse ja tiheduse, s\u00e4ilitab siledust ning v\u00e4hendab deh\u00fcdratsioonist p\u00f5hjustatud kortse.<\/li>\n<li>Niasiiniamiid (vitamiin B3) \u00fchtlustab nahatooni, stimuleerib kollageeni tootmist, helendab, aeglustab melaniini transporti epidermisesse, tugevdab h\u00fcdrolipiidset kaitsekihti ja parandab naha kaitsev\u00f5imet.<\/li>\n<li>8 \u00f5li kompleks sisaldab soja\u00f5li, priimula\u00f5li, kameelia\u00f5li, makadaamiap\u00e4hkli\u00f5li, avokaado\u00f5li, oliivi\u00f5li, p\u00e4evalille\u00f5li ja astelpaju\u00f5li. Selline kombinatsioon pakub s\u00fcgavat toitu, ennetab deh\u00fcdratsiooni ja ketendust, varustab naharakke kasulike rasvhapete ja antioks\u00fcdantidega, s\u00e4ilitades naha nooruslikkust.<\/li>\n<li>Ts\u00fcanokobalamiin (vitamiin B12) niisutab ja rahustab, p\u00e4rsib p\u00f5letikulisi protsesse ja tugevdab kapillaare.<\/li>\n<li>Pullulaan \u2013 pol\u00fcsahhariidne pol\u00fcmeer, millel on tugev antioks\u00fcdantne toime. See loob nahale n\u00e4htamatu kihi, mis hoiab niiskust, pinguldab ja silub nahka. Aeglustab vananemist ja tugevdab kudesid, andes nahale siledust ja s\u00e4ra.<\/li>\n<li>Keraamiidid tugevdavad naha loomulikku lipiidikihti, parandades selle barj\u00e4\u00e4rifunktsioone ja v\u00e4ltides kuivust.<\/li>\n<\/ul>\n<p><strong>Kasutusjuhend:<\/strong> p\u00e4rast k\u00f5iki nahahooldusetappe kandke kreem silmade alla ning jaotage see kergelt patsutades s\u00f5rmeotstega. Kreemi v\u00f5ib kasutada ka lokaalselt kulmude vahel, nasolabiaalsetes voldikutes ja huulte \u00fcmbruses.<\/p>\n<\/div>\n<\/div>\n<\/div>\n<\/div>\n<\/div>\n<\/div>\n","protected":false},"excerpt":{"rendered":"<p>The firming peptide eye cream d'Alba Extra Intensive Eye Cream melts gently into the skin, deeply nourishing, hydrating and softening. It enhances the skin's elasticity and radiance, supports smoothness and slows down the ageing process. The cream stimulates the production of collagen, making the skin plumper and denser, giving it a healthy glow and preventing dryness. It gives a fresh and refreshed look, removes dullness and improves the appearance...<\/p>","protected":false},"featured_media":1959,"comment_status":"open","ping_status":"closed","template":"","meta":{"_uf_show_specific_survey":0,"_uf_disable_surveys":false,"_bst_post_transparent":"default","_bst_post_title":"","_bst_post_layout":"default","_bst_post_sidebar_id":"","_bst_post_content_style":"default","_bst_post_vertical_padding":"default","_bst_post_feature":"","_bst_post_feature_position":"","_bst_post_header":false,"_bst_post_footer":false},"pwb-brand":[105],"product_brand":[],"product_cat":[92,99,201],"product_tag":[127,691,466,559],"class_list":{"0":"post-1958","1":"product","2":"type-product","3":"status-publish","4":"has-post-thumbnail","6":"pwb-brand-dalba","7":"product_cat-nagu","8":"product_cat-silmad-ja-huuled-2","9":"product_cat-silmakreem","10":"product_tag-dalba","11":"product_tag-extra-intensive-eye-cream","12":"product_tag-premium","13":"product_tag-white-truffle","15":"first","16":"instock","17":"sale","18":"shipping-taxable","19":"purchasable","20":"product-type-simple","21":"entry","22":"content-bg","23":"loop-entry"},"supplier_id":null,"supplier_sku":"","barcode":null,"atum_controlled":true,"out_stock_date":null,"out_stock_threshold":null,"inheritable":false,"inbound_stock":0,"stock_on_hold":0,"sold_today":0,"sales_last_days":1,"out_stock_days":0,"lost_sales":0,"has_location":false,"update_date":"2026-04-14T07:31:07","atum_locations":[],"atum_stock_status":"instock","restock_status":false,"low_stock_amount":"","sales_update_date":"2026-04-14T07:31:07","calc_backorders":null,"yoast_head":"<!-- This site is optimized with the Yoast SEO plugin v27.2 - https:\/\/yoast.com\/product\/yoast-seo-wordpress\/ -->\n<title>d&#039;Alba Extra Intensive Eye Cream - IDA.KOREA<\/title>\n<meta name=\"description\" content=\"Pinguldav peptiidne silmakreem\u00a0sulab \u00f5rnalt nahale, toidab, niisutab ja pehmendab s\u00fcgavuti, parandab naha elastsust ja pinguldatust, s\u00e4ilitab siledust ja aeglustab vananemisprotsessi.\" \/>\n<meta name=\"robots\" content=\"index, follow, max-snippet:-1, max-image-preview:large, max-video-preview:-1\" \/>\n<link rel=\"canonical\" href=\"https:\/\/idakorea.ee\/en\/product\/dalba-extra-intensive-eye-cream\/\" \/>\n<meta property=\"og:locale\" content=\"en_US\" \/>\n<meta property=\"og:type\" content=\"article\" \/>\n<meta property=\"og:title\" content=\"d&#039;Alba Extra Intensive Eye Cream - IDA.KOREA\" \/>\n<meta property=\"og:description\" content=\"Pinguldav peptiidne silmakreem\u00a0sulab \u00f5rnalt nahale, toidab, niisutab ja pehmendab s\u00fcgavuti, parandab naha elastsust ja pinguldatust, s\u00e4ilitab siledust ja aeglustab vananemisprotsessi.\" \/>\n<meta property=\"og:url\" content=\"https:\/\/idakorea.ee\/en\/product\/dalba-extra-intensive-eye-cream\/\" \/>\n<meta property=\"og:site_name\" content=\"IDA.KOREA\" \/>\n<meta property=\"article:modified_time\" content=\"2026-04-10T17:21:01+00:00\" \/>\n<meta property=\"og:image\" content=\"https:\/\/idakorea.ee\/wp-content\/uploads\/2024\/06\/d_Alba-Extra-Intensive-Eye-Cream.jpg\" \/>\n\t<meta property=\"og:image:width\" content=\"1000\" \/>\n\t<meta property=\"og:image:height\" content=\"1000\" \/>\n\t<meta property=\"og:image:type\" content=\"image\/jpeg\" \/>\n<meta name=\"twitter:card\" content=\"summary_large_image\" \/>\n<meta name=\"twitter:label1\" content=\"Est. reading time\" \/>\n\t<meta name=\"twitter:data1\" content=\"3 minutes\" \/>\n<script type=\"application\/ld+json\" class=\"yoast-schema-graph\">{\"@context\":\"https:\/\/schema.org\",\"@graph\":[{\"@type\":\"WebPage\",\"@id\":\"https:\/\/idakorea.ee\/product\/dalba-extra-intensive-eye-cream\/\",\"url\":\"https:\/\/idakorea.ee\/product\/dalba-extra-intensive-eye-cream\/\",\"name\":\"d'Alba Extra Intensive Eye Cream - IDA.KOREA\",\"isPartOf\":{\"@id\":\"https:\/\/idakorea.ee\/#website\"},\"primaryImageOfPage\":{\"@id\":\"https:\/\/idakorea.ee\/product\/dalba-extra-intensive-eye-cream\/#primaryimage\"},\"image\":{\"@id\":\"https:\/\/idakorea.ee\/product\/dalba-extra-intensive-eye-cream\/#primaryimage\"},\"thumbnailUrl\":\"https:\/\/idakorea.ee\/wp-content\/uploads\/2024\/06\/d_Alba-Extra-Intensive-Eye-Cream.jpg\",\"datePublished\":\"2024-06-05T07:58:56+00:00\",\"dateModified\":\"2026-04-10T17:21:01+00:00\",\"description\":\"Pinguldav peptiidne silmakreem\u00a0sulab \u00f5rnalt nahale, toidab, niisutab ja pehmendab s\u00fcgavuti, parandab naha elastsust ja pinguldatust, s\u00e4ilitab siledust ja aeglustab vananemisprotsessi.\",\"breadcrumb\":{\"@id\":\"https:\/\/idakorea.ee\/product\/dalba-extra-intensive-eye-cream\/#breadcrumb\"},\"inLanguage\":\"en-US\",\"potentialAction\":[{\"@type\":\"ReadAction\",\"target\":[\"https:\/\/idakorea.ee\/product\/dalba-extra-intensive-eye-cream\/\"]}]},{\"@type\":\"ImageObject\",\"inLanguage\":\"en-US\",\"@id\":\"https:\/\/idakorea.ee\/product\/dalba-extra-intensive-eye-cream\/#primaryimage\",\"url\":\"https:\/\/idakorea.ee\/wp-content\/uploads\/2024\/06\/d_Alba-Extra-Intensive-Eye-Cream.jpg\",\"contentUrl\":\"https:\/\/idakorea.ee\/wp-content\/uploads\/2024\/06\/d_Alba-Extra-Intensive-Eye-Cream.jpg\",\"width\":1000,\"height\":1000},{\"@type\":\"BreadcrumbList\",\"@id\":\"https:\/\/idakorea.ee\/product\/dalba-extra-intensive-eye-cream\/#breadcrumb\",\"itemListElement\":[{\"@type\":\"ListItem\",\"position\":1,\"name\":\"\u0413\u043b\u0430\u0432\u043d\u0430\u044f \u0441\u0442\u0440\u0430\u043d\u0438\u0446\u0430\",\"item\":\"https:\/\/idakorea.ee\/\"},{\"@type\":\"ListItem\",\"position\":2,\"name\":\"Shop\",\"item\":\"https:\/\/idakorea.ee\/shop-2\/\"},{\"@type\":\"ListItem\",\"position\":3,\"name\":\"Tugevdav peptiidne silmakreem valge tr\u00fchvliga d&#8217;Alba Extra Intensive Eye Cream, 30ml\"}]},{\"@type\":\"WebSite\",\"@id\":\"https:\/\/idakorea.ee\/#website\",\"url\":\"https:\/\/idakorea.ee\/\",\"name\":\"IDA.KOREA\",\"description\":\"Korea kosmeetika e-pood\",\"publisher\":{\"@id\":\"https:\/\/idakorea.ee\/#organization\"},\"alternateName\":\"Beauty Shop\",\"potentialAction\":[{\"@type\":\"SearchAction\",\"target\":{\"@type\":\"EntryPoint\",\"urlTemplate\":\"https:\/\/idakorea.ee\/?s={search_term_string}\"},\"query-input\":{\"@type\":\"PropertyValueSpecification\",\"valueRequired\":true,\"valueName\":\"search_term_string\"}}],\"inLanguage\":\"en-US\"},{\"@type\":\"Organization\",\"@id\":\"https:\/\/idakorea.ee\/#organization\",\"name\":\"IDA.KOREA\",\"url\":\"https:\/\/idakorea.ee\/\",\"logo\":{\"@type\":\"ImageObject\",\"inLanguage\":\"en-US\",\"@id\":\"https:\/\/idakorea.ee\/#\/schema\/logo\/image\/\",\"url\":\"https:\/\/idakorea.ee\/wp-content\/uploads\/2024\/05\/cropped-korea3.png\",\"contentUrl\":\"https:\/\/idakorea.ee\/wp-content\/uploads\/2024\/05\/cropped-korea3.png\",\"width\":688,\"height\":126,\"caption\":\"IDA.KOREA\"},\"image\":{\"@id\":\"https:\/\/idakorea.ee\/#\/schema\/logo\/image\/\"},\"sameAs\":[\"https:\/\/www.instagram.com\/ida.korea\/\"]}]}<\/script>\n<!-- \/ Yoast SEO plugin. -->","yoast_head_json":{"title":"d&#039;Alba Extra Intensive Eye Cream - IDA.KOREA","description":"Firming peptide eye cream gently melts into the skin, deeply nourishes, moisturizes and softens, improves skin elasticity and firmness, maintains smoothness and slows down the aging process.","robots":{"index":"index","follow":"follow","max-snippet":"max-snippet:-1","max-image-preview":"max-image-preview:large","max-video-preview":"max-video-preview:-1"},"canonical":"https:\/\/idakorea.ee\/en\/product\/dalba-extra-intensive-eye-cream\/","og_locale":"en_US","og_type":"article","og_title":"d'Alba Extra Intensive Eye Cream - IDA.KOREA","og_description":"Pinguldav peptiidne silmakreem\u00a0sulab \u00f5rnalt nahale, toidab, niisutab ja pehmendab s\u00fcgavuti, parandab naha elastsust ja pinguldatust, s\u00e4ilitab siledust ja aeglustab vananemisprotsessi.","og_url":"https:\/\/idakorea.ee\/en\/product\/dalba-extra-intensive-eye-cream\/","og_site_name":"IDA.KOREA","article_modified_time":"2026-04-10T17:21:01+00:00","og_image":[{"width":1000,"height":1000,"url":"https:\/\/idakorea.ee\/wp-content\/uploads\/2024\/06\/d_Alba-Extra-Intensive-Eye-Cream.jpg","type":"image\/jpeg"}],"twitter_card":"summary_large_image","twitter_misc":{"Est. reading time":"3 minutes"},"schema":{"@context":"https:\/\/schema.org","@graph":[{"@type":"WebPage","@id":"https:\/\/idakorea.ee\/product\/dalba-extra-intensive-eye-cream\/","url":"https:\/\/idakorea.ee\/product\/dalba-extra-intensive-eye-cream\/","name":"d&#039;Alba Extra Intensive Eye Cream - IDA.KOREA","isPartOf":{"@id":"https:\/\/idakorea.ee\/#website"},"primaryImageOfPage":{"@id":"https:\/\/idakorea.ee\/product\/dalba-extra-intensive-eye-cream\/#primaryimage"},"image":{"@id":"https:\/\/idakorea.ee\/product\/dalba-extra-intensive-eye-cream\/#primaryimage"},"thumbnailUrl":"https:\/\/idakorea.ee\/wp-content\/uploads\/2024\/06\/d_Alba-Extra-Intensive-Eye-Cream.jpg","datePublished":"2024-06-05T07:58:56+00:00","dateModified":"2026-04-10T17:21:01+00:00","description":"Firming peptide eye cream gently melts into the skin, deeply nourishes, moisturizes and softens, improves skin elasticity and firmness, maintains smoothness and slows down the aging process.","breadcrumb":{"@id":"https:\/\/idakorea.ee\/product\/dalba-extra-intensive-eye-cream\/#breadcrumb"},"inLanguage":"en-US","potentialAction":[{"@type":"ReadAction","target":["https:\/\/idakorea.ee\/product\/dalba-extra-intensive-eye-cream\/"]}]},{"@type":"ImageObject","inLanguage":"en-US","@id":"https:\/\/idakorea.ee\/product\/dalba-extra-intensive-eye-cream\/#primaryimage","url":"https:\/\/idakorea.ee\/wp-content\/uploads\/2024\/06\/d_Alba-Extra-Intensive-Eye-Cream.jpg","contentUrl":"https:\/\/idakorea.ee\/wp-content\/uploads\/2024\/06\/d_Alba-Extra-Intensive-Eye-Cream.jpg","width":1000,"height":1000},{"@type":"BreadcrumbList","@id":"https:\/\/idakorea.ee\/product\/dalba-extra-intensive-eye-cream\/#breadcrumb","itemListElement":[{"@type":"ListItem","position":1,"name":"\u0413\u043b\u0430\u0432\u043d\u0430\u044f \u0441\u0442\u0440\u0430\u043d\u0438\u0446\u0430","item":"https:\/\/idakorea.ee\/"},{"@type":"ListItem","position":2,"name":"Shop","item":"https:\/\/idakorea.ee\/shop-2\/"},{"@type":"ListItem","position":3,"name":"Tugevdav peptiidne silmakreem valge tr\u00fchvliga d&#8217;Alba Extra Intensive Eye Cream, 30ml"}]},{"@type":"WebSite","@id":"https:\/\/idakorea.ee\/#website","url":"https:\/\/idakorea.ee\/","name":"IDA.KOREA","description":"Korean cosmetics e-shop","publisher":{"@id":"https:\/\/idakorea.ee\/#organization"},"alternateName":"Beauty Shop","potentialAction":[{"@type":"SearchAction","target":{"@type":"EntryPoint","urlTemplate":"https:\/\/idakorea.ee\/?s={search_term_string}"},"query-input":{"@type":"PropertyValueSpecification","valueRequired":true,"valueName":"search_term_string"}}],"inLanguage":"en-US"},{"@type":"Organization","@id":"https:\/\/idakorea.ee\/#organization","name":"IDA.KOREA","url":"https:\/\/idakorea.ee\/","logo":{"@type":"ImageObject","inLanguage":"en-US","@id":"https:\/\/idakorea.ee\/#\/schema\/logo\/image\/","url":"https:\/\/idakorea.ee\/wp-content\/uploads\/2024\/05\/cropped-korea3.png","contentUrl":"https:\/\/idakorea.ee\/wp-content\/uploads\/2024\/05\/cropped-korea3.png","width":688,"height":126,"caption":"IDA.KOREA"},"image":{"@id":"https:\/\/idakorea.ee\/#\/schema\/logo\/image\/"},"sameAs":["https:\/\/www.instagram.com\/ida.korea\/"]}]}},"jetpack_sharing_enabled":true,"brands":[{"id":105,"name":"d'ALBA","slug":"dalba"}],"_links":{"self":[{"href":"https:\/\/idakorea.ee\/en\/wp-json\/wp\/v2\/product\/1958","targetHints":{"allow":["GET"]}}],"collection":[{"href":"https:\/\/idakorea.ee\/en\/wp-json\/wp\/v2\/product"}],"about":[{"href":"https:\/\/idakorea.ee\/en\/wp-json\/wp\/v2\/types\/product"}],"replies":[{"embeddable":true,"href":"https:\/\/idakorea.ee\/en\/wp-json\/wp\/v2\/comments?post=1958"}],"version-history":[{"count":5,"href":"https:\/\/idakorea.ee\/en\/wp-json\/wp\/v2\/product\/1958\/revisions"}],"predecessor-version":[{"id":16571,"href":"https:\/\/idakorea.ee\/en\/wp-json\/wp\/v2\/product\/1958\/revisions\/16571"}],"wp:featuredmedia":[{"embeddable":true,"href":"https:\/\/idakorea.ee\/en\/wp-json\/wp\/v2\/media\/1959"}],"wp:attachment":[{"href":"https:\/\/idakorea.ee\/en\/wp-json\/wp\/v2\/media?parent=1958"}],"wp:term":[{"taxonomy":"pwb-brand","embeddable":true,"href":"https:\/\/idakorea.ee\/en\/wp-json\/wp\/v2\/pwb-brand?post=1958"},{"taxonomy":"product_brand","embeddable":true,"href":"https:\/\/idakorea.ee\/en\/wp-json\/wp\/v2\/product_brand?post=1958"},{"taxonomy":"product_cat","embeddable":true,"href":"https:\/\/idakorea.ee\/en\/wp-json\/wp\/v2\/product_cat?post=1958"},{"taxonomy":"product_tag","embeddable":true,"href":"https:\/\/idakorea.ee\/en\/wp-json\/wp\/v2\/product_tag?post=1958"}],"curies":[{"name":"wp","href":"https:\/\/api.w.org\/{rel}","templated":true}]}}