{"id":4915,"date":"2024-06-14T08:38:07","date_gmt":"2024-06-14T08:38:07","guid":{"rendered":"https:\/\/idakorea.ee\/?post_type=product&#038;p=4915"},"modified":"2026-03-27T12:09:09","modified_gmt":"2026-03-27T10:09:09","slug":"dalba-waterfull-essence-sun-cream-spf-50","status":"publish","type":"product","link":"https:\/\/idakorea.ee\/en\/product\/dalba-waterfull-essence-sun-cream-spf-50\/","title":{"rendered":"d'Alba Waterfull Essence Sun Cream SPF 50+ PA++++, 50 ml"},"content":{"rendered":"<p>\u00dclikerge tekstuur tagab nahale usaldusv\u00e4\u00e4rse igak\u00fclgse kaitse UVA-, UVB-kiirte ja HEV-kiirguse eest, j\u00e4tmata valgeid j\u00e4lgi v\u00f5i kleepuvat viimistlust. Unikaalsete koostisosade kombinatsioon hoiab \u00e4ra keskkonnasaaste negatiivsed m\u00f5jud ning aitab kaitsta nahka pigmentatsiooni ja enneaegse vananemise m\u00e4rkide eest.<\/p>\n<p>Patenteeritud koostisaine AQUAXYL niisutab nahka s\u00fcgavalt ja lukustab niiskuse. Toodet on testinud Korea Dermatoloogiateaduste Instituut, et tagada selle niiskuse s\u00e4ilimine nahas 24 tundi.<\/p>\n<p>Kasutamine: Kandke piisav kogus toodet n\u00e4o- ja kaelanahale enne p\u00e4ikese k\u00e4es viibimist. Mitte kasutada \u00e4rritunud v\u00f5i kahjustatud nahapiirkondadel. K\u00f5igile nahat\u00fc\u00fcpidele. Ei testitud loomade peal.<\/p>\n<p>Itaaliast Piemontest hoolikalt hangitud esmaklassilised valged tr\u00fchvlid, mis on infundeeritud tokoferooliga (E-vitamiin), moodustavad d&#8217;Alba tunnuskoostisosa, antioks\u00fcdantiderikka tr\u00fchvli.<\/p>\n<p>Sertifitseeritud vegan p\u00e4rast hoolikat testimist Itaalia V-m\u00e4rgisega, mille SPF-i tulemused on sertifitseeritud SPF Autoriseerimisinstituudi poolt, sisaldab SPF 53,9 \u00b1 5,1 ja PFA 21,81 \u00b1 4,3 [PA++++] ning truferooli, mis on rikas antioks\u00fcdantide poolest, mis pinguldavad ja s\u00e4ravad nahka. andes sellele noorusliku v\u00e4rvi.Kerge ja niisutava essentsi konsistentsiga keemiline p\u00e4ikesekaitsekreem libiseb kergesti, et kaitsta nahka ilma valge kihita.<\/p>\n<p>Pakub laia spektriga kaitset igap\u00e4evase kokkupuute eest kahjulike UVA- ja UVB-kiirtega, tagades samal ajal naha \u00f5rnuse nahale.Toitaineterikkad koostisained, nagu Chateau Margaux\u2019 veiniekstrakt, annavad kiiresti imenduva, mitte\u00e4rritava efekti, mis j\u00e4\u00e4b meigi alla diskreetselt, j\u00e4tmata valget kihti.<\/p>\n<p>Itaalia taimetoitlaste assotsiatsiooni poolt heaks kiidetud puhas ja vegan. Taimsed koostisosad tagavad pehme ja \u00f5rna pealekandmise n\u00e4ole, andes sellele s\u00e4rava ja s\u00e4rava v\u00e4limuse.<\/p>\n<p>&nbsp;<\/p>\n","protected":false},"excerpt":{"rendered":"<p>The ultra-light texture provides skin with reliable all-round protection against UVA, UVB and HEV rays without leaving white marks or a sticky finish. The combination of unique ingredients prevents the negative effects of environmental pollution and helps protect the skin against pigmentation and signs of premature ageing. Patented ingredient AQUAXYL deeply moisturises and locks in moisture. The product has been tested by the Korea Institute of Dermatological Sciences to ensure its moisture...<\/p>","protected":false},"featured_media":4925,"comment_status":"open","ping_status":"closed","template":"","meta":{"_uf_show_specific_survey":0,"_uf_disable_surveys":false,"_bst_post_transparent":"default","_bst_post_title":"","_bst_post_layout":"default","_bst_post_sidebar_id":"","_bst_post_content_style":"default","_bst_post_vertical_padding":"default","_bst_post_feature":"","_bst_post_feature_position":"","_bst_post_header":false,"_bst_post_footer":false},"pwb-brand":[105],"product_brand":[],"product_cat":[92,101],"product_tag":[127,233,202,216,375,221],"class_list":{"0":"post-4915","1":"product","2":"type-product","3":"status-publish","4":"has-post-thumbnail","6":"pwb-brand-dalba","7":"product_cat-nagu","8":"product_cat-paikesekaitse","9":"product_tag-dalba","10":"product_tag-internet-pood-eesti","11":"product_tag-korea-kosmeetika","12":"product_tag-kuiv-nahk","13":"product_tag-paikesekaitse","14":"product_tag-tundlik-nahk","16":"first","17":"instock","18":"sale","19":"shipping-taxable","20":"purchasable","21":"product-type-simple","22":"entry","23":"content-bg","24":"loop-entry"},"supplier_id":null,"supplier_sku":"","barcode":null,"atum_controlled":true,"out_stock_date":null,"out_stock_threshold":null,"inheritable":false,"inbound_stock":0,"stock_on_hold":0,"sold_today":0,"sales_last_days":0,"out_stock_days":0,"lost_sales":0,"has_location":false,"update_date":"2026-04-14T00:05:09","atum_locations":[],"atum_stock_status":"instock","restock_status":false,"low_stock_amount":"","sales_update_date":"2026-04-14T00:05:09","calc_backorders":null,"yoast_head":"<!-- This site is optimized with the Yoast SEO plugin v27.2 - https:\/\/yoast.com\/product\/yoast-seo-wordpress\/ -->\n<title>d&#039;Alba Waterfull Essence Sun Cream SPF 50+ PA++++, 50 ml - IDA.KOREA<\/title>\n<meta name=\"description\" content=\"\u00dclikerge tekstuur tagab nahale usaldusv\u00e4\u00e4rse igak\u00fclgse kaitse UVA-, UVB-kiirte ja HEV-kiirguse eest, j\u00e4tmata valgeid j\u00e4lgi v\u00f5i kleepuvat viimistlust.\" \/>\n<meta name=\"robots\" content=\"index, follow, max-snippet:-1, max-image-preview:large, max-video-preview:-1\" \/>\n<link rel=\"canonical\" href=\"https:\/\/idakorea.ee\/en\/product\/dalba-waterfull-essence-sun-cream-spf-50\/\" \/>\n<meta property=\"og:locale\" content=\"en_US\" \/>\n<meta property=\"og:type\" content=\"article\" \/>\n<meta property=\"og:title\" content=\"d&#039;Alba Waterfull Essence Sun Cream SPF 50+ PA++++, 50 ml - IDA.KOREA\" \/>\n<meta property=\"og:description\" content=\"\u00dclikerge tekstuur tagab nahale usaldusv\u00e4\u00e4rse igak\u00fclgse kaitse UVA-, UVB-kiirte ja HEV-kiirguse eest, j\u00e4tmata valgeid j\u00e4lgi v\u00f5i kleepuvat viimistlust.\" \/>\n<meta property=\"og:url\" content=\"https:\/\/idakorea.ee\/en\/product\/dalba-waterfull-essence-sun-cream-spf-50\/\" \/>\n<meta property=\"og:site_name\" content=\"IDA.KOREA\" \/>\n<meta property=\"article:modified_time\" content=\"2026-03-27T10:09:09+00:00\" \/>\n<meta property=\"og:image\" content=\"https:\/\/idakorea.ee\/wp-content\/uploads\/2024\/06\/b64313d-1.jpg\" \/>\n\t<meta property=\"og:image:width\" content=\"600\" \/>\n\t<meta property=\"og:image:height\" content=\"600\" \/>\n\t<meta property=\"og:image:type\" content=\"image\/jpeg\" \/>\n<meta name=\"twitter:card\" content=\"summary_large_image\" \/>\n<meta name=\"twitter:label1\" content=\"Est. reading time\" \/>\n\t<meta name=\"twitter:data1\" content=\"2 minutes\" \/>\n<script type=\"application\/ld+json\" class=\"yoast-schema-graph\">{\"@context\":\"https:\/\/schema.org\",\"@graph\":[{\"@type\":\"WebPage\",\"@id\":\"https:\/\/idakorea.ee\/product\/dalba-waterfull-essence-sun-cream-spf-50\/\",\"url\":\"https:\/\/idakorea.ee\/product\/dalba-waterfull-essence-sun-cream-spf-50\/\",\"name\":\"d'Alba Waterfull Essence Sun Cream SPF 50+ PA++++, 50 ml - IDA.KOREA\",\"isPartOf\":{\"@id\":\"https:\/\/idakorea.ee\/#website\"},\"primaryImageOfPage\":{\"@id\":\"https:\/\/idakorea.ee\/product\/dalba-waterfull-essence-sun-cream-spf-50\/#primaryimage\"},\"image\":{\"@id\":\"https:\/\/idakorea.ee\/product\/dalba-waterfull-essence-sun-cream-spf-50\/#primaryimage\"},\"thumbnailUrl\":\"https:\/\/idakorea.ee\/wp-content\/uploads\/2024\/06\/b64313d-1.jpg\",\"datePublished\":\"2024-06-14T08:38:07+00:00\",\"dateModified\":\"2026-03-27T10:09:09+00:00\",\"description\":\"\u00dclikerge tekstuur tagab nahale usaldusv\u00e4\u00e4rse igak\u00fclgse kaitse UVA-, UVB-kiirte ja HEV-kiirguse eest, j\u00e4tmata valgeid j\u00e4lgi v\u00f5i kleepuvat viimistlust.\",\"breadcrumb\":{\"@id\":\"https:\/\/idakorea.ee\/product\/dalba-waterfull-essence-sun-cream-spf-50\/#breadcrumb\"},\"inLanguage\":\"en-US\",\"potentialAction\":[{\"@type\":\"ReadAction\",\"target\":[\"https:\/\/idakorea.ee\/product\/dalba-waterfull-essence-sun-cream-spf-50\/\"]}]},{\"@type\":\"ImageObject\",\"inLanguage\":\"en-US\",\"@id\":\"https:\/\/idakorea.ee\/product\/dalba-waterfull-essence-sun-cream-spf-50\/#primaryimage\",\"url\":\"https:\/\/idakorea.ee\/wp-content\/uploads\/2024\/06\/b64313d-1.jpg\",\"contentUrl\":\"https:\/\/idakorea.ee\/wp-content\/uploads\/2024\/06\/b64313d-1.jpg\",\"width\":600,\"height\":600},{\"@type\":\"BreadcrumbList\",\"@id\":\"https:\/\/idakorea.ee\/product\/dalba-waterfull-essence-sun-cream-spf-50\/#breadcrumb\",\"itemListElement\":[{\"@type\":\"ListItem\",\"position\":1,\"name\":\"\u0413\u043b\u0430\u0432\u043d\u0430\u044f \u0441\u0442\u0440\u0430\u043d\u0438\u0446\u0430\",\"item\":\"https:\/\/idakorea.ee\/\"},{\"@type\":\"ListItem\",\"position\":2,\"name\":\"Shop\",\"item\":\"https:\/\/idakorea.ee\/shop-2\/\"},{\"@type\":\"ListItem\",\"position\":3,\"name\":\"P\u00e4ikesekaitsekreem n\u00e4ole d&#8217;Alba Waterfull Essence Sun Cream SPF 50+ PA++++, 50 ml\"}]},{\"@type\":\"WebSite\",\"@id\":\"https:\/\/idakorea.ee\/#website\",\"url\":\"https:\/\/idakorea.ee\/\",\"name\":\"IDA.KOREA\",\"description\":\"Korea kosmeetika e-pood\",\"publisher\":{\"@id\":\"https:\/\/idakorea.ee\/#organization\"},\"alternateName\":\"Beauty Shop\",\"potentialAction\":[{\"@type\":\"SearchAction\",\"target\":{\"@type\":\"EntryPoint\",\"urlTemplate\":\"https:\/\/idakorea.ee\/?s={search_term_string}\"},\"query-input\":{\"@type\":\"PropertyValueSpecification\",\"valueRequired\":true,\"valueName\":\"search_term_string\"}}],\"inLanguage\":\"en-US\"},{\"@type\":\"Organization\",\"@id\":\"https:\/\/idakorea.ee\/#organization\",\"name\":\"IDA.KOREA\",\"url\":\"https:\/\/idakorea.ee\/\",\"logo\":{\"@type\":\"ImageObject\",\"inLanguage\":\"en-US\",\"@id\":\"https:\/\/idakorea.ee\/#\/schema\/logo\/image\/\",\"url\":\"https:\/\/idakorea.ee\/wp-content\/uploads\/2024\/05\/cropped-korea3.png\",\"contentUrl\":\"https:\/\/idakorea.ee\/wp-content\/uploads\/2024\/05\/cropped-korea3.png\",\"width\":688,\"height\":126,\"caption\":\"IDA.KOREA\"},\"image\":{\"@id\":\"https:\/\/idakorea.ee\/#\/schema\/logo\/image\/\"},\"sameAs\":[\"https:\/\/www.instagram.com\/ida.korea\/\"]}]}<\/script>\n<!-- \/ Yoast SEO plugin. -->","yoast_head_json":{"title":"d&#039;Alba Waterfull Essence Sun Cream SPF 50+ PA++++, 50 ml - IDA.KOREA","description":"The ultra-light texture provides reliable all-round protection for the skin against UVA, UVB and HEV rays, without leaving a white cast or sticky finish.","robots":{"index":"index","follow":"follow","max-snippet":"max-snippet:-1","max-image-preview":"max-image-preview:large","max-video-preview":"max-video-preview:-1"},"canonical":"https:\/\/idakorea.ee\/en\/product\/dalba-waterfull-essence-sun-cream-spf-50\/","og_locale":"en_US","og_type":"article","og_title":"d'Alba Waterfull Essence Sun Cream SPF 50+ PA++++, 50 ml - IDA.KOREA","og_description":"\u00dclikerge tekstuur tagab nahale usaldusv\u00e4\u00e4rse igak\u00fclgse kaitse UVA-, UVB-kiirte ja HEV-kiirguse eest, j\u00e4tmata valgeid j\u00e4lgi v\u00f5i kleepuvat viimistlust.","og_url":"https:\/\/idakorea.ee\/en\/product\/dalba-waterfull-essence-sun-cream-spf-50\/","og_site_name":"IDA.KOREA","article_modified_time":"2026-03-27T10:09:09+00:00","og_image":[{"width":600,"height":600,"url":"https:\/\/idakorea.ee\/wp-content\/uploads\/2024\/06\/b64313d-1.jpg","type":"image\/jpeg"}],"twitter_card":"summary_large_image","twitter_misc":{"Est. reading time":"2 minutes"},"schema":{"@context":"https:\/\/schema.org","@graph":[{"@type":"WebPage","@id":"https:\/\/idakorea.ee\/product\/dalba-waterfull-essence-sun-cream-spf-50\/","url":"https:\/\/idakorea.ee\/product\/dalba-waterfull-essence-sun-cream-spf-50\/","name":"d&#039;Alba Waterfull Essence Sun Cream SPF 50+ PA++++, 50 ml - IDA.KOREA","isPartOf":{"@id":"https:\/\/idakorea.ee\/#website"},"primaryImageOfPage":{"@id":"https:\/\/idakorea.ee\/product\/dalba-waterfull-essence-sun-cream-spf-50\/#primaryimage"},"image":{"@id":"https:\/\/idakorea.ee\/product\/dalba-waterfull-essence-sun-cream-spf-50\/#primaryimage"},"thumbnailUrl":"https:\/\/idakorea.ee\/wp-content\/uploads\/2024\/06\/b64313d-1.jpg","datePublished":"2024-06-14T08:38:07+00:00","dateModified":"2026-03-27T10:09:09+00:00","description":"The ultra-light texture provides reliable all-round protection for the skin against UVA, UVB and HEV rays, without leaving a white cast or sticky finish.","breadcrumb":{"@id":"https:\/\/idakorea.ee\/product\/dalba-waterfull-essence-sun-cream-spf-50\/#breadcrumb"},"inLanguage":"en-US","potentialAction":[{"@type":"ReadAction","target":["https:\/\/idakorea.ee\/product\/dalba-waterfull-essence-sun-cream-spf-50\/"]}]},{"@type":"ImageObject","inLanguage":"en-US","@id":"https:\/\/idakorea.ee\/product\/dalba-waterfull-essence-sun-cream-spf-50\/#primaryimage","url":"https:\/\/idakorea.ee\/wp-content\/uploads\/2024\/06\/b64313d-1.jpg","contentUrl":"https:\/\/idakorea.ee\/wp-content\/uploads\/2024\/06\/b64313d-1.jpg","width":600,"height":600},{"@type":"BreadcrumbList","@id":"https:\/\/idakorea.ee\/product\/dalba-waterfull-essence-sun-cream-spf-50\/#breadcrumb","itemListElement":[{"@type":"ListItem","position":1,"name":"\u0413\u043b\u0430\u0432\u043d\u0430\u044f \u0441\u0442\u0440\u0430\u043d\u0438\u0446\u0430","item":"https:\/\/idakorea.ee\/"},{"@type":"ListItem","position":2,"name":"Shop","item":"https:\/\/idakorea.ee\/shop-2\/"},{"@type":"ListItem","position":3,"name":"P\u00e4ikesekaitsekreem n\u00e4ole d&#8217;Alba Waterfull Essence Sun Cream SPF 50+ PA++++, 50 ml"}]},{"@type":"WebSite","@id":"https:\/\/idakorea.ee\/#website","url":"https:\/\/idakorea.ee\/","name":"IDA.KOREA","description":"Korean cosmetics e-shop","publisher":{"@id":"https:\/\/idakorea.ee\/#organization"},"alternateName":"Beauty Shop","potentialAction":[{"@type":"SearchAction","target":{"@type":"EntryPoint","urlTemplate":"https:\/\/idakorea.ee\/?s={search_term_string}"},"query-input":{"@type":"PropertyValueSpecification","valueRequired":true,"valueName":"search_term_string"}}],"inLanguage":"en-US"},{"@type":"Organization","@id":"https:\/\/idakorea.ee\/#organization","name":"IDA.KOREA","url":"https:\/\/idakorea.ee\/","logo":{"@type":"ImageObject","inLanguage":"en-US","@id":"https:\/\/idakorea.ee\/#\/schema\/logo\/image\/","url":"https:\/\/idakorea.ee\/wp-content\/uploads\/2024\/05\/cropped-korea3.png","contentUrl":"https:\/\/idakorea.ee\/wp-content\/uploads\/2024\/05\/cropped-korea3.png","width":688,"height":126,"caption":"IDA.KOREA"},"image":{"@id":"https:\/\/idakorea.ee\/#\/schema\/logo\/image\/"},"sameAs":["https:\/\/www.instagram.com\/ida.korea\/"]}]}},"jetpack_sharing_enabled":true,"brands":[{"id":105,"name":"d'ALBA","slug":"dalba"}],"_links":{"self":[{"href":"https:\/\/idakorea.ee\/en\/wp-json\/wp\/v2\/product\/4915","targetHints":{"allow":["GET"]}}],"collection":[{"href":"https:\/\/idakorea.ee\/en\/wp-json\/wp\/v2\/product"}],"about":[{"href":"https:\/\/idakorea.ee\/en\/wp-json\/wp\/v2\/types\/product"}],"replies":[{"embeddable":true,"href":"https:\/\/idakorea.ee\/en\/wp-json\/wp\/v2\/comments?post=4915"}],"version-history":[{"count":1,"href":"https:\/\/idakorea.ee\/en\/wp-json\/wp\/v2\/product\/4915\/revisions"}],"predecessor-version":[{"id":14071,"href":"https:\/\/idakorea.ee\/en\/wp-json\/wp\/v2\/product\/4915\/revisions\/14071"}],"wp:featuredmedia":[{"embeddable":true,"href":"https:\/\/idakorea.ee\/en\/wp-json\/wp\/v2\/media\/4925"}],"wp:attachment":[{"href":"https:\/\/idakorea.ee\/en\/wp-json\/wp\/v2\/media?parent=4915"}],"wp:term":[{"taxonomy":"pwb-brand","embeddable":true,"href":"https:\/\/idakorea.ee\/en\/wp-json\/wp\/v2\/pwb-brand?post=4915"},{"taxonomy":"product_brand","embeddable":true,"href":"https:\/\/idakorea.ee\/en\/wp-json\/wp\/v2\/product_brand?post=4915"},{"taxonomy":"product_cat","embeddable":true,"href":"https:\/\/idakorea.ee\/en\/wp-json\/wp\/v2\/product_cat?post=4915"},{"taxonomy":"product_tag","embeddable":true,"href":"https:\/\/idakorea.ee\/en\/wp-json\/wp\/v2\/product_tag?post=4915"}],"curies":[{"name":"wp","href":"https:\/\/api.w.org\/{rel}","templated":true}]}}