{"id":4956,"date":"2024-06-14T12:44:29","date_gmt":"2024-06-14T10:44:29","guid":{"rendered":"https:\/\/idakorea.ee\/?post_type=product&#038;p=4956"},"modified":"2026-04-03T09:22:23","modified_gmt":"2026-04-03T07:22:23","slug":"toitev-naomask-dalba-white-truffle-nourishing-treatment-mask","status":"publish","type":"product","link":"https:\/\/idakorea.ee\/en\/product\/toitev-naomask-dalba-white-truffle-nourishing-treatment-mask\/","title":{"rendered":"d'Alba White Truffle Nourishing Treatment Mask"},"content":{"rendered":"<p>Quality white truffles, carefully sourced from Piedmont, Italy, with added tocopherol (vitamin E) form the signature ingredient of d'Alba, an antioxidant-rich truffle.<\/p>\n<p>Certified vegan after rigorous V-label testing and in vitro testing. 5-layer hyaluronic acid has a positive synergistic effect with trufferol, providing rich nutrition and additional benefits for healthy skin.<\/p>\n<p>This one-step nourishing treatment mask is perfect for those days when you need extra self-care. It contains five-layer hyaluronic acid to moisturise and soften the skin.<\/p>\n<p>Moisturising cellulose adheres perfectly to the skin and follows the curves of the face without flowing or losing its shape even when exposed to light.<\/p>\n<p>5-layer hyaluronic acid rises to the skin. Hyaluronic acid forms the top layer, hydrolysed hyaluronic acid provides rapid hydration and glucosaminoglycan provides deep moisturisation.<\/p>","protected":false},"excerpt":{"rendered":"<p>Quality white truffles, carefully sourced from Piedmont, Italy, with added tocopherol (vitamin E), form the signature ingredient of d'Alba, an antioxidant-rich truffle. Certified vegan after rigorous V-label testing and in vitro testing. The 5-layer hyaluronic acid has a positive synergistic effect with trufferol, providing rich nutrition and additional benefits for healthy skin. This one-layer nourishing treatment mask is perfect for those days when you need...<\/p>","protected":false},"featured_media":4957,"comment_status":"open","ping_status":"closed","template":"","meta":{"_uf_show_specific_survey":0,"_uf_disable_surveys":false,"_bst_post_transparent":"default","_bst_post_title":"","_bst_post_layout":"default","_bst_post_sidebar_id":"","_bst_post_content_style":"default","_bst_post_vertical_padding":"default","_bst_post_feature":"","_bst_post_feature_position":"","_bst_post_header":false,"_bst_post_footer":false},"pwb-brand":[105],"product_brand":[],"product_cat":[92,98],"product_tag":[127,233,377,202,216,221,145],"class_list":{"0":"post-4956","1":"product","2":"type-product","3":"status-publish","4":"has-post-thumbnail","6":"pwb-brand-dalba","7":"product_cat-nagu","8":"product_cat-naomaskid","9":"product_tag-dalba","10":"product_tag-internet-pood-eesti","11":"product_tag-k-beauty-2","12":"product_tag-korea-kosmeetika","13":"product_tag-kuiv-nahk","14":"product_tag-tundlik-nahk","15":"product_tag-belyj-tryufel","17":"first","18":"instock","19":"sale","20":"shipping-taxable","21":"purchasable","22":"product-type-simple","23":"entry","24":"content-bg","25":"loop-entry"},"supplier_id":null,"supplier_sku":"","barcode":null,"atum_controlled":true,"out_stock_date":null,"out_stock_threshold":null,"inheritable":false,"inbound_stock":0,"stock_on_hold":0,"sold_today":0,"sales_last_days":9,"out_stock_days":0,"lost_sales":0,"has_location":false,"update_date":"2026-04-14T00:05:10","atum_locations":[],"atum_stock_status":"instock","restock_status":false,"low_stock_amount":"","sales_update_date":"2026-04-14T00:05:10","calc_backorders":null,"yoast_head":"<!-- This site is optimized with the Yoast SEO plugin v27.2 - https:\/\/yoast.com\/product\/yoast-seo-wordpress\/ -->\n<title>Toitev n\u00e4omask d&#039;Alba White Truffle Nourishing Treatment Mask - IDA.KOREA<\/title>\n<meta name=\"description\" content=\"See \u00fcheastmeline toitev ravimask sobib suurep\u00e4raselt nendeks p\u00e4evadeks, mil vajate t\u00e4iendavat enesehooldust. See sisaldab viiekihilist h\u00fcaluroonhapet, mis niisutab ja pehmendab nahka.\" \/>\n<meta name=\"robots\" content=\"index, follow, max-snippet:-1, max-image-preview:large, max-video-preview:-1\" \/>\n<link rel=\"canonical\" href=\"https:\/\/idakorea.ee\/en\/product\/toitev-naomask-dalba-white-truffle-nourishing-treatment-mask\/\" \/>\n<meta property=\"og:locale\" content=\"en_US\" \/>\n<meta property=\"og:type\" content=\"article\" \/>\n<meta property=\"og:title\" content=\"Toitev n\u00e4omask d&#039;Alba White Truffle Nourishing Treatment Mask - IDA.KOREA\" \/>\n<meta property=\"og:description\" content=\"See \u00fcheastmeline toitev ravimask sobib suurep\u00e4raselt nendeks p\u00e4evadeks, mil vajate t\u00e4iendavat enesehooldust. See sisaldab viiekihilist h\u00fcaluroonhapet, mis niisutab ja pehmendab nahka.\" \/>\n<meta property=\"og:url\" content=\"https:\/\/idakorea.ee\/en\/product\/toitev-naomask-dalba-white-truffle-nourishing-treatment-mask\/\" \/>\n<meta property=\"og:site_name\" content=\"IDA.KOREA\" \/>\n<meta property=\"article:modified_time\" content=\"2026-04-03T07:22:23+00:00\" \/>\n<meta property=\"og:image\" content=\"https:\/\/idakorea.ee\/wp-content\/uploads\/2024\/06\/g-treatment-mask.jpg\" \/>\n\t<meta property=\"og:image:width\" content=\"782\" \/>\n\t<meta property=\"og:image:height\" content=\"867\" \/>\n\t<meta property=\"og:image:type\" content=\"image\/jpeg\" \/>\n<meta name=\"twitter:card\" content=\"summary_large_image\" \/>\n<meta name=\"twitter:label1\" content=\"Est. reading time\" \/>\n\t<meta name=\"twitter:data1\" content=\"1 minute\" \/>\n<script type=\"application\/ld+json\" class=\"yoast-schema-graph\">{\"@context\":\"https:\/\/schema.org\",\"@graph\":[{\"@type\":\"WebPage\",\"@id\":\"https:\/\/idakorea.ee\/product\/toitev-naomask-dalba-white-truffle-nourishing-treatment-mask\/\",\"url\":\"https:\/\/idakorea.ee\/product\/toitev-naomask-dalba-white-truffle-nourishing-treatment-mask\/\",\"name\":\"Toitev n\u00e4omask d'Alba White Truffle Nourishing Treatment Mask - IDA.KOREA\",\"isPartOf\":{\"@id\":\"https:\/\/idakorea.ee\/#website\"},\"primaryImageOfPage\":{\"@id\":\"https:\/\/idakorea.ee\/product\/toitev-naomask-dalba-white-truffle-nourishing-treatment-mask\/#primaryimage\"},\"image\":{\"@id\":\"https:\/\/idakorea.ee\/product\/toitev-naomask-dalba-white-truffle-nourishing-treatment-mask\/#primaryimage\"},\"thumbnailUrl\":\"https:\/\/idakorea.ee\/wp-content\/uploads\/2024\/06\/g-treatment-mask.jpg\",\"datePublished\":\"2024-06-14T10:44:29+00:00\",\"dateModified\":\"2026-04-03T07:22:23+00:00\",\"description\":\"See \u00fcheastmeline toitev ravimask sobib suurep\u00e4raselt nendeks p\u00e4evadeks, mil vajate t\u00e4iendavat enesehooldust. See sisaldab viiekihilist h\u00fcaluroonhapet, mis niisutab ja pehmendab nahka.\",\"breadcrumb\":{\"@id\":\"https:\/\/idakorea.ee\/product\/toitev-naomask-dalba-white-truffle-nourishing-treatment-mask\/#breadcrumb\"},\"inLanguage\":\"en-US\",\"potentialAction\":[{\"@type\":\"ReadAction\",\"target\":[\"https:\/\/idakorea.ee\/product\/toitev-naomask-dalba-white-truffle-nourishing-treatment-mask\/\"]}]},{\"@type\":\"ImageObject\",\"inLanguage\":\"en-US\",\"@id\":\"https:\/\/idakorea.ee\/product\/toitev-naomask-dalba-white-truffle-nourishing-treatment-mask\/#primaryimage\",\"url\":\"https:\/\/idakorea.ee\/wp-content\/uploads\/2024\/06\/g-treatment-mask.jpg\",\"contentUrl\":\"https:\/\/idakorea.ee\/wp-content\/uploads\/2024\/06\/g-treatment-mask.jpg\",\"width\":782,\"height\":867,\"caption\":\"white truffle mask\"},{\"@type\":\"BreadcrumbList\",\"@id\":\"https:\/\/idakorea.ee\/product\/toitev-naomask-dalba-white-truffle-nourishing-treatment-mask\/#breadcrumb\",\"itemListElement\":[{\"@type\":\"ListItem\",\"position\":1,\"name\":\"\u0413\u043b\u0430\u0432\u043d\u0430\u044f \u0441\u0442\u0440\u0430\u043d\u0438\u0446\u0430\",\"item\":\"https:\/\/idakorea.ee\/\"},{\"@type\":\"ListItem\",\"position\":2,\"name\":\"Shop\",\"item\":\"https:\/\/idakorea.ee\/shop-2\/\"},{\"@type\":\"ListItem\",\"position\":3,\"name\":\"Toitev n\u00e4omask d&#8217;Alba White Truffle Nourishing Treatment Mask\"}]},{\"@type\":\"WebSite\",\"@id\":\"https:\/\/idakorea.ee\/#website\",\"url\":\"https:\/\/idakorea.ee\/\",\"name\":\"IDA.KOREA\",\"description\":\"Korea kosmeetika e-pood\",\"publisher\":{\"@id\":\"https:\/\/idakorea.ee\/#organization\"},\"alternateName\":\"Beauty Shop\",\"potentialAction\":[{\"@type\":\"SearchAction\",\"target\":{\"@type\":\"EntryPoint\",\"urlTemplate\":\"https:\/\/idakorea.ee\/?s={search_term_string}\"},\"query-input\":{\"@type\":\"PropertyValueSpecification\",\"valueRequired\":true,\"valueName\":\"search_term_string\"}}],\"inLanguage\":\"en-US\"},{\"@type\":\"Organization\",\"@id\":\"https:\/\/idakorea.ee\/#organization\",\"name\":\"IDA.KOREA\",\"url\":\"https:\/\/idakorea.ee\/\",\"logo\":{\"@type\":\"ImageObject\",\"inLanguage\":\"en-US\",\"@id\":\"https:\/\/idakorea.ee\/#\/schema\/logo\/image\/\",\"url\":\"https:\/\/idakorea.ee\/wp-content\/uploads\/2024\/05\/cropped-korea3.png\",\"contentUrl\":\"https:\/\/idakorea.ee\/wp-content\/uploads\/2024\/05\/cropped-korea3.png\",\"width\":688,\"height\":126,\"caption\":\"IDA.KOREA\"},\"image\":{\"@id\":\"https:\/\/idakorea.ee\/#\/schema\/logo\/image\/\"},\"sameAs\":[\"https:\/\/www.instagram.com\/ida.korea\/\"]}]}<\/script>\n<!-- \/ Yoast SEO plugin. -->","yoast_head_json":{"title":"Nourishing Face Mask d'Alba White Truffle Nourishing Treatment Mask - IDA.KOREA","description":"This one-step nourishing treatment mask is perfect for those days when you need extra self-care. It contains five-layer hyaluronic acid to moisturise and soften the skin.","robots":{"index":"index","follow":"follow","max-snippet":"max-snippet:-1","max-image-preview":"max-image-preview:large","max-video-preview":"max-video-preview:-1"},"canonical":"https:\/\/idakorea.ee\/en\/product\/toitev-naomask-dalba-white-truffle-nourishing-treatment-mask\/","og_locale":"en_US","og_type":"article","og_title":"Toitev n\u00e4omask d'Alba White Truffle Nourishing Treatment Mask - IDA.KOREA","og_description":"See \u00fcheastmeline toitev ravimask sobib suurep\u00e4raselt nendeks p\u00e4evadeks, mil vajate t\u00e4iendavat enesehooldust. See sisaldab viiekihilist h\u00fcaluroonhapet, mis niisutab ja pehmendab nahka.","og_url":"https:\/\/idakorea.ee\/en\/product\/toitev-naomask-dalba-white-truffle-nourishing-treatment-mask\/","og_site_name":"IDA.KOREA","article_modified_time":"2026-04-03T07:22:23+00:00","og_image":[{"width":782,"height":867,"url":"https:\/\/idakorea.ee\/wp-content\/uploads\/2024\/06\/g-treatment-mask.jpg","type":"image\/jpeg"}],"twitter_card":"summary_large_image","twitter_misc":{"Est. reading time":"1 minute"},"schema":{"@context":"https:\/\/schema.org","@graph":[{"@type":"WebPage","@id":"https:\/\/idakorea.ee\/product\/toitev-naomask-dalba-white-truffle-nourishing-treatment-mask\/","url":"https:\/\/idakorea.ee\/product\/toitev-naomask-dalba-white-truffle-nourishing-treatment-mask\/","name":"Nourishing Face Mask d'Alba White Truffle Nourishing Treatment Mask - IDA.KOREA","isPartOf":{"@id":"https:\/\/idakorea.ee\/#website"},"primaryImageOfPage":{"@id":"https:\/\/idakorea.ee\/product\/toitev-naomask-dalba-white-truffle-nourishing-treatment-mask\/#primaryimage"},"image":{"@id":"https:\/\/idakorea.ee\/product\/toitev-naomask-dalba-white-truffle-nourishing-treatment-mask\/#primaryimage"},"thumbnailUrl":"https:\/\/idakorea.ee\/wp-content\/uploads\/2024\/06\/g-treatment-mask.jpg","datePublished":"2024-06-14T10:44:29+00:00","dateModified":"2026-04-03T07:22:23+00:00","description":"This one-step nourishing treatment mask is perfect for those days when you need extra self-care. It contains five-layer hyaluronic acid to moisturise and soften the skin.","breadcrumb":{"@id":"https:\/\/idakorea.ee\/product\/toitev-naomask-dalba-white-truffle-nourishing-treatment-mask\/#breadcrumb"},"inLanguage":"en-US","potentialAction":[{"@type":"ReadAction","target":["https:\/\/idakorea.ee\/product\/toitev-naomask-dalba-white-truffle-nourishing-treatment-mask\/"]}]},{"@type":"ImageObject","inLanguage":"en-US","@id":"https:\/\/idakorea.ee\/product\/toitev-naomask-dalba-white-truffle-nourishing-treatment-mask\/#primaryimage","url":"https:\/\/idakorea.ee\/wp-content\/uploads\/2024\/06\/g-treatment-mask.jpg","contentUrl":"https:\/\/idakorea.ee\/wp-content\/uploads\/2024\/06\/g-treatment-mask.jpg","width":782,"height":867,"caption":"white truffle mask"},{"@type":"BreadcrumbList","@id":"https:\/\/idakorea.ee\/product\/toitev-naomask-dalba-white-truffle-nourishing-treatment-mask\/#breadcrumb","itemListElement":[{"@type":"ListItem","position":1,"name":"\u0413\u043b\u0430\u0432\u043d\u0430\u044f \u0441\u0442\u0440\u0430\u043d\u0438\u0446\u0430","item":"https:\/\/idakorea.ee\/"},{"@type":"ListItem","position":2,"name":"Shop","item":"https:\/\/idakorea.ee\/shop-2\/"},{"@type":"ListItem","position":3,"name":"Toitev n\u00e4omask d&#8217;Alba White Truffle Nourishing Treatment Mask"}]},{"@type":"WebSite","@id":"https:\/\/idakorea.ee\/#website","url":"https:\/\/idakorea.ee\/","name":"IDA.KOREA","description":"Korean cosmetics e-shop","publisher":{"@id":"https:\/\/idakorea.ee\/#organization"},"alternateName":"Beauty Shop","potentialAction":[{"@type":"SearchAction","target":{"@type":"EntryPoint","urlTemplate":"https:\/\/idakorea.ee\/?s={search_term_string}"},"query-input":{"@type":"PropertyValueSpecification","valueRequired":true,"valueName":"search_term_string"}}],"inLanguage":"en-US"},{"@type":"Organization","@id":"https:\/\/idakorea.ee\/#organization","name":"IDA.KOREA","url":"https:\/\/idakorea.ee\/","logo":{"@type":"ImageObject","inLanguage":"en-US","@id":"https:\/\/idakorea.ee\/#\/schema\/logo\/image\/","url":"https:\/\/idakorea.ee\/wp-content\/uploads\/2024\/05\/cropped-korea3.png","contentUrl":"https:\/\/idakorea.ee\/wp-content\/uploads\/2024\/05\/cropped-korea3.png","width":688,"height":126,"caption":"IDA.KOREA"},"image":{"@id":"https:\/\/idakorea.ee\/#\/schema\/logo\/image\/"},"sameAs":["https:\/\/www.instagram.com\/ida.korea\/"]}]}},"jetpack_sharing_enabled":true,"brands":[{"id":105,"name":"d'ALBA","slug":"dalba"}],"_links":{"self":[{"href":"https:\/\/idakorea.ee\/en\/wp-json\/wp\/v2\/product\/4956","targetHints":{"allow":["GET"]}}],"collection":[{"href":"https:\/\/idakorea.ee\/en\/wp-json\/wp\/v2\/product"}],"about":[{"href":"https:\/\/idakorea.ee\/en\/wp-json\/wp\/v2\/types\/product"}],"replies":[{"embeddable":true,"href":"https:\/\/idakorea.ee\/en\/wp-json\/wp\/v2\/comments?post=4956"}],"version-history":[{"count":1,"href":"https:\/\/idakorea.ee\/en\/wp-json\/wp\/v2\/product\/4956\/revisions"}],"predecessor-version":[{"id":10273,"href":"https:\/\/idakorea.ee\/en\/wp-json\/wp\/v2\/product\/4956\/revisions\/10273"}],"wp:featuredmedia":[{"embeddable":true,"href":"https:\/\/idakorea.ee\/en\/wp-json\/wp\/v2\/media\/4957"}],"wp:attachment":[{"href":"https:\/\/idakorea.ee\/en\/wp-json\/wp\/v2\/media?parent=4956"}],"wp:term":[{"taxonomy":"pwb-brand","embeddable":true,"href":"https:\/\/idakorea.ee\/en\/wp-json\/wp\/v2\/pwb-brand?post=4956"},{"taxonomy":"product_brand","embeddable":true,"href":"https:\/\/idakorea.ee\/en\/wp-json\/wp\/v2\/product_brand?post=4956"},{"taxonomy":"product_cat","embeddable":true,"href":"https:\/\/idakorea.ee\/en\/wp-json\/wp\/v2\/product_cat?post=4956"},{"taxonomy":"product_tag","embeddable":true,"href":"https:\/\/idakorea.ee\/en\/wp-json\/wp\/v2\/product_tag?post=4956"}],"curies":[{"name":"wp","href":"https:\/\/api.w.org\/{rel}","templated":true}]}}