{"id":4985,"date":"2024-06-18T14:20:12","date_gmt":"2024-06-18T12:20:12","guid":{"rendered":"https:\/\/idakorea.ee\/?post_type=product&#038;p=4985"},"modified":"2026-01-31T09:18:27","modified_gmt":"2026-01-31T07:18:27","slug":"silmaumbruse-plaastrid-dalba-the-real-eye-patch-68-tk","status":"publish","type":"product","link":"https:\/\/idakorea.ee\/en\/product\/silmaumbruse-plaastrid-dalba-the-real-eye-patch-68-tk\/","title":{"rendered":"Eye patches d'Alba The Real Eye Patch, 68 pcs"},"content":{"rendered":"<p>Hydrogel patches have excellent elasticity and adhere tightly to the skin, restoring a radiant appearance, eliminating signs of fatigue and leaving skin with a healthy tone. Patented BIO-Presudanne and Italian white truffle extract make skin radiant and supple, while hyaluronic acid and panthenol lock in moisture around the eye. Thanks to an innovative formula, the patches make the colour transparent as the nutrients are absorbed into the skin.<\/p>\n<p>High-quality collagen patches nourish and moisturise dry and dull skin around the eye with collagen and white truffle.<\/p>\n<p>Contains 70% collagen to keep the skin around the eye hydrated and supple.<\/p>\n<p>Moisturising hydrogel soothing patch provides a long-lasting lift while reducing eye puffiness.<\/p>\n<p><strong>Usage: <\/strong>take the patches with a spatula, apply to the cleansed eye area and leave on for 30-40 minutes. Carefully remove the patches and spread the remaining product with your fingertips. For all skin types.<\/p>\n<p>Vegan product. Not tested on animals.<\/p>","protected":false},"excerpt":{"rendered":"<p>Hydrogel patches have excellent elasticity and adhere tightly to the skin, restoring a radiant appearance, eliminating signs of fatigue and leaving skin with a healthy tone. Patented BIO-Presudanne and Italian white truffle extract make skin radiant and supple, while hyaluronic acid and panthenol lock in moisture around the eye. Thanks to an innovative formula, the patches make the colour transparent as the nutrients are absorbed into the skin. High-quality collagen patches nourish and moisturise....<\/p>","protected":false},"featured_media":4986,"comment_status":"open","ping_status":"closed","template":"","meta":{"_uf_show_specific_survey":0,"_uf_disable_surveys":false,"_bst_post_transparent":"default","_bst_post_title":"","_bst_post_layout":"default","_bst_post_sidebar_id":"","_bst_post_content_style":"default","_bst_post_vertical_padding":"default","_bst_post_feature":"","_bst_post_feature_position":"","_bst_post_header":false,"_bst_post_footer":false},"pwb-brand":[105],"product_brand":[],"product_cat":[92,99,385],"product_tag":[127,233,377,202,465,473,145],"class_list":{"0":"post-4985","1":"product","2":"type-product","3":"status-publish","4":"has-post-thumbnail","6":"pwb-brand-dalba","7":"product_cat-nagu","8":"product_cat-silmad-ja-huuled-2","9":"product_cat-silmapadjad","10":"product_tag-dalba","11":"product_tag-internet-pood-eesti","12":"product_tag-k-beauty-2","13":"product_tag-korea-kosmeetika","14":"product_tag-korea-lux","15":"product_tag-korea-premium","16":"product_tag-belyj-tryufel","18":"first","19":"outofstock","20":"sale","21":"shipping-taxable","22":"purchasable","23":"product-type-simple","24":"entry","25":"content-bg","26":"loop-entry"},"supplier_id":null,"supplier_sku":"","barcode":null,"atum_controlled":true,"out_stock_date":"2025-11-27 15:25:30","out_stock_threshold":null,"inheritable":false,"inbound_stock":0,"stock_on_hold":0,"sold_today":0,"sales_last_days":0,"out_stock_days":137,"lost_sales":3127,"has_location":false,"update_date":"2026-04-14T00:05:07","atum_locations":[],"atum_stock_status":"outofstock","restock_status":false,"low_stock_amount":"","sales_update_date":"2026-04-14T00:05:07","calc_backorders":null,"yoast_head":"<!-- This site is optimized with the Yoast SEO plugin v27.2 - https:\/\/yoast.com\/product\/yoast-seo-wordpress\/ -->\n<title>Silma\u00fcmbruse plaastrid d&#039;Alba The Real Eye Patch, 68 tk - IDA.KOREA<\/title>\n<meta name=\"description\" content=\"H\u00fcdrogeelplaastrid on suurep\u00e4rase elastsusega ja kleepuvad tihedalt nahale, taastavad s\u00e4rava v\u00e4limuse, k\u00f5rvaldavad v\u00e4simuse m\u00e4rgid ja annavad nahale terve tooni.\" \/>\n<meta name=\"robots\" content=\"index, follow, max-snippet:-1, max-image-preview:large, max-video-preview:-1\" \/>\n<link rel=\"canonical\" href=\"https:\/\/idakorea.ee\/en\/product\/silmaumbruse-plaastrid-dalba-the-real-eye-patch-68-tk\/\" \/>\n<meta property=\"og:locale\" content=\"en_US\" \/>\n<meta property=\"og:type\" content=\"article\" \/>\n<meta property=\"og:title\" content=\"Silma\u00fcmbruse plaastrid d&#039;Alba The Real Eye Patch, 68 tk - IDA.KOREA\" \/>\n<meta property=\"og:description\" content=\"H\u00fcdrogeelplaastrid on suurep\u00e4rase elastsusega ja kleepuvad tihedalt nahale, taastavad s\u00e4rava v\u00e4limuse, k\u00f5rvaldavad v\u00e4simuse m\u00e4rgid ja annavad nahale terve tooni.\" \/>\n<meta property=\"og:url\" content=\"https:\/\/idakorea.ee\/en\/product\/silmaumbruse-plaastrid-dalba-the-real-eye-patch-68-tk\/\" \/>\n<meta property=\"og:site_name\" content=\"IDA.KOREA\" \/>\n<meta property=\"article:modified_time\" content=\"2026-01-31T07:18:27+00:00\" \/>\n<meta property=\"og:image\" content=\"https:\/\/idakorea.ee\/wp-content\/uploads\/2024\/06\/3c5a.jpg\" \/>\n\t<meta property=\"og:image:width\" content=\"845\" \/>\n\t<meta property=\"og:image:height\" content=\"845\" \/>\n\t<meta property=\"og:image:type\" content=\"image\/jpeg\" \/>\n<meta name=\"twitter:card\" content=\"summary_large_image\" \/>\n<meta name=\"twitter:label1\" content=\"Est. reading time\" \/>\n\t<meta name=\"twitter:data1\" content=\"1 minute\" \/>\n<script type=\"application\/ld+json\" class=\"yoast-schema-graph\">{\"@context\":\"https:\/\/schema.org\",\"@graph\":[{\"@type\":\"WebPage\",\"@id\":\"https:\/\/idakorea.ee\/product\/silmaumbruse-plaastrid-dalba-the-real-eye-patch-68-tk\/\",\"url\":\"https:\/\/idakorea.ee\/product\/silmaumbruse-plaastrid-dalba-the-real-eye-patch-68-tk\/\",\"name\":\"Silma\u00fcmbruse plaastrid d'Alba The Real Eye Patch, 68 tk - IDA.KOREA\",\"isPartOf\":{\"@id\":\"https:\/\/idakorea.ee\/#website\"},\"primaryImageOfPage\":{\"@id\":\"https:\/\/idakorea.ee\/product\/silmaumbruse-plaastrid-dalba-the-real-eye-patch-68-tk\/#primaryimage\"},\"image\":{\"@id\":\"https:\/\/idakorea.ee\/product\/silmaumbruse-plaastrid-dalba-the-real-eye-patch-68-tk\/#primaryimage\"},\"thumbnailUrl\":\"https:\/\/idakorea.ee\/wp-content\/uploads\/2024\/06\/3c5a.jpg\",\"datePublished\":\"2024-06-18T12:20:12+00:00\",\"dateModified\":\"2026-01-31T07:18:27+00:00\",\"description\":\"H\u00fcdrogeelplaastrid on suurep\u00e4rase elastsusega ja kleepuvad tihedalt nahale, taastavad s\u00e4rava v\u00e4limuse, k\u00f5rvaldavad v\u00e4simuse m\u00e4rgid ja annavad nahale terve tooni.\",\"breadcrumb\":{\"@id\":\"https:\/\/idakorea.ee\/product\/silmaumbruse-plaastrid-dalba-the-real-eye-patch-68-tk\/#breadcrumb\"},\"inLanguage\":\"en-US\",\"potentialAction\":[{\"@type\":\"ReadAction\",\"target\":[\"https:\/\/idakorea.ee\/product\/silmaumbruse-plaastrid-dalba-the-real-eye-patch-68-tk\/\"]}]},{\"@type\":\"ImageObject\",\"inLanguage\":\"en-US\",\"@id\":\"https:\/\/idakorea.ee\/product\/silmaumbruse-plaastrid-dalba-the-real-eye-patch-68-tk\/#primaryimage\",\"url\":\"https:\/\/idakorea.ee\/wp-content\/uploads\/2024\/06\/3c5a.jpg\",\"contentUrl\":\"https:\/\/idakorea.ee\/wp-content\/uploads\/2024\/06\/3c5a.jpg\",\"width\":845,\"height\":845,\"caption\":\"dalba patch eye\"},{\"@type\":\"BreadcrumbList\",\"@id\":\"https:\/\/idakorea.ee\/product\/silmaumbruse-plaastrid-dalba-the-real-eye-patch-68-tk\/#breadcrumb\",\"itemListElement\":[{\"@type\":\"ListItem\",\"position\":1,\"name\":\"\u0413\u043b\u0430\u0432\u043d\u0430\u044f \u0441\u0442\u0440\u0430\u043d\u0438\u0446\u0430\",\"item\":\"https:\/\/idakorea.ee\/\"},{\"@type\":\"ListItem\",\"position\":2,\"name\":\"Shop\",\"item\":\"https:\/\/idakorea.ee\/shop-2\/\"},{\"@type\":\"ListItem\",\"position\":3,\"name\":\"Silma\u00fcmbruse plaastrid d&#8217;Alba The Real Eye Patch, 68 tk\"}]},{\"@type\":\"WebSite\",\"@id\":\"https:\/\/idakorea.ee\/#website\",\"url\":\"https:\/\/idakorea.ee\/\",\"name\":\"IDA.KOREA\",\"description\":\"Korea kosmeetika e-pood\",\"publisher\":{\"@id\":\"https:\/\/idakorea.ee\/#organization\"},\"alternateName\":\"Beauty Shop\",\"potentialAction\":[{\"@type\":\"SearchAction\",\"target\":{\"@type\":\"EntryPoint\",\"urlTemplate\":\"https:\/\/idakorea.ee\/?s={search_term_string}\"},\"query-input\":{\"@type\":\"PropertyValueSpecification\",\"valueRequired\":true,\"valueName\":\"search_term_string\"}}],\"inLanguage\":\"en-US\"},{\"@type\":\"Organization\",\"@id\":\"https:\/\/idakorea.ee\/#organization\",\"name\":\"IDA.KOREA\",\"url\":\"https:\/\/idakorea.ee\/\",\"logo\":{\"@type\":\"ImageObject\",\"inLanguage\":\"en-US\",\"@id\":\"https:\/\/idakorea.ee\/#\/schema\/logo\/image\/\",\"url\":\"https:\/\/idakorea.ee\/wp-content\/uploads\/2024\/05\/cropped-korea3.png\",\"contentUrl\":\"https:\/\/idakorea.ee\/wp-content\/uploads\/2024\/05\/cropped-korea3.png\",\"width\":688,\"height\":126,\"caption\":\"IDA.KOREA\"},\"image\":{\"@id\":\"https:\/\/idakorea.ee\/#\/schema\/logo\/image\/\"},\"sameAs\":[\"https:\/\/www.instagram.com\/ida.korea\/\"]}]}<\/script>\n<!-- \/ Yoast SEO plugin. -->","yoast_head_json":{"title":"Eye patches d'Alba The Real Eye Patch, 68 pcs - IDA.KOREA","description":"Hydrogel patches have excellent elasticity and adhere tightly to the skin, restoring a radiant appearance, eliminating signs of fatigue and leaving skin with a healthy tone.","robots":{"index":"index","follow":"follow","max-snippet":"max-snippet:-1","max-image-preview":"max-image-preview:large","max-video-preview":"max-video-preview:-1"},"canonical":"https:\/\/idakorea.ee\/en\/product\/silmaumbruse-plaastrid-dalba-the-real-eye-patch-68-tk\/","og_locale":"en_US","og_type":"article","og_title":"Silma\u00fcmbruse plaastrid d'Alba The Real Eye Patch, 68 tk - IDA.KOREA","og_description":"H\u00fcdrogeelplaastrid on suurep\u00e4rase elastsusega ja kleepuvad tihedalt nahale, taastavad s\u00e4rava v\u00e4limuse, k\u00f5rvaldavad v\u00e4simuse m\u00e4rgid ja annavad nahale terve tooni.","og_url":"https:\/\/idakorea.ee\/en\/product\/silmaumbruse-plaastrid-dalba-the-real-eye-patch-68-tk\/","og_site_name":"IDA.KOREA","article_modified_time":"2026-01-31T07:18:27+00:00","og_image":[{"width":845,"height":845,"url":"https:\/\/idakorea.ee\/wp-content\/uploads\/2024\/06\/3c5a.jpg","type":"image\/jpeg"}],"twitter_card":"summary_large_image","twitter_misc":{"Est. reading time":"1 minute"},"schema":{"@context":"https:\/\/schema.org","@graph":[{"@type":"WebPage","@id":"https:\/\/idakorea.ee\/product\/silmaumbruse-plaastrid-dalba-the-real-eye-patch-68-tk\/","url":"https:\/\/idakorea.ee\/product\/silmaumbruse-plaastrid-dalba-the-real-eye-patch-68-tk\/","name":"Eye patches d'Alba The Real Eye Patch, 68 pcs - IDA.KOREA","isPartOf":{"@id":"https:\/\/idakorea.ee\/#website"},"primaryImageOfPage":{"@id":"https:\/\/idakorea.ee\/product\/silmaumbruse-plaastrid-dalba-the-real-eye-patch-68-tk\/#primaryimage"},"image":{"@id":"https:\/\/idakorea.ee\/product\/silmaumbruse-plaastrid-dalba-the-real-eye-patch-68-tk\/#primaryimage"},"thumbnailUrl":"https:\/\/idakorea.ee\/wp-content\/uploads\/2024\/06\/3c5a.jpg","datePublished":"2024-06-18T12:20:12+00:00","dateModified":"2026-01-31T07:18:27+00:00","description":"Hydrogel patches have excellent elasticity and adhere tightly to the skin, restoring a radiant appearance, eliminating signs of fatigue and leaving skin with a healthy tone.","breadcrumb":{"@id":"https:\/\/idakorea.ee\/product\/silmaumbruse-plaastrid-dalba-the-real-eye-patch-68-tk\/#breadcrumb"},"inLanguage":"en-US","potentialAction":[{"@type":"ReadAction","target":["https:\/\/idakorea.ee\/product\/silmaumbruse-plaastrid-dalba-the-real-eye-patch-68-tk\/"]}]},{"@type":"ImageObject","inLanguage":"en-US","@id":"https:\/\/idakorea.ee\/product\/silmaumbruse-plaastrid-dalba-the-real-eye-patch-68-tk\/#primaryimage","url":"https:\/\/idakorea.ee\/wp-content\/uploads\/2024\/06\/3c5a.jpg","contentUrl":"https:\/\/idakorea.ee\/wp-content\/uploads\/2024\/06\/3c5a.jpg","width":845,"height":845,"caption":"dalba patch eye"},{"@type":"BreadcrumbList","@id":"https:\/\/idakorea.ee\/product\/silmaumbruse-plaastrid-dalba-the-real-eye-patch-68-tk\/#breadcrumb","itemListElement":[{"@type":"ListItem","position":1,"name":"\u0413\u043b\u0430\u0432\u043d\u0430\u044f \u0441\u0442\u0440\u0430\u043d\u0438\u0446\u0430","item":"https:\/\/idakorea.ee\/"},{"@type":"ListItem","position":2,"name":"Shop","item":"https:\/\/idakorea.ee\/shop-2\/"},{"@type":"ListItem","position":3,"name":"Silma\u00fcmbruse plaastrid d&#8217;Alba The Real Eye Patch, 68 tk"}]},{"@type":"WebSite","@id":"https:\/\/idakorea.ee\/#website","url":"https:\/\/idakorea.ee\/","name":"IDA.KOREA","description":"Korean cosmetics e-shop","publisher":{"@id":"https:\/\/idakorea.ee\/#organization"},"alternateName":"Beauty Shop","potentialAction":[{"@type":"SearchAction","target":{"@type":"EntryPoint","urlTemplate":"https:\/\/idakorea.ee\/?s={search_term_string}"},"query-input":{"@type":"PropertyValueSpecification","valueRequired":true,"valueName":"search_term_string"}}],"inLanguage":"en-US"},{"@type":"Organization","@id":"https:\/\/idakorea.ee\/#organization","name":"IDA.KOREA","url":"https:\/\/idakorea.ee\/","logo":{"@type":"ImageObject","inLanguage":"en-US","@id":"https:\/\/idakorea.ee\/#\/schema\/logo\/image\/","url":"https:\/\/idakorea.ee\/wp-content\/uploads\/2024\/05\/cropped-korea3.png","contentUrl":"https:\/\/idakorea.ee\/wp-content\/uploads\/2024\/05\/cropped-korea3.png","width":688,"height":126,"caption":"IDA.KOREA"},"image":{"@id":"https:\/\/idakorea.ee\/#\/schema\/logo\/image\/"},"sameAs":["https:\/\/www.instagram.com\/ida.korea\/"]}]}},"jetpack_sharing_enabled":true,"brands":[{"id":105,"name":"d'ALBA","slug":"dalba"}],"_links":{"self":[{"href":"https:\/\/idakorea.ee\/en\/wp-json\/wp\/v2\/product\/4985","targetHints":{"allow":["GET"]}}],"collection":[{"href":"https:\/\/idakorea.ee\/en\/wp-json\/wp\/v2\/product"}],"about":[{"href":"https:\/\/idakorea.ee\/en\/wp-json\/wp\/v2\/types\/product"}],"replies":[{"embeddable":true,"href":"https:\/\/idakorea.ee\/en\/wp-json\/wp\/v2\/comments?post=4985"}],"version-history":[{"count":2,"href":"https:\/\/idakorea.ee\/en\/wp-json\/wp\/v2\/product\/4985\/revisions"}],"predecessor-version":[{"id":10281,"href":"https:\/\/idakorea.ee\/en\/wp-json\/wp\/v2\/product\/4985\/revisions\/10281"}],"wp:featuredmedia":[{"embeddable":true,"href":"https:\/\/idakorea.ee\/en\/wp-json\/wp\/v2\/media\/4986"}],"wp:attachment":[{"href":"https:\/\/idakorea.ee\/en\/wp-json\/wp\/v2\/media?parent=4985"}],"wp:term":[{"taxonomy":"pwb-brand","embeddable":true,"href":"https:\/\/idakorea.ee\/en\/wp-json\/wp\/v2\/pwb-brand?post=4985"},{"taxonomy":"product_brand","embeddable":true,"href":"https:\/\/idakorea.ee\/en\/wp-json\/wp\/v2\/product_brand?post=4985"},{"taxonomy":"product_cat","embeddable":true,"href":"https:\/\/idakorea.ee\/en\/wp-json\/wp\/v2\/product_cat?post=4985"},{"taxonomy":"product_tag","embeddable":true,"href":"https:\/\/idakorea.ee\/en\/wp-json\/wp\/v2\/product_tag?post=4985"}],"curies":[{"name":"wp","href":"https:\/\/api.w.org\/{rel}","templated":true}]}}