{"id":4996,"date":"2024-06-19T12:07:44","date_gmt":"2024-06-19T12:07:44","guid":{"rendered":"https:\/\/idakorea.ee\/?post_type=product&#038;p=4996"},"modified":"2026-03-27T09:13:16","modified_gmt":"2026-03-27T07:13:16","slug":"tostmisefektiga-jahutav-kilemask-medi-peel-mooltox-hyaluron-layer-wrapping-mask-70ml","status":"publish","type":"product","link":"https:\/\/idakorea.ee\/en\/product\/tostmisefektiga-jahutav-kilemask-medi-peel-mooltox-hyaluron-layer-wrapping-mask-70ml\/","title":{"rendered":"Medi-Peel Mooltox Hyaluron Layer Wrapping Mask, 70ml"},"content":{"rendered":"<p><strong>Medi-Peel Mooltox Hyaluron Layer Wrapping Mask\u00a0<\/strong>moisturises, softens and smoothes the skin, instantly tightens and gives a healthy glow.<\/p>\n<p>Reduces wrinkles and improves the condition of the skin around the eyes, nasolabial folds and forehead. Softens rough areas and perfectly prepares for make-up application. Helps to tighten pores with a firming action.<\/p>\n<p>Reduces skin temperature\u00a0<strong>~7,07\u00b0C\u00a0<\/strong>by reducing discomfort and irritation. Provides long-lasting hydration up to\u00a0<strong>144 hours.\u00a0<\/strong><\/p>\n<p>The formula is based on a foaming water base that refreshes, restores moisture, improves microcirculation, evens tone and smoothes the contours.<\/p>\n<p><strong>Main active ingredients:<\/strong><\/p>\n<ul>\n<li><strong>Volufiline<\/strong>\u00a0(Anemarrhena Asphodeloides Root Extract) - A substance extracted from Anemarrhena that increases the density and volume of the skin, with similar effects to lipofilling.<\/li>\n<li><strong>Collages\u00a0<\/strong>intensively moisturises, helps cells retain moisture, improves skin texture, stimulates regeneration processes and helps smooth wrinkles.<\/li>\n<li><strong>Jojoba oil\u00a0<\/strong>is rich in vitamins A and E, combats dryness and flakiness, nourishes, tightens and firms the skin.<\/li>\n<li><strong>3 types of hyaluronic acid<\/strong>\u00a0moisturises, softens, strengthens the hydrolipidic barrier and prevents moisture loss.<\/li>\n<li><strong>Pantenol\u00a0<\/strong>(vitamin B5) relieves redness and itching, strengthens the hydrolipidic barrier, prevents moisture evaporation and promotes recovery.<\/li>\n<li><strong>Sunflower oil<\/strong>\u00a0nourishes, strengthens the protective barrier, does not clog pores.<\/li>\n<li><strong>Centella asiatica<\/strong>\u00a0extract strengthens blood vessels, inhibits inflammation, helps fight eczema and syphilis, prevents the formation of vascular asterisks, reduces sensitivity.<\/li>\n<li><strong>To the bottle\u00a0<\/strong>is a polysaccharide polymer with strong antioxidant activity. It creates an imperceptible layer on the skin that retains moisture, firms and smoothes. It slows down the ageing process and strengthens tissues, restoring smoothness and radiance.<\/li>\n<li><strong>Rice bran oil\u00a0<\/strong>saturates with essential nutrients, restores hydrolipid balance, rejuvenates, softens, moisturises and saturates with antioxidants.<\/li>\n<li><strong>Ektoiin<\/strong>\u00a0- organic amino acid, effectively protects against external factors and UV rays, has a disinfectant effect. Controls the production of melanin and helps lighten pigmentation.<\/li>\n<li><strong>Menthyl lactate<\/strong>\u00a0is a menthol derivative. It has a mild cooling effect without irritation.<\/li>\n<li><strong>Ceramides<\/strong>\u00a0are similar to epidermal lipids: they reinforce the protective hydrolipidic layer, eliminate flaking and dryness, prevent moisture loss and reduce sensitivity to external irritants.<\/li>\n<li><strong>Arginia<\/strong>\u00a0improves microcirculation and maintains optimal hydration levels, it is part of the natural moisturising factor (NMF) and prevents dehydration.<\/li>\n<li><strong>Xylitol glycoside<\/strong>\u00a0is a natural humectant that softens and smoothes micro-elasticity, retains water molecules in cells and prevents evaporation.<\/li>\n<li><strong>Adenos<\/strong>\u00a0Stimulates collagen production, reduces the depth of wrinkles and prevents their formation, maintains skin elasticity and youthfulness.<\/li>\n<\/ul>\n<p><strong>Usage:\u00a0<\/strong>after washing, toning, applying serum and cream, apply the mask to the dry face, avoiding the eye and mouth area. When the mask has completely dried after 20-30 minutes, pick up the layer by the edges and gently remove. Apply a moisturising cream if desired. Use 2-3 times a week.<\/p>","protected":false},"excerpt":{"rendered":"<p>Medi-Peel Mooltox Hyaluron Layer Wrapping Mask moisturizes, softens and smoothes the skin, instantly tightens and gives a healthy glow. Reduces wrinkles and improves the condition of the skin around the eyes, nasolabial folds and forehead. Softens rough areas and perfectly prepares for make-up application. Helps to tighten pores with a firming action. Reduces skin temperature by ~7,07\u00b0C, relieving discomfort and irritation. Provides long-lasting hydration for up to 144 hours.  Composition...<\/p>","protected":false},"featured_media":4997,"comment_status":"open","ping_status":"closed","template":"","meta":{"_uf_show_specific_survey":0,"_uf_disable_surveys":false,"_bst_post_transparent":"default","_bst_post_title":"","_bst_post_layout":"default","_bst_post_sidebar_id":"","_bst_post_content_style":"default","_bst_post_vertical_padding":"default","_bst_post_feature":"","_bst_post_feature_position":"","_bst_post_header":false,"_bst_post_footer":false},"pwb-brand":[107],"product_brand":[],"product_cat":[92,98],"product_tag":[233,377,202,216,249,381],"class_list":{"0":"post-4996","1":"product","2":"type-product","3":"status-publish","4":"has-post-thumbnail","6":"pwb-brand-medipeel","7":"product_cat-nagu","8":"product_cat-naomaskid","9":"product_tag-internet-pood-eesti","10":"product_tag-k-beauty-2","11":"product_tag-korea-kosmeetika","12":"product_tag-kuiv-nahk","13":"product_tag-medi-peel","14":"product_tag-medipeel","16":"first","17":"outofstock","18":"sale","19":"shipping-taxable","20":"purchasable","21":"product-type-simple","22":"entry","23":"content-bg","24":"loop-entry"},"supplier_id":null,"supplier_sku":"","barcode":null,"atum_controlled":true,"out_stock_date":"2026-03-27 09:13:16","out_stock_threshold":null,"inheritable":false,"inbound_stock":0,"stock_on_hold":0,"sold_today":0,"sales_last_days":1,"out_stock_days":17,"lost_sales":75,"has_location":false,"update_date":"2026-04-14T00:05:11","atum_locations":[],"atum_stock_status":"outofstock","restock_status":false,"low_stock_amount":"","sales_update_date":"2026-04-14T00:05:11","calc_backorders":null,"yoast_head":"<!-- This site is optimized with the Yoast SEO plugin v27.2 - https:\/\/yoast.com\/product\/yoast-seo-wordpress\/ -->\n<title>T\u00f5stmisefektiga jahutav kilemask Medi-Peel Mooltox Hyaluron Layer Wrapping Mask, 70ml - IDA.KOREA<\/title>\n<meta name=\"robots\" content=\"index, follow, max-snippet:-1, max-image-preview:large, max-video-preview:-1\" \/>\n<link rel=\"canonical\" href=\"https:\/\/idakorea.ee\/en\/product\/tostmisefektiga-jahutav-kilemask-medi-peel-mooltox-hyaluron-layer-wrapping-mask-70ml\/\" \/>\n<meta property=\"og:locale\" content=\"en_US\" \/>\n<meta property=\"og:type\" content=\"article\" \/>\n<meta property=\"og:title\" content=\"T\u00f5stmisefektiga jahutav kilemask Medi-Peel Mooltox Hyaluron Layer Wrapping Mask, 70ml - IDA.KOREA\" \/>\n<meta property=\"og:description\" content=\"Medi-Peel Mooltox Hyaluron Layer Wrapping Mask\u00a0niisutab, pehmendab ja silub nahka, pinguldab koheselt ja annab tervisliku s\u00e4ra. V\u00e4hendab kortse ja parandab naha seisundit silmade \u00fcmbruses, nasolabiaalvoltides ja otsmikul. Pehmendab karedad piirkonnad ja valmistab ideaalselt ette meigi tegemiseks. Aitab kaasa pooride ahenemisele pinguldava toimega. V\u00e4hendab naha temperatuuri\u00a0~7,07\u00b0C\u00a0v\u00f5rra, leevendades ebamugavustunnet ja \u00e4rritust. Tagab kauakestva niisutuse kuni\u00a0144 tunniks.\u00a0 Koostis...\" \/>\n<meta property=\"og:url\" content=\"https:\/\/idakorea.ee\/en\/product\/tostmisefektiga-jahutav-kilemask-medi-peel-mooltox-hyaluron-layer-wrapping-mask-70ml\/\" \/>\n<meta property=\"og:site_name\" content=\"IDA.KOREA\" \/>\n<meta property=\"article:modified_time\" content=\"2026-03-27T07:13:16+00:00\" \/>\n<meta property=\"og:image\" content=\"https:\/\/idakorea.ee\/wp-content\/uploads\/2024\/06\/Medi_Peel-Mooltox-Hyaluron-Layer-Wrapping-Mask.jpg\" \/>\n\t<meta property=\"og:image:width\" content=\"1000\" \/>\n\t<meta property=\"og:image:height\" content=\"1000\" \/>\n\t<meta property=\"og:image:type\" content=\"image\/jpeg\" \/>\n<meta name=\"twitter:card\" content=\"summary_large_image\" \/>\n<meta name=\"twitter:label1\" content=\"Est. reading time\" \/>\n\t<meta name=\"twitter:data1\" content=\"3 minutes\" \/>\n<script type=\"application\/ld+json\" class=\"yoast-schema-graph\">{\"@context\":\"https:\/\/schema.org\",\"@graph\":[{\"@type\":\"WebPage\",\"@id\":\"https:\/\/idakorea.ee\/product\/tostmisefektiga-jahutav-kilemask-medi-peel-mooltox-hyaluron-layer-wrapping-mask-70ml\/\",\"url\":\"https:\/\/idakorea.ee\/product\/tostmisefektiga-jahutav-kilemask-medi-peel-mooltox-hyaluron-layer-wrapping-mask-70ml\/\",\"name\":\"T\u00f5stmisefektiga jahutav kilemask Medi-Peel Mooltox Hyaluron Layer Wrapping Mask, 70ml - IDA.KOREA\",\"isPartOf\":{\"@id\":\"https:\/\/idakorea.ee\/#website\"},\"primaryImageOfPage\":{\"@id\":\"https:\/\/idakorea.ee\/product\/tostmisefektiga-jahutav-kilemask-medi-peel-mooltox-hyaluron-layer-wrapping-mask-70ml\/#primaryimage\"},\"image\":{\"@id\":\"https:\/\/idakorea.ee\/product\/tostmisefektiga-jahutav-kilemask-medi-peel-mooltox-hyaluron-layer-wrapping-mask-70ml\/#primaryimage\"},\"thumbnailUrl\":\"https:\/\/idakorea.ee\/wp-content\/uploads\/2024\/06\/Medi_Peel-Mooltox-Hyaluron-Layer-Wrapping-Mask.jpg\",\"datePublished\":\"2024-06-19T12:07:44+00:00\",\"dateModified\":\"2026-03-27T07:13:16+00:00\",\"breadcrumb\":{\"@id\":\"https:\/\/idakorea.ee\/product\/tostmisefektiga-jahutav-kilemask-medi-peel-mooltox-hyaluron-layer-wrapping-mask-70ml\/#breadcrumb\"},\"inLanguage\":\"en-US\",\"potentialAction\":[{\"@type\":\"ReadAction\",\"target\":[\"https:\/\/idakorea.ee\/product\/tostmisefektiga-jahutav-kilemask-medi-peel-mooltox-hyaluron-layer-wrapping-mask-70ml\/\"]}]},{\"@type\":\"ImageObject\",\"inLanguage\":\"en-US\",\"@id\":\"https:\/\/idakorea.ee\/product\/tostmisefektiga-jahutav-kilemask-medi-peel-mooltox-hyaluron-layer-wrapping-mask-70ml\/#primaryimage\",\"url\":\"https:\/\/idakorea.ee\/wp-content\/uploads\/2024\/06\/Medi_Peel-Mooltox-Hyaluron-Layer-Wrapping-Mask.jpg\",\"contentUrl\":\"https:\/\/idakorea.ee\/wp-content\/uploads\/2024\/06\/Medi_Peel-Mooltox-Hyaluron-Layer-Wrapping-Mask.jpg\",\"width\":1000,\"height\":1000},{\"@type\":\"BreadcrumbList\",\"@id\":\"https:\/\/idakorea.ee\/product\/tostmisefektiga-jahutav-kilemask-medi-peel-mooltox-hyaluron-layer-wrapping-mask-70ml\/#breadcrumb\",\"itemListElement\":[{\"@type\":\"ListItem\",\"position\":1,\"name\":\"\u0413\u043b\u0430\u0432\u043d\u0430\u044f \u0441\u0442\u0440\u0430\u043d\u0438\u0446\u0430\",\"item\":\"https:\/\/idakorea.ee\/\"},{\"@type\":\"ListItem\",\"position\":2,\"name\":\"Shop\",\"item\":\"https:\/\/idakorea.ee\/shop-2\/\"},{\"@type\":\"ListItem\",\"position\":3,\"name\":\"T\u00f5stmisefektiga jahutav kilemask Medi-Peel Mooltox Hyaluron Layer Wrapping Mask, 70ml\"}]},{\"@type\":\"WebSite\",\"@id\":\"https:\/\/idakorea.ee\/#website\",\"url\":\"https:\/\/idakorea.ee\/\",\"name\":\"IDA.KOREA\",\"description\":\"Korea kosmeetika e-pood\",\"publisher\":{\"@id\":\"https:\/\/idakorea.ee\/#organization\"},\"alternateName\":\"Beauty Shop\",\"potentialAction\":[{\"@type\":\"SearchAction\",\"target\":{\"@type\":\"EntryPoint\",\"urlTemplate\":\"https:\/\/idakorea.ee\/?s={search_term_string}\"},\"query-input\":{\"@type\":\"PropertyValueSpecification\",\"valueRequired\":true,\"valueName\":\"search_term_string\"}}],\"inLanguage\":\"en-US\"},{\"@type\":\"Organization\",\"@id\":\"https:\/\/idakorea.ee\/#organization\",\"name\":\"IDA.KOREA\",\"url\":\"https:\/\/idakorea.ee\/\",\"logo\":{\"@type\":\"ImageObject\",\"inLanguage\":\"en-US\",\"@id\":\"https:\/\/idakorea.ee\/#\/schema\/logo\/image\/\",\"url\":\"https:\/\/idakorea.ee\/wp-content\/uploads\/2024\/05\/cropped-korea3.png\",\"contentUrl\":\"https:\/\/idakorea.ee\/wp-content\/uploads\/2024\/05\/cropped-korea3.png\",\"width\":688,\"height\":126,\"caption\":\"IDA.KOREA\"},\"image\":{\"@id\":\"https:\/\/idakorea.ee\/#\/schema\/logo\/image\/\"},\"sameAs\":[\"https:\/\/www.instagram.com\/ida.korea\/\"]}]}<\/script>\n<!-- \/ Yoast SEO plugin. -->","yoast_head_json":{"title":"Cooling film mask with lifting effect Medi-Peel Mooltox Hyaluron Layer Wrapping Mask, 70ml - IDA.KOREA","robots":{"index":"index","follow":"follow","max-snippet":"max-snippet:-1","max-image-preview":"max-image-preview:large","max-video-preview":"max-video-preview:-1"},"canonical":"https:\/\/idakorea.ee\/en\/product\/tostmisefektiga-jahutav-kilemask-medi-peel-mooltox-hyaluron-layer-wrapping-mask-70ml\/","og_locale":"en_US","og_type":"article","og_title":"T\u00f5stmisefektiga jahutav kilemask Medi-Peel Mooltox Hyaluron Layer Wrapping Mask, 70ml - IDA.KOREA","og_description":"Medi-Peel Mooltox Hyaluron Layer Wrapping Mask\u00a0niisutab, pehmendab ja silub nahka, pinguldab koheselt ja annab tervisliku s\u00e4ra. V\u00e4hendab kortse ja parandab naha seisundit silmade \u00fcmbruses, nasolabiaalvoltides ja otsmikul. Pehmendab karedad piirkonnad ja valmistab ideaalselt ette meigi tegemiseks. Aitab kaasa pooride ahenemisele pinguldava toimega. V\u00e4hendab naha temperatuuri\u00a0~7,07\u00b0C\u00a0v\u00f5rra, leevendades ebamugavustunnet ja \u00e4rritust. Tagab kauakestva niisutuse kuni\u00a0144 tunniks.\u00a0 Koostis...","og_url":"https:\/\/idakorea.ee\/en\/product\/tostmisefektiga-jahutav-kilemask-medi-peel-mooltox-hyaluron-layer-wrapping-mask-70ml\/","og_site_name":"IDA.KOREA","article_modified_time":"2026-03-27T07:13:16+00:00","og_image":[{"width":1000,"height":1000,"url":"https:\/\/idakorea.ee\/wp-content\/uploads\/2024\/06\/Medi_Peel-Mooltox-Hyaluron-Layer-Wrapping-Mask.jpg","type":"image\/jpeg"}],"twitter_card":"summary_large_image","twitter_misc":{"Est. reading time":"3 minutes"},"schema":{"@context":"https:\/\/schema.org","@graph":[{"@type":"WebPage","@id":"https:\/\/idakorea.ee\/product\/tostmisefektiga-jahutav-kilemask-medi-peel-mooltox-hyaluron-layer-wrapping-mask-70ml\/","url":"https:\/\/idakorea.ee\/product\/tostmisefektiga-jahutav-kilemask-medi-peel-mooltox-hyaluron-layer-wrapping-mask-70ml\/","name":"Cooling film mask with lifting effect Medi-Peel Mooltox Hyaluron Layer Wrapping Mask, 70ml - IDA.KOREA","isPartOf":{"@id":"https:\/\/idakorea.ee\/#website"},"primaryImageOfPage":{"@id":"https:\/\/idakorea.ee\/product\/tostmisefektiga-jahutav-kilemask-medi-peel-mooltox-hyaluron-layer-wrapping-mask-70ml\/#primaryimage"},"image":{"@id":"https:\/\/idakorea.ee\/product\/tostmisefektiga-jahutav-kilemask-medi-peel-mooltox-hyaluron-layer-wrapping-mask-70ml\/#primaryimage"},"thumbnailUrl":"https:\/\/idakorea.ee\/wp-content\/uploads\/2024\/06\/Medi_Peel-Mooltox-Hyaluron-Layer-Wrapping-Mask.jpg","datePublished":"2024-06-19T12:07:44+00:00","dateModified":"2026-03-27T07:13:16+00:00","breadcrumb":{"@id":"https:\/\/idakorea.ee\/product\/tostmisefektiga-jahutav-kilemask-medi-peel-mooltox-hyaluron-layer-wrapping-mask-70ml\/#breadcrumb"},"inLanguage":"en-US","potentialAction":[{"@type":"ReadAction","target":["https:\/\/idakorea.ee\/product\/tostmisefektiga-jahutav-kilemask-medi-peel-mooltox-hyaluron-layer-wrapping-mask-70ml\/"]}]},{"@type":"ImageObject","inLanguage":"en-US","@id":"https:\/\/idakorea.ee\/product\/tostmisefektiga-jahutav-kilemask-medi-peel-mooltox-hyaluron-layer-wrapping-mask-70ml\/#primaryimage","url":"https:\/\/idakorea.ee\/wp-content\/uploads\/2024\/06\/Medi_Peel-Mooltox-Hyaluron-Layer-Wrapping-Mask.jpg","contentUrl":"https:\/\/idakorea.ee\/wp-content\/uploads\/2024\/06\/Medi_Peel-Mooltox-Hyaluron-Layer-Wrapping-Mask.jpg","width":1000,"height":1000},{"@type":"BreadcrumbList","@id":"https:\/\/idakorea.ee\/product\/tostmisefektiga-jahutav-kilemask-medi-peel-mooltox-hyaluron-layer-wrapping-mask-70ml\/#breadcrumb","itemListElement":[{"@type":"ListItem","position":1,"name":"\u0413\u043b\u0430\u0432\u043d\u0430\u044f \u0441\u0442\u0440\u0430\u043d\u0438\u0446\u0430","item":"https:\/\/idakorea.ee\/"},{"@type":"ListItem","position":2,"name":"Shop","item":"https:\/\/idakorea.ee\/shop-2\/"},{"@type":"ListItem","position":3,"name":"T\u00f5stmisefektiga jahutav kilemask Medi-Peel Mooltox Hyaluron Layer Wrapping Mask, 70ml"}]},{"@type":"WebSite","@id":"https:\/\/idakorea.ee\/#website","url":"https:\/\/idakorea.ee\/","name":"IDA.KOREA","description":"Korean cosmetics e-shop","publisher":{"@id":"https:\/\/idakorea.ee\/#organization"},"alternateName":"Beauty Shop","potentialAction":[{"@type":"SearchAction","target":{"@type":"EntryPoint","urlTemplate":"https:\/\/idakorea.ee\/?s={search_term_string}"},"query-input":{"@type":"PropertyValueSpecification","valueRequired":true,"valueName":"search_term_string"}}],"inLanguage":"en-US"},{"@type":"Organization","@id":"https:\/\/idakorea.ee\/#organization","name":"IDA.KOREA","url":"https:\/\/idakorea.ee\/","logo":{"@type":"ImageObject","inLanguage":"en-US","@id":"https:\/\/idakorea.ee\/#\/schema\/logo\/image\/","url":"https:\/\/idakorea.ee\/wp-content\/uploads\/2024\/05\/cropped-korea3.png","contentUrl":"https:\/\/idakorea.ee\/wp-content\/uploads\/2024\/05\/cropped-korea3.png","width":688,"height":126,"caption":"IDA.KOREA"},"image":{"@id":"https:\/\/idakorea.ee\/#\/schema\/logo\/image\/"},"sameAs":["https:\/\/www.instagram.com\/ida.korea\/"]}]}},"jetpack_sharing_enabled":true,"brands":[{"id":107,"name":"MEDIPEEL+","slug":"medipeel"}],"_links":{"self":[{"href":"https:\/\/idakorea.ee\/en\/wp-json\/wp\/v2\/product\/4996","targetHints":{"allow":["GET"]}}],"collection":[{"href":"https:\/\/idakorea.ee\/en\/wp-json\/wp\/v2\/product"}],"about":[{"href":"https:\/\/idakorea.ee\/en\/wp-json\/wp\/v2\/types\/product"}],"replies":[{"embeddable":true,"href":"https:\/\/idakorea.ee\/en\/wp-json\/wp\/v2\/comments?post=4996"}],"version-history":[{"count":1,"href":"https:\/\/idakorea.ee\/en\/wp-json\/wp\/v2\/product\/4996\/revisions"}],"predecessor-version":[{"id":12206,"href":"https:\/\/idakorea.ee\/en\/wp-json\/wp\/v2\/product\/4996\/revisions\/12206"}],"wp:featuredmedia":[{"embeddable":true,"href":"https:\/\/idakorea.ee\/en\/wp-json\/wp\/v2\/media\/4997"}],"wp:attachment":[{"href":"https:\/\/idakorea.ee\/en\/wp-json\/wp\/v2\/media?parent=4996"}],"wp:term":[{"taxonomy":"pwb-brand","embeddable":true,"href":"https:\/\/idakorea.ee\/en\/wp-json\/wp\/v2\/pwb-brand?post=4996"},{"taxonomy":"product_brand","embeddable":true,"href":"https:\/\/idakorea.ee\/en\/wp-json\/wp\/v2\/product_brand?post=4996"},{"taxonomy":"product_cat","embeddable":true,"href":"https:\/\/idakorea.ee\/en\/wp-json\/wp\/v2\/product_cat?post=4996"},{"taxonomy":"product_tag","embeddable":true,"href":"https:\/\/idakorea.ee\/en\/wp-json\/wp\/v2\/product_tag?post=4996"}],"curies":[{"name":"wp","href":"https:\/\/api.w.org\/{rel}","templated":true}]}}