{"id":5009,"date":"2024-06-19T14:20:08","date_gmt":"2024-06-19T12:20:08","guid":{"rendered":"https:\/\/idakorea.ee\/?post_type=product&#038;p=5009"},"modified":"2026-04-09T09:17:13","modified_gmt":"2026-04-09T07:17:13","slug":"kollageeniga-silmapadjad-medi-peel-red-lacto-collagen-eye-patch-60-tk","status":"publish","type":"product","link":"https:\/\/idakorea.ee\/en\/product\/kollageeniga-silmapadjad-medi-peel-red-lacto-collagen-eye-patch-60-tk\/","title":{"rendered":"Collagen eye patches Medi-Peel Red Lacto Collagen Eye Patch, 60 pcs EXP 30.08.2026"},"content":{"rendered":"<p>The patches are based on an essence of collagen combined with different molecular weights.Medi-Peel patch technology does not allow the essence to evaporate and promotes its full penetration into the skin structure, giving a pronounced smoothing and anti-swelling effect, intensely moisturizing and restoring traumatized skin around the eyes. This formula delivers a double effect, making the skin taut and supple, while preventing the formation of wrinkles in the thin eyelid.<\/p>\n<p><strong>Main active ingredients:<\/strong><\/p>\n<ul>\n<li><strong>Hydrolysed collagen<\/strong> is a low-molecular-weight protein developed in France that keeps skin hydrated and prevents moisture loss. Smoothes away wrinkles and has a firming effect, making the skin tight and supple.<\/li>\n<li><strong>Lactobacilli and type 7 hyaluronic acid complex<\/strong> prevent moisture loss and promote skin regeneration, keeping it nourished and hydrated.<\/li>\n<\/ul>\n<p>Amino acid complex - made up of 15 types of amino acids. Promotes accelerated regeneration and improves skin barrier functions. With rejuvenating properties, it restores skin elasticity and density.<\/p>\n<p><strong>Usage:\u00a0<\/strong>After cleansing and toning the skin, use hydrogel patches around the eyes. It is recommended to keep the patches on the skin for 30 minutes.<\/p>","protected":false},"excerpt":{"rendered":"<p>The patches are based on an essence of collagen combined with different molecular weights.Medi-Peel patch technology does not allow the essence to evaporate and promotes its full penetration into the skin structure, giving a pronounced smoothing and anti-swelling effect, intensely moisturizing and restoring traumatized skin around the eyes. This formula delivers a double effect, making the skin taut and supple while preventing the formation of wrinkles in the thin eyelid. Main active ingredients:...<\/p>","protected":false},"featured_media":5010,"comment_status":"open","ping_status":"closed","template":"","meta":{"_uf_show_specific_survey":0,"_uf_disable_surveys":false,"_bst_post_transparent":"default","_bst_post_title":"","_bst_post_layout":"default","_bst_post_sidebar_id":"","_bst_post_content_style":"default","_bst_post_vertical_padding":"default","_bst_post_feature":"","_bst_post_feature_position":"","_bst_post_header":false,"_bst_post_footer":false},"pwb-brand":[107],"product_brand":[],"product_cat":[92,99,385],"product_tag":[383,233,377,202,249],"class_list":{"0":"post-5009","1":"product","2":"type-product","3":"status-publish","4":"has-post-thumbnail","6":"pwb-brand-medipeel","7":"product_cat-nagu","8":"product_cat-silmad-ja-huuled-2","9":"product_cat-silmapadjad","10":"product_tag-eyepatch","11":"product_tag-internet-pood-eesti","12":"product_tag-k-beauty-2","13":"product_tag-korea-kosmeetika","14":"product_tag-medi-peel","16":"first","17":"instock","18":"sale","19":"shipping-taxable","20":"purchasable","21":"product-type-simple","22":"entry","23":"content-bg","24":"loop-entry"},"supplier_id":null,"supplier_sku":"","barcode":null,"atum_controlled":true,"out_stock_date":null,"out_stock_threshold":null,"inheritable":false,"inbound_stock":0,"stock_on_hold":0,"sold_today":0,"sales_last_days":1,"out_stock_days":0,"lost_sales":0,"has_location":false,"update_date":"2026-04-14T00:05:13","atum_locations":[],"atum_stock_status":"instock","restock_status":true,"low_stock_amount":"","sales_update_date":"2026-04-14T00:05:13","calc_backorders":null,"yoast_head":"<!-- This site is optimized with the Yoast SEO plugin v27.2 - https:\/\/yoast.com\/product\/yoast-seo-wordpress\/ -->\n<title>Medi-Peel Red Lacto Collagen Eye Patch<\/title>\n<meta name=\"robots\" content=\"index, follow, max-snippet:-1, max-image-preview:large, max-video-preview:-1\" \/>\n<link rel=\"canonical\" href=\"https:\/\/idakorea.ee\/en\/product\/kollageeniga-silmapadjad-medi-peel-red-lacto-collagen-eye-patch-60-tk\/\" \/>\n<meta property=\"og:locale\" content=\"en_US\" \/>\n<meta property=\"og:type\" content=\"article\" \/>\n<meta property=\"og:title\" content=\"Medi-Peel Red Lacto Collagen Eye Patch\" \/>\n<meta property=\"og:description\" content=\"Plaastrite aluseks on erineva molekulmassiga kombineeritud kollageeniga essents.Medi-Peel plaastri tehnoloogia ei lase essentsil aurustuda ja soodustab selle t\u00e4ielikku tungimist naha struktuuri, andes v\u00e4ljendunud siluva ja tursevastase toime, intensiivselt niisutav ja traumaatilise naha taastamine silmade \u00fcmbruses. See valem annab kahekordse efekti, muutes naha pingul ja elastseks, hoides samal ajal \u00e4ra kortsude teket \u00f5hukeses silmanahas. Peamised toimeained:...\" \/>\n<meta property=\"og:url\" content=\"https:\/\/idakorea.ee\/en\/product\/kollageeniga-silmapadjad-medi-peel-red-lacto-collagen-eye-patch-60-tk\/\" \/>\n<meta property=\"og:site_name\" content=\"IDA.KOREA\" \/>\n<meta property=\"article:modified_time\" content=\"2026-04-09T07:17:13+00:00\" \/>\n<meta property=\"og:image\" content=\"https:\/\/idakorea.ee\/wp-content\/uploads\/2024\/06\/Medi_Peel-Red-Lacto-Collagen-Eye-Patch.jpg\" \/>\n\t<meta property=\"og:image:width\" content=\"1000\" \/>\n\t<meta property=\"og:image:height\" content=\"1000\" \/>\n\t<meta property=\"og:image:type\" content=\"image\/jpeg\" \/>\n<meta name=\"twitter:card\" content=\"summary_large_image\" \/>\n<meta name=\"twitter:label1\" content=\"Est. reading time\" \/>\n\t<meta name=\"twitter:data1\" content=\"1 minute\" \/>\n<script type=\"application\/ld+json\" class=\"yoast-schema-graph\">{\"@context\":\"https:\/\/schema.org\",\"@graph\":[{\"@type\":\"WebPage\",\"@id\":\"https:\/\/idakorea.ee\/product\/kollageeniga-silmapadjad-medi-peel-red-lacto-collagen-eye-patch-60-tk\/\",\"url\":\"https:\/\/idakorea.ee\/product\/kollageeniga-silmapadjad-medi-peel-red-lacto-collagen-eye-patch-60-tk\/\",\"name\":\"Medi-Peel Red Lacto Collagen Eye Patch\",\"isPartOf\":{\"@id\":\"https:\/\/idakorea.ee\/#website\"},\"primaryImageOfPage\":{\"@id\":\"https:\/\/idakorea.ee\/product\/kollageeniga-silmapadjad-medi-peel-red-lacto-collagen-eye-patch-60-tk\/#primaryimage\"},\"image\":{\"@id\":\"https:\/\/idakorea.ee\/product\/kollageeniga-silmapadjad-medi-peel-red-lacto-collagen-eye-patch-60-tk\/#primaryimage\"},\"thumbnailUrl\":\"https:\/\/idakorea.ee\/wp-content\/uploads\/2024\/06\/Medi_Peel-Red-Lacto-Collagen-Eye-Patch.jpg\",\"datePublished\":\"2024-06-19T12:20:08+00:00\",\"dateModified\":\"2026-04-09T07:17:13+00:00\",\"breadcrumb\":{\"@id\":\"https:\/\/idakorea.ee\/product\/kollageeniga-silmapadjad-medi-peel-red-lacto-collagen-eye-patch-60-tk\/#breadcrumb\"},\"inLanguage\":\"en-US\",\"potentialAction\":[{\"@type\":\"ReadAction\",\"target\":[\"https:\/\/idakorea.ee\/product\/kollageeniga-silmapadjad-medi-peel-red-lacto-collagen-eye-patch-60-tk\/\"]}]},{\"@type\":\"ImageObject\",\"inLanguage\":\"en-US\",\"@id\":\"https:\/\/idakorea.ee\/product\/kollageeniga-silmapadjad-medi-peel-red-lacto-collagen-eye-patch-60-tk\/#primaryimage\",\"url\":\"https:\/\/idakorea.ee\/wp-content\/uploads\/2024\/06\/Medi_Peel-Red-Lacto-Collagen-Eye-Patch.jpg\",\"contentUrl\":\"https:\/\/idakorea.ee\/wp-content\/uploads\/2024\/06\/Medi_Peel-Red-Lacto-Collagen-Eye-Patch.jpg\",\"width\":1000,\"height\":1000},{\"@type\":\"BreadcrumbList\",\"@id\":\"https:\/\/idakorea.ee\/product\/kollageeniga-silmapadjad-medi-peel-red-lacto-collagen-eye-patch-60-tk\/#breadcrumb\",\"itemListElement\":[{\"@type\":\"ListItem\",\"position\":1,\"name\":\"\u0413\u043b\u0430\u0432\u043d\u0430\u044f \u0441\u0442\u0440\u0430\u043d\u0438\u0446\u0430\",\"item\":\"https:\/\/idakorea.ee\/\"},{\"@type\":\"ListItem\",\"position\":2,\"name\":\"Shop\",\"item\":\"https:\/\/idakorea.ee\/shop-2\/\"},{\"@type\":\"ListItem\",\"position\":3,\"name\":\"Kollageeniga silmapadjad Medi-Peel Red Lacto Collagen Eye Patch, 60 tk EXP 30.08.2026\"}]},{\"@type\":\"WebSite\",\"@id\":\"https:\/\/idakorea.ee\/#website\",\"url\":\"https:\/\/idakorea.ee\/\",\"name\":\"IDA.KOREA\",\"description\":\"Korea kosmeetika e-pood\",\"publisher\":{\"@id\":\"https:\/\/idakorea.ee\/#organization\"},\"alternateName\":\"Beauty Shop\",\"potentialAction\":[{\"@type\":\"SearchAction\",\"target\":{\"@type\":\"EntryPoint\",\"urlTemplate\":\"https:\/\/idakorea.ee\/?s={search_term_string}\"},\"query-input\":{\"@type\":\"PropertyValueSpecification\",\"valueRequired\":true,\"valueName\":\"search_term_string\"}}],\"inLanguage\":\"en-US\"},{\"@type\":\"Organization\",\"@id\":\"https:\/\/idakorea.ee\/#organization\",\"name\":\"IDA.KOREA\",\"url\":\"https:\/\/idakorea.ee\/\",\"logo\":{\"@type\":\"ImageObject\",\"inLanguage\":\"en-US\",\"@id\":\"https:\/\/idakorea.ee\/#\/schema\/logo\/image\/\",\"url\":\"https:\/\/idakorea.ee\/wp-content\/uploads\/2024\/05\/cropped-korea3.png\",\"contentUrl\":\"https:\/\/idakorea.ee\/wp-content\/uploads\/2024\/05\/cropped-korea3.png\",\"width\":688,\"height\":126,\"caption\":\"IDA.KOREA\"},\"image\":{\"@id\":\"https:\/\/idakorea.ee\/#\/schema\/logo\/image\/\"},\"sameAs\":[\"https:\/\/www.instagram.com\/ida.korea\/\"]}]}<\/script>\n<!-- \/ Yoast SEO plugin. -->","yoast_head_json":{"title":"Medi-Peel Red Lacto Collagen Eye Patch","robots":{"index":"index","follow":"follow","max-snippet":"max-snippet:-1","max-image-preview":"max-image-preview:large","max-video-preview":"max-video-preview:-1"},"canonical":"https:\/\/idakorea.ee\/en\/product\/kollageeniga-silmapadjad-medi-peel-red-lacto-collagen-eye-patch-60-tk\/","og_locale":"en_US","og_type":"article","og_title":"Medi-Peel Red Lacto Collagen Eye Patch","og_description":"Plaastrite aluseks on erineva molekulmassiga kombineeritud kollageeniga essents.Medi-Peel plaastri tehnoloogia ei lase essentsil aurustuda ja soodustab selle t\u00e4ielikku tungimist naha struktuuri, andes v\u00e4ljendunud siluva ja tursevastase toime, intensiivselt niisutav ja traumaatilise naha taastamine silmade \u00fcmbruses. See valem annab kahekordse efekti, muutes naha pingul ja elastseks, hoides samal ajal \u00e4ra kortsude teket \u00f5hukeses silmanahas. Peamised toimeained:...","og_url":"https:\/\/idakorea.ee\/en\/product\/kollageeniga-silmapadjad-medi-peel-red-lacto-collagen-eye-patch-60-tk\/","og_site_name":"IDA.KOREA","article_modified_time":"2026-04-09T07:17:13+00:00","og_image":[{"width":1000,"height":1000,"url":"https:\/\/idakorea.ee\/wp-content\/uploads\/2024\/06\/Medi_Peel-Red-Lacto-Collagen-Eye-Patch.jpg","type":"image\/jpeg"}],"twitter_card":"summary_large_image","twitter_misc":{"Est. reading time":"1 minute"},"schema":{"@context":"https:\/\/schema.org","@graph":[{"@type":"WebPage","@id":"https:\/\/idakorea.ee\/product\/kollageeniga-silmapadjad-medi-peel-red-lacto-collagen-eye-patch-60-tk\/","url":"https:\/\/idakorea.ee\/product\/kollageeniga-silmapadjad-medi-peel-red-lacto-collagen-eye-patch-60-tk\/","name":"Medi-Peel Red Lacto Collagen Eye Patch","isPartOf":{"@id":"https:\/\/idakorea.ee\/#website"},"primaryImageOfPage":{"@id":"https:\/\/idakorea.ee\/product\/kollageeniga-silmapadjad-medi-peel-red-lacto-collagen-eye-patch-60-tk\/#primaryimage"},"image":{"@id":"https:\/\/idakorea.ee\/product\/kollageeniga-silmapadjad-medi-peel-red-lacto-collagen-eye-patch-60-tk\/#primaryimage"},"thumbnailUrl":"https:\/\/idakorea.ee\/wp-content\/uploads\/2024\/06\/Medi_Peel-Red-Lacto-Collagen-Eye-Patch.jpg","datePublished":"2024-06-19T12:20:08+00:00","dateModified":"2026-04-09T07:17:13+00:00","breadcrumb":{"@id":"https:\/\/idakorea.ee\/product\/kollageeniga-silmapadjad-medi-peel-red-lacto-collagen-eye-patch-60-tk\/#breadcrumb"},"inLanguage":"en-US","potentialAction":[{"@type":"ReadAction","target":["https:\/\/idakorea.ee\/product\/kollageeniga-silmapadjad-medi-peel-red-lacto-collagen-eye-patch-60-tk\/"]}]},{"@type":"ImageObject","inLanguage":"en-US","@id":"https:\/\/idakorea.ee\/product\/kollageeniga-silmapadjad-medi-peel-red-lacto-collagen-eye-patch-60-tk\/#primaryimage","url":"https:\/\/idakorea.ee\/wp-content\/uploads\/2024\/06\/Medi_Peel-Red-Lacto-Collagen-Eye-Patch.jpg","contentUrl":"https:\/\/idakorea.ee\/wp-content\/uploads\/2024\/06\/Medi_Peel-Red-Lacto-Collagen-Eye-Patch.jpg","width":1000,"height":1000},{"@type":"BreadcrumbList","@id":"https:\/\/idakorea.ee\/product\/kollageeniga-silmapadjad-medi-peel-red-lacto-collagen-eye-patch-60-tk\/#breadcrumb","itemListElement":[{"@type":"ListItem","position":1,"name":"\u0413\u043b\u0430\u0432\u043d\u0430\u044f \u0441\u0442\u0440\u0430\u043d\u0438\u0446\u0430","item":"https:\/\/idakorea.ee\/"},{"@type":"ListItem","position":2,"name":"Shop","item":"https:\/\/idakorea.ee\/shop-2\/"},{"@type":"ListItem","position":3,"name":"Kollageeniga silmapadjad Medi-Peel Red Lacto Collagen Eye Patch, 60 tk EXP 30.08.2026"}]},{"@type":"WebSite","@id":"https:\/\/idakorea.ee\/#website","url":"https:\/\/idakorea.ee\/","name":"IDA.KOREA","description":"Korean cosmetics e-shop","publisher":{"@id":"https:\/\/idakorea.ee\/#organization"},"alternateName":"Beauty Shop","potentialAction":[{"@type":"SearchAction","target":{"@type":"EntryPoint","urlTemplate":"https:\/\/idakorea.ee\/?s={search_term_string}"},"query-input":{"@type":"PropertyValueSpecification","valueRequired":true,"valueName":"search_term_string"}}],"inLanguage":"en-US"},{"@type":"Organization","@id":"https:\/\/idakorea.ee\/#organization","name":"IDA.KOREA","url":"https:\/\/idakorea.ee\/","logo":{"@type":"ImageObject","inLanguage":"en-US","@id":"https:\/\/idakorea.ee\/#\/schema\/logo\/image\/","url":"https:\/\/idakorea.ee\/wp-content\/uploads\/2024\/05\/cropped-korea3.png","contentUrl":"https:\/\/idakorea.ee\/wp-content\/uploads\/2024\/05\/cropped-korea3.png","width":688,"height":126,"caption":"IDA.KOREA"},"image":{"@id":"https:\/\/idakorea.ee\/#\/schema\/logo\/image\/"},"sameAs":["https:\/\/www.instagram.com\/ida.korea\/"]}]}},"jetpack_sharing_enabled":true,"brands":[{"id":107,"name":"MEDIPEEL+","slug":"medipeel"}],"_links":{"self":[{"href":"https:\/\/idakorea.ee\/en\/wp-json\/wp\/v2\/product\/5009","targetHints":{"allow":["GET"]}}],"collection":[{"href":"https:\/\/idakorea.ee\/en\/wp-json\/wp\/v2\/product"}],"about":[{"href":"https:\/\/idakorea.ee\/en\/wp-json\/wp\/v2\/types\/product"}],"replies":[{"embeddable":true,"href":"https:\/\/idakorea.ee\/en\/wp-json\/wp\/v2\/comments?post=5009"}],"version-history":[{"count":2,"href":"https:\/\/idakorea.ee\/en\/wp-json\/wp\/v2\/product\/5009\/revisions"}],"predecessor-version":[{"id":18150,"href":"https:\/\/idakorea.ee\/en\/wp-json\/wp\/v2\/product\/5009\/revisions\/18150"}],"wp:featuredmedia":[{"embeddable":true,"href":"https:\/\/idakorea.ee\/en\/wp-json\/wp\/v2\/media\/5010"}],"wp:attachment":[{"href":"https:\/\/idakorea.ee\/en\/wp-json\/wp\/v2\/media?parent=5009"}],"wp:term":[{"taxonomy":"pwb-brand","embeddable":true,"href":"https:\/\/idakorea.ee\/en\/wp-json\/wp\/v2\/pwb-brand?post=5009"},{"taxonomy":"product_brand","embeddable":true,"href":"https:\/\/idakorea.ee\/en\/wp-json\/wp\/v2\/product_brand?post=5009"},{"taxonomy":"product_cat","embeddable":true,"href":"https:\/\/idakorea.ee\/en\/wp-json\/wp\/v2\/product_cat?post=5009"},{"taxonomy":"product_tag","embeddable":true,"href":"https:\/\/idakorea.ee\/en\/wp-json\/wp\/v2\/product_tag?post=5009"}],"curies":[{"name":"wp","href":"https:\/\/api.w.org\/{rel}","templated":true}]}}