{"id":5035,"date":"2024-06-19T12:54:10","date_gmt":"2024-06-19T12:54:10","guid":{"rendered":"https:\/\/idakorea.ee\/?post_type=product&#038;p=5035"},"modified":"2026-01-30T17:17:59","modified_gmt":"2026-01-30T15:17:59","slug":"peptiidide-ja-hualuroonhappega-noorendavad-silmapadjad-medi-peel-peptide-9-volume-lifting-eye-patch-pro-60-tk","status":"publish","type":"product","link":"https:\/\/idakorea.ee\/en\/product\/peptiidide-ja-hualuroonhappega-noorendavad-silmapadjad-medi-peel-peptide-9-volume-lifting-eye-patch-pro-60-tk\/","title":{"rendered":"Medi-Peel Peptide 9 Volume Lifting Eye Patch Pro, 60 pieces"},"content":{"rendered":"<p><strong>Medi-Peel Peptide 9 Volume Lifting Eye Patch Pro<\/strong>\u00a0is an innovative skincare product specifically designed to rejuvenate and repair the delicate skin around the eyes. These remarkable eye patches contain a powerful blend of 9 types of peptides and 4 types of hyaluronic acid, carefully formulated to deeply moisturise and brighten the skin, leaving it visibly hydrated and radiant.<\/p>\n<p><strong>Main features:<\/strong><\/p>\n<ul>\n<li>Advanced peptide complex: Contains a unique blend of peptides, collagen, syringa root extract and acmella oleracea extract. This powerful blend is designed to significantly reduce wrinkles and improve skin elasticity, focusing on common signs of ageing.<\/li>\n<li>Hyaluronic acid quartet: 4 different types of hyaluronic acid content ensure deep and long-lasting hydration. This multi-layered approach to hydration helps maintain skin firmness and elasticity.<\/li>\n<li>Innovative hydrogel technology: once applied, the active ingredients of the hydrogel patches melt into the skin, gradually thinning as they are absorbed. This advanced technology ensures that the active ingredients are effectively absorbed directly into the skin cells.<\/li>\n<li>Comprehensive anti-ageing action: patches are particularly effective on mature skin, actively combating early signs of ageing, deep wrinkles and even crow's feet. They have a noticeable lifting effect, making skin younger and healthier.<\/li>\n<li>Intense nourishment and relaxation: the product intensively nourishes the skin, increasing tissue firmness and elasticity. It also gently brightens the skin, reducing the appearance of dark circles.<\/li>\n<\/ul>\n<p>Eye patches stimulate circulation, giving your eyes a fresh and rested look. They also effectively reduce puffiness, increasing the overall rejuvenating effect.<\/p>\n<p><strong>Medi Peel Peptide 9 Volume Lifting Eye Patch Pro<\/strong>\u00a0is ideal for those looking for a targeted solution to combat wrinkles, puffiness and signs of ageing around the eyes, and is a must-have part of a complete skincare routine. Experience the transformation to younger, healthier-looking skin with these advanced eye patches.<\/p>\n<p><strong>Usage: <\/strong>apply the patches to the eyes. Remove after 20-30 minutes and gently apply the remaining essence to the skin to absorb.<\/p>","protected":false},"excerpt":{"rendered":"<p>Medi-Peel Peptide 9 Volume Lifting Eye Patch Pro is an innovative skincare product specifically designed to rejuvenate and repair the delicate skin around the eyes. These remarkable eye patches contain a powerful blend of 9 types of peptides and 4 types of hyaluronic acid, carefully formulated to deeply moisturise and brighten the skin, leaving it visibly hydrated and radiant. Key features.<\/p>","protected":false},"featured_media":13358,"comment_status":"open","ping_status":"closed","template":"","meta":{"_uf_show_specific_survey":0,"_uf_disable_surveys":false,"_bst_post_transparent":"default","_bst_post_title":"","_bst_post_layout":"default","_bst_post_sidebar_id":"","_bst_post_content_style":"default","_bst_post_vertical_padding":"default","_bst_post_feature":"","_bst_post_feature_position":"","_bst_post_header":false,"_bst_post_footer":false},"pwb-brand":[107],"product_brand":[],"product_cat":[92,99,385],"product_tag":[249,381],"class_list":{"0":"post-5035","1":"product","2":"type-product","3":"status-publish","4":"has-post-thumbnail","6":"pwb-brand-medipeel","7":"product_cat-nagu","8":"product_cat-silmad-ja-huuled-2","9":"product_cat-silmapadjad","10":"product_tag-medi-peel","11":"product_tag-medipeel","13":"first","14":"outofstock","15":"sale","16":"shipping-taxable","17":"purchasable","18":"product-type-simple","19":"entry","20":"content-bg","21":"loop-entry"},"supplier_id":null,"supplier_sku":"","barcode":null,"atum_controlled":true,"out_stock_date":"2025-12-07 17:57:42","out_stock_threshold":null,"inheritable":false,"inbound_stock":0,"stock_on_hold":0,"sold_today":0,"sales_last_days":0,"out_stock_days":127,"lost_sales":415,"has_location":false,"update_date":"2026-04-14T00:05:07","atum_locations":[],"atum_stock_status":"outofstock","restock_status":false,"low_stock_amount":"","sales_update_date":"2026-04-14T00:05:07","calc_backorders":null,"yoast_head":"<!-- This site is optimized with the Yoast SEO plugin v27.2 - https:\/\/yoast.com\/product\/yoast-seo-wordpress\/ -->\n<title>Peptiidide ja h\u00fcaluroonhappega noorendavad silmapadjad Medi-Peel Peptide 9 Volume Lifting Eye Patch Pro, 60 tk - IDA.KOREA<\/title>\n<meta name=\"description\" content=\"Medi-Peel Peptide 9 Volume Lifting Eye Patch Pro\u00a0on uuenduslik nahahooldustoode, mis on spetsiaalselt m\u00f5eldud silmade \u00fcmbruse \u00f5rna naha noorendamiseks ja parandamiseks. Need t\u00e4helepanuv\u00e4\u00e4rsed silmaplaastrid sisaldavad 9 t\u00fc\u00fcpi peptiidide ja 4 t\u00fc\u00fcpi h\u00fcaluroonhappe v\u00f5imsat segu, mis on hoolikalt koostatud, et s\u00fcgavuti niisutada ja helendada nahka, j\u00e4ttes selle n\u00e4htavalt niisutatuks ja s\u00e4ravaks.\" \/>\n<meta name=\"robots\" content=\"index, follow, max-snippet:-1, max-image-preview:large, max-video-preview:-1\" \/>\n<link rel=\"canonical\" href=\"https:\/\/idakorea.ee\/en\/product\/peptiidide-ja-hualuroonhappega-noorendavad-silmapadjad-medi-peel-peptide-9-volume-lifting-eye-patch-pro-60-tk\/\" \/>\n<meta property=\"og:locale\" content=\"en_US\" \/>\n<meta property=\"og:type\" content=\"article\" \/>\n<meta property=\"og:title\" content=\"Peptiidide ja h\u00fcaluroonhappega noorendavad silmapadjad Medi-Peel Peptide 9 Volume Lifting Eye Patch Pro, 60 tk - IDA.KOREA\" \/>\n<meta property=\"og:description\" content=\"Medi-Peel Peptide 9 Volume Lifting Eye Patch Pro\u00a0on uuenduslik nahahooldustoode, mis on spetsiaalselt m\u00f5eldud silmade \u00fcmbruse \u00f5rna naha noorendamiseks ja parandamiseks. Need t\u00e4helepanuv\u00e4\u00e4rsed silmaplaastrid sisaldavad 9 t\u00fc\u00fcpi peptiidide ja 4 t\u00fc\u00fcpi h\u00fcaluroonhappe v\u00f5imsat segu, mis on hoolikalt koostatud, et s\u00fcgavuti niisutada ja helendada nahka, j\u00e4ttes selle n\u00e4htavalt niisutatuks ja s\u00e4ravaks.\" \/>\n<meta property=\"og:url\" content=\"https:\/\/idakorea.ee\/en\/product\/peptiidide-ja-hualuroonhappega-noorendavad-silmapadjad-medi-peel-peptide-9-volume-lifting-eye-patch-pro-60-tk\/\" \/>\n<meta property=\"og:site_name\" content=\"IDA.KOREA\" \/>\n<meta property=\"article:modified_time\" content=\"2026-01-30T15:17:59+00:00\" \/>\n<meta property=\"og:image\" content=\"https:\/\/idakorea.ee\/wp-content\/uploads\/2024\/06\/medi-peelpeptide9volumeliftingeyepatchpro-idakorea.webp\" \/>\n\t<meta property=\"og:image:width\" content=\"1100\" \/>\n\t<meta property=\"og:image:height\" content=\"1100\" \/>\n\t<meta property=\"og:image:type\" content=\"image\/webp\" \/>\n<meta name=\"twitter:card\" content=\"summary_large_image\" \/>\n<meta name=\"twitter:label1\" content=\"Est. reading time\" \/>\n\t<meta name=\"twitter:data1\" content=\"2 minutes\" \/>\n<script type=\"application\/ld+json\" class=\"yoast-schema-graph\">{\"@context\":\"https:\/\/schema.org\",\"@graph\":[{\"@type\":\"WebPage\",\"@id\":\"https:\/\/idakorea.ee\/product\/peptiidide-ja-hualuroonhappega-noorendavad-silmapadjad-medi-peel-peptide-9-volume-lifting-eye-patch-pro-60-tk\/\",\"url\":\"https:\/\/idakorea.ee\/product\/peptiidide-ja-hualuroonhappega-noorendavad-silmapadjad-medi-peel-peptide-9-volume-lifting-eye-patch-pro-60-tk\/\",\"name\":\"Peptiidide ja h\u00fcaluroonhappega noorendavad silmapadjad Medi-Peel Peptide 9 Volume Lifting Eye Patch Pro, 60 tk - IDA.KOREA\",\"isPartOf\":{\"@id\":\"https:\/\/idakorea.ee\/#website\"},\"primaryImageOfPage\":{\"@id\":\"https:\/\/idakorea.ee\/product\/peptiidide-ja-hualuroonhappega-noorendavad-silmapadjad-medi-peel-peptide-9-volume-lifting-eye-patch-pro-60-tk\/#primaryimage\"},\"image\":{\"@id\":\"https:\/\/idakorea.ee\/product\/peptiidide-ja-hualuroonhappega-noorendavad-silmapadjad-medi-peel-peptide-9-volume-lifting-eye-patch-pro-60-tk\/#primaryimage\"},\"thumbnailUrl\":\"https:\/\/idakorea.ee\/wp-content\/uploads\/2024\/06\/medi-peelpeptide9volumeliftingeyepatchpro-idakorea.webp\",\"datePublished\":\"2024-06-19T12:54:10+00:00\",\"dateModified\":\"2026-01-30T15:17:59+00:00\",\"description\":\"Medi-Peel Peptide 9 Volume Lifting Eye Patch Pro\u00a0on uuenduslik nahahooldustoode, mis on spetsiaalselt m\u00f5eldud silmade \u00fcmbruse \u00f5rna naha noorendamiseks ja parandamiseks. Need t\u00e4helepanuv\u00e4\u00e4rsed silmaplaastrid sisaldavad 9 t\u00fc\u00fcpi peptiidide ja 4 t\u00fc\u00fcpi h\u00fcaluroonhappe v\u00f5imsat segu, mis on hoolikalt koostatud, et s\u00fcgavuti niisutada ja helendada nahka, j\u00e4ttes selle n\u00e4htavalt niisutatuks ja s\u00e4ravaks.\",\"breadcrumb\":{\"@id\":\"https:\/\/idakorea.ee\/product\/peptiidide-ja-hualuroonhappega-noorendavad-silmapadjad-medi-peel-peptide-9-volume-lifting-eye-patch-pro-60-tk\/#breadcrumb\"},\"inLanguage\":\"en-US\",\"potentialAction\":[{\"@type\":\"ReadAction\",\"target\":[\"https:\/\/idakorea.ee\/product\/peptiidide-ja-hualuroonhappega-noorendavad-silmapadjad-medi-peel-peptide-9-volume-lifting-eye-patch-pro-60-tk\/\"]}]},{\"@type\":\"ImageObject\",\"inLanguage\":\"en-US\",\"@id\":\"https:\/\/idakorea.ee\/product\/peptiidide-ja-hualuroonhappega-noorendavad-silmapadjad-medi-peel-peptide-9-volume-lifting-eye-patch-pro-60-tk\/#primaryimage\",\"url\":\"https:\/\/idakorea.ee\/wp-content\/uploads\/2024\/06\/medi-peelpeptide9volumeliftingeyepatchpro-idakorea.webp\",\"contentUrl\":\"https:\/\/idakorea.ee\/wp-content\/uploads\/2024\/06\/medi-peelpeptide9volumeliftingeyepatchpro-idakorea.webp\",\"width\":1100,\"height\":1100},{\"@type\":\"BreadcrumbList\",\"@id\":\"https:\/\/idakorea.ee\/product\/peptiidide-ja-hualuroonhappega-noorendavad-silmapadjad-medi-peel-peptide-9-volume-lifting-eye-patch-pro-60-tk\/#breadcrumb\",\"itemListElement\":[{\"@type\":\"ListItem\",\"position\":1,\"name\":\"\u0413\u043b\u0430\u0432\u043d\u0430\u044f \u0441\u0442\u0440\u0430\u043d\u0438\u0446\u0430\",\"item\":\"https:\/\/idakorea.ee\/\"},{\"@type\":\"ListItem\",\"position\":2,\"name\":\"Shop\",\"item\":\"https:\/\/idakorea.ee\/shop-2\/\"},{\"@type\":\"ListItem\",\"position\":3,\"name\":\"Peptiidide ja h\u00fcaluroonhappega noorendavad silmapadjad Medi-Peel Peptide 9 Volume Lifting Eye Patch Pro, 60 tk\"}]},{\"@type\":\"WebSite\",\"@id\":\"https:\/\/idakorea.ee\/#website\",\"url\":\"https:\/\/idakorea.ee\/\",\"name\":\"IDA.KOREA\",\"description\":\"Korea kosmeetika e-pood\",\"publisher\":{\"@id\":\"https:\/\/idakorea.ee\/#organization\"},\"alternateName\":\"Beauty Shop\",\"potentialAction\":[{\"@type\":\"SearchAction\",\"target\":{\"@type\":\"EntryPoint\",\"urlTemplate\":\"https:\/\/idakorea.ee\/?s={search_term_string}\"},\"query-input\":{\"@type\":\"PropertyValueSpecification\",\"valueRequired\":true,\"valueName\":\"search_term_string\"}}],\"inLanguage\":\"en-US\"},{\"@type\":\"Organization\",\"@id\":\"https:\/\/idakorea.ee\/#organization\",\"name\":\"IDA.KOREA\",\"url\":\"https:\/\/idakorea.ee\/\",\"logo\":{\"@type\":\"ImageObject\",\"inLanguage\":\"en-US\",\"@id\":\"https:\/\/idakorea.ee\/#\/schema\/logo\/image\/\",\"url\":\"https:\/\/idakorea.ee\/wp-content\/uploads\/2024\/05\/cropped-korea3.png\",\"contentUrl\":\"https:\/\/idakorea.ee\/wp-content\/uploads\/2024\/05\/cropped-korea3.png\",\"width\":688,\"height\":126,\"caption\":\"IDA.KOREA\"},\"image\":{\"@id\":\"https:\/\/idakorea.ee\/#\/schema\/logo\/image\/\"},\"sameAs\":[\"https:\/\/www.instagram.com\/ida.korea\/\"]}]}<\/script>\n<!-- \/ Yoast SEO plugin. -->","yoast_head_json":{"title":"Rejuvenating eye patches with peptides and hyaluronic acid Medi-Peel Peptide 9 Volume Lifting Eye Patch Pro, 60 pcs - IDA.KOREA","description":"Medi-Peel Peptide 9 Volume Lifting Eye Patch Pro is an innovative skincare product specifically designed to rejuvenate and repair the delicate skin around the eyes. These remarkable eye patches contain a powerful blend of 9 types of peptides and 4 types of hyaluronic acid, carefully formulated to deeply moisturise and brighten the skin, leaving it visibly hydrated and radiant.","robots":{"index":"index","follow":"follow","max-snippet":"max-snippet:-1","max-image-preview":"max-image-preview:large","max-video-preview":"max-video-preview:-1"},"canonical":"https:\/\/idakorea.ee\/en\/product\/peptiidide-ja-hualuroonhappega-noorendavad-silmapadjad-medi-peel-peptide-9-volume-lifting-eye-patch-pro-60-tk\/","og_locale":"en_US","og_type":"article","og_title":"Peptiidide ja h\u00fcaluroonhappega noorendavad silmapadjad Medi-Peel Peptide 9 Volume Lifting Eye Patch Pro, 60 tk - IDA.KOREA","og_description":"Medi-Peel Peptide 9 Volume Lifting Eye Patch Pro\u00a0on uuenduslik nahahooldustoode, mis on spetsiaalselt m\u00f5eldud silmade \u00fcmbruse \u00f5rna naha noorendamiseks ja parandamiseks. Need t\u00e4helepanuv\u00e4\u00e4rsed silmaplaastrid sisaldavad 9 t\u00fc\u00fcpi peptiidide ja 4 t\u00fc\u00fcpi h\u00fcaluroonhappe v\u00f5imsat segu, mis on hoolikalt koostatud, et s\u00fcgavuti niisutada ja helendada nahka, j\u00e4ttes selle n\u00e4htavalt niisutatuks ja s\u00e4ravaks.","og_url":"https:\/\/idakorea.ee\/en\/product\/peptiidide-ja-hualuroonhappega-noorendavad-silmapadjad-medi-peel-peptide-9-volume-lifting-eye-patch-pro-60-tk\/","og_site_name":"IDA.KOREA","article_modified_time":"2026-01-30T15:17:59+00:00","og_image":[{"width":1100,"height":1100,"url":"https:\/\/idakorea.ee\/wp-content\/uploads\/2024\/06\/medi-peelpeptide9volumeliftingeyepatchpro-idakorea.webp","type":"image\/webp"}],"twitter_card":"summary_large_image","twitter_misc":{"Est. reading time":"2 minutes"},"schema":{"@context":"https:\/\/schema.org","@graph":[{"@type":"WebPage","@id":"https:\/\/idakorea.ee\/product\/peptiidide-ja-hualuroonhappega-noorendavad-silmapadjad-medi-peel-peptide-9-volume-lifting-eye-patch-pro-60-tk\/","url":"https:\/\/idakorea.ee\/product\/peptiidide-ja-hualuroonhappega-noorendavad-silmapadjad-medi-peel-peptide-9-volume-lifting-eye-patch-pro-60-tk\/","name":"Rejuvenating eye patches with peptides and hyaluronic acid Medi-Peel Peptide 9 Volume Lifting Eye Patch Pro, 60 pcs - IDA.KOREA","isPartOf":{"@id":"https:\/\/idakorea.ee\/#website"},"primaryImageOfPage":{"@id":"https:\/\/idakorea.ee\/product\/peptiidide-ja-hualuroonhappega-noorendavad-silmapadjad-medi-peel-peptide-9-volume-lifting-eye-patch-pro-60-tk\/#primaryimage"},"image":{"@id":"https:\/\/idakorea.ee\/product\/peptiidide-ja-hualuroonhappega-noorendavad-silmapadjad-medi-peel-peptide-9-volume-lifting-eye-patch-pro-60-tk\/#primaryimage"},"thumbnailUrl":"https:\/\/idakorea.ee\/wp-content\/uploads\/2024\/06\/medi-peelpeptide9volumeliftingeyepatchpro-idakorea.webp","datePublished":"2024-06-19T12:54:10+00:00","dateModified":"2026-01-30T15:17:59+00:00","description":"Medi-Peel Peptide 9 Volume Lifting Eye Patch Pro is an innovative skincare product specifically designed to rejuvenate and repair the delicate skin around the eyes. These remarkable eye patches contain a powerful blend of 9 types of peptides and 4 types of hyaluronic acid, carefully formulated to deeply moisturise and brighten the skin, leaving it visibly hydrated and radiant.","breadcrumb":{"@id":"https:\/\/idakorea.ee\/product\/peptiidide-ja-hualuroonhappega-noorendavad-silmapadjad-medi-peel-peptide-9-volume-lifting-eye-patch-pro-60-tk\/#breadcrumb"},"inLanguage":"en-US","potentialAction":[{"@type":"ReadAction","target":["https:\/\/idakorea.ee\/product\/peptiidide-ja-hualuroonhappega-noorendavad-silmapadjad-medi-peel-peptide-9-volume-lifting-eye-patch-pro-60-tk\/"]}]},{"@type":"ImageObject","inLanguage":"en-US","@id":"https:\/\/idakorea.ee\/product\/peptiidide-ja-hualuroonhappega-noorendavad-silmapadjad-medi-peel-peptide-9-volume-lifting-eye-patch-pro-60-tk\/#primaryimage","url":"https:\/\/idakorea.ee\/wp-content\/uploads\/2024\/06\/medi-peelpeptide9volumeliftingeyepatchpro-idakorea.webp","contentUrl":"https:\/\/idakorea.ee\/wp-content\/uploads\/2024\/06\/medi-peelpeptide9volumeliftingeyepatchpro-idakorea.webp","width":1100,"height":1100},{"@type":"BreadcrumbList","@id":"https:\/\/idakorea.ee\/product\/peptiidide-ja-hualuroonhappega-noorendavad-silmapadjad-medi-peel-peptide-9-volume-lifting-eye-patch-pro-60-tk\/#breadcrumb","itemListElement":[{"@type":"ListItem","position":1,"name":"\u0413\u043b\u0430\u0432\u043d\u0430\u044f \u0441\u0442\u0440\u0430\u043d\u0438\u0446\u0430","item":"https:\/\/idakorea.ee\/"},{"@type":"ListItem","position":2,"name":"Shop","item":"https:\/\/idakorea.ee\/shop-2\/"},{"@type":"ListItem","position":3,"name":"Peptiidide ja h\u00fcaluroonhappega noorendavad silmapadjad Medi-Peel Peptide 9 Volume Lifting Eye Patch Pro, 60 tk"}]},{"@type":"WebSite","@id":"https:\/\/idakorea.ee\/#website","url":"https:\/\/idakorea.ee\/","name":"IDA.KOREA","description":"Korean cosmetics e-shop","publisher":{"@id":"https:\/\/idakorea.ee\/#organization"},"alternateName":"Beauty Shop","potentialAction":[{"@type":"SearchAction","target":{"@type":"EntryPoint","urlTemplate":"https:\/\/idakorea.ee\/?s={search_term_string}"},"query-input":{"@type":"PropertyValueSpecification","valueRequired":true,"valueName":"search_term_string"}}],"inLanguage":"en-US"},{"@type":"Organization","@id":"https:\/\/idakorea.ee\/#organization","name":"IDA.KOREA","url":"https:\/\/idakorea.ee\/","logo":{"@type":"ImageObject","inLanguage":"en-US","@id":"https:\/\/idakorea.ee\/#\/schema\/logo\/image\/","url":"https:\/\/idakorea.ee\/wp-content\/uploads\/2024\/05\/cropped-korea3.png","contentUrl":"https:\/\/idakorea.ee\/wp-content\/uploads\/2024\/05\/cropped-korea3.png","width":688,"height":126,"caption":"IDA.KOREA"},"image":{"@id":"https:\/\/idakorea.ee\/#\/schema\/logo\/image\/"},"sameAs":["https:\/\/www.instagram.com\/ida.korea\/"]}]}},"jetpack_sharing_enabled":true,"brands":[{"id":107,"name":"MEDIPEEL+","slug":"medipeel"}],"_links":{"self":[{"href":"https:\/\/idakorea.ee\/en\/wp-json\/wp\/v2\/product\/5035","targetHints":{"allow":["GET"]}}],"collection":[{"href":"https:\/\/idakorea.ee\/en\/wp-json\/wp\/v2\/product"}],"about":[{"href":"https:\/\/idakorea.ee\/en\/wp-json\/wp\/v2\/types\/product"}],"replies":[{"embeddable":true,"href":"https:\/\/idakorea.ee\/en\/wp-json\/wp\/v2\/comments?post=5035"}],"version-history":[{"count":1,"href":"https:\/\/idakorea.ee\/en\/wp-json\/wp\/v2\/product\/5035\/revisions"}],"predecessor-version":[{"id":9469,"href":"https:\/\/idakorea.ee\/en\/wp-json\/wp\/v2\/product\/5035\/revisions\/9469"}],"wp:featuredmedia":[{"embeddable":true,"href":"https:\/\/idakorea.ee\/en\/wp-json\/wp\/v2\/media\/13358"}],"wp:attachment":[{"href":"https:\/\/idakorea.ee\/en\/wp-json\/wp\/v2\/media?parent=5035"}],"wp:term":[{"taxonomy":"pwb-brand","embeddable":true,"href":"https:\/\/idakorea.ee\/en\/wp-json\/wp\/v2\/pwb-brand?post=5035"},{"taxonomy":"product_brand","embeddable":true,"href":"https:\/\/idakorea.ee\/en\/wp-json\/wp\/v2\/product_brand?post=5035"},{"taxonomy":"product_cat","embeddable":true,"href":"https:\/\/idakorea.ee\/en\/wp-json\/wp\/v2\/product_cat?post=5035"},{"taxonomy":"product_tag","embeddable":true,"href":"https:\/\/idakorea.ee\/en\/wp-json\/wp\/v2\/product_tag?post=5035"}],"curies":[{"name":"wp","href":"https:\/\/api.w.org\/{rel}","templated":true}]}}