{"id":5064,"date":"2024-06-20T09:10:43","date_gmt":"2024-06-20T09:10:43","guid":{"rendered":"https:\/\/idakorea.ee\/?post_type=product&#038;p=5064"},"modified":"2026-04-03T14:30:30","modified_gmt":"2026-04-03T12:30:30","slug":"pinguldav-kreem-peptiidide-ja-12-niatsinamiidiga-medi-peel-peptide-9-vitanol-pro-cream","status":"publish","type":"product","link":"https:\/\/idakorea.ee\/en\/product\/pinguldav-kreem-peptiidide-ja-12-niatsinamiidiga-medi-peel-peptide-9-vitanol-pro-cream\/","title":{"rendered":"Firming cream with peptides and 12% niacinamide Medi-Peel Peptide 9 Vitanol PRO Cream"},"content":{"rendered":"<p><strong>Medi-Peel Peptide 9 Vitanol PRO Cream\u00a0<\/strong>offers both anti-ageing and brightening benefits, reduces wrinkles and age spots, and provides a firming and healthy glow.<\/p>\n<p>Smoothes, improves elasticity and density, helps fight melasma, post-acne marks and photo-ageing, prevents the formation of new pigments. Provides firming action and strong antioxidant protection, slows down the ageing process.<\/p>\n<p>With a nourishing creamy texture that intensely moisturizes, eliminates dryness and peeling, strengthens the moisture barrier.<\/p>\n<p>Contains 1<strong>2% niacinamide<\/strong>, which has a proven efficacy and multifunctional action as a component of high concentration. It prevents the transport of melanin pigments to the upper layers of the skin, thus preventing the formation of age spots. Niacinamide also normalises sebum production, preventing oily shine, and stimulates collagen synthesis.<\/p>\n<p>The 9 peptides in the formula smooth wrinkles, improve cell activity, trigger regeneration, reduce the depth of wrinkles and fine lines. Argireline, a botulinum-like peptide, has a myorelaxing effect, relaxing facial muscles, thus preventing the formation of facial lines.<\/p>\n<p><strong>Additional active substances:<\/strong><\/p>\n<ul>\n<li><strong>Vitanol<\/strong>\u00a0- a vitamin complex containing vitamins A, B, C, E, F and K group.<\/li>\n<li><strong>Glutathione<\/strong>\u00a0is a powerful antioxidant that protects the skin from the aggressive effects of external factors. Slows down the ageing process, tones, evens tone and eliminates redness, whitens pigmentation.<\/li>\n<li><strong>Hydrolysed collagen\u00a0<\/strong>penetrates deeper than conventional collagen and intensively moisturizes, helps retain moisture in the epidermis, enhances elasticity and smoothness of the relief.<\/li>\n<li><strong>Sea buckthorn extract\u00a0<\/strong>is rich in vitamin C. It gently brightens and evens the tone, providing antioxidant protection for cells.<\/li>\n<li><strong>Coconut oil<\/strong>\u00a0moisturises, nourishes, has anti-inflammatory and regenerative properties, is antioxidant, protects against negative environmental effects.<\/li>\n<li><strong>Mung bean extract<\/strong>\u00a0enriched with minerals and vitamins, it also contains an enzyme coenzyme with a strong rejuvenating effect.<\/li>\n<li><strong>Jojoba oil\u00a0<\/strong>accelerates healing, prevents skin damage that causes dryness and peeling.<\/li>\n<li><strong>Pomegranate extract<\/strong>\u00a0protects against oxidative stress, softens, anti-ageing and promotes collagen absorption.<\/li>\n<li><strong>Salicylic acid BHA\u00a0<\/strong>is a fat-soluble acid. It cleanses pores, brightens black spots and oiliness, prevents pore congestion and inflammation, reduces oiliness and prevents shine in the T-zone.<\/li>\n<li><strong>Mugri extract<\/strong>\u00a0reduces inflammation, soothes, has antiseptic and antibacterial properties, helps in the treatment of acne and couperose.<\/li>\n<li><strong>Ektoiin<\/strong>\u00a0- organic amino acid, effectively protects against external factors and UV rays, disinfects. Controls melanin production and helps lighten pigmentation.<\/li>\n<li><strong>Pumpkin seed extract\u00a0<\/strong>contains carotenoids and vitamin E, protects against free radicals.<\/li>\n<\/ul>\n<p><strong>Usage:\u00a0<\/strong>after washing, toning and serum application, apply to face. Use sunscreen during the day.<\/p>","protected":false},"excerpt":{"rendered":"<p>Medi-Peel Peptide 9 Vitanol PRO Cream provides both anti-ageing and brightening benefits, reduces wrinkles and age spots, and provides a firming and healthy glow. Smoothes, improves elasticity and density, helps fight melasma, post-acne marks and photo-ageing, prevents the formation of new pigments. Provides firming action and strong antioxidant protection, slows down the ageing process. With a nourishing creamy texture that intensely moisturises, eliminates dryness and...<\/p>","protected":false},"featured_media":5065,"comment_status":"open","ping_status":"closed","template":"","meta":{"_uf_show_specific_survey":0,"_uf_disable_surveys":false,"_bst_post_transparent":"default","_bst_post_title":"","_bst_post_layout":"default","_bst_post_sidebar_id":"","_bst_post_content_style":"default","_bst_post_vertical_padding":"default","_bst_post_feature":"","_bst_post_feature_position":"","_bst_post_header":false,"_bst_post_footer":false},"pwb-brand":[107],"product_brand":[],"product_cat":[92,96],"product_tag":[233,377,202,247,216,249],"class_list":{"0":"post-5064","1":"product","2":"type-product","3":"status-publish","4":"has-post-thumbnail","6":"pwb-brand-medipeel","7":"product_cat-nagu","8":"product_cat-naokreemid","9":"product_tag-internet-pood-eesti","10":"product_tag-k-beauty-2","11":"product_tag-korea-kosmeetika","12":"product_tag-korea-silmakreem","13":"product_tag-kuiv-nahk","14":"product_tag-medi-peel","16":"first","17":"instock","18":"sale","19":"shipping-taxable","20":"purchasable","21":"product-type-simple","22":"entry","23":"content-bg","24":"loop-entry"},"supplier_id":null,"supplier_sku":"","barcode":null,"atum_controlled":true,"out_stock_date":null,"out_stock_threshold":null,"inheritable":false,"inbound_stock":0,"stock_on_hold":0,"sold_today":0,"sales_last_days":0,"out_stock_days":0,"lost_sales":0,"has_location":false,"update_date":"2026-04-14T00:05:10","atum_locations":[],"atum_stock_status":"instock","restock_status":false,"low_stock_amount":"","sales_update_date":"2026-04-14T00:05:10","calc_backorders":null,"yoast_head":"<!-- This site is optimized with the Yoast SEO plugin v27.2 - https:\/\/yoast.com\/product\/yoast-seo-wordpress\/ -->\n<title>Pinguldav kreem peptiidide ja 12% niatsinamiidiga Medi-Peel Peptide 9 Vitanol PRO Cream - IDA.KOREA<\/title>\n<meta name=\"robots\" content=\"index, follow, max-snippet:-1, max-image-preview:large, max-video-preview:-1\" \/>\n<link rel=\"canonical\" href=\"https:\/\/idakorea.ee\/en\/product\/pinguldav-kreem-peptiidide-ja-12-niatsinamiidiga-medi-peel-peptide-9-vitanol-pro-cream\/\" \/>\n<meta property=\"og:locale\" content=\"en_US\" \/>\n<meta property=\"og:type\" content=\"article\" \/>\n<meta property=\"og:title\" content=\"Pinguldav kreem peptiidide ja 12% niatsinamiidiga Medi-Peel Peptide 9 Vitanol PRO Cream - IDA.KOREA\" \/>\n<meta property=\"og:description\" content=\"Medi-Peel Peptide 9 Vitanol PRO Cream\u00a0pakub nii vananemisvastast kui ka kirgastavat toimet, v\u00e4hendab kortse ja vanusevigastusi, annab pinguldatust ja tervislikku s\u00e4ra. Silub, parandab elastsust ja tihedust, aitab v\u00f5idelda melasmaga, aknej\u00e4rgsete m\u00e4rkide ja fotovananemisega, takistab uute pigmentide tekkimist. Tagab pinguldava toime ja tugeva antioks\u00fcdantide kaitse, aeglustab vananemisprotsessi. Toitva kreemja tekstuuriga, mis niisutab intensiivselt, k\u00f5rvaldab kuivuse ja...\" \/>\n<meta property=\"og:url\" content=\"https:\/\/idakorea.ee\/en\/product\/pinguldav-kreem-peptiidide-ja-12-niatsinamiidiga-medi-peel-peptide-9-vitanol-pro-cream\/\" \/>\n<meta property=\"og:site_name\" content=\"IDA.KOREA\" \/>\n<meta property=\"article:modified_time\" content=\"2026-04-03T12:30:30+00:00\" \/>\n<meta property=\"og:image\" content=\"https:\/\/idakorea.ee\/wp-content\/uploads\/2024\/06\/Medi_Peel_-Peptide-9-Vitanol-PRO-Cream.jpg\" \/>\n\t<meta property=\"og:image:width\" content=\"1000\" \/>\n\t<meta property=\"og:image:height\" content=\"1000\" \/>\n\t<meta property=\"og:image:type\" content=\"image\/jpeg\" \/>\n<meta name=\"twitter:card\" content=\"summary_large_image\" \/>\n<meta name=\"twitter:label1\" content=\"Est. reading time\" \/>\n\t<meta name=\"twitter:data1\" content=\"2 minutes\" \/>\n<script type=\"application\/ld+json\" class=\"yoast-schema-graph\">{\"@context\":\"https:\/\/schema.org\",\"@graph\":[{\"@type\":\"WebPage\",\"@id\":\"https:\/\/idakorea.ee\/product\/pinguldav-kreem-peptiidide-ja-12-niatsinamiidiga-medi-peel-peptide-9-vitanol-pro-cream\/\",\"url\":\"https:\/\/idakorea.ee\/product\/pinguldav-kreem-peptiidide-ja-12-niatsinamiidiga-medi-peel-peptide-9-vitanol-pro-cream\/\",\"name\":\"Pinguldav kreem peptiidide ja 12% niatsinamiidiga Medi-Peel Peptide 9 Vitanol PRO Cream - IDA.KOREA\",\"isPartOf\":{\"@id\":\"https:\/\/idakorea.ee\/#website\"},\"primaryImageOfPage\":{\"@id\":\"https:\/\/idakorea.ee\/product\/pinguldav-kreem-peptiidide-ja-12-niatsinamiidiga-medi-peel-peptide-9-vitanol-pro-cream\/#primaryimage\"},\"image\":{\"@id\":\"https:\/\/idakorea.ee\/product\/pinguldav-kreem-peptiidide-ja-12-niatsinamiidiga-medi-peel-peptide-9-vitanol-pro-cream\/#primaryimage\"},\"thumbnailUrl\":\"https:\/\/idakorea.ee\/wp-content\/uploads\/2024\/06\/Medi_Peel_-Peptide-9-Vitanol-PRO-Cream.jpg\",\"datePublished\":\"2024-06-20T09:10:43+00:00\",\"dateModified\":\"2026-04-03T12:30:30+00:00\",\"breadcrumb\":{\"@id\":\"https:\/\/idakorea.ee\/product\/pinguldav-kreem-peptiidide-ja-12-niatsinamiidiga-medi-peel-peptide-9-vitanol-pro-cream\/#breadcrumb\"},\"inLanguage\":\"en-US\",\"potentialAction\":[{\"@type\":\"ReadAction\",\"target\":[\"https:\/\/idakorea.ee\/product\/pinguldav-kreem-peptiidide-ja-12-niatsinamiidiga-medi-peel-peptide-9-vitanol-pro-cream\/\"]}]},{\"@type\":\"ImageObject\",\"inLanguage\":\"en-US\",\"@id\":\"https:\/\/idakorea.ee\/product\/pinguldav-kreem-peptiidide-ja-12-niatsinamiidiga-medi-peel-peptide-9-vitanol-pro-cream\/#primaryimage\",\"url\":\"https:\/\/idakorea.ee\/wp-content\/uploads\/2024\/06\/Medi_Peel_-Peptide-9-Vitanol-PRO-Cream.jpg\",\"contentUrl\":\"https:\/\/idakorea.ee\/wp-content\/uploads\/2024\/06\/Medi_Peel_-Peptide-9-Vitanol-PRO-Cream.jpg\",\"width\":1000,\"height\":1000},{\"@type\":\"BreadcrumbList\",\"@id\":\"https:\/\/idakorea.ee\/product\/pinguldav-kreem-peptiidide-ja-12-niatsinamiidiga-medi-peel-peptide-9-vitanol-pro-cream\/#breadcrumb\",\"itemListElement\":[{\"@type\":\"ListItem\",\"position\":1,\"name\":\"\u0413\u043b\u0430\u0432\u043d\u0430\u044f \u0441\u0442\u0440\u0430\u043d\u0438\u0446\u0430\",\"item\":\"https:\/\/idakorea.ee\/\"},{\"@type\":\"ListItem\",\"position\":2,\"name\":\"Shop\",\"item\":\"https:\/\/idakorea.ee\/shop-2\/\"},{\"@type\":\"ListItem\",\"position\":3,\"name\":\"Pinguldav kreem peptiidide ja 12% niatsinamiidiga Medi-Peel Peptide 9 Vitanol PRO Cream\"}]},{\"@type\":\"WebSite\",\"@id\":\"https:\/\/idakorea.ee\/#website\",\"url\":\"https:\/\/idakorea.ee\/\",\"name\":\"IDA.KOREA\",\"description\":\"Korea kosmeetika e-pood\",\"publisher\":{\"@id\":\"https:\/\/idakorea.ee\/#organization\"},\"alternateName\":\"Beauty Shop\",\"potentialAction\":[{\"@type\":\"SearchAction\",\"target\":{\"@type\":\"EntryPoint\",\"urlTemplate\":\"https:\/\/idakorea.ee\/?s={search_term_string}\"},\"query-input\":{\"@type\":\"PropertyValueSpecification\",\"valueRequired\":true,\"valueName\":\"search_term_string\"}}],\"inLanguage\":\"en-US\"},{\"@type\":\"Organization\",\"@id\":\"https:\/\/idakorea.ee\/#organization\",\"name\":\"IDA.KOREA\",\"url\":\"https:\/\/idakorea.ee\/\",\"logo\":{\"@type\":\"ImageObject\",\"inLanguage\":\"en-US\",\"@id\":\"https:\/\/idakorea.ee\/#\/schema\/logo\/image\/\",\"url\":\"https:\/\/idakorea.ee\/wp-content\/uploads\/2024\/05\/cropped-korea3.png\",\"contentUrl\":\"https:\/\/idakorea.ee\/wp-content\/uploads\/2024\/05\/cropped-korea3.png\",\"width\":688,\"height\":126,\"caption\":\"IDA.KOREA\"},\"image\":{\"@id\":\"https:\/\/idakorea.ee\/#\/schema\/logo\/image\/\"},\"sameAs\":[\"https:\/\/www.instagram.com\/ida.korea\/\"]}]}<\/script>\n<!-- \/ Yoast SEO plugin. -->","yoast_head_json":{"title":"Firming cream with peptides and 12% niacinamide Medi-Peel Peptide 9 Vitanol PRO Cream - IDA.KOREA","robots":{"index":"index","follow":"follow","max-snippet":"max-snippet:-1","max-image-preview":"max-image-preview:large","max-video-preview":"max-video-preview:-1"},"canonical":"https:\/\/idakorea.ee\/en\/product\/pinguldav-kreem-peptiidide-ja-12-niatsinamiidiga-medi-peel-peptide-9-vitanol-pro-cream\/","og_locale":"en_US","og_type":"article","og_title":"Pinguldav kreem peptiidide ja 12% niatsinamiidiga Medi-Peel Peptide 9 Vitanol PRO Cream - IDA.KOREA","og_description":"Medi-Peel Peptide 9 Vitanol PRO Cream\u00a0pakub nii vananemisvastast kui ka kirgastavat toimet, v\u00e4hendab kortse ja vanusevigastusi, annab pinguldatust ja tervislikku s\u00e4ra. Silub, parandab elastsust ja tihedust, aitab v\u00f5idelda melasmaga, aknej\u00e4rgsete m\u00e4rkide ja fotovananemisega, takistab uute pigmentide tekkimist. Tagab pinguldava toime ja tugeva antioks\u00fcdantide kaitse, aeglustab vananemisprotsessi. Toitva kreemja tekstuuriga, mis niisutab intensiivselt, k\u00f5rvaldab kuivuse ja...","og_url":"https:\/\/idakorea.ee\/en\/product\/pinguldav-kreem-peptiidide-ja-12-niatsinamiidiga-medi-peel-peptide-9-vitanol-pro-cream\/","og_site_name":"IDA.KOREA","article_modified_time":"2026-04-03T12:30:30+00:00","og_image":[{"width":1000,"height":1000,"url":"https:\/\/idakorea.ee\/wp-content\/uploads\/2024\/06\/Medi_Peel_-Peptide-9-Vitanol-PRO-Cream.jpg","type":"image\/jpeg"}],"twitter_card":"summary_large_image","twitter_misc":{"Est. reading time":"2 minutes"},"schema":{"@context":"https:\/\/schema.org","@graph":[{"@type":"WebPage","@id":"https:\/\/idakorea.ee\/product\/pinguldav-kreem-peptiidide-ja-12-niatsinamiidiga-medi-peel-peptide-9-vitanol-pro-cream\/","url":"https:\/\/idakorea.ee\/product\/pinguldav-kreem-peptiidide-ja-12-niatsinamiidiga-medi-peel-peptide-9-vitanol-pro-cream\/","name":"Firming cream with peptides and 12% niacinamide Medi-Peel Peptide 9 Vitanol PRO Cream - IDA.KOREA","isPartOf":{"@id":"https:\/\/idakorea.ee\/#website"},"primaryImageOfPage":{"@id":"https:\/\/idakorea.ee\/product\/pinguldav-kreem-peptiidide-ja-12-niatsinamiidiga-medi-peel-peptide-9-vitanol-pro-cream\/#primaryimage"},"image":{"@id":"https:\/\/idakorea.ee\/product\/pinguldav-kreem-peptiidide-ja-12-niatsinamiidiga-medi-peel-peptide-9-vitanol-pro-cream\/#primaryimage"},"thumbnailUrl":"https:\/\/idakorea.ee\/wp-content\/uploads\/2024\/06\/Medi_Peel_-Peptide-9-Vitanol-PRO-Cream.jpg","datePublished":"2024-06-20T09:10:43+00:00","dateModified":"2026-04-03T12:30:30+00:00","breadcrumb":{"@id":"https:\/\/idakorea.ee\/product\/pinguldav-kreem-peptiidide-ja-12-niatsinamiidiga-medi-peel-peptide-9-vitanol-pro-cream\/#breadcrumb"},"inLanguage":"en-US","potentialAction":[{"@type":"ReadAction","target":["https:\/\/idakorea.ee\/product\/pinguldav-kreem-peptiidide-ja-12-niatsinamiidiga-medi-peel-peptide-9-vitanol-pro-cream\/"]}]},{"@type":"ImageObject","inLanguage":"en-US","@id":"https:\/\/idakorea.ee\/product\/pinguldav-kreem-peptiidide-ja-12-niatsinamiidiga-medi-peel-peptide-9-vitanol-pro-cream\/#primaryimage","url":"https:\/\/idakorea.ee\/wp-content\/uploads\/2024\/06\/Medi_Peel_-Peptide-9-Vitanol-PRO-Cream.jpg","contentUrl":"https:\/\/idakorea.ee\/wp-content\/uploads\/2024\/06\/Medi_Peel_-Peptide-9-Vitanol-PRO-Cream.jpg","width":1000,"height":1000},{"@type":"BreadcrumbList","@id":"https:\/\/idakorea.ee\/product\/pinguldav-kreem-peptiidide-ja-12-niatsinamiidiga-medi-peel-peptide-9-vitanol-pro-cream\/#breadcrumb","itemListElement":[{"@type":"ListItem","position":1,"name":"\u0413\u043b\u0430\u0432\u043d\u0430\u044f \u0441\u0442\u0440\u0430\u043d\u0438\u0446\u0430","item":"https:\/\/idakorea.ee\/"},{"@type":"ListItem","position":2,"name":"Shop","item":"https:\/\/idakorea.ee\/shop-2\/"},{"@type":"ListItem","position":3,"name":"Pinguldav kreem peptiidide ja 12% niatsinamiidiga Medi-Peel Peptide 9 Vitanol PRO Cream"}]},{"@type":"WebSite","@id":"https:\/\/idakorea.ee\/#website","url":"https:\/\/idakorea.ee\/","name":"IDA.KOREA","description":"Korean cosmetics e-shop","publisher":{"@id":"https:\/\/idakorea.ee\/#organization"},"alternateName":"Beauty Shop","potentialAction":[{"@type":"SearchAction","target":{"@type":"EntryPoint","urlTemplate":"https:\/\/idakorea.ee\/?s={search_term_string}"},"query-input":{"@type":"PropertyValueSpecification","valueRequired":true,"valueName":"search_term_string"}}],"inLanguage":"en-US"},{"@type":"Organization","@id":"https:\/\/idakorea.ee\/#organization","name":"IDA.KOREA","url":"https:\/\/idakorea.ee\/","logo":{"@type":"ImageObject","inLanguage":"en-US","@id":"https:\/\/idakorea.ee\/#\/schema\/logo\/image\/","url":"https:\/\/idakorea.ee\/wp-content\/uploads\/2024\/05\/cropped-korea3.png","contentUrl":"https:\/\/idakorea.ee\/wp-content\/uploads\/2024\/05\/cropped-korea3.png","width":688,"height":126,"caption":"IDA.KOREA"},"image":{"@id":"https:\/\/idakorea.ee\/#\/schema\/logo\/image\/"},"sameAs":["https:\/\/www.instagram.com\/ida.korea\/"]}]}},"jetpack_sharing_enabled":true,"brands":[{"id":107,"name":"MEDIPEEL+","slug":"medipeel"}],"_links":{"self":[{"href":"https:\/\/idakorea.ee\/en\/wp-json\/wp\/v2\/product\/5064","targetHints":{"allow":["GET"]}}],"collection":[{"href":"https:\/\/idakorea.ee\/en\/wp-json\/wp\/v2\/product"}],"about":[{"href":"https:\/\/idakorea.ee\/en\/wp-json\/wp\/v2\/types\/product"}],"replies":[{"embeddable":true,"href":"https:\/\/idakorea.ee\/en\/wp-json\/wp\/v2\/comments?post=5064"}],"version-history":[{"count":1,"href":"https:\/\/idakorea.ee\/en\/wp-json\/wp\/v2\/product\/5064\/revisions"}],"predecessor-version":[{"id":10841,"href":"https:\/\/idakorea.ee\/en\/wp-json\/wp\/v2\/product\/5064\/revisions\/10841"}],"wp:featuredmedia":[{"embeddable":true,"href":"https:\/\/idakorea.ee\/en\/wp-json\/wp\/v2\/media\/5065"}],"wp:attachment":[{"href":"https:\/\/idakorea.ee\/en\/wp-json\/wp\/v2\/media?parent=5064"}],"wp:term":[{"taxonomy":"pwb-brand","embeddable":true,"href":"https:\/\/idakorea.ee\/en\/wp-json\/wp\/v2\/pwb-brand?post=5064"},{"taxonomy":"product_brand","embeddable":true,"href":"https:\/\/idakorea.ee\/en\/wp-json\/wp\/v2\/product_brand?post=5064"},{"taxonomy":"product_cat","embeddable":true,"href":"https:\/\/idakorea.ee\/en\/wp-json\/wp\/v2\/product_cat?post=5064"},{"taxonomy":"product_tag","embeddable":true,"href":"https:\/\/idakorea.ee\/en\/wp-json\/wp\/v2\/product_tag?post=5064"}],"curies":[{"name":"wp","href":"https:\/\/api.w.org\/{rel}","templated":true}]}}