{"id":5107,"date":"2024-06-20T12:02:51","date_gmt":"2024-06-20T10:02:51","guid":{"rendered":"https:\/\/idakorea.ee\/?post_type=product&#038;p=5107"},"modified":"2026-04-08T08:56:04","modified_gmt":"2026-04-08T06:56:04","slug":"medipeel-red-lacto-collagen-trial-kit","status":"publish","type":"product","link":"https:\/\/idakorea.ee\/en\/product\/medipeel-red-lacto-collagen-trial-kit\/","title":{"rendered":"Mini facial kit Medi-Peel Red Lacto Collagen Trial Kit EXP 21.08.2026"},"content":{"rendered":"<p><strong>Medi-Peel Red Lacto Collagen Trial Kit<\/strong>\u00a0is specifically formulated for oily skin: it normalises oil glands, reduces oil production during the day and mattifies. Helps to tighten enlarged pores, increases the elasticity of blood vessel walls. Actively moisturises and supports healthy epidermal microbiota.<\/p>\n<p>The hit Red Lacto miniatures set is the perfect introduction to the new range. The products are handy to take with you on your travels and trips. The complex cleansing and care products perfectly restore the balance of hydrolipidic lipids, have a soothing effect, improve skin elasticity and help fight the first signs of ageing.<\/p>\n<p><strong>The kit includes:<\/strong><\/p>\n<ul>\n<li><strong>Red Lacto Collagen Cleansing Oil Hydrophilic Oil (20ml) -<\/strong>\u00a0gently and thoroughly removes stubborn make-up, pulls impurities out of pores and eliminates greasy shine. Eliminates dryness and tightness, softens and eliminates irritations.<\/li>\n<li><strong>Washing foam Red Lacto Collagen Clear 2.0 (15 ml)\u00a0<\/strong>- washes away dirt from the skin's surface, tightens pores and prevents clogging, brightens oily secretions, leaves skin clean and smooth. Removes excess oil, keratinized particles and make-up residues, improves skin elasticity which helps to tighten enlarged pores.<\/li>\n<li><strong>Red Lacto Collagen Peeling Pad (5 pcs)\u00a0<\/strong>- gently exfoliates and cleanses, evens tone, visually tightens pores, firms and tightens skin. The product triggers renewal processes, increases collagen and elastin production.<\/li>\n<li><strong>Red Lacto Collagen Cream (15 g)\u00a0<\/strong>- makes the skin firmer and tighter, restores skin integrity, smoothes the contours, accelerates the healing and renewal processes. Deeply hydrates, maintains water-lipid balance, eliminates dullness and evens skin tone.<\/li>\n<\/ul>\n<p><strong>Usage:\u00a0<\/strong>Hydrophilic oil: apply a few drops of hydrophilic oil on dry skin, massage gently on the face. Add a little water and continue massaging until the oil turns milky. Rinse off with warm water. Washing foam: lather the product in the palms of the hands, apply to the skin, massage into the face and rinse off with water. Exfoliating pads: after cleansing, wipe the face with the brushed side of the pad to exfoliate, then smooth over the skin to moisturise and tone. Cream: apply cream as the final step in your treatment.<\/p>\n<p>&nbsp;<\/p>","protected":false},"excerpt":{"rendered":"<p>Medi-Peel Red Lacto Collagen Trial Kit is specifically designed for oily skin: it normalizes oil glands, reduces oil production during the day and mattifies. Helps to tighten enlarged pores, increases elasticity of blood vessel walls. Actively moisturises and supports healthy microbiota in the epidermis. The hit Red Lacto range miniature set is perfect for introducing the new range. The products are handy to take with you on your travels....<\/p>","protected":false},"featured_media":5108,"comment_status":"open","ping_status":"closed","template":"","meta":{"_uf_show_specific_survey":0,"_uf_disable_surveys":false,"_bst_post_transparent":"default","_bst_post_title":"","_bst_post_layout":"default","_bst_post_sidebar_id":"","_bst_post_content_style":"default","_bst_post_vertical_padding":"default","_bst_post_feature":"","_bst_post_feature_position":"","_bst_post_header":false,"_bst_post_footer":false},"pwb-brand":[107],"product_brand":[],"product_cat":[95],"product_tag":[249,381,214],"class_list":{"0":"post-5107","1":"product","2":"type-product","3":"status-publish","4":"has-post-thumbnail","6":"pwb-brand-medipeel","7":"product_cat-komplektid","8":"product_tag-medi-peel","9":"product_tag-medipeel","10":"product_tag-rasune-nahk","12":"first","13":"instock","14":"sale","15":"shipping-taxable","16":"purchasable","17":"product-type-simple","18":"entry","19":"content-bg","20":"loop-entry"},"supplier_id":null,"supplier_sku":"","barcode":null,"atum_controlled":true,"out_stock_date":null,"out_stock_threshold":null,"inheritable":false,"inbound_stock":0,"stock_on_hold":0,"sold_today":0,"sales_last_days":1,"out_stock_days":0,"lost_sales":0,"has_location":false,"update_date":"2026-04-14T00:05:04","atum_locations":[],"atum_stock_status":"instock","restock_status":false,"low_stock_amount":"","sales_update_date":"2026-04-14T00:05:04","calc_backorders":null,"yoast_head":"<!-- This site is optimized with the Yoast SEO plugin v27.2 - https:\/\/yoast.com\/product\/yoast-seo-wordpress\/ -->\n<title>Minikomplekt n\u00e4ole Medi-Peel Red Lacto Collagen Trial Kit EXP 21.08.2026 - IDA.KOREA<\/title>\n<meta name=\"description\" content=\"MediPeel Red Lacto Collagen Trial Kit\u00a0- normaliseerib rasun\u00e4\u00e4rmeid, v\u00e4hendab rasu tootmist p\u00e4eva jooksul ja matistab. Kiire tarne!\" \/>\n<meta name=\"robots\" content=\"index, follow, max-snippet:-1, max-image-preview:large, max-video-preview:-1\" \/>\n<link rel=\"canonical\" href=\"https:\/\/idakorea.ee\/en\/product\/medipeel-red-lacto-collagen-trial-kit\/\" \/>\n<meta property=\"og:locale\" content=\"en_US\" \/>\n<meta property=\"og:type\" content=\"article\" \/>\n<meta property=\"og:title\" content=\"Minikomplekt n\u00e4ole Medi-Peel Red Lacto Collagen Trial Kit EXP 21.08.2026 - IDA.KOREA\" \/>\n<meta property=\"og:description\" content=\"MediPeel Red Lacto Collagen Trial Kit\u00a0- normaliseerib rasun\u00e4\u00e4rmeid, v\u00e4hendab rasu tootmist p\u00e4eva jooksul ja matistab. Kiire tarne!\" \/>\n<meta property=\"og:url\" content=\"https:\/\/idakorea.ee\/en\/product\/medipeel-red-lacto-collagen-trial-kit\/\" \/>\n<meta property=\"og:site_name\" content=\"IDA.KOREA\" \/>\n<meta property=\"article:modified_time\" content=\"2026-04-08T06:56:04+00:00\" \/>\n<meta property=\"og:image\" content=\"https:\/\/idakorea.ee\/wp-content\/uploads\/2024\/06\/Hollyshop-_32_-_1_.jpg\" \/>\n\t<meta property=\"og:image:width\" content=\"1000\" \/>\n\t<meta property=\"og:image:height\" content=\"1000\" \/>\n\t<meta property=\"og:image:type\" content=\"image\/jpeg\" \/>\n<meta name=\"twitter:card\" content=\"summary_large_image\" \/>\n<meta name=\"twitter:label1\" content=\"Est. reading time\" \/>\n\t<meta name=\"twitter:data1\" content=\"2 minutes\" \/>\n<script type=\"application\/ld+json\" class=\"yoast-schema-graph\">{\"@context\":\"https:\/\/schema.org\",\"@graph\":[{\"@type\":\"WebPage\",\"@id\":\"https:\/\/idakorea.ee\/product\/medipeel-red-lacto-collagen-trial-kit\/\",\"url\":\"https:\/\/idakorea.ee\/product\/medipeel-red-lacto-collagen-trial-kit\/\",\"name\":\"Minikomplekt n\u00e4ole Medi-Peel Red Lacto Collagen Trial Kit EXP 21.08.2026 - IDA.KOREA\",\"isPartOf\":{\"@id\":\"https:\/\/idakorea.ee\/#website\"},\"primaryImageOfPage\":{\"@id\":\"https:\/\/idakorea.ee\/product\/medipeel-red-lacto-collagen-trial-kit\/#primaryimage\"},\"image\":{\"@id\":\"https:\/\/idakorea.ee\/product\/medipeel-red-lacto-collagen-trial-kit\/#primaryimage\"},\"thumbnailUrl\":\"https:\/\/idakorea.ee\/wp-content\/uploads\/2024\/06\/Hollyshop-_32_-_1_.jpg\",\"datePublished\":\"2024-06-20T10:02:51+00:00\",\"dateModified\":\"2026-04-08T06:56:04+00:00\",\"description\":\"MediPeel Red Lacto Collagen Trial Kit\u00a0- normaliseerib rasun\u00e4\u00e4rmeid, v\u00e4hendab rasu tootmist p\u00e4eva jooksul ja matistab. Kiire tarne!\",\"breadcrumb\":{\"@id\":\"https:\/\/idakorea.ee\/product\/medipeel-red-lacto-collagen-trial-kit\/#breadcrumb\"},\"inLanguage\":\"en-US\",\"potentialAction\":[{\"@type\":\"ReadAction\",\"target\":[\"https:\/\/idakorea.ee\/product\/medipeel-red-lacto-collagen-trial-kit\/\"]}]},{\"@type\":\"ImageObject\",\"inLanguage\":\"en-US\",\"@id\":\"https:\/\/idakorea.ee\/product\/medipeel-red-lacto-collagen-trial-kit\/#primaryimage\",\"url\":\"https:\/\/idakorea.ee\/wp-content\/uploads\/2024\/06\/Hollyshop-_32_-_1_.jpg\",\"contentUrl\":\"https:\/\/idakorea.ee\/wp-content\/uploads\/2024\/06\/Hollyshop-_32_-_1_.jpg\",\"width\":1000,\"height\":1000},{\"@type\":\"BreadcrumbList\",\"@id\":\"https:\/\/idakorea.ee\/product\/medipeel-red-lacto-collagen-trial-kit\/#breadcrumb\",\"itemListElement\":[{\"@type\":\"ListItem\",\"position\":1,\"name\":\"\u0413\u043b\u0430\u0432\u043d\u0430\u044f \u0441\u0442\u0440\u0430\u043d\u0438\u0446\u0430\",\"item\":\"https:\/\/idakorea.ee\/\"},{\"@type\":\"ListItem\",\"position\":2,\"name\":\"Shop\",\"item\":\"https:\/\/idakorea.ee\/shop-2\/\"},{\"@type\":\"ListItem\",\"position\":3,\"name\":\"Minikomplekt n\u00e4ole Medi-Peel Red Lacto Collagen Trial Kit EXP 21.08.2026\"}]},{\"@type\":\"WebSite\",\"@id\":\"https:\/\/idakorea.ee\/#website\",\"url\":\"https:\/\/idakorea.ee\/\",\"name\":\"IDA.KOREA\",\"description\":\"Korea kosmeetika e-pood\",\"publisher\":{\"@id\":\"https:\/\/idakorea.ee\/#organization\"},\"alternateName\":\"Beauty Shop\",\"potentialAction\":[{\"@type\":\"SearchAction\",\"target\":{\"@type\":\"EntryPoint\",\"urlTemplate\":\"https:\/\/idakorea.ee\/?s={search_term_string}\"},\"query-input\":{\"@type\":\"PropertyValueSpecification\",\"valueRequired\":true,\"valueName\":\"search_term_string\"}}],\"inLanguage\":\"en-US\"},{\"@type\":\"Organization\",\"@id\":\"https:\/\/idakorea.ee\/#organization\",\"name\":\"IDA.KOREA\",\"url\":\"https:\/\/idakorea.ee\/\",\"logo\":{\"@type\":\"ImageObject\",\"inLanguage\":\"en-US\",\"@id\":\"https:\/\/idakorea.ee\/#\/schema\/logo\/image\/\",\"url\":\"https:\/\/idakorea.ee\/wp-content\/uploads\/2024\/05\/cropped-korea3.png\",\"contentUrl\":\"https:\/\/idakorea.ee\/wp-content\/uploads\/2024\/05\/cropped-korea3.png\",\"width\":688,\"height\":126,\"caption\":\"IDA.KOREA\"},\"image\":{\"@id\":\"https:\/\/idakorea.ee\/#\/schema\/logo\/image\/\"},\"sameAs\":[\"https:\/\/www.instagram.com\/ida.korea\/\"]}]}<\/script>\n<!-- \/ Yoast SEO plugin. -->","yoast_head_json":{"title":"Minikomplekt n\u00e4ole Medi-Peel Red Lacto Collagen Trial Kit EXP 21.08.2026 - IDA.KOREA","description":"MediPeel Red Lacto Collagen Trial Kit - normalizes oil glands, reduces fat production during the day and mattifies. Fast delivery!","robots":{"index":"index","follow":"follow","max-snippet":"max-snippet:-1","max-image-preview":"max-image-preview:large","max-video-preview":"max-video-preview:-1"},"canonical":"https:\/\/idakorea.ee\/en\/product\/medipeel-red-lacto-collagen-trial-kit\/","og_locale":"en_US","og_type":"article","og_title":"Minikomplekt n\u00e4ole Medi-Peel Red Lacto Collagen Trial Kit EXP 21.08.2026 - IDA.KOREA","og_description":"MediPeel Red Lacto Collagen Trial Kit\u00a0- normaliseerib rasun\u00e4\u00e4rmeid, v\u00e4hendab rasu tootmist p\u00e4eva jooksul ja matistab. Kiire tarne!","og_url":"https:\/\/idakorea.ee\/en\/product\/medipeel-red-lacto-collagen-trial-kit\/","og_site_name":"IDA.KOREA","article_modified_time":"2026-04-08T06:56:04+00:00","og_image":[{"width":1000,"height":1000,"url":"https:\/\/idakorea.ee\/wp-content\/uploads\/2024\/06\/Hollyshop-_32_-_1_.jpg","type":"image\/jpeg"}],"twitter_card":"summary_large_image","twitter_misc":{"Est. reading time":"2 minutes"},"schema":{"@context":"https:\/\/schema.org","@graph":[{"@type":"WebPage","@id":"https:\/\/idakorea.ee\/product\/medipeel-red-lacto-collagen-trial-kit\/","url":"https:\/\/idakorea.ee\/product\/medipeel-red-lacto-collagen-trial-kit\/","name":"Minikomplekt n\u00e4ole Medi-Peel Red Lacto Collagen Trial Kit EXP 21.08.2026 - IDA.KOREA","isPartOf":{"@id":"https:\/\/idakorea.ee\/#website"},"primaryImageOfPage":{"@id":"https:\/\/idakorea.ee\/product\/medipeel-red-lacto-collagen-trial-kit\/#primaryimage"},"image":{"@id":"https:\/\/idakorea.ee\/product\/medipeel-red-lacto-collagen-trial-kit\/#primaryimage"},"thumbnailUrl":"https:\/\/idakorea.ee\/wp-content\/uploads\/2024\/06\/Hollyshop-_32_-_1_.jpg","datePublished":"2024-06-20T10:02:51+00:00","dateModified":"2026-04-08T06:56:04+00:00","description":"MediPeel Red Lacto Collagen Trial Kit - normalizes oil glands, reduces fat production during the day and mattifies. Fast delivery!","breadcrumb":{"@id":"https:\/\/idakorea.ee\/product\/medipeel-red-lacto-collagen-trial-kit\/#breadcrumb"},"inLanguage":"en-US","potentialAction":[{"@type":"ReadAction","target":["https:\/\/idakorea.ee\/product\/medipeel-red-lacto-collagen-trial-kit\/"]}]},{"@type":"ImageObject","inLanguage":"en-US","@id":"https:\/\/idakorea.ee\/product\/medipeel-red-lacto-collagen-trial-kit\/#primaryimage","url":"https:\/\/idakorea.ee\/wp-content\/uploads\/2024\/06\/Hollyshop-_32_-_1_.jpg","contentUrl":"https:\/\/idakorea.ee\/wp-content\/uploads\/2024\/06\/Hollyshop-_32_-_1_.jpg","width":1000,"height":1000},{"@type":"BreadcrumbList","@id":"https:\/\/idakorea.ee\/product\/medipeel-red-lacto-collagen-trial-kit\/#breadcrumb","itemListElement":[{"@type":"ListItem","position":1,"name":"\u0413\u043b\u0430\u0432\u043d\u0430\u044f \u0441\u0442\u0440\u0430\u043d\u0438\u0446\u0430","item":"https:\/\/idakorea.ee\/"},{"@type":"ListItem","position":2,"name":"Shop","item":"https:\/\/idakorea.ee\/shop-2\/"},{"@type":"ListItem","position":3,"name":"Minikomplekt n\u00e4ole Medi-Peel Red Lacto Collagen Trial Kit EXP 21.08.2026"}]},{"@type":"WebSite","@id":"https:\/\/idakorea.ee\/#website","url":"https:\/\/idakorea.ee\/","name":"IDA.KOREA","description":"Korean cosmetics e-shop","publisher":{"@id":"https:\/\/idakorea.ee\/#organization"},"alternateName":"Beauty Shop","potentialAction":[{"@type":"SearchAction","target":{"@type":"EntryPoint","urlTemplate":"https:\/\/idakorea.ee\/?s={search_term_string}"},"query-input":{"@type":"PropertyValueSpecification","valueRequired":true,"valueName":"search_term_string"}}],"inLanguage":"en-US"},{"@type":"Organization","@id":"https:\/\/idakorea.ee\/#organization","name":"IDA.KOREA","url":"https:\/\/idakorea.ee\/","logo":{"@type":"ImageObject","inLanguage":"en-US","@id":"https:\/\/idakorea.ee\/#\/schema\/logo\/image\/","url":"https:\/\/idakorea.ee\/wp-content\/uploads\/2024\/05\/cropped-korea3.png","contentUrl":"https:\/\/idakorea.ee\/wp-content\/uploads\/2024\/05\/cropped-korea3.png","width":688,"height":126,"caption":"IDA.KOREA"},"image":{"@id":"https:\/\/idakorea.ee\/#\/schema\/logo\/image\/"},"sameAs":["https:\/\/www.instagram.com\/ida.korea\/"]}]}},"jetpack_sharing_enabled":true,"brands":[{"id":107,"name":"MEDIPEEL+","slug":"medipeel"}],"_links":{"self":[{"href":"https:\/\/idakorea.ee\/en\/wp-json\/wp\/v2\/product\/5107","targetHints":{"allow":["GET"]}}],"collection":[{"href":"https:\/\/idakorea.ee\/en\/wp-json\/wp\/v2\/product"}],"about":[{"href":"https:\/\/idakorea.ee\/en\/wp-json\/wp\/v2\/types\/product"}],"replies":[{"embeddable":true,"href":"https:\/\/idakorea.ee\/en\/wp-json\/wp\/v2\/comments?post=5107"}],"version-history":[{"count":2,"href":"https:\/\/idakorea.ee\/en\/wp-json\/wp\/v2\/product\/5107\/revisions"}],"predecessor-version":[{"id":17781,"href":"https:\/\/idakorea.ee\/en\/wp-json\/wp\/v2\/product\/5107\/revisions\/17781"}],"wp:featuredmedia":[{"embeddable":true,"href":"https:\/\/idakorea.ee\/en\/wp-json\/wp\/v2\/media\/5108"}],"wp:attachment":[{"href":"https:\/\/idakorea.ee\/en\/wp-json\/wp\/v2\/media?parent=5107"}],"wp:term":[{"taxonomy":"pwb-brand","embeddable":true,"href":"https:\/\/idakorea.ee\/en\/wp-json\/wp\/v2\/pwb-brand?post=5107"},{"taxonomy":"product_brand","embeddable":true,"href":"https:\/\/idakorea.ee\/en\/wp-json\/wp\/v2\/product_brand?post=5107"},{"taxonomy":"product_cat","embeddable":true,"href":"https:\/\/idakorea.ee\/en\/wp-json\/wp\/v2\/product_cat?post=5107"},{"taxonomy":"product_tag","embeddable":true,"href":"https:\/\/idakorea.ee\/en\/wp-json\/wp\/v2\/product_tag?post=5107"}],"curies":[{"name":"wp","href":"https:\/\/api.w.org\/{rel}","templated":true}]}}