{"id":8720,"date":"2024-06-22T12:19:30","date_gmt":"2024-06-22T12:19:30","guid":{"rendered":"https:\/\/idakorea.ee\/?post_type=product&#038;p=8720"},"modified":"2026-03-27T12:04:01","modified_gmt":"2026-03-27T10:04:01","slug":"kollageeniga-noorendav-oine-naohoolduskomplekt-medi-peel-collagen-super-10-sleeping-care","status":"publish","type":"product","link":"https:\/\/idakorea.ee\/en\/product\/kollageeniga-noorendav-oine-naohoolduskomplekt-medi-peel-collagen-super-10-sleeping-care\/","title":{"rendered":"Medi-Peel Collagen Super 10 Sleeping Care"},"content":{"rendered":"<p><strong>Medi-Peel Collagen Super 10 Sleeping Care Set<\/strong> moisturises, softens and smoothes the skin, increases elasticity and firmness, reduces the visibility of wrinkles and gives a healthy glow.<\/p>\n<p>The set consists of an ampoule and a mini cream: the products complement each other perfectly, accelerating the natural recovery processes that occur during sleep.<\/p>\n<p>The products soothe, nourish and normalise oil production, boost skin barrier functions and strengthen the natural moisture-retaining barrier that prevents dryness. The cream, the final step of the treatment, does not leave the skin feeling sticky.<\/p>\n<p>The main component of the ampoule and cream is hydrolysed collagen (1,000 ppm), which penetrates deeper than normal collagen due to its low molecular mass. Moisturises and retains the skin's moisture, maintaining elasticity and firmness and reducing the appearance of signs of ageing.<\/p>\n<p><strong>Additional active substances:<\/strong><\/p>\n<ul>\n<li><strong>To the bottle<\/strong> is a polysaccharide polymer with strong antioxidant activity. Creates an invisible layer on the skin that retains moisture, firms and smoothes. Slows down the ageing process and strengthens the tissues, leaving the skin smooth and radiant.<\/li>\n<li><strong>Peptide complex<\/strong> activates the synthesis of hyaluronic acid, tightens and smoothes the skin, prevents collagen degradation, stimulates cell regeneration, smoothes the texture and maintains skin youthfulness. Argyralin has botulinum-like action, relaxing facial muscles and thereby reducing facial wrinkles.<\/li>\n<li><strong>Natural Protector\u2122<\/strong> (extracts of white willow bark, oregano, cypress, portulaca, cinnamon, baikali and fermented soy) is an herbal complex with anti-inflammatory and antibacterial properties, normalizes sebum production, soothes, moisturizes and maintains water balance.<\/li>\n<li><strong>Niacinamide<\/strong> (vitamin B3) stimulates collagen production, brightens, evens skin tone and slows down the transport of melanin into the epidermis, strengthening the hydrolipidic mantle.<\/li>\n<li><strong>Jojoba oil<\/strong> enriched with vitamins A and E, it combats dryness and flakiness, nourishes the skin, making it stronger and more elastic.<\/li>\n<li><strong>10 superfood complex<\/strong> is a source of macro- and microelements. Gently lightens pigmentation, reduces inflammation, tones and soothes irritated skin. Has a strong antioxidant action, provides excellent hydration, soothes and reduces redness. Contains tannins, carotene, lipids, glycosides, sugars, citric and malic acids, smoothing the skin's texture, smoothing the skin and giving a beautiful natural inner glow.<\/li>\n<\/ul>\n<p>Suitable for all skin types.<\/p>\n<p><strong>Usage:<\/strong> After cleansing and toning the face, apply the serum to the face and distribute evenly over the skin. Apply a moisturising moisturiser as the last step of the night treatment.<\/p>","protected":false},"excerpt":{"rendered":"<p>Medi-Peel Collagen Super 10 Sleeping Care moisturizes, softens and smoothes the skin, increases elasticity and firmness, reduces the appearance of wrinkles and gives a healthy glow. The kit consists of an ampoule and a mini cream: the products complement each other perfectly, accelerating the natural regeneration processes that take place during sleep. The products soothe, nourish and normalise sebum production, increase the skin's barrier functions and reinforce the natural moisture-retaining barrier,...<\/p>","protected":false},"featured_media":8721,"comment_status":"open","ping_status":"closed","template":"","meta":{"_uf_show_specific_survey":0,"_uf_disable_surveys":false,"_bst_post_transparent":"default","_bst_post_title":"","_bst_post_layout":"default","_bst_post_sidebar_id":"","_bst_post_content_style":"default","_bst_post_vertical_padding":"default","_bst_post_feature":"","_bst_post_feature_position":"","_bst_post_header":false,"_bst_post_footer":false},"pwb-brand":[107],"product_brand":[],"product_cat":[95],"product_tag":[233,377,202,216,249,381,221],"class_list":{"0":"post-8720","1":"product","2":"type-product","3":"status-publish","4":"has-post-thumbnail","6":"pwb-brand-medipeel","7":"product_cat-komplektid","8":"product_tag-internet-pood-eesti","9":"product_tag-k-beauty-2","10":"product_tag-korea-kosmeetika","11":"product_tag-kuiv-nahk","12":"product_tag-medi-peel","13":"product_tag-medipeel","14":"product_tag-tundlik-nahk","16":"first","17":"instock","18":"sale","19":"shipping-taxable","20":"purchasable","21":"product-type-simple","22":"entry","23":"content-bg","24":"loop-entry"},"supplier_id":null,"supplier_sku":"","barcode":null,"atum_controlled":true,"out_stock_date":null,"out_stock_threshold":null,"inheritable":false,"inbound_stock":0,"stock_on_hold":0,"sold_today":0,"sales_last_days":0,"out_stock_days":0,"lost_sales":0,"has_location":false,"update_date":"2026-04-14T00:05:09","atum_locations":[],"atum_stock_status":"instock","restock_status":false,"low_stock_amount":"","sales_update_date":"2026-04-14T00:05:09","calc_backorders":null,"yoast_head":"<!-- This site is optimized with the Yoast SEO plugin v27.2 - https:\/\/yoast.com\/product\/yoast-seo-wordpress\/ -->\n<title>Kollageeniga noorendav \u00f6ine n\u00e4ohoolduskomplekt Medi-Peel Collagen Super 10 Sleeping Care - IDA.KOREA<\/title>\n<meta name=\"robots\" content=\"index, follow, max-snippet:-1, max-image-preview:large, max-video-preview:-1\" \/>\n<link rel=\"canonical\" href=\"https:\/\/idakorea.ee\/en\/product\/kollageeniga-noorendav-oine-naohoolduskomplekt-medi-peel-collagen-super-10-sleeping-care\/\" \/>\n<meta property=\"og:locale\" content=\"en_US\" \/>\n<meta property=\"og:type\" content=\"article\" \/>\n<meta property=\"og:title\" content=\"Kollageeniga noorendav \u00f6ine n\u00e4ohoolduskomplekt Medi-Peel Collagen Super 10 Sleeping Care - IDA.KOREA\" \/>\n<meta property=\"og:description\" content=\"Medi-Peel Collagen Super 10 Sleeping Care komplekt niisutab, pehmendab ja silub nahka, suurendab elastsust ja tugevust, v\u00e4hendab kortsude n\u00e4htavust ja annab tervisliku s\u00e4ra. Komplekt koosneb ampullist ja mini kreemist: tooted t\u00e4iendavad teineteist ideaalselt, kiirendades une ajal toimuvaid loomulikke taastumisprotsesse. Tooted rahustavad, toidavad ja normaliseerivad rasu tootmist, suurendavad naha barj\u00e4\u00e4rifunktsioone ja tugevdavad loomulikku niiskust s\u00e4ilitavat barj\u00e4\u00e4ri,...\" \/>\n<meta property=\"og:url\" content=\"https:\/\/idakorea.ee\/en\/product\/kollageeniga-noorendav-oine-naohoolduskomplekt-medi-peel-collagen-super-10-sleeping-care\/\" \/>\n<meta property=\"og:site_name\" content=\"IDA.KOREA\" \/>\n<meta property=\"article:modified_time\" content=\"2026-03-27T10:04:01+00:00\" \/>\n<meta property=\"og:image\" content=\"https:\/\/idakorea.ee\/wp-content\/uploads\/2024\/06\/medi_peel-collagen-super-10-sleeping-care.jpg\" \/>\n\t<meta property=\"og:image:width\" content=\"1000\" \/>\n\t<meta property=\"og:image:height\" content=\"1000\" \/>\n\t<meta property=\"og:image:type\" content=\"image\/jpeg\" \/>\n<meta name=\"twitter:card\" content=\"summary_large_image\" \/>\n<meta name=\"twitter:label1\" content=\"Est. reading time\" \/>\n\t<meta name=\"twitter:data1\" content=\"2 minutes\" \/>\n<script type=\"application\/ld+json\" class=\"yoast-schema-graph\">{\"@context\":\"https:\/\/schema.org\",\"@graph\":[{\"@type\":\"WebPage\",\"@id\":\"https:\/\/idakorea.ee\/product\/kollageeniga-noorendav-oine-naohoolduskomplekt-medi-peel-collagen-super-10-sleeping-care\/\",\"url\":\"https:\/\/idakorea.ee\/product\/kollageeniga-noorendav-oine-naohoolduskomplekt-medi-peel-collagen-super-10-sleeping-care\/\",\"name\":\"Kollageeniga noorendav \u00f6ine n\u00e4ohoolduskomplekt Medi-Peel Collagen Super 10 Sleeping Care - IDA.KOREA\",\"isPartOf\":{\"@id\":\"https:\/\/idakorea.ee\/#website\"},\"primaryImageOfPage\":{\"@id\":\"https:\/\/idakorea.ee\/product\/kollageeniga-noorendav-oine-naohoolduskomplekt-medi-peel-collagen-super-10-sleeping-care\/#primaryimage\"},\"image\":{\"@id\":\"https:\/\/idakorea.ee\/product\/kollageeniga-noorendav-oine-naohoolduskomplekt-medi-peel-collagen-super-10-sleeping-care\/#primaryimage\"},\"thumbnailUrl\":\"https:\/\/idakorea.ee\/wp-content\/uploads\/2024\/06\/medi_peel-collagen-super-10-sleeping-care.jpg\",\"datePublished\":\"2024-06-22T12:19:30+00:00\",\"dateModified\":\"2026-03-27T10:04:01+00:00\",\"breadcrumb\":{\"@id\":\"https:\/\/idakorea.ee\/product\/kollageeniga-noorendav-oine-naohoolduskomplekt-medi-peel-collagen-super-10-sleeping-care\/#breadcrumb\"},\"inLanguage\":\"en-US\",\"potentialAction\":[{\"@type\":\"ReadAction\",\"target\":[\"https:\/\/idakorea.ee\/product\/kollageeniga-noorendav-oine-naohoolduskomplekt-medi-peel-collagen-super-10-sleeping-care\/\"]}]},{\"@type\":\"ImageObject\",\"inLanguage\":\"en-US\",\"@id\":\"https:\/\/idakorea.ee\/product\/kollageeniga-noorendav-oine-naohoolduskomplekt-medi-peel-collagen-super-10-sleeping-care\/#primaryimage\",\"url\":\"https:\/\/idakorea.ee\/wp-content\/uploads\/2024\/06\/medi_peel-collagen-super-10-sleeping-care.jpg\",\"contentUrl\":\"https:\/\/idakorea.ee\/wp-content\/uploads\/2024\/06\/medi_peel-collagen-super-10-sleeping-care.jpg\",\"width\":1000,\"height\":1000},{\"@type\":\"BreadcrumbList\",\"@id\":\"https:\/\/idakorea.ee\/product\/kollageeniga-noorendav-oine-naohoolduskomplekt-medi-peel-collagen-super-10-sleeping-care\/#breadcrumb\",\"itemListElement\":[{\"@type\":\"ListItem\",\"position\":1,\"name\":\"\u0413\u043b\u0430\u0432\u043d\u0430\u044f \u0441\u0442\u0440\u0430\u043d\u0438\u0446\u0430\",\"item\":\"https:\/\/idakorea.ee\/\"},{\"@type\":\"ListItem\",\"position\":2,\"name\":\"Shop\",\"item\":\"https:\/\/idakorea.ee\/shop-2\/\"},{\"@type\":\"ListItem\",\"position\":3,\"name\":\"Kollageeniga noorendav \u00f6ine n\u00e4ohoolduskomplekt Medi-Peel Collagen Super 10 Sleeping Care\"}]},{\"@type\":\"WebSite\",\"@id\":\"https:\/\/idakorea.ee\/#website\",\"url\":\"https:\/\/idakorea.ee\/\",\"name\":\"IDA.KOREA\",\"description\":\"Korea kosmeetika e-pood\",\"publisher\":{\"@id\":\"https:\/\/idakorea.ee\/#organization\"},\"alternateName\":\"Beauty Shop\",\"potentialAction\":[{\"@type\":\"SearchAction\",\"target\":{\"@type\":\"EntryPoint\",\"urlTemplate\":\"https:\/\/idakorea.ee\/?s={search_term_string}\"},\"query-input\":{\"@type\":\"PropertyValueSpecification\",\"valueRequired\":true,\"valueName\":\"search_term_string\"}}],\"inLanguage\":\"en-US\"},{\"@type\":\"Organization\",\"@id\":\"https:\/\/idakorea.ee\/#organization\",\"name\":\"IDA.KOREA\",\"url\":\"https:\/\/idakorea.ee\/\",\"logo\":{\"@type\":\"ImageObject\",\"inLanguage\":\"en-US\",\"@id\":\"https:\/\/idakorea.ee\/#\/schema\/logo\/image\/\",\"url\":\"https:\/\/idakorea.ee\/wp-content\/uploads\/2024\/05\/cropped-korea3.png\",\"contentUrl\":\"https:\/\/idakorea.ee\/wp-content\/uploads\/2024\/05\/cropped-korea3.png\",\"width\":688,\"height\":126,\"caption\":\"IDA.KOREA\"},\"image\":{\"@id\":\"https:\/\/idakorea.ee\/#\/schema\/logo\/image\/\"},\"sameAs\":[\"https:\/\/www.instagram.com\/ida.korea\/\"]}]}<\/script>\n<!-- \/ Yoast SEO plugin. -->","yoast_head_json":{"title":"Medi-Peel Collagen Super 10 Sleeping Care Night Rejuvenating Collagen Facial Treatment - IDA.KOREA","robots":{"index":"index","follow":"follow","max-snippet":"max-snippet:-1","max-image-preview":"max-image-preview:large","max-video-preview":"max-video-preview:-1"},"canonical":"https:\/\/idakorea.ee\/en\/product\/kollageeniga-noorendav-oine-naohoolduskomplekt-medi-peel-collagen-super-10-sleeping-care\/","og_locale":"en_US","og_type":"article","og_title":"Kollageeniga noorendav \u00f6ine n\u00e4ohoolduskomplekt Medi-Peel Collagen Super 10 Sleeping Care - IDA.KOREA","og_description":"Medi-Peel Collagen Super 10 Sleeping Care komplekt niisutab, pehmendab ja silub nahka, suurendab elastsust ja tugevust, v\u00e4hendab kortsude n\u00e4htavust ja annab tervisliku s\u00e4ra. Komplekt koosneb ampullist ja mini kreemist: tooted t\u00e4iendavad teineteist ideaalselt, kiirendades une ajal toimuvaid loomulikke taastumisprotsesse. Tooted rahustavad, toidavad ja normaliseerivad rasu tootmist, suurendavad naha barj\u00e4\u00e4rifunktsioone ja tugevdavad loomulikku niiskust s\u00e4ilitavat barj\u00e4\u00e4ri,...","og_url":"https:\/\/idakorea.ee\/en\/product\/kollageeniga-noorendav-oine-naohoolduskomplekt-medi-peel-collagen-super-10-sleeping-care\/","og_site_name":"IDA.KOREA","article_modified_time":"2026-03-27T10:04:01+00:00","og_image":[{"width":1000,"height":1000,"url":"https:\/\/idakorea.ee\/wp-content\/uploads\/2024\/06\/medi_peel-collagen-super-10-sleeping-care.jpg","type":"image\/jpeg"}],"twitter_card":"summary_large_image","twitter_misc":{"Est. reading time":"2 minutes"},"schema":{"@context":"https:\/\/schema.org","@graph":[{"@type":"WebPage","@id":"https:\/\/idakorea.ee\/product\/kollageeniga-noorendav-oine-naohoolduskomplekt-medi-peel-collagen-super-10-sleeping-care\/","url":"https:\/\/idakorea.ee\/product\/kollageeniga-noorendav-oine-naohoolduskomplekt-medi-peel-collagen-super-10-sleeping-care\/","name":"Medi-Peel Collagen Super 10 Sleeping Care Night Rejuvenating Collagen Facial Treatment - IDA.KOREA","isPartOf":{"@id":"https:\/\/idakorea.ee\/#website"},"primaryImageOfPage":{"@id":"https:\/\/idakorea.ee\/product\/kollageeniga-noorendav-oine-naohoolduskomplekt-medi-peel-collagen-super-10-sleeping-care\/#primaryimage"},"image":{"@id":"https:\/\/idakorea.ee\/product\/kollageeniga-noorendav-oine-naohoolduskomplekt-medi-peel-collagen-super-10-sleeping-care\/#primaryimage"},"thumbnailUrl":"https:\/\/idakorea.ee\/wp-content\/uploads\/2024\/06\/medi_peel-collagen-super-10-sleeping-care.jpg","datePublished":"2024-06-22T12:19:30+00:00","dateModified":"2026-03-27T10:04:01+00:00","breadcrumb":{"@id":"https:\/\/idakorea.ee\/product\/kollageeniga-noorendav-oine-naohoolduskomplekt-medi-peel-collagen-super-10-sleeping-care\/#breadcrumb"},"inLanguage":"en-US","potentialAction":[{"@type":"ReadAction","target":["https:\/\/idakorea.ee\/product\/kollageeniga-noorendav-oine-naohoolduskomplekt-medi-peel-collagen-super-10-sleeping-care\/"]}]},{"@type":"ImageObject","inLanguage":"en-US","@id":"https:\/\/idakorea.ee\/product\/kollageeniga-noorendav-oine-naohoolduskomplekt-medi-peel-collagen-super-10-sleeping-care\/#primaryimage","url":"https:\/\/idakorea.ee\/wp-content\/uploads\/2024\/06\/medi_peel-collagen-super-10-sleeping-care.jpg","contentUrl":"https:\/\/idakorea.ee\/wp-content\/uploads\/2024\/06\/medi_peel-collagen-super-10-sleeping-care.jpg","width":1000,"height":1000},{"@type":"BreadcrumbList","@id":"https:\/\/idakorea.ee\/product\/kollageeniga-noorendav-oine-naohoolduskomplekt-medi-peel-collagen-super-10-sleeping-care\/#breadcrumb","itemListElement":[{"@type":"ListItem","position":1,"name":"\u0413\u043b\u0430\u0432\u043d\u0430\u044f \u0441\u0442\u0440\u0430\u043d\u0438\u0446\u0430","item":"https:\/\/idakorea.ee\/"},{"@type":"ListItem","position":2,"name":"Shop","item":"https:\/\/idakorea.ee\/shop-2\/"},{"@type":"ListItem","position":3,"name":"Kollageeniga noorendav \u00f6ine n\u00e4ohoolduskomplekt Medi-Peel Collagen Super 10 Sleeping Care"}]},{"@type":"WebSite","@id":"https:\/\/idakorea.ee\/#website","url":"https:\/\/idakorea.ee\/","name":"IDA.KOREA","description":"Korean cosmetics e-shop","publisher":{"@id":"https:\/\/idakorea.ee\/#organization"},"alternateName":"Beauty Shop","potentialAction":[{"@type":"SearchAction","target":{"@type":"EntryPoint","urlTemplate":"https:\/\/idakorea.ee\/?s={search_term_string}"},"query-input":{"@type":"PropertyValueSpecification","valueRequired":true,"valueName":"search_term_string"}}],"inLanguage":"en-US"},{"@type":"Organization","@id":"https:\/\/idakorea.ee\/#organization","name":"IDA.KOREA","url":"https:\/\/idakorea.ee\/","logo":{"@type":"ImageObject","inLanguage":"en-US","@id":"https:\/\/idakorea.ee\/#\/schema\/logo\/image\/","url":"https:\/\/idakorea.ee\/wp-content\/uploads\/2024\/05\/cropped-korea3.png","contentUrl":"https:\/\/idakorea.ee\/wp-content\/uploads\/2024\/05\/cropped-korea3.png","width":688,"height":126,"caption":"IDA.KOREA"},"image":{"@id":"https:\/\/idakorea.ee\/#\/schema\/logo\/image\/"},"sameAs":["https:\/\/www.instagram.com\/ida.korea\/"]}]}},"jetpack_sharing_enabled":true,"brands":[{"id":107,"name":"MEDIPEEL+","slug":"medipeel"}],"_links":{"self":[{"href":"https:\/\/idakorea.ee\/en\/wp-json\/wp\/v2\/product\/8720","targetHints":{"allow":["GET"]}}],"collection":[{"href":"https:\/\/idakorea.ee\/en\/wp-json\/wp\/v2\/product"}],"about":[{"href":"https:\/\/idakorea.ee\/en\/wp-json\/wp\/v2\/types\/product"}],"replies":[{"embeddable":true,"href":"https:\/\/idakorea.ee\/en\/wp-json\/wp\/v2\/comments?post=8720"}],"version-history":[{"count":2,"href":"https:\/\/idakorea.ee\/en\/wp-json\/wp\/v2\/product\/8720\/revisions"}],"predecessor-version":[{"id":11195,"href":"https:\/\/idakorea.ee\/en\/wp-json\/wp\/v2\/product\/8720\/revisions\/11195"}],"wp:featuredmedia":[{"embeddable":true,"href":"https:\/\/idakorea.ee\/en\/wp-json\/wp\/v2\/media\/8721"}],"wp:attachment":[{"href":"https:\/\/idakorea.ee\/en\/wp-json\/wp\/v2\/media?parent=8720"}],"wp:term":[{"taxonomy":"pwb-brand","embeddable":true,"href":"https:\/\/idakorea.ee\/en\/wp-json\/wp\/v2\/pwb-brand?post=8720"},{"taxonomy":"product_brand","embeddable":true,"href":"https:\/\/idakorea.ee\/en\/wp-json\/wp\/v2\/product_brand?post=8720"},{"taxonomy":"product_cat","embeddable":true,"href":"https:\/\/idakorea.ee\/en\/wp-json\/wp\/v2\/product_cat?post=8720"},{"taxonomy":"product_tag","embeddable":true,"href":"https:\/\/idakorea.ee\/en\/wp-json\/wp\/v2\/product_tag?post=8720"}],"curies":[{"name":"wp","href":"https:\/\/api.w.org\/{rel}","templated":true}]}}