{"id":8765,"date":"2024-06-22T12:43:12","date_gmt":"2024-06-22T12:43:12","guid":{"rendered":"https:\/\/idakorea.ee\/?post_type=product&#038;p=8765"},"modified":"2026-03-27T12:02:18","modified_gmt":"2026-03-27T10:02:18","slug":"teemantpulbriga-naomask-medi-peel-rose-diamond-mask","status":"publish","type":"product","link":"https:\/\/idakorea.ee\/en\/product\/teemantpulbriga-naomask-medi-peel-rose-diamond-mask\/","title":{"rendered":"Medi-Peel Rose Diamond Face Mask with Diamond Powder"},"content":{"rendered":"<p><strong>Medi-Peel Rose Diamond Mask<\/strong> is a brightening mask containing diamond powder that eliminates dullness and sagging, improves skin appearance and condition. It strengthens microcirculation and protects the skin from negative external factors such as cold, wind, dry indoor air and UV rays.<\/p>\n<p>The mask has excellent toning properties, improves skin elasticity, softens and smoothes the skin surface. After using the mask, the skin becomes noticeably firmer, more elastic, fine wrinkles are smoothed and the skin acquires a healthy, even glow.<\/p>\n<p>The creamy essence impregnated into the mask enriches the cells with active ingredients and creates an invisible barrier to prevent moisture loss. As a result, the skin becomes maximally hydrated and nourished.<\/p>\n<p><strong>Main active ingredients:<\/strong><\/p>\n<ul>\n<li><strong>Themantium powder<\/strong> improves skin condition, nourishes and deeply moisturises. In addition, it helps to remove harmful toxins from epidermal cells.<\/li>\n<li><strong>Rose extract<\/strong> moisturises the skin, regenerates and smoothes wrinkles, including mimic wrinkles. Increases skin elasticity, normalises sebaceous glands, evens skin tone, tightens pores and eliminates stress and allergic reactions.<\/li>\n<li><strong>7 types of hyaluronic acid<\/strong> provide deep hydration and maintain the skin's natural pH balance at optimal levels. Hyaluronic acid forms an invisible barrier that prevents moisture evaporation and leaves skin feeling fresh and hydrated.<\/li>\n<li><strong>Whey powder<\/strong> provides excellent rejuvenating action and gently brightens, eliminating dark circles and unwanted pigmentation.<\/li>\n<li><strong>Macadamia oil<\/strong> softens and intensively nourishes the skin, is quickly absorbed and easily distributed. Helps restore the skin barrier by acting as an antioxidant. Invaluable for dry, dehydrated and mature skin. Treats irritations, soothes inflammation.<\/li>\n<li><strong>Madecassoside<\/strong> is a purified isolate, the active component, extracted from the plant extract of Asian water tails. Suitable for all skin types, it aims at general healing and boosting skin immunity, and its main properties are anti-inflammatory, healing and rejuvenating.<\/li>\n<li><strong>Allantoiin<\/strong> softens, intensely moisturises, helps to tighten pores and normalise oil production, has anti-inflammatory properties and soothes irritated skin.<\/li>\n<li><strong>Tocopherol<\/strong> protects the skin against negative external factors, prevents the oxidation of unsaturated fatty acids. Intensively enriches the skin with vitamins. Able to penetrate into the deep layers of the skin where it hydrolyses into vitamin E. Vitamin E helps to prevent oxidative damage to the skin.<\/li>\n<li><strong>Betaine<\/strong> actively moisturises, has a conditioning action, relieves skin inflammation, reduces the destructive action of surfactants, promotes their volume increase and foam stabilisation, enhances the conditioning action of other components and is itself a good conditioner, having a superficial effect on the skin and improving its appearance.<\/li>\n<li><strong>Argan oil<\/strong> restores the skin's hydrolipidic layer, increasing its elasticity and suppleness. The high concentration of tocopherol in argan provides the antioxidant effect of argan, and thanks to the unsaturated fatty acids contained in the composition, soothes and softens the skin perfectly.<\/li>\n<\/ul>\n<p>&nbsp;<\/p>\n<p>Suitable for all skin types.<\/p>\n<p><strong>Usage:<\/strong> Remove from packaging and apply firmly to cleansed face. Wait 10-20 minutes and then remove. Allow the essence to absorb by gently patting the skin.<\/p>","protected":false},"excerpt":{"rendered":"<p>Medi-Peel Rose Diamond Mask is a brightening mask containing diamond powder that eliminates dullness and sagging, improves skin appearance and condition. Strengthens microcirculation and protects the skin from negative external influences such as cold, wind, dry indoor air and UV rays. The mask provides excellent toning, improves skin elasticity, softens and smoothes the skin surface. After using the mask, the skin becomes noticeably...<\/p>","protected":false},"featured_media":8768,"comment_status":"open","ping_status":"closed","template":"","meta":{"_uf_show_specific_survey":0,"_uf_disable_surveys":false,"_bst_post_transparent":"default","_bst_post_title":"","_bst_post_layout":"default","_bst_post_sidebar_id":"","_bst_post_content_style":"default","_bst_post_vertical_padding":"default","_bst_post_feature":"","_bst_post_feature_position":"","_bst_post_header":false,"_bst_post_footer":false},"pwb-brand":[107],"product_brand":[],"product_cat":[92,98],"product_tag":[233,377,202,246,249,381],"class_list":{"0":"post-8765","1":"product","2":"type-product","3":"status-publish","4":"has-post-thumbnail","6":"pwb-brand-medipeel","7":"product_cat-nagu","8":"product_cat-naomaskid","9":"product_tag-internet-pood-eesti","10":"product_tag-k-beauty-2","11":"product_tag-korea-kosmeetika","12":"product_tag-korea-naomaskid","13":"product_tag-medi-peel","14":"product_tag-medipeel","16":"first","17":"instock","18":"sale","19":"shipping-taxable","20":"purchasable","21":"product-type-simple","22":"entry","23":"content-bg","24":"loop-entry"},"supplier_id":null,"supplier_sku":"","barcode":null,"atum_controlled":true,"out_stock_date":null,"out_stock_threshold":null,"inheritable":false,"inbound_stock":0,"stock_on_hold":0,"sold_today":0,"sales_last_days":0,"out_stock_days":0,"lost_sales":0,"has_location":false,"update_date":"2026-04-14T00:05:09","atum_locations":[],"atum_stock_status":"instock","restock_status":false,"low_stock_amount":"","sales_update_date":"2026-04-14T00:05:09","calc_backorders":null,"yoast_head":"<!-- This site is optimized with the Yoast SEO plugin v27.2 - https:\/\/yoast.com\/product\/yoast-seo-wordpress\/ -->\n<title>Teemantpulbriga n\u00e4omask Medi-Peel Rose Diamond Mask - IDA.KOREA<\/title>\n<meta name=\"robots\" content=\"index, follow, max-snippet:-1, max-image-preview:large, max-video-preview:-1\" \/>\n<link rel=\"canonical\" href=\"https:\/\/idakorea.ee\/en\/product\/teemantpulbriga-naomask-medi-peel-rose-diamond-mask\/\" \/>\n<meta property=\"og:locale\" content=\"en_US\" \/>\n<meta property=\"og:type\" content=\"article\" \/>\n<meta property=\"og:title\" content=\"Teemantpulbriga n\u00e4omask Medi-Peel Rose Diamond Mask - IDA.KOREA\" \/>\n<meta property=\"og:description\" content=\"Medi-Peel Rose Diamond Mask on s\u00e4ra andev mask, mis sisaldab teemantipulbrit, mis k\u00f5rvaldab tuhmuse ja naha l\u00f5tvumise, parandab naha v\u00e4limust ja seisukorda. Tugevdab mikrotsirkulatsiooni ja kaitseb nahka negatiivsete v\u00e4lism\u00f5jude eest, nagu k\u00fclm, tuul, kuiv sise\u00f5hk ja UV-kiirgus. Mask toniseerib suurep\u00e4raselt, parandab naha elastsust, muudab selle pehmeks ja silub nahapinda. P\u00e4rast maski kasutamist muutub nahk m\u00e4rgatavalt...\" \/>\n<meta property=\"og:url\" content=\"https:\/\/idakorea.ee\/en\/product\/teemantpulbriga-naomask-medi-peel-rose-diamond-mask\/\" \/>\n<meta property=\"og:site_name\" content=\"IDA.KOREA\" \/>\n<meta property=\"article:modified_time\" content=\"2026-03-27T10:02:18+00:00\" \/>\n<meta property=\"og:image\" content=\"https:\/\/idakorea.ee\/wp-content\/uploads\/2024\/06\/2cdad056af6b5fc19ee0b6857ba25d96.jpg\" \/>\n\t<meta property=\"og:image:width\" content=\"2000\" \/>\n\t<meta property=\"og:image:height\" content=\"2000\" \/>\n\t<meta property=\"og:image:type\" content=\"image\/jpeg\" \/>\n<meta name=\"twitter:card\" content=\"summary_large_image\" \/>\n<meta name=\"twitter:label1\" content=\"Est. reading time\" \/>\n\t<meta name=\"twitter:data1\" content=\"2 minutes\" \/>\n<script type=\"application\/ld+json\" class=\"yoast-schema-graph\">{\"@context\":\"https:\/\/schema.org\",\"@graph\":[{\"@type\":\"WebPage\",\"@id\":\"https:\/\/idakorea.ee\/product\/teemantpulbriga-naomask-medi-peel-rose-diamond-mask\/\",\"url\":\"https:\/\/idakorea.ee\/product\/teemantpulbriga-naomask-medi-peel-rose-diamond-mask\/\",\"name\":\"Teemantpulbriga n\u00e4omask Medi-Peel Rose Diamond Mask - IDA.KOREA\",\"isPartOf\":{\"@id\":\"https:\/\/idakorea.ee\/#website\"},\"primaryImageOfPage\":{\"@id\":\"https:\/\/idakorea.ee\/product\/teemantpulbriga-naomask-medi-peel-rose-diamond-mask\/#primaryimage\"},\"image\":{\"@id\":\"https:\/\/idakorea.ee\/product\/teemantpulbriga-naomask-medi-peel-rose-diamond-mask\/#primaryimage\"},\"thumbnailUrl\":\"https:\/\/idakorea.ee\/wp-content\/uploads\/2024\/06\/2cdad056af6b5fc19ee0b6857ba25d96.jpg\",\"datePublished\":\"2024-06-22T12:43:12+00:00\",\"dateModified\":\"2026-03-27T10:02:18+00:00\",\"breadcrumb\":{\"@id\":\"https:\/\/idakorea.ee\/product\/teemantpulbriga-naomask-medi-peel-rose-diamond-mask\/#breadcrumb\"},\"inLanguage\":\"en-US\",\"potentialAction\":[{\"@type\":\"ReadAction\",\"target\":[\"https:\/\/idakorea.ee\/product\/teemantpulbriga-naomask-medi-peel-rose-diamond-mask\/\"]}]},{\"@type\":\"ImageObject\",\"inLanguage\":\"en-US\",\"@id\":\"https:\/\/idakorea.ee\/product\/teemantpulbriga-naomask-medi-peel-rose-diamond-mask\/#primaryimage\",\"url\":\"https:\/\/idakorea.ee\/wp-content\/uploads\/2024\/06\/2cdad056af6b5fc19ee0b6857ba25d96.jpg\",\"contentUrl\":\"https:\/\/idakorea.ee\/wp-content\/uploads\/2024\/06\/2cdad056af6b5fc19ee0b6857ba25d96.jpg\",\"width\":2000,\"height\":2000},{\"@type\":\"BreadcrumbList\",\"@id\":\"https:\/\/idakorea.ee\/product\/teemantpulbriga-naomask-medi-peel-rose-diamond-mask\/#breadcrumb\",\"itemListElement\":[{\"@type\":\"ListItem\",\"position\":1,\"name\":\"\u0413\u043b\u0430\u0432\u043d\u0430\u044f \u0441\u0442\u0440\u0430\u043d\u0438\u0446\u0430\",\"item\":\"https:\/\/idakorea.ee\/\"},{\"@type\":\"ListItem\",\"position\":2,\"name\":\"Shop\",\"item\":\"https:\/\/idakorea.ee\/shop-2\/\"},{\"@type\":\"ListItem\",\"position\":3,\"name\":\"Teemantpulbriga n\u00e4omask Medi-Peel Rose Diamond Mask\"}]},{\"@type\":\"WebSite\",\"@id\":\"https:\/\/idakorea.ee\/#website\",\"url\":\"https:\/\/idakorea.ee\/\",\"name\":\"IDA.KOREA\",\"description\":\"Korea kosmeetika e-pood\",\"publisher\":{\"@id\":\"https:\/\/idakorea.ee\/#organization\"},\"alternateName\":\"Beauty Shop\",\"potentialAction\":[{\"@type\":\"SearchAction\",\"target\":{\"@type\":\"EntryPoint\",\"urlTemplate\":\"https:\/\/idakorea.ee\/?s={search_term_string}\"},\"query-input\":{\"@type\":\"PropertyValueSpecification\",\"valueRequired\":true,\"valueName\":\"search_term_string\"}}],\"inLanguage\":\"en-US\"},{\"@type\":\"Organization\",\"@id\":\"https:\/\/idakorea.ee\/#organization\",\"name\":\"IDA.KOREA\",\"url\":\"https:\/\/idakorea.ee\/\",\"logo\":{\"@type\":\"ImageObject\",\"inLanguage\":\"en-US\",\"@id\":\"https:\/\/idakorea.ee\/#\/schema\/logo\/image\/\",\"url\":\"https:\/\/idakorea.ee\/wp-content\/uploads\/2024\/05\/cropped-korea3.png\",\"contentUrl\":\"https:\/\/idakorea.ee\/wp-content\/uploads\/2024\/05\/cropped-korea3.png\",\"width\":688,\"height\":126,\"caption\":\"IDA.KOREA\"},\"image\":{\"@id\":\"https:\/\/idakorea.ee\/#\/schema\/logo\/image\/\"},\"sameAs\":[\"https:\/\/www.instagram.com\/ida.korea\/\"]}]}<\/script>\n<!-- \/ Yoast SEO plugin. -->","yoast_head_json":{"title":"Medi-Peel Rose Diamond Mask with Diamond Powder - IDA.KOREA","robots":{"index":"index","follow":"follow","max-snippet":"max-snippet:-1","max-image-preview":"max-image-preview:large","max-video-preview":"max-video-preview:-1"},"canonical":"https:\/\/idakorea.ee\/en\/product\/teemantpulbriga-naomask-medi-peel-rose-diamond-mask\/","og_locale":"en_US","og_type":"article","og_title":"Teemantpulbriga n\u00e4omask Medi-Peel Rose Diamond Mask - IDA.KOREA","og_description":"Medi-Peel Rose Diamond Mask on s\u00e4ra andev mask, mis sisaldab teemantipulbrit, mis k\u00f5rvaldab tuhmuse ja naha l\u00f5tvumise, parandab naha v\u00e4limust ja seisukorda. Tugevdab mikrotsirkulatsiooni ja kaitseb nahka negatiivsete v\u00e4lism\u00f5jude eest, nagu k\u00fclm, tuul, kuiv sise\u00f5hk ja UV-kiirgus. Mask toniseerib suurep\u00e4raselt, parandab naha elastsust, muudab selle pehmeks ja silub nahapinda. P\u00e4rast maski kasutamist muutub nahk m\u00e4rgatavalt...","og_url":"https:\/\/idakorea.ee\/en\/product\/teemantpulbriga-naomask-medi-peel-rose-diamond-mask\/","og_site_name":"IDA.KOREA","article_modified_time":"2026-03-27T10:02:18+00:00","og_image":[{"width":2000,"height":2000,"url":"https:\/\/idakorea.ee\/wp-content\/uploads\/2024\/06\/2cdad056af6b5fc19ee0b6857ba25d96.jpg","type":"image\/jpeg"}],"twitter_card":"summary_large_image","twitter_misc":{"Est. reading time":"2 minutes"},"schema":{"@context":"https:\/\/schema.org","@graph":[{"@type":"WebPage","@id":"https:\/\/idakorea.ee\/product\/teemantpulbriga-naomask-medi-peel-rose-diamond-mask\/","url":"https:\/\/idakorea.ee\/product\/teemantpulbriga-naomask-medi-peel-rose-diamond-mask\/","name":"Medi-Peel Rose Diamond Mask with Diamond Powder - IDA.KOREA","isPartOf":{"@id":"https:\/\/idakorea.ee\/#website"},"primaryImageOfPage":{"@id":"https:\/\/idakorea.ee\/product\/teemantpulbriga-naomask-medi-peel-rose-diamond-mask\/#primaryimage"},"image":{"@id":"https:\/\/idakorea.ee\/product\/teemantpulbriga-naomask-medi-peel-rose-diamond-mask\/#primaryimage"},"thumbnailUrl":"https:\/\/idakorea.ee\/wp-content\/uploads\/2024\/06\/2cdad056af6b5fc19ee0b6857ba25d96.jpg","datePublished":"2024-06-22T12:43:12+00:00","dateModified":"2026-03-27T10:02:18+00:00","breadcrumb":{"@id":"https:\/\/idakorea.ee\/product\/teemantpulbriga-naomask-medi-peel-rose-diamond-mask\/#breadcrumb"},"inLanguage":"en-US","potentialAction":[{"@type":"ReadAction","target":["https:\/\/idakorea.ee\/product\/teemantpulbriga-naomask-medi-peel-rose-diamond-mask\/"]}]},{"@type":"ImageObject","inLanguage":"en-US","@id":"https:\/\/idakorea.ee\/product\/teemantpulbriga-naomask-medi-peel-rose-diamond-mask\/#primaryimage","url":"https:\/\/idakorea.ee\/wp-content\/uploads\/2024\/06\/2cdad056af6b5fc19ee0b6857ba25d96.jpg","contentUrl":"https:\/\/idakorea.ee\/wp-content\/uploads\/2024\/06\/2cdad056af6b5fc19ee0b6857ba25d96.jpg","width":2000,"height":2000},{"@type":"BreadcrumbList","@id":"https:\/\/idakorea.ee\/product\/teemantpulbriga-naomask-medi-peel-rose-diamond-mask\/#breadcrumb","itemListElement":[{"@type":"ListItem","position":1,"name":"\u0413\u043b\u0430\u0432\u043d\u0430\u044f \u0441\u0442\u0440\u0430\u043d\u0438\u0446\u0430","item":"https:\/\/idakorea.ee\/"},{"@type":"ListItem","position":2,"name":"Shop","item":"https:\/\/idakorea.ee\/shop-2\/"},{"@type":"ListItem","position":3,"name":"Teemantpulbriga n\u00e4omask Medi-Peel Rose Diamond Mask"}]},{"@type":"WebSite","@id":"https:\/\/idakorea.ee\/#website","url":"https:\/\/idakorea.ee\/","name":"IDA.KOREA","description":"Korean cosmetics e-shop","publisher":{"@id":"https:\/\/idakorea.ee\/#organization"},"alternateName":"Beauty Shop","potentialAction":[{"@type":"SearchAction","target":{"@type":"EntryPoint","urlTemplate":"https:\/\/idakorea.ee\/?s={search_term_string}"},"query-input":{"@type":"PropertyValueSpecification","valueRequired":true,"valueName":"search_term_string"}}],"inLanguage":"en-US"},{"@type":"Organization","@id":"https:\/\/idakorea.ee\/#organization","name":"IDA.KOREA","url":"https:\/\/idakorea.ee\/","logo":{"@type":"ImageObject","inLanguage":"en-US","@id":"https:\/\/idakorea.ee\/#\/schema\/logo\/image\/","url":"https:\/\/idakorea.ee\/wp-content\/uploads\/2024\/05\/cropped-korea3.png","contentUrl":"https:\/\/idakorea.ee\/wp-content\/uploads\/2024\/05\/cropped-korea3.png","width":688,"height":126,"caption":"IDA.KOREA"},"image":{"@id":"https:\/\/idakorea.ee\/#\/schema\/logo\/image\/"},"sameAs":["https:\/\/www.instagram.com\/ida.korea\/"]}]}},"jetpack_sharing_enabled":true,"brands":[{"id":107,"name":"MEDIPEEL+","slug":"medipeel"}],"_links":{"self":[{"href":"https:\/\/idakorea.ee\/en\/wp-json\/wp\/v2\/product\/8765","targetHints":{"allow":["GET"]}}],"collection":[{"href":"https:\/\/idakorea.ee\/en\/wp-json\/wp\/v2\/product"}],"about":[{"href":"https:\/\/idakorea.ee\/en\/wp-json\/wp\/v2\/types\/product"}],"replies":[{"embeddable":true,"href":"https:\/\/idakorea.ee\/en\/wp-json\/wp\/v2\/comments?post=8765"}],"version-history":[{"count":2,"href":"https:\/\/idakorea.ee\/en\/wp-json\/wp\/v2\/product\/8765\/revisions"}],"predecessor-version":[{"id":11314,"href":"https:\/\/idakorea.ee\/en\/wp-json\/wp\/v2\/product\/8765\/revisions\/11314"}],"wp:featuredmedia":[{"embeddable":true,"href":"https:\/\/idakorea.ee\/en\/wp-json\/wp\/v2\/media\/8768"}],"wp:attachment":[{"href":"https:\/\/idakorea.ee\/en\/wp-json\/wp\/v2\/media?parent=8765"}],"wp:term":[{"taxonomy":"pwb-brand","embeddable":true,"href":"https:\/\/idakorea.ee\/en\/wp-json\/wp\/v2\/pwb-brand?post=8765"},{"taxonomy":"product_brand","embeddable":true,"href":"https:\/\/idakorea.ee\/en\/wp-json\/wp\/v2\/product_brand?post=8765"},{"taxonomy":"product_cat","embeddable":true,"href":"https:\/\/idakorea.ee\/en\/wp-json\/wp\/v2\/product_cat?post=8765"},{"taxonomy":"product_tag","embeddable":true,"href":"https:\/\/idakorea.ee\/en\/wp-json\/wp\/v2\/product_tag?post=8765"}],"curies":[{"name":"wp","href":"https:\/\/api.w.org\/{rel}","templated":true}]}}