{"id":8781,"date":"2024-06-26T08:22:40","date_gmt":"2024-06-26T08:22:40","guid":{"rendered":"https:\/\/idakorea.ee\/?post_type=product&#038;p=8781"},"modified":"2026-03-13T18:41:48","modified_gmt":"2026-03-13T16:41:48","slug":"toner-essents-skin1004-madagascar-centella-probio-cica-essense-toner","status":"publish","type":"product","link":"https:\/\/idakorea.ee\/en\/product\/toner-essents-skin1004-madagascar-centella-probio-cica-essense-toner\/","title":{"rendered":"SKIN1004 Madagascar Centella Probio-Cica Essense Toner, 210ml"},"content":{"rendered":"<div class=\"flex flex-grow flex-col max-w-full\">\n<div class=\"min-h-[20px] text-message flex flex-col items-start whitespace-pre-wrap break-words [.text-message+&amp;]:mt-5 juice:w-full juice:items-end overflow-x-auto gap-2\" dir=\"auto\" data-message-author-role=\"assistant\" data-message-id=\"416f0ac7-ef63-4864-b1cd-78249424a5fd\">\n<div class=\"flex w-full flex-col gap-1 juice:empty:hidden juice:first:pt-[3px]\">\n<div class=\"markdown prose w-full break-words dark:prose-invert light\">\n<p>Toner-essents <strong>SKIN1004 Madagascar Centella Probio-Cica Essense Toner<\/strong> probiootikumidega taastab naha optimaalset pH-tasakaalu ja toetab tervislikku mikrobioomi, blokeerides bakterite kasvu ja arengut. Koheselt taastab niiskuse puuduse p\u00e4rast pesemist ja valmistab epidermise pinna ette j\u00e4rgnevaks hoolduseks.<\/p>\n<p>Toode niisutab intensiivselt ja k\u00f5rvaldab kuivuse, taastab ja tugevdab lipiidikihti, suurendades selle kaitsefunktsioone. Omab tugevat rahustavat toimet, eemaldab punetust ja soodustab v\u00e4ikeste p\u00f5letike paranemist.<\/p>\n<p>Tootel on vedeliku kontsistents, see ei muuda nahka raskeks ega j\u00e4ta rasvast l\u00e4iget.<\/p>\n<p><strong>Peamised toimeained:<\/strong><\/p>\n<ul>\n<li>Aasia vesinaba ekstrakt on saadud Madagaskari \u00f6koloogiliselt puhtast piirkonnast p\u00e4rit taimedest. Leevendab \u00e4rritust ja punetust, tugevdab veresoonte seinu, ennetab kapillaaride v\u00f5rgu teket, aitab v\u00f5idelda rosaatseaga.<\/li>\n<li>Laktobatsillide fermentatsioon T\u0161ed\u017eu saarelt on p\u00f5letikuvastase toimega, taastab epidermise funktsioone. Leevendab naha p\u00f5letikuliste haiguste s\u00fcmptomeid, v\u00e4hendab selle tundlikkust ning toetab naha elastsust, siledust ja tugevust.<\/li>\n<li>TECA kompleks (Asiaticoside, Madecassic Acid, Asiatic Acid, Madecassoside) on p\u00f5letikuvastase ja haavade paranemise toimega, soodustab naha barj\u00e4\u00e4ri omaduste taastamist ja niiskuse s\u00e4ilitamist, v\u00e4hendab tundlikkust, turset ja tugevdab veresooni ning v\u00e4hendab rosaatsead.<\/li>\n<li>Keramiidid suurendavad epidermise kaitsefunktsioone, ennetavad niiskuse kadu ja aitavad taastada nahka. Eemaldavad kuivuse, ketenduse, on kasulikud allergiliste l\u00f6\u00f6vete, ekseemi, psoriaasi ravis.<\/li>\n<li>5 t\u00fc\u00fcpi h\u00fcaluroonhapet tungivad epidermise s\u00fcgavatesse kihtidesse, niisutavad aktiivselt rakke ja aitavad niiskust s\u00e4ilitada. Moodustavad kaitsekihi, mis takistab niiskuse aurustumis<\/li>\n<\/ul>\n<p>Sobib kuivale, normaalsele ja kombineeritud nahale.<\/p>\n<p><strong>Kasutamine:<\/strong> Kandke vajalik kogus toodet puhtale nahale \u00f5rnade patsutavate liigutustega.<\/p>\n<\/div>\n<\/div>\n<\/div>\n<\/div>\n","protected":false},"excerpt":{"rendered":"<p>Toner-essence SKIN1004 Madagascar Centella Probio-Cica Essense Toner with probiotics restores the skin's optimal pH balance and supports a healthy microbiome by blocking bacterial growth and development. Immediately restores moisture deficit after washing and prepares the epidermal surface for subsequent care. The product intensively moisturises and eliminates dryness, restores and strengthens the lipid layer, enhancing its protective functions. It has a strong soothing action, removes redness and promotes...<\/p>","protected":false},"featured_media":8782,"comment_status":"open","ping_status":"closed","template":"","meta":{"_uf_show_specific_survey":0,"_uf_disable_surveys":false,"_bst_post_transparent":"default","_bst_post_title":"","_bst_post_layout":"default","_bst_post_sidebar_id":"","_bst_post_content_style":"default","_bst_post_vertical_padding":"default","_bst_post_feature":"","_bst_post_feature_position":"","_bst_post_header":false,"_bst_post_footer":false},"pwb-brand":[186],"product_brand":[],"product_cat":[92,158],"product_tag":[233,202,216,442,441],"class_list":{"0":"post-8781","1":"product","2":"type-product","3":"status-publish","4":"has-post-thumbnail","6":"pwb-brand-skin1004","7":"product_cat-nagu","8":"product_cat-toonik","9":"product_tag-internet-pood-eesti","10":"product_tag-korea-kosmeetika","11":"product_tag-kuiv-nahk","12":"product_tag-probio","13":"product_tag-skin1004","15":"first","16":"instock","17":"sale","18":"shipping-taxable","19":"purchasable","20":"product-type-simple","21":"entry","22":"content-bg","23":"loop-entry"},"supplier_id":null,"supplier_sku":"","barcode":null,"atum_controlled":true,"out_stock_date":null,"out_stock_threshold":null,"inheritable":false,"inbound_stock":0,"stock_on_hold":0,"sold_today":0,"sales_last_days":0,"out_stock_days":0,"lost_sales":0,"has_location":false,"update_date":"2026-04-14T00:05:09","atum_locations":[],"atum_stock_status":"instock","restock_status":false,"low_stock_amount":"","sales_update_date":"2026-04-14T00:05:09","calc_backorders":null,"yoast_head":"<!-- This site is optimized with the Yoast SEO plugin v27.2 - https:\/\/yoast.com\/product\/yoast-seo-wordpress\/ -->\n<title>SKIN1004 Madagascar Centella Probio-Cica Essense Toner, 210ml - IDA.KOREA<\/title>\n<meta name=\"description\" content=\"Toner-essents SKIN1004 Madagascar Centella Probio-Cica Essense Toner taastab naha optimaalset pH-tasakaalu ja toetab tervislikku mikrobioomi.\" \/>\n<meta name=\"robots\" content=\"index, follow, max-snippet:-1, max-image-preview:large, max-video-preview:-1\" \/>\n<link rel=\"canonical\" href=\"https:\/\/idakorea.ee\/en\/product\/toner-essents-skin1004-madagascar-centella-probio-cica-essense-toner\/\" \/>\n<meta property=\"og:locale\" content=\"en_US\" \/>\n<meta property=\"og:type\" content=\"article\" \/>\n<meta property=\"og:title\" content=\"SKIN1004 Madagascar Centella Probio-Cica Essense Toner, 210ml - IDA.KOREA\" \/>\n<meta property=\"og:description\" content=\"Toner-essents SKIN1004 Madagascar Centella Probio-Cica Essense Toner taastab naha optimaalset pH-tasakaalu ja toetab tervislikku mikrobioomi.\" \/>\n<meta property=\"og:url\" content=\"https:\/\/idakorea.ee\/en\/product\/toner-essents-skin1004-madagascar-centella-probio-cica-essense-toner\/\" \/>\n<meta property=\"og:site_name\" content=\"IDA.KOREA\" \/>\n<meta property=\"article:modified_time\" content=\"2026-03-13T16:41:48+00:00\" \/>\n<meta property=\"og:image\" content=\"https:\/\/idakorea.ee\/wp-content\/uploads\/2024\/06\/hollyshop-_17_-_1_.png\" \/>\n\t<meta property=\"og:image:width\" content=\"1000\" \/>\n\t<meta property=\"og:image:height\" content=\"1000\" \/>\n\t<meta property=\"og:image:type\" content=\"image\/png\" \/>\n<meta name=\"twitter:card\" content=\"summary_large_image\" \/>\n<meta name=\"twitter:label1\" content=\"Est. reading time\" \/>\n\t<meta name=\"twitter:data1\" content=\"2 minutes\" \/>\n<script type=\"application\/ld+json\" class=\"yoast-schema-graph\">{\"@context\":\"https:\/\/schema.org\",\"@graph\":[{\"@type\":\"WebPage\",\"@id\":\"https:\/\/idakorea.ee\/product\/toner-essents-skin1004-madagascar-centella-probio-cica-essense-toner\/\",\"url\":\"https:\/\/idakorea.ee\/product\/toner-essents-skin1004-madagascar-centella-probio-cica-essense-toner\/\",\"name\":\"SKIN1004 Madagascar Centella Probio-Cica Essense Toner, 210ml - IDA.KOREA\",\"isPartOf\":{\"@id\":\"https:\/\/idakorea.ee\/#website\"},\"primaryImageOfPage\":{\"@id\":\"https:\/\/idakorea.ee\/product\/toner-essents-skin1004-madagascar-centella-probio-cica-essense-toner\/#primaryimage\"},\"image\":{\"@id\":\"https:\/\/idakorea.ee\/product\/toner-essents-skin1004-madagascar-centella-probio-cica-essense-toner\/#primaryimage\"},\"thumbnailUrl\":\"https:\/\/idakorea.ee\/wp-content\/uploads\/2024\/06\/hollyshop-_17_-_1_.png\",\"datePublished\":\"2024-06-26T08:22:40+00:00\",\"dateModified\":\"2026-03-13T16:41:48+00:00\",\"description\":\"Toner-essents SKIN1004 Madagascar Centella Probio-Cica Essense Toner taastab naha optimaalset pH-tasakaalu ja toetab tervislikku mikrobioomi.\",\"breadcrumb\":{\"@id\":\"https:\/\/idakorea.ee\/product\/toner-essents-skin1004-madagascar-centella-probio-cica-essense-toner\/#breadcrumb\"},\"inLanguage\":\"en-US\",\"potentialAction\":[{\"@type\":\"ReadAction\",\"target\":[\"https:\/\/idakorea.ee\/product\/toner-essents-skin1004-madagascar-centella-probio-cica-essense-toner\/\"]}]},{\"@type\":\"ImageObject\",\"inLanguage\":\"en-US\",\"@id\":\"https:\/\/idakorea.ee\/product\/toner-essents-skin1004-madagascar-centella-probio-cica-essense-toner\/#primaryimage\",\"url\":\"https:\/\/idakorea.ee\/wp-content\/uploads\/2024\/06\/hollyshop-_17_-_1_.png\",\"contentUrl\":\"https:\/\/idakorea.ee\/wp-content\/uploads\/2024\/06\/hollyshop-_17_-_1_.png\",\"width\":1000,\"height\":1000},{\"@type\":\"BreadcrumbList\",\"@id\":\"https:\/\/idakorea.ee\/product\/toner-essents-skin1004-madagascar-centella-probio-cica-essense-toner\/#breadcrumb\",\"itemListElement\":[{\"@type\":\"ListItem\",\"position\":1,\"name\":\"\u0413\u043b\u0430\u0432\u043d\u0430\u044f \u0441\u0442\u0440\u0430\u043d\u0438\u0446\u0430\",\"item\":\"https:\/\/idakorea.ee\/\"},{\"@type\":\"ListItem\",\"position\":2,\"name\":\"Shop\",\"item\":\"https:\/\/idakorea.ee\/shop-2\/\"},{\"@type\":\"ListItem\",\"position\":3,\"name\":\"Toner-essents SKIN1004 Madagascar Centella Probio-Cica Essense Toner, 210ml\"}]},{\"@type\":\"WebSite\",\"@id\":\"https:\/\/idakorea.ee\/#website\",\"url\":\"https:\/\/idakorea.ee\/\",\"name\":\"IDA.KOREA\",\"description\":\"Korea kosmeetika e-pood\",\"publisher\":{\"@id\":\"https:\/\/idakorea.ee\/#organization\"},\"alternateName\":\"Beauty Shop\",\"potentialAction\":[{\"@type\":\"SearchAction\",\"target\":{\"@type\":\"EntryPoint\",\"urlTemplate\":\"https:\/\/idakorea.ee\/?s={search_term_string}\"},\"query-input\":{\"@type\":\"PropertyValueSpecification\",\"valueRequired\":true,\"valueName\":\"search_term_string\"}}],\"inLanguage\":\"en-US\"},{\"@type\":\"Organization\",\"@id\":\"https:\/\/idakorea.ee\/#organization\",\"name\":\"IDA.KOREA\",\"url\":\"https:\/\/idakorea.ee\/\",\"logo\":{\"@type\":\"ImageObject\",\"inLanguage\":\"en-US\",\"@id\":\"https:\/\/idakorea.ee\/#\/schema\/logo\/image\/\",\"url\":\"https:\/\/idakorea.ee\/wp-content\/uploads\/2024\/05\/cropped-korea3.png\",\"contentUrl\":\"https:\/\/idakorea.ee\/wp-content\/uploads\/2024\/05\/cropped-korea3.png\",\"width\":688,\"height\":126,\"caption\":\"IDA.KOREA\"},\"image\":{\"@id\":\"https:\/\/idakorea.ee\/#\/schema\/logo\/image\/\"},\"sameAs\":[\"https:\/\/www.instagram.com\/ida.korea\/\"]}]}<\/script>\n<!-- \/ Yoast SEO plugin. -->","yoast_head_json":{"title":"SKIN1004 Madagascar Centella Probio-Cica Essence Toner, 210ml - IDA.KOREA","description":"SKIN1004 Madagascar Centella Probio-Cica Essense Toner restores the skin&#039;s optimal pH balance and supports a healthy microbiome.","robots":{"index":"index","follow":"follow","max-snippet":"max-snippet:-1","max-image-preview":"max-image-preview:large","max-video-preview":"max-video-preview:-1"},"canonical":"https:\/\/idakorea.ee\/en\/product\/toner-essents-skin1004-madagascar-centella-probio-cica-essense-toner\/","og_locale":"en_US","og_type":"article","og_title":"SKIN1004 Madagascar Centella Probio-Cica Essense Toner, 210ml - IDA.KOREA","og_description":"Toner-essents SKIN1004 Madagascar Centella Probio-Cica Essense Toner taastab naha optimaalset pH-tasakaalu ja toetab tervislikku mikrobioomi.","og_url":"https:\/\/idakorea.ee\/en\/product\/toner-essents-skin1004-madagascar-centella-probio-cica-essense-toner\/","og_site_name":"IDA.KOREA","article_modified_time":"2026-03-13T16:41:48+00:00","og_image":[{"width":1000,"height":1000,"url":"https:\/\/idakorea.ee\/wp-content\/uploads\/2024\/06\/hollyshop-_17_-_1_.png","type":"image\/png"}],"twitter_card":"summary_large_image","twitter_misc":{"Est. reading time":"2 minutes"},"schema":{"@context":"https:\/\/schema.org","@graph":[{"@type":"WebPage","@id":"https:\/\/idakorea.ee\/product\/toner-essents-skin1004-madagascar-centella-probio-cica-essense-toner\/","url":"https:\/\/idakorea.ee\/product\/toner-essents-skin1004-madagascar-centella-probio-cica-essense-toner\/","name":"SKIN1004 Madagascar Centella Probio-Cica Essence Toner, 210ml - IDA.KOREA","isPartOf":{"@id":"https:\/\/idakorea.ee\/#website"},"primaryImageOfPage":{"@id":"https:\/\/idakorea.ee\/product\/toner-essents-skin1004-madagascar-centella-probio-cica-essense-toner\/#primaryimage"},"image":{"@id":"https:\/\/idakorea.ee\/product\/toner-essents-skin1004-madagascar-centella-probio-cica-essense-toner\/#primaryimage"},"thumbnailUrl":"https:\/\/idakorea.ee\/wp-content\/uploads\/2024\/06\/hollyshop-_17_-_1_.png","datePublished":"2024-06-26T08:22:40+00:00","dateModified":"2026-03-13T16:41:48+00:00","description":"SKIN1004 Madagascar Centella Probio-Cica Essense Toner restores the skin&#039;s optimal pH balance and supports a healthy microbiome.","breadcrumb":{"@id":"https:\/\/idakorea.ee\/product\/toner-essents-skin1004-madagascar-centella-probio-cica-essense-toner\/#breadcrumb"},"inLanguage":"en-US","potentialAction":[{"@type":"ReadAction","target":["https:\/\/idakorea.ee\/product\/toner-essents-skin1004-madagascar-centella-probio-cica-essense-toner\/"]}]},{"@type":"ImageObject","inLanguage":"en-US","@id":"https:\/\/idakorea.ee\/product\/toner-essents-skin1004-madagascar-centella-probio-cica-essense-toner\/#primaryimage","url":"https:\/\/idakorea.ee\/wp-content\/uploads\/2024\/06\/hollyshop-_17_-_1_.png","contentUrl":"https:\/\/idakorea.ee\/wp-content\/uploads\/2024\/06\/hollyshop-_17_-_1_.png","width":1000,"height":1000},{"@type":"BreadcrumbList","@id":"https:\/\/idakorea.ee\/product\/toner-essents-skin1004-madagascar-centella-probio-cica-essense-toner\/#breadcrumb","itemListElement":[{"@type":"ListItem","position":1,"name":"\u0413\u043b\u0430\u0432\u043d\u0430\u044f \u0441\u0442\u0440\u0430\u043d\u0438\u0446\u0430","item":"https:\/\/idakorea.ee\/"},{"@type":"ListItem","position":2,"name":"Shop","item":"https:\/\/idakorea.ee\/shop-2\/"},{"@type":"ListItem","position":3,"name":"Toner-essents SKIN1004 Madagascar Centella Probio-Cica Essense Toner, 210ml"}]},{"@type":"WebSite","@id":"https:\/\/idakorea.ee\/#website","url":"https:\/\/idakorea.ee\/","name":"IDA.KOREA","description":"Korean cosmetics e-shop","publisher":{"@id":"https:\/\/idakorea.ee\/#organization"},"alternateName":"Beauty Shop","potentialAction":[{"@type":"SearchAction","target":{"@type":"EntryPoint","urlTemplate":"https:\/\/idakorea.ee\/?s={search_term_string}"},"query-input":{"@type":"PropertyValueSpecification","valueRequired":true,"valueName":"search_term_string"}}],"inLanguage":"en-US"},{"@type":"Organization","@id":"https:\/\/idakorea.ee\/#organization","name":"IDA.KOREA","url":"https:\/\/idakorea.ee\/","logo":{"@type":"ImageObject","inLanguage":"en-US","@id":"https:\/\/idakorea.ee\/#\/schema\/logo\/image\/","url":"https:\/\/idakorea.ee\/wp-content\/uploads\/2024\/05\/cropped-korea3.png","contentUrl":"https:\/\/idakorea.ee\/wp-content\/uploads\/2024\/05\/cropped-korea3.png","width":688,"height":126,"caption":"IDA.KOREA"},"image":{"@id":"https:\/\/idakorea.ee\/#\/schema\/logo\/image\/"},"sameAs":["https:\/\/www.instagram.com\/ida.korea\/"]}]}},"jetpack_sharing_enabled":true,"brands":[{"id":186,"name":"SKIN1004","slug":"skin1004"}],"_links":{"self":[{"href":"https:\/\/idakorea.ee\/en\/wp-json\/wp\/v2\/product\/8781","targetHints":{"allow":["GET"]}}],"collection":[{"href":"https:\/\/idakorea.ee\/en\/wp-json\/wp\/v2\/product"}],"about":[{"href":"https:\/\/idakorea.ee\/en\/wp-json\/wp\/v2\/types\/product"}],"replies":[{"embeddable":true,"href":"https:\/\/idakorea.ee\/en\/wp-json\/wp\/v2\/comments?post=8781"}],"version-history":[{"count":3,"href":"https:\/\/idakorea.ee\/en\/wp-json\/wp\/v2\/product\/8781\/revisions"}],"predecessor-version":[{"id":15058,"href":"https:\/\/idakorea.ee\/en\/wp-json\/wp\/v2\/product\/8781\/revisions\/15058"}],"wp:featuredmedia":[{"embeddable":true,"href":"https:\/\/idakorea.ee\/en\/wp-json\/wp\/v2\/media\/8782"}],"wp:attachment":[{"href":"https:\/\/idakorea.ee\/en\/wp-json\/wp\/v2\/media?parent=8781"}],"wp:term":[{"taxonomy":"pwb-brand","embeddable":true,"href":"https:\/\/idakorea.ee\/en\/wp-json\/wp\/v2\/pwb-brand?post=8781"},{"taxonomy":"product_brand","embeddable":true,"href":"https:\/\/idakorea.ee\/en\/wp-json\/wp\/v2\/product_brand?post=8781"},{"taxonomy":"product_cat","embeddable":true,"href":"https:\/\/idakorea.ee\/en\/wp-json\/wp\/v2\/product_cat?post=8781"},{"taxonomy":"product_tag","embeddable":true,"href":"https:\/\/idakorea.ee\/en\/wp-json\/wp\/v2\/product_tag?post=8781"}],"curies":[{"name":"wp","href":"https:\/\/api.w.org\/{rel}","templated":true}]}}