{"id":8793,"date":"2024-06-26T10:18:10","date_gmt":"2024-06-26T10:18:10","guid":{"rendered":"https:\/\/idakorea.ee\/?post_type=product&#038;p=8793"},"modified":"2026-04-11T21:58:15","modified_gmt":"2026-04-11T19:58:15","slug":"intensiivne-lamellaarne-kreem-probiootikumidega-skin1004-madagascar-centella-probio-cica-enrich-cream","status":"publish","type":"product","link":"https:\/\/idakorea.ee\/en\/product\/intensiivne-lamellaarne-kreem-probiootikumidega-skin1004-madagascar-centella-probio-cica-enrich-cream\/","title":{"rendered":"Intensive Exfoliating Cream with Probiotics SKIN1004 Madagascar Centella Probio-Cica Enrich Cream, 50ml"},"content":{"rendered":"<div class=\"flex flex-grow flex-col max-w-full\">\n<div class=\"min-h-[20px] text-message flex flex-col items-start whitespace-pre-wrap break-words [.text-message+&amp;]:mt-5 juice:w-full juice:items-end overflow-x-auto gap-2\" dir=\"auto\" data-message-author-role=\"assistant\" data-message-id=\"093b449e-7377-4491-a6a0-645b4ca51ad4\">\n<div class=\"flex w-full flex-col gap-1 juice:empty:hidden juice:first:pt-[3px]\">\n<div class=\"markdown prose w-full break-words dark:prose-invert light\">\n<p>Intensiivne lamellaarne kreem probiootikumidega <strong>SKIN1004 Madagascar Centella Probio-Cica Enrich Cream<\/strong> avaldab \u00fcldist tugevdavat toimet, parandab naha mikrobioomi ja p\u00e4rsib bakterite paljunemist. Toode t\u00e4idab nahka koheselt toitainetega, taastab niiskuse puuduse ja niisutab aktiivselt.<\/p>\n<p>Kreem moodustab kaitsebarj\u00e4\u00e4ri, mis tihendab kudesid ja v\u00e4hendab nende tundlikkust. See s\u00e4ilitab optimaalse niiskustaseme ja ennetab deh\u00fcdratsiooni tekkimist. Pehmendab karedaid epidermise piirkondi, toetab naha nooruslikkust ja elastsust.<\/p>\n<p>Lamellaartehnoloogia toimib plaastri p\u00f5him\u00f5ttel &#8211; parandab kahjustatud lipiidikihti ja taastab sarvkihi katkematuse.<\/p>\n<p>Kreemil on rikkalik toitaineline tekstuur, mis k\u00f5rvaldab kuivuse ja j\u00e4tab nahale siidise viimistluse.<\/p>\n<p><strong>Peamised toimeained:<\/strong><\/p>\n<ul>\n<li>Aasia vesinaba ekstrakt on saadud Madagaskari \u00f6koloogiliselt puhtast piirkonnast p\u00e4rit taimedest. Leevendab \u00e4rritust ja punetust, tugevdab veresoonte seinu, ennetab kapillaaride v\u00f5rgu teket ja aitab v\u00f5idelda rosaatseaga.<\/li>\n<li>Laktobatsillide fermentatsioon T\u0161ed\u017eu saarelt on p\u00f5letikuvastase toimega, taastab epidermise funktsioone. Leevendab naha p\u00f5letikuliste haiguste s\u00fcmptomeid, v\u00e4hendab selle tundlikkust ning toetab naha elastsust, siledust ja tugevust.<\/li>\n<li>TECA kompleks (Asiaticoside, Madecassic Acid, Asiatic Acid, Madecassoside) on p\u00f5letikuvastase ja haavade paranemise toimega, soodustab naha barj\u00e4\u00e4ri omaduste taastamist ja niiskuse s\u00e4ilitamist, v\u00e4hendab tundlikkust, turset ja tugevdab veresooni ning v\u00e4hendab rosaatsead.<\/li>\n<li>Keramiidid suurendavad epidermise kaitsefunktsioone, ennetavad niiskuse kadu ja aitavad taastada nahka. Eemaldavad kuivuse, ketenduse ja on kasulikud allergiliste l\u00f6\u00f6vete, ekseemi, psoriaasi ravis.<\/li>\n<li>Makadaamia\u00f5li pehmendab ja toidab, taastab nahakudesid ning omab antioks\u00fcdantseid omadusi.<\/li>\n<li>Moringa\u00f5li omab antioks\u00fcdantset toimet, kaitseb keskkonnategurite ja vabade radikaalide agressiivse m\u00f5ju eest, rahustab.<\/li>\n<li>Skvalaan rahustab kahjustatud ja \u00e4rritunud nahka, omab antioks\u00fcdantseid omadusi, niisutab ja kaitseb nahka keskkonna negatiivse m\u00f5ju eest.<\/li>\n<\/ul>\n<p>Sobib kuivale, normaalsele ja tundlikule nahale.<\/p>\n<p><strong>Kasutusjuhend:<\/strong> kandke vajalik kogus kreemi hoolduse l\u00f5ppfaasis nahale<\/p>\n<\/div>\n<\/div>\n<\/div>\n<\/div>\n","protected":false},"excerpt":{"rendered":"<p>SKIN1004 Madagascar Centella Probio-Cica Enrich Cream with Probiotics has an overall strengthening effect, improves the skin microbiome and inhibits bacterial proliferation. The product instantly replenishes the skin with nutrients, restores moisture deficit and actively moisturises. The cream forms a protective barrier that tightens tissues and reduces their sensitivity. It maintains optimal moisture levels and prevents dehydration. Softens rough epidermal areas, supports the...<\/p>","protected":false},"featured_media":8798,"comment_status":"open","ping_status":"closed","template":"","meta":{"_uf_show_specific_survey":0,"_uf_disable_surveys":false,"_bst_post_transparent":"default","_bst_post_title":"","_bst_post_layout":"default","_bst_post_sidebar_id":"","_bst_post_content_style":"default","_bst_post_vertical_padding":"default","_bst_post_feature":"","_bst_post_feature_position":"","_bst_post_header":false,"_bst_post_footer":false},"pwb-brand":[186],"product_brand":[],"product_cat":[92,96],"product_tag":[233,377,202,216,441,550,221],"class_list":{"0":"post-8793","1":"product","2":"type-product","3":"status-publish","4":"has-post-thumbnail","6":"pwb-brand-skin1004","7":"product_cat-nagu","8":"product_cat-naokreemid","9":"product_tag-internet-pood-eesti","10":"product_tag-k-beauty-2","11":"product_tag-korea-kosmeetika","12":"product_tag-kuiv-nahk","13":"product_tag-skin1004","14":"product_tag-skin1004-madagascar-centella-probio-cica-enrich-cream","15":"product_tag-tundlik-nahk","17":"first","18":"instock","19":"sale","20":"shipping-taxable","21":"purchasable","22":"product-type-simple","23":"entry","24":"content-bg","25":"loop-entry"},"supplier_id":null,"supplier_sku":"","barcode":null,"atum_controlled":true,"out_stock_date":null,"out_stock_threshold":null,"inheritable":false,"inbound_stock":0,"stock_on_hold":0,"sold_today":0,"sales_last_days":1,"out_stock_days":0,"lost_sales":0,"has_location":false,"update_date":"2026-04-14T00:05:13","atum_locations":[],"atum_stock_status":"instock","restock_status":false,"low_stock_amount":"","sales_update_date":"2026-04-14T00:05:13","calc_backorders":null,"yoast_head":"<!-- This site is optimized with the Yoast SEO plugin v27.2 - https:\/\/yoast.com\/product\/yoast-seo-wordpress\/ -->\n<title>SKIN1004 Madagascar Centella Probio-Cica Enrich Cream, 50ml - IDA.KOREA<\/title>\n<meta name=\"description\" content=\"Kreem moodustab kaitsebarj\u00e4\u00e4ri, mis tihendab kudesid ja v\u00e4hendab nende tundlikkust. See s\u00e4ilitab optimaalse niiskustaseme ja ennetab deh\u00fcdratsiooni tekkimist.\" \/>\n<meta name=\"robots\" content=\"index, follow, max-snippet:-1, max-image-preview:large, max-video-preview:-1\" \/>\n<link rel=\"canonical\" href=\"https:\/\/idakorea.ee\/en\/product\/intensiivne-lamellaarne-kreem-probiootikumidega-skin1004-madagascar-centella-probio-cica-enrich-cream\/\" \/>\n<meta property=\"og:locale\" content=\"en_US\" \/>\n<meta property=\"og:type\" content=\"article\" \/>\n<meta property=\"og:title\" content=\"SKIN1004 Madagascar Centella Probio-Cica Enrich Cream, 50ml - IDA.KOREA\" \/>\n<meta property=\"og:description\" content=\"Kreem moodustab kaitsebarj\u00e4\u00e4ri, mis tihendab kudesid ja v\u00e4hendab nende tundlikkust. See s\u00e4ilitab optimaalse niiskustaseme ja ennetab deh\u00fcdratsiooni tekkimist.\" \/>\n<meta property=\"og:url\" content=\"https:\/\/idakorea.ee\/en\/product\/intensiivne-lamellaarne-kreem-probiootikumidega-skin1004-madagascar-centella-probio-cica-enrich-cream\/\" \/>\n<meta property=\"og:site_name\" content=\"IDA.KOREA\" \/>\n<meta property=\"article:modified_time\" content=\"2026-04-11T19:58:15+00:00\" \/>\n<meta property=\"og:image\" content=\"https:\/\/idakorea.ee\/wp-content\/uploads\/2024\/06\/b.png\" \/>\n\t<meta property=\"og:image:width\" content=\"1000\" \/>\n\t<meta property=\"og:image:height\" content=\"1000\" \/>\n\t<meta property=\"og:image:type\" content=\"image\/png\" \/>\n<meta name=\"twitter:card\" content=\"summary_large_image\" \/>\n<meta name=\"twitter:label1\" content=\"Est. reading time\" \/>\n\t<meta name=\"twitter:data1\" content=\"2 minutes\" \/>\n<script type=\"application\/ld+json\" class=\"yoast-schema-graph\">{\"@context\":\"https:\/\/schema.org\",\"@graph\":[{\"@type\":\"WebPage\",\"@id\":\"https:\/\/idakorea.ee\/product\/intensiivne-lamellaarne-kreem-probiootikumidega-skin1004-madagascar-centella-probio-cica-enrich-cream\/\",\"url\":\"https:\/\/idakorea.ee\/product\/intensiivne-lamellaarne-kreem-probiootikumidega-skin1004-madagascar-centella-probio-cica-enrich-cream\/\",\"name\":\"SKIN1004 Madagascar Centella Probio-Cica Enrich Cream, 50ml - IDA.KOREA\",\"isPartOf\":{\"@id\":\"https:\/\/idakorea.ee\/#website\"},\"primaryImageOfPage\":{\"@id\":\"https:\/\/idakorea.ee\/product\/intensiivne-lamellaarne-kreem-probiootikumidega-skin1004-madagascar-centella-probio-cica-enrich-cream\/#primaryimage\"},\"image\":{\"@id\":\"https:\/\/idakorea.ee\/product\/intensiivne-lamellaarne-kreem-probiootikumidega-skin1004-madagascar-centella-probio-cica-enrich-cream\/#primaryimage\"},\"thumbnailUrl\":\"https:\/\/idakorea.ee\/wp-content\/uploads\/2024\/06\/b.png\",\"datePublished\":\"2024-06-26T10:18:10+00:00\",\"dateModified\":\"2026-04-11T19:58:15+00:00\",\"description\":\"Kreem moodustab kaitsebarj\u00e4\u00e4ri, mis tihendab kudesid ja v\u00e4hendab nende tundlikkust. See s\u00e4ilitab optimaalse niiskustaseme ja ennetab deh\u00fcdratsiooni tekkimist.\",\"breadcrumb\":{\"@id\":\"https:\/\/idakorea.ee\/product\/intensiivne-lamellaarne-kreem-probiootikumidega-skin1004-madagascar-centella-probio-cica-enrich-cream\/#breadcrumb\"},\"inLanguage\":\"en-US\",\"potentialAction\":[{\"@type\":\"ReadAction\",\"target\":[\"https:\/\/idakorea.ee\/product\/intensiivne-lamellaarne-kreem-probiootikumidega-skin1004-madagascar-centella-probio-cica-enrich-cream\/\"]}]},{\"@type\":\"ImageObject\",\"inLanguage\":\"en-US\",\"@id\":\"https:\/\/idakorea.ee\/product\/intensiivne-lamellaarne-kreem-probiootikumidega-skin1004-madagascar-centella-probio-cica-enrich-cream\/#primaryimage\",\"url\":\"https:\/\/idakorea.ee\/wp-content\/uploads\/2024\/06\/b.png\",\"contentUrl\":\"https:\/\/idakorea.ee\/wp-content\/uploads\/2024\/06\/b.png\",\"width\":1000,\"height\":1000},{\"@type\":\"BreadcrumbList\",\"@id\":\"https:\/\/idakorea.ee\/product\/intensiivne-lamellaarne-kreem-probiootikumidega-skin1004-madagascar-centella-probio-cica-enrich-cream\/#breadcrumb\",\"itemListElement\":[{\"@type\":\"ListItem\",\"position\":1,\"name\":\"\u0413\u043b\u0430\u0432\u043d\u0430\u044f \u0441\u0442\u0440\u0430\u043d\u0438\u0446\u0430\",\"item\":\"https:\/\/idakorea.ee\/\"},{\"@type\":\"ListItem\",\"position\":2,\"name\":\"Shop\",\"item\":\"https:\/\/idakorea.ee\/shop-2\/\"},{\"@type\":\"ListItem\",\"position\":3,\"name\":\"Intensiivne lamellaarne kreem probiootikumidega SKIN1004 Madagascar Centella Probio-Cica Enrich Cream, 50ml\"}]},{\"@type\":\"WebSite\",\"@id\":\"https:\/\/idakorea.ee\/#website\",\"url\":\"https:\/\/idakorea.ee\/\",\"name\":\"IDA.KOREA\",\"description\":\"Korea kosmeetika e-pood\",\"publisher\":{\"@id\":\"https:\/\/idakorea.ee\/#organization\"},\"alternateName\":\"Beauty Shop\",\"potentialAction\":[{\"@type\":\"SearchAction\",\"target\":{\"@type\":\"EntryPoint\",\"urlTemplate\":\"https:\/\/idakorea.ee\/?s={search_term_string}\"},\"query-input\":{\"@type\":\"PropertyValueSpecification\",\"valueRequired\":true,\"valueName\":\"search_term_string\"}}],\"inLanguage\":\"en-US\"},{\"@type\":\"Organization\",\"@id\":\"https:\/\/idakorea.ee\/#organization\",\"name\":\"IDA.KOREA\",\"url\":\"https:\/\/idakorea.ee\/\",\"logo\":{\"@type\":\"ImageObject\",\"inLanguage\":\"en-US\",\"@id\":\"https:\/\/idakorea.ee\/#\/schema\/logo\/image\/\",\"url\":\"https:\/\/idakorea.ee\/wp-content\/uploads\/2024\/05\/cropped-korea3.png\",\"contentUrl\":\"https:\/\/idakorea.ee\/wp-content\/uploads\/2024\/05\/cropped-korea3.png\",\"width\":688,\"height\":126,\"caption\":\"IDA.KOREA\"},\"image\":{\"@id\":\"https:\/\/idakorea.ee\/#\/schema\/logo\/image\/\"},\"sameAs\":[\"https:\/\/www.instagram.com\/ida.korea\/\"]}]}<\/script>\n<!-- \/ Yoast SEO plugin. -->","yoast_head_json":{"title":"SKIN1004 Madagascar Centella Probio-Cica Enrich Cream, 50ml - IDA.KOREA","description":"The cream forms a protective barrier that seals tissues and reduces their sensitivity. It maintains optimal moisture levels and prevents dehydration.","robots":{"index":"index","follow":"follow","max-snippet":"max-snippet:-1","max-image-preview":"max-image-preview:large","max-video-preview":"max-video-preview:-1"},"canonical":"https:\/\/idakorea.ee\/en\/product\/intensiivne-lamellaarne-kreem-probiootikumidega-skin1004-madagascar-centella-probio-cica-enrich-cream\/","og_locale":"en_US","og_type":"article","og_title":"SKIN1004 Madagascar Centella Probio-Cica Enrich Cream, 50ml - IDA.KOREA","og_description":"Kreem moodustab kaitsebarj\u00e4\u00e4ri, mis tihendab kudesid ja v\u00e4hendab nende tundlikkust. See s\u00e4ilitab optimaalse niiskustaseme ja ennetab deh\u00fcdratsiooni tekkimist.","og_url":"https:\/\/idakorea.ee\/en\/product\/intensiivne-lamellaarne-kreem-probiootikumidega-skin1004-madagascar-centella-probio-cica-enrich-cream\/","og_site_name":"IDA.KOREA","article_modified_time":"2026-04-11T19:58:15+00:00","og_image":[{"width":1000,"height":1000,"url":"https:\/\/idakorea.ee\/wp-content\/uploads\/2024\/06\/b.png","type":"image\/png"}],"twitter_card":"summary_large_image","twitter_misc":{"Est. reading time":"2 minutes"},"schema":{"@context":"https:\/\/schema.org","@graph":[{"@type":"WebPage","@id":"https:\/\/idakorea.ee\/product\/intensiivne-lamellaarne-kreem-probiootikumidega-skin1004-madagascar-centella-probio-cica-enrich-cream\/","url":"https:\/\/idakorea.ee\/product\/intensiivne-lamellaarne-kreem-probiootikumidega-skin1004-madagascar-centella-probio-cica-enrich-cream\/","name":"SKIN1004 Madagascar Centella Probio-Cica Enrich Cream, 50ml - IDA.KOREA","isPartOf":{"@id":"https:\/\/idakorea.ee\/#website"},"primaryImageOfPage":{"@id":"https:\/\/idakorea.ee\/product\/intensiivne-lamellaarne-kreem-probiootikumidega-skin1004-madagascar-centella-probio-cica-enrich-cream\/#primaryimage"},"image":{"@id":"https:\/\/idakorea.ee\/product\/intensiivne-lamellaarne-kreem-probiootikumidega-skin1004-madagascar-centella-probio-cica-enrich-cream\/#primaryimage"},"thumbnailUrl":"https:\/\/idakorea.ee\/wp-content\/uploads\/2024\/06\/b.png","datePublished":"2024-06-26T10:18:10+00:00","dateModified":"2026-04-11T19:58:15+00:00","description":"The cream forms a protective barrier that seals tissues and reduces their sensitivity. It maintains optimal moisture levels and prevents dehydration.","breadcrumb":{"@id":"https:\/\/idakorea.ee\/product\/intensiivne-lamellaarne-kreem-probiootikumidega-skin1004-madagascar-centella-probio-cica-enrich-cream\/#breadcrumb"},"inLanguage":"en-US","potentialAction":[{"@type":"ReadAction","target":["https:\/\/idakorea.ee\/product\/intensiivne-lamellaarne-kreem-probiootikumidega-skin1004-madagascar-centella-probio-cica-enrich-cream\/"]}]},{"@type":"ImageObject","inLanguage":"en-US","@id":"https:\/\/idakorea.ee\/product\/intensiivne-lamellaarne-kreem-probiootikumidega-skin1004-madagascar-centella-probio-cica-enrich-cream\/#primaryimage","url":"https:\/\/idakorea.ee\/wp-content\/uploads\/2024\/06\/b.png","contentUrl":"https:\/\/idakorea.ee\/wp-content\/uploads\/2024\/06\/b.png","width":1000,"height":1000},{"@type":"BreadcrumbList","@id":"https:\/\/idakorea.ee\/product\/intensiivne-lamellaarne-kreem-probiootikumidega-skin1004-madagascar-centella-probio-cica-enrich-cream\/#breadcrumb","itemListElement":[{"@type":"ListItem","position":1,"name":"\u0413\u043b\u0430\u0432\u043d\u0430\u044f \u0441\u0442\u0440\u0430\u043d\u0438\u0446\u0430","item":"https:\/\/idakorea.ee\/"},{"@type":"ListItem","position":2,"name":"Shop","item":"https:\/\/idakorea.ee\/shop-2\/"},{"@type":"ListItem","position":3,"name":"Intensiivne lamellaarne kreem probiootikumidega SKIN1004 Madagascar Centella Probio-Cica Enrich Cream, 50ml"}]},{"@type":"WebSite","@id":"https:\/\/idakorea.ee\/#website","url":"https:\/\/idakorea.ee\/","name":"IDA.KOREA","description":"Korean cosmetics e-shop","publisher":{"@id":"https:\/\/idakorea.ee\/#organization"},"alternateName":"Beauty Shop","potentialAction":[{"@type":"SearchAction","target":{"@type":"EntryPoint","urlTemplate":"https:\/\/idakorea.ee\/?s={search_term_string}"},"query-input":{"@type":"PropertyValueSpecification","valueRequired":true,"valueName":"search_term_string"}}],"inLanguage":"en-US"},{"@type":"Organization","@id":"https:\/\/idakorea.ee\/#organization","name":"IDA.KOREA","url":"https:\/\/idakorea.ee\/","logo":{"@type":"ImageObject","inLanguage":"en-US","@id":"https:\/\/idakorea.ee\/#\/schema\/logo\/image\/","url":"https:\/\/idakorea.ee\/wp-content\/uploads\/2024\/05\/cropped-korea3.png","contentUrl":"https:\/\/idakorea.ee\/wp-content\/uploads\/2024\/05\/cropped-korea3.png","width":688,"height":126,"caption":"IDA.KOREA"},"image":{"@id":"https:\/\/idakorea.ee\/#\/schema\/logo\/image\/"},"sameAs":["https:\/\/www.instagram.com\/ida.korea\/"]}]}},"jetpack_sharing_enabled":true,"brands":[{"id":186,"name":"SKIN1004","slug":"skin1004"}],"_links":{"self":[{"href":"https:\/\/idakorea.ee\/en\/wp-json\/wp\/v2\/product\/8793","targetHints":{"allow":["GET"]}}],"collection":[{"href":"https:\/\/idakorea.ee\/en\/wp-json\/wp\/v2\/product"}],"about":[{"href":"https:\/\/idakorea.ee\/en\/wp-json\/wp\/v2\/types\/product"}],"replies":[{"embeddable":true,"href":"https:\/\/idakorea.ee\/en\/wp-json\/wp\/v2\/comments?post=8793"}],"version-history":[{"count":3,"href":"https:\/\/idakorea.ee\/en\/wp-json\/wp\/v2\/product\/8793\/revisions"}],"predecessor-version":[{"id":10684,"href":"https:\/\/idakorea.ee\/en\/wp-json\/wp\/v2\/product\/8793\/revisions\/10684"}],"wp:featuredmedia":[{"embeddable":true,"href":"https:\/\/idakorea.ee\/en\/wp-json\/wp\/v2\/media\/8798"}],"wp:attachment":[{"href":"https:\/\/idakorea.ee\/en\/wp-json\/wp\/v2\/media?parent=8793"}],"wp:term":[{"taxonomy":"pwb-brand","embeddable":true,"href":"https:\/\/idakorea.ee\/en\/wp-json\/wp\/v2\/pwb-brand?post=8793"},{"taxonomy":"product_brand","embeddable":true,"href":"https:\/\/idakorea.ee\/en\/wp-json\/wp\/v2\/product_brand?post=8793"},{"taxonomy":"product_cat","embeddable":true,"href":"https:\/\/idakorea.ee\/en\/wp-json\/wp\/v2\/product_cat?post=8793"},{"taxonomy":"product_tag","embeddable":true,"href":"https:\/\/idakorea.ee\/en\/wp-json\/wp\/v2\/product_tag?post=8793"}],"curies":[{"name":"wp","href":"https:\/\/api.w.org\/{rel}","templated":true}]}}