{"id":8878,"date":"2024-06-28T09:32:17","date_gmt":"2024-06-28T09:32:17","guid":{"rendered":"https:\/\/idakorea.ee\/?post_type=product&#038;p=8878"},"modified":"2026-04-01T14:39:27","modified_gmt":"2026-04-01T12:39:27","slug":"seerum-anua-niacinamide-10-txa-4","status":"publish","type":"product","link":"https:\/\/idakorea.ee\/en\/product\/seerum-anua-niacinamide-10-txa-4\/","title":{"rendered":"Serum Anua Niacinamide 10% + TXA 4%, 30ml"},"content":{"rendered":"<div class=\"flex flex-grow flex-col max-w-full\">\n<div class=\"min-h-[20px] text-message flex flex-col items-start whitespace-pre-wrap break-words [.text-message+&amp;]:mt-5 juice:w-full juice:items-end overflow-x-auto gap-2\" dir=\"auto\" data-message-author-role=\"assistant\" data-message-id=\"bb04a119-00bd-43c7-a5ca-e383c96acc31\">\n<div class=\"flex w-full flex-col gap-1 juice:empty:hidden juice:first:pt-[3px]\">\n<div class=\"markdown prose w-full break-words dark:prose-invert light\">\n<div class=\"flex flex-grow flex-col max-w-full\">\n<div class=\"min-h-[20px] text-message flex flex-col items-start whitespace-pre-wrap break-words [.text-message+&amp;]:mt-5 juice:w-full juice:items-end overflow-x-auto gap-2\" dir=\"auto\" data-message-author-role=\"assistant\" data-message-id=\"bb04a119-00bd-43c7-a5ca-e383c96acc31\">\n<div class=\"flex w-full flex-col gap-1 juice:empty:hidden juice:first:pt-[3px]\">\n<div class=\"markdown prose w-full break-words dark:prose-invert light\">\n<p><strong>Anua Niacinamide 10% + TXA 4% seerum <\/strong>traneksaamhappega on suunatud selliste ebat\u00e4iuslikkuste korrigeerimiseks nagu pigmendi- ja seisakulaigud, aknej\u00e4rgsed j\u00e4ljed, tuhm ja eba\u00fchtlane jume, liigne naha rasusus.<\/p>\n<p>Toode aeglustab melanoomi s\u00fcnteesi, takistades melaniini teket ja ennetades h\u00fcperpigmentatsiooni tekkimist. Oluliselt parandab jume, toniseerib ja taastab terve s\u00e4ra. Reguleerib rasun\u00e4\u00e4rmete t\u00f6\u00f6d, muutes naha siledaks ja sametiseks. 10 t\u00fc\u00fcpi h\u00fcaluroonhappe ja keraamiidid normaliseerivad h\u00fcdrolipiidide tasakaalu ja k\u00fcllastavad naha niiskusega, kaitstes kuivuse eest.<\/p>\n<p><strong>Peamised toimeained:<\/strong><\/p>\n<ul>\n<li><strong>10% niatsiinamiidi (vitamiin B3)<\/strong> soodustab kollageeni s\u00fcnteesi stimuleerimist ja naha kaitsefunktsioonide paranemist, aitab v\u00e4hendada transepidermaalset veekadu ja pigmenteerumist, pehmendab, suurendab elastsust, niisutab ja ahendab poore.<\/li>\n<li><strong>4% traneksaamhapet<\/strong> p\u00e4rsib t\u00fcrosinaasi \u2014 ens\u00fc\u00fcmi, mis k\u00e4ivitab melaniini tootmise \u2014 aktiivsust. Ei p\u00f5hjusta valgustundlikkust, v\u00f5ib kasutada p\u00e4evahoolduses.<\/li>\n<li><strong>Sofolians (Candida Bombicola ens\u00fc\u00fcm)<\/strong> omab antibakteriaalset toimet ja hoiab \u00e4ra spetsiifiliste bakterite kasvu, mis p\u00f5hjustavad aknet. Ens\u00fc\u00fcm v\u00e4hendab oluliselt rasu tootmist, v\u00e4hendab papulite ja pustulite arvu nahal. Leevendab \u00e4rritust ega h\u00e4iri mikrofloorat.<\/li>\n<li><strong>2% arbutiini<\/strong> v\u00e4hendab melaniini tootmist, omab antiseptilist toimet, k\u00f5rvaldab turse ja tuhmuse, samuti pehmendab, konditsioneerib ja aitab v\u00f5idelda oks\u00fcdatiivse stressiga, aeglustades vananemise m\u00e4rke.<\/li>\n<li><strong>3-O-Ethyl Ascorbic Acid<\/strong> \u2014 askorbiinhappe derivaat, stabiilne C-vitamiini vorm. Kergendab pigmendilaike, stimuleerib kollageeni s\u00fcnteesi ja omab antioks\u00fcdantset toimet, suurendades seel\u00e4bi naha elastsust ja tihedust ning pikendades nooruslikkust.<\/li>\n<\/ul>\n<p>Sobib normaalsele, kombineeritud ja rasusele nahale.<\/p>\n<p><strong>Kasutusjuhend:<\/strong> kandke vajalik kogus seerumit toonitud nahale ja l\u00f5petage hooldus kreemiga. P\u00e4evaseks kasutamiseks kasutage kindlasti p\u00e4ikesekaitsevahendit.<\/p>\n<\/div>\n<\/div>\n<\/div>\n<\/div>\n<div class=\"mt-1 flex gap-3 empty:hidden juice:-ml-3\">\n<div class=\"items-center justify-start rounded-xl p-1 flex\">\n<div class=\"flex items-center\">\n<p>&nbsp;<\/p>\n<\/div>\n<\/div>\n<\/div>\n<p>&nbsp;<\/p>\n<\/div>\n<\/div>\n<\/div>\n<\/div>\n","protected":false},"excerpt":{"rendered":"<p>Anua Niacinamide 10% + TXA 4% serum with tranexamic acid is targeted to correct imperfections such as pigmentation and stubbornness, post-acne marks, dull and uneven complexion, excessive skin oiliness. The product slows down the synthesis of melanoma, preventing the formation of melanin and preventing hyperpigmentation. Significantly improves complexion, tones and restores a healthy glow. Regulates the sebaceous glands, making the skin smooth and velvety. 10 types...<\/p>","protected":false},"featured_media":13366,"comment_status":"open","ping_status":"closed","template":"","meta":{"_uf_show_specific_survey":0,"_uf_disable_surveys":false,"_bst_post_transparent":"default","_bst_post_title":"","_bst_post_layout":"default","_bst_post_sidebar_id":"","_bst_post_content_style":"default","_bst_post_vertical_padding":"default","_bst_post_feature":"","_bst_post_feature_position":"","_bst_post_header":false,"_bst_post_footer":false},"pwb-brand":[104],"product_brand":[],"product_cat":[92,97],"product_tag":[102,233,377,202,230],"class_list":{"0":"post-8878","1":"product","2":"type-product","3":"status-publish","4":"has-post-thumbnail","6":"pwb-brand-anua","7":"product_cat-nagu","8":"product_cat-naoseerumid-ja-olid","9":"product_tag-anua","10":"product_tag-internet-pood-eesti","11":"product_tag-k-beauty-2","12":"product_tag-korea-kosmeetika","13":"product_tag-pigment","15":"first","16":"instock","17":"sale","18":"shipping-taxable","19":"purchasable","20":"product-type-simple","21":"entry","22":"content-bg","23":"loop-entry"},"supplier_id":null,"supplier_sku":"","barcode":null,"atum_controlled":true,"out_stock_date":null,"out_stock_threshold":null,"inheritable":false,"inbound_stock":0,"stock_on_hold":0,"sold_today":0,"sales_last_days":0,"out_stock_days":0,"lost_sales":0,"has_location":false,"update_date":"2026-04-14T00:05:10","atum_locations":[],"atum_stock_status":"instock","restock_status":false,"low_stock_amount":"","sales_update_date":"2026-04-14T00:05:10","calc_backorders":null,"yoast_head":"<!-- This site is optimized with the Yoast SEO plugin v27.2 - https:\/\/yoast.com\/product\/yoast-seo-wordpress\/ -->\n<title>Anua Niacinamide 10% + TXA 4% - IDA.KOREA<\/title>\n<meta name=\"description\" content=\"Anua Niacinamide 10% + TXA 4% seerum traneksaamhappega on suunatud ebat\u00e4iuslikkuste korrigeerimiseks - pigmendi- ja seisakulaigud, aknej\u00e4rgsed j\u00e4ljed, liigne naha rasusus.\" \/>\n<meta name=\"robots\" content=\"index, follow, max-snippet:-1, max-image-preview:large, max-video-preview:-1\" \/>\n<link rel=\"canonical\" href=\"https:\/\/idakorea.ee\/en\/product\/seerum-anua-niacinamide-10-txa-4\/\" \/>\n<meta property=\"og:locale\" content=\"en_US\" \/>\n<meta property=\"og:type\" content=\"article\" \/>\n<meta property=\"og:title\" content=\"Anua Niacinamide 10% + TXA 4% - IDA.KOREA\" \/>\n<meta property=\"og:description\" content=\"Anua Niacinamide 10% + TXA 4% seerum traneksaamhappega on suunatud ebat\u00e4iuslikkuste korrigeerimiseks - pigmendi- ja seisakulaigud, aknej\u00e4rgsed j\u00e4ljed, liigne naha rasusus.\" \/>\n<meta property=\"og:url\" content=\"https:\/\/idakorea.ee\/en\/product\/seerum-anua-niacinamide-10-txa-4\/\" \/>\n<meta property=\"og:site_name\" content=\"IDA.KOREA\" \/>\n<meta property=\"article:modified_time\" content=\"2026-04-01T12:39:27+00:00\" \/>\n<meta property=\"og:image\" content=\"https:\/\/idakorea.ee\/wp-content\/uploads\/2024\/06\/anua-10-niacinamide-4-tranexamic-acid-serum-30ml-idakorea.jpg\" \/>\n\t<meta property=\"og:image:width\" content=\"986\" \/>\n\t<meta property=\"og:image:height\" content=\"1000\" \/>\n\t<meta property=\"og:image:type\" content=\"image\/jpeg\" \/>\n<meta name=\"twitter:card\" content=\"summary_large_image\" \/>\n<meta name=\"twitter:label1\" content=\"Est. reading time\" \/>\n\t<meta name=\"twitter:data1\" content=\"2 minutes\" \/>\n<script type=\"application\/ld+json\" class=\"yoast-schema-graph\">{\"@context\":\"https:\/\/schema.org\",\"@graph\":[{\"@type\":\"WebPage\",\"@id\":\"https:\/\/idakorea.ee\/product\/seerum-anua-niacinamide-10-txa-4\/\",\"url\":\"https:\/\/idakorea.ee\/product\/seerum-anua-niacinamide-10-txa-4\/\",\"name\":\"Anua Niacinamide 10% + TXA 4% - IDA.KOREA\",\"isPartOf\":{\"@id\":\"https:\/\/idakorea.ee\/#website\"},\"primaryImageOfPage\":{\"@id\":\"https:\/\/idakorea.ee\/product\/seerum-anua-niacinamide-10-txa-4\/#primaryimage\"},\"image\":{\"@id\":\"https:\/\/idakorea.ee\/product\/seerum-anua-niacinamide-10-txa-4\/#primaryimage\"},\"thumbnailUrl\":\"https:\/\/idakorea.ee\/wp-content\/uploads\/2024\/06\/anua-10-niacinamide-4-tranexamic-acid-serum-30ml-idakorea.jpg\",\"datePublished\":\"2024-06-28T09:32:17+00:00\",\"dateModified\":\"2026-04-01T12:39:27+00:00\",\"description\":\"Anua Niacinamide 10% + TXA 4% seerum traneksaamhappega on suunatud ebat\u00e4iuslikkuste korrigeerimiseks - pigmendi- ja seisakulaigud, aknej\u00e4rgsed j\u00e4ljed, liigne naha rasusus.\",\"breadcrumb\":{\"@id\":\"https:\/\/idakorea.ee\/product\/seerum-anua-niacinamide-10-txa-4\/#breadcrumb\"},\"inLanguage\":\"en-US\",\"potentialAction\":[{\"@type\":\"ReadAction\",\"target\":[\"https:\/\/idakorea.ee\/product\/seerum-anua-niacinamide-10-txa-4\/\"]}]},{\"@type\":\"ImageObject\",\"inLanguage\":\"en-US\",\"@id\":\"https:\/\/idakorea.ee\/product\/seerum-anua-niacinamide-10-txa-4\/#primaryimage\",\"url\":\"https:\/\/idakorea.ee\/wp-content\/uploads\/2024\/06\/anua-10-niacinamide-4-tranexamic-acid-serum-30ml-idakorea.jpg\",\"contentUrl\":\"https:\/\/idakorea.ee\/wp-content\/uploads\/2024\/06\/anua-10-niacinamide-4-tranexamic-acid-serum-30ml-idakorea.jpg\",\"width\":986,\"height\":1000},{\"@type\":\"BreadcrumbList\",\"@id\":\"https:\/\/idakorea.ee\/product\/seerum-anua-niacinamide-10-txa-4\/#breadcrumb\",\"itemListElement\":[{\"@type\":\"ListItem\",\"position\":1,\"name\":\"\u0413\u043b\u0430\u0432\u043d\u0430\u044f \u0441\u0442\u0440\u0430\u043d\u0438\u0446\u0430\",\"item\":\"https:\/\/idakorea.ee\/\"},{\"@type\":\"ListItem\",\"position\":2,\"name\":\"Shop\",\"item\":\"https:\/\/idakorea.ee\/shop-2\/\"},{\"@type\":\"ListItem\",\"position\":3,\"name\":\"Seerum Anua Niacinamide 10% + TXA 4%, 30ml\"}]},{\"@type\":\"WebSite\",\"@id\":\"https:\/\/idakorea.ee\/#website\",\"url\":\"https:\/\/idakorea.ee\/\",\"name\":\"IDA.KOREA\",\"description\":\"Korea kosmeetika e-pood\",\"publisher\":{\"@id\":\"https:\/\/idakorea.ee\/#organization\"},\"alternateName\":\"Beauty Shop\",\"potentialAction\":[{\"@type\":\"SearchAction\",\"target\":{\"@type\":\"EntryPoint\",\"urlTemplate\":\"https:\/\/idakorea.ee\/?s={search_term_string}\"},\"query-input\":{\"@type\":\"PropertyValueSpecification\",\"valueRequired\":true,\"valueName\":\"search_term_string\"}}],\"inLanguage\":\"en-US\"},{\"@type\":\"Organization\",\"@id\":\"https:\/\/idakorea.ee\/#organization\",\"name\":\"IDA.KOREA\",\"url\":\"https:\/\/idakorea.ee\/\",\"logo\":{\"@type\":\"ImageObject\",\"inLanguage\":\"en-US\",\"@id\":\"https:\/\/idakorea.ee\/#\/schema\/logo\/image\/\",\"url\":\"https:\/\/idakorea.ee\/wp-content\/uploads\/2024\/05\/cropped-korea3.png\",\"contentUrl\":\"https:\/\/idakorea.ee\/wp-content\/uploads\/2024\/05\/cropped-korea3.png\",\"width\":688,\"height\":126,\"caption\":\"IDA.KOREA\"},\"image\":{\"@id\":\"https:\/\/idakorea.ee\/#\/schema\/logo\/image\/\"},\"sameAs\":[\"https:\/\/www.instagram.com\/ida.korea\/\"]}]}<\/script>\n<!-- \/ Yoast SEO plugin. -->","yoast_head_json":{"title":"Anua Niacinamide 10% + TXA 4% - EAST.KOREA","description":"Anua Niacinamide 10% + TXA 4% serum with tranexamic acid is aimed at correcting imperfections - pigment and age spots, post-acne marks, excessive skin oiliness.","robots":{"index":"index","follow":"follow","max-snippet":"max-snippet:-1","max-image-preview":"max-image-preview:large","max-video-preview":"max-video-preview:-1"},"canonical":"https:\/\/idakorea.ee\/en\/product\/seerum-anua-niacinamide-10-txa-4\/","og_locale":"en_US","og_type":"article","og_title":"Anua Niacinamide 10% + TXA 4% - IDA.KOREA","og_description":"Anua Niacinamide 10% + TXA 4% seerum traneksaamhappega on suunatud ebat\u00e4iuslikkuste korrigeerimiseks - pigmendi- ja seisakulaigud, aknej\u00e4rgsed j\u00e4ljed, liigne naha rasusus.","og_url":"https:\/\/idakorea.ee\/en\/product\/seerum-anua-niacinamide-10-txa-4\/","og_site_name":"IDA.KOREA","article_modified_time":"2026-04-01T12:39:27+00:00","og_image":[{"width":986,"height":1000,"url":"https:\/\/idakorea.ee\/wp-content\/uploads\/2024\/06\/anua-10-niacinamide-4-tranexamic-acid-serum-30ml-idakorea.jpg","type":"image\/jpeg"}],"twitter_card":"summary_large_image","twitter_misc":{"Est. reading time":"2 minutes"},"schema":{"@context":"https:\/\/schema.org","@graph":[{"@type":"WebPage","@id":"https:\/\/idakorea.ee\/product\/seerum-anua-niacinamide-10-txa-4\/","url":"https:\/\/idakorea.ee\/product\/seerum-anua-niacinamide-10-txa-4\/","name":"Anua Niacinamide 10% + TXA 4% - EAST.KOREA","isPartOf":{"@id":"https:\/\/idakorea.ee\/#website"},"primaryImageOfPage":{"@id":"https:\/\/idakorea.ee\/product\/seerum-anua-niacinamide-10-txa-4\/#primaryimage"},"image":{"@id":"https:\/\/idakorea.ee\/product\/seerum-anua-niacinamide-10-txa-4\/#primaryimage"},"thumbnailUrl":"https:\/\/idakorea.ee\/wp-content\/uploads\/2024\/06\/anua-10-niacinamide-4-tranexamic-acid-serum-30ml-idakorea.jpg","datePublished":"2024-06-28T09:32:17+00:00","dateModified":"2026-04-01T12:39:27+00:00","description":"Anua Niacinamide 10% + TXA 4% serum with tranexamic acid is aimed at correcting imperfections - pigment and age spots, post-acne marks, excessive skin oiliness.","breadcrumb":{"@id":"https:\/\/idakorea.ee\/product\/seerum-anua-niacinamide-10-txa-4\/#breadcrumb"},"inLanguage":"en-US","potentialAction":[{"@type":"ReadAction","target":["https:\/\/idakorea.ee\/product\/seerum-anua-niacinamide-10-txa-4\/"]}]},{"@type":"ImageObject","inLanguage":"en-US","@id":"https:\/\/idakorea.ee\/product\/seerum-anua-niacinamide-10-txa-4\/#primaryimage","url":"https:\/\/idakorea.ee\/wp-content\/uploads\/2024\/06\/anua-10-niacinamide-4-tranexamic-acid-serum-30ml-idakorea.jpg","contentUrl":"https:\/\/idakorea.ee\/wp-content\/uploads\/2024\/06\/anua-10-niacinamide-4-tranexamic-acid-serum-30ml-idakorea.jpg","width":986,"height":1000},{"@type":"BreadcrumbList","@id":"https:\/\/idakorea.ee\/product\/seerum-anua-niacinamide-10-txa-4\/#breadcrumb","itemListElement":[{"@type":"ListItem","position":1,"name":"\u0413\u043b\u0430\u0432\u043d\u0430\u044f \u0441\u0442\u0440\u0430\u043d\u0438\u0446\u0430","item":"https:\/\/idakorea.ee\/"},{"@type":"ListItem","position":2,"name":"Shop","item":"https:\/\/idakorea.ee\/shop-2\/"},{"@type":"ListItem","position":3,"name":"Seerum Anua Niacinamide 10% + TXA 4%, 30ml"}]},{"@type":"WebSite","@id":"https:\/\/idakorea.ee\/#website","url":"https:\/\/idakorea.ee\/","name":"IDA.KOREA","description":"Korean cosmetics e-shop","publisher":{"@id":"https:\/\/idakorea.ee\/#organization"},"alternateName":"Beauty Shop","potentialAction":[{"@type":"SearchAction","target":{"@type":"EntryPoint","urlTemplate":"https:\/\/idakorea.ee\/?s={search_term_string}"},"query-input":{"@type":"PropertyValueSpecification","valueRequired":true,"valueName":"search_term_string"}}],"inLanguage":"en-US"},{"@type":"Organization","@id":"https:\/\/idakorea.ee\/#organization","name":"IDA.KOREA","url":"https:\/\/idakorea.ee\/","logo":{"@type":"ImageObject","inLanguage":"en-US","@id":"https:\/\/idakorea.ee\/#\/schema\/logo\/image\/","url":"https:\/\/idakorea.ee\/wp-content\/uploads\/2024\/05\/cropped-korea3.png","contentUrl":"https:\/\/idakorea.ee\/wp-content\/uploads\/2024\/05\/cropped-korea3.png","width":688,"height":126,"caption":"IDA.KOREA"},"image":{"@id":"https:\/\/idakorea.ee\/#\/schema\/logo\/image\/"},"sameAs":["https:\/\/www.instagram.com\/ida.korea\/"]}]}},"jetpack_sharing_enabled":true,"brands":[{"id":104,"name":"ANUA","slug":"anua"}],"_links":{"self":[{"href":"https:\/\/idakorea.ee\/en\/wp-json\/wp\/v2\/product\/8878","targetHints":{"allow":["GET"]}}],"collection":[{"href":"https:\/\/idakorea.ee\/en\/wp-json\/wp\/v2\/product"}],"about":[{"href":"https:\/\/idakorea.ee\/en\/wp-json\/wp\/v2\/types\/product"}],"replies":[{"embeddable":true,"href":"https:\/\/idakorea.ee\/en\/wp-json\/wp\/v2\/comments?post=8878"}],"version-history":[{"count":3,"href":"https:\/\/idakorea.ee\/en\/wp-json\/wp\/v2\/product\/8878\/revisions"}],"predecessor-version":[{"id":16028,"href":"https:\/\/idakorea.ee\/en\/wp-json\/wp\/v2\/product\/8878\/revisions\/16028"}],"wp:featuredmedia":[{"embeddable":true,"href":"https:\/\/idakorea.ee\/en\/wp-json\/wp\/v2\/media\/13366"}],"wp:attachment":[{"href":"https:\/\/idakorea.ee\/en\/wp-json\/wp\/v2\/media?parent=8878"}],"wp:term":[{"taxonomy":"pwb-brand","embeddable":true,"href":"https:\/\/idakorea.ee\/en\/wp-json\/wp\/v2\/pwb-brand?post=8878"},{"taxonomy":"product_brand","embeddable":true,"href":"https:\/\/idakorea.ee\/en\/wp-json\/wp\/v2\/product_brand?post=8878"},{"taxonomy":"product_cat","embeddable":true,"href":"https:\/\/idakorea.ee\/en\/wp-json\/wp\/v2\/product_cat?post=8878"},{"taxonomy":"product_tag","embeddable":true,"href":"https:\/\/idakorea.ee\/en\/wp-json\/wp\/v2\/product_tag?post=8878"}],"curies":[{"name":"wp","href":"https:\/\/api.w.org\/{rel}","templated":true}]}}