{"id":8903,"date":"2024-06-28T10:20:23","date_gmt":"2024-06-28T10:20:23","guid":{"rendered":"https:\/\/idakorea.ee\/?post_type=product&#038;p=8903"},"modified":"2026-03-19T20:13:08","modified_gmt":"2026-03-19T18:13:08","slug":"toonikpadjad-probleemsele-nahale-mediheal-teatree-trouble-pad-100tk","status":"publish","type":"product","link":"https:\/\/idakorea.ee\/en\/product\/toonikpadjad-probleemsele-nahale-mediheal-teatree-trouble-pad-100tk\/","title":{"rendered":"Tonic pads for problem skin Mediheal Teatree Trouble Pad, 100pcs"},"content":{"rendered":"<div class=\"flex flex-grow flex-col max-w-full\">\n<div class=\"min-h-[20px] text-message flex flex-col items-start whitespace-pre-wrap break-words [.text-message+&amp;]:mt-5 juice:w-full juice:items-end overflow-x-auto gap-2\" dir=\"auto\" data-message-author-role=\"assistant\" data-message-id=\"566865d6-3504-449e-ab5f-27a0e9698c56\">\n<div class=\"flex w-full flex-col gap-1 juice:empty:hidden juice:first:pt-[3px]\">\n<div class=\"markdown prose w-full break-words dark:prose-invert light\">\n<p><strong>Mediheal Teatree Trouble Pad antibakteriaalsed toonikpadjad<\/strong> v\u00f5ib kasutada nii lokaalse maskina kui ka toonikuna, mis valmistab naha ette j\u00e4rgnevaks hoolduseks, eemaldab mustuse j\u00e4\u00e4gid ja t\u00e4idab niiskuse puuduj\u00e4\u00e4gid p\u00e4rast pesemist.<\/p>\n<p>K\u00f5rge aktiivainete kontsentratsioon avaldab tugevat p\u00f5letikuvastast toimet, soodustab p\u00f5letikukollete ja akne paranemist. Eemaldab punetuse piirkonnad, tugevdab kapillaaride seinu ja rahustab \u00e4rritunud nahka. Tervendab epidermise mikrobiootat, s\u00e4ilitades vajaliku niiskustaseme epidermise rakkudes.<\/p>\n<p>Toote aluseks on TeatreePair kompleks, mis sisaldab teepuu vett, \u00f5li ja ekstrakti. Omab tugevat antimikroobset toimet. Rahustab ja omab antiseptilist toimet, kontrollib rasu tootmist, taastab vee-rasva tasakaalu, aitab v\u00f5idelda p\u00f5letike, akne ja teiste naha ebat\u00e4iuslikkustega. V\u00f5itleb ummistunud pooridega, normaliseerib rasun\u00e4\u00e4rmete t\u00f6\u00f6d ja lahustab komedoone, v\u00e4hendab p\u00e4eva jooksul rasust l\u00e4iget.<\/p>\n<p>Eri liposoomitehnoloogia aitab aktiivainetel tungida s\u00fcgavale epidermisesse, imenduda paremini ja toimida erakordselt t\u00f5husalt nahal.<\/p>\n<p><strong>T\u00e4iendavad toimeained:<\/strong><\/p>\n<ul>\n<li><strong>Lactobacillus ens\u00fc\u00fcmid<\/strong> avaldavad p\u00f5letikuvastast toimet, taastavad epidermise funktsioone. Leevendavad p\u00f5letikuliste nahahaiguste s\u00fcmptomeid, v\u00e4hendavad naha tundlikkust ja s\u00e4ilitavad selle elastsust, siledust ja tugevust.<\/li>\n<li><strong>Manguekstrakt<\/strong> niisutab intensiivselt, toidab, k\u00f5rvaldab kuivust, silub, t\u00e4idab aminohapete ja antioks\u00fcdantidega.<\/li>\n<\/ul>\n<p>Sobib k\u00f5ikidele nahat\u00fc\u00fcpidele, sealhulgas probleemsele, rasusele ja kombineeritud nahale.<\/p>\n<p><strong>Kasutusjuhend:<\/strong> p\u00e4rast pesemist p\u00fchkige nahka p\u00f5hjalikult padjaga. V\u00f5ib kasutada igap\u00e4evaselt hommikul ja \u00f5htul. Lokaalse maskina kasutamiseks: asetage padi soovitud alale, j\u00e4tke 10-15 minutiks ja eemaldage.<\/p>\n<\/div>\n<\/div>\n<\/div>\n<\/div>\n","protected":false},"excerpt":{"rendered":"<p>The Mediheal Teatree Trouble Pad antibacterial toner pads can be used as a topical mask or toner to prepare the skin for subsequent care, remove dirt residues and fill moisture gaps after washing. The high concentration of active ingredients exerts a strong anti-inflammatory effect, promoting the healing of pimples and acne. Removes areas of redness, strengthens capillary walls and soothes irritated skin. Heals the epidermal microbiota, preserving the...<\/p>","protected":false},"featured_media":8904,"comment_status":"open","ping_status":"closed","template":"","meta":{"_uf_show_specific_survey":0,"_uf_disable_surveys":false,"_bst_post_transparent":"default","_bst_post_title":"","_bst_post_layout":"default","_bst_post_sidebar_id":"","_bst_post_content_style":"default","_bst_post_vertical_padding":"default","_bst_post_feature":"","_bst_post_feature_position":"","_bst_post_header":false,"_bst_post_footer":false},"pwb-brand":[446],"product_brand":[],"product_cat":[158],"product_tag":[202,447,770],"class_list":{"0":"post-8903","1":"product","2":"type-product","3":"status-publish","4":"has-post-thumbnail","6":"pwb-brand-mediheal","7":"product_cat-toonik","8":"product_tag-korea-kosmeetika","9":"product_tag-mediheal","10":"product_tag-toner-pedy","12":"first","13":"instock","14":"sale","15":"shipping-taxable","16":"purchasable","17":"product-type-simple","18":"entry","19":"content-bg","20":"loop-entry"},"supplier_id":null,"supplier_sku":"","barcode":null,"atum_controlled":true,"out_stock_date":null,"out_stock_threshold":null,"inheritable":false,"inbound_stock":0,"stock_on_hold":0,"sold_today":0,"sales_last_days":0,"out_stock_days":0,"lost_sales":0,"has_location":false,"update_date":"2026-04-14T00:05:10","atum_locations":[],"atum_stock_status":"instock","restock_status":false,"low_stock_amount":"","sales_update_date":"2026-04-14T00:05:10","calc_backorders":null,"yoast_head":"<!-- This site is optimized with the Yoast SEO plugin v27.2 - https:\/\/yoast.com\/product\/yoast-seo-wordpress\/ -->\n<title>Mediheal Teatree Trouble Pad - IDA.KOREA<\/title>\n<meta name=\"description\" content=\"Mediheal Teatree Trouble Pad antibakteriaalsed toonikpadjad v\u00f5ib kasutada nii lokaalse maskina kui ka toonikuna, eemaldab mustuse j\u00e4\u00e4gid ja t\u00e4idab niiskuse puuduj\u00e4\u00e4gid p\u00e4rast pesemist.\" \/>\n<meta name=\"robots\" content=\"index, follow, max-snippet:-1, max-image-preview:large, max-video-preview:-1\" \/>\n<link rel=\"canonical\" href=\"https:\/\/idakorea.ee\/en\/product\/toonikpadjad-probleemsele-nahale-mediheal-teatree-trouble-pad-100tk\/\" \/>\n<meta property=\"og:locale\" content=\"en_US\" \/>\n<meta property=\"og:type\" content=\"article\" \/>\n<meta property=\"og:title\" content=\"Mediheal Teatree Trouble Pad - IDA.KOREA\" \/>\n<meta property=\"og:description\" content=\"Mediheal Teatree Trouble Pad antibakteriaalsed toonikpadjad v\u00f5ib kasutada nii lokaalse maskina kui ka toonikuna, eemaldab mustuse j\u00e4\u00e4gid ja t\u00e4idab niiskuse puuduj\u00e4\u00e4gid p\u00e4rast pesemist.\" \/>\n<meta property=\"og:url\" content=\"https:\/\/idakorea.ee\/en\/product\/toonikpadjad-probleemsele-nahale-mediheal-teatree-trouble-pad-100tk\/\" \/>\n<meta property=\"og:site_name\" content=\"IDA.KOREA\" \/>\n<meta property=\"article:modified_time\" content=\"2026-03-19T18:13:08+00:00\" \/>\n<meta property=\"og:image\" content=\"https:\/\/idakorea.ee\/wp-content\/uploads\/2024\/06\/mediheal-teatree-trouble-pad-_1_.png\" \/>\n\t<meta property=\"og:image:width\" content=\"1000\" \/>\n\t<meta property=\"og:image:height\" content=\"1000\" \/>\n\t<meta property=\"og:image:type\" content=\"image\/png\" \/>\n<meta name=\"twitter:card\" content=\"summary_large_image\" \/>\n<meta name=\"twitter:label1\" content=\"Est. reading time\" \/>\n\t<meta name=\"twitter:data1\" content=\"2 minutes\" \/>\n<script type=\"application\/ld+json\" class=\"yoast-schema-graph\">{\"@context\":\"https:\/\/schema.org\",\"@graph\":[{\"@type\":\"WebPage\",\"@id\":\"https:\/\/idakorea.ee\/product\/toonikpadjad-probleemsele-nahale-mediheal-teatree-trouble-pad-100tk\/\",\"url\":\"https:\/\/idakorea.ee\/product\/toonikpadjad-probleemsele-nahale-mediheal-teatree-trouble-pad-100tk\/\",\"name\":\"Mediheal Teatree Trouble Pad - IDA.KOREA\",\"isPartOf\":{\"@id\":\"https:\/\/idakorea.ee\/#website\"},\"primaryImageOfPage\":{\"@id\":\"https:\/\/idakorea.ee\/product\/toonikpadjad-probleemsele-nahale-mediheal-teatree-trouble-pad-100tk\/#primaryimage\"},\"image\":{\"@id\":\"https:\/\/idakorea.ee\/product\/toonikpadjad-probleemsele-nahale-mediheal-teatree-trouble-pad-100tk\/#primaryimage\"},\"thumbnailUrl\":\"https:\/\/idakorea.ee\/wp-content\/uploads\/2024\/06\/mediheal-teatree-trouble-pad-_1_.png\",\"datePublished\":\"2024-06-28T10:20:23+00:00\",\"dateModified\":\"2026-03-19T18:13:08+00:00\",\"description\":\"Mediheal Teatree Trouble Pad antibakteriaalsed toonikpadjad v\u00f5ib kasutada nii lokaalse maskina kui ka toonikuna, eemaldab mustuse j\u00e4\u00e4gid ja t\u00e4idab niiskuse puuduj\u00e4\u00e4gid p\u00e4rast pesemist.\",\"breadcrumb\":{\"@id\":\"https:\/\/idakorea.ee\/product\/toonikpadjad-probleemsele-nahale-mediheal-teatree-trouble-pad-100tk\/#breadcrumb\"},\"inLanguage\":\"en-US\",\"potentialAction\":[{\"@type\":\"ReadAction\",\"target\":[\"https:\/\/idakorea.ee\/product\/toonikpadjad-probleemsele-nahale-mediheal-teatree-trouble-pad-100tk\/\"]}]},{\"@type\":\"ImageObject\",\"inLanguage\":\"en-US\",\"@id\":\"https:\/\/idakorea.ee\/product\/toonikpadjad-probleemsele-nahale-mediheal-teatree-trouble-pad-100tk\/#primaryimage\",\"url\":\"https:\/\/idakorea.ee\/wp-content\/uploads\/2024\/06\/mediheal-teatree-trouble-pad-_1_.png\",\"contentUrl\":\"https:\/\/idakorea.ee\/wp-content\/uploads\/2024\/06\/mediheal-teatree-trouble-pad-_1_.png\",\"width\":1000,\"height\":1000},{\"@type\":\"BreadcrumbList\",\"@id\":\"https:\/\/idakorea.ee\/product\/toonikpadjad-probleemsele-nahale-mediheal-teatree-trouble-pad-100tk\/#breadcrumb\",\"itemListElement\":[{\"@type\":\"ListItem\",\"position\":1,\"name\":\"\u0413\u043b\u0430\u0432\u043d\u0430\u044f \u0441\u0442\u0440\u0430\u043d\u0438\u0446\u0430\",\"item\":\"https:\/\/idakorea.ee\/\"},{\"@type\":\"ListItem\",\"position\":2,\"name\":\"Shop\",\"item\":\"https:\/\/idakorea.ee\/shop-2\/\"},{\"@type\":\"ListItem\",\"position\":3,\"name\":\"Toonikpadjad probleemsele nahale Mediheal Teatree Trouble Pad, 100tk\"}]},{\"@type\":\"WebSite\",\"@id\":\"https:\/\/idakorea.ee\/#website\",\"url\":\"https:\/\/idakorea.ee\/\",\"name\":\"IDA.KOREA\",\"description\":\"Korea kosmeetika e-pood\",\"publisher\":{\"@id\":\"https:\/\/idakorea.ee\/#organization\"},\"alternateName\":\"Beauty Shop\",\"potentialAction\":[{\"@type\":\"SearchAction\",\"target\":{\"@type\":\"EntryPoint\",\"urlTemplate\":\"https:\/\/idakorea.ee\/?s={search_term_string}\"},\"query-input\":{\"@type\":\"PropertyValueSpecification\",\"valueRequired\":true,\"valueName\":\"search_term_string\"}}],\"inLanguage\":\"en-US\"},{\"@type\":\"Organization\",\"@id\":\"https:\/\/idakorea.ee\/#organization\",\"name\":\"IDA.KOREA\",\"url\":\"https:\/\/idakorea.ee\/\",\"logo\":{\"@type\":\"ImageObject\",\"inLanguage\":\"en-US\",\"@id\":\"https:\/\/idakorea.ee\/#\/schema\/logo\/image\/\",\"url\":\"https:\/\/idakorea.ee\/wp-content\/uploads\/2024\/05\/cropped-korea3.png\",\"contentUrl\":\"https:\/\/idakorea.ee\/wp-content\/uploads\/2024\/05\/cropped-korea3.png\",\"width\":688,\"height\":126,\"caption\":\"IDA.KOREA\"},\"image\":{\"@id\":\"https:\/\/idakorea.ee\/#\/schema\/logo\/image\/\"},\"sameAs\":[\"https:\/\/www.instagram.com\/ida.korea\/\"]}]}<\/script>\n<!-- \/ Yoast SEO plugin. -->","yoast_head_json":{"title":"Mediheal Teatree Trouble Pad - IDA.KOREA","description":"Mediheal Teatree Trouble Pad antibacterial tonic pads can be used as both a topical mask and a toner, removing dirt residue and replenishing moisture after washing.","robots":{"index":"index","follow":"follow","max-snippet":"max-snippet:-1","max-image-preview":"max-image-preview:large","max-video-preview":"max-video-preview:-1"},"canonical":"https:\/\/idakorea.ee\/en\/product\/toonikpadjad-probleemsele-nahale-mediheal-teatree-trouble-pad-100tk\/","og_locale":"en_US","og_type":"article","og_title":"Mediheal Teatree Trouble Pad - IDA.KOREA","og_description":"Mediheal Teatree Trouble Pad antibakteriaalsed toonikpadjad v\u00f5ib kasutada nii lokaalse maskina kui ka toonikuna, eemaldab mustuse j\u00e4\u00e4gid ja t\u00e4idab niiskuse puuduj\u00e4\u00e4gid p\u00e4rast pesemist.","og_url":"https:\/\/idakorea.ee\/en\/product\/toonikpadjad-probleemsele-nahale-mediheal-teatree-trouble-pad-100tk\/","og_site_name":"IDA.KOREA","article_modified_time":"2026-03-19T18:13:08+00:00","og_image":[{"width":1000,"height":1000,"url":"https:\/\/idakorea.ee\/wp-content\/uploads\/2024\/06\/mediheal-teatree-trouble-pad-_1_.png","type":"image\/png"}],"twitter_card":"summary_large_image","twitter_misc":{"Est. reading time":"2 minutes"},"schema":{"@context":"https:\/\/schema.org","@graph":[{"@type":"WebPage","@id":"https:\/\/idakorea.ee\/product\/toonikpadjad-probleemsele-nahale-mediheal-teatree-trouble-pad-100tk\/","url":"https:\/\/idakorea.ee\/product\/toonikpadjad-probleemsele-nahale-mediheal-teatree-trouble-pad-100tk\/","name":"Mediheal Teatree Trouble Pad - IDA.KOREA","isPartOf":{"@id":"https:\/\/idakorea.ee\/#website"},"primaryImageOfPage":{"@id":"https:\/\/idakorea.ee\/product\/toonikpadjad-probleemsele-nahale-mediheal-teatree-trouble-pad-100tk\/#primaryimage"},"image":{"@id":"https:\/\/idakorea.ee\/product\/toonikpadjad-probleemsele-nahale-mediheal-teatree-trouble-pad-100tk\/#primaryimage"},"thumbnailUrl":"https:\/\/idakorea.ee\/wp-content\/uploads\/2024\/06\/mediheal-teatree-trouble-pad-_1_.png","datePublished":"2024-06-28T10:20:23+00:00","dateModified":"2026-03-19T18:13:08+00:00","description":"Mediheal Teatree Trouble Pad antibacterial tonic pads can be used as both a topical mask and a toner, removing dirt residue and replenishing moisture after washing.","breadcrumb":{"@id":"https:\/\/idakorea.ee\/product\/toonikpadjad-probleemsele-nahale-mediheal-teatree-trouble-pad-100tk\/#breadcrumb"},"inLanguage":"en-US","potentialAction":[{"@type":"ReadAction","target":["https:\/\/idakorea.ee\/product\/toonikpadjad-probleemsele-nahale-mediheal-teatree-trouble-pad-100tk\/"]}]},{"@type":"ImageObject","inLanguage":"en-US","@id":"https:\/\/idakorea.ee\/product\/toonikpadjad-probleemsele-nahale-mediheal-teatree-trouble-pad-100tk\/#primaryimage","url":"https:\/\/idakorea.ee\/wp-content\/uploads\/2024\/06\/mediheal-teatree-trouble-pad-_1_.png","contentUrl":"https:\/\/idakorea.ee\/wp-content\/uploads\/2024\/06\/mediheal-teatree-trouble-pad-_1_.png","width":1000,"height":1000},{"@type":"BreadcrumbList","@id":"https:\/\/idakorea.ee\/product\/toonikpadjad-probleemsele-nahale-mediheal-teatree-trouble-pad-100tk\/#breadcrumb","itemListElement":[{"@type":"ListItem","position":1,"name":"\u0413\u043b\u0430\u0432\u043d\u0430\u044f \u0441\u0442\u0440\u0430\u043d\u0438\u0446\u0430","item":"https:\/\/idakorea.ee\/"},{"@type":"ListItem","position":2,"name":"Shop","item":"https:\/\/idakorea.ee\/shop-2\/"},{"@type":"ListItem","position":3,"name":"Toonikpadjad probleemsele nahale Mediheal Teatree Trouble Pad, 100tk"}]},{"@type":"WebSite","@id":"https:\/\/idakorea.ee\/#website","url":"https:\/\/idakorea.ee\/","name":"IDA.KOREA","description":"Korean cosmetics e-shop","publisher":{"@id":"https:\/\/idakorea.ee\/#organization"},"alternateName":"Beauty Shop","potentialAction":[{"@type":"SearchAction","target":{"@type":"EntryPoint","urlTemplate":"https:\/\/idakorea.ee\/?s={search_term_string}"},"query-input":{"@type":"PropertyValueSpecification","valueRequired":true,"valueName":"search_term_string"}}],"inLanguage":"en-US"},{"@type":"Organization","@id":"https:\/\/idakorea.ee\/#organization","name":"IDA.KOREA","url":"https:\/\/idakorea.ee\/","logo":{"@type":"ImageObject","inLanguage":"en-US","@id":"https:\/\/idakorea.ee\/#\/schema\/logo\/image\/","url":"https:\/\/idakorea.ee\/wp-content\/uploads\/2024\/05\/cropped-korea3.png","contentUrl":"https:\/\/idakorea.ee\/wp-content\/uploads\/2024\/05\/cropped-korea3.png","width":688,"height":126,"caption":"IDA.KOREA"},"image":{"@id":"https:\/\/idakorea.ee\/#\/schema\/logo\/image\/"},"sameAs":["https:\/\/www.instagram.com\/ida.korea\/"]}]}},"jetpack_sharing_enabled":true,"brands":[{"id":446,"name":"MEDIHEAL","slug":"mediheal"}],"_links":{"self":[{"href":"https:\/\/idakorea.ee\/en\/wp-json\/wp\/v2\/product\/8903","targetHints":{"allow":["GET"]}}],"collection":[{"href":"https:\/\/idakorea.ee\/en\/wp-json\/wp\/v2\/product"}],"about":[{"href":"https:\/\/idakorea.ee\/en\/wp-json\/wp\/v2\/types\/product"}],"replies":[{"embeddable":true,"href":"https:\/\/idakorea.ee\/en\/wp-json\/wp\/v2\/comments?post=8903"}],"version-history":[{"count":3,"href":"https:\/\/idakorea.ee\/en\/wp-json\/wp\/v2\/product\/8903\/revisions"}],"predecessor-version":[{"id":17122,"href":"https:\/\/idakorea.ee\/en\/wp-json\/wp\/v2\/product\/8903\/revisions\/17122"}],"wp:featuredmedia":[{"embeddable":true,"href":"https:\/\/idakorea.ee\/en\/wp-json\/wp\/v2\/media\/8904"}],"wp:attachment":[{"href":"https:\/\/idakorea.ee\/en\/wp-json\/wp\/v2\/media?parent=8903"}],"wp:term":[{"taxonomy":"pwb-brand","embeddable":true,"href":"https:\/\/idakorea.ee\/en\/wp-json\/wp\/v2\/pwb-brand?post=8903"},{"taxonomy":"product_brand","embeddable":true,"href":"https:\/\/idakorea.ee\/en\/wp-json\/wp\/v2\/product_brand?post=8903"},{"taxonomy":"product_cat","embeddable":true,"href":"https:\/\/idakorea.ee\/en\/wp-json\/wp\/v2\/product_cat?post=8903"},{"taxonomy":"product_tag","embeddable":true,"href":"https:\/\/idakorea.ee\/en\/wp-json\/wp\/v2\/product_tag?post=8903"}],"curies":[{"name":"wp","href":"https:\/\/api.w.org\/{rel}","templated":true}]}}