{"id":8915,"date":"2024-06-28T11:46:36","date_gmt":"2024-06-28T11:46:36","guid":{"rendered":"https:\/\/idakorea.ee\/?post_type=product&#038;p=8915"},"modified":"2026-03-19T20:13:24","modified_gmt":"2026-03-19T18:13:24","slug":"helendavad-toonikpadjad-mediheal-vitamide-brightening-pad-100tk","status":"publish","type":"product","link":"https:\/\/idakorea.ee\/en\/product\/helendavad-toonikpadjad-mediheal-vitamide-brightening-pad-100tk\/","title":{"rendered":"Mediheal Vitamide Brightening Pad, 100tk"},"content":{"rendered":"<div class=\"flex flex-grow flex-col max-w-full\">\n<div class=\"min-h-[20px] text-message flex flex-col items-start whitespace-pre-wrap break-words [.text-message+&amp;]:mt-5 juice:w-full juice:items-end overflow-x-auto gap-2\" dir=\"auto\" data-message-author-role=\"assistant\" data-message-id=\"56858fb9-a243-4ebc-9a6b-59df0a327ec7\">\n<div class=\"flex w-full flex-col gap-1 juice:empty:hidden juice:first:pt-[3px]\">\n<div class=\"markdown prose w-full break-words dark:prose-invert light\">\n<p><strong>Mediheal Vitamide Brightening Pad<\/strong> helendavad toonivad padjad v\u00f5itlevad tuhmuse vastu, siluvad nahatooni, heledavad pigmentatsiooni ja annavad loomuliku s\u00e4ra. Need aitavad v\u00e4hendada tedret\u00e4hne, punetust, aknej\u00e4rgseid j\u00e4lgi ja p\u00e4ikese k\u00e4es tekkinud pigmentatsioonilaikusid.<\/p>\n<p>Puhastavad ja pakuvad antioks\u00fcdantset kaitset, aeglustades vananemisprotsessi. Niisutavad ja pehmendavad nahka, valmistavad selle ette j\u00e4rgmiste toodete kasutamiseks. Valemi loomisel kasutatakse liposomaalset tehnoloogiat, mis tagab toimeainete s\u00fcgava tungimise epidermisesse.<\/p>\n<p>Padjakesed on valmistatud puuvillast, neil on ruudukujuline kuju, mis venib h\u00e4sti ja v\u00f5imaldab neid kasutada suurtel nahapiirkondadel: otsmikul, p\u00f5skedel, silmade \u00fcmbruses. Need ei p\u00f5hjusta \u00e4rritust. Tootele on lisatud pintsetid, et h\u00fcgieeniliselt vahendeid kasutada.<\/p>\n<p>Padjakestes on 3% niatsinamiidi ehk B3-vitamiini, mitmek\u00fclgset aktiivainet, mis ennetab pigmentatsioonilaikude teket, reguleerib rasun\u00e4\u00e4rmete t\u00f6\u00f6d, tugevdab h\u00fcdrolipiidset kaitsemantlit ja stimuleerib kollageeni s\u00fcnteesi.<\/p>\n<p><strong>Peamised toimeained:<\/strong><\/p>\n<ul>\n<li>A-vitamiin (retinool), mis nahale sattudes muundub retinoidideks ja seej\u00e4rel retinoehappeks. Omab anti-vananemisefekti, ahendab poore, silub kortse, reguleerib sebumi tootmist.<\/li>\n<li>B1-vitamiin (tiamiin), mis konditsioneerib nahka ja pakub antioks\u00fcdantset kaitset.<\/li>\n<li>B6-vitamiin (p\u00fcridoksiinvesinikkloriid), mis omab antioks\u00fcdantset toimet, leevendab p\u00f5letikku, kaitseb v\u00e4liskeskkonna agressiivse m\u00f5ju eest, k\u00e4ivitab regeneratsiooniprotsesse, leevendab s\u00fcgelust, k\u00f5rvaldab kuivuse ja ketenduse.<\/li>\n<li>B8-vitamiin (riboflaviin), mis reguleerib veresoonte seinte ainevahetusprotsesse.<\/li>\n<li>C-vitamiin (naatriumaskorb\u00fc\u00fclfosfaat), millel on v\u00f5imas antioks\u00fcdantne toime, s\u00e4ilitab naha elastsuse ja nooruslikkuse, v\u00f5itleb t\u00f5husalt tumedate ringide ja soovimatu pigmentatsiooniga.<\/li>\n<li>E-vitamiin (tokoferool), mis v\u00f5itleb vabade radikaalide poolt p\u00f5hjustatud rakkude h\u00e4vimise vastu, takistab kortsude teket, s\u00e4ilitab naha elastsuse ja sileduse.<\/li>\n<li>K-vitamiin (menadioon), mis tugevdab veresoonte seinu ja ennetab kuperoosi, stimuleerib uuendusprotsesse ja pikendab naha noorust.<\/li>\n<\/ul>\n<p><strong>Lisatoimeained:<\/strong><\/p>\n<ul>\n<li>Astelpaju vesi, mis rahustab \u00e4rritust, leevendab p\u00f5letikku, aitab v\u00f5idelda kuivuse ja ketenduse vastu, tugevdab epidermise lipiidbarj\u00e4\u00e4ri ja kaitseb negatiivse keskkonnam\u00f5ju eest.<\/li>\n<li>Tregaloos, mis niisutab s\u00fcgavalt, aeglustab vananemisilminguid, omab antioks\u00fcdantset efekti.<\/li>\n<li>Beetaiin, mis annab nahale sileduse ja pehmuse, s\u00e4ilitab pikalt niiskuse, kaitseb rakumembraane, leevendab \u00e4rritust.<\/li>\n<li>Allantoiin, antioks\u00fcdant, mis aeglustab rakkude vananemist, v\u00e4hendab reaktiivsust, stimuleerib regeneratsiooni.<\/li>\n<\/ul>\n<p>Sobib k\u00f5igile nahat\u00fc\u00fcpidele.<\/p>\n<p><strong>Kasutusjuhend:<\/strong> P\u00e4rast pesemist p\u00fchkige \u00f5rnalt n\u00e4gu padjakestega v\u00f5i j\u00e4tke need 10-15 minutiks nahale, seej\u00e4rel eemaldage ja patsutage \u00f5rnalt s\u00f5rmeotstega, et \u00fclej\u00e4\u00e4nud essents imenduks nahka.<\/p>\n<\/div>\n<\/div>\n<\/div>\n<\/div>\n","protected":false},"excerpt":{"rendered":"<p>Mediheal Vitamide Brightening Pad brightening toning pads combat dullness, smooth skin tone, brighten pigmentation and give a natural glow. They help to reduce dark circles, redness, post-acne marks and sun-induced pigmentation spots. Purify and provide antioxidant protection, slowing down the ageing process. Moisturise and soften the skin, preparing it for the following products. The formula is formulated using liposomal technology, which ensures that the active ingredients...<\/p>","protected":false},"featured_media":8916,"comment_status":"open","ping_status":"closed","template":"","meta":{"_uf_show_specific_survey":0,"_uf_disable_surveys":false,"_bst_post_transparent":"default","_bst_post_title":"","_bst_post_layout":"default","_bst_post_sidebar_id":"","_bst_post_content_style":"default","_bst_post_vertical_padding":"default","_bst_post_feature":"","_bst_post_feature_position":"","_bst_post_header":false,"_bst_post_footer":false},"pwb-brand":[446],"product_brand":[],"product_cat":[92,158],"product_tag":[233,202,447],"class_list":{"0":"post-8915","1":"product","2":"type-product","3":"status-publish","4":"has-post-thumbnail","6":"pwb-brand-mediheal","7":"product_cat-nagu","8":"product_cat-toonik","9":"product_tag-internet-pood-eesti","10":"product_tag-korea-kosmeetika","11":"product_tag-mediheal","13":"first","14":"instock","15":"sale","16":"shipping-taxable","17":"purchasable","18":"product-type-simple","19":"entry","20":"content-bg","21":"loop-entry"},"supplier_id":null,"supplier_sku":"","barcode":null,"atum_controlled":true,"out_stock_date":null,"out_stock_threshold":null,"inheritable":false,"inbound_stock":0,"stock_on_hold":0,"sold_today":0,"sales_last_days":0,"out_stock_days":0,"lost_sales":0,"has_location":false,"update_date":"2026-04-14T00:05:10","atum_locations":[],"atum_stock_status":"instock","restock_status":false,"low_stock_amount":"","sales_update_date":"2026-04-14T00:05:10","calc_backorders":null,"yoast_head":"<!-- This site is optimized with the Yoast SEO plugin v27.2 - https:\/\/yoast.com\/product\/yoast-seo-wordpress\/ -->\n<title>Mediheal Vitamide Brightening Pad, 100tk - IDA.KOREA<\/title>\n<meta name=\"description\" content=\"Mediheal Vitamide Brightening Pad helendavad toonivad padjad v\u00f5itlevad tuhmuse vastu, siluvad nahatooni, heledavad pigmentatsiooni ja annavad s\u00e4ra.\" \/>\n<meta name=\"robots\" content=\"index, follow, max-snippet:-1, max-image-preview:large, max-video-preview:-1\" \/>\n<link rel=\"canonical\" href=\"https:\/\/idakorea.ee\/en\/product\/helendavad-toonikpadjad-mediheal-vitamide-brightening-pad-100tk\/\" \/>\n<meta property=\"og:locale\" content=\"en_US\" \/>\n<meta property=\"og:type\" content=\"article\" \/>\n<meta property=\"og:title\" content=\"Mediheal Vitamide Brightening Pad, 100tk - IDA.KOREA\" \/>\n<meta property=\"og:description\" content=\"Mediheal Vitamide Brightening Pad helendavad toonivad padjad v\u00f5itlevad tuhmuse vastu, siluvad nahatooni, heledavad pigmentatsiooni ja annavad s\u00e4ra.\" \/>\n<meta property=\"og:url\" content=\"https:\/\/idakorea.ee\/en\/product\/helendavad-toonikpadjad-mediheal-vitamide-brightening-pad-100tk\/\" \/>\n<meta property=\"og:site_name\" content=\"IDA.KOREA\" \/>\n<meta property=\"article:modified_time\" content=\"2026-03-19T18:13:24+00:00\" \/>\n<meta property=\"og:image\" content=\"https:\/\/idakorea.ee\/wp-content\/uploads\/2024\/06\/mediheal-vitamide-brightening-pad-1.jpg\" \/>\n\t<meta property=\"og:image:width\" content=\"1000\" \/>\n\t<meta property=\"og:image:height\" content=\"1000\" \/>\n\t<meta property=\"og:image:type\" content=\"image\/jpeg\" \/>\n<meta name=\"twitter:card\" content=\"summary_large_image\" \/>\n<meta name=\"twitter:label1\" content=\"Est. reading time\" \/>\n\t<meta name=\"twitter:data1\" content=\"2 minutes\" \/>\n<script type=\"application\/ld+json\" class=\"yoast-schema-graph\">{\"@context\":\"https:\/\/schema.org\",\"@graph\":[{\"@type\":\"WebPage\",\"@id\":\"https:\/\/idakorea.ee\/product\/helendavad-toonikpadjad-mediheal-vitamide-brightening-pad-100tk\/\",\"url\":\"https:\/\/idakorea.ee\/product\/helendavad-toonikpadjad-mediheal-vitamide-brightening-pad-100tk\/\",\"name\":\"Mediheal Vitamide Brightening Pad, 100tk - IDA.KOREA\",\"isPartOf\":{\"@id\":\"https:\/\/idakorea.ee\/#website\"},\"primaryImageOfPage\":{\"@id\":\"https:\/\/idakorea.ee\/product\/helendavad-toonikpadjad-mediheal-vitamide-brightening-pad-100tk\/#primaryimage\"},\"image\":{\"@id\":\"https:\/\/idakorea.ee\/product\/helendavad-toonikpadjad-mediheal-vitamide-brightening-pad-100tk\/#primaryimage\"},\"thumbnailUrl\":\"https:\/\/idakorea.ee\/wp-content\/uploads\/2024\/06\/mediheal-vitamide-brightening-pad-1.jpg\",\"datePublished\":\"2024-06-28T11:46:36+00:00\",\"dateModified\":\"2026-03-19T18:13:24+00:00\",\"description\":\"Mediheal Vitamide Brightening Pad helendavad toonivad padjad v\u00f5itlevad tuhmuse vastu, siluvad nahatooni, heledavad pigmentatsiooni ja annavad s\u00e4ra.\",\"breadcrumb\":{\"@id\":\"https:\/\/idakorea.ee\/product\/helendavad-toonikpadjad-mediheal-vitamide-brightening-pad-100tk\/#breadcrumb\"},\"inLanguage\":\"en-US\",\"potentialAction\":[{\"@type\":\"ReadAction\",\"target\":[\"https:\/\/idakorea.ee\/product\/helendavad-toonikpadjad-mediheal-vitamide-brightening-pad-100tk\/\"]}]},{\"@type\":\"ImageObject\",\"inLanguage\":\"en-US\",\"@id\":\"https:\/\/idakorea.ee\/product\/helendavad-toonikpadjad-mediheal-vitamide-brightening-pad-100tk\/#primaryimage\",\"url\":\"https:\/\/idakorea.ee\/wp-content\/uploads\/2024\/06\/mediheal-vitamide-brightening-pad-1.jpg\",\"contentUrl\":\"https:\/\/idakorea.ee\/wp-content\/uploads\/2024\/06\/mediheal-vitamide-brightening-pad-1.jpg\",\"width\":1000,\"height\":1000},{\"@type\":\"BreadcrumbList\",\"@id\":\"https:\/\/idakorea.ee\/product\/helendavad-toonikpadjad-mediheal-vitamide-brightening-pad-100tk\/#breadcrumb\",\"itemListElement\":[{\"@type\":\"ListItem\",\"position\":1,\"name\":\"\u0413\u043b\u0430\u0432\u043d\u0430\u044f \u0441\u0442\u0440\u0430\u043d\u0438\u0446\u0430\",\"item\":\"https:\/\/idakorea.ee\/\"},{\"@type\":\"ListItem\",\"position\":2,\"name\":\"Shop\",\"item\":\"https:\/\/idakorea.ee\/shop-2\/\"},{\"@type\":\"ListItem\",\"position\":3,\"name\":\"Helendavad toonikpadjad Mediheal Vitamide Brightening Pad, 100tk\"}]},{\"@type\":\"WebSite\",\"@id\":\"https:\/\/idakorea.ee\/#website\",\"url\":\"https:\/\/idakorea.ee\/\",\"name\":\"IDA.KOREA\",\"description\":\"Korea kosmeetika e-pood\",\"publisher\":{\"@id\":\"https:\/\/idakorea.ee\/#organization\"},\"alternateName\":\"Beauty Shop\",\"potentialAction\":[{\"@type\":\"SearchAction\",\"target\":{\"@type\":\"EntryPoint\",\"urlTemplate\":\"https:\/\/idakorea.ee\/?s={search_term_string}\"},\"query-input\":{\"@type\":\"PropertyValueSpecification\",\"valueRequired\":true,\"valueName\":\"search_term_string\"}}],\"inLanguage\":\"en-US\"},{\"@type\":\"Organization\",\"@id\":\"https:\/\/idakorea.ee\/#organization\",\"name\":\"IDA.KOREA\",\"url\":\"https:\/\/idakorea.ee\/\",\"logo\":{\"@type\":\"ImageObject\",\"inLanguage\":\"en-US\",\"@id\":\"https:\/\/idakorea.ee\/#\/schema\/logo\/image\/\",\"url\":\"https:\/\/idakorea.ee\/wp-content\/uploads\/2024\/05\/cropped-korea3.png\",\"contentUrl\":\"https:\/\/idakorea.ee\/wp-content\/uploads\/2024\/05\/cropped-korea3.png\",\"width\":688,\"height\":126,\"caption\":\"IDA.KOREA\"},\"image\":{\"@id\":\"https:\/\/idakorea.ee\/#\/schema\/logo\/image\/\"},\"sameAs\":[\"https:\/\/www.instagram.com\/ida.korea\/\"]}]}<\/script>\n<!-- \/ Yoast SEO plugin. -->","yoast_head_json":{"title":"Mediheal Vitamide Brightening Pad, 100pcs - IDA.KOREA","description":"Mediheal Vitamide Brightening Pads fight dullness, even out skin tone, lighten pigmentation, and add radiance.","robots":{"index":"index","follow":"follow","max-snippet":"max-snippet:-1","max-image-preview":"max-image-preview:large","max-video-preview":"max-video-preview:-1"},"canonical":"https:\/\/idakorea.ee\/en\/product\/helendavad-toonikpadjad-mediheal-vitamide-brightening-pad-100tk\/","og_locale":"en_US","og_type":"article","og_title":"Mediheal Vitamide Brightening Pad, 100tk - IDA.KOREA","og_description":"Mediheal Vitamide Brightening Pad helendavad toonivad padjad v\u00f5itlevad tuhmuse vastu, siluvad nahatooni, heledavad pigmentatsiooni ja annavad s\u00e4ra.","og_url":"https:\/\/idakorea.ee\/en\/product\/helendavad-toonikpadjad-mediheal-vitamide-brightening-pad-100tk\/","og_site_name":"IDA.KOREA","article_modified_time":"2026-03-19T18:13:24+00:00","og_image":[{"width":1000,"height":1000,"url":"https:\/\/idakorea.ee\/wp-content\/uploads\/2024\/06\/mediheal-vitamide-brightening-pad-1.jpg","type":"image\/jpeg"}],"twitter_card":"summary_large_image","twitter_misc":{"Est. reading time":"2 minutes"},"schema":{"@context":"https:\/\/schema.org","@graph":[{"@type":"WebPage","@id":"https:\/\/idakorea.ee\/product\/helendavad-toonikpadjad-mediheal-vitamide-brightening-pad-100tk\/","url":"https:\/\/idakorea.ee\/product\/helendavad-toonikpadjad-mediheal-vitamide-brightening-pad-100tk\/","name":"Mediheal Vitamide Brightening Pad, 100pcs - IDA.KOREA","isPartOf":{"@id":"https:\/\/idakorea.ee\/#website"},"primaryImageOfPage":{"@id":"https:\/\/idakorea.ee\/product\/helendavad-toonikpadjad-mediheal-vitamide-brightening-pad-100tk\/#primaryimage"},"image":{"@id":"https:\/\/idakorea.ee\/product\/helendavad-toonikpadjad-mediheal-vitamide-brightening-pad-100tk\/#primaryimage"},"thumbnailUrl":"https:\/\/idakorea.ee\/wp-content\/uploads\/2024\/06\/mediheal-vitamide-brightening-pad-1.jpg","datePublished":"2024-06-28T11:46:36+00:00","dateModified":"2026-03-19T18:13:24+00:00","description":"Mediheal Vitamide Brightening Pads fight dullness, even out skin tone, lighten pigmentation, and add radiance.","breadcrumb":{"@id":"https:\/\/idakorea.ee\/product\/helendavad-toonikpadjad-mediheal-vitamide-brightening-pad-100tk\/#breadcrumb"},"inLanguage":"en-US","potentialAction":[{"@type":"ReadAction","target":["https:\/\/idakorea.ee\/product\/helendavad-toonikpadjad-mediheal-vitamide-brightening-pad-100tk\/"]}]},{"@type":"ImageObject","inLanguage":"en-US","@id":"https:\/\/idakorea.ee\/product\/helendavad-toonikpadjad-mediheal-vitamide-brightening-pad-100tk\/#primaryimage","url":"https:\/\/idakorea.ee\/wp-content\/uploads\/2024\/06\/mediheal-vitamide-brightening-pad-1.jpg","contentUrl":"https:\/\/idakorea.ee\/wp-content\/uploads\/2024\/06\/mediheal-vitamide-brightening-pad-1.jpg","width":1000,"height":1000},{"@type":"BreadcrumbList","@id":"https:\/\/idakorea.ee\/product\/helendavad-toonikpadjad-mediheal-vitamide-brightening-pad-100tk\/#breadcrumb","itemListElement":[{"@type":"ListItem","position":1,"name":"\u0413\u043b\u0430\u0432\u043d\u0430\u044f \u0441\u0442\u0440\u0430\u043d\u0438\u0446\u0430","item":"https:\/\/idakorea.ee\/"},{"@type":"ListItem","position":2,"name":"Shop","item":"https:\/\/idakorea.ee\/shop-2\/"},{"@type":"ListItem","position":3,"name":"Helendavad toonikpadjad Mediheal Vitamide Brightening Pad, 100tk"}]},{"@type":"WebSite","@id":"https:\/\/idakorea.ee\/#website","url":"https:\/\/idakorea.ee\/","name":"IDA.KOREA","description":"Korean cosmetics e-shop","publisher":{"@id":"https:\/\/idakorea.ee\/#organization"},"alternateName":"Beauty Shop","potentialAction":[{"@type":"SearchAction","target":{"@type":"EntryPoint","urlTemplate":"https:\/\/idakorea.ee\/?s={search_term_string}"},"query-input":{"@type":"PropertyValueSpecification","valueRequired":true,"valueName":"search_term_string"}}],"inLanguage":"en-US"},{"@type":"Organization","@id":"https:\/\/idakorea.ee\/#organization","name":"IDA.KOREA","url":"https:\/\/idakorea.ee\/","logo":{"@type":"ImageObject","inLanguage":"en-US","@id":"https:\/\/idakorea.ee\/#\/schema\/logo\/image\/","url":"https:\/\/idakorea.ee\/wp-content\/uploads\/2024\/05\/cropped-korea3.png","contentUrl":"https:\/\/idakorea.ee\/wp-content\/uploads\/2024\/05\/cropped-korea3.png","width":688,"height":126,"caption":"IDA.KOREA"},"image":{"@id":"https:\/\/idakorea.ee\/#\/schema\/logo\/image\/"},"sameAs":["https:\/\/www.instagram.com\/ida.korea\/"]}]}},"jetpack_sharing_enabled":true,"brands":[{"id":446,"name":"MEDIHEAL","slug":"mediheal"}],"_links":{"self":[{"href":"https:\/\/idakorea.ee\/en\/wp-json\/wp\/v2\/product\/8915","targetHints":{"allow":["GET"]}}],"collection":[{"href":"https:\/\/idakorea.ee\/en\/wp-json\/wp\/v2\/product"}],"about":[{"href":"https:\/\/idakorea.ee\/en\/wp-json\/wp\/v2\/types\/product"}],"replies":[{"embeddable":true,"href":"https:\/\/idakorea.ee\/en\/wp-json\/wp\/v2\/comments?post=8915"}],"version-history":[{"count":2,"href":"https:\/\/idakorea.ee\/en\/wp-json\/wp\/v2\/product\/8915\/revisions"}],"predecessor-version":[{"id":10251,"href":"https:\/\/idakorea.ee\/en\/wp-json\/wp\/v2\/product\/8915\/revisions\/10251"}],"wp:featuredmedia":[{"embeddable":true,"href":"https:\/\/idakorea.ee\/en\/wp-json\/wp\/v2\/media\/8916"}],"wp:attachment":[{"href":"https:\/\/idakorea.ee\/en\/wp-json\/wp\/v2\/media?parent=8915"}],"wp:term":[{"taxonomy":"pwb-brand","embeddable":true,"href":"https:\/\/idakorea.ee\/en\/wp-json\/wp\/v2\/pwb-brand?post=8915"},{"taxonomy":"product_brand","embeddable":true,"href":"https:\/\/idakorea.ee\/en\/wp-json\/wp\/v2\/product_brand?post=8915"},{"taxonomy":"product_cat","embeddable":true,"href":"https:\/\/idakorea.ee\/en\/wp-json\/wp\/v2\/product_cat?post=8915"},{"taxonomy":"product_tag","embeddable":true,"href":"https:\/\/idakorea.ee\/en\/wp-json\/wp\/v2\/product_tag?post=8915"}],"curies":[{"name":"wp","href":"https:\/\/api.w.org\/{rel}","templated":true}]}}