{"id":9080,"date":"2024-07-03T06:00:20","date_gmt":"2024-07-03T06:00:20","guid":{"rendered":"https:\/\/idakorea.ee\/?post_type=product&#038;p=9080"},"modified":"2026-04-14T11:14:06","modified_gmt":"2026-04-14T09:14:06","slug":"tugevdatud-essents-pigmentatsiooni-ja-postakne-vastu-manyo-galac-niacin-2-0-essence","status":"publish","type":"product","link":"https:\/\/idakorea.ee\/en\/product\/tugevdatud-essents-pigmentatsiooni-ja-postakne-vastu-manyo-galac-niacin-2-0-essence\/","title":{"rendered":"Manyo Galac Niacin 2.0 Essence"},"content":{"rendered":"<p>Fortified essence against pigmentation and post acne <strong>Manyo Galac Niacin 2.0 Essence<\/strong> contains a complex of powerful active ingredients (yeast filtrate and niacinamide) that remove pigmentation and post-acne, even out the overall complexion and improve skin tone. The ampoule regulates oil secretion, helps to tighten pores and smoothes the skin's micro-texture.<\/p>\n<p>The product actively combats unwanted pigmentation, lightens pigmentation and post acne, removes redness and dullness, evens complexion and improves skin tone. Deeply moisturises and nourishes cells, speeds up the metabolic processes, leaving skin soft and velvety.<\/p>\n<p><strong>Main active ingredients:<\/strong><\/p>\n<ul>\n<li><strong>Galactomyces (93,69%)<\/strong> - yeast filtrate has the ability to break down nutrients and increase their absorption by skin cells. It therefore restores cellular integrity, improves blood circulation, speeds up metabolic processes, purifies the skin, harmonises the micro-circulation, improves skin tone, reduces inflammation and improves skin colour.<\/li>\n<li><strong>Niacinamide (4%)<\/strong> - promotes collagen synthesis and improves the skin's protective functions, helps reduce transepidermal water loss and remove pigmentation, moisturises, tightens pores, soothes and brightens.<\/li>\n<li><strong>Pantenol<\/strong> - has healing, moisturising and restorative properties.<\/li>\n<li><strong>Wormwood extract<\/strong> - toning and antioxidant action. It narrows the pores and reduces the secretion of the sebaceous glands.<\/li>\n<li><strong>Indian chrysanthemum extract<\/strong> - a natural antioxidant that soothes and reduces inflammation. Contains high levels of beneficial vitamins that help fight ageing, improve circulation and smooth and improve skin texture.<\/li>\n<li><strong>Glutathione<\/strong> - is a powerful antioxidant. It has a brightening effect, removes unwanted pigmentation and is anti-ageing.<\/li>\n<\/ul>\n<p>Suitable for all skin types.<\/p>\n<p><strong>User manual:<\/strong> After cleansing and toning, apply a few drops of the serum to the face and gently spread. After the serum, apply a moisturising cream suitable for your skin type.<\/p>","protected":false},"excerpt":{"rendered":"<p>Fortified Essence against pigmentation and post acne Manyo Galac Niacin 2.0 Essence contains a complex of powerful active ingredients (yeast filtrate and niacinamide) that remove pigmentation and post acne, even out overall complexion and improve skin tone. The ampoule regulates oil production, helps tighten pores and smoothes the skin's micro-texture. The product actively combats unwanted pigmentation, lightens pigmentation spots and post acne, removes redness and dullness, smoothes the...<\/p>","protected":false},"featured_media":9086,"comment_status":"open","ping_status":"closed","template":"","meta":{"_uf_show_specific_survey":0,"_uf_disable_surveys":false,"_bst_post_transparent":"default","_bst_post_title":"","_bst_post_layout":"default","_bst_post_sidebar_id":"","_bst_post_content_style":"default","_bst_post_vertical_padding":"default","_bst_post_feature":"","_bst_post_feature_position":"","_bst_post_header":false,"_bst_post_footer":false},"pwb-brand":[448],"product_brand":[],"product_cat":[92,97],"product_tag":[233,377,202,450,230],"class_list":{"0":"post-9080","1":"product","2":"type-product","3":"status-publish","4":"has-post-thumbnail","6":"pwb-brand-manyo","7":"product_cat-nagu","8":"product_cat-naoseerumid-ja-olid","9":"product_tag-internet-pood-eesti","10":"product_tag-k-beauty-2","11":"product_tag-korea-kosmeetika","12":"product_tag-manyo","13":"product_tag-pigment","15":"first","16":"instock","17":"sale","18":"shipping-taxable","19":"purchasable","20":"product-type-variable","21":"has-default-attributes","22":"entry","23":"content-bg","24":"loop-entry"},"supplier_id":null,"supplier_sku":"","barcode":null,"atum_controlled":true,"out_stock_date":null,"out_stock_threshold":null,"inheritable":true,"inbound_stock":0,"stock_on_hold":0,"sold_today":0,"sales_last_days":1,"out_stock_days":0,"lost_sales":0,"has_location":false,"update_date":"2026-04-14T09:21:51","atum_locations":[],"atum_stock_status":"instock","restock_status":false,"low_stock_amount":"","sales_update_date":"2026-04-14T00:05:14","calc_backorders":null,"yoast_head":"<!-- This site is optimized with the Yoast SEO plugin v27.2 - https:\/\/yoast.com\/product\/yoast-seo-wordpress\/ -->\n<title>Manyo Galac Niacin 2.0 Essence - IDA.KOREA Tugevdatud essents pigmentatsiooni ja postakne vastu Manyo Galac Niacin 2.0 Essence<\/title>\n<meta name=\"description\" content=\"V\u00f5itleb aktiivselt soovimatu pigmentatsiooniga, heledab pigmendilaike ja postaknet, eemaldab punetust ja tuhmust, \u00fchtlustab jumet ja parandab naha v\u00e4rvust.\" \/>\n<meta name=\"robots\" content=\"index, follow, max-snippet:-1, max-image-preview:large, max-video-preview:-1\" \/>\n<link rel=\"canonical\" href=\"https:\/\/idakorea.ee\/en\/product\/tugevdatud-essents-pigmentatsiooni-ja-postakne-vastu-manyo-galac-niacin-2-0-essence\/\" \/>\n<meta property=\"og:locale\" content=\"en_US\" \/>\n<meta property=\"og:type\" content=\"article\" \/>\n<meta property=\"og:title\" content=\"Manyo Galac Niacin 2.0 Essence - IDA.KOREA Tugevdatud essents pigmentatsiooni ja postakne vastu Manyo Galac Niacin 2.0 Essence\" \/>\n<meta property=\"og:description\" content=\"V\u00f5itleb aktiivselt soovimatu pigmentatsiooniga, heledab pigmendilaike ja postaknet, eemaldab punetust ja tuhmust, \u00fchtlustab jumet ja parandab naha v\u00e4rvust.\" \/>\n<meta property=\"og:url\" content=\"https:\/\/idakorea.ee\/en\/product\/tugevdatud-essents-pigmentatsiooni-ja-postakne-vastu-manyo-galac-niacin-2-0-essence\/\" \/>\n<meta property=\"og:site_name\" content=\"IDA.KOREA\" \/>\n<meta property=\"article:modified_time\" content=\"2026-04-14T09:14:06+00:00\" \/>\n<meta property=\"og:image\" content=\"https:\/\/idakorea.ee\/wp-content\/uploads\/2024\/07\/fd.jpg\" \/>\n\t<meta property=\"og:image:width\" content=\"500\" \/>\n\t<meta property=\"og:image:height\" content=\"500\" \/>\n\t<meta property=\"og:image:type\" content=\"image\/jpeg\" \/>\n<meta name=\"twitter:card\" content=\"summary_large_image\" \/>\n<meta name=\"twitter:label1\" content=\"Est. reading time\" \/>\n\t<meta name=\"twitter:data1\" content=\"2 minutes\" \/>\n<script type=\"application\/ld+json\" class=\"yoast-schema-graph\">{\"@context\":\"https:\/\/schema.org\",\"@graph\":[{\"@type\":\"WebPage\",\"@id\":\"https:\/\/idakorea.ee\/product\/tugevdatud-essents-pigmentatsiooni-ja-postakne-vastu-manyo-galac-niacin-2-0-essence\/\",\"url\":\"https:\/\/idakorea.ee\/product\/tugevdatud-essents-pigmentatsiooni-ja-postakne-vastu-manyo-galac-niacin-2-0-essence\/\",\"name\":\"Manyo Galac Niacin 2.0 Essence - IDA.KOREA Tugevdatud essents pigmentatsiooni ja postakne vastu Manyo Galac Niacin 2.0 Essence\",\"isPartOf\":{\"@id\":\"https:\/\/idakorea.ee\/#website\"},\"primaryImageOfPage\":{\"@id\":\"https:\/\/idakorea.ee\/product\/tugevdatud-essents-pigmentatsiooni-ja-postakne-vastu-manyo-galac-niacin-2-0-essence\/#primaryimage\"},\"image\":{\"@id\":\"https:\/\/idakorea.ee\/product\/tugevdatud-essents-pigmentatsiooni-ja-postakne-vastu-manyo-galac-niacin-2-0-essence\/#primaryimage\"},\"thumbnailUrl\":\"https:\/\/idakorea.ee\/wp-content\/uploads\/2024\/07\/fd.jpg\",\"datePublished\":\"2024-07-03T06:00:20+00:00\",\"dateModified\":\"2026-04-14T09:14:06+00:00\",\"description\":\"V\u00f5itleb aktiivselt soovimatu pigmentatsiooniga, heledab pigmendilaike ja postaknet, eemaldab punetust ja tuhmust, \u00fchtlustab jumet ja parandab naha v\u00e4rvust.\",\"breadcrumb\":{\"@id\":\"https:\/\/idakorea.ee\/product\/tugevdatud-essents-pigmentatsiooni-ja-postakne-vastu-manyo-galac-niacin-2-0-essence\/#breadcrumb\"},\"inLanguage\":\"en-US\",\"potentialAction\":[{\"@type\":\"ReadAction\",\"target\":[\"https:\/\/idakorea.ee\/product\/tugevdatud-essents-pigmentatsiooni-ja-postakne-vastu-manyo-galac-niacin-2-0-essence\/\"]}]},{\"@type\":\"ImageObject\",\"inLanguage\":\"en-US\",\"@id\":\"https:\/\/idakorea.ee\/product\/tugevdatud-essents-pigmentatsiooni-ja-postakne-vastu-manyo-galac-niacin-2-0-essence\/#primaryimage\",\"url\":\"https:\/\/idakorea.ee\/wp-content\/uploads\/2024\/07\/fd.jpg\",\"contentUrl\":\"https:\/\/idakorea.ee\/wp-content\/uploads\/2024\/07\/fd.jpg\",\"width\":500,\"height\":500},{\"@type\":\"BreadcrumbList\",\"@id\":\"https:\/\/idakorea.ee\/product\/tugevdatud-essents-pigmentatsiooni-ja-postakne-vastu-manyo-galac-niacin-2-0-essence\/#breadcrumb\",\"itemListElement\":[{\"@type\":\"ListItem\",\"position\":1,\"name\":\"\u0413\u043b\u0430\u0432\u043d\u0430\u044f \u0441\u0442\u0440\u0430\u043d\u0438\u0446\u0430\",\"item\":\"https:\/\/idakorea.ee\/\"},{\"@type\":\"ListItem\",\"position\":2,\"name\":\"Shop\",\"item\":\"https:\/\/idakorea.ee\/shop-2\/\"},{\"@type\":\"ListItem\",\"position\":3,\"name\":\"Tugevdatud essents pigmentatsiooni ja postakne vastu Manyo Galac Niacin 2.0 Essence\"}]},{\"@type\":\"WebSite\",\"@id\":\"https:\/\/idakorea.ee\/#website\",\"url\":\"https:\/\/idakorea.ee\/\",\"name\":\"IDA.KOREA\",\"description\":\"Korea kosmeetika e-pood\",\"publisher\":{\"@id\":\"https:\/\/idakorea.ee\/#organization\"},\"alternateName\":\"Beauty Shop\",\"potentialAction\":[{\"@type\":\"SearchAction\",\"target\":{\"@type\":\"EntryPoint\",\"urlTemplate\":\"https:\/\/idakorea.ee\/?s={search_term_string}\"},\"query-input\":{\"@type\":\"PropertyValueSpecification\",\"valueRequired\":true,\"valueName\":\"search_term_string\"}}],\"inLanguage\":\"en-US\"},{\"@type\":\"Organization\",\"@id\":\"https:\/\/idakorea.ee\/#organization\",\"name\":\"IDA.KOREA\",\"url\":\"https:\/\/idakorea.ee\/\",\"logo\":{\"@type\":\"ImageObject\",\"inLanguage\":\"en-US\",\"@id\":\"https:\/\/idakorea.ee\/#\/schema\/logo\/image\/\",\"url\":\"https:\/\/idakorea.ee\/wp-content\/uploads\/2024\/05\/cropped-korea3.png\",\"contentUrl\":\"https:\/\/idakorea.ee\/wp-content\/uploads\/2024\/05\/cropped-korea3.png\",\"width\":688,\"height\":126,\"caption\":\"IDA.KOREA\"},\"image\":{\"@id\":\"https:\/\/idakorea.ee\/#\/schema\/logo\/image\/\"},\"sameAs\":[\"https:\/\/www.instagram.com\/ida.korea\/\"]}]}<\/script>\n<!-- \/ Yoast SEO plugin. -->","yoast_head_json":{"title":"Manyo Galac Niacin 2.0 Essence - EAST KOREA Reinforced essence against pigmentation and post-acne Manyo Galac Niacin 2.0 Essence","description":"Actively fights unwanted pigmentation, lightens age spots and post-acne, removes redness and dullness, evens out complexion and improves skin tone.","robots":{"index":"index","follow":"follow","max-snippet":"max-snippet:-1","max-image-preview":"max-image-preview:large","max-video-preview":"max-video-preview:-1"},"canonical":"https:\/\/idakorea.ee\/en\/product\/tugevdatud-essents-pigmentatsiooni-ja-postakne-vastu-manyo-galac-niacin-2-0-essence\/","og_locale":"en_US","og_type":"article","og_title":"Manyo Galac Niacin 2.0 Essence - IDA.KOREA Tugevdatud essents pigmentatsiooni ja postakne vastu Manyo Galac Niacin 2.0 Essence","og_description":"V\u00f5itleb aktiivselt soovimatu pigmentatsiooniga, heledab pigmendilaike ja postaknet, eemaldab punetust ja tuhmust, \u00fchtlustab jumet ja parandab naha v\u00e4rvust.","og_url":"https:\/\/idakorea.ee\/en\/product\/tugevdatud-essents-pigmentatsiooni-ja-postakne-vastu-manyo-galac-niacin-2-0-essence\/","og_site_name":"IDA.KOREA","article_modified_time":"2026-04-14T09:14:06+00:00","og_image":[{"width":500,"height":500,"url":"https:\/\/idakorea.ee\/wp-content\/uploads\/2024\/07\/fd.jpg","type":"image\/jpeg"}],"twitter_card":"summary_large_image","twitter_misc":{"Est. reading time":"2 minutes"},"schema":{"@context":"https:\/\/schema.org","@graph":[{"@type":"WebPage","@id":"https:\/\/idakorea.ee\/product\/tugevdatud-essents-pigmentatsiooni-ja-postakne-vastu-manyo-galac-niacin-2-0-essence\/","url":"https:\/\/idakorea.ee\/product\/tugevdatud-essents-pigmentatsiooni-ja-postakne-vastu-manyo-galac-niacin-2-0-essence\/","name":"Manyo Galac Niacin 2.0 Essence - EAST KOREA Reinforced essence against pigmentation and post-acne Manyo Galac Niacin 2.0 Essence","isPartOf":{"@id":"https:\/\/idakorea.ee\/#website"},"primaryImageOfPage":{"@id":"https:\/\/idakorea.ee\/product\/tugevdatud-essents-pigmentatsiooni-ja-postakne-vastu-manyo-galac-niacin-2-0-essence\/#primaryimage"},"image":{"@id":"https:\/\/idakorea.ee\/product\/tugevdatud-essents-pigmentatsiooni-ja-postakne-vastu-manyo-galac-niacin-2-0-essence\/#primaryimage"},"thumbnailUrl":"https:\/\/idakorea.ee\/wp-content\/uploads\/2024\/07\/fd.jpg","datePublished":"2024-07-03T06:00:20+00:00","dateModified":"2026-04-14T09:14:06+00:00","description":"Actively fights unwanted pigmentation, lightens age spots and post-acne, removes redness and dullness, evens out complexion and improves skin tone.","breadcrumb":{"@id":"https:\/\/idakorea.ee\/product\/tugevdatud-essents-pigmentatsiooni-ja-postakne-vastu-manyo-galac-niacin-2-0-essence\/#breadcrumb"},"inLanguage":"en-US","potentialAction":[{"@type":"ReadAction","target":["https:\/\/idakorea.ee\/product\/tugevdatud-essents-pigmentatsiooni-ja-postakne-vastu-manyo-galac-niacin-2-0-essence\/"]}]},{"@type":"ImageObject","inLanguage":"en-US","@id":"https:\/\/idakorea.ee\/product\/tugevdatud-essents-pigmentatsiooni-ja-postakne-vastu-manyo-galac-niacin-2-0-essence\/#primaryimage","url":"https:\/\/idakorea.ee\/wp-content\/uploads\/2024\/07\/fd.jpg","contentUrl":"https:\/\/idakorea.ee\/wp-content\/uploads\/2024\/07\/fd.jpg","width":500,"height":500},{"@type":"BreadcrumbList","@id":"https:\/\/idakorea.ee\/product\/tugevdatud-essents-pigmentatsiooni-ja-postakne-vastu-manyo-galac-niacin-2-0-essence\/#breadcrumb","itemListElement":[{"@type":"ListItem","position":1,"name":"\u0413\u043b\u0430\u0432\u043d\u0430\u044f \u0441\u0442\u0440\u0430\u043d\u0438\u0446\u0430","item":"https:\/\/idakorea.ee\/"},{"@type":"ListItem","position":2,"name":"Shop","item":"https:\/\/idakorea.ee\/shop-2\/"},{"@type":"ListItem","position":3,"name":"Tugevdatud essents pigmentatsiooni ja postakne vastu Manyo Galac Niacin 2.0 Essence"}]},{"@type":"WebSite","@id":"https:\/\/idakorea.ee\/#website","url":"https:\/\/idakorea.ee\/","name":"IDA.KOREA","description":"Korean cosmetics e-shop","publisher":{"@id":"https:\/\/idakorea.ee\/#organization"},"alternateName":"Beauty Shop","potentialAction":[{"@type":"SearchAction","target":{"@type":"EntryPoint","urlTemplate":"https:\/\/idakorea.ee\/?s={search_term_string}"},"query-input":{"@type":"PropertyValueSpecification","valueRequired":true,"valueName":"search_term_string"}}],"inLanguage":"en-US"},{"@type":"Organization","@id":"https:\/\/idakorea.ee\/#organization","name":"IDA.KOREA","url":"https:\/\/idakorea.ee\/","logo":{"@type":"ImageObject","inLanguage":"en-US","@id":"https:\/\/idakorea.ee\/#\/schema\/logo\/image\/","url":"https:\/\/idakorea.ee\/wp-content\/uploads\/2024\/05\/cropped-korea3.png","contentUrl":"https:\/\/idakorea.ee\/wp-content\/uploads\/2024\/05\/cropped-korea3.png","width":688,"height":126,"caption":"IDA.KOREA"},"image":{"@id":"https:\/\/idakorea.ee\/#\/schema\/logo\/image\/"},"sameAs":["https:\/\/www.instagram.com\/ida.korea\/"]}]}},"jetpack_sharing_enabled":true,"brands":[{"id":448,"name":"MANYO","slug":"manyo"}],"_links":{"self":[{"href":"https:\/\/idakorea.ee\/en\/wp-json\/wp\/v2\/product\/9080","targetHints":{"allow":["GET"]}}],"collection":[{"href":"https:\/\/idakorea.ee\/en\/wp-json\/wp\/v2\/product"}],"about":[{"href":"https:\/\/idakorea.ee\/en\/wp-json\/wp\/v2\/types\/product"}],"replies":[{"embeddable":true,"href":"https:\/\/idakorea.ee\/en\/wp-json\/wp\/v2\/comments?post=9080"}],"version-history":[{"count":1,"href":"https:\/\/idakorea.ee\/en\/wp-json\/wp\/v2\/product\/9080\/revisions"}],"predecessor-version":[{"id":10254,"href":"https:\/\/idakorea.ee\/en\/wp-json\/wp\/v2\/product\/9080\/revisions\/10254"}],"wp:featuredmedia":[{"embeddable":true,"href":"https:\/\/idakorea.ee\/en\/wp-json\/wp\/v2\/media\/9086"}],"wp:attachment":[{"href":"https:\/\/idakorea.ee\/en\/wp-json\/wp\/v2\/media?parent=9080"}],"wp:term":[{"taxonomy":"pwb-brand","embeddable":true,"href":"https:\/\/idakorea.ee\/en\/wp-json\/wp\/v2\/pwb-brand?post=9080"},{"taxonomy":"product_brand","embeddable":true,"href":"https:\/\/idakorea.ee\/en\/wp-json\/wp\/v2\/product_brand?post=9080"},{"taxonomy":"product_cat","embeddable":true,"href":"https:\/\/idakorea.ee\/en\/wp-json\/wp\/v2\/product_cat?post=9080"},{"taxonomy":"product_tag","embeddable":true,"href":"https:\/\/idakorea.ee\/en\/wp-json\/wp\/v2\/product_tag?post=9080"}],"curies":[{"name":"wp","href":"https:\/\/api.w.org\/{rel}","templated":true}]}}