{"id":9087,"date":"2024-07-03T08:12:46","date_gmt":"2024-07-03T06:12:46","guid":{"rendered":"https:\/\/idakorea.ee\/?post_type=product&#038;p=9087"},"modified":"2026-03-28T10:49:34","modified_gmt":"2026-03-28T08:49:34","slug":"kooriv-geel-manyo-pure-aqua-peeling-gel","status":"publish","type":"product","link":"https:\/\/idakorea.ee\/en\/product\/kooriv-geel-manyo-pure-aqua-peeling-gel\/","title":{"rendered":"Peeling gel Manyo Pure Aqua Peeling Gel, 120ml"},"content":{"rendered":"<p><strong>Manyo Factory Pure Aqua Peeling Gel exfoliating gel with PHA acid<\/strong> gently removes hardened cells, triggers regeneration processes and stimulates collagen production, improves skin elasticity and tone, smoothes the complexion and micro-relief.<\/p>\n<p>The product provides excellent skin toning and antioxidant action, combats oxidative processes in cells, promotes skin renewal, removes unwanted pigmentation and post-acne scars, heals the skin and gives it an even, natural and healthy glow.<\/p>\n<p>Thanks to its high content of hyaluronic acid and ceramides, the exfoliating gel promotes deep hydration and helps retain moisture in the epidermis.<\/p>\n<p>The product has an anti-inflammatory effect, prevents the formation of cavities, makes the skin healthy, smooth and velvety.<\/p>\n<p>The exfoliating gel is non-irritating and suitable for sensitive skin.<\/p>\n<p><strong>Main active ingredients:<\/strong><\/p>\n<ul>\n<li><strong>PHA-hape<\/strong> - prevents moisture loss and gently exfoliates, soothes and reduces irritation. Its action is similar to that of AHA acids, but it is milder and does not cause UV sensitivity, so it can be used safely all year round.<\/li>\n<li><strong>Hyaluronic acid<\/strong> - is responsible for deep hydration and maintaining a natural pH balance. Forms an invisible barrier that prevents moisture evaporation and leaves the face feeling comfortably fresh and hydrated.<\/li>\n<li><strong>Ceramides<\/strong> - promote skin renewal, improve protective and barrier functions, normalise hydrolipid balance, protect against dehydration and have rejuvenating potential.<\/li>\n<li><strong>Lotus extract<\/strong> - moisturizes, cleanses, helps smooth wrinkles, refreshes and tones, restores elasticity, soothes, reduces pores and frees from acne, slows down ageing.<\/li>\n<li><strong>Irise extract<\/strong> - has a moisturising and purifying action, it is good for regeneration and recovery.<\/li>\n<\/ul>\n<p><strong>User manual:<\/strong> Apply the exfoliating gel after washing your face with a lather or hydrophilic oil, massage for 1-2 minutes and rinse off. Use 1-2 times a week.<\/p>\n<p>The product is suitable for all skin types, including sensitive skin.<\/p>","protected":false},"excerpt":{"rendered":"<p>Manyo Factory Pure Aqua Peeling Gel exfoliating gel with PHA acid gently removes roughened cells, triggers regeneration processes and stimulates collagen production, improves skin elasticity and tone, evens out complexion and microdermis. The product provides excellent skin toning and antioxidant action, combats oxidative processes in the cells, promotes skin renewal, removes unwanted pigmentation and post-acne scars, heals the skin and gives it an even,...<\/p>","protected":false},"featured_media":9090,"comment_status":"open","ping_status":"closed","template":"","meta":{"_uf_show_specific_survey":0,"_uf_disable_surveys":false,"_bst_post_transparent":"default","_bst_post_title":"","_bst_post_layout":"default","_bst_post_sidebar_id":"","_bst_post_content_style":"default","_bst_post_vertical_padding":"default","_bst_post_feature":"","_bst_post_feature_position":"","_bst_post_header":false,"_bst_post_footer":false},"pwb-brand":[448],"product_brand":[],"product_cat":[92,451],"product_tag":[233,377,202,450,230],"class_list":{"0":"post-9087","1":"product","2":"type-product","3":"status-publish","4":"has-post-thumbnail","6":"pwb-brand-manyo","7":"product_cat-nagu","8":"product_cat-naokoorijad","9":"product_tag-internet-pood-eesti","10":"product_tag-k-beauty-2","11":"product_tag-korea-kosmeetika","12":"product_tag-manyo","13":"product_tag-pigment","15":"first","16":"instock","17":"sale","18":"shipping-taxable","19":"purchasable","20":"product-type-simple","21":"entry","22":"content-bg","23":"loop-entry"},"supplier_id":null,"supplier_sku":"","barcode":null,"atum_controlled":true,"out_stock_date":null,"out_stock_threshold":null,"inheritable":false,"inbound_stock":0,"stock_on_hold":0,"sold_today":0,"sales_last_days":1,"out_stock_days":0,"lost_sales":0,"has_location":false,"update_date":"2026-04-14T00:05:11","atum_locations":[],"atum_stock_status":"instock","restock_status":false,"low_stock_amount":"","sales_update_date":"2026-04-14T00:05:11","calc_backorders":null,"yoast_head":"<!-- This site is optimized with the Yoast SEO plugin v27.2 - https:\/\/yoast.com\/product\/yoast-seo-wordpress\/ -->\n<title>Manyo Pure Aqua Peeling Gel, 120ml - IDA.KOREA<\/title>\n<meta name=\"description\" content=\"Kooriv geel PHA-happega \u00f5rnalt eemaldab sarvestunud rakud, k\u00e4ivitab regenereerimisprotsessid ja stimuleerib kollageeni tootmist, parandab naha elastsust ja toonust, \u00fchtlustab jumet ja mikroreljeefi.\" \/>\n<meta name=\"robots\" content=\"index, follow, max-snippet:-1, max-image-preview:large, max-video-preview:-1\" \/>\n<link rel=\"canonical\" href=\"https:\/\/idakorea.ee\/en\/product\/kooriv-geel-manyo-pure-aqua-peeling-gel\/\" \/>\n<meta property=\"og:locale\" content=\"en_US\" \/>\n<meta property=\"og:type\" content=\"article\" \/>\n<meta property=\"og:title\" content=\"Manyo Pure Aqua Peeling Gel, 120ml - IDA.KOREA\" \/>\n<meta property=\"og:description\" content=\"Kooriv geel PHA-happega \u00f5rnalt eemaldab sarvestunud rakud, k\u00e4ivitab regenereerimisprotsessid ja stimuleerib kollageeni tootmist, parandab naha elastsust ja toonust, \u00fchtlustab jumet ja mikroreljeefi.\" \/>\n<meta property=\"og:url\" content=\"https:\/\/idakorea.ee\/en\/product\/kooriv-geel-manyo-pure-aqua-peeling-gel\/\" \/>\n<meta property=\"og:site_name\" content=\"IDA.KOREA\" \/>\n<meta property=\"article:modified_time\" content=\"2026-03-28T08:49:34+00:00\" \/>\n<meta property=\"og:image\" content=\"https:\/\/idakorea.ee\/wp-content\/uploads\/2024\/07\/hollyshop-_-2023_11_26t175407.072-_1_.png\" \/>\n\t<meta property=\"og:image:width\" content=\"1000\" \/>\n\t<meta property=\"og:image:height\" content=\"1000\" \/>\n\t<meta property=\"og:image:type\" content=\"image\/png\" \/>\n<meta name=\"twitter:card\" content=\"summary_large_image\" \/>\n<meta name=\"twitter:label1\" content=\"Est. reading time\" \/>\n\t<meta name=\"twitter:data1\" content=\"2 minutes\" \/>\n<script type=\"application\/ld+json\" class=\"yoast-schema-graph\">{\"@context\":\"https:\/\/schema.org\",\"@graph\":[{\"@type\":\"WebPage\",\"@id\":\"https:\/\/idakorea.ee\/product\/kooriv-geel-manyo-pure-aqua-peeling-gel\/\",\"url\":\"https:\/\/idakorea.ee\/product\/kooriv-geel-manyo-pure-aqua-peeling-gel\/\",\"name\":\"Manyo Pure Aqua Peeling Gel, 120ml - IDA.KOREA\",\"isPartOf\":{\"@id\":\"https:\/\/idakorea.ee\/#website\"},\"primaryImageOfPage\":{\"@id\":\"https:\/\/idakorea.ee\/product\/kooriv-geel-manyo-pure-aqua-peeling-gel\/#primaryimage\"},\"image\":{\"@id\":\"https:\/\/idakorea.ee\/product\/kooriv-geel-manyo-pure-aqua-peeling-gel\/#primaryimage\"},\"thumbnailUrl\":\"https:\/\/idakorea.ee\/wp-content\/uploads\/2024\/07\/hollyshop-_-2023_11_26t175407.072-_1_.png\",\"datePublished\":\"2024-07-03T06:12:46+00:00\",\"dateModified\":\"2026-03-28T08:49:34+00:00\",\"description\":\"Kooriv geel PHA-happega \u00f5rnalt eemaldab sarvestunud rakud, k\u00e4ivitab regenereerimisprotsessid ja stimuleerib kollageeni tootmist, parandab naha elastsust ja toonust, \u00fchtlustab jumet ja mikroreljeefi.\",\"breadcrumb\":{\"@id\":\"https:\/\/idakorea.ee\/product\/kooriv-geel-manyo-pure-aqua-peeling-gel\/#breadcrumb\"},\"inLanguage\":\"en-US\",\"potentialAction\":[{\"@type\":\"ReadAction\",\"target\":[\"https:\/\/idakorea.ee\/product\/kooriv-geel-manyo-pure-aqua-peeling-gel\/\"]}]},{\"@type\":\"ImageObject\",\"inLanguage\":\"en-US\",\"@id\":\"https:\/\/idakorea.ee\/product\/kooriv-geel-manyo-pure-aqua-peeling-gel\/#primaryimage\",\"url\":\"https:\/\/idakorea.ee\/wp-content\/uploads\/2024\/07\/hollyshop-_-2023_11_26t175407.072-_1_.png\",\"contentUrl\":\"https:\/\/idakorea.ee\/wp-content\/uploads\/2024\/07\/hollyshop-_-2023_11_26t175407.072-_1_.png\",\"width\":1000,\"height\":1000},{\"@type\":\"BreadcrumbList\",\"@id\":\"https:\/\/idakorea.ee\/product\/kooriv-geel-manyo-pure-aqua-peeling-gel\/#breadcrumb\",\"itemListElement\":[{\"@type\":\"ListItem\",\"position\":1,\"name\":\"\u0413\u043b\u0430\u0432\u043d\u0430\u044f \u0441\u0442\u0440\u0430\u043d\u0438\u0446\u0430\",\"item\":\"https:\/\/idakorea.ee\/\"},{\"@type\":\"ListItem\",\"position\":2,\"name\":\"Shop\",\"item\":\"https:\/\/idakorea.ee\/shop-2\/\"},{\"@type\":\"ListItem\",\"position\":3,\"name\":\"Kooriv geel Manyo Pure Aqua Peeling Gel, 120ml\"}]},{\"@type\":\"WebSite\",\"@id\":\"https:\/\/idakorea.ee\/#website\",\"url\":\"https:\/\/idakorea.ee\/\",\"name\":\"IDA.KOREA\",\"description\":\"Korea kosmeetika e-pood\",\"publisher\":{\"@id\":\"https:\/\/idakorea.ee\/#organization\"},\"alternateName\":\"Beauty Shop\",\"potentialAction\":[{\"@type\":\"SearchAction\",\"target\":{\"@type\":\"EntryPoint\",\"urlTemplate\":\"https:\/\/idakorea.ee\/?s={search_term_string}\"},\"query-input\":{\"@type\":\"PropertyValueSpecification\",\"valueRequired\":true,\"valueName\":\"search_term_string\"}}],\"inLanguage\":\"en-US\"},{\"@type\":\"Organization\",\"@id\":\"https:\/\/idakorea.ee\/#organization\",\"name\":\"IDA.KOREA\",\"url\":\"https:\/\/idakorea.ee\/\",\"logo\":{\"@type\":\"ImageObject\",\"inLanguage\":\"en-US\",\"@id\":\"https:\/\/idakorea.ee\/#\/schema\/logo\/image\/\",\"url\":\"https:\/\/idakorea.ee\/wp-content\/uploads\/2024\/05\/cropped-korea3.png\",\"contentUrl\":\"https:\/\/idakorea.ee\/wp-content\/uploads\/2024\/05\/cropped-korea3.png\",\"width\":688,\"height\":126,\"caption\":\"IDA.KOREA\"},\"image\":{\"@id\":\"https:\/\/idakorea.ee\/#\/schema\/logo\/image\/\"},\"sameAs\":[\"https:\/\/www.instagram.com\/ida.korea\/\"]}]}<\/script>\n<!-- \/ Yoast SEO plugin. -->","yoast_head_json":{"title":"Manyo Pure Aqua Peeling Gel, 120ml - IDA.KOREA","description":"Exfoliating gel with PHA acid gently removes dead skin cells, triggers regeneration processes and stimulates collagen production, improves skin elasticity and tone, and evens out complexion and microrelief.","robots":{"index":"index","follow":"follow","max-snippet":"max-snippet:-1","max-image-preview":"max-image-preview:large","max-video-preview":"max-video-preview:-1"},"canonical":"https:\/\/idakorea.ee\/en\/product\/kooriv-geel-manyo-pure-aqua-peeling-gel\/","og_locale":"en_US","og_type":"article","og_title":"Manyo Pure Aqua Peeling Gel, 120ml - IDA.KOREA","og_description":"Kooriv geel PHA-happega \u00f5rnalt eemaldab sarvestunud rakud, k\u00e4ivitab regenereerimisprotsessid ja stimuleerib kollageeni tootmist, parandab naha elastsust ja toonust, \u00fchtlustab jumet ja mikroreljeefi.","og_url":"https:\/\/idakorea.ee\/en\/product\/kooriv-geel-manyo-pure-aqua-peeling-gel\/","og_site_name":"IDA.KOREA","article_modified_time":"2026-03-28T08:49:34+00:00","og_image":[{"width":1000,"height":1000,"url":"https:\/\/idakorea.ee\/wp-content\/uploads\/2024\/07\/hollyshop-_-2023_11_26t175407.072-_1_.png","type":"image\/png"}],"twitter_card":"summary_large_image","twitter_misc":{"Est. reading time":"2 minutes"},"schema":{"@context":"https:\/\/schema.org","@graph":[{"@type":"WebPage","@id":"https:\/\/idakorea.ee\/product\/kooriv-geel-manyo-pure-aqua-peeling-gel\/","url":"https:\/\/idakorea.ee\/product\/kooriv-geel-manyo-pure-aqua-peeling-gel\/","name":"Manyo Pure Aqua Peeling Gel, 120ml - IDA.KOREA","isPartOf":{"@id":"https:\/\/idakorea.ee\/#website"},"primaryImageOfPage":{"@id":"https:\/\/idakorea.ee\/product\/kooriv-geel-manyo-pure-aqua-peeling-gel\/#primaryimage"},"image":{"@id":"https:\/\/idakorea.ee\/product\/kooriv-geel-manyo-pure-aqua-peeling-gel\/#primaryimage"},"thumbnailUrl":"https:\/\/idakorea.ee\/wp-content\/uploads\/2024\/07\/hollyshop-_-2023_11_26t175407.072-_1_.png","datePublished":"2024-07-03T06:12:46+00:00","dateModified":"2026-03-28T08:49:34+00:00","description":"Exfoliating gel with PHA acid gently removes dead skin cells, triggers regeneration processes and stimulates collagen production, improves skin elasticity and tone, and evens out complexion and microrelief.","breadcrumb":{"@id":"https:\/\/idakorea.ee\/product\/kooriv-geel-manyo-pure-aqua-peeling-gel\/#breadcrumb"},"inLanguage":"en-US","potentialAction":[{"@type":"ReadAction","target":["https:\/\/idakorea.ee\/product\/kooriv-geel-manyo-pure-aqua-peeling-gel\/"]}]},{"@type":"ImageObject","inLanguage":"en-US","@id":"https:\/\/idakorea.ee\/product\/kooriv-geel-manyo-pure-aqua-peeling-gel\/#primaryimage","url":"https:\/\/idakorea.ee\/wp-content\/uploads\/2024\/07\/hollyshop-_-2023_11_26t175407.072-_1_.png","contentUrl":"https:\/\/idakorea.ee\/wp-content\/uploads\/2024\/07\/hollyshop-_-2023_11_26t175407.072-_1_.png","width":1000,"height":1000},{"@type":"BreadcrumbList","@id":"https:\/\/idakorea.ee\/product\/kooriv-geel-manyo-pure-aqua-peeling-gel\/#breadcrumb","itemListElement":[{"@type":"ListItem","position":1,"name":"\u0413\u043b\u0430\u0432\u043d\u0430\u044f \u0441\u0442\u0440\u0430\u043d\u0438\u0446\u0430","item":"https:\/\/idakorea.ee\/"},{"@type":"ListItem","position":2,"name":"Shop","item":"https:\/\/idakorea.ee\/shop-2\/"},{"@type":"ListItem","position":3,"name":"Kooriv geel Manyo Pure Aqua Peeling Gel, 120ml"}]},{"@type":"WebSite","@id":"https:\/\/idakorea.ee\/#website","url":"https:\/\/idakorea.ee\/","name":"IDA.KOREA","description":"Korean cosmetics e-shop","publisher":{"@id":"https:\/\/idakorea.ee\/#organization"},"alternateName":"Beauty Shop","potentialAction":[{"@type":"SearchAction","target":{"@type":"EntryPoint","urlTemplate":"https:\/\/idakorea.ee\/?s={search_term_string}"},"query-input":{"@type":"PropertyValueSpecification","valueRequired":true,"valueName":"search_term_string"}}],"inLanguage":"en-US"},{"@type":"Organization","@id":"https:\/\/idakorea.ee\/#organization","name":"IDA.KOREA","url":"https:\/\/idakorea.ee\/","logo":{"@type":"ImageObject","inLanguage":"en-US","@id":"https:\/\/idakorea.ee\/#\/schema\/logo\/image\/","url":"https:\/\/idakorea.ee\/wp-content\/uploads\/2024\/05\/cropped-korea3.png","contentUrl":"https:\/\/idakorea.ee\/wp-content\/uploads\/2024\/05\/cropped-korea3.png","width":688,"height":126,"caption":"IDA.KOREA"},"image":{"@id":"https:\/\/idakorea.ee\/#\/schema\/logo\/image\/"},"sameAs":["https:\/\/www.instagram.com\/ida.korea\/"]}]}},"jetpack_sharing_enabled":true,"brands":[{"id":448,"name":"MANYO","slug":"manyo"}],"_links":{"self":[{"href":"https:\/\/idakorea.ee\/en\/wp-json\/wp\/v2\/product\/9087","targetHints":{"allow":["GET"]}}],"collection":[{"href":"https:\/\/idakorea.ee\/en\/wp-json\/wp\/v2\/product"}],"about":[{"href":"https:\/\/idakorea.ee\/en\/wp-json\/wp\/v2\/types\/product"}],"replies":[{"embeddable":true,"href":"https:\/\/idakorea.ee\/en\/wp-json\/wp\/v2\/comments?post=9087"}],"version-history":[{"count":5,"href":"https:\/\/idakorea.ee\/en\/wp-json\/wp\/v2\/product\/9087\/revisions"}],"predecessor-version":[{"id":18274,"href":"https:\/\/idakorea.ee\/en\/wp-json\/wp\/v2\/product\/9087\/revisions\/18274"}],"wp:featuredmedia":[{"embeddable":true,"href":"https:\/\/idakorea.ee\/en\/wp-json\/wp\/v2\/media\/9090"}],"wp:attachment":[{"href":"https:\/\/idakorea.ee\/en\/wp-json\/wp\/v2\/media?parent=9087"}],"wp:term":[{"taxonomy":"pwb-brand","embeddable":true,"href":"https:\/\/idakorea.ee\/en\/wp-json\/wp\/v2\/pwb-brand?post=9087"},{"taxonomy":"product_brand","embeddable":true,"href":"https:\/\/idakorea.ee\/en\/wp-json\/wp\/v2\/product_brand?post=9087"},{"taxonomy":"product_cat","embeddable":true,"href":"https:\/\/idakorea.ee\/en\/wp-json\/wp\/v2\/product_cat?post=9087"},{"taxonomy":"product_tag","embeddable":true,"href":"https:\/\/idakorea.ee\/en\/wp-json\/wp\/v2\/product_tag?post=9087"}],"curies":[{"name":"wp","href":"https:\/\/api.w.org\/{rel}","templated":true}]}}