{"id":9111,"date":"2024-07-03T07:21:14","date_gmt":"2024-07-03T07:21:14","guid":{"rendered":"https:\/\/idakorea.ee\/?post_type=product&#038;p=9111"},"modified":"2026-03-27T08:36:21","modified_gmt":"2026-03-27T06:36:21","slug":"naopuhastusgeel-vaht-sulwhasoo-gentle-cleansing-foam-50ml","status":"publish","type":"product","link":"https:\/\/idakorea.ee\/en\/product\/naopuhastusgeel-vaht-sulwhasoo-gentle-cleansing-foam-50ml\/","title":{"rendered":"Sulwhasoo Gentle Cleansing Foam, 50ml"},"content":{"rendered":"<p><strong>Sulwhasoo Gentle Cleansing Foam<\/strong> penetrates deep into pores and effectively cleanses away make-up residue, grease, dust and other pollutants. Its special gentle formula does not irritate the skin, maintaining optimal moisture levels even after cleansing.<\/p>\n<p>The gel gently polishes and exfoliates the skin, removing dead skin cells. It is also suitable for the removal of non-solid eye and lip make-up.<\/p>\n<p>The patented cleansing formula Hydra Capture Complex\u2122 helps to retain moisture in epidermal cells and protects the skin from dehydration and dryness. Provides soothing action, relieves itching and irritation.<\/p>\n<p>The product forms an elastic foam and has an oriental herbal fragrance.<\/p>\n<p><strong>Main active ingredients:<\/strong><\/p>\n<ul>\n<li><strong>Chestnut extract<\/strong> contains salicylic, ascorbic and lactic acids, flavonoids, tannins and pectins. Gently cleanses and polishes the skin surface, treats inflammations, tightens pores, strengthens epidermal fibres, stimulates lymph flow and improves microcirculation in cells.<\/li>\n<li><strong>Raspberry extract<\/strong> increases skin elasticity, moisturises, smoothes fine wrinkles and improves the condition of oily, inflammation-prone skin.<\/li>\n<li><strong>Mandarin peel extract<\/strong> tones and soothes the skin, combats the first signs of ageing and evens the complexion.<\/li>\n<li><strong>Apricot kernel oil<\/strong> accelerates regeneration processes, moisturises, softens and tones the skin, has a rejuvenating and anti-inflammatory effect. Activates the synthesis of collagen and elastin fibres, increasing skin elasticity.<\/li>\n<li><strong>Angelica extract<\/strong> soothes irritated skin, softens dry areas and supports metabolism. Stimulates skin renewal and provides lifting action.<\/li>\n<li><strong>Cocoa extract<\/strong> intensively moisturises, supports the turgor and restores skin elasticity, smoothes, regenerates and repairs damaged skin.<\/li>\n<\/ul>\n<p>Suitable for all skin types.<\/p>\n<p><strong>User manual:<\/strong> mix a small amount of the product with water and whisk. Gently massage the foam onto the skin, massage and rinse with warm water.<\/p>","protected":false},"excerpt":{"rendered":"<p>Sulwhasoo Gentle Cleansing Foam penetrates deep into pores and effectively cleanses away make-up residue, grease, dust and other pollutants. Its special gentle formula does not irritate the skin, maintaining optimal moisture levels even after cleansing. The gel gently polishes and exfoliates the skin, removing dead skin cells. It is also suitable for the removal of non-porous eye and lip make-up. The patented cleansing formula Hydra Capture Complex\u2122 helps to retain moisture in epidermal cells....<\/p>","protected":false},"featured_media":9112,"comment_status":"open","ping_status":"closed","template":"","meta":{"_uf_show_specific_survey":0,"_uf_disable_surveys":false,"_bst_post_transparent":"default","_bst_post_title":"","_bst_post_layout":"default","_bst_post_sidebar_id":"","_bst_post_content_style":"default","_bst_post_vertical_padding":"default","_bst_post_feature":"","_bst_post_feature_position":"","_bst_post_header":false,"_bst_post_footer":false},"pwb-brand":[106],"product_brand":[],"product_cat":[92,452,100],"product_tag":[233,377,202,216,439,464],"class_list":{"0":"post-9111","1":"product","2":"type-product","3":"status-publish","4":"has-post-thumbnail","6":"pwb-brand-sulwhasoo","7":"product_cat-nagu","8":"product_cat-naopuhastusgeelid","9":"product_cat-puhastusvahendid","10":"product_tag-internet-pood-eesti","11":"product_tag-k-beauty-2","12":"product_tag-korea-kosmeetika","13":"product_tag-kuiv-nahk","14":"product_tag-rahustav","15":"product_tag-sulwhasoo","17":"first","18":"instock","19":"sale","20":"shipping-taxable","21":"purchasable","22":"product-type-simple","23":"entry","24":"content-bg","25":"loop-entry"},"supplier_id":null,"supplier_sku":"","barcode":null,"atum_controlled":true,"out_stock_date":null,"out_stock_threshold":null,"inheritable":false,"inbound_stock":0,"stock_on_hold":0,"sold_today":0,"sales_last_days":2,"out_stock_days":0,"lost_sales":0,"has_location":false,"update_date":"2026-04-14T00:05:11","atum_locations":[],"atum_stock_status":"instock","restock_status":false,"low_stock_amount":"","sales_update_date":"2026-04-14T00:05:11","calc_backorders":null,"yoast_head":"<!-- This site is optimized with the Yoast SEO plugin v27.2 - https:\/\/yoast.com\/product\/yoast-seo-wordpress\/ -->\n<title>N\u00e4opuhastusgeel-vaht Sulwhasoo Gentle Cleansing Foam, 50ml - IDA.KOREA<\/title>\n<meta name=\"description\" content=\"Sulwhasoo Gentle Cleansing Foam tungib s\u00fcgavale pooridesse ja puhastab t\u00f5husalt meigij\u00e4\u00e4gid, rasu, tolmu ja muud saasteained.\" \/>\n<meta name=\"robots\" content=\"index, follow, max-snippet:-1, max-image-preview:large, max-video-preview:-1\" \/>\n<link rel=\"canonical\" href=\"https:\/\/idakorea.ee\/en\/product\/naopuhastusgeel-vaht-sulwhasoo-gentle-cleansing-foam-50ml\/\" \/>\n<meta property=\"og:locale\" content=\"en_US\" \/>\n<meta property=\"og:type\" content=\"article\" \/>\n<meta property=\"og:title\" content=\"N\u00e4opuhastusgeel-vaht Sulwhasoo Gentle Cleansing Foam, 50ml - IDA.KOREA\" \/>\n<meta property=\"og:description\" content=\"Sulwhasoo Gentle Cleansing Foam tungib s\u00fcgavale pooridesse ja puhastab t\u00f5husalt meigij\u00e4\u00e4gid, rasu, tolmu ja muud saasteained.\" \/>\n<meta property=\"og:url\" content=\"https:\/\/idakorea.ee\/en\/product\/naopuhastusgeel-vaht-sulwhasoo-gentle-cleansing-foam-50ml\/\" \/>\n<meta property=\"og:site_name\" content=\"IDA.KOREA\" \/>\n<meta property=\"article:modified_time\" content=\"2026-03-27T06:36:21+00:00\" \/>\n<meta property=\"og:image\" content=\"https:\/\/idakorea.ee\/wp-content\/uploads\/2024\/07\/sulwhasoo-gentle-cleansing-foam.jpg\" \/>\n\t<meta property=\"og:image:width\" content=\"1000\" \/>\n\t<meta property=\"og:image:height\" content=\"1000\" \/>\n\t<meta property=\"og:image:type\" content=\"image\/jpeg\" \/>\n<meta name=\"twitter:card\" content=\"summary_large_image\" \/>\n<meta name=\"twitter:label1\" content=\"Est. reading time\" \/>\n\t<meta name=\"twitter:data1\" content=\"2 minutes\" \/>\n<script type=\"application\/ld+json\" class=\"yoast-schema-graph\">{\"@context\":\"https:\/\/schema.org\",\"@graph\":[{\"@type\":\"WebPage\",\"@id\":\"https:\/\/idakorea.ee\/product\/naopuhastusgeel-vaht-sulwhasoo-gentle-cleansing-foam-50ml\/\",\"url\":\"https:\/\/idakorea.ee\/product\/naopuhastusgeel-vaht-sulwhasoo-gentle-cleansing-foam-50ml\/\",\"name\":\"N\u00e4opuhastusgeel-vaht Sulwhasoo Gentle Cleansing Foam, 50ml - IDA.KOREA\",\"isPartOf\":{\"@id\":\"https:\/\/idakorea.ee\/#website\"},\"primaryImageOfPage\":{\"@id\":\"https:\/\/idakorea.ee\/product\/naopuhastusgeel-vaht-sulwhasoo-gentle-cleansing-foam-50ml\/#primaryimage\"},\"image\":{\"@id\":\"https:\/\/idakorea.ee\/product\/naopuhastusgeel-vaht-sulwhasoo-gentle-cleansing-foam-50ml\/#primaryimage\"},\"thumbnailUrl\":\"https:\/\/idakorea.ee\/wp-content\/uploads\/2024\/07\/sulwhasoo-gentle-cleansing-foam.jpg\",\"datePublished\":\"2024-07-03T07:21:14+00:00\",\"dateModified\":\"2026-03-27T06:36:21+00:00\",\"description\":\"Sulwhasoo Gentle Cleansing Foam tungib s\u00fcgavale pooridesse ja puhastab t\u00f5husalt meigij\u00e4\u00e4gid, rasu, tolmu ja muud saasteained.\",\"breadcrumb\":{\"@id\":\"https:\/\/idakorea.ee\/product\/naopuhastusgeel-vaht-sulwhasoo-gentle-cleansing-foam-50ml\/#breadcrumb\"},\"inLanguage\":\"en-US\",\"potentialAction\":[{\"@type\":\"ReadAction\",\"target\":[\"https:\/\/idakorea.ee\/product\/naopuhastusgeel-vaht-sulwhasoo-gentle-cleansing-foam-50ml\/\"]}]},{\"@type\":\"ImageObject\",\"inLanguage\":\"en-US\",\"@id\":\"https:\/\/idakorea.ee\/product\/naopuhastusgeel-vaht-sulwhasoo-gentle-cleansing-foam-50ml\/#primaryimage\",\"url\":\"https:\/\/idakorea.ee\/wp-content\/uploads\/2024\/07\/sulwhasoo-gentle-cleansing-foam.jpg\",\"contentUrl\":\"https:\/\/idakorea.ee\/wp-content\/uploads\/2024\/07\/sulwhasoo-gentle-cleansing-foam.jpg\",\"width\":1000,\"height\":1000},{\"@type\":\"BreadcrumbList\",\"@id\":\"https:\/\/idakorea.ee\/product\/naopuhastusgeel-vaht-sulwhasoo-gentle-cleansing-foam-50ml\/#breadcrumb\",\"itemListElement\":[{\"@type\":\"ListItem\",\"position\":1,\"name\":\"\u0413\u043b\u0430\u0432\u043d\u0430\u044f \u0441\u0442\u0440\u0430\u043d\u0438\u0446\u0430\",\"item\":\"https:\/\/idakorea.ee\/\"},{\"@type\":\"ListItem\",\"position\":2,\"name\":\"Shop\",\"item\":\"https:\/\/idakorea.ee\/shop-2\/\"},{\"@type\":\"ListItem\",\"position\":3,\"name\":\"N\u00e4opuhastusgeel-vaht Sulwhasoo Gentle Cleansing Foam, 50ml\"}]},{\"@type\":\"WebSite\",\"@id\":\"https:\/\/idakorea.ee\/#website\",\"url\":\"https:\/\/idakorea.ee\/\",\"name\":\"IDA.KOREA\",\"description\":\"Korea kosmeetika e-pood\",\"publisher\":{\"@id\":\"https:\/\/idakorea.ee\/#organization\"},\"alternateName\":\"Beauty Shop\",\"potentialAction\":[{\"@type\":\"SearchAction\",\"target\":{\"@type\":\"EntryPoint\",\"urlTemplate\":\"https:\/\/idakorea.ee\/?s={search_term_string}\"},\"query-input\":{\"@type\":\"PropertyValueSpecification\",\"valueRequired\":true,\"valueName\":\"search_term_string\"}}],\"inLanguage\":\"en-US\"},{\"@type\":\"Organization\",\"@id\":\"https:\/\/idakorea.ee\/#organization\",\"name\":\"IDA.KOREA\",\"url\":\"https:\/\/idakorea.ee\/\",\"logo\":{\"@type\":\"ImageObject\",\"inLanguage\":\"en-US\",\"@id\":\"https:\/\/idakorea.ee\/#\/schema\/logo\/image\/\",\"url\":\"https:\/\/idakorea.ee\/wp-content\/uploads\/2024\/05\/cropped-korea3.png\",\"contentUrl\":\"https:\/\/idakorea.ee\/wp-content\/uploads\/2024\/05\/cropped-korea3.png\",\"width\":688,\"height\":126,\"caption\":\"IDA.KOREA\"},\"image\":{\"@id\":\"https:\/\/idakorea.ee\/#\/schema\/logo\/image\/\"},\"sameAs\":[\"https:\/\/www.instagram.com\/ida.korea\/\"]}]}<\/script>\n<!-- \/ Yoast SEO plugin. -->","yoast_head_json":{"title":"Face cleansing gel-foam Sulwhasoo Gentle Cleansing Foam, 50ml - IDA.KOREA","description":"Sulwhasoo Gentle Cleansing Foam penetrates deep into pores and effectively cleanses makeup residue, sebum, dust, and other pollutants.","robots":{"index":"index","follow":"follow","max-snippet":"max-snippet:-1","max-image-preview":"max-image-preview:large","max-video-preview":"max-video-preview:-1"},"canonical":"https:\/\/idakorea.ee\/en\/product\/naopuhastusgeel-vaht-sulwhasoo-gentle-cleansing-foam-50ml\/","og_locale":"en_US","og_type":"article","og_title":"N\u00e4opuhastusgeel-vaht Sulwhasoo Gentle Cleansing Foam, 50ml - IDA.KOREA","og_description":"Sulwhasoo Gentle Cleansing Foam tungib s\u00fcgavale pooridesse ja puhastab t\u00f5husalt meigij\u00e4\u00e4gid, rasu, tolmu ja muud saasteained.","og_url":"https:\/\/idakorea.ee\/en\/product\/naopuhastusgeel-vaht-sulwhasoo-gentle-cleansing-foam-50ml\/","og_site_name":"IDA.KOREA","article_modified_time":"2026-03-27T06:36:21+00:00","og_image":[{"width":1000,"height":1000,"url":"https:\/\/idakorea.ee\/wp-content\/uploads\/2024\/07\/sulwhasoo-gentle-cleansing-foam.jpg","type":"image\/jpeg"}],"twitter_card":"summary_large_image","twitter_misc":{"Est. reading time":"2 minutes"},"schema":{"@context":"https:\/\/schema.org","@graph":[{"@type":"WebPage","@id":"https:\/\/idakorea.ee\/product\/naopuhastusgeel-vaht-sulwhasoo-gentle-cleansing-foam-50ml\/","url":"https:\/\/idakorea.ee\/product\/naopuhastusgeel-vaht-sulwhasoo-gentle-cleansing-foam-50ml\/","name":"Face cleansing gel-foam Sulwhasoo Gentle Cleansing Foam, 50ml - IDA.KOREA","isPartOf":{"@id":"https:\/\/idakorea.ee\/#website"},"primaryImageOfPage":{"@id":"https:\/\/idakorea.ee\/product\/naopuhastusgeel-vaht-sulwhasoo-gentle-cleansing-foam-50ml\/#primaryimage"},"image":{"@id":"https:\/\/idakorea.ee\/product\/naopuhastusgeel-vaht-sulwhasoo-gentle-cleansing-foam-50ml\/#primaryimage"},"thumbnailUrl":"https:\/\/idakorea.ee\/wp-content\/uploads\/2024\/07\/sulwhasoo-gentle-cleansing-foam.jpg","datePublished":"2024-07-03T07:21:14+00:00","dateModified":"2026-03-27T06:36:21+00:00","description":"Sulwhasoo Gentle Cleansing Foam penetrates deep into pores and effectively cleanses makeup residue, sebum, dust, and other pollutants.","breadcrumb":{"@id":"https:\/\/idakorea.ee\/product\/naopuhastusgeel-vaht-sulwhasoo-gentle-cleansing-foam-50ml\/#breadcrumb"},"inLanguage":"en-US","potentialAction":[{"@type":"ReadAction","target":["https:\/\/idakorea.ee\/product\/naopuhastusgeel-vaht-sulwhasoo-gentle-cleansing-foam-50ml\/"]}]},{"@type":"ImageObject","inLanguage":"en-US","@id":"https:\/\/idakorea.ee\/product\/naopuhastusgeel-vaht-sulwhasoo-gentle-cleansing-foam-50ml\/#primaryimage","url":"https:\/\/idakorea.ee\/wp-content\/uploads\/2024\/07\/sulwhasoo-gentle-cleansing-foam.jpg","contentUrl":"https:\/\/idakorea.ee\/wp-content\/uploads\/2024\/07\/sulwhasoo-gentle-cleansing-foam.jpg","width":1000,"height":1000},{"@type":"BreadcrumbList","@id":"https:\/\/idakorea.ee\/product\/naopuhastusgeel-vaht-sulwhasoo-gentle-cleansing-foam-50ml\/#breadcrumb","itemListElement":[{"@type":"ListItem","position":1,"name":"\u0413\u043b\u0430\u0432\u043d\u0430\u044f \u0441\u0442\u0440\u0430\u043d\u0438\u0446\u0430","item":"https:\/\/idakorea.ee\/"},{"@type":"ListItem","position":2,"name":"Shop","item":"https:\/\/idakorea.ee\/shop-2\/"},{"@type":"ListItem","position":3,"name":"N\u00e4opuhastusgeel-vaht Sulwhasoo Gentle Cleansing Foam, 50ml"}]},{"@type":"WebSite","@id":"https:\/\/idakorea.ee\/#website","url":"https:\/\/idakorea.ee\/","name":"IDA.KOREA","description":"Korean cosmetics e-shop","publisher":{"@id":"https:\/\/idakorea.ee\/#organization"},"alternateName":"Beauty Shop","potentialAction":[{"@type":"SearchAction","target":{"@type":"EntryPoint","urlTemplate":"https:\/\/idakorea.ee\/?s={search_term_string}"},"query-input":{"@type":"PropertyValueSpecification","valueRequired":true,"valueName":"search_term_string"}}],"inLanguage":"en-US"},{"@type":"Organization","@id":"https:\/\/idakorea.ee\/#organization","name":"IDA.KOREA","url":"https:\/\/idakorea.ee\/","logo":{"@type":"ImageObject","inLanguage":"en-US","@id":"https:\/\/idakorea.ee\/#\/schema\/logo\/image\/","url":"https:\/\/idakorea.ee\/wp-content\/uploads\/2024\/05\/cropped-korea3.png","contentUrl":"https:\/\/idakorea.ee\/wp-content\/uploads\/2024\/05\/cropped-korea3.png","width":688,"height":126,"caption":"IDA.KOREA"},"image":{"@id":"https:\/\/idakorea.ee\/#\/schema\/logo\/image\/"},"sameAs":["https:\/\/www.instagram.com\/ida.korea\/"]}]}},"jetpack_sharing_enabled":true,"brands":[{"id":106,"name":"SULWHASOO","slug":"sulwhasoo"}],"_links":{"self":[{"href":"https:\/\/idakorea.ee\/en\/wp-json\/wp\/v2\/product\/9111","targetHints":{"allow":["GET"]}}],"collection":[{"href":"https:\/\/idakorea.ee\/en\/wp-json\/wp\/v2\/product"}],"about":[{"href":"https:\/\/idakorea.ee\/en\/wp-json\/wp\/v2\/types\/product"}],"replies":[{"embeddable":true,"href":"https:\/\/idakorea.ee\/en\/wp-json\/wp\/v2\/comments?post=9111"}],"version-history":[{"count":2,"href":"https:\/\/idakorea.ee\/en\/wp-json\/wp\/v2\/product\/9111\/revisions"}],"predecessor-version":[{"id":10302,"href":"https:\/\/idakorea.ee\/en\/wp-json\/wp\/v2\/product\/9111\/revisions\/10302"}],"wp:featuredmedia":[{"embeddable":true,"href":"https:\/\/idakorea.ee\/en\/wp-json\/wp\/v2\/media\/9112"}],"wp:attachment":[{"href":"https:\/\/idakorea.ee\/en\/wp-json\/wp\/v2\/media?parent=9111"}],"wp:term":[{"taxonomy":"pwb-brand","embeddable":true,"href":"https:\/\/idakorea.ee\/en\/wp-json\/wp\/v2\/pwb-brand?post=9111"},{"taxonomy":"product_brand","embeddable":true,"href":"https:\/\/idakorea.ee\/en\/wp-json\/wp\/v2\/product_brand?post=9111"},{"taxonomy":"product_cat","embeddable":true,"href":"https:\/\/idakorea.ee\/en\/wp-json\/wp\/v2\/product_cat?post=9111"},{"taxonomy":"product_tag","embeddable":true,"href":"https:\/\/idakorea.ee\/en\/wp-json\/wp\/v2\/product_tag?post=9111"}],"curies":[{"name":"wp","href":"https:\/\/api.w.org\/{rel}","templated":true}]}}