{"id":9116,"date":"2024-07-03T09:37:48","date_gmt":"2024-07-03T07:37:48","guid":{"rendered":"https:\/\/idakorea.ee\/?post_type=product&#038;p=9116"},"modified":"2026-04-04T16:13:29","modified_gmt":"2026-04-04T14:13:29","slug":"mini-komplekt-sulwhasoo-concentrated-ginseng-anti-aging-kit","status":"publish","type":"product","link":"https:\/\/idakorea.ee\/en\/product\/mini-komplekt-sulwhasoo-concentrated-ginseng-anti-aging-kit\/","title":{"rendered":"Mini komplekt Sulwhasoo Concentrated Ginseng Anti-Aging Kit EXP 14.12.2026"},"content":{"rendered":"<p><strong>Sulwhasoo Concentrated Ginseng Anti-Aging Kit<\/strong> consists of five products that provide comprehensive care for mature skin.<\/p>\n<p><strong>Included:<\/strong><\/p>\n<ul>\n<li><strong>Tonic Concentrated Ginseng Renewing Water EX (25 ml)<\/strong> - restores moisture levels after cleansing, reinforcing the effect of subsequent products. Normalizes pH balance and refreshes the skin.<\/li>\n<li><strong>Emulsion Concentrated Ginseng Renewing Emulsion EX (25 ml)<\/strong> - moisturises and softens the skin, restores the hydrolipidic barrier and retains moisture, preventing dryness and flakiness. With a delicate milky texture.<\/li>\n<li><strong>Serum Concentrated Ginseng Renewing Serum EX (5 ml)<\/strong> - contains microcapsules containing rare ginseng saponins - Ginsenomics\u2122. The capsules help the ingredients to penetrate deeper into the skin, providing a strengthening and firming effect and restoring ageing skin.<\/li>\n<li><strong>Cream Concentrated Ginseng Renewing Cream EX Classic (5 ml)<\/strong> - brand bestseller. Stimulates the production of collagen, increases skin elasticity, makes it firm and taut, reduces the depth of wrinkles. Nourishing texture that eliminates dryness and flakiness.<\/li>\n<li><strong>Eye Cream Concentrated Ginseng Renewing Eye Cream (3 ml)<\/strong> - restores the delicate skin around the eyes, reduces the depth of mimic wrinkles, nourishes and moisturises. Fights puffiness and dark circles.<\/li>\n<\/ul>\n<p><strong>Main active ingredients:<\/strong><\/p>\n<ul>\n<li><strong>Red ginseng extract and water<\/strong> - contain saponins, which provide regenerating and rejuvenating effects and enhance barrier functions. Smoothes and tightens mimic and ageing wrinkles.<\/li>\n<li><strong>Ginsenomics\u2122<\/strong> - a rare ginseng saponin that provides intense action. Improves microcirculation, maintains skin elasticity and density, provides antioxidant protection.<\/li>\n<li><strong>Peptides<\/strong> - provide anti-ageing action: stimulate regeneration, smooth and firm, reduce the depth of wrinkles. Argireline (a botulinum-like peptide) relaxes the mimic muscles, preventing the formation of mimic wrinkles.<\/li>\n<li><strong>Honey<\/strong> - brightens the skin, boosts local immunity, tones, increases elasticity and firmness.<\/li>\n<li><strong>Niacinamide (vitamin B3)<\/strong> - regulates oil production, eliminates oily shine, brightens and prevents pigmentation, stimulates collagen production, increasing elasticity and density.<\/li>\n<li><strong>Adenos<\/strong> - powerful anti-ageing active, stimulates collagen production, increases elasticity and density, firms and smoothes, slows down ageing.<\/li>\n<li><strong>Ceramides<\/strong> - strengthen the lipid layer of the epidermis, eliminate dryness, prevent moisture evaporation and penetration of harmful substances.<\/li>\n<li><strong>Tocopherol (vitamin E)<\/strong> - Smoothes wrinkles, tones, accelerates healing, eliminates scaling, normalizes lipid balance.<\/li>\n<\/ul>\n<p>Suitable for normal, combination and dry skin.<\/p>\n<p><strong>User manual:<\/strong> after cleansing, apply the toner to the face using a cotton pad or cotton pads. Then apply the serum and allow to absorb. Apply emulsion and finish by applying creams to the face and eye area.<\/p>","protected":false},"excerpt":{"rendered":"<p>The Sulwhasoo Concentrated Ginseng Anti-Aging Kit consists of five products that provide comprehensive care for mature skin. Tonic Concentrated Ginseng Renewing Water EX (25 ml) - restores moisture levels after cleansing, strengthening the effects of subsequent products. Concentrated cleansing after cleansing to reinforce the effects of the cleansing toner. Emulsion Concentrated Ginseng Renewing Emulsion EX (25 ml) - moisturises and softens the skin, restores the hydrolipidic barrier and maintains the...<\/p>","protected":false},"featured_media":9117,"comment_status":"open","ping_status":"closed","template":"","meta":{"_uf_show_specific_survey":0,"_uf_disable_surveys":false,"_bst_post_transparent":"default","_bst_post_title":"","_bst_post_layout":"default","_bst_post_sidebar_id":"","_bst_post_content_style":"default","_bst_post_vertical_padding":"default","_bst_post_feature":"","_bst_post_feature_position":"","_bst_post_header":false,"_bst_post_footer":false},"pwb-brand":[106],"product_brand":[],"product_cat":[95],"product_tag":[233,377,202,465,247,466,464],"class_list":{"0":"post-9116","1":"product","2":"type-product","3":"status-publish","4":"has-post-thumbnail","6":"pwb-brand-sulwhasoo","7":"product_cat-komplektid","8":"product_tag-internet-pood-eesti","9":"product_tag-k-beauty-2","10":"product_tag-korea-kosmeetika","11":"product_tag-korea-lux","12":"product_tag-korea-silmakreem","13":"product_tag-premium","14":"product_tag-sulwhasoo","16":"first","17":"outofstock","18":"sale","19":"shipping-taxable","20":"purchasable","21":"product-type-simple","22":"entry","23":"content-bg","24":"loop-entry"},"supplier_id":null,"supplier_sku":"","barcode":null,"atum_controlled":true,"out_stock_date":"2026-04-04 16:13:29","out_stock_threshold":null,"inheritable":false,"inbound_stock":0,"stock_on_hold":0,"sold_today":0,"sales_last_days":1,"out_stock_days":9,"lost_sales":30,"has_location":false,"update_date":"2026-04-14T00:05:11","atum_locations":[],"atum_stock_status":"outofstock","restock_status":false,"low_stock_amount":"","sales_update_date":"2026-04-14T00:05:11","calc_backorders":null,"yoast_head":"<!-- This site is optimized with the Yoast SEO plugin v27.2 - https:\/\/yoast.com\/product\/yoast-seo-wordpress\/ -->\n<title>Mini komplekt Sulwhasoo Concentrated Ginseng Anti-Aging Kit EXP 14.12.2026 - IDA.KOREA<\/title>\n<meta name=\"robots\" content=\"index, follow, max-snippet:-1, max-image-preview:large, max-video-preview:-1\" \/>\n<link rel=\"canonical\" href=\"https:\/\/idakorea.ee\/en\/product\/mini-komplekt-sulwhasoo-concentrated-ginseng-anti-aging-kit\/\" \/>\n<meta property=\"og:locale\" content=\"en_US\" \/>\n<meta property=\"og:type\" content=\"article\" \/>\n<meta property=\"og:title\" content=\"Mini komplekt Sulwhasoo Concentrated Ginseng Anti-Aging Kit EXP 14.12.2026 - IDA.KOREA\" \/>\n<meta property=\"og:description\" content=\"Sulwhasoo Concentrated Ginseng Anti-Aging Kit koosneb viiest tootest, mis pakuvad k\u00fcpsele nahale terviklikku hooldust. Komplektis: Tonic Concentrated Ginseng Renewing Water EX (25 ml) &#8211; taastab niiskustaseme p\u00e4rast puhastamist, tugevdades j\u00e4rgnevate toodete m\u00f5ju. Normaliseerib pH-tasakaalu ja v\u00e4rskendab nahka. Emulsion Concentrated Ginseng Renewing Emulsion EX (25 ml) &#8211; niisutab ja pehmendab nahka, taastab h\u00fcdrolipiidse barj\u00e4\u00e4ri ning hoiab...\" \/>\n<meta property=\"og:url\" content=\"https:\/\/idakorea.ee\/en\/product\/mini-komplekt-sulwhasoo-concentrated-ginseng-anti-aging-kit\/\" \/>\n<meta property=\"og:site_name\" content=\"IDA.KOREA\" \/>\n<meta property=\"article:modified_time\" content=\"2026-04-04T14:13:29+00:00\" \/>\n<meta property=\"og:image\" content=\"https:\/\/idakorea.ee\/wp-content\/uploads\/2024\/07\/sulwhasoo-concentrated-ginseng-anti_aging-kit_.jpg\" \/>\n\t<meta property=\"og:image:width\" content=\"1000\" \/>\n\t<meta property=\"og:image:height\" content=\"1000\" \/>\n\t<meta property=\"og:image:type\" content=\"image\/jpeg\" \/>\n<meta name=\"twitter:card\" content=\"summary_large_image\" \/>\n<meta name=\"twitter:label1\" content=\"Est. reading time\" \/>\n\t<meta name=\"twitter:data1\" content=\"2 minutes\" \/>\n<script type=\"application\/ld+json\" class=\"yoast-schema-graph\">{\"@context\":\"https:\/\/schema.org\",\"@graph\":[{\"@type\":\"WebPage\",\"@id\":\"https:\/\/idakorea.ee\/product\/mini-komplekt-sulwhasoo-concentrated-ginseng-anti-aging-kit\/\",\"url\":\"https:\/\/idakorea.ee\/product\/mini-komplekt-sulwhasoo-concentrated-ginseng-anti-aging-kit\/\",\"name\":\"Mini komplekt Sulwhasoo Concentrated Ginseng Anti-Aging Kit EXP 14.12.2026 - IDA.KOREA\",\"isPartOf\":{\"@id\":\"https:\/\/idakorea.ee\/#website\"},\"primaryImageOfPage\":{\"@id\":\"https:\/\/idakorea.ee\/product\/mini-komplekt-sulwhasoo-concentrated-ginseng-anti-aging-kit\/#primaryimage\"},\"image\":{\"@id\":\"https:\/\/idakorea.ee\/product\/mini-komplekt-sulwhasoo-concentrated-ginseng-anti-aging-kit\/#primaryimage\"},\"thumbnailUrl\":\"https:\/\/idakorea.ee\/wp-content\/uploads\/2024\/07\/sulwhasoo-concentrated-ginseng-anti_aging-kit_.jpg\",\"datePublished\":\"2024-07-03T07:37:48+00:00\",\"dateModified\":\"2026-04-04T14:13:29+00:00\",\"breadcrumb\":{\"@id\":\"https:\/\/idakorea.ee\/product\/mini-komplekt-sulwhasoo-concentrated-ginseng-anti-aging-kit\/#breadcrumb\"},\"inLanguage\":\"en-US\",\"potentialAction\":[{\"@type\":\"ReadAction\",\"target\":[\"https:\/\/idakorea.ee\/product\/mini-komplekt-sulwhasoo-concentrated-ginseng-anti-aging-kit\/\"]}]},{\"@type\":\"ImageObject\",\"inLanguage\":\"en-US\",\"@id\":\"https:\/\/idakorea.ee\/product\/mini-komplekt-sulwhasoo-concentrated-ginseng-anti-aging-kit\/#primaryimage\",\"url\":\"https:\/\/idakorea.ee\/wp-content\/uploads\/2024\/07\/sulwhasoo-concentrated-ginseng-anti_aging-kit_.jpg\",\"contentUrl\":\"https:\/\/idakorea.ee\/wp-content\/uploads\/2024\/07\/sulwhasoo-concentrated-ginseng-anti_aging-kit_.jpg\",\"width\":1000,\"height\":1000},{\"@type\":\"BreadcrumbList\",\"@id\":\"https:\/\/idakorea.ee\/product\/mini-komplekt-sulwhasoo-concentrated-ginseng-anti-aging-kit\/#breadcrumb\",\"itemListElement\":[{\"@type\":\"ListItem\",\"position\":1,\"name\":\"\u0413\u043b\u0430\u0432\u043d\u0430\u044f \u0441\u0442\u0440\u0430\u043d\u0438\u0446\u0430\",\"item\":\"https:\/\/idakorea.ee\/\"},{\"@type\":\"ListItem\",\"position\":2,\"name\":\"Shop\",\"item\":\"https:\/\/idakorea.ee\/shop-2\/\"},{\"@type\":\"ListItem\",\"position\":3,\"name\":\"Mini komplekt Sulwhasoo Concentrated Ginseng Anti-Aging Kit EXP 14.12.2026\"}]},{\"@type\":\"WebSite\",\"@id\":\"https:\/\/idakorea.ee\/#website\",\"url\":\"https:\/\/idakorea.ee\/\",\"name\":\"IDA.KOREA\",\"description\":\"Korea kosmeetika e-pood\",\"publisher\":{\"@id\":\"https:\/\/idakorea.ee\/#organization\"},\"alternateName\":\"Beauty Shop\",\"potentialAction\":[{\"@type\":\"SearchAction\",\"target\":{\"@type\":\"EntryPoint\",\"urlTemplate\":\"https:\/\/idakorea.ee\/?s={search_term_string}\"},\"query-input\":{\"@type\":\"PropertyValueSpecification\",\"valueRequired\":true,\"valueName\":\"search_term_string\"}}],\"inLanguage\":\"en-US\"},{\"@type\":\"Organization\",\"@id\":\"https:\/\/idakorea.ee\/#organization\",\"name\":\"IDA.KOREA\",\"url\":\"https:\/\/idakorea.ee\/\",\"logo\":{\"@type\":\"ImageObject\",\"inLanguage\":\"en-US\",\"@id\":\"https:\/\/idakorea.ee\/#\/schema\/logo\/image\/\",\"url\":\"https:\/\/idakorea.ee\/wp-content\/uploads\/2024\/05\/cropped-korea3.png\",\"contentUrl\":\"https:\/\/idakorea.ee\/wp-content\/uploads\/2024\/05\/cropped-korea3.png\",\"width\":688,\"height\":126,\"caption\":\"IDA.KOREA\"},\"image\":{\"@id\":\"https:\/\/idakorea.ee\/#\/schema\/logo\/image\/\"},\"sameAs\":[\"https:\/\/www.instagram.com\/ida.korea\/\"]}]}<\/script>\n<!-- \/ Yoast SEO plugin. -->","yoast_head_json":{"title":"Mini komplekt Sulwhasoo Concentrated Ginseng Anti-Aging Kit EXP 14.12.2026 - IDA.KOREA","robots":{"index":"index","follow":"follow","max-snippet":"max-snippet:-1","max-image-preview":"max-image-preview:large","max-video-preview":"max-video-preview:-1"},"canonical":"https:\/\/idakorea.ee\/en\/product\/mini-komplekt-sulwhasoo-concentrated-ginseng-anti-aging-kit\/","og_locale":"en_US","og_type":"article","og_title":"Mini komplekt Sulwhasoo Concentrated Ginseng Anti-Aging Kit EXP 14.12.2026 - IDA.KOREA","og_description":"Sulwhasoo Concentrated Ginseng Anti-Aging Kit koosneb viiest tootest, mis pakuvad k\u00fcpsele nahale terviklikku hooldust. Komplektis: Tonic Concentrated Ginseng Renewing Water EX (25 ml) &#8211; taastab niiskustaseme p\u00e4rast puhastamist, tugevdades j\u00e4rgnevate toodete m\u00f5ju. Normaliseerib pH-tasakaalu ja v\u00e4rskendab nahka. Emulsion Concentrated Ginseng Renewing Emulsion EX (25 ml) &#8211; niisutab ja pehmendab nahka, taastab h\u00fcdrolipiidse barj\u00e4\u00e4ri ning hoiab...","og_url":"https:\/\/idakorea.ee\/en\/product\/mini-komplekt-sulwhasoo-concentrated-ginseng-anti-aging-kit\/","og_site_name":"IDA.KOREA","article_modified_time":"2026-04-04T14:13:29+00:00","og_image":[{"width":1000,"height":1000,"url":"https:\/\/idakorea.ee\/wp-content\/uploads\/2024\/07\/sulwhasoo-concentrated-ginseng-anti_aging-kit_.jpg","type":"image\/jpeg"}],"twitter_card":"summary_large_image","twitter_misc":{"Est. reading time":"2 minutes"},"schema":{"@context":"https:\/\/schema.org","@graph":[{"@type":"WebPage","@id":"https:\/\/idakorea.ee\/product\/mini-komplekt-sulwhasoo-concentrated-ginseng-anti-aging-kit\/","url":"https:\/\/idakorea.ee\/product\/mini-komplekt-sulwhasoo-concentrated-ginseng-anti-aging-kit\/","name":"Mini komplekt Sulwhasoo Concentrated Ginseng Anti-Aging Kit EXP 14.12.2026 - IDA.KOREA","isPartOf":{"@id":"https:\/\/idakorea.ee\/#website"},"primaryImageOfPage":{"@id":"https:\/\/idakorea.ee\/product\/mini-komplekt-sulwhasoo-concentrated-ginseng-anti-aging-kit\/#primaryimage"},"image":{"@id":"https:\/\/idakorea.ee\/product\/mini-komplekt-sulwhasoo-concentrated-ginseng-anti-aging-kit\/#primaryimage"},"thumbnailUrl":"https:\/\/idakorea.ee\/wp-content\/uploads\/2024\/07\/sulwhasoo-concentrated-ginseng-anti_aging-kit_.jpg","datePublished":"2024-07-03T07:37:48+00:00","dateModified":"2026-04-04T14:13:29+00:00","breadcrumb":{"@id":"https:\/\/idakorea.ee\/product\/mini-komplekt-sulwhasoo-concentrated-ginseng-anti-aging-kit\/#breadcrumb"},"inLanguage":"en-US","potentialAction":[{"@type":"ReadAction","target":["https:\/\/idakorea.ee\/product\/mini-komplekt-sulwhasoo-concentrated-ginseng-anti-aging-kit\/"]}]},{"@type":"ImageObject","inLanguage":"en-US","@id":"https:\/\/idakorea.ee\/product\/mini-komplekt-sulwhasoo-concentrated-ginseng-anti-aging-kit\/#primaryimage","url":"https:\/\/idakorea.ee\/wp-content\/uploads\/2024\/07\/sulwhasoo-concentrated-ginseng-anti_aging-kit_.jpg","contentUrl":"https:\/\/idakorea.ee\/wp-content\/uploads\/2024\/07\/sulwhasoo-concentrated-ginseng-anti_aging-kit_.jpg","width":1000,"height":1000},{"@type":"BreadcrumbList","@id":"https:\/\/idakorea.ee\/product\/mini-komplekt-sulwhasoo-concentrated-ginseng-anti-aging-kit\/#breadcrumb","itemListElement":[{"@type":"ListItem","position":1,"name":"\u0413\u043b\u0430\u0432\u043d\u0430\u044f \u0441\u0442\u0440\u0430\u043d\u0438\u0446\u0430","item":"https:\/\/idakorea.ee\/"},{"@type":"ListItem","position":2,"name":"Shop","item":"https:\/\/idakorea.ee\/shop-2\/"},{"@type":"ListItem","position":3,"name":"Mini komplekt Sulwhasoo Concentrated Ginseng Anti-Aging Kit EXP 14.12.2026"}]},{"@type":"WebSite","@id":"https:\/\/idakorea.ee\/#website","url":"https:\/\/idakorea.ee\/","name":"IDA.KOREA","description":"Korean cosmetics e-shop","publisher":{"@id":"https:\/\/idakorea.ee\/#organization"},"alternateName":"Beauty Shop","potentialAction":[{"@type":"SearchAction","target":{"@type":"EntryPoint","urlTemplate":"https:\/\/idakorea.ee\/?s={search_term_string}"},"query-input":{"@type":"PropertyValueSpecification","valueRequired":true,"valueName":"search_term_string"}}],"inLanguage":"en-US"},{"@type":"Organization","@id":"https:\/\/idakorea.ee\/#organization","name":"IDA.KOREA","url":"https:\/\/idakorea.ee\/","logo":{"@type":"ImageObject","inLanguage":"en-US","@id":"https:\/\/idakorea.ee\/#\/schema\/logo\/image\/","url":"https:\/\/idakorea.ee\/wp-content\/uploads\/2024\/05\/cropped-korea3.png","contentUrl":"https:\/\/idakorea.ee\/wp-content\/uploads\/2024\/05\/cropped-korea3.png","width":688,"height":126,"caption":"IDA.KOREA"},"image":{"@id":"https:\/\/idakorea.ee\/#\/schema\/logo\/image\/"},"sameAs":["https:\/\/www.instagram.com\/ida.korea\/"]}]}},"jetpack_sharing_enabled":true,"brands":[{"id":106,"name":"SULWHASOO","slug":"sulwhasoo"}],"_links":{"self":[{"href":"https:\/\/idakorea.ee\/en\/wp-json\/wp\/v2\/product\/9116","targetHints":{"allow":["GET"]}}],"collection":[{"href":"https:\/\/idakorea.ee\/en\/wp-json\/wp\/v2\/product"}],"about":[{"href":"https:\/\/idakorea.ee\/en\/wp-json\/wp\/v2\/types\/product"}],"replies":[{"embeddable":true,"href":"https:\/\/idakorea.ee\/en\/wp-json\/wp\/v2\/comments?post=9116"}],"version-history":[{"count":2,"href":"https:\/\/idakorea.ee\/en\/wp-json\/wp\/v2\/product\/9116\/revisions"}],"predecessor-version":[{"id":18351,"href":"https:\/\/idakorea.ee\/en\/wp-json\/wp\/v2\/product\/9116\/revisions\/18351"}],"wp:featuredmedia":[{"embeddable":true,"href":"https:\/\/idakorea.ee\/en\/wp-json\/wp\/v2\/media\/9117"}],"wp:attachment":[{"href":"https:\/\/idakorea.ee\/en\/wp-json\/wp\/v2\/media?parent=9116"}],"wp:term":[{"taxonomy":"pwb-brand","embeddable":true,"href":"https:\/\/idakorea.ee\/en\/wp-json\/wp\/v2\/pwb-brand?post=9116"},{"taxonomy":"product_brand","embeddable":true,"href":"https:\/\/idakorea.ee\/en\/wp-json\/wp\/v2\/product_brand?post=9116"},{"taxonomy":"product_cat","embeddable":true,"href":"https:\/\/idakorea.ee\/en\/wp-json\/wp\/v2\/product_cat?post=9116"},{"taxonomy":"product_tag","embeddable":true,"href":"https:\/\/idakorea.ee\/en\/wp-json\/wp\/v2\/product_tag?post=9116"}],"curies":[{"name":"wp","href":"https:\/\/api.w.org\/{rel}","templated":true}]}}