{"id":9138,"date":"2024-07-04T11:06:36","date_gmt":"2024-07-04T11:06:36","guid":{"rendered":"https:\/\/idakorea.ee\/?post_type=product&#038;p=9138"},"modified":"2026-01-30T17:01:35","modified_gmt":"2026-01-30T15:01:35","slug":"maskipintsel-tonymoly-pack-brush","status":"publish","type":"product","link":"https:\/\/idakorea.ee\/en\/product\/maskipintsel-tonymoly-pack-brush\/","title":{"rendered":"TonyMoly Pack Brush"},"content":{"rendered":"<p><strong>Tony Moly Pack Brush<\/strong> the mask brush helps to evenly apply the product to the areas needed. The brush has soft yet dense enough bristles to pick up the right amount of creamy texture, from thick to semi-liquid consistency.<\/p>\n<p>With this brush, at-home spa treatments become more comfortable and pleasant, and take less time than before when you had to use your fingers.<\/p>","protected":false},"excerpt":{"rendered":"<p>The Tony Moly Pack Brush helps to evenly apply the product to the desired areas. The brush has soft yet dense enough bristles to pick up the right amount of creamy texture, from thick to semi-liquid consistency. With this brush, at-home spa treatments become more comfortable and pleasant, and take less time than before when fingers had to be used.<\/p>","protected":false},"featured_media":9139,"comment_status":"open","ping_status":"closed","template":"","meta":{"_uf_show_specific_survey":0,"_uf_disable_surveys":false,"_bst_post_transparent":"default","_bst_post_title":"","_bst_post_layout":"default","_bst_post_sidebar_id":"","_bst_post_content_style":"default","_bst_post_vertical_padding":"default","_bst_post_feature":"","_bst_post_feature_position":"","_bst_post_header":false,"_bst_post_footer":false},"pwb-brand":[467],"product_brand":[],"product_cat":[463],"product_tag":[],"class_list":{"0":"post-9138","1":"product","2":"type-product","3":"status-publish","4":"has-post-thumbnail","6":"pwb-brand-tonymoly","7":"product_cat-tarvikud","9":"first","10":"instock","11":"sale","12":"shipping-taxable","13":"purchasable","14":"product-type-simple","15":"entry","16":"content-bg","17":"loop-entry"},"supplier_id":null,"supplier_sku":"","barcode":null,"atum_controlled":true,"out_stock_date":null,"out_stock_threshold":null,"inheritable":false,"inbound_stock":0,"stock_on_hold":0,"sold_today":0,"sales_last_days":0,"out_stock_days":0,"lost_sales":0,"has_location":false,"update_date":"2026-04-14T00:05:06","atum_locations":[],"atum_stock_status":"instock","restock_status":false,"low_stock_amount":"","sales_update_date":"2026-04-14T00:05:06","calc_backorders":null,"yoast_head":"<!-- This site is optimized with the Yoast SEO plugin v27.2 - https:\/\/yoast.com\/product\/yoast-seo-wordpress\/ -->\n<title>Maskipintsel TonyMoly Pack Brush - IDA.KOREA<\/title>\n<meta name=\"robots\" content=\"index, follow, max-snippet:-1, max-image-preview:large, max-video-preview:-1\" \/>\n<link rel=\"canonical\" href=\"https:\/\/idakorea.ee\/en\/product\/maskipintsel-tonymoly-pack-brush\/\" \/>\n<meta property=\"og:locale\" content=\"en_US\" \/>\n<meta property=\"og:type\" content=\"article\" \/>\n<meta property=\"og:title\" content=\"Maskipintsel TonyMoly Pack Brush - IDA.KOREA\" \/>\n<meta property=\"og:description\" content=\"Tony Moly Pack Brush maskipintsel aitab \u00fchtlaselt kanda toodet vajalikele piirkondadele. Pintslil on pehme, kuid samas piisavalt tihe harjased, mille abil saab v\u00f5tta vajalikus koguses kreemja tekstuuriga toodet, alates paksust kuni poolvedela konsistentsini. Sellise pintsliga muutuvad kodused SPA-protseduurid mugavamaks ja meeldivamaks ning v\u00f5tavad v\u00e4hem aega kui varem, kui tuli kasutada s\u00f5rmi.\" \/>\n<meta property=\"og:url\" content=\"https:\/\/idakorea.ee\/en\/product\/maskipintsel-tonymoly-pack-brush\/\" \/>\n<meta property=\"og:site_name\" content=\"IDA.KOREA\" \/>\n<meta property=\"article:modified_time\" content=\"2026-01-30T15:01:35+00:00\" \/>\n<meta property=\"og:image\" content=\"https:\/\/idakorea.ee\/wp-content\/uploads\/2024\/07\/d6d106ea7f1eb36e922647930f8fa8a9.jpg\" \/>\n\t<meta property=\"og:image:width\" content=\"530\" \/>\n\t<meta property=\"og:image:height\" content=\"530\" \/>\n\t<meta property=\"og:image:type\" content=\"image\/jpeg\" \/>\n<meta name=\"twitter:card\" content=\"summary_large_image\" \/>\n<meta name=\"twitter:label1\" content=\"Est. reading time\" \/>\n\t<meta name=\"twitter:data1\" content=\"1 minute\" \/>\n<script type=\"application\/ld+json\" class=\"yoast-schema-graph\">{\"@context\":\"https:\/\/schema.org\",\"@graph\":[{\"@type\":\"WebPage\",\"@id\":\"https:\/\/idakorea.ee\/product\/maskipintsel-tonymoly-pack-brush\/\",\"url\":\"https:\/\/idakorea.ee\/product\/maskipintsel-tonymoly-pack-brush\/\",\"name\":\"Maskipintsel TonyMoly Pack Brush - IDA.KOREA\",\"isPartOf\":{\"@id\":\"https:\/\/idakorea.ee\/#website\"},\"primaryImageOfPage\":{\"@id\":\"https:\/\/idakorea.ee\/product\/maskipintsel-tonymoly-pack-brush\/#primaryimage\"},\"image\":{\"@id\":\"https:\/\/idakorea.ee\/product\/maskipintsel-tonymoly-pack-brush\/#primaryimage\"},\"thumbnailUrl\":\"https:\/\/idakorea.ee\/wp-content\/uploads\/2024\/07\/d6d106ea7f1eb36e922647930f8fa8a9.jpg\",\"datePublished\":\"2024-07-04T11:06:36+00:00\",\"dateModified\":\"2026-01-30T15:01:35+00:00\",\"breadcrumb\":{\"@id\":\"https:\/\/idakorea.ee\/product\/maskipintsel-tonymoly-pack-brush\/#breadcrumb\"},\"inLanguage\":\"en-US\",\"potentialAction\":[{\"@type\":\"ReadAction\",\"target\":[\"https:\/\/idakorea.ee\/product\/maskipintsel-tonymoly-pack-brush\/\"]}]},{\"@type\":\"ImageObject\",\"inLanguage\":\"en-US\",\"@id\":\"https:\/\/idakorea.ee\/product\/maskipintsel-tonymoly-pack-brush\/#primaryimage\",\"url\":\"https:\/\/idakorea.ee\/wp-content\/uploads\/2024\/07\/d6d106ea7f1eb36e922647930f8fa8a9.jpg\",\"contentUrl\":\"https:\/\/idakorea.ee\/wp-content\/uploads\/2024\/07\/d6d106ea7f1eb36e922647930f8fa8a9.jpg\",\"width\":530,\"height\":530},{\"@type\":\"BreadcrumbList\",\"@id\":\"https:\/\/idakorea.ee\/product\/maskipintsel-tonymoly-pack-brush\/#breadcrumb\",\"itemListElement\":[{\"@type\":\"ListItem\",\"position\":1,\"name\":\"\u0413\u043b\u0430\u0432\u043d\u0430\u044f \u0441\u0442\u0440\u0430\u043d\u0438\u0446\u0430\",\"item\":\"https:\/\/idakorea.ee\/\"},{\"@type\":\"ListItem\",\"position\":2,\"name\":\"Shop\",\"item\":\"https:\/\/idakorea.ee\/shop-2\/\"},{\"@type\":\"ListItem\",\"position\":3,\"name\":\"Maskipintsel TonyMoly Pack Brush\"}]},{\"@type\":\"WebSite\",\"@id\":\"https:\/\/idakorea.ee\/#website\",\"url\":\"https:\/\/idakorea.ee\/\",\"name\":\"IDA.KOREA\",\"description\":\"Korea kosmeetika e-pood\",\"publisher\":{\"@id\":\"https:\/\/idakorea.ee\/#organization\"},\"alternateName\":\"Beauty Shop\",\"potentialAction\":[{\"@type\":\"SearchAction\",\"target\":{\"@type\":\"EntryPoint\",\"urlTemplate\":\"https:\/\/idakorea.ee\/?s={search_term_string}\"},\"query-input\":{\"@type\":\"PropertyValueSpecification\",\"valueRequired\":true,\"valueName\":\"search_term_string\"}}],\"inLanguage\":\"en-US\"},{\"@type\":\"Organization\",\"@id\":\"https:\/\/idakorea.ee\/#organization\",\"name\":\"IDA.KOREA\",\"url\":\"https:\/\/idakorea.ee\/\",\"logo\":{\"@type\":\"ImageObject\",\"inLanguage\":\"en-US\",\"@id\":\"https:\/\/idakorea.ee\/#\/schema\/logo\/image\/\",\"url\":\"https:\/\/idakorea.ee\/wp-content\/uploads\/2024\/05\/cropped-korea3.png\",\"contentUrl\":\"https:\/\/idakorea.ee\/wp-content\/uploads\/2024\/05\/cropped-korea3.png\",\"width\":688,\"height\":126,\"caption\":\"IDA.KOREA\"},\"image\":{\"@id\":\"https:\/\/idakorea.ee\/#\/schema\/logo\/image\/\"},\"sameAs\":[\"https:\/\/www.instagram.com\/ida.korea\/\"]}]}<\/script>\n<!-- \/ Yoast SEO plugin. -->","yoast_head_json":{"title":"Make-up brush TonyMoly Pack Brush - IDA.KOREA","robots":{"index":"index","follow":"follow","max-snippet":"max-snippet:-1","max-image-preview":"max-image-preview:large","max-video-preview":"max-video-preview:-1"},"canonical":"https:\/\/idakorea.ee\/en\/product\/maskipintsel-tonymoly-pack-brush\/","og_locale":"en_US","og_type":"article","og_title":"Maskipintsel TonyMoly Pack Brush - IDA.KOREA","og_description":"Tony Moly Pack Brush maskipintsel aitab \u00fchtlaselt kanda toodet vajalikele piirkondadele. Pintslil on pehme, kuid samas piisavalt tihe harjased, mille abil saab v\u00f5tta vajalikus koguses kreemja tekstuuriga toodet, alates paksust kuni poolvedela konsistentsini. Sellise pintsliga muutuvad kodused SPA-protseduurid mugavamaks ja meeldivamaks ning v\u00f5tavad v\u00e4hem aega kui varem, kui tuli kasutada s\u00f5rmi.","og_url":"https:\/\/idakorea.ee\/en\/product\/maskipintsel-tonymoly-pack-brush\/","og_site_name":"IDA.KOREA","article_modified_time":"2026-01-30T15:01:35+00:00","og_image":[{"width":530,"height":530,"url":"https:\/\/idakorea.ee\/wp-content\/uploads\/2024\/07\/d6d106ea7f1eb36e922647930f8fa8a9.jpg","type":"image\/jpeg"}],"twitter_card":"summary_large_image","twitter_misc":{"Est. reading time":"1 minute"},"schema":{"@context":"https:\/\/schema.org","@graph":[{"@type":"WebPage","@id":"https:\/\/idakorea.ee\/product\/maskipintsel-tonymoly-pack-brush\/","url":"https:\/\/idakorea.ee\/product\/maskipintsel-tonymoly-pack-brush\/","name":"Make-up brush TonyMoly Pack Brush - IDA.KOREA","isPartOf":{"@id":"https:\/\/idakorea.ee\/#website"},"primaryImageOfPage":{"@id":"https:\/\/idakorea.ee\/product\/maskipintsel-tonymoly-pack-brush\/#primaryimage"},"image":{"@id":"https:\/\/idakorea.ee\/product\/maskipintsel-tonymoly-pack-brush\/#primaryimage"},"thumbnailUrl":"https:\/\/idakorea.ee\/wp-content\/uploads\/2024\/07\/d6d106ea7f1eb36e922647930f8fa8a9.jpg","datePublished":"2024-07-04T11:06:36+00:00","dateModified":"2026-01-30T15:01:35+00:00","breadcrumb":{"@id":"https:\/\/idakorea.ee\/product\/maskipintsel-tonymoly-pack-brush\/#breadcrumb"},"inLanguage":"en-US","potentialAction":[{"@type":"ReadAction","target":["https:\/\/idakorea.ee\/product\/maskipintsel-tonymoly-pack-brush\/"]}]},{"@type":"ImageObject","inLanguage":"en-US","@id":"https:\/\/idakorea.ee\/product\/maskipintsel-tonymoly-pack-brush\/#primaryimage","url":"https:\/\/idakorea.ee\/wp-content\/uploads\/2024\/07\/d6d106ea7f1eb36e922647930f8fa8a9.jpg","contentUrl":"https:\/\/idakorea.ee\/wp-content\/uploads\/2024\/07\/d6d106ea7f1eb36e922647930f8fa8a9.jpg","width":530,"height":530},{"@type":"BreadcrumbList","@id":"https:\/\/idakorea.ee\/product\/maskipintsel-tonymoly-pack-brush\/#breadcrumb","itemListElement":[{"@type":"ListItem","position":1,"name":"\u0413\u043b\u0430\u0432\u043d\u0430\u044f \u0441\u0442\u0440\u0430\u043d\u0438\u0446\u0430","item":"https:\/\/idakorea.ee\/"},{"@type":"ListItem","position":2,"name":"Shop","item":"https:\/\/idakorea.ee\/shop-2\/"},{"@type":"ListItem","position":3,"name":"Maskipintsel TonyMoly Pack Brush"}]},{"@type":"WebSite","@id":"https:\/\/idakorea.ee\/#website","url":"https:\/\/idakorea.ee\/","name":"IDA.KOREA","description":"Korean cosmetics e-shop","publisher":{"@id":"https:\/\/idakorea.ee\/#organization"},"alternateName":"Beauty Shop","potentialAction":[{"@type":"SearchAction","target":{"@type":"EntryPoint","urlTemplate":"https:\/\/idakorea.ee\/?s={search_term_string}"},"query-input":{"@type":"PropertyValueSpecification","valueRequired":true,"valueName":"search_term_string"}}],"inLanguage":"en-US"},{"@type":"Organization","@id":"https:\/\/idakorea.ee\/#organization","name":"IDA.KOREA","url":"https:\/\/idakorea.ee\/","logo":{"@type":"ImageObject","inLanguage":"en-US","@id":"https:\/\/idakorea.ee\/#\/schema\/logo\/image\/","url":"https:\/\/idakorea.ee\/wp-content\/uploads\/2024\/05\/cropped-korea3.png","contentUrl":"https:\/\/idakorea.ee\/wp-content\/uploads\/2024\/05\/cropped-korea3.png","width":688,"height":126,"caption":"IDA.KOREA"},"image":{"@id":"https:\/\/idakorea.ee\/#\/schema\/logo\/image\/"},"sameAs":["https:\/\/www.instagram.com\/ida.korea\/"]}]}},"jetpack_sharing_enabled":true,"brands":[{"id":467,"name":"TONYMOLY","slug":"tonymoly"}],"_links":{"self":[{"href":"https:\/\/idakorea.ee\/en\/wp-json\/wp\/v2\/product\/9138","targetHints":{"allow":["GET"]}}],"collection":[{"href":"https:\/\/idakorea.ee\/en\/wp-json\/wp\/v2\/product"}],"about":[{"href":"https:\/\/idakorea.ee\/en\/wp-json\/wp\/v2\/types\/product"}],"replies":[{"embeddable":true,"href":"https:\/\/idakorea.ee\/en\/wp-json\/wp\/v2\/comments?post=9138"}],"version-history":[{"count":2,"href":"https:\/\/idakorea.ee\/en\/wp-json\/wp\/v2\/product\/9138\/revisions"}],"predecessor-version":[{"id":17523,"href":"https:\/\/idakorea.ee\/en\/wp-json\/wp\/v2\/product\/9138\/revisions\/17523"}],"wp:featuredmedia":[{"embeddable":true,"href":"https:\/\/idakorea.ee\/en\/wp-json\/wp\/v2\/media\/9139"}],"wp:attachment":[{"href":"https:\/\/idakorea.ee\/en\/wp-json\/wp\/v2\/media?parent=9138"}],"wp:term":[{"taxonomy":"pwb-brand","embeddable":true,"href":"https:\/\/idakorea.ee\/en\/wp-json\/wp\/v2\/pwb-brand?post=9138"},{"taxonomy":"product_brand","embeddable":true,"href":"https:\/\/idakorea.ee\/en\/wp-json\/wp\/v2\/product_brand?post=9138"},{"taxonomy":"product_cat","embeddable":true,"href":"https:\/\/idakorea.ee\/en\/wp-json\/wp\/v2\/product_cat?post=9138"},{"taxonomy":"product_tag","embeddable":true,"href":"https:\/\/idakorea.ee\/en\/wp-json\/wp\/v2\/product_tag?post=9138"}],"curies":[{"name":"wp","href":"https:\/\/api.w.org\/{rel}","templated":true}]}}