{"id":9182,"date":"2024-07-04T13:14:38","date_gmt":"2024-07-04T13:14:38","guid":{"rendered":"https:\/\/idakorea.ee\/?post_type=product&#038;p=9182"},"modified":"2025-07-05T12:03:51","modified_gmt":"2025-07-05T09:03:51","slug":"naokomplekt-o-hui-prime-advancer-pro-5pcs-miniature-kit","status":"publish","type":"product","link":"https:\/\/idakorea.ee\/en\/product\/naokomplekt-o-hui-prime-advancer-pro-5pcs-miniature-kit\/","title":{"rendered":"O HUI Prime Advancer Pro 5pcs Miniature Kit"},"content":{"rendered":"<p><strong>O HUI Prime Advancer Pro 5pcs Miniature Kit <\/strong>contains five moisturising and rejuvenating face care products in a travel format, perfect for introducing the brand.<\/p>\n<p>Toner, emulsion, serum, eye cream and face cream provide a firming action, stimulate skin regeneration, reduce the depth of wrinkles and slow down the ageing process.<\/p>\n<p>The compact format is handy to take with you on your travels. The luxurious design makes a great gift.<\/p>\n<p><strong>Contents of the kit:<\/strong><\/p>\n<ul>\n<li><strong>Toner Prime Advancer PRO Essential Water (20 ml)<\/strong> - tones and moisturises, restores the skin after washing, prepares the skin for subsequent products and improves the absorption of active ingredients. Eliminates dryness and tightness after cleansing, softens and calms. The water-gel texture absorbs quickly and does not leave a sticky feeling.<\/li>\n<li><strong>Prime Advancer PRO Emulsion (20 ml)<\/strong> - an ultra-moisturising product with a light texture that instantly restores moisture levels and improves skin condition. Strengthens the moisture barrier, prevents dryness and dehydration, protects against external irritants. Soothes and softens, increases skin elasticity and density.<\/li>\n<li><strong>Seerum Prime Advancer PRO Ampoule Serum (4 ml)<\/strong> - a concentrated product that reduces the depth of wrinkles, strengthens the skin, provides elasticity and smoothes the skin contour. Soothes and moisturises, prevents cell damage caused by environmental factors. Softens, smoothes and silkens the skin.<\/li>\n<li><strong>Face Cream Prime Advancer PRO Ampoule Capture Cream EX (7 ml)<\/strong> - Deeply moisturizes and nourishes, elasticizes, smoothes and softens for a healthy glow and even complexion. Reduces the depth of wrinkles, increases tissue density. Activates the skin's internal regeneration resources, soothes, provides antioxidant protection, eliminates flakiness and dryness. Retains moisture in the cells for a long time. Contains capsules that melt on the skin and transport all the active components into the epidermis.<\/li>\n<li><strong>Prime Advancer PRO Eye Cream (5 ml)<\/strong> - makes the delicate skin around the eyes supple and plump, eliminates dryness and tightness, non-irritating. Reduces \"scars\", evens tone, eliminates signs of fatigue.<\/li>\n<\/ul>\n<p><strong>Main active ingredients:<\/strong><\/p>\n<ul>\n<li><strong>Skvala<\/strong> - soothes, moisturises and prevents evaporation of moisture, nourishes, slows down the ageing process.<\/li>\n<li><strong>Olive oil<\/strong> - deeply nourishes, enriches cells with beneficial microelements, gives skin a velvety softness.<\/li>\n<li><strong>Tregalooos<\/strong> - a polysaccharide that can bind water molecules, maintaining optimal hydration levels.<\/li>\n<li><strong>Panthenol (vitamin B5)<\/strong> - accelerates healing of micro-damage, softens and soothes, reduces redness, improves epidermal barrier functions.<\/li>\n<\/ul>\n<p>Suitable for all skin types.<\/p>\n<p><strong>Usage:<\/strong> after washing, apply the toner to the face with your hands or a cotton pad. Then apply an emulsion to the skin for additional hydration. Afterwards, apply a serum to the face and finish with a face cream and eye cream.<\/p>","protected":false},"excerpt":{"rendered":"<p>The HUI Prime Advancer Pro 5pcs Miniature Kit contains five moisturizing and rejuvenating facial care products in travel size, perfect for brand introduction. Toner, Emulsion, Serum, Eye Cream and Face Cream provide firming action, stimulate skin regeneration, reduce the depth of wrinkles and slow down the ageing process. The compact format is convenient to take with you on your travels. The luxurious design makes the kit a great gift. The Toner Prime....<\/p>","protected":false},"featured_media":9192,"comment_status":"open","ping_status":"closed","template":"","meta":{"_uf_show_specific_survey":0,"_uf_disable_surveys":false,"_bst_post_transparent":"default","_bst_post_title":"","_bst_post_layout":"default","_bst_post_sidebar_id":"","_bst_post_content_style":"default","_bst_post_vertical_padding":"default","_bst_post_feature":"","_bst_post_feature_position":"","_bst_post_header":false,"_bst_post_footer":false},"pwb-brand":[110],"product_brand":[],"product_cat":[95],"product_tag":[],"class_list":{"0":"post-9182","1":"product","2":"type-product","3":"status-publish","4":"has-post-thumbnail","6":"pwb-brand-o-hui","7":"product_cat-komplektid","9":"first","10":"outofstock","11":"sale","12":"shipping-taxable","13":"purchasable","14":"product-type-simple","15":"entry","16":"content-bg","17":"loop-entry"},"supplier_id":null,"supplier_sku":"","barcode":null,"atum_controlled":true,"out_stock_date":null,"out_stock_threshold":null,"inheritable":false,"inbound_stock":0,"stock_on_hold":0,"sold_today":0,"sales_last_days":0,"out_stock_days":0,"lost_sales":0,"has_location":false,"update_date":"2026-04-14T00:05:06","atum_locations":[],"atum_stock_status":"outofstock","restock_status":false,"low_stock_amount":"","sales_update_date":"2026-04-14T00:05:06","calc_backorders":null,"yoast_head":"<!-- This site is optimized with the Yoast SEO plugin v27.2 - https:\/\/yoast.com\/product\/yoast-seo-wordpress\/ -->\n<title>N\u00e4okomplekt O HUI Prime Advancer Pro 5pcs Miniature Kit - IDA.KOREA<\/title>\n<meta name=\"robots\" content=\"index, follow, max-snippet:-1, max-image-preview:large, max-video-preview:-1\" \/>\n<link rel=\"canonical\" href=\"https:\/\/idakorea.ee\/en\/product\/naokomplekt-o-hui-prime-advancer-pro-5pcs-miniature-kit\/\" \/>\n<meta property=\"og:locale\" content=\"en_US\" \/>\n<meta property=\"og:type\" content=\"article\" \/>\n<meta property=\"og:title\" content=\"N\u00e4okomplekt O HUI Prime Advancer Pro 5pcs Miniature Kit - IDA.KOREA\" \/>\n<meta property=\"og:description\" content=\"O HUI Prime Advancer Pro 5pcs Miniature Kit sisaldab viit niisutavat ja noorendavat n\u00e4ohooldusvahendit reisiformaadis, mis sobivad suurep\u00e4raselt kaubam\u00e4rgiga tutvumiseks. Toner, emulsioon, seerum, silmakreem ja n\u00e4okreem pakuvad tugevdavat toimet, stimuleerivad naha regeneratsiooni, v\u00e4hendavad kortsude s\u00fcgavust ja aeglustavad vananemisprotsessi. Kompaktne formaat on mugav kaasa v\u00f5tta reisile. Luksuslik disain teeb komplektist suurep\u00e4rase kingituse. Komplekti sisu: Toner Prime...\" \/>\n<meta property=\"og:url\" content=\"https:\/\/idakorea.ee\/en\/product\/naokomplekt-o-hui-prime-advancer-pro-5pcs-miniature-kit\/\" \/>\n<meta property=\"og:site_name\" content=\"IDA.KOREA\" \/>\n<meta property=\"article:modified_time\" content=\"2025-07-05T09:03:51+00:00\" \/>\n<meta property=\"og:image\" content=\"https:\/\/idakorea.ee\/wp-content\/uploads\/2024\/07\/s-l1200-1.webp\" \/>\n\t<meta property=\"og:image:width\" content=\"1200\" \/>\n\t<meta property=\"og:image:height\" content=\"1200\" \/>\n\t<meta property=\"og:image:type\" content=\"image\/webp\" \/>\n<meta name=\"twitter:card\" content=\"summary_large_image\" \/>\n<meta name=\"twitter:label1\" content=\"Est. reading time\" \/>\n\t<meta name=\"twitter:data1\" content=\"2 minutes\" \/>\n<script type=\"application\/ld+json\" class=\"yoast-schema-graph\">{\"@context\":\"https:\/\/schema.org\",\"@graph\":[{\"@type\":\"WebPage\",\"@id\":\"https:\/\/idakorea.ee\/product\/naokomplekt-o-hui-prime-advancer-pro-5pcs-miniature-kit\/\",\"url\":\"https:\/\/idakorea.ee\/product\/naokomplekt-o-hui-prime-advancer-pro-5pcs-miniature-kit\/\",\"name\":\"N\u00e4okomplekt O HUI Prime Advancer Pro 5pcs Miniature Kit - IDA.KOREA\",\"isPartOf\":{\"@id\":\"https:\/\/idakorea.ee\/#website\"},\"primaryImageOfPage\":{\"@id\":\"https:\/\/idakorea.ee\/product\/naokomplekt-o-hui-prime-advancer-pro-5pcs-miniature-kit\/#primaryimage\"},\"image\":{\"@id\":\"https:\/\/idakorea.ee\/product\/naokomplekt-o-hui-prime-advancer-pro-5pcs-miniature-kit\/#primaryimage\"},\"thumbnailUrl\":\"https:\/\/idakorea.ee\/wp-content\/uploads\/2024\/07\/s-l1200-1.webp\",\"datePublished\":\"2024-07-04T13:14:38+00:00\",\"dateModified\":\"2025-07-05T09:03:51+00:00\",\"breadcrumb\":{\"@id\":\"https:\/\/idakorea.ee\/product\/naokomplekt-o-hui-prime-advancer-pro-5pcs-miniature-kit\/#breadcrumb\"},\"inLanguage\":\"en-US\",\"potentialAction\":[{\"@type\":\"ReadAction\",\"target\":[\"https:\/\/idakorea.ee\/product\/naokomplekt-o-hui-prime-advancer-pro-5pcs-miniature-kit\/\"]}]},{\"@type\":\"ImageObject\",\"inLanguage\":\"en-US\",\"@id\":\"https:\/\/idakorea.ee\/product\/naokomplekt-o-hui-prime-advancer-pro-5pcs-miniature-kit\/#primaryimage\",\"url\":\"https:\/\/idakorea.ee\/wp-content\/uploads\/2024\/07\/s-l1200-1.webp\",\"contentUrl\":\"https:\/\/idakorea.ee\/wp-content\/uploads\/2024\/07\/s-l1200-1.webp\",\"width\":1200,\"height\":1200},{\"@type\":\"BreadcrumbList\",\"@id\":\"https:\/\/idakorea.ee\/product\/naokomplekt-o-hui-prime-advancer-pro-5pcs-miniature-kit\/#breadcrumb\",\"itemListElement\":[{\"@type\":\"ListItem\",\"position\":1,\"name\":\"\u0413\u043b\u0430\u0432\u043d\u0430\u044f \u0441\u0442\u0440\u0430\u043d\u0438\u0446\u0430\",\"item\":\"https:\/\/idakorea.ee\/\"},{\"@type\":\"ListItem\",\"position\":2,\"name\":\"Shop\",\"item\":\"https:\/\/idakorea.ee\/shop-2\/\"},{\"@type\":\"ListItem\",\"position\":3,\"name\":\"N\u00e4okomplekt O HUI Prime Advancer Pro 5pcs Miniature Kit\"}]},{\"@type\":\"WebSite\",\"@id\":\"https:\/\/idakorea.ee\/#website\",\"url\":\"https:\/\/idakorea.ee\/\",\"name\":\"IDA.KOREA\",\"description\":\"Korea kosmeetika e-pood\",\"publisher\":{\"@id\":\"https:\/\/idakorea.ee\/#organization\"},\"alternateName\":\"Beauty Shop\",\"potentialAction\":[{\"@type\":\"SearchAction\",\"target\":{\"@type\":\"EntryPoint\",\"urlTemplate\":\"https:\/\/idakorea.ee\/?s={search_term_string}\"},\"query-input\":{\"@type\":\"PropertyValueSpecification\",\"valueRequired\":true,\"valueName\":\"search_term_string\"}}],\"inLanguage\":\"en-US\"},{\"@type\":\"Organization\",\"@id\":\"https:\/\/idakorea.ee\/#organization\",\"name\":\"IDA.KOREA\",\"url\":\"https:\/\/idakorea.ee\/\",\"logo\":{\"@type\":\"ImageObject\",\"inLanguage\":\"en-US\",\"@id\":\"https:\/\/idakorea.ee\/#\/schema\/logo\/image\/\",\"url\":\"https:\/\/idakorea.ee\/wp-content\/uploads\/2024\/05\/cropped-korea3.png\",\"contentUrl\":\"https:\/\/idakorea.ee\/wp-content\/uploads\/2024\/05\/cropped-korea3.png\",\"width\":688,\"height\":126,\"caption\":\"IDA.KOREA\"},\"image\":{\"@id\":\"https:\/\/idakorea.ee\/#\/schema\/logo\/image\/\"},\"sameAs\":[\"https:\/\/www.instagram.com\/ida.korea\/\"]}]}<\/script>\n<!-- \/ Yoast SEO plugin. -->","yoast_head_json":{"title":"Face kit O HUI Prime Advancer Pro 5pcs Miniature Kit - IDA.KOREA","robots":{"index":"index","follow":"follow","max-snippet":"max-snippet:-1","max-image-preview":"max-image-preview:large","max-video-preview":"max-video-preview:-1"},"canonical":"https:\/\/idakorea.ee\/en\/product\/naokomplekt-o-hui-prime-advancer-pro-5pcs-miniature-kit\/","og_locale":"en_US","og_type":"article","og_title":"N\u00e4okomplekt O HUI Prime Advancer Pro 5pcs Miniature Kit - IDA.KOREA","og_description":"O HUI Prime Advancer Pro 5pcs Miniature Kit sisaldab viit niisutavat ja noorendavat n\u00e4ohooldusvahendit reisiformaadis, mis sobivad suurep\u00e4raselt kaubam\u00e4rgiga tutvumiseks. Toner, emulsioon, seerum, silmakreem ja n\u00e4okreem pakuvad tugevdavat toimet, stimuleerivad naha regeneratsiooni, v\u00e4hendavad kortsude s\u00fcgavust ja aeglustavad vananemisprotsessi. Kompaktne formaat on mugav kaasa v\u00f5tta reisile. Luksuslik disain teeb komplektist suurep\u00e4rase kingituse. Komplekti sisu: Toner Prime...","og_url":"https:\/\/idakorea.ee\/en\/product\/naokomplekt-o-hui-prime-advancer-pro-5pcs-miniature-kit\/","og_site_name":"IDA.KOREA","article_modified_time":"2025-07-05T09:03:51+00:00","og_image":[{"width":1200,"height":1200,"url":"https:\/\/idakorea.ee\/wp-content\/uploads\/2024\/07\/s-l1200-1.webp","type":"image\/webp"}],"twitter_card":"summary_large_image","twitter_misc":{"Est. reading time":"2 minutes"},"schema":{"@context":"https:\/\/schema.org","@graph":[{"@type":"WebPage","@id":"https:\/\/idakorea.ee\/product\/naokomplekt-o-hui-prime-advancer-pro-5pcs-miniature-kit\/","url":"https:\/\/idakorea.ee\/product\/naokomplekt-o-hui-prime-advancer-pro-5pcs-miniature-kit\/","name":"Face kit O HUI Prime Advancer Pro 5pcs Miniature Kit - IDA.KOREA","isPartOf":{"@id":"https:\/\/idakorea.ee\/#website"},"primaryImageOfPage":{"@id":"https:\/\/idakorea.ee\/product\/naokomplekt-o-hui-prime-advancer-pro-5pcs-miniature-kit\/#primaryimage"},"image":{"@id":"https:\/\/idakorea.ee\/product\/naokomplekt-o-hui-prime-advancer-pro-5pcs-miniature-kit\/#primaryimage"},"thumbnailUrl":"https:\/\/idakorea.ee\/wp-content\/uploads\/2024\/07\/s-l1200-1.webp","datePublished":"2024-07-04T13:14:38+00:00","dateModified":"2025-07-05T09:03:51+00:00","breadcrumb":{"@id":"https:\/\/idakorea.ee\/product\/naokomplekt-o-hui-prime-advancer-pro-5pcs-miniature-kit\/#breadcrumb"},"inLanguage":"en-US","potentialAction":[{"@type":"ReadAction","target":["https:\/\/idakorea.ee\/product\/naokomplekt-o-hui-prime-advancer-pro-5pcs-miniature-kit\/"]}]},{"@type":"ImageObject","inLanguage":"en-US","@id":"https:\/\/idakorea.ee\/product\/naokomplekt-o-hui-prime-advancer-pro-5pcs-miniature-kit\/#primaryimage","url":"https:\/\/idakorea.ee\/wp-content\/uploads\/2024\/07\/s-l1200-1.webp","contentUrl":"https:\/\/idakorea.ee\/wp-content\/uploads\/2024\/07\/s-l1200-1.webp","width":1200,"height":1200},{"@type":"BreadcrumbList","@id":"https:\/\/idakorea.ee\/product\/naokomplekt-o-hui-prime-advancer-pro-5pcs-miniature-kit\/#breadcrumb","itemListElement":[{"@type":"ListItem","position":1,"name":"\u0413\u043b\u0430\u0432\u043d\u0430\u044f \u0441\u0442\u0440\u0430\u043d\u0438\u0446\u0430","item":"https:\/\/idakorea.ee\/"},{"@type":"ListItem","position":2,"name":"Shop","item":"https:\/\/idakorea.ee\/shop-2\/"},{"@type":"ListItem","position":3,"name":"N\u00e4okomplekt O HUI Prime Advancer Pro 5pcs Miniature Kit"}]},{"@type":"WebSite","@id":"https:\/\/idakorea.ee\/#website","url":"https:\/\/idakorea.ee\/","name":"IDA.KOREA","description":"Korean cosmetics e-shop","publisher":{"@id":"https:\/\/idakorea.ee\/#organization"},"alternateName":"Beauty Shop","potentialAction":[{"@type":"SearchAction","target":{"@type":"EntryPoint","urlTemplate":"https:\/\/idakorea.ee\/?s={search_term_string}"},"query-input":{"@type":"PropertyValueSpecification","valueRequired":true,"valueName":"search_term_string"}}],"inLanguage":"en-US"},{"@type":"Organization","@id":"https:\/\/idakorea.ee\/#organization","name":"IDA.KOREA","url":"https:\/\/idakorea.ee\/","logo":{"@type":"ImageObject","inLanguage":"en-US","@id":"https:\/\/idakorea.ee\/#\/schema\/logo\/image\/","url":"https:\/\/idakorea.ee\/wp-content\/uploads\/2024\/05\/cropped-korea3.png","contentUrl":"https:\/\/idakorea.ee\/wp-content\/uploads\/2024\/05\/cropped-korea3.png","width":688,"height":126,"caption":"IDA.KOREA"},"image":{"@id":"https:\/\/idakorea.ee\/#\/schema\/logo\/image\/"},"sameAs":["https:\/\/www.instagram.com\/ida.korea\/"]}]}},"jetpack_sharing_enabled":true,"brands":[{"id":110,"name":"O HUI","slug":"o-hui"}],"_links":{"self":[{"href":"https:\/\/idakorea.ee\/en\/wp-json\/wp\/v2\/product\/9182","targetHints":{"allow":["GET"]}}],"collection":[{"href":"https:\/\/idakorea.ee\/en\/wp-json\/wp\/v2\/product"}],"about":[{"href":"https:\/\/idakorea.ee\/en\/wp-json\/wp\/v2\/types\/product"}],"replies":[{"embeddable":true,"href":"https:\/\/idakorea.ee\/en\/wp-json\/wp\/v2\/comments?post=9182"}],"version-history":[{"count":1,"href":"https:\/\/idakorea.ee\/en\/wp-json\/wp\/v2\/product\/9182\/revisions"}],"predecessor-version":[{"id":10300,"href":"https:\/\/idakorea.ee\/en\/wp-json\/wp\/v2\/product\/9182\/revisions\/10300"}],"wp:featuredmedia":[{"embeddable":true,"href":"https:\/\/idakorea.ee\/en\/wp-json\/wp\/v2\/media\/9192"}],"wp:attachment":[{"href":"https:\/\/idakorea.ee\/en\/wp-json\/wp\/v2\/media?parent=9182"}],"wp:term":[{"taxonomy":"pwb-brand","embeddable":true,"href":"https:\/\/idakorea.ee\/en\/wp-json\/wp\/v2\/pwb-brand?post=9182"},{"taxonomy":"product_brand","embeddable":true,"href":"https:\/\/idakorea.ee\/en\/wp-json\/wp\/v2\/product_brand?post=9182"},{"taxonomy":"product_cat","embeddable":true,"href":"https:\/\/idakorea.ee\/en\/wp-json\/wp\/v2\/product_cat?post=9182"},{"taxonomy":"product_tag","embeddable":true,"href":"https:\/\/idakorea.ee\/en\/wp-json\/wp\/v2\/product_tag?post=9182"}],"curies":[{"name":"wp","href":"https:\/\/api.w.org\/{rel}","templated":true}]}}