{"id":9200,"date":"2024-07-04T13:36:56","date_gmt":"2024-07-04T13:36:56","guid":{"rendered":"https:\/\/idakorea.ee\/?post_type=product&#038;p=9200"},"modified":"2026-04-03T14:40:57","modified_gmt":"2026-04-03T12:40:57","slug":"noorendav-silmakreem-pyunkang-yul-black-tea-time-reverse-eye-cream-9ml","status":"publish","type":"product","link":"https:\/\/idakorea.ee\/en\/product\/noorendav-silmakreem-pyunkang-yul-black-tea-time-reverse-eye-cream-9ml\/","title":{"rendered":"Pyunkang Yul Black Tea Time Reverse Eye Cream, 9ml"},"content":{"rendered":"<p><strong>Pyunkang Yul Black Tea Time Reverse Eye Cream<\/strong> is a rejuvenating eye cream that effectively nourishes, hydrates and tones the skin. Containing niacinamide, it brightens dark under-eye circles. Acetyl Hexapeptide-8, with botox-like action, helps to smooth wrinkles. The cream contains shea butter, macadamia oil, ceramides and niacinamide.<\/p>\n<p>The product is safe and hypoallergenic, free from artificial colours and fragrances. It is non-irritating and ideal for sensitive skin. All ingredients are certified by the EWG Environmental Working Group.<\/p>\n<p>Pyunkang Yul is a Korean cosmetics brand founded by one of the best Oriental medicine clinics in Korea. The brand produces only natural cosmetics (without fragrances, alcohol, parabens and silicones) suitable for the most demanding, sensitive and problem skin.<\/p>\n<p>&nbsp;<\/p>\n<p><strong>Main active ingredients:<\/strong><\/p>\n<ul>\n<li><strong>Macadamia oil<\/strong> - has a restorative and rejuvenating action, restores skin tone, elasticity and moisture. Acts as an antioxidant, preventing the damaging effects of free radicals and slowing down the ageing process. Ideal for dry, dehydrated and rough skin.<\/li>\n<li><strong>Sheawi<\/strong> - has a strong emollient effect, accelerates wound healing, promotes faster skin recovery, has a rejuvenating effect and relieves inflammation without clogging pores.<\/li>\n<li><strong>Ceramides<\/strong> - promote skin renewal, improve skin barrier and barrier functions, normalise hydrolipid balance, protect against dehydration and have rejuvenating potential.<\/li>\n<li><strong>Kombucha<\/strong> (fermented black tea extract) - tones and strengthens skin immunity, eliminates dull complexion, moisturises and nourishes skin. Has a strong antioxidant action, prolonging the skin's youth.<\/li>\n<li><strong>Niacinamide<\/strong> - Stimulates collagen synthesis and improves the skin's protective functions, helps reduce transepidermal water loss and eliminate pigmentation, moisturises, tightens pores, soothes and brightens the skin.<\/li>\n<li><strong>3 types of hyaluronic acid<\/strong> - create an invisible barrier on the skin that prevents moisture evaporation, improve skin texture, promote epidermal regeneration, reduce fine wrinkles and make the skin smooth and supple.<\/li>\n<li><strong>Beta-glucan<\/strong> - a natural polysaccharide and immune stimulator derived from oats. It has immunomodulatory and antioxidant properties, protecting and repairing damaged skin and preventing premature ageing.<\/li>\n<li><strong>Acetyl hexapeptide-8<\/strong> - smoothes wrinkles, improves overall skin tone and strengthens collagen fibres. It has a muscle relaxing effect, relaxing facial muscles and making skin folds less visible.<\/li>\n<\/ul>\n<p>Suitable for mature and hypersensitive skin.<\/p>\n<p><strong>User manual:<\/strong> Apply the required amount of cream to the skin around the eye area, tapping with fingertips.<\/p>","protected":false},"excerpt":{"rendered":"<p>Pyunkang Yul Black Tea Time Reverse Eye Cream is a rejuvenating eye cream that effectively nourishes, hydrates and tones the skin. Containing niacinamide, it brightens dark under-eye circles. Acetyl Hexapeptide-8, with botox-like action, helps to smooth wrinkles. The cream contains shea butter, macadamia oil, ceramides and niacinamide. The product is safe and hypoallergenic, free from artificial colouring and fragrances. The cream does not cause irritation....<\/p>","protected":false},"featured_media":9201,"comment_status":"open","ping_status":"closed","template":"","meta":{"_uf_show_specific_survey":0,"_uf_disable_surveys":false,"_bst_post_transparent":"default","_bst_post_title":"","_bst_post_layout":"default","_bst_post_sidebar_id":"","_bst_post_content_style":"default","_bst_post_vertical_padding":"default","_bst_post_feature":"","_bst_post_feature_position":"","_bst_post_header":false,"_bst_post_footer":false},"pwb-brand":[474],"product_brand":[],"product_cat":[92,99,201],"product_tag":[202,465,247],"class_list":{"0":"post-9200","1":"product","2":"type-product","3":"status-publish","4":"has-post-thumbnail","6":"pwb-brand-pyunkang-yul","7":"product_cat-nagu","8":"product_cat-silmad-ja-huuled-2","9":"product_cat-silmakreem","10":"product_tag-korea-kosmeetika","11":"product_tag-korea-lux","12":"product_tag-korea-silmakreem","14":"first","15":"instock","16":"sale","17":"shipping-taxable","18":"purchasable","19":"product-type-simple","20":"entry","21":"content-bg","22":"loop-entry"},"supplier_id":null,"supplier_sku":"","barcode":null,"atum_controlled":true,"out_stock_date":null,"out_stock_threshold":null,"inheritable":false,"inbound_stock":0,"stock_on_hold":0,"sold_today":0,"sales_last_days":1,"out_stock_days":0,"lost_sales":0,"has_location":false,"update_date":"2026-04-14T00:05:11","atum_locations":[],"atum_stock_status":"instock","restock_status":false,"low_stock_amount":"","sales_update_date":"2026-04-14T00:05:11","calc_backorders":null,"yoast_head":"<!-- This site is optimized with the Yoast SEO plugin v27.2 - https:\/\/yoast.com\/product\/yoast-seo-wordpress\/ -->\n<title>Noorendav silmakreem Pyunkang Yul Black Tea Time Reverse Eye Cream, 9ml - IDA.KOREA<\/title>\n<meta name=\"robots\" content=\"index, follow, max-snippet:-1, max-image-preview:large, max-video-preview:-1\" \/>\n<link rel=\"canonical\" href=\"https:\/\/idakorea.ee\/en\/product\/noorendav-silmakreem-pyunkang-yul-black-tea-time-reverse-eye-cream-9ml\/\" \/>\n<meta property=\"og:locale\" content=\"en_US\" \/>\n<meta property=\"og:type\" content=\"article\" \/>\n<meta property=\"og:title\" content=\"Noorendav silmakreem Pyunkang Yul Black Tea Time Reverse Eye Cream, 9ml - IDA.KOREA\" \/>\n<meta property=\"og:description\" content=\"Pyunkang Yul Black Tea Time Reverse Eye Cream on noorendav silmakreem, mis toidab, niisutab ja toniseerib nahka t\u00f5husalt. Niasiiniamiidi sisaldav kreem heledab tumedaid silmaaluseid. Acetyl Hexapeptide-8, millel on botoksisarnane toime, aitab siluda kortse. Kreem sisaldab sheav\u00f5id, makadaamia\u00f5li, ceramiide ja niatsiiniamiidi. Toode on ohutu ja h\u00fcpoallergeenne, ei sisalda kunstlikke v\u00e4rvaineid ega l\u00f5hnaaineid. Kreem ei p\u00f5hjusta \u00e4rritusi...\" \/>\n<meta property=\"og:url\" content=\"https:\/\/idakorea.ee\/en\/product\/noorendav-silmakreem-pyunkang-yul-black-tea-time-reverse-eye-cream-9ml\/\" \/>\n<meta property=\"og:site_name\" content=\"IDA.KOREA\" \/>\n<meta property=\"article:modified_time\" content=\"2026-04-03T12:40:57+00:00\" \/>\n<meta property=\"og:image\" content=\"https:\/\/idakorea.ee\/wp-content\/uploads\/2024\/07\/7560ca3e-8801-44e1-aaf2-91805b37bf52.webp.800x800_zuztl0mlfxp8gio_pyfl5svj.jpg\" \/>\n\t<meta property=\"og:image:width\" content=\"800\" \/>\n\t<meta property=\"og:image:height\" content=\"800\" \/>\n\t<meta property=\"og:image:type\" content=\"image\/jpeg\" \/>\n<meta name=\"twitter:card\" content=\"summary_large_image\" \/>\n<meta name=\"twitter:label1\" content=\"Est. reading time\" \/>\n\t<meta name=\"twitter:data1\" content=\"2 minutes\" \/>\n<script type=\"application\/ld+json\" class=\"yoast-schema-graph\">{\"@context\":\"https:\/\/schema.org\",\"@graph\":[{\"@type\":\"WebPage\",\"@id\":\"https:\/\/idakorea.ee\/product\/noorendav-silmakreem-pyunkang-yul-black-tea-time-reverse-eye-cream-9ml\/\",\"url\":\"https:\/\/idakorea.ee\/product\/noorendav-silmakreem-pyunkang-yul-black-tea-time-reverse-eye-cream-9ml\/\",\"name\":\"Noorendav silmakreem Pyunkang Yul Black Tea Time Reverse Eye Cream, 9ml - IDA.KOREA\",\"isPartOf\":{\"@id\":\"https:\/\/idakorea.ee\/#website\"},\"primaryImageOfPage\":{\"@id\":\"https:\/\/idakorea.ee\/product\/noorendav-silmakreem-pyunkang-yul-black-tea-time-reverse-eye-cream-9ml\/#primaryimage\"},\"image\":{\"@id\":\"https:\/\/idakorea.ee\/product\/noorendav-silmakreem-pyunkang-yul-black-tea-time-reverse-eye-cream-9ml\/#primaryimage\"},\"thumbnailUrl\":\"https:\/\/idakorea.ee\/wp-content\/uploads\/2024\/07\/7560ca3e-8801-44e1-aaf2-91805b37bf52.webp.800x800_zuztl0mlfxp8gio_pyfl5svj.jpg\",\"datePublished\":\"2024-07-04T13:36:56+00:00\",\"dateModified\":\"2026-04-03T12:40:57+00:00\",\"breadcrumb\":{\"@id\":\"https:\/\/idakorea.ee\/product\/noorendav-silmakreem-pyunkang-yul-black-tea-time-reverse-eye-cream-9ml\/#breadcrumb\"},\"inLanguage\":\"en-US\",\"potentialAction\":[{\"@type\":\"ReadAction\",\"target\":[\"https:\/\/idakorea.ee\/product\/noorendav-silmakreem-pyunkang-yul-black-tea-time-reverse-eye-cream-9ml\/\"]}]},{\"@type\":\"ImageObject\",\"inLanguage\":\"en-US\",\"@id\":\"https:\/\/idakorea.ee\/product\/noorendav-silmakreem-pyunkang-yul-black-tea-time-reverse-eye-cream-9ml\/#primaryimage\",\"url\":\"https:\/\/idakorea.ee\/wp-content\/uploads\/2024\/07\/7560ca3e-8801-44e1-aaf2-91805b37bf52.webp.800x800_zuztl0mlfxp8gio_pyfl5svj.jpg\",\"contentUrl\":\"https:\/\/idakorea.ee\/wp-content\/uploads\/2024\/07\/7560ca3e-8801-44e1-aaf2-91805b37bf52.webp.800x800_zuztl0mlfxp8gio_pyfl5svj.jpg\",\"width\":800,\"height\":800},{\"@type\":\"BreadcrumbList\",\"@id\":\"https:\/\/idakorea.ee\/product\/noorendav-silmakreem-pyunkang-yul-black-tea-time-reverse-eye-cream-9ml\/#breadcrumb\",\"itemListElement\":[{\"@type\":\"ListItem\",\"position\":1,\"name\":\"\u0413\u043b\u0430\u0432\u043d\u0430\u044f \u0441\u0442\u0440\u0430\u043d\u0438\u0446\u0430\",\"item\":\"https:\/\/idakorea.ee\/\"},{\"@type\":\"ListItem\",\"position\":2,\"name\":\"Shop\",\"item\":\"https:\/\/idakorea.ee\/shop-2\/\"},{\"@type\":\"ListItem\",\"position\":3,\"name\":\"Noorendav silmakreem Pyunkang Yul Black Tea Time Reverse Eye Cream, 9ml\"}]},{\"@type\":\"WebSite\",\"@id\":\"https:\/\/idakorea.ee\/#website\",\"url\":\"https:\/\/idakorea.ee\/\",\"name\":\"IDA.KOREA\",\"description\":\"Korea kosmeetika e-pood\",\"publisher\":{\"@id\":\"https:\/\/idakorea.ee\/#organization\"},\"alternateName\":\"Beauty Shop\",\"potentialAction\":[{\"@type\":\"SearchAction\",\"target\":{\"@type\":\"EntryPoint\",\"urlTemplate\":\"https:\/\/idakorea.ee\/?s={search_term_string}\"},\"query-input\":{\"@type\":\"PropertyValueSpecification\",\"valueRequired\":true,\"valueName\":\"search_term_string\"}}],\"inLanguage\":\"en-US\"},{\"@type\":\"Organization\",\"@id\":\"https:\/\/idakorea.ee\/#organization\",\"name\":\"IDA.KOREA\",\"url\":\"https:\/\/idakorea.ee\/\",\"logo\":{\"@type\":\"ImageObject\",\"inLanguage\":\"en-US\",\"@id\":\"https:\/\/idakorea.ee\/#\/schema\/logo\/image\/\",\"url\":\"https:\/\/idakorea.ee\/wp-content\/uploads\/2024\/05\/cropped-korea3.png\",\"contentUrl\":\"https:\/\/idakorea.ee\/wp-content\/uploads\/2024\/05\/cropped-korea3.png\",\"width\":688,\"height\":126,\"caption\":\"IDA.KOREA\"},\"image\":{\"@id\":\"https:\/\/idakorea.ee\/#\/schema\/logo\/image\/\"},\"sameAs\":[\"https:\/\/www.instagram.com\/ida.korea\/\"]}]}<\/script>\n<!-- \/ Yoast SEO plugin. -->","yoast_head_json":{"title":"Rejuvenating eye cream Pyunkang Yul Black Tea Time Reverse Eye Cream, 9ml - IDA.KOREA","robots":{"index":"index","follow":"follow","max-snippet":"max-snippet:-1","max-image-preview":"max-image-preview:large","max-video-preview":"max-video-preview:-1"},"canonical":"https:\/\/idakorea.ee\/en\/product\/noorendav-silmakreem-pyunkang-yul-black-tea-time-reverse-eye-cream-9ml\/","og_locale":"en_US","og_type":"article","og_title":"Noorendav silmakreem Pyunkang Yul Black Tea Time Reverse Eye Cream, 9ml - IDA.KOREA","og_description":"Pyunkang Yul Black Tea Time Reverse Eye Cream on noorendav silmakreem, mis toidab, niisutab ja toniseerib nahka t\u00f5husalt. Niasiiniamiidi sisaldav kreem heledab tumedaid silmaaluseid. Acetyl Hexapeptide-8, millel on botoksisarnane toime, aitab siluda kortse. Kreem sisaldab sheav\u00f5id, makadaamia\u00f5li, ceramiide ja niatsiiniamiidi. Toode on ohutu ja h\u00fcpoallergeenne, ei sisalda kunstlikke v\u00e4rvaineid ega l\u00f5hnaaineid. Kreem ei p\u00f5hjusta \u00e4rritusi...","og_url":"https:\/\/idakorea.ee\/en\/product\/noorendav-silmakreem-pyunkang-yul-black-tea-time-reverse-eye-cream-9ml\/","og_site_name":"IDA.KOREA","article_modified_time":"2026-04-03T12:40:57+00:00","og_image":[{"width":800,"height":800,"url":"https:\/\/idakorea.ee\/wp-content\/uploads\/2024\/07\/7560ca3e-8801-44e1-aaf2-91805b37bf52.webp.800x800_zuztl0mlfxp8gio_pyfl5svj.jpg","type":"image\/jpeg"}],"twitter_card":"summary_large_image","twitter_misc":{"Est. reading time":"2 minutes"},"schema":{"@context":"https:\/\/schema.org","@graph":[{"@type":"WebPage","@id":"https:\/\/idakorea.ee\/product\/noorendav-silmakreem-pyunkang-yul-black-tea-time-reverse-eye-cream-9ml\/","url":"https:\/\/idakorea.ee\/product\/noorendav-silmakreem-pyunkang-yul-black-tea-time-reverse-eye-cream-9ml\/","name":"Rejuvenating eye cream Pyunkang Yul Black Tea Time Reverse Eye Cream, 9ml - IDA.KOREA","isPartOf":{"@id":"https:\/\/idakorea.ee\/#website"},"primaryImageOfPage":{"@id":"https:\/\/idakorea.ee\/product\/noorendav-silmakreem-pyunkang-yul-black-tea-time-reverse-eye-cream-9ml\/#primaryimage"},"image":{"@id":"https:\/\/idakorea.ee\/product\/noorendav-silmakreem-pyunkang-yul-black-tea-time-reverse-eye-cream-9ml\/#primaryimage"},"thumbnailUrl":"https:\/\/idakorea.ee\/wp-content\/uploads\/2024\/07\/7560ca3e-8801-44e1-aaf2-91805b37bf52.webp.800x800_zuztl0mlfxp8gio_pyfl5svj.jpg","datePublished":"2024-07-04T13:36:56+00:00","dateModified":"2026-04-03T12:40:57+00:00","breadcrumb":{"@id":"https:\/\/idakorea.ee\/product\/noorendav-silmakreem-pyunkang-yul-black-tea-time-reverse-eye-cream-9ml\/#breadcrumb"},"inLanguage":"en-US","potentialAction":[{"@type":"ReadAction","target":["https:\/\/idakorea.ee\/product\/noorendav-silmakreem-pyunkang-yul-black-tea-time-reverse-eye-cream-9ml\/"]}]},{"@type":"ImageObject","inLanguage":"en-US","@id":"https:\/\/idakorea.ee\/product\/noorendav-silmakreem-pyunkang-yul-black-tea-time-reverse-eye-cream-9ml\/#primaryimage","url":"https:\/\/idakorea.ee\/wp-content\/uploads\/2024\/07\/7560ca3e-8801-44e1-aaf2-91805b37bf52.webp.800x800_zuztl0mlfxp8gio_pyfl5svj.jpg","contentUrl":"https:\/\/idakorea.ee\/wp-content\/uploads\/2024\/07\/7560ca3e-8801-44e1-aaf2-91805b37bf52.webp.800x800_zuztl0mlfxp8gio_pyfl5svj.jpg","width":800,"height":800},{"@type":"BreadcrumbList","@id":"https:\/\/idakorea.ee\/product\/noorendav-silmakreem-pyunkang-yul-black-tea-time-reverse-eye-cream-9ml\/#breadcrumb","itemListElement":[{"@type":"ListItem","position":1,"name":"\u0413\u043b\u0430\u0432\u043d\u0430\u044f \u0441\u0442\u0440\u0430\u043d\u0438\u0446\u0430","item":"https:\/\/idakorea.ee\/"},{"@type":"ListItem","position":2,"name":"Shop","item":"https:\/\/idakorea.ee\/shop-2\/"},{"@type":"ListItem","position":3,"name":"Noorendav silmakreem Pyunkang Yul Black Tea Time Reverse Eye Cream, 9ml"}]},{"@type":"WebSite","@id":"https:\/\/idakorea.ee\/#website","url":"https:\/\/idakorea.ee\/","name":"IDA.KOREA","description":"Korean cosmetics e-shop","publisher":{"@id":"https:\/\/idakorea.ee\/#organization"},"alternateName":"Beauty Shop","potentialAction":[{"@type":"SearchAction","target":{"@type":"EntryPoint","urlTemplate":"https:\/\/idakorea.ee\/?s={search_term_string}"},"query-input":{"@type":"PropertyValueSpecification","valueRequired":true,"valueName":"search_term_string"}}],"inLanguage":"en-US"},{"@type":"Organization","@id":"https:\/\/idakorea.ee\/#organization","name":"IDA.KOREA","url":"https:\/\/idakorea.ee\/","logo":{"@type":"ImageObject","inLanguage":"en-US","@id":"https:\/\/idakorea.ee\/#\/schema\/logo\/image\/","url":"https:\/\/idakorea.ee\/wp-content\/uploads\/2024\/05\/cropped-korea3.png","contentUrl":"https:\/\/idakorea.ee\/wp-content\/uploads\/2024\/05\/cropped-korea3.png","width":688,"height":126,"caption":"IDA.KOREA"},"image":{"@id":"https:\/\/idakorea.ee\/#\/schema\/logo\/image\/"},"sameAs":["https:\/\/www.instagram.com\/ida.korea\/"]}]}},"jetpack_sharing_enabled":true,"brands":[{"id":474,"name":"PYUNKANG YUL","slug":"pyunkang-yul"}],"_links":{"self":[{"href":"https:\/\/idakorea.ee\/en\/wp-json\/wp\/v2\/product\/9200","targetHints":{"allow":["GET"]}}],"collection":[{"href":"https:\/\/idakorea.ee\/en\/wp-json\/wp\/v2\/product"}],"about":[{"href":"https:\/\/idakorea.ee\/en\/wp-json\/wp\/v2\/types\/product"}],"replies":[{"embeddable":true,"href":"https:\/\/idakorea.ee\/en\/wp-json\/wp\/v2\/comments?post=9200"}],"version-history":[{"count":2,"href":"https:\/\/idakorea.ee\/en\/wp-json\/wp\/v2\/product\/9200\/revisions"}],"predecessor-version":[{"id":17522,"href":"https:\/\/idakorea.ee\/en\/wp-json\/wp\/v2\/product\/9200\/revisions\/17522"}],"wp:featuredmedia":[{"embeddable":true,"href":"https:\/\/idakorea.ee\/en\/wp-json\/wp\/v2\/media\/9201"}],"wp:attachment":[{"href":"https:\/\/idakorea.ee\/en\/wp-json\/wp\/v2\/media?parent=9200"}],"wp:term":[{"taxonomy":"pwb-brand","embeddable":true,"href":"https:\/\/idakorea.ee\/en\/wp-json\/wp\/v2\/pwb-brand?post=9200"},{"taxonomy":"product_brand","embeddable":true,"href":"https:\/\/idakorea.ee\/en\/wp-json\/wp\/v2\/product_brand?post=9200"},{"taxonomy":"product_cat","embeddable":true,"href":"https:\/\/idakorea.ee\/en\/wp-json\/wp\/v2\/product_cat?post=9200"},{"taxonomy":"product_tag","embeddable":true,"href":"https:\/\/idakorea.ee\/en\/wp-json\/wp\/v2\/product_tag?post=9200"}],"curies":[{"name":"wp","href":"https:\/\/api.w.org\/{rel}","templated":true}]}}