{"id":9204,"date":"2024-07-04T16:51:26","date_gmt":"2024-07-04T13:51:26","guid":{"rendered":"https:\/\/idakorea.ee\/?post_type=product&#038;p=9204"},"modified":"2026-04-03T10:58:19","modified_gmt":"2026-04-03T08:58:19","slug":"noorendav-naokreem-pyunkang-yul-black-tea-enriched-cream-60ml","status":"publish","type":"product","link":"https:\/\/idakorea.ee\/en\/product\/noorendav-naokreem-pyunkang-yul-black-tea-enriched-cream-60ml\/","title":{"rendered":"Rejuvenating face cream Pyunkang Yul Black Tea Enriched Cream, 60ml"},"content":{"rendered":"<p><strong>Pyunkang Yul Black Tea Enriched Cream<\/strong> strengthens and smoothes the skin, making it more supple, reduces the depth of wrinkles and eliminates dryness, leaving skin soft and radiant. The cream gently brightens and helps to get rid of pigmentation and age spots.<\/p>\n<p>This rejuvenating nourisher improves epidermal barrier functions, provides a healthy glow and evens complexion, slows down the ageing process, intensively nourishes and moisturises, prevents flaking and stimulates regeneration. The cream stimulates the synthesis of collagen fibres, strengthens turgor and increases elasticity.<\/p>\n<p>The main active ingredient is kombucha, or fermented black tea, which is rich in polyphenols and catechins, providing strong antioxidant activity and protecting cells from free radicals.<\/p>\n<p><strong>Additional active substances:<\/strong><\/p>\n<ul>\n<li><strong>Argireline (Acetyl Hexapeptide-8)<\/strong> - a peptide-miorelaxant that relaxes facial muscles, preventing the formation of facial wrinkles. It has botulinum-like action.<\/li>\n<li><strong>Adenos<\/strong> - one of the most progressive ingredients of the new generation. Effectively fights wrinkles by providing a strong cytoprotective action and protecting cells from oxidation, it affects the synthesis of procollagen-1, responsible for skin elasticity and tone.<\/li>\n<li><strong>Ginseng extract<\/strong> - boosts immunity, restores health and youth. Stimulates circulation, improves complexion, renews and rejuvenates the skin. Protects cells from damage, strengthens and firms.<\/li>\n<li><strong>Sea buckthorn extract<\/strong> effectively soothes irritations, relieves inflammation, helps fight dryness and flaking. Strengthens the lipid barrier of the epidermis and protects against environmental aggressions.<\/li>\n<li><strong>5 types of hyaluronic acid<\/strong> help to retain moisture in the skin, increase its moisture level and create a transparent protective layer. The skin becomes firmer on the inside, smoother and younger-looking.<\/li>\n<li><strong>3 types of ceramides<\/strong> fortify, protect against damage, prevent moisture loss and ensure long-lasting hydration, support optimal hydrolipid balance.<\/li>\n<\/ul>\n<p>Suitable for normal, combination and dry skin.<\/p>\n<p><strong>User manual:<\/strong> after cleansing, toning and serum application, apply the cream to the face and neck and distribute following the massage lines.<\/p>","protected":false},"excerpt":{"rendered":"<p>Pyunkang Yul Black Tea Enriched Cream strengthens and smoothes the skin, making it supple, reduces the depth of wrinkles and eliminates dryness, leaving skin soft and radiant. The cream gently brightens and helps to get rid of pigmentation and condition spots. This rejuvenating nourisher improves the barrier functions of the epidermis, gives a healthy glow and evens the complexion, slows down the ageing process, intensively nourishes and moisturises, prevents flakiness....<\/p>","protected":false},"featured_media":9205,"comment_status":"open","ping_status":"closed","template":"","meta":{"_uf_show_specific_survey":0,"_uf_disable_surveys":false,"_bst_post_transparent":"default","_bst_post_title":"","_bst_post_layout":"default","_bst_post_sidebar_id":"","_bst_post_content_style":"default","_bst_post_vertical_padding":"default","_bst_post_feature":"","_bst_post_feature_position":"","_bst_post_header":false,"_bst_post_footer":false},"pwb-brand":[474],"product_brand":[],"product_cat":[92,96],"product_tag":[],"class_list":{"0":"post-9204","1":"product","2":"type-product","3":"status-publish","4":"has-post-thumbnail","6":"pwb-brand-pyunkang-yul","7":"product_cat-nagu","8":"product_cat-naokreemid","10":"first","11":"instock","12":"sale","13":"shipping-taxable","14":"purchasable","15":"product-type-simple","16":"entry","17":"content-bg","18":"loop-entry"},"supplier_id":null,"supplier_sku":"","barcode":null,"atum_controlled":true,"out_stock_date":null,"out_stock_threshold":null,"inheritable":false,"inbound_stock":0,"stock_on_hold":0,"sold_today":0,"sales_last_days":0,"out_stock_days":0,"lost_sales":0,"has_location":false,"update_date":"2026-04-14T00:05:10","atum_locations":[],"atum_stock_status":"instock","restock_status":false,"low_stock_amount":"","sales_update_date":"2026-04-14T00:05:10","calc_backorders":null,"yoast_head":"<!-- This site is optimized with the Yoast SEO plugin v27.2 - https:\/\/yoast.com\/product\/yoast-seo-wordpress\/ -->\n<title>Noorendav n\u00e4okreem Pyunkang Yul Black Tea Enriched Cream, 60ml - IDA.KOREA<\/title>\n<meta name=\"robots\" content=\"index, follow, max-snippet:-1, max-image-preview:large, max-video-preview:-1\" \/>\n<link rel=\"canonical\" href=\"https:\/\/idakorea.ee\/en\/product\/noorendav-naokreem-pyunkang-yul-black-tea-enriched-cream-60ml\/\" \/>\n<meta property=\"og:locale\" content=\"en_US\" \/>\n<meta property=\"og:type\" content=\"article\" \/>\n<meta property=\"og:title\" content=\"Noorendav n\u00e4okreem Pyunkang Yul Black Tea Enriched Cream, 60ml - IDA.KOREA\" \/>\n<meta property=\"og:description\" content=\"Pyunkang Yul Black Tea Enriched Cream tugevdab ja silub nahka, muutes selle elastseks, v\u00e4hendab kortsude s\u00fcgavust ja k\u00f5rvaldab kuivust, muutes naha pehmeks ja s\u00e4ravaks. Kreem helendab \u00f5rnalt ja aitab vabaneda pigmendi- ja seisundilaikudest. See noorendav toitev vahend parandab epidermise barj\u00e4\u00e4rifunktsioone, annab terve s\u00e4ra ja \u00fchtlustab jumet, aeglustab vananemisprotsessi, toidab ja niisutab intensiivselt, hoiab \u00e4ra ketendust...\" \/>\n<meta property=\"og:url\" content=\"https:\/\/idakorea.ee\/en\/product\/noorendav-naokreem-pyunkang-yul-black-tea-enriched-cream-60ml\/\" \/>\n<meta property=\"og:site_name\" content=\"IDA.KOREA\" \/>\n<meta property=\"article:modified_time\" content=\"2026-04-03T08:58:19+00:00\" \/>\n<meta property=\"og:image\" content=\"https:\/\/idakorea.ee\/wp-content\/uploads\/2024\/07\/pyunkang-yul-black-tea-enriched-cream.jpg\" \/>\n\t<meta property=\"og:image:width\" content=\"1000\" \/>\n\t<meta property=\"og:image:height\" content=\"1000\" \/>\n\t<meta property=\"og:image:type\" content=\"image\/jpeg\" \/>\n<meta name=\"twitter:card\" content=\"summary_large_image\" \/>\n<meta name=\"twitter:label1\" content=\"Est. reading time\" \/>\n\t<meta name=\"twitter:data1\" content=\"2 minutes\" \/>\n<script type=\"application\/ld+json\" class=\"yoast-schema-graph\">{\"@context\":\"https:\/\/schema.org\",\"@graph\":[{\"@type\":\"WebPage\",\"@id\":\"https:\/\/idakorea.ee\/product\/noorendav-naokreem-pyunkang-yul-black-tea-enriched-cream-60ml\/\",\"url\":\"https:\/\/idakorea.ee\/product\/noorendav-naokreem-pyunkang-yul-black-tea-enriched-cream-60ml\/\",\"name\":\"Noorendav n\u00e4okreem Pyunkang Yul Black Tea Enriched Cream, 60ml - IDA.KOREA\",\"isPartOf\":{\"@id\":\"https:\/\/idakorea.ee\/#website\"},\"primaryImageOfPage\":{\"@id\":\"https:\/\/idakorea.ee\/product\/noorendav-naokreem-pyunkang-yul-black-tea-enriched-cream-60ml\/#primaryimage\"},\"image\":{\"@id\":\"https:\/\/idakorea.ee\/product\/noorendav-naokreem-pyunkang-yul-black-tea-enriched-cream-60ml\/#primaryimage\"},\"thumbnailUrl\":\"https:\/\/idakorea.ee\/wp-content\/uploads\/2024\/07\/pyunkang-yul-black-tea-enriched-cream.jpg\",\"datePublished\":\"2024-07-04T13:51:26+00:00\",\"dateModified\":\"2026-04-03T08:58:19+00:00\",\"breadcrumb\":{\"@id\":\"https:\/\/idakorea.ee\/product\/noorendav-naokreem-pyunkang-yul-black-tea-enriched-cream-60ml\/#breadcrumb\"},\"inLanguage\":\"en-US\",\"potentialAction\":[{\"@type\":\"ReadAction\",\"target\":[\"https:\/\/idakorea.ee\/product\/noorendav-naokreem-pyunkang-yul-black-tea-enriched-cream-60ml\/\"]}]},{\"@type\":\"ImageObject\",\"inLanguage\":\"en-US\",\"@id\":\"https:\/\/idakorea.ee\/product\/noorendav-naokreem-pyunkang-yul-black-tea-enriched-cream-60ml\/#primaryimage\",\"url\":\"https:\/\/idakorea.ee\/wp-content\/uploads\/2024\/07\/pyunkang-yul-black-tea-enriched-cream.jpg\",\"contentUrl\":\"https:\/\/idakorea.ee\/wp-content\/uploads\/2024\/07\/pyunkang-yul-black-tea-enriched-cream.jpg\",\"width\":1000,\"height\":1000},{\"@type\":\"BreadcrumbList\",\"@id\":\"https:\/\/idakorea.ee\/product\/noorendav-naokreem-pyunkang-yul-black-tea-enriched-cream-60ml\/#breadcrumb\",\"itemListElement\":[{\"@type\":\"ListItem\",\"position\":1,\"name\":\"\u0413\u043b\u0430\u0432\u043d\u0430\u044f \u0441\u0442\u0440\u0430\u043d\u0438\u0446\u0430\",\"item\":\"https:\/\/idakorea.ee\/\"},{\"@type\":\"ListItem\",\"position\":2,\"name\":\"Shop\",\"item\":\"https:\/\/idakorea.ee\/shop-2\/\"},{\"@type\":\"ListItem\",\"position\":3,\"name\":\"Noorendav n\u00e4okreem Pyunkang Yul Black Tea Enriched Cream, 60ml\"}]},{\"@type\":\"WebSite\",\"@id\":\"https:\/\/idakorea.ee\/#website\",\"url\":\"https:\/\/idakorea.ee\/\",\"name\":\"IDA.KOREA\",\"description\":\"Korea kosmeetika e-pood\",\"publisher\":{\"@id\":\"https:\/\/idakorea.ee\/#organization\"},\"alternateName\":\"Beauty Shop\",\"potentialAction\":[{\"@type\":\"SearchAction\",\"target\":{\"@type\":\"EntryPoint\",\"urlTemplate\":\"https:\/\/idakorea.ee\/?s={search_term_string}\"},\"query-input\":{\"@type\":\"PropertyValueSpecification\",\"valueRequired\":true,\"valueName\":\"search_term_string\"}}],\"inLanguage\":\"en-US\"},{\"@type\":\"Organization\",\"@id\":\"https:\/\/idakorea.ee\/#organization\",\"name\":\"IDA.KOREA\",\"url\":\"https:\/\/idakorea.ee\/\",\"logo\":{\"@type\":\"ImageObject\",\"inLanguage\":\"en-US\",\"@id\":\"https:\/\/idakorea.ee\/#\/schema\/logo\/image\/\",\"url\":\"https:\/\/idakorea.ee\/wp-content\/uploads\/2024\/05\/cropped-korea3.png\",\"contentUrl\":\"https:\/\/idakorea.ee\/wp-content\/uploads\/2024\/05\/cropped-korea3.png\",\"width\":688,\"height\":126,\"caption\":\"IDA.KOREA\"},\"image\":{\"@id\":\"https:\/\/idakorea.ee\/#\/schema\/logo\/image\/\"},\"sameAs\":[\"https:\/\/www.instagram.com\/ida.korea\/\"]}]}<\/script>\n<!-- \/ Yoast SEO plugin. -->","yoast_head_json":{"title":"Pyunkang Yul Black Tea Enriched Cream, 60ml - IDA.KOREA","robots":{"index":"index","follow":"follow","max-snippet":"max-snippet:-1","max-image-preview":"max-image-preview:large","max-video-preview":"max-video-preview:-1"},"canonical":"https:\/\/idakorea.ee\/en\/product\/noorendav-naokreem-pyunkang-yul-black-tea-enriched-cream-60ml\/","og_locale":"en_US","og_type":"article","og_title":"Noorendav n\u00e4okreem Pyunkang Yul Black Tea Enriched Cream, 60ml - IDA.KOREA","og_description":"Pyunkang Yul Black Tea Enriched Cream tugevdab ja silub nahka, muutes selle elastseks, v\u00e4hendab kortsude s\u00fcgavust ja k\u00f5rvaldab kuivust, muutes naha pehmeks ja s\u00e4ravaks. Kreem helendab \u00f5rnalt ja aitab vabaneda pigmendi- ja seisundilaikudest. See noorendav toitev vahend parandab epidermise barj\u00e4\u00e4rifunktsioone, annab terve s\u00e4ra ja \u00fchtlustab jumet, aeglustab vananemisprotsessi, toidab ja niisutab intensiivselt, hoiab \u00e4ra ketendust...","og_url":"https:\/\/idakorea.ee\/en\/product\/noorendav-naokreem-pyunkang-yul-black-tea-enriched-cream-60ml\/","og_site_name":"IDA.KOREA","article_modified_time":"2026-04-03T08:58:19+00:00","og_image":[{"width":1000,"height":1000,"url":"https:\/\/idakorea.ee\/wp-content\/uploads\/2024\/07\/pyunkang-yul-black-tea-enriched-cream.jpg","type":"image\/jpeg"}],"twitter_card":"summary_large_image","twitter_misc":{"Est. reading time":"2 minutes"},"schema":{"@context":"https:\/\/schema.org","@graph":[{"@type":"WebPage","@id":"https:\/\/idakorea.ee\/product\/noorendav-naokreem-pyunkang-yul-black-tea-enriched-cream-60ml\/","url":"https:\/\/idakorea.ee\/product\/noorendav-naokreem-pyunkang-yul-black-tea-enriched-cream-60ml\/","name":"Pyunkang Yul Black Tea Enriched Cream, 60ml - IDA.KOREA","isPartOf":{"@id":"https:\/\/idakorea.ee\/#website"},"primaryImageOfPage":{"@id":"https:\/\/idakorea.ee\/product\/noorendav-naokreem-pyunkang-yul-black-tea-enriched-cream-60ml\/#primaryimage"},"image":{"@id":"https:\/\/idakorea.ee\/product\/noorendav-naokreem-pyunkang-yul-black-tea-enriched-cream-60ml\/#primaryimage"},"thumbnailUrl":"https:\/\/idakorea.ee\/wp-content\/uploads\/2024\/07\/pyunkang-yul-black-tea-enriched-cream.jpg","datePublished":"2024-07-04T13:51:26+00:00","dateModified":"2026-04-03T08:58:19+00:00","breadcrumb":{"@id":"https:\/\/idakorea.ee\/product\/noorendav-naokreem-pyunkang-yul-black-tea-enriched-cream-60ml\/#breadcrumb"},"inLanguage":"en-US","potentialAction":[{"@type":"ReadAction","target":["https:\/\/idakorea.ee\/product\/noorendav-naokreem-pyunkang-yul-black-tea-enriched-cream-60ml\/"]}]},{"@type":"ImageObject","inLanguage":"en-US","@id":"https:\/\/idakorea.ee\/product\/noorendav-naokreem-pyunkang-yul-black-tea-enriched-cream-60ml\/#primaryimage","url":"https:\/\/idakorea.ee\/wp-content\/uploads\/2024\/07\/pyunkang-yul-black-tea-enriched-cream.jpg","contentUrl":"https:\/\/idakorea.ee\/wp-content\/uploads\/2024\/07\/pyunkang-yul-black-tea-enriched-cream.jpg","width":1000,"height":1000},{"@type":"BreadcrumbList","@id":"https:\/\/idakorea.ee\/product\/noorendav-naokreem-pyunkang-yul-black-tea-enriched-cream-60ml\/#breadcrumb","itemListElement":[{"@type":"ListItem","position":1,"name":"\u0413\u043b\u0430\u0432\u043d\u0430\u044f \u0441\u0442\u0440\u0430\u043d\u0438\u0446\u0430","item":"https:\/\/idakorea.ee\/"},{"@type":"ListItem","position":2,"name":"Shop","item":"https:\/\/idakorea.ee\/shop-2\/"},{"@type":"ListItem","position":3,"name":"Noorendav n\u00e4okreem Pyunkang Yul Black Tea Enriched Cream, 60ml"}]},{"@type":"WebSite","@id":"https:\/\/idakorea.ee\/#website","url":"https:\/\/idakorea.ee\/","name":"IDA.KOREA","description":"Korean cosmetics e-shop","publisher":{"@id":"https:\/\/idakorea.ee\/#organization"},"alternateName":"Beauty Shop","potentialAction":[{"@type":"SearchAction","target":{"@type":"EntryPoint","urlTemplate":"https:\/\/idakorea.ee\/?s={search_term_string}"},"query-input":{"@type":"PropertyValueSpecification","valueRequired":true,"valueName":"search_term_string"}}],"inLanguage":"en-US"},{"@type":"Organization","@id":"https:\/\/idakorea.ee\/#organization","name":"IDA.KOREA","url":"https:\/\/idakorea.ee\/","logo":{"@type":"ImageObject","inLanguage":"en-US","@id":"https:\/\/idakorea.ee\/#\/schema\/logo\/image\/","url":"https:\/\/idakorea.ee\/wp-content\/uploads\/2024\/05\/cropped-korea3.png","contentUrl":"https:\/\/idakorea.ee\/wp-content\/uploads\/2024\/05\/cropped-korea3.png","width":688,"height":126,"caption":"IDA.KOREA"},"image":{"@id":"https:\/\/idakorea.ee\/#\/schema\/logo\/image\/"},"sameAs":["https:\/\/www.instagram.com\/ida.korea\/"]}]}},"jetpack_sharing_enabled":true,"brands":[{"id":474,"name":"PYUNKANG YUL","slug":"pyunkang-yul"}],"_links":{"self":[{"href":"https:\/\/idakorea.ee\/en\/wp-json\/wp\/v2\/product\/9204","targetHints":{"allow":["GET"]}}],"collection":[{"href":"https:\/\/idakorea.ee\/en\/wp-json\/wp\/v2\/product"}],"about":[{"href":"https:\/\/idakorea.ee\/en\/wp-json\/wp\/v2\/types\/product"}],"replies":[{"embeddable":true,"href":"https:\/\/idakorea.ee\/en\/wp-json\/wp\/v2\/comments?post=9204"}],"version-history":[{"count":3,"href":"https:\/\/idakorea.ee\/en\/wp-json\/wp\/v2\/product\/9204\/revisions"}],"predecessor-version":[{"id":14573,"href":"https:\/\/idakorea.ee\/en\/wp-json\/wp\/v2\/product\/9204\/revisions\/14573"}],"wp:featuredmedia":[{"embeddable":true,"href":"https:\/\/idakorea.ee\/en\/wp-json\/wp\/v2\/media\/9205"}],"wp:attachment":[{"href":"https:\/\/idakorea.ee\/en\/wp-json\/wp\/v2\/media?parent=9204"}],"wp:term":[{"taxonomy":"pwb-brand","embeddable":true,"href":"https:\/\/idakorea.ee\/en\/wp-json\/wp\/v2\/pwb-brand?post=9204"},{"taxonomy":"product_brand","embeddable":true,"href":"https:\/\/idakorea.ee\/en\/wp-json\/wp\/v2\/product_brand?post=9204"},{"taxonomy":"product_cat","embeddable":true,"href":"https:\/\/idakorea.ee\/en\/wp-json\/wp\/v2\/product_cat?post=9204"},{"taxonomy":"product_tag","embeddable":true,"href":"https:\/\/idakorea.ee\/en\/wp-json\/wp\/v2\/product_tag?post=9204"}],"curies":[{"name":"wp","href":"https:\/\/api.w.org\/{rel}","templated":true}]}}